{"id":655,"date":"2023-05-08T12:22:39","date_gmt":"2023-05-08T09:22:39","guid":{"rendered":"https:\/\/sey.fi\/salo\/?page_id=655"},"modified":"2023-05-09T12:40:07","modified_gmt":"2023-05-09T09:40:07","slug":"mikrosiru-ja-sirutuskampanja","status":"publish","type":"page","link":"https:\/\/sey.fi\/salo\/salon-elainsuojelu\/elainsuojelu\/mikrosiru-ja-sirutuskampanja\/","title":{"rendered":"Mikrosiru ja sirutuskampanja"},"content":{"rendered":"\n<p>Salon ja Perni\u00f6n Seudun El\u00e4insuojeluyhdistykset ovat yksiss\u00e4 tuumin yll\u00e4pit\u00e4neet Salon alueen sirutuskampanjaa jo yli 10 vuotta. Sirutuskampanjalla pyrimme lis\u00e4\u00e4m\u00e4\u00e4n lemmikinomistajien tietoa sirutuksen t\u00e4rkeydest\u00e4, sill\u00e4 rekister\u00f6ity mikrosiru tuo kadonnen lemmikin helposti takaisin kotiin.<\/p>\n\n\n\n<p>Sirutuskampanjaan osallistuessa el\u00e4in saa rekister\u00f6idyn mikrosirun kaupan p\u00e4\u00e4lle, kun se laitetaan steriloinnin tai kastroinnin yhteydess\u00e4. Kysy sirutuskampanjasta klinikallasi.<\/p>\n\n\n\n<p><strong>Kampanjassa mukana olevat alueen el\u00e4inklinikat:<\/strong><\/p>\n\n\n\n<ul class=\"wp-block-list\">\n<li><a href=\"https:\/\/www.axxell.fi\/fi\/smadjurskliniken\" target=\"_blank\" rel=\"noreferrer noopener\">Axxell Brusaby pienel\u00e4inklinikka, Kemi\u00f6<\/a><\/li>\n\n\n\n<li><a href=\"https:\/\/www.ehyt.info\/\" target=\"_blank\" rel=\"noreferrer noopener\">El\u00e4inklinikka EHYT, Halikko<\/a><\/li>\n\n\n\n<li><a href=\"https:\/\/evidensia.fi\/elainlaakariasema\/salovet\/\" target=\"_blank\" rel=\"noreferrer noopener\">El\u00e4inl\u00e4\u00e4k\u00e4riasema Salovet, Salo<\/a><\/li>\n\n\n\n<li><a href=\"https:\/\/salo.fi\/asuminen-ja-ymparisto\/ymparistoterveys-ja-elainten-hyvinvointi\/elainten-hyvinvointi\/elainlaakarit\/\" target=\"_blank\" rel=\"noreferrer noopener\">Kaupunginel\u00e4inl\u00e4\u00e4k\u00e4rit, Salo ja Perni\u00f6<\/a><\/li>\n\n\n\n<li><a href=\"https:\/\/www.pernionelainklinikka.com\/\" target=\"_blank\" rel=\"noreferrer noopener\">Perni\u00f6n El\u00e4inklinikka Hirnu &amp; Haukku, Perni\u00f6<\/a><\/li>\n\n\n\n<li><a href=\"https:\/\/www.sammalo.fi\/\" target=\"_blank\" rel=\"noreferrer noopener\">Sammalon El\u00e4inklinikka, Kruusila<\/a><\/li>\n<\/ul>\n\n\n\n<h2 class=\"wp-block-heading\">Miten mikrosiru toimii?<\/h2>\n\n\n\n<p>Mikrosiru on vain riisinjyv\u00e4n kokoinen ampulli, ja se laitetaan el\u00e4inl\u00e4\u00e4k\u00e4rik\u00e4ynnill\u00e4 el\u00e4imen niskanahan alle. Mikrosiru itsess\u00e4\u00e4n pit\u00e4\u00e4 sis\u00e4ll\u00e4\u00e4n vain numerosarjan, jonka n\u00e4kee sirunlukulaitteella. T\u00e4m\u00e4n vuoksi siru tulee aina rekister\u00f6id\u00e4 johonkin sirupalveluun, vasta silloin numerosarjan voi yhdist\u00e4\u00e4 el\u00e4imen ja omistajan tietoihin.<br>Nykyisin my\u00f6s monilta el\u00e4inl\u00e4\u00e4k\u00e4riasemilta rekister\u00f6ityy el\u00e4imen tiedot <a href=\"http:\/\/www.siruhaku.fi\" target=\"_blank\" rel=\"noreferrer noopener\">Siruhaku<\/a>-palveluun automaattisesti. Kysyth\u00e4n omalta klinikaltasi, miten rekister\u00f6inti hoituu. My\u00f6s kaikki sirutuskampanjan sirut rekister\u00f6id\u00e4\u00e4n Siruhakuun.<br>Huomioithan, ett\u00e4 Siruhaku-palveluun tiedot p\u00e4ivittyv\u00e4t vasta kun el\u00e4imen kanssa k\u00e4yd\u00e4\u00e4n seuraavaksi el\u00e4inl\u00e4\u00e4k\u00e4rill\u00e4. T\u00e4m\u00e4n palvelun tietoja lemmikin omistaja ei siis p\u00e4\u00e4se itse p\u00e4ivitt\u00e4m\u00e4\u00e4n.<\/p>\n\n\n\n<p>Halutessasi voit rekister\u00f6id\u00e4 sirun my\u00f6s johonkin maksulliseen sirupalveluun, kuten <a href=\"http:\/\/www.turvasiru.fi\" target=\"_blank\" rel=\"noreferrer noopener\">Turvasiru<\/a>, jossa p\u00e4\u00e4set itse muokkaamaan tietojasi.<br>Kaikki SSEY:lt\u00e4 uudelleensijoitetut el\u00e4imet rekister\u00f6id\u00e4\u00e4n Turvasiruun yhdistyksen alle.<\/p>\n\n\n\n<p><strong>Muistathan aina pit\u00e4\u00e4 yhteystietosi sirupalveluissa ajan tasalla!<\/strong> Edelleen monilla l\u00f6yt\u00f6el\u00e4imill\u00e4 on joko rekister\u00f6im\u00e4t\u00f6n siru tai puutteelliset yhteystiedot.<\/p>\n\n\n\n<div class=\"wp-block-file\"><a id=\"wp-block-file--media-0045627c-fb76-45f9-ae10-2cbc1d5ffa7e\" href=\"https:\/\/sey.fi\/wp-content\/uploads\/sites\/28\/2019\/11\/turvasiru-esite_a4.pdf\">Turvasiru-palvelun esite PDF<\/a><a href=\"https:\/\/sey.fi\/wp-content\/uploads\/sites\/28\/2019\/11\/turvasiru-esite_a4.pdf\" class=\"wp-block-file__button wp-element-button\" download aria-describedby=\"wp-block-file--media-0045627c-fb76-45f9-ae10-2cbc1d5ffa7e\">Lataa<\/a><\/div>\n\n\n\n<h2 class=\"wp-block-heading\">El\u00e4imen l\u00f6ytyminen ja sirunluku<\/h2>\n\n\n\n<p>Kun l\u00f6yt\u00f6el\u00e4in toimitetaan joko el\u00e4insuojeluyhdistykselle tai el\u00e4inl\u00e4\u00e4k\u00e4riin, voidaan sirunlukulaitteella tarkistaa, onko el\u00e4imell\u00e4 siru. Jos sirutiedot l\u00f6ytyv\u00e4t jostakin sirupalvelusta (Siruhaku, Turvasiru, <a href=\"https:\/\/www.kissaliitto.fi\/terveys\/mikrosirut\" target=\"_blank\" rel=\"noreferrer noopener\">Kissaliitto<\/a>, <a href=\"https:\/\/www.kennelliitto.fi\/koiran-omistaminen\/tunnistusmerkinta\/mikrosiru\" target=\"_blank\" rel=\"noreferrer noopener\">Kennelliitto<\/a>), voi el\u00e4imen l\u00f6yt\u00e4nyt taho j\u00e4tt\u00e4\u00e4 palvelun kautta omistajalle yhteydenottopyynn\u00f6n. L\u00f6yt\u00e4j\u00e4 ei siis n\u00e4e lemmikin omistajan tietoja. Jos yhteystiedot on muistettu pit\u00e4\u00e4 ajan tasalla, omistajan pit\u00e4isi saada tekstiviesti lemmikin l\u00f6ytymisest\u00e4 sek\u00e4 tahosta, johon olla asian tiimoilta yhteydess\u00e4.<\/p>\n\n\n\n<h2 class=\"wp-block-heading\">Koiran lis\u00e4\u00e4minen Ruokaviraston koirarekisteriin<\/h2>\n\n\n\n<p>Uuden asetuksen johdosta Suomessa 1.1.2023 j\u00e4lkeen syntynyt koira on tunnistusmerkitt\u00e4v\u00e4 mikrosirulla ja ilmoitettava Ruokaviraston <a href=\"https:\/\/koirarekisteri.ruokavirasto.fi\/\" target=\"_blank\" rel=\"noreferrer noopener\">koirarekisteriin<\/a> viimeist\u00e4\u00e4n 3 kuukauden kuluessa syntym\u00e4st\u00e4. Jos koira luovutetaan uudelle haltijalle ennen 3 kuukauden ik\u00e4\u00e4, tunnistusmerkint\u00e4 ja ilmoitus rekisteriin on teht\u00e4v\u00e4 ennen sen luovuttamista. Ennen 1.1.2023 syntyneet koirat on tunnistusmerkitt\u00e4v\u00e4 ja ilmoitettava rekisteriin viimeist\u00e4\u00e4n 31.12.2023.<\/p>\n\n\n<div class=\"wp-block-image is-style-rounded\">\n<figure class=\"aligncenter size-full\"><a href=\"https:\/\/www.ruokavirasto.fi\/elaimet\/elaintenpito-tunnistaminen-ja-rekisterointi\/elainten-merkinta-ja-rekisterointi\/koirat-kissat-ja-fretit\/koirarekisteri\/\" target=\"_blank\" rel=\"noreferrer noopener\"><img loading=\"lazy\" decoding=\"async\" width=\"200\" height=\"200\" src=\"https:\/\/sey.fi\/wp-content\/uploads\/sites\/28\/2023\/05\/koirarekisteri.jpg\" alt=\"\" class=\"wp-image-660\" srcset=\"https:\/\/sey.fi\/wp-content\/uploads\/sites\/28\/2023\/05\/koirarekisteri.jpg 200w, https:\/\/sey.fi\/wp-content\/uploads\/sites\/28\/2023\/05\/koirarekisteri-150x150.jpg 150w, https:\/\/sey.fi\/wp-content\/uploads\/sites\/28\/2023\/05\/koirarekisteri-160x160.jpg 160w\" sizes=\"auto, (max-width: 200px) 100vw, 200px\" \/><\/a><\/figure><\/div>\n\n\n<h3 class=\"wp-block-heading has-text-align-center\"><a href=\"https:\/\/www.ruokavirasto.fi\/elaimet\/elaintenpito-tunnistaminen-ja-rekisterointi\/elainten-merkinta-ja-rekisterointi\/koirat-kissat-ja-fretit\/koirarekisteri\/\" target=\"_blank\" rel=\"noreferrer noopener\">Ajankohtaiset uutiset koirarekisterist\u00e4<\/a><\/h3>\n","protected":false},"excerpt":{"rendered":"<p>Salon ja Perni\u00f6n Seudun El\u00e4insuojeluyhdistykset ovat yksiss\u00e4 tuumin yll\u00e4pit\u00e4neet Salon alueen sirutuskampanjaa jo yli 10 vuotta. Sirutuskampanjalla pyrimme lis\u00e4\u00e4m\u00e4\u00e4n lemmikinomistajien tietoa sirutuksen t\u00e4rkeydest\u00e4, sill\u00e4 rekister\u00f6ity mikrosiru tuo kadonnen lemmikin helposti takaisin kotiin. Sirutuskampanjaan osallistuessa el\u00e4in saa rekister\u00f6idyn mikrosirun kaupan p\u00e4\u00e4lle, kun se laitetaan steriloinnin tai kastroinnin yhteydess\u00e4. Kysy sirutuskampanjasta klinikallasi. Kampanjassa mukana olevat alueen el\u00e4inklinikat: [&hellip;]<\/p>\n","protected":false},"author":25,"featured_media":0,"parent":627,"menu_order":0,"comment_status":"closed","ping_status":"closed","template":"","meta":{"_acf_changed":false,"footnotes":""},"class_list":["post-655","page","type-page","status-publish","hentry"],"acf":[],"yoast_head":"<!-- This site is optimized with the Yoast SEO plugin v27.1.1 - https:\/\/yoast.com\/product\/yoast-seo-wordpress\/ -->\n<title>Mikrosiru ja sirutuskampanja - Salon seudun el\u00e4insuojeluyhdistys<\/title>\n<meta name=\"robots\" content=\"index, follow, max-snippet:-1, max-image-preview:large, max-video-preview:-1\" \/>\n<link rel=\"canonical\" href=\"https:\/\/sey.fi\/salo\/salon-elainsuojelu\/elainsuojelu\/mikrosiru-ja-sirutuskampanja\/\" \/>\n<meta property=\"og:locale\" content=\"fi_FI\" \/>\n<meta property=\"og:type\" content=\"article\" \/>\n<meta property=\"og:title\" content=\"Mikrosiru ja sirutuskampanja - Salon seudun el\u00e4insuojeluyhdistys\" \/>\n<meta property=\"og:description\" content=\"Salon ja Perni\u00f6n Seudun El\u00e4insuojeluyhdistykset ovat yksiss\u00e4 tuumin yll\u00e4pit\u00e4neet Salon alueen sirutuskampanjaa jo yli 10 vuotta. Sirutuskampanjalla pyrimme lis\u00e4\u00e4m\u00e4\u00e4n lemmikinomistajien tietoa sirutuksen t\u00e4rkeydest\u00e4, sill\u00e4 rekister\u00f6ity mikrosiru tuo kadonnen lemmikin helposti takaisin kotiin. Sirutuskampanjaan osallistuessa el\u00e4in saa rekister\u00f6idyn mikrosirun kaupan p\u00e4\u00e4lle, kun se laitetaan steriloinnin tai kastroinnin yhteydess\u00e4. Kysy sirutuskampanjasta klinikallasi. Kampanjassa mukana olevat alueen el\u00e4inklinikat: [&hellip;]\" \/>\n<meta property=\"og:url\" content=\"https:\/\/sey.fi\/salo\/salon-elainsuojelu\/elainsuojelu\/mikrosiru-ja-sirutuskampanja\/\" \/>\n<meta property=\"og:site_name\" content=\"Salon seudun el\u00e4insuojeluyhdistys\" \/>\n<meta property=\"article:modified_time\" content=\"2023-05-09T09:40:07+00:00\" \/>\n<meta property=\"og:image\" content=\"https:\/\/sey.fi\/wp-content\/uploads\/sites\/28\/2023\/05\/koirarekisteri.jpg\" \/>\n<meta name=\"twitter:card\" content=\"summary_large_image\" \/>\n<meta name=\"twitter:label1\" content=\"Arvioitu lukuaika\" \/>\n\t<meta name=\"twitter:data1\" content=\"3 minuuttia\" \/>\n<script type=\"application\/ld+json\" class=\"yoast-schema-graph\">{\"@context\":\"https:\/\/schema.org\",\"@graph\":[{\"@type\":\"WebPage\",\"@id\":\"https:\/\/sey.fi\/salo\/salon-elainsuojelu\/elainsuojelu\/mikrosiru-ja-sirutuskampanja\/\",\"url\":\"https:\/\/sey.fi\/salo\/salon-elainsuojelu\/elainsuojelu\/mikrosiru-ja-sirutuskampanja\/\",\"name\":\"Mikrosiru ja sirutuskampanja - Salon seudun el\u00e4insuojeluyhdistys\",\"isPartOf\":{\"@id\":\"https:\/\/sey.fi\/salo\/#website\"},\"primaryImageOfPage\":{\"@id\":\"https:\/\/sey.fi\/salo\/salon-elainsuojelu\/elainsuojelu\/mikrosiru-ja-sirutuskampanja\/#primaryimage\"},\"image\":{\"@id\":\"https:\/\/sey.fi\/salo\/salon-elainsuojelu\/elainsuojelu\/mikrosiru-ja-sirutuskampanja\/#primaryimage\"},\"thumbnailUrl\":\"https:\/\/sey.fi\/wp-content\/uploads\/sites\/28\/2023\/05\/koirarekisteri.jpg\",\"datePublished\":\"2023-05-08T09:22:39+00:00\",\"dateModified\":\"2023-05-09T09:40:07+00:00\",\"breadcrumb\":{\"@id\":\"https:\/\/sey.fi\/salo\/salon-elainsuojelu\/elainsuojelu\/mikrosiru-ja-sirutuskampanja\/#breadcrumb\"},\"inLanguage\":\"fi\",\"potentialAction\":[{\"@type\":\"ReadAction\",\"target\":[\"https:\/\/sey.fi\/salo\/salon-elainsuojelu\/elainsuojelu\/mikrosiru-ja-sirutuskampanja\/\"]}]},{\"@type\":\"ImageObject\",\"inLanguage\":\"fi\",\"@id\":\"https:\/\/sey.fi\/salo\/salon-elainsuojelu\/elainsuojelu\/mikrosiru-ja-sirutuskampanja\/#primaryimage\",\"url\":\"https:\/\/sey.fi\/wp-content\/uploads\/sites\/28\/2023\/05\/koirarekisteri.jpg\",\"contentUrl\":\"https:\/\/sey.fi\/wp-content\/uploads\/sites\/28\/2023\/05\/koirarekisteri.jpg\"},{\"@type\":\"BreadcrumbList\",\"@id\":\"https:\/\/sey.fi\/salo\/salon-elainsuojelu\/elainsuojelu\/mikrosiru-ja-sirutuskampanja\/#breadcrumb\",\"itemListElement\":[{\"@type\":\"ListItem\",\"position\":1,\"name\":\"Home\",\"item\":\"https:\/\/sey.fi\/salo\/\"},{\"@type\":\"ListItem\",\"position\":2,\"name\":\"Salon Seudun El\u00e4insuojeluyhdistys\",\"item\":\"https:\/\/sey.fi\/salo\/\"},{\"@type\":\"ListItem\",\"position\":3,\"name\":\"El\u00e4insuojelu\",\"item\":\"https:\/\/sey.fi\/salo\/salon-elainsuojelu\/elainsuojelu\/\"},{\"@type\":\"ListItem\",\"position\":4,\"name\":\"Mikrosiru ja sirutuskampanja\"}]},{\"@type\":\"WebSite\",\"@id\":\"https:\/\/sey.fi\/salo\/#website\",\"url\":\"https:\/\/sey.fi\/salo\/\",\"name\":\"Salon seudun el\u00e4insuojeluyhdistys\",\"description\":\"Uusi SEY J\u00e4senyhdistykset -sivusto\",\"potentialAction\":[{\"@type\":\"SearchAction\",\"target\":{\"@type\":\"EntryPoint\",\"urlTemplate\":\"https:\/\/sey.fi\/salo\/?s={search_term_string}\"},\"query-input\":{\"@type\":\"PropertyValueSpecification\",\"valueRequired\":true,\"valueName\":\"search_term_string\"}}],\"inLanguage\":\"fi\"}]}<\/script>\n<!-- \/ Yoast SEO plugin. -->","yoast_head_json":{"title":"Mikrosiru ja sirutuskampanja - Salon seudun el\u00e4insuojeluyhdistys","robots":{"index":"index","follow":"follow","max-snippet":"max-snippet:-1","max-image-preview":"max-image-preview:large","max-video-preview":"max-video-preview:-1"},"canonical":"https:\/\/sey.fi\/salo\/salon-elainsuojelu\/elainsuojelu\/mikrosiru-ja-sirutuskampanja\/","og_locale":"fi_FI","og_type":"article","og_title":"Mikrosiru ja sirutuskampanja - Salon seudun el\u00e4insuojeluyhdistys","og_description":"Salon ja Perni\u00f6n Seudun El\u00e4insuojeluyhdistykset ovat yksiss\u00e4 tuumin yll\u00e4pit\u00e4neet Salon alueen sirutuskampanjaa jo yli 10 vuotta. Sirutuskampanjalla pyrimme lis\u00e4\u00e4m\u00e4\u00e4n lemmikinomistajien tietoa sirutuksen t\u00e4rkeydest\u00e4, sill\u00e4 rekister\u00f6ity mikrosiru tuo kadonnen lemmikin helposti takaisin kotiin. Sirutuskampanjaan osallistuessa el\u00e4in saa rekister\u00f6idyn mikrosirun kaupan p\u00e4\u00e4lle, kun se laitetaan steriloinnin tai kastroinnin yhteydess\u00e4. Kysy sirutuskampanjasta klinikallasi. Kampanjassa mukana olevat alueen el\u00e4inklinikat: [&hellip;]","og_url":"https:\/\/sey.fi\/salo\/salon-elainsuojelu\/elainsuojelu\/mikrosiru-ja-sirutuskampanja\/","og_site_name":"Salon seudun el\u00e4insuojeluyhdistys","article_modified_time":"2023-05-09T09:40:07+00:00","og_image":[{"url":"https:\/\/sey.fi\/wp-content\/uploads\/sites\/28\/2023\/05\/koirarekisteri.jpg","type":"","width":"","height":""}],"twitter_card":"summary_large_image","twitter_misc":{"Arvioitu lukuaika":"3 minuuttia"},"schema":{"@context":"https:\/\/schema.org","@graph":[{"@type":"WebPage","@id":"https:\/\/sey.fi\/salo\/salon-elainsuojelu\/elainsuojelu\/mikrosiru-ja-sirutuskampanja\/","url":"https:\/\/sey.fi\/salo\/salon-elainsuojelu\/elainsuojelu\/mikrosiru-ja-sirutuskampanja\/","name":"Mikrosiru ja sirutuskampanja - Salon seudun el\u00e4insuojeluyhdistys","isPartOf":{"@id":"https:\/\/sey.fi\/salo\/#website"},"primaryImageOfPage":{"@id":"https:\/\/sey.fi\/salo\/salon-elainsuojelu\/elainsuojelu\/mikrosiru-ja-sirutuskampanja\/#primaryimage"},"image":{"@id":"https:\/\/sey.fi\/salo\/salon-elainsuojelu\/elainsuojelu\/mikrosiru-ja-sirutuskampanja\/#primaryimage"},"thumbnailUrl":"https:\/\/sey.fi\/wp-content\/uploads\/sites\/28\/2023\/05\/koirarekisteri.jpg","datePublished":"2023-05-08T09:22:39+00:00","dateModified":"2023-05-09T09:40:07+00:00","breadcrumb":{"@id":"https:\/\/sey.fi\/salo\/salon-elainsuojelu\/elainsuojelu\/mikrosiru-ja-sirutuskampanja\/#breadcrumb"},"inLanguage":"fi","potentialAction":[{"@type":"ReadAction","target":["https:\/\/sey.fi\/salo\/salon-elainsuojelu\/elainsuojelu\/mikrosiru-ja-sirutuskampanja\/"]}]},{"@type":"ImageObject","inLanguage":"fi","@id":"https:\/\/sey.fi\/salo\/salon-elainsuojelu\/elainsuojelu\/mikrosiru-ja-sirutuskampanja\/#primaryimage","url":"https:\/\/sey.fi\/wp-content\/uploads\/sites\/28\/2023\/05\/koirarekisteri.jpg","contentUrl":"https:\/\/sey.fi\/wp-content\/uploads\/sites\/28\/2023\/05\/koirarekisteri.jpg"},{"@type":"BreadcrumbList","@id":"https:\/\/sey.fi\/salo\/salon-elainsuojelu\/elainsuojelu\/mikrosiru-ja-sirutuskampanja\/#breadcrumb","itemListElement":[{"@type":"ListItem","position":1,"name":"Home","item":"https:\/\/sey.fi\/salo\/"},{"@type":"ListItem","position":2,"name":"Salon Seudun El\u00e4insuojeluyhdistys","item":"https:\/\/sey.fi\/salo\/"},{"@type":"ListItem","position":3,"name":"El\u00e4insuojelu","item":"https:\/\/sey.fi\/salo\/salon-elainsuojelu\/elainsuojelu\/"},{"@type":"ListItem","position":4,"name":"Mikrosiru ja sirutuskampanja"}]},{"@type":"WebSite","@id":"https:\/\/sey.fi\/salo\/#website","url":"https:\/\/sey.fi\/salo\/","name":"Salon seudun el\u00e4insuojeluyhdistys","description":"Uusi SEY J\u00e4senyhdistykset -sivusto","potentialAction":[{"@type":"SearchAction","target":{"@type":"EntryPoint","urlTemplate":"https:\/\/sey.fi\/salo\/?s={search_term_string}"},"query-input":{"@type":"PropertyValueSpecification","valueRequired":true,"valueName":"search_term_string"}}],"inLanguage":"fi"}]}},"_links":{"self":[{"href":"https:\/\/sey.fi\/salo\/wp-json\/wp\/v2\/pages\/655","targetHints":{"allow":["GET"]}}],"collection":[{"href":"https:\/\/sey.fi\/salo\/wp-json\/wp\/v2\/pages"}],"about":[{"href":"https:\/\/sey.fi\/salo\/wp-json\/wp\/v2\/types\/page"}],"author":[{"embeddable":true,"href":"https:\/\/sey.fi\/salo\/wp-json\/wp\/v2\/users\/25"}],"replies":[{"embeddable":true,"href":"https:\/\/sey.fi\/salo\/wp-json\/wp\/v2\/comments?post=655"}],"version-history":[{"count":3,"href":"https:\/\/sey.fi\/salo\/wp-json\/wp\/v2\/pages\/655\/revisions"}],"predecessor-version":[{"id":661,"href":"https:\/\/sey.fi\/salo\/wp-json\/wp\/v2\/pages\/655\/revisions\/661"}],"up":[{"embeddable":true,"href":"https:\/\/sey.fi\/salo\/wp-json\/wp\/v2\/pages\/627"}],"wp:attachment":[{"href":"https:\/\/sey.fi\/salo\/wp-json\/wp\/v2\/media?parent=655"}],"curies":[{"name":"wp","href":"https:\/\/api.w.org\/{rel}","templated":true}]}}