{"id":662,"date":"2023-05-08T13:48:12","date_gmt":"2023-05-08T10:48:12","guid":{"rendered":"https:\/\/sey.fi\/salo\/?page_id=662"},"modified":"2024-09-14T13:33:02","modified_gmt":"2024-09-14T10:33:02","slug":"lahjoita-sseylle","status":"publish","type":"page","link":"https:\/\/sey.fi\/salo\/salon-elainsuojelu\/lahjoitukset\/lahjoita-sseylle\/","title":{"rendered":"Lahjoita SSEY:lle"},"content":{"rendered":"\n<p>Tuet Salon Seudun El\u00e4insuojeluyhdistyksen toimintaa lahjoittamalla. Yhdistys toimii t\u00e4ysin lahjoitusvaroin, ja siksi kaikenlaiset lahjoitukset ovat yhdistyksen toiminnalle elint\u00e4rkeit\u00e4.<\/p>\n\n\n\n<p>Vieress\u00e4 olevista linkeist\u00e4 p\u00e4\u00e4set lukemaan erilaisista lahjoitustavoista.<br>Kertaluontoisen lahjoituksen voit tehd\u00e4 alla n\u00e4kyv\u00e4lle tilille tai MobilePayn lyhytnumerolla.<\/p>\n\n\n\n<p>Lahjoitustili: <strong>FI68 5410 8140 0136 61<\/strong> OKOYFIHH \/ viestiksi &#8221;lahjoitus&#8221; TAI<br>MobilePay lahjoitusnumero: <strong>20867<\/strong><\/p>\n\n\n\n<figure class=\"wp-block-image size-large is-resized\"><img loading=\"lazy\" decoding=\"async\" width=\"765\" height=\"1024\" src=\"https:\/\/sey.fi\/wp-content\/uploads\/sites\/28\/2021\/11\/MobilePay-Lahjoitus-765x1024.png\" alt=\"\" class=\"wp-image-357\" style=\"width:250px\" srcset=\"https:\/\/sey.fi\/wp-content\/uploads\/sites\/28\/2021\/11\/MobilePay-Lahjoitus-765x1024.png 765w, https:\/\/sey.fi\/wp-content\/uploads\/sites\/28\/2021\/11\/MobilePay-Lahjoitus-224x300.png 224w, https:\/\/sey.fi\/wp-content\/uploads\/sites\/28\/2021\/11\/MobilePay-Lahjoitus-768x1027.png 768w, https:\/\/sey.fi\/wp-content\/uploads\/sites\/28\/2021\/11\/MobilePay-Lahjoitus-1148x1536.png 1148w, https:\/\/sey.fi\/wp-content\/uploads\/sites\/28\/2021\/11\/MobilePay-Lahjoitus.png 1184w\" sizes=\"auto, (max-width: 765px) 100vw, 765px\" \/><\/figure>\n\n\n\n<h2 class=\"wp-block-heading\">Rahanker\u00e4yslippaat<\/h2>\n\n\n\n<p>Yhdistyksell\u00e4 on useampia rahanker\u00e4yslippaita ymp\u00e4ri Saloa. Yksi kulkee mukana kaikissa tapahtumissa, joihin SSEY osallistuu. Muut l\u00f6yd\u00e4t seuraavista liikkeist\u00e4:<\/p>\n\n\n\n<ul class=\"wp-block-list\">\n<li>Kahvila-ravintola Helarinne &#8211; Kirkkotie 15, Kiikala<\/li>\n\n\n\n<li>Maran Baari &#8211; Rummunly\u00f6j\u00e4nkatu 16, Salo<\/li>\n\n\n\n<li>Musti ja Mirri Halikko &#8211; Prismantie 2, Halikko<\/li>\n\n\n\n<li>Musti ja Mirri Salo &#8211; Savipajankatu 2 B, Salo <\/li>\n\n\n\n<li>Petmart Salon Akvaarioliike &#8211; Vilhonkatu 11-13, Salo<\/li>\n\n\n\n<li>Pro Resolutions &#8211; Salorankatu 5-7, Salo<\/li>\n\n\n\n<li>Salon Kultaisimmat &#8211; Kauppakeskus Plaza, Vilhonkatu 8, Salo<\/li>\n\n\n\n<li>Salon Seudun El\u00e4insuojeluyhdistys ry &#8211; Esterinkatu 13, Salo<\/li>\n\n\n\n<li>Sannan Kissapuoti &#8211; L\u00e4nsiranta 8, Salo<\/li>\n\n\n\n<li>Secondhand Market &#8211; T\u00e4htel\u00e4nkatu 1, Salo<\/li>\n\n\n\n<li>Voimael\u00e4in &#8211; H\u00e4meentie 37, Salo<\/li>\n<\/ul>\n\n\n\n<p>Salon Seudun El\u00e4insuojeluyhdistys ry:lle (1447827-5) on 11.8.2020 my\u00f6nnetty ker\u00e4yslupa RA\/2020\/957 toistaiseksi voimassa olevana.<\/p>\n","protected":false},"excerpt":{"rendered":"<p>Tuet Salon Seudun El\u00e4insuojeluyhdistyksen toimintaa lahjoittamalla. Yhdistys toimii t\u00e4ysin lahjoitusvaroin, ja siksi kaikenlaiset lahjoitukset ovat yhdistyksen toiminnalle elint\u00e4rkeit\u00e4. Vieress\u00e4 olevista linkeist\u00e4 p\u00e4\u00e4set lukemaan erilaisista lahjoitustavoista.Kertaluontoisen lahjoituksen voit tehd\u00e4 alla n\u00e4kyv\u00e4lle tilille tai MobilePayn lyhytnumerolla. Lahjoitustili: FI68 5410 8140 0136 61 OKOYFIHH \/ viestiksi &#8221;lahjoitus&#8221; TAIMobilePay lahjoitusnumero: 20867 Rahanker\u00e4yslippaat Yhdistyksell\u00e4 on useampia rahanker\u00e4yslippaita ymp\u00e4ri Saloa. Yksi [&hellip;]<\/p>\n","protected":false},"author":25,"featured_media":0,"parent":824,"menu_order":0,"comment_status":"closed","ping_status":"closed","template":"","meta":{"_acf_changed":false,"footnotes":""},"class_list":["post-662","page","type-page","status-publish","hentry"],"acf":[],"yoast_head":"<!-- This site is optimized with the Yoast SEO plugin v27.1.1 - https:\/\/yoast.com\/product\/yoast-seo-wordpress\/ -->\n<title>Lahjoita SSEY:lle - Salon seudun el\u00e4insuojeluyhdistys<\/title>\n<meta name=\"robots\" content=\"index, follow, max-snippet:-1, max-image-preview:large, max-video-preview:-1\" \/>\n<link rel=\"canonical\" href=\"https:\/\/sey.fi\/salo\/salon-elainsuojelu\/lahjoitukset\/lahjoita-sseylle\/\" \/>\n<meta property=\"og:locale\" content=\"fi_FI\" \/>\n<meta property=\"og:type\" content=\"article\" \/>\n<meta property=\"og:title\" content=\"Lahjoita SSEY:lle - Salon seudun el\u00e4insuojeluyhdistys\" \/>\n<meta property=\"og:description\" content=\"Tuet Salon Seudun El\u00e4insuojeluyhdistyksen toimintaa lahjoittamalla. Yhdistys toimii t\u00e4ysin lahjoitusvaroin, ja siksi kaikenlaiset lahjoitukset ovat yhdistyksen toiminnalle elint\u00e4rkeit\u00e4. Vieress\u00e4 olevista linkeist\u00e4 p\u00e4\u00e4set lukemaan erilaisista lahjoitustavoista.Kertaluontoisen lahjoituksen voit tehd\u00e4 alla n\u00e4kyv\u00e4lle tilille tai MobilePayn lyhytnumerolla. Lahjoitustili: FI68 5410 8140 0136 61 OKOYFIHH \/ viestiksi &#8221;lahjoitus&#8221; TAIMobilePay lahjoitusnumero: 20867 Rahanker\u00e4yslippaat Yhdistyksell\u00e4 on useampia rahanker\u00e4yslippaita ymp\u00e4ri Saloa. Yksi [&hellip;]\" \/>\n<meta property=\"og:url\" content=\"https:\/\/sey.fi\/salo\/salon-elainsuojelu\/lahjoitukset\/lahjoita-sseylle\/\" \/>\n<meta property=\"og:site_name\" content=\"Salon seudun el\u00e4insuojeluyhdistys\" \/>\n<meta property=\"article:modified_time\" content=\"2024-09-14T10:33:02+00:00\" \/>\n<meta property=\"og:image\" content=\"https:\/\/sey.fi\/wp-content\/uploads\/sites\/28\/2021\/11\/MobilePay-Lahjoitus-765x1024.png\" \/>\n<meta name=\"twitter:card\" content=\"summary_large_image\" \/>\n<meta name=\"twitter:label1\" content=\"Arvioitu lukuaika\" \/>\n\t<meta name=\"twitter:data1\" content=\"2 minuuttia\" \/>\n<script type=\"application\/ld+json\" class=\"yoast-schema-graph\">{\"@context\":\"https:\/\/schema.org\",\"@graph\":[{\"@type\":\"WebPage\",\"@id\":\"https:\/\/sey.fi\/salo\/salon-elainsuojelu\/lahjoitukset\/lahjoita-sseylle\/\",\"url\":\"https:\/\/sey.fi\/salo\/salon-elainsuojelu\/lahjoitukset\/lahjoita-sseylle\/\",\"name\":\"Lahjoita SSEY:lle - Salon seudun el\u00e4insuojeluyhdistys\",\"isPartOf\":{\"@id\":\"https:\/\/sey.fi\/salo\/#website\"},\"primaryImageOfPage\":{\"@id\":\"https:\/\/sey.fi\/salo\/salon-elainsuojelu\/lahjoitukset\/lahjoita-sseylle\/#primaryimage\"},\"image\":{\"@id\":\"https:\/\/sey.fi\/salo\/salon-elainsuojelu\/lahjoitukset\/lahjoita-sseylle\/#primaryimage\"},\"thumbnailUrl\":\"https:\/\/sey.fi\/wp-content\/uploads\/sites\/28\/2021\/11\/MobilePay-Lahjoitus-765x1024.png\",\"datePublished\":\"2023-05-08T10:48:12+00:00\",\"dateModified\":\"2024-09-14T10:33:02+00:00\",\"breadcrumb\":{\"@id\":\"https:\/\/sey.fi\/salo\/salon-elainsuojelu\/lahjoitukset\/lahjoita-sseylle\/#breadcrumb\"},\"inLanguage\":\"fi\",\"potentialAction\":[{\"@type\":\"ReadAction\",\"target\":[\"https:\/\/sey.fi\/salo\/salon-elainsuojelu\/lahjoitukset\/lahjoita-sseylle\/\"]}]},{\"@type\":\"ImageObject\",\"inLanguage\":\"fi\",\"@id\":\"https:\/\/sey.fi\/salo\/salon-elainsuojelu\/lahjoitukset\/lahjoita-sseylle\/#primaryimage\",\"url\":\"https:\/\/sey.fi\/wp-content\/uploads\/sites\/28\/2021\/11\/MobilePay-Lahjoitus-765x1024.png\",\"contentUrl\":\"https:\/\/sey.fi\/wp-content\/uploads\/sites\/28\/2021\/11\/MobilePay-Lahjoitus-765x1024.png\"},{\"@type\":\"BreadcrumbList\",\"@id\":\"https:\/\/sey.fi\/salo\/salon-elainsuojelu\/lahjoitukset\/lahjoita-sseylle\/#breadcrumb\",\"itemListElement\":[{\"@type\":\"ListItem\",\"position\":1,\"name\":\"Home\",\"item\":\"https:\/\/sey.fi\/salo\/\"},{\"@type\":\"ListItem\",\"position\":2,\"name\":\"Salon Seudun El\u00e4insuojeluyhdistys\",\"item\":\"https:\/\/sey.fi\/salo\/\"},{\"@type\":\"ListItem\",\"position\":3,\"name\":\"Lahjoitukset\",\"item\":\"https:\/\/sey.fi\/salo\/salon-elainsuojelu\/lahjoitukset\/\"},{\"@type\":\"ListItem\",\"position\":4,\"name\":\"Lahjoita SSEY:lle\"}]},{\"@type\":\"WebSite\",\"@id\":\"https:\/\/sey.fi\/salo\/#website\",\"url\":\"https:\/\/sey.fi\/salo\/\",\"name\":\"Salon seudun el\u00e4insuojeluyhdistys\",\"description\":\"Uusi SEY J\u00e4senyhdistykset -sivusto\",\"potentialAction\":[{\"@type\":\"SearchAction\",\"target\":{\"@type\":\"EntryPoint\",\"urlTemplate\":\"https:\/\/sey.fi\/salo\/?s={search_term_string}\"},\"query-input\":{\"@type\":\"PropertyValueSpecification\",\"valueRequired\":true,\"valueName\":\"search_term_string\"}}],\"inLanguage\":\"fi\"}]}<\/script>\n<!-- \/ Yoast SEO plugin. -->","yoast_head_json":{"title":"Lahjoita SSEY:lle - Salon seudun el\u00e4insuojeluyhdistys","robots":{"index":"index","follow":"follow","max-snippet":"max-snippet:-1","max-image-preview":"max-image-preview:large","max-video-preview":"max-video-preview:-1"},"canonical":"https:\/\/sey.fi\/salo\/salon-elainsuojelu\/lahjoitukset\/lahjoita-sseylle\/","og_locale":"fi_FI","og_type":"article","og_title":"Lahjoita SSEY:lle - Salon seudun el\u00e4insuojeluyhdistys","og_description":"Tuet Salon Seudun El\u00e4insuojeluyhdistyksen toimintaa lahjoittamalla. Yhdistys toimii t\u00e4ysin lahjoitusvaroin, ja siksi kaikenlaiset lahjoitukset ovat yhdistyksen toiminnalle elint\u00e4rkeit\u00e4. Vieress\u00e4 olevista linkeist\u00e4 p\u00e4\u00e4set lukemaan erilaisista lahjoitustavoista.Kertaluontoisen lahjoituksen voit tehd\u00e4 alla n\u00e4kyv\u00e4lle tilille tai MobilePayn lyhytnumerolla. Lahjoitustili: FI68 5410 8140 0136 61 OKOYFIHH \/ viestiksi &#8221;lahjoitus&#8221; TAIMobilePay lahjoitusnumero: 20867 Rahanker\u00e4yslippaat Yhdistyksell\u00e4 on useampia rahanker\u00e4yslippaita ymp\u00e4ri Saloa. Yksi [&hellip;]","og_url":"https:\/\/sey.fi\/salo\/salon-elainsuojelu\/lahjoitukset\/lahjoita-sseylle\/","og_site_name":"Salon seudun el\u00e4insuojeluyhdistys","article_modified_time":"2024-09-14T10:33:02+00:00","og_image":[{"url":"https:\/\/sey.fi\/wp-content\/uploads\/sites\/28\/2021\/11\/MobilePay-Lahjoitus-765x1024.png","type":"","width":"","height":""}],"twitter_card":"summary_large_image","twitter_misc":{"Arvioitu lukuaika":"2 minuuttia"},"schema":{"@context":"https:\/\/schema.org","@graph":[{"@type":"WebPage","@id":"https:\/\/sey.fi\/salo\/salon-elainsuojelu\/lahjoitukset\/lahjoita-sseylle\/","url":"https:\/\/sey.fi\/salo\/salon-elainsuojelu\/lahjoitukset\/lahjoita-sseylle\/","name":"Lahjoita SSEY:lle - Salon seudun el\u00e4insuojeluyhdistys","isPartOf":{"@id":"https:\/\/sey.fi\/salo\/#website"},"primaryImageOfPage":{"@id":"https:\/\/sey.fi\/salo\/salon-elainsuojelu\/lahjoitukset\/lahjoita-sseylle\/#primaryimage"},"image":{"@id":"https:\/\/sey.fi\/salo\/salon-elainsuojelu\/lahjoitukset\/lahjoita-sseylle\/#primaryimage"},"thumbnailUrl":"https:\/\/sey.fi\/wp-content\/uploads\/sites\/28\/2021\/11\/MobilePay-Lahjoitus-765x1024.png","datePublished":"2023-05-08T10:48:12+00:00","dateModified":"2024-09-14T10:33:02+00:00","breadcrumb":{"@id":"https:\/\/sey.fi\/salo\/salon-elainsuojelu\/lahjoitukset\/lahjoita-sseylle\/#breadcrumb"},"inLanguage":"fi","potentialAction":[{"@type":"ReadAction","target":["https:\/\/sey.fi\/salo\/salon-elainsuojelu\/lahjoitukset\/lahjoita-sseylle\/"]}]},{"@type":"ImageObject","inLanguage":"fi","@id":"https:\/\/sey.fi\/salo\/salon-elainsuojelu\/lahjoitukset\/lahjoita-sseylle\/#primaryimage","url":"https:\/\/sey.fi\/wp-content\/uploads\/sites\/28\/2021\/11\/MobilePay-Lahjoitus-765x1024.png","contentUrl":"https:\/\/sey.fi\/wp-content\/uploads\/sites\/28\/2021\/11\/MobilePay-Lahjoitus-765x1024.png"},{"@type":"BreadcrumbList","@id":"https:\/\/sey.fi\/salo\/salon-elainsuojelu\/lahjoitukset\/lahjoita-sseylle\/#breadcrumb","itemListElement":[{"@type":"ListItem","position":1,"name":"Home","item":"https:\/\/sey.fi\/salo\/"},{"@type":"ListItem","position":2,"name":"Salon Seudun El\u00e4insuojeluyhdistys","item":"https:\/\/sey.fi\/salo\/"},{"@type":"ListItem","position":3,"name":"Lahjoitukset","item":"https:\/\/sey.fi\/salo\/salon-elainsuojelu\/lahjoitukset\/"},{"@type":"ListItem","position":4,"name":"Lahjoita SSEY:lle"}]},{"@type":"WebSite","@id":"https:\/\/sey.fi\/salo\/#website","url":"https:\/\/sey.fi\/salo\/","name":"Salon seudun el\u00e4insuojeluyhdistys","description":"Uusi SEY J\u00e4senyhdistykset -sivusto","potentialAction":[{"@type":"SearchAction","target":{"@type":"EntryPoint","urlTemplate":"https:\/\/sey.fi\/salo\/?s={search_term_string}"},"query-input":{"@type":"PropertyValueSpecification","valueRequired":true,"valueName":"search_term_string"}}],"inLanguage":"fi"}]}},"_links":{"self":[{"href":"https:\/\/sey.fi\/salo\/wp-json\/wp\/v2\/pages\/662","targetHints":{"allow":["GET"]}}],"collection":[{"href":"https:\/\/sey.fi\/salo\/wp-json\/wp\/v2\/pages"}],"about":[{"href":"https:\/\/sey.fi\/salo\/wp-json\/wp\/v2\/types\/page"}],"author":[{"embeddable":true,"href":"https:\/\/sey.fi\/salo\/wp-json\/wp\/v2\/users\/25"}],"replies":[{"embeddable":true,"href":"https:\/\/sey.fi\/salo\/wp-json\/wp\/v2\/comments?post=662"}],"version-history":[{"count":6,"href":"https:\/\/sey.fi\/salo\/wp-json\/wp\/v2\/pages\/662\/revisions"}],"predecessor-version":[{"id":1165,"href":"https:\/\/sey.fi\/salo\/wp-json\/wp\/v2\/pages\/662\/revisions\/1165"}],"up":[{"embeddable":true,"href":"https:\/\/sey.fi\/salo\/wp-json\/wp\/v2\/pages\/824"}],"wp:attachment":[{"href":"https:\/\/sey.fi\/salo\/wp-json\/wp\/v2\/media?parent=662"}],"curies":[{"name":"wp","href":"https:\/\/api.w.org\/{rel}","templated":true}]}}