{"id":665,"date":"2023-05-08T13:57:12","date_gmt":"2023-05-08T10:57:12","guid":{"rendered":"https:\/\/sey.fi\/salo\/?page_id=665"},"modified":"2023-05-09T14:38:57","modified_gmt":"2023-05-09T11:38:57","slug":"ryhdy-kuukausilahjoittajaksi","status":"publish","type":"page","link":"https:\/\/sey.fi\/salo\/salon-elainsuojelu\/lahjoitukset\/ryhdy-kuukausilahjoittajaksi\/","title":{"rendered":"Ryhdy kuukausilahjoittajaksi"},"content":{"rendered":"\n<p>Kuukausilahjoitus on k\u00e4tev\u00e4 tapa avustaa paikallista el\u00e4insuojelua s\u00e4\u00e4nn\u00f6llisesti. <\/p>\n\n\n\n<p>Kuukausilahjoitus toimii siirt\u00e4m\u00e4ll\u00e4 vapaavalintaisen summan, esim. 5\u20ac, 15\u20ac, 25\u20ac jne. suoraan yhdistyksen tilille FI68 5410 8140 0136 61. Omasta nettipankista voi laittaa maksun toistumaan joka kuukausi, jolloin sinusta tulee kuukausilahjoittaja. Laita viestiksi \u201dkk-lahjoitus\u201d.<br><br>T\u00e4ll\u00e4 tavoin lahjoitusvarat menev\u00e4t suoraan Salon seudulla tapahtuvaan el\u00e4insuojeluty\u00f6h\u00f6n.<\/p>\n\n\n<div class=\"wp-block-image\">\n<figure class=\"aligncenter size-large is-resized\"><img loading=\"lazy\" decoding=\"async\" src=\"https:\/\/sey.fi\/wp-content\/uploads\/sites\/28\/2023\/05\/kk-lahjoitus-1024x1024.jpg\" alt=\"\" class=\"wp-image-666\" width=\"512\" height=\"512\" srcset=\"https:\/\/sey.fi\/wp-content\/uploads\/sites\/28\/2023\/05\/kk-lahjoitus-1024x1024.jpg 1024w, https:\/\/sey.fi\/wp-content\/uploads\/sites\/28\/2023\/05\/kk-lahjoitus-300x300.jpg 300w, https:\/\/sey.fi\/wp-content\/uploads\/sites\/28\/2023\/05\/kk-lahjoitus-150x150.jpg 150w, https:\/\/sey.fi\/wp-content\/uploads\/sites\/28\/2023\/05\/kk-lahjoitus-768x768.jpg 768w, https:\/\/sey.fi\/wp-content\/uploads\/sites\/28\/2023\/05\/kk-lahjoitus-160x160.jpg 160w, https:\/\/sey.fi\/wp-content\/uploads\/sites\/28\/2023\/05\/kk-lahjoitus.jpg 1080w\" sizes=\"auto, (max-width: 512px) 100vw, 512px\" \/><\/figure><\/div>","protected":false},"excerpt":{"rendered":"<p>Kuukausilahjoitus on k\u00e4tev\u00e4 tapa avustaa paikallista el\u00e4insuojelua s\u00e4\u00e4nn\u00f6llisesti. Kuukausilahjoitus toimii siirt\u00e4m\u00e4ll\u00e4 vapaavalintaisen summan, esim. 5\u20ac, 15\u20ac, 25\u20ac jne. suoraan yhdistyksen tilille FI68 5410 8140 0136 61. Omasta nettipankista voi laittaa maksun toistumaan joka kuukausi, jolloin sinusta tulee kuukausilahjoittaja. Laita viestiksi \u201dkk-lahjoitus\u201d. T\u00e4ll\u00e4 tavoin lahjoitusvarat menev\u00e4t suoraan Salon seudulla tapahtuvaan el\u00e4insuojeluty\u00f6h\u00f6n.<\/p>\n","protected":false},"author":25,"featured_media":0,"parent":824,"menu_order":0,"comment_status":"closed","ping_status":"closed","template":"","meta":{"_acf_changed":false,"footnotes":""},"class_list":["post-665","page","type-page","status-publish","hentry"],"acf":[],"yoast_head":"<!-- This site is optimized with the Yoast SEO plugin v27.1.1 - https:\/\/yoast.com\/product\/yoast-seo-wordpress\/ -->\n<title>Ryhdy kuukausilahjoittajaksi - Salon seudun el\u00e4insuojeluyhdistys<\/title>\n<meta name=\"robots\" content=\"index, follow, max-snippet:-1, max-image-preview:large, max-video-preview:-1\" \/>\n<link rel=\"canonical\" href=\"https:\/\/sey.fi\/salo\/salon-elainsuojelu\/lahjoitukset\/ryhdy-kuukausilahjoittajaksi\/\" \/>\n<meta property=\"og:locale\" content=\"fi_FI\" \/>\n<meta property=\"og:type\" content=\"article\" \/>\n<meta property=\"og:title\" content=\"Ryhdy kuukausilahjoittajaksi - Salon seudun el\u00e4insuojeluyhdistys\" \/>\n<meta property=\"og:description\" content=\"Kuukausilahjoitus on k\u00e4tev\u00e4 tapa avustaa paikallista el\u00e4insuojelua s\u00e4\u00e4nn\u00f6llisesti. Kuukausilahjoitus toimii siirt\u00e4m\u00e4ll\u00e4 vapaavalintaisen summan, esim. 5\u20ac, 15\u20ac, 25\u20ac jne. suoraan yhdistyksen tilille FI68 5410 8140 0136 61. Omasta nettipankista voi laittaa maksun toistumaan joka kuukausi, jolloin sinusta tulee kuukausilahjoittaja. Laita viestiksi \u201dkk-lahjoitus\u201d. T\u00e4ll\u00e4 tavoin lahjoitusvarat menev\u00e4t suoraan Salon seudulla tapahtuvaan el\u00e4insuojeluty\u00f6h\u00f6n.\" \/>\n<meta property=\"og:url\" content=\"https:\/\/sey.fi\/salo\/salon-elainsuojelu\/lahjoitukset\/ryhdy-kuukausilahjoittajaksi\/\" \/>\n<meta property=\"og:site_name\" content=\"Salon seudun el\u00e4insuojeluyhdistys\" \/>\n<meta property=\"article:modified_time\" content=\"2023-05-09T11:38:57+00:00\" \/>\n<meta property=\"og:image\" content=\"https:\/\/sey.fi\/wp-content\/uploads\/sites\/28\/2023\/05\/kk-lahjoitus-1024x1024.jpg\" \/>\n<meta name=\"twitter:card\" content=\"summary_large_image\" \/>\n<meta name=\"twitter:label1\" content=\"Arvioitu lukuaika\" \/>\n\t<meta name=\"twitter:data1\" content=\"1 minuutti\" \/>\n<script type=\"application\/ld+json\" class=\"yoast-schema-graph\">{\"@context\":\"https:\/\/schema.org\",\"@graph\":[{\"@type\":\"WebPage\",\"@id\":\"https:\/\/sey.fi\/salo\/salon-elainsuojelu\/lahjoitukset\/ryhdy-kuukausilahjoittajaksi\/\",\"url\":\"https:\/\/sey.fi\/salo\/salon-elainsuojelu\/lahjoitukset\/ryhdy-kuukausilahjoittajaksi\/\",\"name\":\"Ryhdy kuukausilahjoittajaksi - Salon seudun el\u00e4insuojeluyhdistys\",\"isPartOf\":{\"@id\":\"https:\/\/sey.fi\/salo\/#website\"},\"primaryImageOfPage\":{\"@id\":\"https:\/\/sey.fi\/salo\/salon-elainsuojelu\/lahjoitukset\/ryhdy-kuukausilahjoittajaksi\/#primaryimage\"},\"image\":{\"@id\":\"https:\/\/sey.fi\/salo\/salon-elainsuojelu\/lahjoitukset\/ryhdy-kuukausilahjoittajaksi\/#primaryimage\"},\"thumbnailUrl\":\"https:\/\/sey.fi\/wp-content\/uploads\/sites\/28\/2023\/05\/kk-lahjoitus-1024x1024.jpg\",\"datePublished\":\"2023-05-08T10:57:12+00:00\",\"dateModified\":\"2023-05-09T11:38:57+00:00\",\"breadcrumb\":{\"@id\":\"https:\/\/sey.fi\/salo\/salon-elainsuojelu\/lahjoitukset\/ryhdy-kuukausilahjoittajaksi\/#breadcrumb\"},\"inLanguage\":\"fi\",\"potentialAction\":[{\"@type\":\"ReadAction\",\"target\":[\"https:\/\/sey.fi\/salo\/salon-elainsuojelu\/lahjoitukset\/ryhdy-kuukausilahjoittajaksi\/\"]}]},{\"@type\":\"ImageObject\",\"inLanguage\":\"fi\",\"@id\":\"https:\/\/sey.fi\/salo\/salon-elainsuojelu\/lahjoitukset\/ryhdy-kuukausilahjoittajaksi\/#primaryimage\",\"url\":\"https:\/\/sey.fi\/wp-content\/uploads\/sites\/28\/2023\/05\/kk-lahjoitus-1024x1024.jpg\",\"contentUrl\":\"https:\/\/sey.fi\/wp-content\/uploads\/sites\/28\/2023\/05\/kk-lahjoitus-1024x1024.jpg\"},{\"@type\":\"BreadcrumbList\",\"@id\":\"https:\/\/sey.fi\/salo\/salon-elainsuojelu\/lahjoitukset\/ryhdy-kuukausilahjoittajaksi\/#breadcrumb\",\"itemListElement\":[{\"@type\":\"ListItem\",\"position\":1,\"name\":\"Home\",\"item\":\"https:\/\/sey.fi\/salo\/\"},{\"@type\":\"ListItem\",\"position\":2,\"name\":\"Salon Seudun El\u00e4insuojeluyhdistys\",\"item\":\"https:\/\/sey.fi\/salo\/\"},{\"@type\":\"ListItem\",\"position\":3,\"name\":\"Lahjoitukset\",\"item\":\"https:\/\/sey.fi\/salo\/salon-elainsuojelu\/lahjoitukset\/\"},{\"@type\":\"ListItem\",\"position\":4,\"name\":\"Ryhdy kuukausilahjoittajaksi\"}]},{\"@type\":\"WebSite\",\"@id\":\"https:\/\/sey.fi\/salo\/#website\",\"url\":\"https:\/\/sey.fi\/salo\/\",\"name\":\"Salon seudun el\u00e4insuojeluyhdistys\",\"description\":\"Uusi SEY J\u00e4senyhdistykset -sivusto\",\"potentialAction\":[{\"@type\":\"SearchAction\",\"target\":{\"@type\":\"EntryPoint\",\"urlTemplate\":\"https:\/\/sey.fi\/salo\/?s={search_term_string}\"},\"query-input\":{\"@type\":\"PropertyValueSpecification\",\"valueRequired\":true,\"valueName\":\"search_term_string\"}}],\"inLanguage\":\"fi\"}]}<\/script>\n<!-- \/ Yoast SEO plugin. -->","yoast_head_json":{"title":"Ryhdy kuukausilahjoittajaksi - Salon seudun el\u00e4insuojeluyhdistys","robots":{"index":"index","follow":"follow","max-snippet":"max-snippet:-1","max-image-preview":"max-image-preview:large","max-video-preview":"max-video-preview:-1"},"canonical":"https:\/\/sey.fi\/salo\/salon-elainsuojelu\/lahjoitukset\/ryhdy-kuukausilahjoittajaksi\/","og_locale":"fi_FI","og_type":"article","og_title":"Ryhdy kuukausilahjoittajaksi - Salon seudun el\u00e4insuojeluyhdistys","og_description":"Kuukausilahjoitus on k\u00e4tev\u00e4 tapa avustaa paikallista el\u00e4insuojelua s\u00e4\u00e4nn\u00f6llisesti. Kuukausilahjoitus toimii siirt\u00e4m\u00e4ll\u00e4 vapaavalintaisen summan, esim. 5\u20ac, 15\u20ac, 25\u20ac jne. suoraan yhdistyksen tilille FI68 5410 8140 0136 61. Omasta nettipankista voi laittaa maksun toistumaan joka kuukausi, jolloin sinusta tulee kuukausilahjoittaja. Laita viestiksi \u201dkk-lahjoitus\u201d. T\u00e4ll\u00e4 tavoin lahjoitusvarat menev\u00e4t suoraan Salon seudulla tapahtuvaan el\u00e4insuojeluty\u00f6h\u00f6n.","og_url":"https:\/\/sey.fi\/salo\/salon-elainsuojelu\/lahjoitukset\/ryhdy-kuukausilahjoittajaksi\/","og_site_name":"Salon seudun el\u00e4insuojeluyhdistys","article_modified_time":"2023-05-09T11:38:57+00:00","og_image":[{"url":"https:\/\/sey.fi\/wp-content\/uploads\/sites\/28\/2023\/05\/kk-lahjoitus-1024x1024.jpg","type":"","width":"","height":""}],"twitter_card":"summary_large_image","twitter_misc":{"Arvioitu lukuaika":"1 minuutti"},"schema":{"@context":"https:\/\/schema.org","@graph":[{"@type":"WebPage","@id":"https:\/\/sey.fi\/salo\/salon-elainsuojelu\/lahjoitukset\/ryhdy-kuukausilahjoittajaksi\/","url":"https:\/\/sey.fi\/salo\/salon-elainsuojelu\/lahjoitukset\/ryhdy-kuukausilahjoittajaksi\/","name":"Ryhdy kuukausilahjoittajaksi - Salon seudun el\u00e4insuojeluyhdistys","isPartOf":{"@id":"https:\/\/sey.fi\/salo\/#website"},"primaryImageOfPage":{"@id":"https:\/\/sey.fi\/salo\/salon-elainsuojelu\/lahjoitukset\/ryhdy-kuukausilahjoittajaksi\/#primaryimage"},"image":{"@id":"https:\/\/sey.fi\/salo\/salon-elainsuojelu\/lahjoitukset\/ryhdy-kuukausilahjoittajaksi\/#primaryimage"},"thumbnailUrl":"https:\/\/sey.fi\/wp-content\/uploads\/sites\/28\/2023\/05\/kk-lahjoitus-1024x1024.jpg","datePublished":"2023-05-08T10:57:12+00:00","dateModified":"2023-05-09T11:38:57+00:00","breadcrumb":{"@id":"https:\/\/sey.fi\/salo\/salon-elainsuojelu\/lahjoitukset\/ryhdy-kuukausilahjoittajaksi\/#breadcrumb"},"inLanguage":"fi","potentialAction":[{"@type":"ReadAction","target":["https:\/\/sey.fi\/salo\/salon-elainsuojelu\/lahjoitukset\/ryhdy-kuukausilahjoittajaksi\/"]}]},{"@type":"ImageObject","inLanguage":"fi","@id":"https:\/\/sey.fi\/salo\/salon-elainsuojelu\/lahjoitukset\/ryhdy-kuukausilahjoittajaksi\/#primaryimage","url":"https:\/\/sey.fi\/wp-content\/uploads\/sites\/28\/2023\/05\/kk-lahjoitus-1024x1024.jpg","contentUrl":"https:\/\/sey.fi\/wp-content\/uploads\/sites\/28\/2023\/05\/kk-lahjoitus-1024x1024.jpg"},{"@type":"BreadcrumbList","@id":"https:\/\/sey.fi\/salo\/salon-elainsuojelu\/lahjoitukset\/ryhdy-kuukausilahjoittajaksi\/#breadcrumb","itemListElement":[{"@type":"ListItem","position":1,"name":"Home","item":"https:\/\/sey.fi\/salo\/"},{"@type":"ListItem","position":2,"name":"Salon Seudun El\u00e4insuojeluyhdistys","item":"https:\/\/sey.fi\/salo\/"},{"@type":"ListItem","position":3,"name":"Lahjoitukset","item":"https:\/\/sey.fi\/salo\/salon-elainsuojelu\/lahjoitukset\/"},{"@type":"ListItem","position":4,"name":"Ryhdy kuukausilahjoittajaksi"}]},{"@type":"WebSite","@id":"https:\/\/sey.fi\/salo\/#website","url":"https:\/\/sey.fi\/salo\/","name":"Salon seudun el\u00e4insuojeluyhdistys","description":"Uusi SEY J\u00e4senyhdistykset -sivusto","potentialAction":[{"@type":"SearchAction","target":{"@type":"EntryPoint","urlTemplate":"https:\/\/sey.fi\/salo\/?s={search_term_string}"},"query-input":{"@type":"PropertyValueSpecification","valueRequired":true,"valueName":"search_term_string"}}],"inLanguage":"fi"}]}},"_links":{"self":[{"href":"https:\/\/sey.fi\/salo\/wp-json\/wp\/v2\/pages\/665","targetHints":{"allow":["GET"]}}],"collection":[{"href":"https:\/\/sey.fi\/salo\/wp-json\/wp\/v2\/pages"}],"about":[{"href":"https:\/\/sey.fi\/salo\/wp-json\/wp\/v2\/types\/page"}],"author":[{"embeddable":true,"href":"https:\/\/sey.fi\/salo\/wp-json\/wp\/v2\/users\/25"}],"replies":[{"embeddable":true,"href":"https:\/\/sey.fi\/salo\/wp-json\/wp\/v2\/comments?post=665"}],"version-history":[{"count":2,"href":"https:\/\/sey.fi\/salo\/wp-json\/wp\/v2\/pages\/665\/revisions"}],"predecessor-version":[{"id":668,"href":"https:\/\/sey.fi\/salo\/wp-json\/wp\/v2\/pages\/665\/revisions\/668"}],"up":[{"embeddable":true,"href":"https:\/\/sey.fi\/salo\/wp-json\/wp\/v2\/pages\/824"}],"wp:attachment":[{"href":"https:\/\/sey.fi\/salo\/wp-json\/wp\/v2\/media?parent=665"}],"curies":[{"name":"wp","href":"https:\/\/api.w.org\/{rel}","templated":true}]}}