{"id":677,"date":"2023-05-08T14:45:21","date_gmt":"2023-05-08T11:45:21","guid":{"rendered":"https:\/\/sey.fi\/salo\/?page_id=677"},"modified":"2024-04-30T14:29:41","modified_gmt":"2024-04-30T11:29:41","slug":"osta-jasenyys-lahjaksi","status":"publish","type":"page","link":"https:\/\/sey.fi\/salo\/salon-elainsuojelu\/tue-toimintaa\/osta-jasenyys-lahjaksi\/","title":{"rendered":"Osta j\u00e4senyys lahjaksi"},"content":{"rendered":"\n<p>Voit ilahduttaa l\u00e4heist\u00e4si aineettomalla lahjalla, ostamalla SSEY:n j\u00e4senyyden lahjaksi toiselle.<\/p>\n\n\n\n<p>Lahjaksi menev\u00e4n j\u00e4senhakemuksen voit laittaa <a href=\"https:\/\/sey.fi\/salo\/salon-elainsuojelu\/yhteystiedot\/ssey-yhteystiedot\/\">s\u00e4hk\u00f6postitse<\/a> <strong>j\u00e4sensihteerille<\/strong>.<br>Kirjoitathan viestiisi selv\u00e4sti lahjansaajan tiedot sek\u00e4 lahjanantajan osoitetiedot laskutusta varten.<\/p>\n","protected":false},"excerpt":{"rendered":"<p>Voit ilahduttaa l\u00e4heist\u00e4si aineettomalla lahjalla, ostamalla SSEY:n j\u00e4senyyden lahjaksi toiselle. Lahjaksi menev\u00e4n j\u00e4senhakemuksen voit laittaa s\u00e4hk\u00f6postitse j\u00e4sensihteerille.Kirjoitathan viestiisi selv\u00e4sti lahjansaajan tiedot sek\u00e4 lahjanantajan osoitetiedot laskutusta varten.<\/p>\n","protected":false},"author":25,"featured_media":0,"parent":546,"menu_order":0,"comment_status":"closed","ping_status":"closed","template":"","meta":{"_acf_changed":false,"footnotes":""},"class_list":["post-677","page","type-page","status-publish","hentry"],"acf":[],"yoast_head":"<!-- This site is optimized with the Yoast SEO plugin v27.1.1 - https:\/\/yoast.com\/product\/yoast-seo-wordpress\/ -->\n<title>Osta j\u00e4senyys lahjaksi - Salon seudun el\u00e4insuojeluyhdistys<\/title>\n<meta name=\"robots\" content=\"index, follow, max-snippet:-1, max-image-preview:large, max-video-preview:-1\" \/>\n<link rel=\"canonical\" href=\"https:\/\/sey.fi\/salo\/salon-elainsuojelu\/tue-toimintaa\/osta-jasenyys-lahjaksi\/\" \/>\n<meta property=\"og:locale\" content=\"fi_FI\" \/>\n<meta property=\"og:type\" content=\"article\" \/>\n<meta property=\"og:title\" content=\"Osta j\u00e4senyys lahjaksi - Salon seudun el\u00e4insuojeluyhdistys\" \/>\n<meta property=\"og:description\" content=\"Voit ilahduttaa l\u00e4heist\u00e4si aineettomalla lahjalla, ostamalla SSEY:n j\u00e4senyyden lahjaksi toiselle. Lahjaksi menev\u00e4n j\u00e4senhakemuksen voit laittaa s\u00e4hk\u00f6postitse j\u00e4sensihteerille.Kirjoitathan viestiisi selv\u00e4sti lahjansaajan tiedot sek\u00e4 lahjanantajan osoitetiedot laskutusta varten.\" \/>\n<meta property=\"og:url\" content=\"https:\/\/sey.fi\/salo\/salon-elainsuojelu\/tue-toimintaa\/osta-jasenyys-lahjaksi\/\" \/>\n<meta property=\"og:site_name\" content=\"Salon seudun el\u00e4insuojeluyhdistys\" \/>\n<meta property=\"article:modified_time\" content=\"2024-04-30T11:29:41+00:00\" \/>\n<meta name=\"twitter:card\" content=\"summary_large_image\" \/>\n<meta name=\"twitter:label1\" content=\"Arvioitu lukuaika\" \/>\n\t<meta name=\"twitter:data1\" content=\"1 minuutti\" \/>\n<script type=\"application\/ld+json\" class=\"yoast-schema-graph\">{\"@context\":\"https:\/\/schema.org\",\"@graph\":[{\"@type\":\"WebPage\",\"@id\":\"https:\/\/sey.fi\/salo\/salon-elainsuojelu\/tue-toimintaa\/osta-jasenyys-lahjaksi\/\",\"url\":\"https:\/\/sey.fi\/salo\/salon-elainsuojelu\/tue-toimintaa\/osta-jasenyys-lahjaksi\/\",\"name\":\"Osta j\u00e4senyys lahjaksi - Salon seudun el\u00e4insuojeluyhdistys\",\"isPartOf\":{\"@id\":\"https:\/\/sey.fi\/salo\/#website\"},\"datePublished\":\"2023-05-08T11:45:21+00:00\",\"dateModified\":\"2024-04-30T11:29:41+00:00\",\"breadcrumb\":{\"@id\":\"https:\/\/sey.fi\/salo\/salon-elainsuojelu\/tue-toimintaa\/osta-jasenyys-lahjaksi\/#breadcrumb\"},\"inLanguage\":\"fi\",\"potentialAction\":[{\"@type\":\"ReadAction\",\"target\":[\"https:\/\/sey.fi\/salo\/salon-elainsuojelu\/tue-toimintaa\/osta-jasenyys-lahjaksi\/\"]}]},{\"@type\":\"BreadcrumbList\",\"@id\":\"https:\/\/sey.fi\/salo\/salon-elainsuojelu\/tue-toimintaa\/osta-jasenyys-lahjaksi\/#breadcrumb\",\"itemListElement\":[{\"@type\":\"ListItem\",\"position\":1,\"name\":\"Home\",\"item\":\"https:\/\/sey.fi\/salo\/\"},{\"@type\":\"ListItem\",\"position\":2,\"name\":\"Salon Seudun El\u00e4insuojeluyhdistys\",\"item\":\"https:\/\/sey.fi\/salo\/\"},{\"@type\":\"ListItem\",\"position\":3,\"name\":\"Tue toimintaa\",\"item\":\"https:\/\/sey.fi\/salo\/salon-elainsuojelu\/tue-toimintaa\/\"},{\"@type\":\"ListItem\",\"position\":4,\"name\":\"Osta j\u00e4senyys lahjaksi\"}]},{\"@type\":\"WebSite\",\"@id\":\"https:\/\/sey.fi\/salo\/#website\",\"url\":\"https:\/\/sey.fi\/salo\/\",\"name\":\"Salon seudun el\u00e4insuojeluyhdistys\",\"description\":\"Uusi SEY J\u00e4senyhdistykset -sivusto\",\"potentialAction\":[{\"@type\":\"SearchAction\",\"target\":{\"@type\":\"EntryPoint\",\"urlTemplate\":\"https:\/\/sey.fi\/salo\/?s={search_term_string}\"},\"query-input\":{\"@type\":\"PropertyValueSpecification\",\"valueRequired\":true,\"valueName\":\"search_term_string\"}}],\"inLanguage\":\"fi\"}]}<\/script>\n<!-- \/ Yoast SEO plugin. -->","yoast_head_json":{"title":"Osta j\u00e4senyys lahjaksi - Salon seudun el\u00e4insuojeluyhdistys","robots":{"index":"index","follow":"follow","max-snippet":"max-snippet:-1","max-image-preview":"max-image-preview:large","max-video-preview":"max-video-preview:-1"},"canonical":"https:\/\/sey.fi\/salo\/salon-elainsuojelu\/tue-toimintaa\/osta-jasenyys-lahjaksi\/","og_locale":"fi_FI","og_type":"article","og_title":"Osta j\u00e4senyys lahjaksi - Salon seudun el\u00e4insuojeluyhdistys","og_description":"Voit ilahduttaa l\u00e4heist\u00e4si aineettomalla lahjalla, ostamalla SSEY:n j\u00e4senyyden lahjaksi toiselle. Lahjaksi menev\u00e4n j\u00e4senhakemuksen voit laittaa s\u00e4hk\u00f6postitse j\u00e4sensihteerille.Kirjoitathan viestiisi selv\u00e4sti lahjansaajan tiedot sek\u00e4 lahjanantajan osoitetiedot laskutusta varten.","og_url":"https:\/\/sey.fi\/salo\/salon-elainsuojelu\/tue-toimintaa\/osta-jasenyys-lahjaksi\/","og_site_name":"Salon seudun el\u00e4insuojeluyhdistys","article_modified_time":"2024-04-30T11:29:41+00:00","twitter_card":"summary_large_image","twitter_misc":{"Arvioitu lukuaika":"1 minuutti"},"schema":{"@context":"https:\/\/schema.org","@graph":[{"@type":"WebPage","@id":"https:\/\/sey.fi\/salo\/salon-elainsuojelu\/tue-toimintaa\/osta-jasenyys-lahjaksi\/","url":"https:\/\/sey.fi\/salo\/salon-elainsuojelu\/tue-toimintaa\/osta-jasenyys-lahjaksi\/","name":"Osta j\u00e4senyys lahjaksi - Salon seudun el\u00e4insuojeluyhdistys","isPartOf":{"@id":"https:\/\/sey.fi\/salo\/#website"},"datePublished":"2023-05-08T11:45:21+00:00","dateModified":"2024-04-30T11:29:41+00:00","breadcrumb":{"@id":"https:\/\/sey.fi\/salo\/salon-elainsuojelu\/tue-toimintaa\/osta-jasenyys-lahjaksi\/#breadcrumb"},"inLanguage":"fi","potentialAction":[{"@type":"ReadAction","target":["https:\/\/sey.fi\/salo\/salon-elainsuojelu\/tue-toimintaa\/osta-jasenyys-lahjaksi\/"]}]},{"@type":"BreadcrumbList","@id":"https:\/\/sey.fi\/salo\/salon-elainsuojelu\/tue-toimintaa\/osta-jasenyys-lahjaksi\/#breadcrumb","itemListElement":[{"@type":"ListItem","position":1,"name":"Home","item":"https:\/\/sey.fi\/salo\/"},{"@type":"ListItem","position":2,"name":"Salon Seudun El\u00e4insuojeluyhdistys","item":"https:\/\/sey.fi\/salo\/"},{"@type":"ListItem","position":3,"name":"Tue toimintaa","item":"https:\/\/sey.fi\/salo\/salon-elainsuojelu\/tue-toimintaa\/"},{"@type":"ListItem","position":4,"name":"Osta j\u00e4senyys lahjaksi"}]},{"@type":"WebSite","@id":"https:\/\/sey.fi\/salo\/#website","url":"https:\/\/sey.fi\/salo\/","name":"Salon seudun el\u00e4insuojeluyhdistys","description":"Uusi SEY J\u00e4senyhdistykset -sivusto","potentialAction":[{"@type":"SearchAction","target":{"@type":"EntryPoint","urlTemplate":"https:\/\/sey.fi\/salo\/?s={search_term_string}"},"query-input":{"@type":"PropertyValueSpecification","valueRequired":true,"valueName":"search_term_string"}}],"inLanguage":"fi"}]}},"_links":{"self":[{"href":"https:\/\/sey.fi\/salo\/wp-json\/wp\/v2\/pages\/677","targetHints":{"allow":["GET"]}}],"collection":[{"href":"https:\/\/sey.fi\/salo\/wp-json\/wp\/v2\/pages"}],"about":[{"href":"https:\/\/sey.fi\/salo\/wp-json\/wp\/v2\/types\/page"}],"author":[{"embeddable":true,"href":"https:\/\/sey.fi\/salo\/wp-json\/wp\/v2\/users\/25"}],"replies":[{"embeddable":true,"href":"https:\/\/sey.fi\/salo\/wp-json\/wp\/v2\/comments?post=677"}],"version-history":[{"count":2,"href":"https:\/\/sey.fi\/salo\/wp-json\/wp\/v2\/pages\/677\/revisions"}],"predecessor-version":[{"id":1107,"href":"https:\/\/sey.fi\/salo\/wp-json\/wp\/v2\/pages\/677\/revisions\/1107"}],"up":[{"embeddable":true,"href":"https:\/\/sey.fi\/salo\/wp-json\/wp\/v2\/pages\/546"}],"wp:attachment":[{"href":"https:\/\/sey.fi\/salo\/wp-json\/wp\/v2\/media?parent=677"}],"curies":[{"name":"wp","href":"https:\/\/api.w.org\/{rel}","templated":true}]}}