{"id":68,"date":"2019-11-15T17:05:14","date_gmt":"2019-11-15T15:05:14","guid":{"rendered":"http:\/\/srvr10.xetpoint.com\/~seyfi\/salo\/?page_id=68"},"modified":"2020-08-04T10:50:06","modified_gmt":"2020-08-04T07:50:06","slug":"usein-kysyttya","status":"publish","type":"page","link":"https:\/\/sey.fi\/salo\/salon-elainsuojelu\/usein-kysyttya\/","title":{"rendered":"Usein kysytty\u00e4"},"content":{"rendered":"\n<p>T\u00e4lt\u00e4 sivulta l\u00f6yd\u00e4t kysymyksi\u00e4 ja&nbsp;neuvoja usein kysyttyihin kysymyksiin.&nbsp;Katso my\u00f6s Lemmikeist\u00e4 yleens\u00e4 &#8211; alasivu, mist\u00e4 l\u00f6ytyy&nbsp;lemmikkiel\u00e4imiin liittyvi\u00e4&nbsp;usein kysyttyj\u00e4 kysymyksi\u00e4. T\u00e4ll\u00e4 sivulla:<\/p>\n\n\n\n<p>Mit\u00e4 teen kun kohtaan hyl\u00e4tyn el\u00e4imen?<br>Mit\u00e4 l\u00f6yt\u00e4m\u00e4lleni el\u00e4imelle tapahtuu?<br>N\u00e4in el\u00e4int\u00e4 kohdeltavan huonosti &#8211; mit\u00e4 voin tehd\u00e4?<\/p>\n\n\n\n<h2 class=\"wp-block-heading\">Mit\u00e4 teen kun kohtaan hyl\u00e4tyn el\u00e4imen?<\/h2>\n\n\n\n<p>Kun kohtaat lemmikin, joka n\u00e4ytt\u00e4\u00e4 hyl\u00e4tylt\u00e4, kannattaa l\u00e4hesty\u00e4 sit\u00e4 varovasti ja yritt\u00e4\u00e4 saada se rauhallisin ottein kiinni. Kun el\u00e4imen on saanut kiinni, sen voi toimittaa oman paikkakunnan l\u00f6ytoel\u00e4inten talteenottopaikkkaan.<\/p>\n\n\n\n<p>Kaikilla l\u00f6yt\u00f6el\u00e4inten talteenottopaikoilla tai l\u00f6yt\u00f6el\u00e4inkodeilla ei ole mahdollisuutta hakea l\u00f6ydetty\u00e4 el\u00e4int\u00e4, joten toivottavaa olisi, ett\u00e4 el\u00e4imen l\u00f6yt\u00e4j\u00e4 itse my\u00f6s toimittaisi el\u00e4imen l\u00f6yt\u00f6el\u00e4inten talteenottopaikkaan. Jos el\u00e4int\u00e4 ei uskalla itse ottaa kiinni, tulee soittaa kunnan tai kaupungin el\u00e4insuojeluasioista vastaavalle henkil\u00f6lle tai poliisille ja ilmoittaa miss\u00e4 ja mink\u00e4lainen el\u00e4in on kyseess\u00e4 ja pyyt\u00e4\u00e4 jotakuta noutamaan el\u00e4in. Katso lis\u00e4tietoa L\u00f6yt\u00f6el\u00e4imet &#8211; sivuilta.<\/p>\n\n\n\n<p>Tarpeen vaatiessa asiantuntevia neuvoja karkulaisen kohtaamiseen saa my\u00f6s Etsij\u00e4koiraliiton neuvontapuhelimesta 040-7248614.<\/p>\n\n\n\n<p>Kaikki l\u00f6yt\u00f6el\u00e4imet eiv\u00e4t kuitenkaan ole hyl\u00e4ttyj\u00e4. Karkureita l\u00f6ytyy niin kissoista, koirista kuin jyrsij\u00f6ist\u00e4kin. Oman rakkaan lemmikin takaisin saamista helpottaa suuresti, jos el\u00e4in on merkitty joko tatuoinnilla tai mikrosirulla. Usein omistajan nimi tai puhelinnumero selvi\u00e4\u00e4 kaulapannastakin, mutta monesti panta on h\u00e4vinnyt matkan varrella.<\/p>\n\n\n\n<h2 class=\"wp-block-heading\">Mit\u00e4 l\u00f6yt\u00e4m\u00e4lleni el\u00e4imelle tapahtuu?<\/h2>\n\n\n\n<p>El\u00e4insuojelulain (2. luku 15 \u00a7) mukaan kunnan on huolehdittava alueellaan irrallaan tavattujen ja talteen otettujen koirien ja kissojen sek\u00e4 muiden vastaavien pienikokoisten seura- ja harrastusel\u00e4inten tilap\u00e4isen hoidon j\u00e4rjest\u00e4misest\u00e4. Talteen otettua el\u00e4int\u00e4 on s\u00e4ilytett\u00e4v\u00e4 v\u00e4hint\u00e4\u00e4n 15 p\u00e4iv\u00e4n ajan, mink\u00e4 j\u00e4lkeen kunnalla on oikeus myyd\u00e4, muutoin luovuttaa tai lopettaa el\u00e4in.<\/p>\n\n\n\n<p>Kotia, mist\u00e4 el\u00e4in on kadonnut, ei aina onnistu l\u00f6yt\u00e4\u00e4 lain m\u00e4\u00e4r\u00e4\u00e4mien 15 p\u00e4iv\u00e4n aikana. L\u00f6yt\u00f6el\u00e4imi\u00e4 (kissat ja koirat)&nbsp;pidet\u00e4\u00e4n ensisijaisesti joko Salon kaupungista talteenotettujen l\u00f6yt\u00f6el\u00e4inten hoitopaikassa (Kemi\u00f6ss\u00e4 sijaitseva ammattioppilaitos, Yrkesinstitutet Sydv\u00e4st- ent. Brusabyn maatalousoppilaitos, Brusaby lantbruks l\u00e4r\u00f6verk). Muita l\u00f6yt\u00f6el\u00e4inpaikkoja ovat Lemmikkihotelli Nella Pertteli&nbsp;ja Koira- ja kissahoitola Aaltonen, Halikko\/Angelniemi. Kts. tarkemmat tiedot kohdasta: L\u00f6yt\u00f6el\u00e4inten talteenotto. Salon Seudun El\u00e4insuojeluyhdistyksell\u00e4 olevia talteen otettuja el\u00e4imi\u00e4 ei ikin\u00e4 lopeteta 15 vuorokauden m\u00e4\u00e4r\u00e4ajan umpeuduttua, vaan jokaiselle el\u00e4imelle etsit\u00e4\u00e4n pysyv\u00e4 uusi hyv\u00e4 koti.<\/p>\n\n\n\n<p>Yhdistyksell\u00e4 ollessaan kotia etsiv\u00e4t el\u00e4imet el\u00e4v\u00e4t sijaiskodeissa, tavallisten perheiden arjessa. Kotia etsiv\u00e4t sivulta l\u00f6yd\u00e4t julkisesti kotia etsiv\u00e4t. Huostaan otetut el\u00e4imet eiv\u00e4t tule julkisesti kodin etsint\u00e4\u00e4n. Yhteystiedot sivulta l\u00f6yd\u00e4t yhteystiedot kenelt\u00e4 voit kysell\u00e4 huostaan otettuja tai muuta kautta yhdistyksen omistukseen tulleita el\u00e4imi\u00e4.<\/p>\n\n\n\n<h2 class=\"wp-block-heading\">N\u00e4in el\u00e4int\u00e4 kohdeltavan huonosti &#8211; mit\u00e4 voin tehd\u00e4?<\/h2>\n\n\n\n<p>Jos ep\u00e4ilet, ett\u00e4 joku kohtelee el\u00e4int\u00e4 huonosti, voit ottaa yhteytt\u00e4 esimerkiksi Salon Seudulla toimiviin vapaaehtoisiin el\u00e4insuojeluneuvojiin. Ensisijassa opn t\u00e4rke\u00e4\u00e4 ottaa yhteytt\u00e4 viranomaisiin Salon kaupungin valvontael\u00e4inl\u00e4\u00e4k\u00e4ri&nbsp;<a href=\"mailto:elainvalvonta@salo.fi\">elainvalvonta@salo.fi<\/a>&nbsp;tai h\u00e4t\u00e4tapauksessa poliisiin.<\/p>\n\n\n\n<p>Ilmoituksen tekeminen on turvallista, sill\u00e4 voit tehd\u00e4 my\u00f6s nimett\u00f6m\u00e4n\u00e4.<\/p>\n\n\n\n<h2 class=\"wp-block-heading\">Otatteko vastaan pyyhkeit\u00e4, lakanoita, peittoja ja patjoja?<\/h2>\n\n\n\n<p>Kirpputorille otetaan vastaan ehji\u00e4, puhtaita ja myyntikuntoisia lakanoita ja pyyhkeit\u00e4 sek\u00e4 muita kodintekstiilej\u00e4 (patjoja emme ota vastaan). Pyyhkeille on k\u00e4ytt\u00f6\u00e4 mutta peittoja emme t\u00e4ll\u00e4 hetkell\u00e4 tarvitse. Niit\u00e4 voi lahjoittaa esimerkiksi Romanian koirille (Pro Animals Romania). Yhteyshenkil\u00f6n\u00e4 toimii&nbsp;<a href=\"mailto:suzanne.yonemoto@amada.fi\">suzanne.yonemoto@amada.fi<\/a>&nbsp;<\/p>\n","protected":false},"excerpt":{"rendered":"<p>T\u00e4lt\u00e4 sivulta l\u00f6yd\u00e4t kysymyksi\u00e4 ja&nbsp;neuvoja usein kysyttyihin kysymyksiin.&nbsp;Katso my\u00f6s Lemmikeist\u00e4 yleens\u00e4 &#8211; alasivu, mist\u00e4 l\u00f6ytyy&nbsp;lemmikkiel\u00e4imiin liittyvi\u00e4&nbsp;usein kysyttyj\u00e4 kysymyksi\u00e4. T\u00e4ll\u00e4 sivulla: Mit\u00e4 teen kun kohtaan hyl\u00e4tyn el\u00e4imen?Mit\u00e4 l\u00f6yt\u00e4m\u00e4lleni el\u00e4imelle tapahtuu?N\u00e4in el\u00e4int\u00e4 kohdeltavan huonosti &#8211; mit\u00e4 voin tehd\u00e4? Mit\u00e4 teen kun kohtaan hyl\u00e4tyn el\u00e4imen? Kun kohtaat lemmikin, joka n\u00e4ytt\u00e4\u00e4 hyl\u00e4tylt\u00e4, kannattaa l\u00e4hesty\u00e4 sit\u00e4 varovasti ja yritt\u00e4\u00e4 saada [&hellip;]<\/p>\n","protected":false},"author":8,"featured_media":0,"parent":2,"menu_order":0,"comment_status":"closed","ping_status":"closed","template":"","meta":{"_acf_changed":false,"footnotes":""},"class_list":["post-68","page","type-page","status-publish","hentry"],"acf":[],"yoast_head":"<!-- This site is optimized with the Yoast SEO plugin v27.1.1 - https:\/\/yoast.com\/product\/yoast-seo-wordpress\/ -->\n<title>Usein kysytty\u00e4 - Salon seudun el\u00e4insuojeluyhdistys<\/title>\n<meta name=\"robots\" content=\"index, follow, max-snippet:-1, max-image-preview:large, max-video-preview:-1\" \/>\n<link rel=\"canonical\" href=\"https:\/\/sey.fi\/salo\/salon-elainsuojelu\/usein-kysyttya\/\" \/>\n<meta property=\"og:locale\" content=\"fi_FI\" \/>\n<meta property=\"og:type\" content=\"article\" \/>\n<meta property=\"og:title\" content=\"Usein kysytty\u00e4 - Salon seudun el\u00e4insuojeluyhdistys\" \/>\n<meta property=\"og:description\" content=\"T\u00e4lt\u00e4 sivulta l\u00f6yd\u00e4t kysymyksi\u00e4 ja&nbsp;neuvoja usein kysyttyihin kysymyksiin.&nbsp;Katso my\u00f6s Lemmikeist\u00e4 yleens\u00e4 &#8211; alasivu, mist\u00e4 l\u00f6ytyy&nbsp;lemmikkiel\u00e4imiin liittyvi\u00e4&nbsp;usein kysyttyj\u00e4 kysymyksi\u00e4. T\u00e4ll\u00e4 sivulla: Mit\u00e4 teen kun kohtaan hyl\u00e4tyn el\u00e4imen?Mit\u00e4 l\u00f6yt\u00e4m\u00e4lleni el\u00e4imelle tapahtuu?N\u00e4in el\u00e4int\u00e4 kohdeltavan huonosti &#8211; mit\u00e4 voin tehd\u00e4? Mit\u00e4 teen kun kohtaan hyl\u00e4tyn el\u00e4imen? Kun kohtaat lemmikin, joka n\u00e4ytt\u00e4\u00e4 hyl\u00e4tylt\u00e4, kannattaa l\u00e4hesty\u00e4 sit\u00e4 varovasti ja yritt\u00e4\u00e4 saada [&hellip;]\" \/>\n<meta property=\"og:url\" content=\"https:\/\/sey.fi\/salo\/salon-elainsuojelu\/usein-kysyttya\/\" \/>\n<meta property=\"og:site_name\" content=\"Salon seudun el\u00e4insuojeluyhdistys\" \/>\n<meta property=\"article:modified_time\" content=\"2020-08-04T07:50:06+00:00\" \/>\n<meta name=\"twitter:card\" content=\"summary_large_image\" \/>\n<meta name=\"twitter:label1\" content=\"Arvioitu lukuaika\" \/>\n\t<meta name=\"twitter:data1\" content=\"3 minuuttia\" \/>\n<script type=\"application\/ld+json\" class=\"yoast-schema-graph\">{\"@context\":\"https:\/\/schema.org\",\"@graph\":[{\"@type\":\"WebPage\",\"@id\":\"https:\/\/sey.fi\/salo\/salon-elainsuojelu\/usein-kysyttya\/\",\"url\":\"https:\/\/sey.fi\/salo\/salon-elainsuojelu\/usein-kysyttya\/\",\"name\":\"Usein kysytty\u00e4 - Salon seudun el\u00e4insuojeluyhdistys\",\"isPartOf\":{\"@id\":\"https:\/\/sey.fi\/salo\/#website\"},\"datePublished\":\"2019-11-15T15:05:14+00:00\",\"dateModified\":\"2020-08-04T07:50:06+00:00\",\"breadcrumb\":{\"@id\":\"https:\/\/sey.fi\/salo\/salon-elainsuojelu\/usein-kysyttya\/#breadcrumb\"},\"inLanguage\":\"fi\",\"potentialAction\":[{\"@type\":\"ReadAction\",\"target\":[\"https:\/\/sey.fi\/salo\/salon-elainsuojelu\/usein-kysyttya\/\"]}]},{\"@type\":\"BreadcrumbList\",\"@id\":\"https:\/\/sey.fi\/salo\/salon-elainsuojelu\/usein-kysyttya\/#breadcrumb\",\"itemListElement\":[{\"@type\":\"ListItem\",\"position\":1,\"name\":\"Home\",\"item\":\"https:\/\/sey.fi\/salo\/\"},{\"@type\":\"ListItem\",\"position\":2,\"name\":\"Salon Seudun El\u00e4insuojeluyhdistys\",\"item\":\"https:\/\/sey.fi\/salo\/\"},{\"@type\":\"ListItem\",\"position\":3,\"name\":\"Usein kysytty\u00e4\"}]},{\"@type\":\"WebSite\",\"@id\":\"https:\/\/sey.fi\/salo\/#website\",\"url\":\"https:\/\/sey.fi\/salo\/\",\"name\":\"Salon seudun el\u00e4insuojeluyhdistys\",\"description\":\"Uusi SEY J\u00e4senyhdistykset -sivusto\",\"potentialAction\":[{\"@type\":\"SearchAction\",\"target\":{\"@type\":\"EntryPoint\",\"urlTemplate\":\"https:\/\/sey.fi\/salo\/?s={search_term_string}\"},\"query-input\":{\"@type\":\"PropertyValueSpecification\",\"valueRequired\":true,\"valueName\":\"search_term_string\"}}],\"inLanguage\":\"fi\"}]}<\/script>\n<!-- \/ Yoast SEO plugin. -->","yoast_head_json":{"title":"Usein kysytty\u00e4 - Salon seudun el\u00e4insuojeluyhdistys","robots":{"index":"index","follow":"follow","max-snippet":"max-snippet:-1","max-image-preview":"max-image-preview:large","max-video-preview":"max-video-preview:-1"},"canonical":"https:\/\/sey.fi\/salo\/salon-elainsuojelu\/usein-kysyttya\/","og_locale":"fi_FI","og_type":"article","og_title":"Usein kysytty\u00e4 - Salon seudun el\u00e4insuojeluyhdistys","og_description":"T\u00e4lt\u00e4 sivulta l\u00f6yd\u00e4t kysymyksi\u00e4 ja&nbsp;neuvoja usein kysyttyihin kysymyksiin.&nbsp;Katso my\u00f6s Lemmikeist\u00e4 yleens\u00e4 &#8211; alasivu, mist\u00e4 l\u00f6ytyy&nbsp;lemmikkiel\u00e4imiin liittyvi\u00e4&nbsp;usein kysyttyj\u00e4 kysymyksi\u00e4. T\u00e4ll\u00e4 sivulla: Mit\u00e4 teen kun kohtaan hyl\u00e4tyn el\u00e4imen?Mit\u00e4 l\u00f6yt\u00e4m\u00e4lleni el\u00e4imelle tapahtuu?N\u00e4in el\u00e4int\u00e4 kohdeltavan huonosti &#8211; mit\u00e4 voin tehd\u00e4? Mit\u00e4 teen kun kohtaan hyl\u00e4tyn el\u00e4imen? Kun kohtaat lemmikin, joka n\u00e4ytt\u00e4\u00e4 hyl\u00e4tylt\u00e4, kannattaa l\u00e4hesty\u00e4 sit\u00e4 varovasti ja yritt\u00e4\u00e4 saada [&hellip;]","og_url":"https:\/\/sey.fi\/salo\/salon-elainsuojelu\/usein-kysyttya\/","og_site_name":"Salon seudun el\u00e4insuojeluyhdistys","article_modified_time":"2020-08-04T07:50:06+00:00","twitter_card":"summary_large_image","twitter_misc":{"Arvioitu lukuaika":"3 minuuttia"},"schema":{"@context":"https:\/\/schema.org","@graph":[{"@type":"WebPage","@id":"https:\/\/sey.fi\/salo\/salon-elainsuojelu\/usein-kysyttya\/","url":"https:\/\/sey.fi\/salo\/salon-elainsuojelu\/usein-kysyttya\/","name":"Usein kysytty\u00e4 - Salon seudun el\u00e4insuojeluyhdistys","isPartOf":{"@id":"https:\/\/sey.fi\/salo\/#website"},"datePublished":"2019-11-15T15:05:14+00:00","dateModified":"2020-08-04T07:50:06+00:00","breadcrumb":{"@id":"https:\/\/sey.fi\/salo\/salon-elainsuojelu\/usein-kysyttya\/#breadcrumb"},"inLanguage":"fi","potentialAction":[{"@type":"ReadAction","target":["https:\/\/sey.fi\/salo\/salon-elainsuojelu\/usein-kysyttya\/"]}]},{"@type":"BreadcrumbList","@id":"https:\/\/sey.fi\/salo\/salon-elainsuojelu\/usein-kysyttya\/#breadcrumb","itemListElement":[{"@type":"ListItem","position":1,"name":"Home","item":"https:\/\/sey.fi\/salo\/"},{"@type":"ListItem","position":2,"name":"Salon Seudun El\u00e4insuojeluyhdistys","item":"https:\/\/sey.fi\/salo\/"},{"@type":"ListItem","position":3,"name":"Usein kysytty\u00e4"}]},{"@type":"WebSite","@id":"https:\/\/sey.fi\/salo\/#website","url":"https:\/\/sey.fi\/salo\/","name":"Salon seudun el\u00e4insuojeluyhdistys","description":"Uusi SEY J\u00e4senyhdistykset -sivusto","potentialAction":[{"@type":"SearchAction","target":{"@type":"EntryPoint","urlTemplate":"https:\/\/sey.fi\/salo\/?s={search_term_string}"},"query-input":{"@type":"PropertyValueSpecification","valueRequired":true,"valueName":"search_term_string"}}],"inLanguage":"fi"}]}},"_links":{"self":[{"href":"https:\/\/sey.fi\/salo\/wp-json\/wp\/v2\/pages\/68","targetHints":{"allow":["GET"]}}],"collection":[{"href":"https:\/\/sey.fi\/salo\/wp-json\/wp\/v2\/pages"}],"about":[{"href":"https:\/\/sey.fi\/salo\/wp-json\/wp\/v2\/types\/page"}],"author":[{"embeddable":true,"href":"https:\/\/sey.fi\/salo\/wp-json\/wp\/v2\/users\/8"}],"replies":[{"embeddable":true,"href":"https:\/\/sey.fi\/salo\/wp-json\/wp\/v2\/comments?post=68"}],"version-history":[{"count":2,"href":"https:\/\/sey.fi\/salo\/wp-json\/wp\/v2\/pages\/68\/revisions"}],"predecessor-version":[{"id":167,"href":"https:\/\/sey.fi\/salo\/wp-json\/wp\/v2\/pages\/68\/revisions\/167"}],"up":[{"embeddable":true,"href":"https:\/\/sey.fi\/salo\/wp-json\/wp\/v2\/pages\/2"}],"wp:attachment":[{"href":"https:\/\/sey.fi\/salo\/wp-json\/wp\/v2\/media?parent=68"}],"curies":[{"name":"wp","href":"https:\/\/api.w.org\/{rel}","templated":true}]}}