{"id":681,"date":"2023-05-08T14:57:46","date_gmt":"2023-05-08T11:57:46","guid":{"rendered":"https:\/\/sey.fi\/salo\/?page_id=681"},"modified":"2025-09-20T16:33:27","modified_gmt":"2025-09-20T13:33:27","slug":"ssey-yhteystiedot","status":"publish","type":"page","link":"https:\/\/sey.fi\/salo\/salon-elainsuojelu\/yhteystiedot\/ssey-yhteystiedot\/","title":{"rendered":"SSEY yhteystiedot"},"content":{"rendered":"\n<p><strong>Salon Seudun El\u00e4insuojeluyhdistys ry<br>Y-tunnus 1447827-5<\/strong><br><strong>Pitopaikkatunnus FI000018136976<br>Esterinkatu 13, 24100 Salo<\/strong><\/p>\n\n\n\n<h2 class=\"wp-block-heading\">S\u00e4hk\u00f6postiosoitteet<\/h2>\n\n\n\n<p>Ei-kiireellisiss\u00e4 asioissa olethan ensisijaisesti yhteydess\u00e4 s\u00e4hk\u00f6postitse.<\/p>\n\n\n\n<p><strong><a href=\"mailto:ssey@ssey.fi\">ssey@ssey.fi<\/a><\/strong><em> | Vapaaehtoistoiminta, hallitus, pienel\u00e4imet, lahjoitukset, rahalahjoitukset, laskutus jne<\/em><br><strong><a href=\"mailto:kissat@ssey.fi\">kissat@ssey.fi<\/a><\/strong><em> | Adoptiot, kodinvaihtajat, sijaiskotiasiat, Kissala, kissakentt\u00e4<\/em><br><strong><a href=\"mailto:koirat@ssey.fi\">koirat@ssey.fi<\/a><\/strong><em> | Adoptiot, kodinvaihtajat, sijaiskotiasiat, Koirala, koirakentt\u00e4<\/em><br><strong><a href=\"mailto:jasensihteeri@ssey.fi\">jasensihteeri@ssey.fi<\/a><\/strong><em> | Osoitteenmuutokset, muut j\u00e4senasiat<\/em><\/p>\n\n\n\n<h2 class=\"wp-block-heading\">Puhelinnumerot<\/h2>\n\n\n\n<p><strong>Kissakentt\u00e4:&nbsp;<\/strong>044 778 4617 (EI adoptiokyselyit\u00e4!)<strong><br>Koirakentt\u00e4: <\/strong>040 913 0777<br><strong>Luonnonvaraiset el\u00e4imet: <\/strong>040 913 0778 Luonnonvaraisten el\u00e4inten puhelinp\u00e4ivystys toimii (arkisin<strong> klo 9-18<\/strong> ja viikonloppuisin<strong> klo 16-18)<\/strong>. J\u00e4t\u00e4th\u00e4n per\u00e4\u00e4si teksti- tai Whatsapp-viestin koskien asiaasi, jos emme pysty sill\u00e4 hetkell\u00e4 vastaamaan puheluusi.<br>Yll\u00e4oleva numero on luonnonvaraisten el\u00e4inten <strong>kuljetuksiin sek\u00e4 hoitoon ottamiseen<\/strong>. Ensisijaisesti neuvontaa kaipaava, otathan yhteytt\u00e4 SEY:n el\u00e4insuojeluneuvojiin, jotka l\u00f6yd\u00e4t alempaa.<\/p>\n\n\n\n<p><strong>Puhelinp\u00e4ivystyksemme toimii klo 8-21<\/strong>, ei y\u00f6p\u00e4ivystyst\u00e4.<br><em><strong>Jos emme ehdi vastaamaan soittoosi,<\/strong><\/em> j\u00e4t\u00e4th\u00e4n meille tekstiviestin! (Voit viestitt\u00e4\u00e4 samaan numeroon, ei \u00e4\u00e4niviestej\u00e4). Palaamme asiaan heti kun enn\u00e4t\u00e4mme. \ud83d\ude42 My\u00f6s puhelinp\u00e4ivystyksemme toimii vapaaehtoisvoimin muun el\u00e4m\u00e4mme ja t\u00f6iden ohella. <\/p>\n\n\n\n<p><strong>Kissojen adoptiokyselyt ja -hakemukset VAIN s\u00e4hk\u00f6postitse!<\/strong><\/p>\n\n\n\n<h2 class=\"wp-block-heading\">Muut puhelinnumerot<\/h2>\n\n\n\n<p><strong><span style=\"text-decoration: underline\"><em>Luonnonvaraisten el\u00e4inten h\u00e4t\u00e4numerot:<\/em><\/span><\/strong><br><strong>Korkeasaaren Villiel\u00e4insairaala: <\/strong>040 334 2954 (joka p\u00e4iv\u00e4 klo 8-19 elokuun loppuun saakka)<br><strong>TESYn El\u00e4inten h\u00e4t\u00e4keskus 24\/7: <\/strong>040 021 3436<\/p>\n\n\n\n<p><strong>Valvontael\u00e4inl\u00e4\u00e4k\u00e4ri:&nbsp;<\/strong>02 778 4619<\/p>\n\n\n\n<p><strong>El\u00e4insuojeluasioihin sek\u00e4 luonnonvaraisten el\u00e4inten auttamiseen neuvontaa antaa Turusta SEY:n el\u00e4insuojeluneuvojat:<\/strong><br>Taru S\u00e4teri: 0400 737 739<\/p>\n\n\n\n<h2 class=\"wp-block-heading\">SSEY aukioloajat<\/h2>\n\n\n\n<p>Toimitilamme Esterinkatu 13:ssa ovat 16.4.2023 l\u00e4htien avoinna <span style=\"text-decoration: underline\"><em>joka sunnuntai klo 12-14<\/em><\/span>. T\u00e4ll\u00f6in otamme vastaan lahjoituksia ja voit vaikka piipahtaa rupattelemassa kahvin \u00e4\u00e4rell\u00e4.<br><strong>Lahjoituksia ei saa j\u00e4tt\u00e4\u00e4 oven taakse<\/strong>, vaan jos et p\u00e4\u00e4se k\u00e4ym\u00e4\u00e4n aukioloajan puitteissa, niin <strong>sovithan k\u00e4ynnist\u00e4si ennakkoon!<\/strong> Teemme vapaaehtoisty\u00f6t\u00e4, joten emme ole aina paikalla.<\/p>\n\n\n<table style=\"height: 60px\" width=\"180\">\n<tbody>\n<tr>\n<td width=\"60\">\n<figure class=\"wp-block-image size-full is-resized\"><a href=\"https:\/\/www.facebook.com\/sseysalo\/\"><img decoding=\"async\" class=\" wp-image-380\" src=\"https:\/\/sey.fi\/wp-content\/uploads\/sites\/28\/2023\/05\/ikoni-facebook.png\" alt=\"\" width=\"50\" \/><\/a><\/figure>\n<\/td>\n<td width=\"60\">\n<figure class=\"wp-block-image size-full is-resized\"><a href=\"https:\/\/www.instagram.com\/ssey_ry\/\"><img decoding=\"async\" class=\"wp-image-380\" src=\"https:\/\/sey.fi\/wp-content\/uploads\/sites\/28\/2023\/05\/ikoni-instagram.png\" alt=\"\" width=\"50\" \/><\/a><\/figure>\n<\/td>\n<td width=\"60\">\n<figure class=\"wp-block-image size-full is-resized\"><a href=\"https:\/\/www.tiktok.com\/@ssey_ry\"><img decoding=\"async\" class=\"wp-image-380\" src=\"https:\/\/sey.fi\/wp-content\/uploads\/sites\/28\/2023\/05\/ikoni-tiktok.png\" alt=\"\" width=\"50\" \/><\/a><\/figure>\n<\/td>\n<\/tr>\n<\/tbody>\n<\/table>","protected":false},"excerpt":{"rendered":"<p>Salon Seudun El\u00e4insuojeluyhdistys ryY-tunnus 1447827-5Pitopaikkatunnus FI000018136976Esterinkatu 13, 24100 Salo S\u00e4hk\u00f6postiosoitteet Ei-kiireellisiss\u00e4 asioissa olethan ensisijaisesti yhteydess\u00e4 s\u00e4hk\u00f6postitse. ssey@ssey.fi | Vapaaehtoistoiminta, hallitus, pienel\u00e4imet, lahjoitukset, rahalahjoitukset, laskutus jnekissat@ssey.fi | Adoptiot, kodinvaihtajat, sijaiskotiasiat, Kissala, kissakentt\u00e4koirat@ssey.fi | Adoptiot, kodinvaihtajat, sijaiskotiasiat, Koirala, koirakentt\u00e4jasensihteeri@ssey.fi | Osoitteenmuutokset, muut j\u00e4senasiat Puhelinnumerot Kissakentt\u00e4:&nbsp;044 778 4617 (EI adoptiokyselyit\u00e4!)Koirakentt\u00e4: 040 913 0777Luonnonvaraiset el\u00e4imet: 040 913 0778 Luonnonvaraisten [&hellip;]<\/p>\n","protected":false},"author":25,"featured_media":0,"parent":679,"menu_order":0,"comment_status":"closed","ping_status":"closed","template":"","meta":{"_acf_changed":false,"footnotes":""},"class_list":["post-681","page","type-page","status-publish","hentry"],"acf":[],"yoast_head":"<!-- This site is optimized with the Yoast SEO plugin v27.1.1 - https:\/\/yoast.com\/product\/yoast-seo-wordpress\/ -->\n<title>SSEY yhteystiedot - Salon seudun el\u00e4insuojeluyhdistys<\/title>\n<meta name=\"robots\" content=\"index, follow, max-snippet:-1, max-image-preview:large, max-video-preview:-1\" \/>\n<link rel=\"canonical\" href=\"https:\/\/sey.fi\/salo\/salon-elainsuojelu\/yhteystiedot\/ssey-yhteystiedot\/\" \/>\n<meta property=\"og:locale\" content=\"fi_FI\" \/>\n<meta property=\"og:type\" content=\"article\" \/>\n<meta property=\"og:title\" content=\"SSEY yhteystiedot - Salon seudun el\u00e4insuojeluyhdistys\" \/>\n<meta property=\"og:description\" content=\"Salon Seudun El\u00e4insuojeluyhdistys ryY-tunnus 1447827-5Pitopaikkatunnus FI000018136976Esterinkatu 13, 24100 Salo S\u00e4hk\u00f6postiosoitteet Ei-kiireellisiss\u00e4 asioissa olethan ensisijaisesti yhteydess\u00e4 s\u00e4hk\u00f6postitse. ssey@ssey.fi | Vapaaehtoistoiminta, hallitus, pienel\u00e4imet, lahjoitukset, rahalahjoitukset, laskutus jnekissat@ssey.fi | Adoptiot, kodinvaihtajat, sijaiskotiasiat, Kissala, kissakentt\u00e4koirat@ssey.fi | Adoptiot, kodinvaihtajat, sijaiskotiasiat, Koirala, koirakentt\u00e4jasensihteeri@ssey.fi | Osoitteenmuutokset, muut j\u00e4senasiat Puhelinnumerot Kissakentt\u00e4:&nbsp;044 778 4617 (EI adoptiokyselyit\u00e4!)Koirakentt\u00e4: 040 913 0777Luonnonvaraiset el\u00e4imet: 040 913 0778 Luonnonvaraisten [&hellip;]\" \/>\n<meta property=\"og:url\" content=\"https:\/\/sey.fi\/salo\/salon-elainsuojelu\/yhteystiedot\/ssey-yhteystiedot\/\" \/>\n<meta property=\"og:site_name\" content=\"Salon seudun el\u00e4insuojeluyhdistys\" \/>\n<meta property=\"article:modified_time\" content=\"2025-09-20T13:33:27+00:00\" \/>\n<meta property=\"og:image\" content=\"https:\/\/sey.fi\/wp-content\/uploads\/sites\/28\/2021\/12\/sini_vesterinen-e1640869102198.jpeg\" \/>\n\t<meta property=\"og:image:width\" content=\"200\" \/>\n\t<meta property=\"og:image:height\" content=\"200\" \/>\n\t<meta property=\"og:image:type\" content=\"image\/jpeg\" \/>\n<meta name=\"twitter:card\" content=\"summary_large_image\" \/>\n<meta name=\"twitter:label1\" content=\"Arvioitu lukuaika\" \/>\n\t<meta name=\"twitter:data1\" content=\"3 minuuttia\" \/>\n<script type=\"application\/ld+json\" class=\"yoast-schema-graph\">{\"@context\":\"https:\/\/schema.org\",\"@graph\":[{\"@type\":\"WebPage\",\"@id\":\"https:\/\/sey.fi\/salo\/salon-elainsuojelu\/yhteystiedot\/ssey-yhteystiedot\/\",\"url\":\"https:\/\/sey.fi\/salo\/salon-elainsuojelu\/yhteystiedot\/ssey-yhteystiedot\/\",\"name\":\"SSEY yhteystiedot - Salon seudun el\u00e4insuojeluyhdistys\",\"isPartOf\":{\"@id\":\"https:\/\/sey.fi\/salo\/#website\"},\"primaryImageOfPage\":{\"@id\":\"https:\/\/sey.fi\/salo\/salon-elainsuojelu\/yhteystiedot\/ssey-yhteystiedot\/#primaryimage\"},\"image\":{\"@id\":\"https:\/\/sey.fi\/salo\/salon-elainsuojelu\/yhteystiedot\/ssey-yhteystiedot\/#primaryimage\"},\"thumbnailUrl\":\"https:\/\/sey.fi\/wp-content\/uploads\/sites\/28\/2023\/05\/ikoni-facebook.png\",\"datePublished\":\"2023-05-08T11:57:46+00:00\",\"dateModified\":\"2025-09-20T13:33:27+00:00\",\"breadcrumb\":{\"@id\":\"https:\/\/sey.fi\/salo\/salon-elainsuojelu\/yhteystiedot\/ssey-yhteystiedot\/#breadcrumb\"},\"inLanguage\":\"fi\",\"potentialAction\":[{\"@type\":\"ReadAction\",\"target\":[\"https:\/\/sey.fi\/salo\/salon-elainsuojelu\/yhteystiedot\/ssey-yhteystiedot\/\"]}]},{\"@type\":\"ImageObject\",\"inLanguage\":\"fi\",\"@id\":\"https:\/\/sey.fi\/salo\/salon-elainsuojelu\/yhteystiedot\/ssey-yhteystiedot\/#primaryimage\",\"url\":\"https:\/\/sey.fi\/wp-content\/uploads\/sites\/28\/2023\/05\/ikoni-facebook.png\",\"contentUrl\":\"https:\/\/sey.fi\/wp-content\/uploads\/sites\/28\/2023\/05\/ikoni-facebook.png\"},{\"@type\":\"BreadcrumbList\",\"@id\":\"https:\/\/sey.fi\/salo\/salon-elainsuojelu\/yhteystiedot\/ssey-yhteystiedot\/#breadcrumb\",\"itemListElement\":[{\"@type\":\"ListItem\",\"position\":1,\"name\":\"Home\",\"item\":\"https:\/\/sey.fi\/salo\/\"},{\"@type\":\"ListItem\",\"position\":2,\"name\":\"Salon Seudun El\u00e4insuojeluyhdistys\",\"item\":\"https:\/\/sey.fi\/salo\/\"},{\"@type\":\"ListItem\",\"position\":3,\"name\":\"Yhteystiedot\",\"item\":\"https:\/\/sey.fi\/salo\/salon-elainsuojelu\/yhteystiedot\/\"},{\"@type\":\"ListItem\",\"position\":4,\"name\":\"SSEY yhteystiedot\"}]},{\"@type\":\"WebSite\",\"@id\":\"https:\/\/sey.fi\/salo\/#website\",\"url\":\"https:\/\/sey.fi\/salo\/\",\"name\":\"Salon seudun el\u00e4insuojeluyhdistys\",\"description\":\"Uusi SEY J\u00e4senyhdistykset -sivusto\",\"potentialAction\":[{\"@type\":\"SearchAction\",\"target\":{\"@type\":\"EntryPoint\",\"urlTemplate\":\"https:\/\/sey.fi\/salo\/?s={search_term_string}\"},\"query-input\":{\"@type\":\"PropertyValueSpecification\",\"valueRequired\":true,\"valueName\":\"search_term_string\"}}],\"inLanguage\":\"fi\"}]}<\/script>\n<!-- \/ Yoast SEO plugin. -->","yoast_head_json":{"title":"SSEY yhteystiedot - Salon seudun el\u00e4insuojeluyhdistys","robots":{"index":"index","follow":"follow","max-snippet":"max-snippet:-1","max-image-preview":"max-image-preview:large","max-video-preview":"max-video-preview:-1"},"canonical":"https:\/\/sey.fi\/salo\/salon-elainsuojelu\/yhteystiedot\/ssey-yhteystiedot\/","og_locale":"fi_FI","og_type":"article","og_title":"SSEY yhteystiedot - Salon seudun el\u00e4insuojeluyhdistys","og_description":"Salon Seudun El\u00e4insuojeluyhdistys ryY-tunnus 1447827-5Pitopaikkatunnus FI000018136976Esterinkatu 13, 24100 Salo S\u00e4hk\u00f6postiosoitteet Ei-kiireellisiss\u00e4 asioissa olethan ensisijaisesti yhteydess\u00e4 s\u00e4hk\u00f6postitse. ssey@ssey.fi | Vapaaehtoistoiminta, hallitus, pienel\u00e4imet, lahjoitukset, rahalahjoitukset, laskutus jnekissat@ssey.fi | Adoptiot, kodinvaihtajat, sijaiskotiasiat, Kissala, kissakentt\u00e4koirat@ssey.fi | Adoptiot, kodinvaihtajat, sijaiskotiasiat, Koirala, koirakentt\u00e4jasensihteeri@ssey.fi | Osoitteenmuutokset, muut j\u00e4senasiat Puhelinnumerot Kissakentt\u00e4:&nbsp;044 778 4617 (EI adoptiokyselyit\u00e4!)Koirakentt\u00e4: 040 913 0777Luonnonvaraiset el\u00e4imet: 040 913 0778 Luonnonvaraisten [&hellip;]","og_url":"https:\/\/sey.fi\/salo\/salon-elainsuojelu\/yhteystiedot\/ssey-yhteystiedot\/","og_site_name":"Salon seudun el\u00e4insuojeluyhdistys","article_modified_time":"2025-09-20T13:33:27+00:00","og_image":[{"width":200,"height":200,"url":"https:\/\/sey.fi\/wp-content\/uploads\/sites\/28\/2021\/12\/sini_vesterinen-e1640869102198.jpeg","type":"image\/jpeg"}],"twitter_card":"summary_large_image","twitter_misc":{"Arvioitu lukuaika":"3 minuuttia"},"schema":{"@context":"https:\/\/schema.org","@graph":[{"@type":"WebPage","@id":"https:\/\/sey.fi\/salo\/salon-elainsuojelu\/yhteystiedot\/ssey-yhteystiedot\/","url":"https:\/\/sey.fi\/salo\/salon-elainsuojelu\/yhteystiedot\/ssey-yhteystiedot\/","name":"SSEY yhteystiedot - Salon seudun el\u00e4insuojeluyhdistys","isPartOf":{"@id":"https:\/\/sey.fi\/salo\/#website"},"primaryImageOfPage":{"@id":"https:\/\/sey.fi\/salo\/salon-elainsuojelu\/yhteystiedot\/ssey-yhteystiedot\/#primaryimage"},"image":{"@id":"https:\/\/sey.fi\/salo\/salon-elainsuojelu\/yhteystiedot\/ssey-yhteystiedot\/#primaryimage"},"thumbnailUrl":"https:\/\/sey.fi\/wp-content\/uploads\/sites\/28\/2023\/05\/ikoni-facebook.png","datePublished":"2023-05-08T11:57:46+00:00","dateModified":"2025-09-20T13:33:27+00:00","breadcrumb":{"@id":"https:\/\/sey.fi\/salo\/salon-elainsuojelu\/yhteystiedot\/ssey-yhteystiedot\/#breadcrumb"},"inLanguage":"fi","potentialAction":[{"@type":"ReadAction","target":["https:\/\/sey.fi\/salo\/salon-elainsuojelu\/yhteystiedot\/ssey-yhteystiedot\/"]}]},{"@type":"ImageObject","inLanguage":"fi","@id":"https:\/\/sey.fi\/salo\/salon-elainsuojelu\/yhteystiedot\/ssey-yhteystiedot\/#primaryimage","url":"https:\/\/sey.fi\/wp-content\/uploads\/sites\/28\/2023\/05\/ikoni-facebook.png","contentUrl":"https:\/\/sey.fi\/wp-content\/uploads\/sites\/28\/2023\/05\/ikoni-facebook.png"},{"@type":"BreadcrumbList","@id":"https:\/\/sey.fi\/salo\/salon-elainsuojelu\/yhteystiedot\/ssey-yhteystiedot\/#breadcrumb","itemListElement":[{"@type":"ListItem","position":1,"name":"Home","item":"https:\/\/sey.fi\/salo\/"},{"@type":"ListItem","position":2,"name":"Salon Seudun El\u00e4insuojeluyhdistys","item":"https:\/\/sey.fi\/salo\/"},{"@type":"ListItem","position":3,"name":"Yhteystiedot","item":"https:\/\/sey.fi\/salo\/salon-elainsuojelu\/yhteystiedot\/"},{"@type":"ListItem","position":4,"name":"SSEY yhteystiedot"}]},{"@type":"WebSite","@id":"https:\/\/sey.fi\/salo\/#website","url":"https:\/\/sey.fi\/salo\/","name":"Salon seudun el\u00e4insuojeluyhdistys","description":"Uusi SEY J\u00e4senyhdistykset -sivusto","potentialAction":[{"@type":"SearchAction","target":{"@type":"EntryPoint","urlTemplate":"https:\/\/sey.fi\/salo\/?s={search_term_string}"},"query-input":{"@type":"PropertyValueSpecification","valueRequired":true,"valueName":"search_term_string"}}],"inLanguage":"fi"}]}},"_links":{"self":[{"href":"https:\/\/sey.fi\/salo\/wp-json\/wp\/v2\/pages\/681","targetHints":{"allow":["GET"]}}],"collection":[{"href":"https:\/\/sey.fi\/salo\/wp-json\/wp\/v2\/pages"}],"about":[{"href":"https:\/\/sey.fi\/salo\/wp-json\/wp\/v2\/types\/page"}],"author":[{"embeddable":true,"href":"https:\/\/sey.fi\/salo\/wp-json\/wp\/v2\/users\/25"}],"replies":[{"embeddable":true,"href":"https:\/\/sey.fi\/salo\/wp-json\/wp\/v2\/comments?post=681"}],"version-history":[{"count":18,"href":"https:\/\/sey.fi\/salo\/wp-json\/wp\/v2\/pages\/681\/revisions"}],"predecessor-version":[{"id":1211,"href":"https:\/\/sey.fi\/salo\/wp-json\/wp\/v2\/pages\/681\/revisions\/1211"}],"up":[{"embeddable":true,"href":"https:\/\/sey.fi\/salo\/wp-json\/wp\/v2\/pages\/679"}],"wp:attachment":[{"href":"https:\/\/sey.fi\/salo\/wp-json\/wp\/v2\/media?parent=681"}],"curies":[{"name":"wp","href":"https:\/\/api.w.org\/{rel}","templated":true}]}}