{"id":683,"date":"2023-05-08T22:43:21","date_gmt":"2023-05-08T19:43:21","guid":{"rendered":"https:\/\/sey.fi\/salo\/?page_id=683"},"modified":"2026-03-27T14:36:50","modified_gmt":"2026-03-27T12:36:50","slug":"hallitus-ja-vastuuhenkilot","status":"publish","type":"page","link":"https:\/\/sey.fi\/salo\/salon-elainsuojelu\/yhteystiedot\/hallitus-ja-vastuuhenkilot\/","title":{"rendered":"Hallitus ja vastuuhenkil\u00f6t"},"content":{"rendered":"\n<h2 class=\"wp-block-heading\">Hallitus 2026<\/h2>\n\n\n<table style=\"height: 1000px\" width=\"430\">\n<tbody>\n<tr>\n<td>\n<figure class=\"wp-block-image alignleft size-full is-resized is-style-rounded\"><img decoding=\"async\" class=\"wp-image-380\" src=\"https:\/\/sey.fi\/wp-content\/uploads\/sites\/28\/2024\/01\/elina-launiainen200x200.jpg\" alt=\"\" width=\"150\" \/><\/figure>\n<\/td>\n<td>\n<p><strong>Puheenjohtaja<\/strong><br \/>Elina Launiainen<br \/><a href=\"mailto:elina.launiainen@gmail.com\">elina.launiainen@gmail.com<\/a><\/p>\n<\/td>\n<\/tr>\n<tr>\n<td>\n<figure class=\"wp-block-image alignleft size-full is-resized is-style-rounded\"><img decoding=\"async\" class=\"wp-image-215\" src=\"https:\/\/sey.fi\/wp-content\/uploads\/sites\/28\/2020\/09\/anneliilolax150.jpg\" alt=\"\" width=\"150\" \/><\/figure>\n<\/td>\n<td>\n<p><strong>Varapuheenjohtaja<br \/>Kissalan toiminta<\/strong><br \/>Anneli Ilola<br \/><a href=\"mailto:annelijilola@hotmail.com\">annelijilola@hotmail.com<\/a><\/p>\n<\/td>\n<\/tr>\n<tr>\n<td>\n<figure class=\"wp-block-image alignleft size-full is-style-rounded\"><img decoding=\"async\" class=\"wp-image-214\" src=\"https:\/\/sey.fi\/wp-content\/uploads\/sites\/28\/2025\/01\/johanna-raman200x200.jpg\" alt=\"\" width=\"150\" \/><\/figure>\n<\/td>\n<td>\n<p><strong>Sihteeri<br \/>Kissakentt\u00e4<\/strong><br \/>Johanna R\u00e5man<br \/><a href=\"mailto:johanna.c.raman@gmail.com\">johanna.c.raman@gmail.com<\/a><\/p>\n<\/td>\n<\/tr>\n<tr>\n<td>\n<figure class=\"wp-block-image alignleft size-large is-resized is-style-rounded\"><img loading=\"lazy\" decoding=\"async\" class=\"alignnone wp-image-1224 \" src=\"https:\/\/sey.fi\/wp-content\/uploads\/sites\/28\/2026\/01\/04a6531b-b373-44a3-9777-71d4339d50b6-290x300.jpg\" alt=\"\" width=\"147\" height=\"152\" srcset=\"https:\/\/sey.fi\/wp-content\/uploads\/sites\/28\/2026\/01\/04a6531b-b373-44a3-9777-71d4339d50b6-290x300.jpg 290w, https:\/\/sey.fi\/wp-content\/uploads\/sites\/28\/2026\/01\/04a6531b-b373-44a3-9777-71d4339d50b6-989x1024.jpg 989w, https:\/\/sey.fi\/wp-content\/uploads\/sites\/28\/2026\/01\/04a6531b-b373-44a3-9777-71d4339d50b6-768x795.jpg 768w, https:\/\/sey.fi\/wp-content\/uploads\/sites\/28\/2026\/01\/04a6531b-b373-44a3-9777-71d4339d50b6-1484x1536.jpg 1484w, https:\/\/sey.fi\/wp-content\/uploads\/sites\/28\/2026\/01\/04a6531b-b373-44a3-9777-71d4339d50b6.jpg 1920w\" sizes=\"auto, (max-width: 147px) 100vw, 147px\" \/><\/figure>\n<\/td>\n<td>\n<p><strong>Luonnonvaraiset el\u00e4imet<\/strong><br \/>Noora Laaksonen<br \/><a href=\"mailto:noora.laaksonen@hotmail.com\">noora.laaksonen@hotmail.com<\/a><\/p>\n<\/td>\n<\/tr>\n<tr>\n<td>\n<figure class=\"wp-block-image alignleft size-full is-resized is-style-rounded\"><img loading=\"lazy\" decoding=\"async\" class=\"alignnone wp-image-1225 \" src=\"https:\/\/sey.fi\/wp-content\/uploads\/sites\/28\/2026\/01\/a479ffec-1c1a-43fc-a59a-fead13c51cae-e1769679382236-284x300.jpg\" alt=\"\" width=\"147\" height=\"155\" srcset=\"https:\/\/sey.fi\/wp-content\/uploads\/sites\/28\/2026\/01\/a479ffec-1c1a-43fc-a59a-fead13c51cae-e1769679382236-284x300.jpg 284w, https:\/\/sey.fi\/wp-content\/uploads\/sites\/28\/2026\/01\/a479ffec-1c1a-43fc-a59a-fead13c51cae-e1769679382236-969x1024.jpg 969w, https:\/\/sey.fi\/wp-content\/uploads\/sites\/28\/2026\/01\/a479ffec-1c1a-43fc-a59a-fead13c51cae-e1769679382236-768x811.jpg 768w, https:\/\/sey.fi\/wp-content\/uploads\/sites\/28\/2026\/01\/a479ffec-1c1a-43fc-a59a-fead13c51cae-e1769679382236.jpg 1117w\" sizes=\"auto, (max-width: 147px) 100vw, 147px\" \/><\/figure>\n<\/td>\n<td>\n<p><strong>Tapahtumat<br \/>Varainhankinta<\/strong><br \/>Anneli Glans<br \/><a href=\"mailto:anneli.glans@gmail.com\">anneli.glans@gmail.com<\/a><\/p>\n<\/td>\n<\/tr>\n<tr>\n<td>\n<figure class=\"wp-block-image alignleft size-large is-resized is-style-rounded\"><img loading=\"lazy\" decoding=\"async\" class=\"alignnone  wp-image-380\" src=\"https:\/\/sey.fi\/wp-content\/uploads\/sites\/28\/2021\/12\/johanna_jarvinen-e1640869125918.jpeg\" alt=\"\" width=\"147\" height=\"147\" \/><\/figure>\n<\/td>\n<td>\n<p><strong>Koirat<\/strong><br \/>Johanna J\u00e4rvinen<br \/><a href=\"mailto:ssey@ssey.fi\"><span data-olk-copy-source=\"MessageBody\">ssey<\/span>@ssey.fi<\/a><\/p>\n<\/td>\n<\/tr>\n<\/tbody>\n<\/table>\n\n\n<h2 class=\"wp-block-heading\">Muut vastuuhenkil\u00f6t<\/h2>\n\n\n<table style=\"height: 500px\" width=\"430\">\n<tbody>\n<tr>\n<td>\n<figure class=\"wp-block-image alignleft size-large is-resized is-style-rounded\"><img decoding=\"async\" class=\"wp-image-378 alignnone\" src=\"https:\/\/sey.fi\/wp-content\/uploads\/sites\/28\/2025\/01\/anni-jaakkola-andersson200x200.jpg\" alt=\"\" width=\"150\" \/><\/figure>\n<\/td>\n<td>\n<p><strong>Kissojen sijaiskotitoiminta<\/strong><br \/>Anni Jaakkola-Andersson<br \/><a href=\"mailto:kissat@ssey.fi\">kissat@ssey.fi<\/a><\/p>\n<\/td>\n<\/tr>\n<tr>\n<td>\u00a0<\/td>\n<td>\u00a0<\/td>\n<\/tr>\n<tr>\n<td>\n<figure class=\"wp-block-image alignleft size-large is-resized is-style-rounded\"><img loading=\"lazy\" decoding=\"async\" class=\"alignnone wp-image-1232 \" src=\"https:\/\/sey.fi\/wp-content\/uploads\/sites\/28\/2026\/03\/WhatsApp-Image-2026-03-23-at-10.32.06-e1774613791890-300x300.jpeg\" alt=\"\" width=\"150\" height=\"150\" srcset=\"https:\/\/sey.fi\/wp-content\/uploads\/sites\/28\/2026\/03\/WhatsApp-Image-2026-03-23-at-10.32.06-e1774613791890-300x300.jpeg 300w, https:\/\/sey.fi\/wp-content\/uploads\/sites\/28\/2026\/03\/WhatsApp-Image-2026-03-23-at-10.32.06-e1774613791890-1024x1024.jpeg 1024w, https:\/\/sey.fi\/wp-content\/uploads\/sites\/28\/2026\/03\/WhatsApp-Image-2026-03-23-at-10.32.06-e1774613791890-150x150.jpeg 150w, https:\/\/sey.fi\/wp-content\/uploads\/sites\/28\/2026\/03\/WhatsApp-Image-2026-03-23-at-10.32.06-e1774613791890-768x768.jpeg 768w, https:\/\/sey.fi\/wp-content\/uploads\/sites\/28\/2026\/03\/WhatsApp-Image-2026-03-23-at-10.32.06-e1774613791890-160x160.jpeg 160w, https:\/\/sey.fi\/wp-content\/uploads\/sites\/28\/2026\/03\/WhatsApp-Image-2026-03-23-at-10.32.06-e1774613791890.jpeg 1503w\" sizes=\"auto, (max-width: 150px) 100vw, 150px\" \/><\/figure>\n<\/td>\n<td>\n<p><strong>Luonnonvaraiset el\u00e4imet<\/strong><br \/>Petra Liman<br \/><a href=\"mailto:limanpetra95@gmail.com\">limanpetra95@gmail.com<\/a><\/p>\n<\/td>\n<\/tr>\n<tr>\n<td>\u00a0<\/td>\n<td>\u00a0<\/td>\n<\/tr>\n<tr>\n<td>\n<figure class=\"wp-block-image alignleft size-full is-resized\"><img loading=\"lazy\" decoding=\"async\" class=\"alignnone wp-image-1233 \" src=\"https:\/\/sey.fi\/wp-content\/uploads\/sites\/28\/2026\/03\/sini_vesterinen-e1640869049734-300x300-1.jpeg\" alt=\"\" width=\"150\" height=\"150\" srcset=\"https:\/\/sey.fi\/wp-content\/uploads\/sites\/28\/2026\/03\/sini_vesterinen-e1640869049734-300x300-1.jpeg 300w, https:\/\/sey.fi\/wp-content\/uploads\/sites\/28\/2026\/03\/sini_vesterinen-e1640869049734-300x300-1-150x150.jpeg 150w, https:\/\/sey.fi\/wp-content\/uploads\/sites\/28\/2026\/03\/sini_vesterinen-e1640869049734-300x300-1-160x160.jpeg 160w\" sizes=\"auto, (max-width: 150px) 100vw, 150px\" \/><\/figure>\n<\/td>\n<td>\n<p><strong>Muut el\u00e4imet<\/strong><br \/>Sini Vesterinen<br \/><a href=\"mailto:sini.vesterinen@sey.fi\">sini.vesterinen@sey.fi<\/a><\/p>\n<\/td>\n<\/tr>\n<\/tbody>\n<\/table>\n<table style=\"height: 500px\" width=\"430\">\n<tbody>\n<tr>\n<\/tr>\n<tr>\n<td>\n<figure class=\"wp-block-image alignleft size-large is-resized is-style-rounded\"><img loading=\"lazy\" decoding=\"async\" class=\"alignnone wp-image-996 \" src=\"https:\/\/sey.fi\/wp-content\/uploads\/sites\/28\/2024\/01\/ssey-logo200x200.jpg\" alt=\"\" width=\"149\" height=\"149\" srcset=\"https:\/\/sey.fi\/wp-content\/uploads\/sites\/28\/2024\/01\/ssey-logo200x200.jpg 200w, https:\/\/sey.fi\/wp-content\/uploads\/sites\/28\/2024\/01\/ssey-logo200x200-150x150.jpg 150w, https:\/\/sey.fi\/wp-content\/uploads\/sites\/28\/2024\/01\/ssey-logo200x200-160x160.jpg 160w\" sizes=\"auto, (max-width: 149px) 100vw, 149px\" \/><\/figure>\n<\/td>\n<td>\n<p><strong>Mediavastaava<\/strong><br \/>Eveliina Kunnas<br \/><a href=\"mailto:kunnas.eveliina@hotmail.com\">kunnas.eveliina@hotmail.com<\/a><\/p>\n<\/td>\n<\/tr>\n<tr>\n<td>\n<figure class=\"wp-block-image alignleft size-full is-resized\"><img decoding=\"async\" class=\"wp-image-510\" src=\"https:\/\/sey.fi\/wp-content\/uploads\/sites\/28\/2024\/01\/ssey-logo200x200.jpg\" alt=\"Salon Seudun El\u00e4insuojeluyhdistys joutsenlogo\" width=\"150\" \/><\/figure>\n<\/td>\n<td>\n<p><strong>J\u00e4sensihteeri<\/strong><br \/>Piia Halme<br \/><a href=\"mailto:jasensihteeri@ssey.fi\">jasensihteeri@ssey.fi<\/a><\/p>\n<\/td>\n<\/tr>\n<\/tbody>\n<\/table>\n\n\n<h2 class=\"wp-block-heading\">Yleiset osastojen s\u00e4hk\u00f6postiosoitteet<\/h2>\n\n\n\n<p><strong><a href=\"mailto:ssey@ssey.fi\">ssey@ssey.fi<\/a><\/strong><em> | Vapaaehtoistoiminta, hallitus, muut el\u00e4imet, lahjoitukset, rahalahjoitukset, laskutus, rahastonhoitaja jne<\/em><br><strong><a href=\"mailto:kissat@ssey.fi\">kissat@ssey.fi<\/a><\/strong><em> | Adoptiot, kodinvaihtajat, sijaiskotiasiat, Kissala, kissakentt\u00e4<\/em><br><strong><a href=\"mailto:koirat@ssey.fi\">koirat@ssey.fi<\/a><\/strong><em> | Adoptiot, kodinvaihtajat, sijaiskotiasiat, Koirala, koirakentt\u00e4<\/em><\/p>\n","protected":false},"excerpt":{"rendered":"<p>Hallitus 2026 PuheenjohtajaElina Launiainenelina.launiainen@gmail.com VarapuheenjohtajaKissalan toimintaAnneli Ilolaannelijilola@hotmail.com SihteeriKissakentt\u00e4Johanna R\u00e5manjohanna.c.raman@gmail.com Luonnonvaraiset el\u00e4imetNoora Laaksonennoora.laaksonen@hotmail.com TapahtumatVarainhankintaAnneli Glansanneli.glans@gmail.com KoiratJohanna J\u00e4rvinenssey@ssey.fi Muut vastuuhenkil\u00f6t Kissojen sijaiskotitoimintaAnni Jaakkola-Anderssonkissat@ssey.fi \u00a0 \u00a0 Luonnonvaraiset el\u00e4imetPetra Limanlimanpetra95@gmail.com \u00a0 \u00a0 Muut el\u00e4imetSini Vesterinensini.vesterinen@sey.fi MediavastaavaEveliina Kunnaskunnas.eveliina@hotmail.com J\u00e4sensihteeriPiia Halmejasensihteeri@ssey.fi Yleiset osastojen s\u00e4hk\u00f6postiosoitteet ssey@ssey.fi | Vapaaehtoistoiminta, hallitus, muut el\u00e4imet, lahjoitukset, rahalahjoitukset, laskutus, rahastonhoitaja jnekissat@ssey.fi | Adoptiot, kodinvaihtajat, sijaiskotiasiat, Kissala, kissakentt\u00e4koirat@ssey.fi [&hellip;]<\/p>\n","protected":false},"author":25,"featured_media":0,"parent":679,"menu_order":0,"comment_status":"closed","ping_status":"closed","template":"","meta":{"_acf_changed":false,"footnotes":""},"class_list":["post-683","page","type-page","status-publish","hentry"],"acf":[],"yoast_head":"<!-- This site is optimized with the Yoast SEO plugin v27.1.1 - https:\/\/yoast.com\/product\/yoast-seo-wordpress\/ -->\n<title>Hallitus ja vastuuhenkil\u00f6t - Salon seudun el\u00e4insuojeluyhdistys<\/title>\n<meta name=\"robots\" content=\"index, follow, max-snippet:-1, max-image-preview:large, max-video-preview:-1\" \/>\n<link rel=\"canonical\" href=\"https:\/\/sey.fi\/salo\/salon-elainsuojelu\/yhteystiedot\/hallitus-ja-vastuuhenkilot\/\" \/>\n<meta property=\"og:locale\" content=\"fi_FI\" \/>\n<meta property=\"og:type\" content=\"article\" \/>\n<meta property=\"og:title\" content=\"Hallitus ja vastuuhenkil\u00f6t - Salon seudun el\u00e4insuojeluyhdistys\" \/>\n<meta property=\"og:description\" content=\"Hallitus 2026 PuheenjohtajaElina Launiainenelina.launiainen@gmail.com VarapuheenjohtajaKissalan toimintaAnneli Ilolaannelijilola@hotmail.com SihteeriKissakentt\u00e4Johanna R\u00e5manjohanna.c.raman@gmail.com Luonnonvaraiset el\u00e4imetNoora Laaksonennoora.laaksonen@hotmail.com TapahtumatVarainhankintaAnneli Glansanneli.glans@gmail.com KoiratJohanna J\u00e4rvinenssey@ssey.fi Muut vastuuhenkil\u00f6t Kissojen sijaiskotitoimintaAnni Jaakkola-Anderssonkissat@ssey.fi \u00a0 \u00a0 Luonnonvaraiset el\u00e4imetPetra Limanlimanpetra95@gmail.com \u00a0 \u00a0 Muut el\u00e4imetSini Vesterinensini.vesterinen@sey.fi MediavastaavaEveliina Kunnaskunnas.eveliina@hotmail.com J\u00e4sensihteeriPiia Halmejasensihteeri@ssey.fi Yleiset osastojen s\u00e4hk\u00f6postiosoitteet ssey@ssey.fi | Vapaaehtoistoiminta, hallitus, muut el\u00e4imet, lahjoitukset, rahalahjoitukset, laskutus, rahastonhoitaja jnekissat@ssey.fi | Adoptiot, kodinvaihtajat, sijaiskotiasiat, Kissala, kissakentt\u00e4koirat@ssey.fi [&hellip;]\" \/>\n<meta property=\"og:url\" content=\"https:\/\/sey.fi\/salo\/salon-elainsuojelu\/yhteystiedot\/hallitus-ja-vastuuhenkilot\/\" \/>\n<meta property=\"og:site_name\" content=\"Salon seudun el\u00e4insuojeluyhdistys\" \/>\n<meta property=\"article:modified_time\" content=\"2026-03-27T12:36:50+00:00\" \/>\n<meta property=\"og:image\" content=\"https:\/\/sey.fi\/wp-content\/uploads\/sites\/28\/2021\/12\/sini_vesterinen-e1640869102198.jpeg\" \/>\n\t<meta property=\"og:image:width\" content=\"200\" \/>\n\t<meta property=\"og:image:height\" content=\"200\" \/>\n\t<meta property=\"og:image:type\" content=\"image\/jpeg\" \/>\n<meta name=\"twitter:card\" content=\"summary_large_image\" \/>\n<meta name=\"twitter:label1\" content=\"Arvioitu lukuaika\" \/>\n\t<meta name=\"twitter:data1\" content=\"3 minuuttia\" \/>\n<script type=\"application\/ld+json\" class=\"yoast-schema-graph\">{\"@context\":\"https:\/\/schema.org\",\"@graph\":[{\"@type\":\"WebPage\",\"@id\":\"https:\/\/sey.fi\/salo\/salon-elainsuojelu\/yhteystiedot\/hallitus-ja-vastuuhenkilot\/\",\"url\":\"https:\/\/sey.fi\/salo\/salon-elainsuojelu\/yhteystiedot\/hallitus-ja-vastuuhenkilot\/\",\"name\":\"Hallitus ja vastuuhenkil\u00f6t - Salon seudun el\u00e4insuojeluyhdistys\",\"isPartOf\":{\"@id\":\"https:\/\/sey.fi\/salo\/#website\"},\"primaryImageOfPage\":{\"@id\":\"https:\/\/sey.fi\/salo\/salon-elainsuojelu\/yhteystiedot\/hallitus-ja-vastuuhenkilot\/#primaryimage\"},\"image\":{\"@id\":\"https:\/\/sey.fi\/salo\/salon-elainsuojelu\/yhteystiedot\/hallitus-ja-vastuuhenkilot\/#primaryimage\"},\"thumbnailUrl\":\"https:\/\/sey.fi\/wp-content\/uploads\/sites\/28\/2024\/01\/elina-launiainen200x200.jpg\",\"datePublished\":\"2023-05-08T19:43:21+00:00\",\"dateModified\":\"2026-03-27T12:36:50+00:00\",\"breadcrumb\":{\"@id\":\"https:\/\/sey.fi\/salo\/salon-elainsuojelu\/yhteystiedot\/hallitus-ja-vastuuhenkilot\/#breadcrumb\"},\"inLanguage\":\"fi\",\"potentialAction\":[{\"@type\":\"ReadAction\",\"target\":[\"https:\/\/sey.fi\/salo\/salon-elainsuojelu\/yhteystiedot\/hallitus-ja-vastuuhenkilot\/\"]}]},{\"@type\":\"ImageObject\",\"inLanguage\":\"fi\",\"@id\":\"https:\/\/sey.fi\/salo\/salon-elainsuojelu\/yhteystiedot\/hallitus-ja-vastuuhenkilot\/#primaryimage\",\"url\":\"https:\/\/sey.fi\/wp-content\/uploads\/sites\/28\/2024\/01\/elina-launiainen200x200.jpg\",\"contentUrl\":\"https:\/\/sey.fi\/wp-content\/uploads\/sites\/28\/2024\/01\/elina-launiainen200x200.jpg\"},{\"@type\":\"BreadcrumbList\",\"@id\":\"https:\/\/sey.fi\/salo\/salon-elainsuojelu\/yhteystiedot\/hallitus-ja-vastuuhenkilot\/#breadcrumb\",\"itemListElement\":[{\"@type\":\"ListItem\",\"position\":1,\"name\":\"Home\",\"item\":\"https:\/\/sey.fi\/salo\/\"},{\"@type\":\"ListItem\",\"position\":2,\"name\":\"Salon Seudun El\u00e4insuojeluyhdistys\",\"item\":\"https:\/\/sey.fi\/salo\/\"},{\"@type\":\"ListItem\",\"position\":3,\"name\":\"Yhteystiedot\",\"item\":\"https:\/\/sey.fi\/salo\/salon-elainsuojelu\/yhteystiedot\/\"},{\"@type\":\"ListItem\",\"position\":4,\"name\":\"Hallitus ja vastuuhenkil\u00f6t\"}]},{\"@type\":\"WebSite\",\"@id\":\"https:\/\/sey.fi\/salo\/#website\",\"url\":\"https:\/\/sey.fi\/salo\/\",\"name\":\"Salon seudun el\u00e4insuojeluyhdistys\",\"description\":\"Uusi SEY J\u00e4senyhdistykset -sivusto\",\"potentialAction\":[{\"@type\":\"SearchAction\",\"target\":{\"@type\":\"EntryPoint\",\"urlTemplate\":\"https:\/\/sey.fi\/salo\/?s={search_term_string}\"},\"query-input\":{\"@type\":\"PropertyValueSpecification\",\"valueRequired\":true,\"valueName\":\"search_term_string\"}}],\"inLanguage\":\"fi\"}]}<\/script>\n<!-- \/ Yoast SEO plugin. -->","yoast_head_json":{"title":"Hallitus ja vastuuhenkil\u00f6t - Salon seudun el\u00e4insuojeluyhdistys","robots":{"index":"index","follow":"follow","max-snippet":"max-snippet:-1","max-image-preview":"max-image-preview:large","max-video-preview":"max-video-preview:-1"},"canonical":"https:\/\/sey.fi\/salo\/salon-elainsuojelu\/yhteystiedot\/hallitus-ja-vastuuhenkilot\/","og_locale":"fi_FI","og_type":"article","og_title":"Hallitus ja vastuuhenkil\u00f6t - Salon seudun el\u00e4insuojeluyhdistys","og_description":"Hallitus 2026 PuheenjohtajaElina Launiainenelina.launiainen@gmail.com VarapuheenjohtajaKissalan toimintaAnneli Ilolaannelijilola@hotmail.com SihteeriKissakentt\u00e4Johanna R\u00e5manjohanna.c.raman@gmail.com Luonnonvaraiset el\u00e4imetNoora Laaksonennoora.laaksonen@hotmail.com TapahtumatVarainhankintaAnneli Glansanneli.glans@gmail.com KoiratJohanna J\u00e4rvinenssey@ssey.fi Muut vastuuhenkil\u00f6t Kissojen sijaiskotitoimintaAnni Jaakkola-Anderssonkissat@ssey.fi \u00a0 \u00a0 Luonnonvaraiset el\u00e4imetPetra Limanlimanpetra95@gmail.com \u00a0 \u00a0 Muut el\u00e4imetSini Vesterinensini.vesterinen@sey.fi MediavastaavaEveliina Kunnaskunnas.eveliina@hotmail.com J\u00e4sensihteeriPiia Halmejasensihteeri@ssey.fi Yleiset osastojen s\u00e4hk\u00f6postiosoitteet ssey@ssey.fi | Vapaaehtoistoiminta, hallitus, muut el\u00e4imet, lahjoitukset, rahalahjoitukset, laskutus, rahastonhoitaja jnekissat@ssey.fi | Adoptiot, kodinvaihtajat, sijaiskotiasiat, Kissala, kissakentt\u00e4koirat@ssey.fi [&hellip;]","og_url":"https:\/\/sey.fi\/salo\/salon-elainsuojelu\/yhteystiedot\/hallitus-ja-vastuuhenkilot\/","og_site_name":"Salon seudun el\u00e4insuojeluyhdistys","article_modified_time":"2026-03-27T12:36:50+00:00","og_image":[{"width":200,"height":200,"url":"https:\/\/sey.fi\/wp-content\/uploads\/sites\/28\/2021\/12\/sini_vesterinen-e1640869102198.jpeg","type":"image\/jpeg"}],"twitter_card":"summary_large_image","twitter_misc":{"Arvioitu lukuaika":"3 minuuttia"},"schema":{"@context":"https:\/\/schema.org","@graph":[{"@type":"WebPage","@id":"https:\/\/sey.fi\/salo\/salon-elainsuojelu\/yhteystiedot\/hallitus-ja-vastuuhenkilot\/","url":"https:\/\/sey.fi\/salo\/salon-elainsuojelu\/yhteystiedot\/hallitus-ja-vastuuhenkilot\/","name":"Hallitus ja vastuuhenkil\u00f6t - Salon seudun el\u00e4insuojeluyhdistys","isPartOf":{"@id":"https:\/\/sey.fi\/salo\/#website"},"primaryImageOfPage":{"@id":"https:\/\/sey.fi\/salo\/salon-elainsuojelu\/yhteystiedot\/hallitus-ja-vastuuhenkilot\/#primaryimage"},"image":{"@id":"https:\/\/sey.fi\/salo\/salon-elainsuojelu\/yhteystiedot\/hallitus-ja-vastuuhenkilot\/#primaryimage"},"thumbnailUrl":"https:\/\/sey.fi\/wp-content\/uploads\/sites\/28\/2024\/01\/elina-launiainen200x200.jpg","datePublished":"2023-05-08T19:43:21+00:00","dateModified":"2026-03-27T12:36:50+00:00","breadcrumb":{"@id":"https:\/\/sey.fi\/salo\/salon-elainsuojelu\/yhteystiedot\/hallitus-ja-vastuuhenkilot\/#breadcrumb"},"inLanguage":"fi","potentialAction":[{"@type":"ReadAction","target":["https:\/\/sey.fi\/salo\/salon-elainsuojelu\/yhteystiedot\/hallitus-ja-vastuuhenkilot\/"]}]},{"@type":"ImageObject","inLanguage":"fi","@id":"https:\/\/sey.fi\/salo\/salon-elainsuojelu\/yhteystiedot\/hallitus-ja-vastuuhenkilot\/#primaryimage","url":"https:\/\/sey.fi\/wp-content\/uploads\/sites\/28\/2024\/01\/elina-launiainen200x200.jpg","contentUrl":"https:\/\/sey.fi\/wp-content\/uploads\/sites\/28\/2024\/01\/elina-launiainen200x200.jpg"},{"@type":"BreadcrumbList","@id":"https:\/\/sey.fi\/salo\/salon-elainsuojelu\/yhteystiedot\/hallitus-ja-vastuuhenkilot\/#breadcrumb","itemListElement":[{"@type":"ListItem","position":1,"name":"Home","item":"https:\/\/sey.fi\/salo\/"},{"@type":"ListItem","position":2,"name":"Salon Seudun El\u00e4insuojeluyhdistys","item":"https:\/\/sey.fi\/salo\/"},{"@type":"ListItem","position":3,"name":"Yhteystiedot","item":"https:\/\/sey.fi\/salo\/salon-elainsuojelu\/yhteystiedot\/"},{"@type":"ListItem","position":4,"name":"Hallitus ja vastuuhenkil\u00f6t"}]},{"@type":"WebSite","@id":"https:\/\/sey.fi\/salo\/#website","url":"https:\/\/sey.fi\/salo\/","name":"Salon seudun el\u00e4insuojeluyhdistys","description":"Uusi SEY J\u00e4senyhdistykset -sivusto","potentialAction":[{"@type":"SearchAction","target":{"@type":"EntryPoint","urlTemplate":"https:\/\/sey.fi\/salo\/?s={search_term_string}"},"query-input":{"@type":"PropertyValueSpecification","valueRequired":true,"valueName":"search_term_string"}}],"inLanguage":"fi"}]}},"_links":{"self":[{"href":"https:\/\/sey.fi\/salo\/wp-json\/wp\/v2\/pages\/683","targetHints":{"allow":["GET"]}}],"collection":[{"href":"https:\/\/sey.fi\/salo\/wp-json\/wp\/v2\/pages"}],"about":[{"href":"https:\/\/sey.fi\/salo\/wp-json\/wp\/v2\/types\/page"}],"author":[{"embeddable":true,"href":"https:\/\/sey.fi\/salo\/wp-json\/wp\/v2\/users\/25"}],"replies":[{"embeddable":true,"href":"https:\/\/sey.fi\/salo\/wp-json\/wp\/v2\/comments?post=683"}],"version-history":[{"count":36,"href":"https:\/\/sey.fi\/salo\/wp-json\/wp\/v2\/pages\/683\/revisions"}],"predecessor-version":[{"id":1235,"href":"https:\/\/sey.fi\/salo\/wp-json\/wp\/v2\/pages\/683\/revisions\/1235"}],"up":[{"embeddable":true,"href":"https:\/\/sey.fi\/salo\/wp-json\/wp\/v2\/pages\/679"}],"wp:attachment":[{"href":"https:\/\/sey.fi\/salo\/wp-json\/wp\/v2\/media?parent=683"}],"curies":[{"name":"wp","href":"https:\/\/api.w.org\/{rel}","templated":true}]}}