{"id":701,"date":"2023-05-08T16:12:15","date_gmt":"2023-05-08T13:12:15","guid":{"rendered":"https:\/\/sey.fi\/salo\/?page_id=701"},"modified":"2025-11-07T15:01:30","modified_gmt":"2025-11-07T13:01:30","slug":"elainlaakarit","status":"publish","type":"page","link":"https:\/\/sey.fi\/salo\/salon-elainsuojelu\/yhteystiedot\/elainlaakarit\/","title":{"rendered":"El\u00e4inl\u00e4\u00e4k\u00e4rit"},"content":{"rendered":"\n<h2 class=\"wp-block-heading\">P\u00e4ivyst\u00e4v\u00e4 el\u00e4inl\u00e4\u00e4k\u00e4ri<\/h2>\n\n\n\n<p>El\u00e4inl\u00e4\u00e4k\u00e4rip\u00e4ivystys (\u00f6isin ja viikonloppuisin) on tarkoitettu kiireellisille sairastapauksille.<br>Ma-to klo: 17.00 \u2013 08.00<br>Perjantaista klo: 17.00 maanantaiseen klo: 08.00<\/p>\n\n\n\n<p>P\u00e4ivystysaikana pienel\u00e4imet hoidetaan Raision Papuvet pienel\u00e4inp\u00e4ivystyksess\u00e4.<\/p>\n\n\n\n<p><a href=\"https:\/\/www.papuvet.com\/\" target=\"_blank\" rel=\"noreferrer noopener\"><strong><a href=\"https:\/\/www.papuvet.com\/\"><strong>Papuvet<\/strong><\/a><\/strong><\/a><br>Kappontie 4, 21210 Raisio<br><strong>puh<\/strong>. <strong>0600 124 44<\/strong><\/p>\n\n\n\n<p>Muita el\u00e4inp\u00e4ivystyksi\u00e4:<\/p>\n\n\n\n<p><a href=\"https:\/\/evidensia.fi\/elainlaakariasema\/elainsairaala-vettori\/\" target=\"_blank\" rel=\"noreferrer noopener\"><strong>El\u00e4insairaala Vettori<\/strong><\/a> (Evidensia)<br>Purokatu 3, 21200 Raisio<br><strong>puh. <strong>0600 418 806<\/strong><\/strong><\/p>\n\n\n\n<p>Hy\u00f6tyel\u00e4inp\u00e4ivystyksest\u00e4 vastaavat kaupunginel\u00e4inl\u00e4\u00e4k\u00e4rit p\u00e4ivystysvuoronsa mukaisesti.<br>Keskitetty palvelunumero: <strong>puh. 0600 041 451<\/strong><\/p>\n\n\n\n<h2 class=\"wp-block-heading\">El\u00e4inl\u00e4\u00e4k\u00e4riasemat<\/h2>\n\n\n\n<p><a href=\"https:\/\/www.axxell.fi\/fi\/smadjurskliniken\" target=\"_blank\" rel=\"noreferrer noopener\"><strong>Axxell Brusaby pienel\u00e4inklinikka, Kemi\u00f6<\/strong><\/a><br>Brusabyntie 2, 25700 Kemi\u00f6<br>puh. 0500 110&nbsp;660<\/p>\n\n\n\n<p><a href=\"https:\/\/salo.fi\/asuminen-ja-ymparisto\/ymparistoterveys-ja-elainten-hyvinvointi\/elainten-hyvinvointi\/elainlaakarit\/\"><strong>Salon kaupungin el\u00e4inl\u00e4\u00e4k\u00e4ripalvelut<\/strong><\/a><br>Puhelinaika vastaanotoille ma-pe klo 08.00-10.00<br><strong>Halikon toimipiste<\/strong><br>Puistokuja 2, 24800 Halikko<br>puh. 02 778 4603 tai<br>puh. 02 778 4604<\/p>\n\n\n\n<p><strong>Perni\u00f6n toimipiste<\/strong><br>Haarlantie 19, 25500 Perni\u00f6<br>puh: 02 778 4602<\/p>\n\n\n\n<p><a href=\"https:\/\/ehyt.info\/\"><strong>El\u00e4inklinikka EHYT Oy<\/strong><\/a><br>Maorlantie 1, 24800 Halikko<br>puh. 02 722 1221<\/p>\n\n\n\n<p><a href=\"http:\/\/www.evidensia.fi\/klinikat\/salo\/elainlaakariasema-evidensia-salo\/\"><strong>Salovet<\/strong><\/a><br>Horninkatu 7, 24100 Salo<br>Puh. 0300 484 777<\/p>\n\n\n\n<p><a href=\"https:\/\/www.pernionelainklinikka.com\/\" target=\"_blank\" rel=\"noreferrer noopener\"><strong>Perni\u00f6n El\u00e4inklinikka Hirnu ja Haukku<\/strong><\/a><br>Haarlantie 8 C, 25500 Perni\u00f6<br>puh. 050 313 2998<\/p>\n\n\n\n<p><a href=\"http:\/\/www.vetmedi.fi\/\"><strong>VetMedi Salo<\/strong><\/a><br>Merikulmantie 645, 24130 Salo<br>ELL Jenni Rauman<br>puh. 045 145 7261<\/p>\n\n\n\n<p><a href=\"http:\/\/www.sammalo.fi\/\"><strong>Sammalon El\u00e4inklinikka<\/strong><\/a><br>Sammalontie 17, 25110 Kruusila<br>puh. 0400 828 576<\/p>\n\n\n\n<h2 class=\"wp-block-heading\">Muut<\/h2>\n\n\n\n<p><strong>Valvontael\u00e4inl\u00e4\u00e4k\u00e4ri<\/strong><br>Hornintie 2-4, 24800 Halikko<br>puh: 02 778 8880<\/p>\n\n\n\n<p><strong>Ymp\u00e4rist\u00f6terveysp\u00e4\u00e4llikk\u00f6<\/strong><br>Hornintie 2-4, 24800 Halikko<br>Noora Hinkka<br>puh: 044 778 4601<\/p>\n","protected":false},"excerpt":{"rendered":"<p>P\u00e4ivyst\u00e4v\u00e4 el\u00e4inl\u00e4\u00e4k\u00e4ri El\u00e4inl\u00e4\u00e4k\u00e4rip\u00e4ivystys (\u00f6isin ja viikonloppuisin) on tarkoitettu kiireellisille sairastapauksille.Ma-to klo: 17.00 \u2013 08.00Perjantaista klo: 17.00 maanantaiseen klo: 08.00 P\u00e4ivystysaikana pienel\u00e4imet hoidetaan Raision Papuvet pienel\u00e4inp\u00e4ivystyksess\u00e4. PapuvetKappontie 4, 21210 Raisiopuh. 0600 124 44 Muita el\u00e4inp\u00e4ivystyksi\u00e4: El\u00e4insairaala Vettori (Evidensia)Purokatu 3, 21200 Raisiopuh. 0600 418 806 Hy\u00f6tyel\u00e4inp\u00e4ivystyksest\u00e4 vastaavat kaupunginel\u00e4inl\u00e4\u00e4k\u00e4rit p\u00e4ivystysvuoronsa mukaisesti.Keskitetty palvelunumero: puh. 0600 041 451 El\u00e4inl\u00e4\u00e4k\u00e4riasemat Axxell [&hellip;]<\/p>\n","protected":false},"author":25,"featured_media":0,"parent":679,"menu_order":0,"comment_status":"closed","ping_status":"closed","template":"","meta":{"_acf_changed":false,"footnotes":""},"class_list":["post-701","page","type-page","status-publish","hentry"],"acf":[],"yoast_head":"<!-- This site is optimized with the Yoast SEO plugin v27.1.1 - https:\/\/yoast.com\/product\/yoast-seo-wordpress\/ -->\n<title>El\u00e4inl\u00e4\u00e4k\u00e4rit - Salon seudun el\u00e4insuojeluyhdistys<\/title>\n<meta name=\"robots\" content=\"index, follow, max-snippet:-1, max-image-preview:large, max-video-preview:-1\" \/>\n<link rel=\"canonical\" href=\"https:\/\/sey.fi\/salo\/salon-elainsuojelu\/yhteystiedot\/elainlaakarit\/\" \/>\n<meta property=\"og:locale\" content=\"fi_FI\" \/>\n<meta property=\"og:type\" content=\"article\" \/>\n<meta property=\"og:title\" content=\"El\u00e4inl\u00e4\u00e4k\u00e4rit - Salon seudun el\u00e4insuojeluyhdistys\" \/>\n<meta property=\"og:description\" content=\"P\u00e4ivyst\u00e4v\u00e4 el\u00e4inl\u00e4\u00e4k\u00e4ri El\u00e4inl\u00e4\u00e4k\u00e4rip\u00e4ivystys (\u00f6isin ja viikonloppuisin) on tarkoitettu kiireellisille sairastapauksille.Ma-to klo: 17.00 \u2013 08.00Perjantaista klo: 17.00 maanantaiseen klo: 08.00 P\u00e4ivystysaikana pienel\u00e4imet hoidetaan Raision Papuvet pienel\u00e4inp\u00e4ivystyksess\u00e4. PapuvetKappontie 4, 21210 Raisiopuh. 0600 124 44 Muita el\u00e4inp\u00e4ivystyksi\u00e4: El\u00e4insairaala Vettori (Evidensia)Purokatu 3, 21200 Raisiopuh. 0600 418 806 Hy\u00f6tyel\u00e4inp\u00e4ivystyksest\u00e4 vastaavat kaupunginel\u00e4inl\u00e4\u00e4k\u00e4rit p\u00e4ivystysvuoronsa mukaisesti.Keskitetty palvelunumero: puh. 0600 041 451 El\u00e4inl\u00e4\u00e4k\u00e4riasemat Axxell [&hellip;]\" \/>\n<meta property=\"og:url\" content=\"https:\/\/sey.fi\/salo\/salon-elainsuojelu\/yhteystiedot\/elainlaakarit\/\" \/>\n<meta property=\"og:site_name\" content=\"Salon seudun el\u00e4insuojeluyhdistys\" \/>\n<meta property=\"article:modified_time\" content=\"2025-11-07T13:01:30+00:00\" \/>\n<meta name=\"twitter:card\" content=\"summary_large_image\" \/>\n<meta name=\"twitter:label1\" content=\"Arvioitu lukuaika\" \/>\n\t<meta name=\"twitter:data1\" content=\"2 minuuttia\" \/>\n<script type=\"application\/ld+json\" class=\"yoast-schema-graph\">{\"@context\":\"https:\/\/schema.org\",\"@graph\":[{\"@type\":\"WebPage\",\"@id\":\"https:\/\/sey.fi\/salo\/salon-elainsuojelu\/yhteystiedot\/elainlaakarit\/\",\"url\":\"https:\/\/sey.fi\/salo\/salon-elainsuojelu\/yhteystiedot\/elainlaakarit\/\",\"name\":\"El\u00e4inl\u00e4\u00e4k\u00e4rit - Salon seudun el\u00e4insuojeluyhdistys\",\"isPartOf\":{\"@id\":\"https:\/\/sey.fi\/salo\/#website\"},\"datePublished\":\"2023-05-08T13:12:15+00:00\",\"dateModified\":\"2025-11-07T13:01:30+00:00\",\"breadcrumb\":{\"@id\":\"https:\/\/sey.fi\/salo\/salon-elainsuojelu\/yhteystiedot\/elainlaakarit\/#breadcrumb\"},\"inLanguage\":\"fi\",\"potentialAction\":[{\"@type\":\"ReadAction\",\"target\":[\"https:\/\/sey.fi\/salo\/salon-elainsuojelu\/yhteystiedot\/elainlaakarit\/\"]}]},{\"@type\":\"BreadcrumbList\",\"@id\":\"https:\/\/sey.fi\/salo\/salon-elainsuojelu\/yhteystiedot\/elainlaakarit\/#breadcrumb\",\"itemListElement\":[{\"@type\":\"ListItem\",\"position\":1,\"name\":\"Home\",\"item\":\"https:\/\/sey.fi\/salo\/\"},{\"@type\":\"ListItem\",\"position\":2,\"name\":\"Salon Seudun El\u00e4insuojeluyhdistys\",\"item\":\"https:\/\/sey.fi\/salo\/\"},{\"@type\":\"ListItem\",\"position\":3,\"name\":\"Yhteystiedot\",\"item\":\"https:\/\/sey.fi\/salo\/salon-elainsuojelu\/yhteystiedot\/\"},{\"@type\":\"ListItem\",\"position\":4,\"name\":\"El\u00e4inl\u00e4\u00e4k\u00e4rit\"}]},{\"@type\":\"WebSite\",\"@id\":\"https:\/\/sey.fi\/salo\/#website\",\"url\":\"https:\/\/sey.fi\/salo\/\",\"name\":\"Salon seudun el\u00e4insuojeluyhdistys\",\"description\":\"Uusi SEY J\u00e4senyhdistykset -sivusto\",\"potentialAction\":[{\"@type\":\"SearchAction\",\"target\":{\"@type\":\"EntryPoint\",\"urlTemplate\":\"https:\/\/sey.fi\/salo\/?s={search_term_string}\"},\"query-input\":{\"@type\":\"PropertyValueSpecification\",\"valueRequired\":true,\"valueName\":\"search_term_string\"}}],\"inLanguage\":\"fi\"}]}<\/script>\n<!-- \/ Yoast SEO plugin. -->","yoast_head_json":{"title":"El\u00e4inl\u00e4\u00e4k\u00e4rit - Salon seudun el\u00e4insuojeluyhdistys","robots":{"index":"index","follow":"follow","max-snippet":"max-snippet:-1","max-image-preview":"max-image-preview:large","max-video-preview":"max-video-preview:-1"},"canonical":"https:\/\/sey.fi\/salo\/salon-elainsuojelu\/yhteystiedot\/elainlaakarit\/","og_locale":"fi_FI","og_type":"article","og_title":"El\u00e4inl\u00e4\u00e4k\u00e4rit - Salon seudun el\u00e4insuojeluyhdistys","og_description":"P\u00e4ivyst\u00e4v\u00e4 el\u00e4inl\u00e4\u00e4k\u00e4ri El\u00e4inl\u00e4\u00e4k\u00e4rip\u00e4ivystys (\u00f6isin ja viikonloppuisin) on tarkoitettu kiireellisille sairastapauksille.Ma-to klo: 17.00 \u2013 08.00Perjantaista klo: 17.00 maanantaiseen klo: 08.00 P\u00e4ivystysaikana pienel\u00e4imet hoidetaan Raision Papuvet pienel\u00e4inp\u00e4ivystyksess\u00e4. PapuvetKappontie 4, 21210 Raisiopuh. 0600 124 44 Muita el\u00e4inp\u00e4ivystyksi\u00e4: El\u00e4insairaala Vettori (Evidensia)Purokatu 3, 21200 Raisiopuh. 0600 418 806 Hy\u00f6tyel\u00e4inp\u00e4ivystyksest\u00e4 vastaavat kaupunginel\u00e4inl\u00e4\u00e4k\u00e4rit p\u00e4ivystysvuoronsa mukaisesti.Keskitetty palvelunumero: puh. 0600 041 451 El\u00e4inl\u00e4\u00e4k\u00e4riasemat Axxell [&hellip;]","og_url":"https:\/\/sey.fi\/salo\/salon-elainsuojelu\/yhteystiedot\/elainlaakarit\/","og_site_name":"Salon seudun el\u00e4insuojeluyhdistys","article_modified_time":"2025-11-07T13:01:30+00:00","twitter_card":"summary_large_image","twitter_misc":{"Arvioitu lukuaika":"2 minuuttia"},"schema":{"@context":"https:\/\/schema.org","@graph":[{"@type":"WebPage","@id":"https:\/\/sey.fi\/salo\/salon-elainsuojelu\/yhteystiedot\/elainlaakarit\/","url":"https:\/\/sey.fi\/salo\/salon-elainsuojelu\/yhteystiedot\/elainlaakarit\/","name":"El\u00e4inl\u00e4\u00e4k\u00e4rit - Salon seudun el\u00e4insuojeluyhdistys","isPartOf":{"@id":"https:\/\/sey.fi\/salo\/#website"},"datePublished":"2023-05-08T13:12:15+00:00","dateModified":"2025-11-07T13:01:30+00:00","breadcrumb":{"@id":"https:\/\/sey.fi\/salo\/salon-elainsuojelu\/yhteystiedot\/elainlaakarit\/#breadcrumb"},"inLanguage":"fi","potentialAction":[{"@type":"ReadAction","target":["https:\/\/sey.fi\/salo\/salon-elainsuojelu\/yhteystiedot\/elainlaakarit\/"]}]},{"@type":"BreadcrumbList","@id":"https:\/\/sey.fi\/salo\/salon-elainsuojelu\/yhteystiedot\/elainlaakarit\/#breadcrumb","itemListElement":[{"@type":"ListItem","position":1,"name":"Home","item":"https:\/\/sey.fi\/salo\/"},{"@type":"ListItem","position":2,"name":"Salon Seudun El\u00e4insuojeluyhdistys","item":"https:\/\/sey.fi\/salo\/"},{"@type":"ListItem","position":3,"name":"Yhteystiedot","item":"https:\/\/sey.fi\/salo\/salon-elainsuojelu\/yhteystiedot\/"},{"@type":"ListItem","position":4,"name":"El\u00e4inl\u00e4\u00e4k\u00e4rit"}]},{"@type":"WebSite","@id":"https:\/\/sey.fi\/salo\/#website","url":"https:\/\/sey.fi\/salo\/","name":"Salon seudun el\u00e4insuojeluyhdistys","description":"Uusi SEY J\u00e4senyhdistykset -sivusto","potentialAction":[{"@type":"SearchAction","target":{"@type":"EntryPoint","urlTemplate":"https:\/\/sey.fi\/salo\/?s={search_term_string}"},"query-input":{"@type":"PropertyValueSpecification","valueRequired":true,"valueName":"search_term_string"}}],"inLanguage":"fi"}]}},"_links":{"self":[{"href":"https:\/\/sey.fi\/salo\/wp-json\/wp\/v2\/pages\/701","targetHints":{"allow":["GET"]}}],"collection":[{"href":"https:\/\/sey.fi\/salo\/wp-json\/wp\/v2\/pages"}],"about":[{"href":"https:\/\/sey.fi\/salo\/wp-json\/wp\/v2\/types\/page"}],"author":[{"embeddable":true,"href":"https:\/\/sey.fi\/salo\/wp-json\/wp\/v2\/users\/25"}],"replies":[{"embeddable":true,"href":"https:\/\/sey.fi\/salo\/wp-json\/wp\/v2\/comments?post=701"}],"version-history":[{"count":6,"href":"https:\/\/sey.fi\/salo\/wp-json\/wp\/v2\/pages\/701\/revisions"}],"predecessor-version":[{"id":1222,"href":"https:\/\/sey.fi\/salo\/wp-json\/wp\/v2\/pages\/701\/revisions\/1222"}],"up":[{"embeddable":true,"href":"https:\/\/sey.fi\/salo\/wp-json\/wp\/v2\/pages\/679"}],"wp:attachment":[{"href":"https:\/\/sey.fi\/salo\/wp-json\/wp\/v2\/media?parent=701"}],"curies":[{"name":"wp","href":"https:\/\/api.w.org\/{rel}","templated":true}]}}