{"id":708,"date":"2023-05-08T16:53:16","date_gmt":"2023-05-08T13:53:16","guid":{"rendered":"https:\/\/sey.fi\/salo\/?page_id=708"},"modified":"2023-05-09T15:16:54","modified_gmt":"2023-05-09T12:16:54","slug":"linkkeja","status":"publish","type":"page","link":"https:\/\/sey.fi\/salo\/salon-elainsuojelu\/yhteystiedot\/linkkeja\/","title":{"rendered":"Linkkej\u00e4"},"content":{"rendered":"\n<h2 class=\"wp-block-heading\">L\u00e4hialueen el\u00e4insuojeluj\u00e4rjest\u00f6j\u00e4<\/h2>\n\n\n\n<p><strong>Salo<\/strong><br><a href=\"https:\/\/www.suojakotitoivo.fi\/\" target=\"_blank\" rel=\"noreferrer noopener\">El\u00e4inten Suojakoti Toivo<\/a><br><a href=\"http:\/\/www.sey.fi\/salo\" target=\"_blank\" rel=\"noreferrer noopener\">Salon Seudun El\u00e4insuojeluyhdistys ry SSEY<\/a><br><a href=\"http:\/\/www.sey.fi\/pernio\" target=\"_blank\" rel=\"noreferrer noopener\">Perni\u00f6n Seudun El\u00e4insuojeluyhdistys ry<\/a><\/p>\n\n\n\n<p><strong>Somero<\/strong><br><a href=\"https:\/\/tuulispaa.org\/\" target=\"_blank\" rel=\"noreferrer noopener\">El\u00e4insuojelukeskus Tuulisp\u00e4\u00e4<\/a><br><a href=\"https:\/\/someronelainapu.fi\/\" target=\"_blank\" rel=\"noreferrer noopener\">Someron El\u00e4inapuyhdistys<\/a><\/p>\n\n\n\n<p><strong>L\u00e4ntinen Uusimaa<\/strong><br><a href=\"http:\/\/www.eksy.fi\/etusivu\" target=\"_blank\" rel=\"noreferrer noopener\">Etel\u00e4k\u00e4rjen El\u00e4insuojeluyhdistys ry EKSY<\/a><br><a href=\"https:\/\/www.lesy.fi\/\" target=\"_blank\" rel=\"noreferrer noopener\">Lohjan El\u00e4insuojeluyhdistys ry LESY<\/a><br><a href=\"https:\/\/sey.fi\/lantisen-uudenmaan-elainsuojeluyhdistys\/\" target=\"_blank\" rel=\"noreferrer noopener\">L\u00e4ntisen Uudenmaan El\u00e4insuojeluyhdistys ry LUE<\/a><br><a href=\"https:\/\/www.skeppsdalfamily.fi\/\" target=\"_blank\" rel=\"noreferrer noopener\">Skeppsdal Family<\/a><\/p>\n\n\n\n<p><strong>Varsinais-Suomi<\/strong><br><a href=\"https:\/\/www.dewi.info\/\" target=\"_blank\" rel=\"noreferrer noopener\">El\u00e4insuojeluyhdistys Dewi ry<\/a><br><a href=\"https:\/\/www.lemmikkiry.fi\/\" target=\"_blank\" rel=\"noreferrer noopener\">El\u00e4inten hyvinvointiyhdistys Lemmikki ry<\/a><br><a href=\"https:\/\/seyloimaa.fi\/\" target=\"_blank\" rel=\"noreferrer noopener\">SEY Loimaa ry<\/a><br><a href=\"https:\/\/slekry.com\/\" target=\"_blank\" rel=\"noreferrer noopener\">Suomen L\u00f6yt\u00f6el\u00e4inten Kummit ry SLEK<\/a><br><a href=\"https:\/\/www.tesy.fi\/\" target=\"_blank\" rel=\"noreferrer noopener\">Turun El\u00e4insuojeluyhdistys ry TESY<\/a><\/p>\n\n\n\n<h2 class=\"wp-block-heading\">Harrastustoiminta<\/h2>\n\n\n\n<p><a href=\"https:\/\/www.salonmurre.fi\/\" target=\"_blank\" rel=\"noreferrer noopener\">Salon Murren Koirahalli<\/a><br><a href=\"http:\/\/ssph.omasivu.fi\/\" target=\"_blank\" rel=\"noreferrer noopener\">Salon Seudun Palveluskoiraharrastajat ry SSPH<\/a><\/p>\n\n\n\n<h2 class=\"wp-block-heading\">Lemmikkiel\u00e4intuhkaus ja -hautaus<\/h2>\n\n\n\n<p><a href=\"https:\/\/www.xn--salonelintuhkaus-1nb.fi\/\">Salon El\u00e4intuhkaus<\/a><br><a href=\"https:\/\/salo.fi\/asuminen-ja-ymparisto\/ymparistoterveys-ja-elainten-hyvinvointi\/elainten-hyvinvointi\/pienelainten-hautaaminen\/\" target=\"_blank\" rel=\"noreferrer noopener\">Salon kaupungin pienel\u00e4inhautausmaa<\/a><br><a href=\"https:\/\/sey.fi\/salo\/salon-elainsuojelu\/toiminta-2\/pienelainhautausmaa\/\">Peppursuon pienel\u00e4inhautausmaa<\/a><\/p>\n","protected":false},"excerpt":{"rendered":"<p>L\u00e4hialueen el\u00e4insuojeluj\u00e4rjest\u00f6j\u00e4 SaloEl\u00e4inten Suojakoti ToivoSalon Seudun El\u00e4insuojeluyhdistys ry SSEYPerni\u00f6n Seudun El\u00e4insuojeluyhdistys ry SomeroEl\u00e4insuojelukeskus Tuulisp\u00e4\u00e4Someron El\u00e4inapuyhdistys L\u00e4ntinen UusimaaEtel\u00e4k\u00e4rjen El\u00e4insuojeluyhdistys ry EKSYLohjan El\u00e4insuojeluyhdistys ry LESYL\u00e4ntisen Uudenmaan El\u00e4insuojeluyhdistys ry LUESkeppsdal Family Varsinais-SuomiEl\u00e4insuojeluyhdistys Dewi ryEl\u00e4inten hyvinvointiyhdistys Lemmikki rySEY Loimaa rySuomen L\u00f6yt\u00f6el\u00e4inten Kummit ry SLEKTurun El\u00e4insuojeluyhdistys ry TESY Harrastustoiminta Salon Murren KoirahalliSalon Seudun Palveluskoiraharrastajat ry SSPH Lemmikkiel\u00e4intuhkaus ja -hautaus Salon [&hellip;]<\/p>\n","protected":false},"author":25,"featured_media":0,"parent":679,"menu_order":0,"comment_status":"closed","ping_status":"closed","template":"","meta":{"_acf_changed":false,"footnotes":""},"class_list":["post-708","page","type-page","status-publish","hentry"],"acf":[],"yoast_head":"<!-- This site is optimized with the Yoast SEO plugin v27.1.1 - https:\/\/yoast.com\/product\/yoast-seo-wordpress\/ -->\n<title>Linkkej\u00e4 - Salon seudun el\u00e4insuojeluyhdistys<\/title>\n<meta name=\"robots\" content=\"index, follow, max-snippet:-1, max-image-preview:large, max-video-preview:-1\" \/>\n<link rel=\"canonical\" href=\"https:\/\/sey.fi\/salo\/salon-elainsuojelu\/yhteystiedot\/linkkeja\/\" \/>\n<meta property=\"og:locale\" content=\"fi_FI\" \/>\n<meta property=\"og:type\" content=\"article\" \/>\n<meta property=\"og:title\" content=\"Linkkej\u00e4 - Salon seudun el\u00e4insuojeluyhdistys\" \/>\n<meta property=\"og:description\" content=\"L\u00e4hialueen el\u00e4insuojeluj\u00e4rjest\u00f6j\u00e4 SaloEl\u00e4inten Suojakoti ToivoSalon Seudun El\u00e4insuojeluyhdistys ry SSEYPerni\u00f6n Seudun El\u00e4insuojeluyhdistys ry SomeroEl\u00e4insuojelukeskus Tuulisp\u00e4\u00e4Someron El\u00e4inapuyhdistys L\u00e4ntinen UusimaaEtel\u00e4k\u00e4rjen El\u00e4insuojeluyhdistys ry EKSYLohjan El\u00e4insuojeluyhdistys ry LESYL\u00e4ntisen Uudenmaan El\u00e4insuojeluyhdistys ry LUESkeppsdal Family Varsinais-SuomiEl\u00e4insuojeluyhdistys Dewi ryEl\u00e4inten hyvinvointiyhdistys Lemmikki rySEY Loimaa rySuomen L\u00f6yt\u00f6el\u00e4inten Kummit ry SLEKTurun El\u00e4insuojeluyhdistys ry TESY Harrastustoiminta Salon Murren KoirahalliSalon Seudun Palveluskoiraharrastajat ry SSPH Lemmikkiel\u00e4intuhkaus ja -hautaus Salon [&hellip;]\" \/>\n<meta property=\"og:url\" content=\"https:\/\/sey.fi\/salo\/salon-elainsuojelu\/yhteystiedot\/linkkeja\/\" \/>\n<meta property=\"og:site_name\" content=\"Salon seudun el\u00e4insuojeluyhdistys\" \/>\n<meta property=\"article:modified_time\" content=\"2023-05-09T12:16:54+00:00\" \/>\n<meta name=\"twitter:card\" content=\"summary_large_image\" \/>\n<meta name=\"twitter:label1\" content=\"Arvioitu lukuaika\" \/>\n\t<meta name=\"twitter:data1\" content=\"1 minuutti\" \/>\n<script type=\"application\/ld+json\" class=\"yoast-schema-graph\">{\"@context\":\"https:\/\/schema.org\",\"@graph\":[{\"@type\":\"WebPage\",\"@id\":\"https:\/\/sey.fi\/salo\/salon-elainsuojelu\/yhteystiedot\/linkkeja\/\",\"url\":\"https:\/\/sey.fi\/salo\/salon-elainsuojelu\/yhteystiedot\/linkkeja\/\",\"name\":\"Linkkej\u00e4 - Salon seudun el\u00e4insuojeluyhdistys\",\"isPartOf\":{\"@id\":\"https:\/\/sey.fi\/salo\/#website\"},\"datePublished\":\"2023-05-08T13:53:16+00:00\",\"dateModified\":\"2023-05-09T12:16:54+00:00\",\"breadcrumb\":{\"@id\":\"https:\/\/sey.fi\/salo\/salon-elainsuojelu\/yhteystiedot\/linkkeja\/#breadcrumb\"},\"inLanguage\":\"fi\",\"potentialAction\":[{\"@type\":\"ReadAction\",\"target\":[\"https:\/\/sey.fi\/salo\/salon-elainsuojelu\/yhteystiedot\/linkkeja\/\"]}]},{\"@type\":\"BreadcrumbList\",\"@id\":\"https:\/\/sey.fi\/salo\/salon-elainsuojelu\/yhteystiedot\/linkkeja\/#breadcrumb\",\"itemListElement\":[{\"@type\":\"ListItem\",\"position\":1,\"name\":\"Home\",\"item\":\"https:\/\/sey.fi\/salo\/\"},{\"@type\":\"ListItem\",\"position\":2,\"name\":\"Salon Seudun El\u00e4insuojeluyhdistys\",\"item\":\"https:\/\/sey.fi\/salo\/\"},{\"@type\":\"ListItem\",\"position\":3,\"name\":\"Yhteystiedot\",\"item\":\"https:\/\/sey.fi\/salo\/salon-elainsuojelu\/yhteystiedot\/\"},{\"@type\":\"ListItem\",\"position\":4,\"name\":\"Linkkej\u00e4\"}]},{\"@type\":\"WebSite\",\"@id\":\"https:\/\/sey.fi\/salo\/#website\",\"url\":\"https:\/\/sey.fi\/salo\/\",\"name\":\"Salon seudun el\u00e4insuojeluyhdistys\",\"description\":\"Uusi SEY J\u00e4senyhdistykset -sivusto\",\"potentialAction\":[{\"@type\":\"SearchAction\",\"target\":{\"@type\":\"EntryPoint\",\"urlTemplate\":\"https:\/\/sey.fi\/salo\/?s={search_term_string}\"},\"query-input\":{\"@type\":\"PropertyValueSpecification\",\"valueRequired\":true,\"valueName\":\"search_term_string\"}}],\"inLanguage\":\"fi\"}]}<\/script>\n<!-- \/ Yoast SEO plugin. -->","yoast_head_json":{"title":"Linkkej\u00e4 - Salon seudun el\u00e4insuojeluyhdistys","robots":{"index":"index","follow":"follow","max-snippet":"max-snippet:-1","max-image-preview":"max-image-preview:large","max-video-preview":"max-video-preview:-1"},"canonical":"https:\/\/sey.fi\/salo\/salon-elainsuojelu\/yhteystiedot\/linkkeja\/","og_locale":"fi_FI","og_type":"article","og_title":"Linkkej\u00e4 - Salon seudun el\u00e4insuojeluyhdistys","og_description":"L\u00e4hialueen el\u00e4insuojeluj\u00e4rjest\u00f6j\u00e4 SaloEl\u00e4inten Suojakoti ToivoSalon Seudun El\u00e4insuojeluyhdistys ry SSEYPerni\u00f6n Seudun El\u00e4insuojeluyhdistys ry SomeroEl\u00e4insuojelukeskus Tuulisp\u00e4\u00e4Someron El\u00e4inapuyhdistys L\u00e4ntinen UusimaaEtel\u00e4k\u00e4rjen El\u00e4insuojeluyhdistys ry EKSYLohjan El\u00e4insuojeluyhdistys ry LESYL\u00e4ntisen Uudenmaan El\u00e4insuojeluyhdistys ry LUESkeppsdal Family Varsinais-SuomiEl\u00e4insuojeluyhdistys Dewi ryEl\u00e4inten hyvinvointiyhdistys Lemmikki rySEY Loimaa rySuomen L\u00f6yt\u00f6el\u00e4inten Kummit ry SLEKTurun El\u00e4insuojeluyhdistys ry TESY Harrastustoiminta Salon Murren KoirahalliSalon Seudun Palveluskoiraharrastajat ry SSPH Lemmikkiel\u00e4intuhkaus ja -hautaus Salon [&hellip;]","og_url":"https:\/\/sey.fi\/salo\/salon-elainsuojelu\/yhteystiedot\/linkkeja\/","og_site_name":"Salon seudun el\u00e4insuojeluyhdistys","article_modified_time":"2023-05-09T12:16:54+00:00","twitter_card":"summary_large_image","twitter_misc":{"Arvioitu lukuaika":"1 minuutti"},"schema":{"@context":"https:\/\/schema.org","@graph":[{"@type":"WebPage","@id":"https:\/\/sey.fi\/salo\/salon-elainsuojelu\/yhteystiedot\/linkkeja\/","url":"https:\/\/sey.fi\/salo\/salon-elainsuojelu\/yhteystiedot\/linkkeja\/","name":"Linkkej\u00e4 - Salon seudun el\u00e4insuojeluyhdistys","isPartOf":{"@id":"https:\/\/sey.fi\/salo\/#website"},"datePublished":"2023-05-08T13:53:16+00:00","dateModified":"2023-05-09T12:16:54+00:00","breadcrumb":{"@id":"https:\/\/sey.fi\/salo\/salon-elainsuojelu\/yhteystiedot\/linkkeja\/#breadcrumb"},"inLanguage":"fi","potentialAction":[{"@type":"ReadAction","target":["https:\/\/sey.fi\/salo\/salon-elainsuojelu\/yhteystiedot\/linkkeja\/"]}]},{"@type":"BreadcrumbList","@id":"https:\/\/sey.fi\/salo\/salon-elainsuojelu\/yhteystiedot\/linkkeja\/#breadcrumb","itemListElement":[{"@type":"ListItem","position":1,"name":"Home","item":"https:\/\/sey.fi\/salo\/"},{"@type":"ListItem","position":2,"name":"Salon Seudun El\u00e4insuojeluyhdistys","item":"https:\/\/sey.fi\/salo\/"},{"@type":"ListItem","position":3,"name":"Yhteystiedot","item":"https:\/\/sey.fi\/salo\/salon-elainsuojelu\/yhteystiedot\/"},{"@type":"ListItem","position":4,"name":"Linkkej\u00e4"}]},{"@type":"WebSite","@id":"https:\/\/sey.fi\/salo\/#website","url":"https:\/\/sey.fi\/salo\/","name":"Salon seudun el\u00e4insuojeluyhdistys","description":"Uusi SEY J\u00e4senyhdistykset -sivusto","potentialAction":[{"@type":"SearchAction","target":{"@type":"EntryPoint","urlTemplate":"https:\/\/sey.fi\/salo\/?s={search_term_string}"},"query-input":{"@type":"PropertyValueSpecification","valueRequired":true,"valueName":"search_term_string"}}],"inLanguage":"fi"}]}},"_links":{"self":[{"href":"https:\/\/sey.fi\/salo\/wp-json\/wp\/v2\/pages\/708","targetHints":{"allow":["GET"]}}],"collection":[{"href":"https:\/\/sey.fi\/salo\/wp-json\/wp\/v2\/pages"}],"about":[{"href":"https:\/\/sey.fi\/salo\/wp-json\/wp\/v2\/types\/page"}],"author":[{"embeddable":true,"href":"https:\/\/sey.fi\/salo\/wp-json\/wp\/v2\/users\/25"}],"replies":[{"embeddable":true,"href":"https:\/\/sey.fi\/salo\/wp-json\/wp\/v2\/comments?post=708"}],"version-history":[{"count":3,"href":"https:\/\/sey.fi\/salo\/wp-json\/wp\/v2\/pages\/708\/revisions"}],"predecessor-version":[{"id":839,"href":"https:\/\/sey.fi\/salo\/wp-json\/wp\/v2\/pages\/708\/revisions\/839"}],"up":[{"embeddable":true,"href":"https:\/\/sey.fi\/salo\/wp-json\/wp\/v2\/pages\/679"}],"wp:attachment":[{"href":"https:\/\/sey.fi\/salo\/wp-json\/wp\/v2\/media?parent=708"}],"curies":[{"name":"wp","href":"https:\/\/api.w.org\/{rel}","templated":true}]}}