{"id":729,"date":"2023-05-09T09:29:25","date_gmt":"2023-05-09T06:29:25","guid":{"rendered":"https:\/\/sey.fi\/salo\/?page_id=729"},"modified":"2024-04-30T14:33:33","modified_gmt":"2024-04-30T11:33:33","slug":"testamenttilahjoitus","status":"publish","type":"page","link":"https:\/\/sey.fi\/salo\/salon-elainsuojelu\/lahjoitukset\/testamenttilahjoitus\/","title":{"rendered":"Testamenttilahjoitus"},"content":{"rendered":"\n<p>Testamenttilahjoittaminen on hieno ja kunnioitettava tapa tukea yksil\u00f6n arvojen mukaista j\u00e4rjest\u00f6ty\u00f6t\u00e4, ja testamenttilahjoitukset ovatkin my\u00f6s Salon Seudun El\u00e4insuojeluyhdistykselle \u00e4\u00e4rimm\u00e4isen t\u00e4rkeit\u00e4. Ne kantavat meid\u00e4n toimintaamme pitk\u00e4lle, joten testamenttilahjoituksella varmistat toimintamme jatkuvuutta.<\/p>\n\n\n\n<p>On mahdollista testamentata omaisuuttaan my\u00f6s muille kuin perimyskaareen kuuluville tahoille. Yleishy\u00f6dyllisen\u00e4 yhdistyksen\u00e4 emme joudu maksamaan perint\u00f6veroa, vaan testamentti saadaan kokonaisuudessaan k\u00e4ytt\u00f6\u00f6n paikallisen el\u00e4insuojelun edist\u00e4miseen.<\/p>\n\n\n\n<p>Kaikenkokoisista testamenteista on suuri apu, eik\u00e4 testamentin tarvitse v\u00e4ltt\u00e4m\u00e4tt\u00e4 olla rahaa. Testamentissa voi esimerkiksi m\u00e4\u00e4r\u00e4t\u00e4 osan omaisuudestaan tai vaikkapa jonkin itselle t\u00e4rke\u00e4n esineen hyv\u00e4\u00e4n kohteeseen. Kaikkea omaisuutta ei siis tarvitse testamentata yhdistykselle, sill\u00e4 testamentilla voidaan m\u00e4\u00e4r\u00e4t\u00e4 omaisuudesta my\u00f6s hyvin yksityiskohtaisesti.<\/p>\n\n\n\n<p>K\u00e4yt\u00e4mme testamenttilahjoitukset siten, ett\u00e4 niist\u00e4 on mahdollisimman paljon apua el\u00e4imille. Halutessasi voit kohdistaa testamenttisi my\u00f6s johonkin tiettyyn k\u00e4ytt\u00f6tarkoitukseen, kuten l\u00f6yt\u00f6el\u00e4inten auttamiseen. Haluamme aina noudattaa testamentin tekij\u00e4n viimeist\u00e4 tahtoa parhaalla mahdollisella tavalla.<\/p>\n\n\n\n<h2 class=\"wp-block-heading\">Testamentin laatiminen<\/h2>\n\n\n\n<p>Testamentin voi periaatteessa laatia kuka tahansa. Laadinnassa olisi hyv\u00e4 k\u00e4ytt\u00e4\u00e4 apuna asiantuntijaa, vaikka peritt\u00e4v\u00e4\u00e4 omaisuutta ei olisikaan paljon. Asiantuntijan k\u00e4ytt\u00e4misest\u00e4 syntynyt kustannus on pieni ja se voi s\u00e4\u00e4st\u00e4\u00e4 oikeusprosessilta. Testamentin avulla voidaan v\u00e4ltt\u00e4\u00e4 my\u00f6s mahdolliset suvun perint\u00f6riidat, sill\u00e4 yksinkertainen paperi voi s\u00e4\u00e4st\u00e4\u00e4 isoilta j\u00e4lkiselvityksilt\u00e4.<\/p>\n\n\n\n<p>Testamentti on hyvin muotosidonnainen asiakirja ja mik\u00e4li se ei t\u00e4yt\u00e4 tiettyj\u00e4 lain mukaisia vaatimuksia, voidaan se julistaa p\u00e4tem\u00e4tt\u00f6m\u00e4ksi. <\/p>\n\n\n\n<h3 class=\"wp-block-heading\">Muista n\u00e4m\u00e4:<\/h3>\n\n\n\n<ul class=\"wp-block-list\">\n<li>Testamentin tulee olla kirjallinen, lain vaatimukset t\u00e4ytt\u00e4v\u00e4 ja allekirjoitettu. Apua testamentin laatimiseen antavat asianajotoimistot sek\u00e4 osa pankeista.<\/li>\n\n\n\n<li>Testamentin tekij\u00e4n tulee olla oikeustoimikelpoinen, eli v\u00e4hint\u00e4\u00e4n 15-vuotias ja kyvyk\u00e4s tekem\u00e4\u00e4n taloudellisia ja oikeudellisia p\u00e4\u00e4t\u00f6ksi\u00e4.<\/li>\n\n\n\n<li>Testamentin allekirjoituksessa tulee olla kaksi esteet\u00f6nt\u00e4 todistajaa <strong>yht\u00e4aikaa<\/strong> l\u00e4sn\u00e4. T\u00e4m\u00e4 koskee my\u00f6s muutoksia jo olemassa olevaan testamenttiin, jolloin k\u00e4yt\u00e4nn\u00f6ss\u00e4 tehd\u00e4\u00e4n aina uusi testamentti.<\/li>\n\n\n\n<li>Esteett\u00f6mi\u00e4 todistajia voivat olla mm. naapurit ja yst\u00e4v\u00e4t. L\u00e4hisukulaiset tai ottolapset eiv\u00e4t esteellisin\u00e4 kelpaa todistajiksi.<\/li>\n\n\n\n<li>Jos sinulla on rintaperillisi\u00e4 eli lapsia, et voi p\u00e4\u00e4s\u00e4\u00e4nt\u00f6isesti testamentata koko omaisuuttasi hyv\u00e4ntekev\u00e4isyysj\u00e4rjest\u00f6lle, sill\u00e4 rintaperillisill\u00e4 on oikeus lakiosaan.<\/li>\n\n\n\n<li>Henkil\u00f6ll\u00e4 voi olla useampikin voimassa oleva testamentti, mik\u00e4li ne koskevat eri omaisuutta, jota testamentataan. Jos on kyse samasta omaisuudesta, siin\u00e4 tapauksessa ajallisesti viimeksi tehty on voimassa oleva.<\/li>\n\n\n\n<li>Testamenttia on hyv\u00e4 s\u00e4ilytt\u00e4\u00e4 oman pankin tallelokerossa, mutta my\u00f6s kotona muiden t\u00e4rkeiden asiakirjojen kanssa on usein riitt\u00e4v\u00e4.<\/li>\n\n\n\n<li>Kun teet testamentin el\u00e4inten hyv\u00e4ksi, k\u00e4yt\u00e4 virallista nime\u00e4mme <strong>Salon Seudun El\u00e4insuojeluyhdistys ry<\/strong>. Voit ilmoittaa testamentissa my\u00f6s y-tunnuksemme, joka on 1447827-5.<\/li>\n<\/ul>\n\n\n\n<p>Jos sinulla j\u00e4\u00e4 testamenttaamisesta kysytt\u00e4v\u00e4\u00e4, voit laittaa SSEY:lle <a href=\"https:\/\/sey.fi\/salo\/salon-elainsuojelu\/yhteystiedot\/ssey-yhteystiedot\/\">s\u00e4hk\u00f6postia<\/a>.<\/p>\n\n\n\n<h2 class=\"wp-block-heading\">Perinn\u00f6n k\u00e4ytt\u00f6kohteet<\/h2>\n\n\n\n<p>Salon Seudun El\u00e4insuojeluyhdistykselle saadut testamenttilahjoitukset ovat olleet merkitt\u00e4v\u00e4 osa toiminnan jatkuvuutta ja sen kehitt\u00e4mist\u00e4. Kun testamenttilahjoitukset osoitetaan SSEY:lle suurempien hyv\u00e4ntekev\u00e4isyysj\u00e4rjest\u00f6jen sijaan, ne auttavat nimenomaan paikallisesti ja verovapaasti Salon seudun el\u00e4insuojelun kehitt\u00e4mist\u00e4.<\/p>\n\n\n\n<p>Vuodesta 2010 yhdistys on voinut pikkuhiljaa laajentaa toimintaansa ja t\u00e4m\u00e4 ei olisi ollut nykyisess\u00e4 mittakaavassaan mahdollista ilman testamenttilahjoituksia.<\/p>\n\n\n\n<h3 class=\"wp-block-heading\">SSEY:n konkreettisia k\u00e4ytt\u00f6kohteita<\/h3>\n\n\n\n<p>SSEY on k\u00e4ytt\u00e4nyt testamentattuja lahjoituksia mm.<\/p>\n\n\n\n<p><strong>Omien tilojen hankkimiseen, aluksi vuokraamalla ja sittemmin ostamalla.<\/strong><br>-&gt; T\u00e4m\u00e4 mahdollisti laajemmat resurssit ottaa l\u00f6yt\u00f6el\u00e4imi\u00e4 yhdistyksen hoiviin.<br>-&gt; T\u00e4m\u00e4 taas mahdollisti esimerkiksi useamman hyl\u00e4tyn kissan pelastamisen ja sit\u00e4 kautta uusien, v\u00e4litt\u00e4vien kotien etsimisen. Vuosittain yh\u00e4 useampi kissa saa kauttamme uuden kodin.<\/p>\n\n\n\n<p><strong>El\u00e4inpelastusautoon<\/strong><br>-&gt; Auto on helpottanut huomattavasti tekem\u00e4\u00e4mme ty\u00f6t\u00e4 kent\u00e4ll\u00e4. Vapaaehtoisten kynnys l\u00e4hte\u00e4 keikalle on madaltunut, kun ei tarvitse k\u00e4ytt\u00e4\u00e4 omaa autoa.<br>-&gt; T\u00e4m\u00e4 n\u00e4kyy my\u00f6s pelastettujen el\u00e4inten m\u00e4\u00e4r\u00e4ss\u00e4.<\/p>\n\n\n\n<p><strong>El\u00e4inten ruokaan<\/strong><br>-&gt; Lahjoitusruuat eiv\u00e4t riit\u00e4 kattamaan ruokatarpeitamme, joten pystymme lahjoitusvarojen avulla my\u00f6s ostamaan laadukasta ruokaa. Monelle hyl\u00e4tylle kissalle on t\u00e4rke\u00e4\u00e4 saada laadukasta ja ravinnerikasta ruokaa kunnon kohottamiseksi.<\/p>\n\n\n\n<p><strong>El\u00e4inl\u00e4\u00e4k\u00e4ritoimenpiteisiin<\/strong><br>-&gt; El\u00e4inl\u00e4\u00e4k\u00e4rikulut ovat yhdistyksen suurin menoer\u00e4 (yli 50 000\u20ac\/v 2022). Testamenttilahjoitukset ovat mahdollistaneet SSEY:lle tulevien el\u00e4inten tarkemmat el\u00e4inl\u00e4\u00e4k\u00e4ritutkimukset ja hoidot lopetuksien sijaan. N\u00e4in yh\u00e4 useampi el\u00e4in p\u00e4\u00e4see uudelleen el\u00e4m\u00e4nsyrj\u00e4\u00e4n kiinni.<\/p>\n\n\n\n<p><strong>Sijoitusasuntoon<\/strong><br>-&gt; SSEY saa s\u00e4\u00e4nn\u00f6llist\u00e4 vuokratuloa perinn\u00f6ksi saadun asunnon eteenp\u00e4in vuokraamisesta.<\/p>\n\n\n\n<p>Jokaisella lahjoituksella on siis merkityst\u00e4 ja kannattavat paikallista el\u00e4insuojelua tuleviksi vuosiksi.<\/p>\n","protected":false},"excerpt":{"rendered":"<p>Testamenttilahjoittaminen on hieno ja kunnioitettava tapa tukea yksil\u00f6n arvojen mukaista j\u00e4rjest\u00f6ty\u00f6t\u00e4, ja testamenttilahjoitukset ovatkin my\u00f6s Salon Seudun El\u00e4insuojeluyhdistykselle \u00e4\u00e4rimm\u00e4isen t\u00e4rkeit\u00e4. Ne kantavat meid\u00e4n toimintaamme pitk\u00e4lle, joten testamenttilahjoituksella varmistat toimintamme jatkuvuutta. On mahdollista testamentata omaisuuttaan my\u00f6s muille kuin perimyskaareen kuuluville tahoille. Yleishy\u00f6dyllisen\u00e4 yhdistyksen\u00e4 emme joudu maksamaan perint\u00f6veroa, vaan testamentti saadaan kokonaisuudessaan k\u00e4ytt\u00f6\u00f6n paikallisen el\u00e4insuojelun edist\u00e4miseen. Kaikenkokoisista [&hellip;]<\/p>\n","protected":false},"author":25,"featured_media":0,"parent":824,"menu_order":0,"comment_status":"closed","ping_status":"closed","template":"","meta":{"_acf_changed":false,"footnotes":""},"class_list":["post-729","page","type-page","status-publish","hentry"],"acf":[],"yoast_head":"<!-- This site is optimized with the Yoast SEO plugin v27.1.1 - https:\/\/yoast.com\/product\/yoast-seo-wordpress\/ -->\n<title>Testamenttilahjoitus - Salon seudun el\u00e4insuojeluyhdistys<\/title>\n<meta name=\"robots\" content=\"index, follow, max-snippet:-1, max-image-preview:large, max-video-preview:-1\" \/>\n<link rel=\"canonical\" href=\"https:\/\/sey.fi\/salo\/salon-elainsuojelu\/lahjoitukset\/testamenttilahjoitus\/\" \/>\n<meta property=\"og:locale\" content=\"fi_FI\" \/>\n<meta property=\"og:type\" content=\"article\" \/>\n<meta property=\"og:title\" content=\"Testamenttilahjoitus - Salon seudun el\u00e4insuojeluyhdistys\" \/>\n<meta property=\"og:description\" content=\"Testamenttilahjoittaminen on hieno ja kunnioitettava tapa tukea yksil\u00f6n arvojen mukaista j\u00e4rjest\u00f6ty\u00f6t\u00e4, ja testamenttilahjoitukset ovatkin my\u00f6s Salon Seudun El\u00e4insuojeluyhdistykselle \u00e4\u00e4rimm\u00e4isen t\u00e4rkeit\u00e4. Ne kantavat meid\u00e4n toimintaamme pitk\u00e4lle, joten testamenttilahjoituksella varmistat toimintamme jatkuvuutta. On mahdollista testamentata omaisuuttaan my\u00f6s muille kuin perimyskaareen kuuluville tahoille. Yleishy\u00f6dyllisen\u00e4 yhdistyksen\u00e4 emme joudu maksamaan perint\u00f6veroa, vaan testamentti saadaan kokonaisuudessaan k\u00e4ytt\u00f6\u00f6n paikallisen el\u00e4insuojelun edist\u00e4miseen. Kaikenkokoisista [&hellip;]\" \/>\n<meta property=\"og:url\" content=\"https:\/\/sey.fi\/salo\/salon-elainsuojelu\/lahjoitukset\/testamenttilahjoitus\/\" \/>\n<meta property=\"og:site_name\" content=\"Salon seudun el\u00e4insuojeluyhdistys\" \/>\n<meta property=\"article:modified_time\" content=\"2024-04-30T11:33:33+00:00\" \/>\n<meta name=\"twitter:card\" content=\"summary_large_image\" \/>\n<meta name=\"twitter:label1\" content=\"Arvioitu lukuaika\" \/>\n\t<meta name=\"twitter:data1\" content=\"4 minuuttia\" \/>\n<script type=\"application\/ld+json\" class=\"yoast-schema-graph\">{\"@context\":\"https:\/\/schema.org\",\"@graph\":[{\"@type\":\"WebPage\",\"@id\":\"https:\/\/sey.fi\/salo\/salon-elainsuojelu\/lahjoitukset\/testamenttilahjoitus\/\",\"url\":\"https:\/\/sey.fi\/salo\/salon-elainsuojelu\/lahjoitukset\/testamenttilahjoitus\/\",\"name\":\"Testamenttilahjoitus - Salon seudun el\u00e4insuojeluyhdistys\",\"isPartOf\":{\"@id\":\"https:\/\/sey.fi\/salo\/#website\"},\"datePublished\":\"2023-05-09T06:29:25+00:00\",\"dateModified\":\"2024-04-30T11:33:33+00:00\",\"breadcrumb\":{\"@id\":\"https:\/\/sey.fi\/salo\/salon-elainsuojelu\/lahjoitukset\/testamenttilahjoitus\/#breadcrumb\"},\"inLanguage\":\"fi\",\"potentialAction\":[{\"@type\":\"ReadAction\",\"target\":[\"https:\/\/sey.fi\/salo\/salon-elainsuojelu\/lahjoitukset\/testamenttilahjoitus\/\"]}]},{\"@type\":\"BreadcrumbList\",\"@id\":\"https:\/\/sey.fi\/salo\/salon-elainsuojelu\/lahjoitukset\/testamenttilahjoitus\/#breadcrumb\",\"itemListElement\":[{\"@type\":\"ListItem\",\"position\":1,\"name\":\"Home\",\"item\":\"https:\/\/sey.fi\/salo\/\"},{\"@type\":\"ListItem\",\"position\":2,\"name\":\"Salon Seudun El\u00e4insuojeluyhdistys\",\"item\":\"https:\/\/sey.fi\/salo\/\"},{\"@type\":\"ListItem\",\"position\":3,\"name\":\"Lahjoitukset\",\"item\":\"https:\/\/sey.fi\/salo\/salon-elainsuojelu\/lahjoitukset\/\"},{\"@type\":\"ListItem\",\"position\":4,\"name\":\"Testamenttilahjoitus\"}]},{\"@type\":\"WebSite\",\"@id\":\"https:\/\/sey.fi\/salo\/#website\",\"url\":\"https:\/\/sey.fi\/salo\/\",\"name\":\"Salon seudun el\u00e4insuojeluyhdistys\",\"description\":\"Uusi SEY J\u00e4senyhdistykset -sivusto\",\"potentialAction\":[{\"@type\":\"SearchAction\",\"target\":{\"@type\":\"EntryPoint\",\"urlTemplate\":\"https:\/\/sey.fi\/salo\/?s={search_term_string}\"},\"query-input\":{\"@type\":\"PropertyValueSpecification\",\"valueRequired\":true,\"valueName\":\"search_term_string\"}}],\"inLanguage\":\"fi\"}]}<\/script>\n<!-- \/ Yoast SEO plugin. -->","yoast_head_json":{"title":"Testamenttilahjoitus - Salon seudun el\u00e4insuojeluyhdistys","robots":{"index":"index","follow":"follow","max-snippet":"max-snippet:-1","max-image-preview":"max-image-preview:large","max-video-preview":"max-video-preview:-1"},"canonical":"https:\/\/sey.fi\/salo\/salon-elainsuojelu\/lahjoitukset\/testamenttilahjoitus\/","og_locale":"fi_FI","og_type":"article","og_title":"Testamenttilahjoitus - Salon seudun el\u00e4insuojeluyhdistys","og_description":"Testamenttilahjoittaminen on hieno ja kunnioitettava tapa tukea yksil\u00f6n arvojen mukaista j\u00e4rjest\u00f6ty\u00f6t\u00e4, ja testamenttilahjoitukset ovatkin my\u00f6s Salon Seudun El\u00e4insuojeluyhdistykselle \u00e4\u00e4rimm\u00e4isen t\u00e4rkeit\u00e4. Ne kantavat meid\u00e4n toimintaamme pitk\u00e4lle, joten testamenttilahjoituksella varmistat toimintamme jatkuvuutta. On mahdollista testamentata omaisuuttaan my\u00f6s muille kuin perimyskaareen kuuluville tahoille. Yleishy\u00f6dyllisen\u00e4 yhdistyksen\u00e4 emme joudu maksamaan perint\u00f6veroa, vaan testamentti saadaan kokonaisuudessaan k\u00e4ytt\u00f6\u00f6n paikallisen el\u00e4insuojelun edist\u00e4miseen. Kaikenkokoisista [&hellip;]","og_url":"https:\/\/sey.fi\/salo\/salon-elainsuojelu\/lahjoitukset\/testamenttilahjoitus\/","og_site_name":"Salon seudun el\u00e4insuojeluyhdistys","article_modified_time":"2024-04-30T11:33:33+00:00","twitter_card":"summary_large_image","twitter_misc":{"Arvioitu lukuaika":"4 minuuttia"},"schema":{"@context":"https:\/\/schema.org","@graph":[{"@type":"WebPage","@id":"https:\/\/sey.fi\/salo\/salon-elainsuojelu\/lahjoitukset\/testamenttilahjoitus\/","url":"https:\/\/sey.fi\/salo\/salon-elainsuojelu\/lahjoitukset\/testamenttilahjoitus\/","name":"Testamenttilahjoitus - Salon seudun el\u00e4insuojeluyhdistys","isPartOf":{"@id":"https:\/\/sey.fi\/salo\/#website"},"datePublished":"2023-05-09T06:29:25+00:00","dateModified":"2024-04-30T11:33:33+00:00","breadcrumb":{"@id":"https:\/\/sey.fi\/salo\/salon-elainsuojelu\/lahjoitukset\/testamenttilahjoitus\/#breadcrumb"},"inLanguage":"fi","potentialAction":[{"@type":"ReadAction","target":["https:\/\/sey.fi\/salo\/salon-elainsuojelu\/lahjoitukset\/testamenttilahjoitus\/"]}]},{"@type":"BreadcrumbList","@id":"https:\/\/sey.fi\/salo\/salon-elainsuojelu\/lahjoitukset\/testamenttilahjoitus\/#breadcrumb","itemListElement":[{"@type":"ListItem","position":1,"name":"Home","item":"https:\/\/sey.fi\/salo\/"},{"@type":"ListItem","position":2,"name":"Salon Seudun El\u00e4insuojeluyhdistys","item":"https:\/\/sey.fi\/salo\/"},{"@type":"ListItem","position":3,"name":"Lahjoitukset","item":"https:\/\/sey.fi\/salo\/salon-elainsuojelu\/lahjoitukset\/"},{"@type":"ListItem","position":4,"name":"Testamenttilahjoitus"}]},{"@type":"WebSite","@id":"https:\/\/sey.fi\/salo\/#website","url":"https:\/\/sey.fi\/salo\/","name":"Salon seudun el\u00e4insuojeluyhdistys","description":"Uusi SEY J\u00e4senyhdistykset -sivusto","potentialAction":[{"@type":"SearchAction","target":{"@type":"EntryPoint","urlTemplate":"https:\/\/sey.fi\/salo\/?s={search_term_string}"},"query-input":{"@type":"PropertyValueSpecification","valueRequired":true,"valueName":"search_term_string"}}],"inLanguage":"fi"}]}},"_links":{"self":[{"href":"https:\/\/sey.fi\/salo\/wp-json\/wp\/v2\/pages\/729","targetHints":{"allow":["GET"]}}],"collection":[{"href":"https:\/\/sey.fi\/salo\/wp-json\/wp\/v2\/pages"}],"about":[{"href":"https:\/\/sey.fi\/salo\/wp-json\/wp\/v2\/types\/page"}],"author":[{"embeddable":true,"href":"https:\/\/sey.fi\/salo\/wp-json\/wp\/v2\/users\/25"}],"replies":[{"embeddable":true,"href":"https:\/\/sey.fi\/salo\/wp-json\/wp\/v2\/comments?post=729"}],"version-history":[{"count":2,"href":"https:\/\/sey.fi\/salo\/wp-json\/wp\/v2\/pages\/729\/revisions"}],"predecessor-version":[{"id":1110,"href":"https:\/\/sey.fi\/salo\/wp-json\/wp\/v2\/pages\/729\/revisions\/1110"}],"up":[{"embeddable":true,"href":"https:\/\/sey.fi\/salo\/wp-json\/wp\/v2\/pages\/824"}],"wp:attachment":[{"href":"https:\/\/sey.fi\/salo\/wp-json\/wp\/v2\/media?parent=729"}],"curies":[{"name":"wp","href":"https:\/\/api.w.org\/{rel}","templated":true}]}}