{"id":798,"date":"2023-05-09T13:08:45","date_gmt":"2023-05-09T10:08:45","guid":{"rendered":"https:\/\/sey.fi\/salo\/?page_id=798"},"modified":"2024-04-30T14:15:22","modified_gmt":"2024-04-30T11:15:22","slug":"toiminta","status":"publish","type":"page","link":"https:\/\/sey.fi\/salo\/salon-elainsuojelu\/toiminta\/","title":{"rendered":"Toiminta"},"content":{"rendered":"\n<p>N\u00e4ill\u00e4 sivuilla p\u00e4\u00e4set kurkistamaan, mit\u00e4 toimintamme pit\u00e4\u00e4 sis\u00e4ll\u00e4\u00e4n.<br>Valikosta p\u00e4\u00e4set tarkastelemaan viitt\u00e4 p\u00e4\u00e4osa-aluettamme.<\/p>\n\n\n\n<p>Laitathan <a href=\"https:\/\/sey.fi\/salo\/salon-elainsuojelu\/yhteystiedot\/ssey-yhteystiedot\/\">s\u00e4hk\u00f6postia<\/a> jos vapaaehtoisty\u00f6 el\u00e4insuojelun parissa kiinnostaa sinua. Kerro hieman omista kiinnostuksenkohteistasi ja taidoistasi, sek\u00e4 mink\u00e4 verran aikaa olet valmis k\u00e4ytt\u00e4m\u00e4\u00e4n vapaaehtoist\u00f6ihin, niin mietit\u00e4\u00e4n yhdess\u00e4 mist\u00e4 sinun olisi kiva aloittaa.<\/p>\n","protected":false},"excerpt":{"rendered":"<p>N\u00e4ill\u00e4 sivuilla p\u00e4\u00e4set kurkistamaan, mit\u00e4 toimintamme pit\u00e4\u00e4 sis\u00e4ll\u00e4\u00e4n.Valikosta p\u00e4\u00e4set tarkastelemaan viitt\u00e4 p\u00e4\u00e4osa-aluettamme. Laitathan s\u00e4hk\u00f6postia jos vapaaehtoisty\u00f6 el\u00e4insuojelun parissa kiinnostaa sinua. Kerro hieman omista kiinnostuksenkohteistasi ja taidoistasi, sek\u00e4 mink\u00e4 verran aikaa olet valmis k\u00e4ytt\u00e4m\u00e4\u00e4n vapaaehtoist\u00f6ihin, niin mietit\u00e4\u00e4n yhdess\u00e4 mist\u00e4 sinun olisi kiva aloittaa.<\/p>\n","protected":false},"author":25,"featured_media":0,"parent":2,"menu_order":0,"comment_status":"closed","ping_status":"closed","template":"","meta":{"_acf_changed":false,"footnotes":""},"class_list":["post-798","page","type-page","status-publish","hentry"],"acf":[],"yoast_head":"<!-- This site is optimized with the Yoast SEO plugin v27.1.1 - https:\/\/yoast.com\/product\/yoast-seo-wordpress\/ -->\n<title>Toiminta - Salon seudun el\u00e4insuojeluyhdistys<\/title>\n<meta name=\"robots\" content=\"index, follow, max-snippet:-1, max-image-preview:large, max-video-preview:-1\" \/>\n<link rel=\"canonical\" href=\"https:\/\/sey.fi\/salo\/salon-elainsuojelu\/toiminta\/\" \/>\n<meta property=\"og:locale\" content=\"fi_FI\" \/>\n<meta property=\"og:type\" content=\"article\" \/>\n<meta property=\"og:title\" content=\"Toiminta - Salon seudun el\u00e4insuojeluyhdistys\" \/>\n<meta property=\"og:description\" content=\"N\u00e4ill\u00e4 sivuilla p\u00e4\u00e4set kurkistamaan, mit\u00e4 toimintamme pit\u00e4\u00e4 sis\u00e4ll\u00e4\u00e4n.Valikosta p\u00e4\u00e4set tarkastelemaan viitt\u00e4 p\u00e4\u00e4osa-aluettamme. Laitathan s\u00e4hk\u00f6postia jos vapaaehtoisty\u00f6 el\u00e4insuojelun parissa kiinnostaa sinua. Kerro hieman omista kiinnostuksenkohteistasi ja taidoistasi, sek\u00e4 mink\u00e4 verran aikaa olet valmis k\u00e4ytt\u00e4m\u00e4\u00e4n vapaaehtoist\u00f6ihin, niin mietit\u00e4\u00e4n yhdess\u00e4 mist\u00e4 sinun olisi kiva aloittaa.\" \/>\n<meta property=\"og:url\" content=\"https:\/\/sey.fi\/salo\/salon-elainsuojelu\/toiminta\/\" \/>\n<meta property=\"og:site_name\" content=\"Salon seudun el\u00e4insuojeluyhdistys\" \/>\n<meta property=\"article:modified_time\" content=\"2024-04-30T11:15:22+00:00\" \/>\n<meta name=\"twitter:card\" content=\"summary_large_image\" \/>\n<meta name=\"twitter:label1\" content=\"Arvioitu lukuaika\" \/>\n\t<meta name=\"twitter:data1\" content=\"1 minuutti\" \/>\n<script type=\"application\/ld+json\" class=\"yoast-schema-graph\">{\"@context\":\"https:\/\/schema.org\",\"@graph\":[{\"@type\":\"WebPage\",\"@id\":\"https:\/\/sey.fi\/salo\/salon-elainsuojelu\/toiminta\/\",\"url\":\"https:\/\/sey.fi\/salo\/salon-elainsuojelu\/toiminta\/\",\"name\":\"Toiminta - Salon seudun el\u00e4insuojeluyhdistys\",\"isPartOf\":{\"@id\":\"https:\/\/sey.fi\/salo\/#website\"},\"datePublished\":\"2023-05-09T10:08:45+00:00\",\"dateModified\":\"2024-04-30T11:15:22+00:00\",\"breadcrumb\":{\"@id\":\"https:\/\/sey.fi\/salo\/salon-elainsuojelu\/toiminta\/#breadcrumb\"},\"inLanguage\":\"fi\",\"potentialAction\":[{\"@type\":\"ReadAction\",\"target\":[\"https:\/\/sey.fi\/salo\/salon-elainsuojelu\/toiminta\/\"]}]},{\"@type\":\"BreadcrumbList\",\"@id\":\"https:\/\/sey.fi\/salo\/salon-elainsuojelu\/toiminta\/#breadcrumb\",\"itemListElement\":[{\"@type\":\"ListItem\",\"position\":1,\"name\":\"Home\",\"item\":\"https:\/\/sey.fi\/salo\/\"},{\"@type\":\"ListItem\",\"position\":2,\"name\":\"Salon Seudun El\u00e4insuojeluyhdistys\",\"item\":\"https:\/\/sey.fi\/salo\/\"},{\"@type\":\"ListItem\",\"position\":3,\"name\":\"Toiminta\"}]},{\"@type\":\"WebSite\",\"@id\":\"https:\/\/sey.fi\/salo\/#website\",\"url\":\"https:\/\/sey.fi\/salo\/\",\"name\":\"Salon seudun el\u00e4insuojeluyhdistys\",\"description\":\"Uusi SEY J\u00e4senyhdistykset -sivusto\",\"potentialAction\":[{\"@type\":\"SearchAction\",\"target\":{\"@type\":\"EntryPoint\",\"urlTemplate\":\"https:\/\/sey.fi\/salo\/?s={search_term_string}\"},\"query-input\":{\"@type\":\"PropertyValueSpecification\",\"valueRequired\":true,\"valueName\":\"search_term_string\"}}],\"inLanguage\":\"fi\"}]}<\/script>\n<!-- \/ Yoast SEO plugin. -->","yoast_head_json":{"title":"Toiminta - Salon seudun el\u00e4insuojeluyhdistys","robots":{"index":"index","follow":"follow","max-snippet":"max-snippet:-1","max-image-preview":"max-image-preview:large","max-video-preview":"max-video-preview:-1"},"canonical":"https:\/\/sey.fi\/salo\/salon-elainsuojelu\/toiminta\/","og_locale":"fi_FI","og_type":"article","og_title":"Toiminta - Salon seudun el\u00e4insuojeluyhdistys","og_description":"N\u00e4ill\u00e4 sivuilla p\u00e4\u00e4set kurkistamaan, mit\u00e4 toimintamme pit\u00e4\u00e4 sis\u00e4ll\u00e4\u00e4n.Valikosta p\u00e4\u00e4set tarkastelemaan viitt\u00e4 p\u00e4\u00e4osa-aluettamme. Laitathan s\u00e4hk\u00f6postia jos vapaaehtoisty\u00f6 el\u00e4insuojelun parissa kiinnostaa sinua. Kerro hieman omista kiinnostuksenkohteistasi ja taidoistasi, sek\u00e4 mink\u00e4 verran aikaa olet valmis k\u00e4ytt\u00e4m\u00e4\u00e4n vapaaehtoist\u00f6ihin, niin mietit\u00e4\u00e4n yhdess\u00e4 mist\u00e4 sinun olisi kiva aloittaa.","og_url":"https:\/\/sey.fi\/salo\/salon-elainsuojelu\/toiminta\/","og_site_name":"Salon seudun el\u00e4insuojeluyhdistys","article_modified_time":"2024-04-30T11:15:22+00:00","twitter_card":"summary_large_image","twitter_misc":{"Arvioitu lukuaika":"1 minuutti"},"schema":{"@context":"https:\/\/schema.org","@graph":[{"@type":"WebPage","@id":"https:\/\/sey.fi\/salo\/salon-elainsuojelu\/toiminta\/","url":"https:\/\/sey.fi\/salo\/salon-elainsuojelu\/toiminta\/","name":"Toiminta - Salon seudun el\u00e4insuojeluyhdistys","isPartOf":{"@id":"https:\/\/sey.fi\/salo\/#website"},"datePublished":"2023-05-09T10:08:45+00:00","dateModified":"2024-04-30T11:15:22+00:00","breadcrumb":{"@id":"https:\/\/sey.fi\/salo\/salon-elainsuojelu\/toiminta\/#breadcrumb"},"inLanguage":"fi","potentialAction":[{"@type":"ReadAction","target":["https:\/\/sey.fi\/salo\/salon-elainsuojelu\/toiminta\/"]}]},{"@type":"BreadcrumbList","@id":"https:\/\/sey.fi\/salo\/salon-elainsuojelu\/toiminta\/#breadcrumb","itemListElement":[{"@type":"ListItem","position":1,"name":"Home","item":"https:\/\/sey.fi\/salo\/"},{"@type":"ListItem","position":2,"name":"Salon Seudun El\u00e4insuojeluyhdistys","item":"https:\/\/sey.fi\/salo\/"},{"@type":"ListItem","position":3,"name":"Toiminta"}]},{"@type":"WebSite","@id":"https:\/\/sey.fi\/salo\/#website","url":"https:\/\/sey.fi\/salo\/","name":"Salon seudun el\u00e4insuojeluyhdistys","description":"Uusi SEY J\u00e4senyhdistykset -sivusto","potentialAction":[{"@type":"SearchAction","target":{"@type":"EntryPoint","urlTemplate":"https:\/\/sey.fi\/salo\/?s={search_term_string}"},"query-input":{"@type":"PropertyValueSpecification","valueRequired":true,"valueName":"search_term_string"}}],"inLanguage":"fi"}]}},"_links":{"self":[{"href":"https:\/\/sey.fi\/salo\/wp-json\/wp\/v2\/pages\/798","targetHints":{"allow":["GET"]}}],"collection":[{"href":"https:\/\/sey.fi\/salo\/wp-json\/wp\/v2\/pages"}],"about":[{"href":"https:\/\/sey.fi\/salo\/wp-json\/wp\/v2\/types\/page"}],"author":[{"embeddable":true,"href":"https:\/\/sey.fi\/salo\/wp-json\/wp\/v2\/users\/25"}],"replies":[{"embeddable":true,"href":"https:\/\/sey.fi\/salo\/wp-json\/wp\/v2\/comments?post=798"}],"version-history":[{"count":3,"href":"https:\/\/sey.fi\/salo\/wp-json\/wp\/v2\/pages\/798\/revisions"}],"predecessor-version":[{"id":1096,"href":"https:\/\/sey.fi\/salo\/wp-json\/wp\/v2\/pages\/798\/revisions\/1096"}],"up":[{"embeddable":true,"href":"https:\/\/sey.fi\/salo\/wp-json\/wp\/v2\/pages\/2"}],"wp:attachment":[{"href":"https:\/\/sey.fi\/salo\/wp-json\/wp\/v2\/media?parent=798"}],"curies":[{"name":"wp","href":"https:\/\/api.w.org\/{rel}","templated":true}]}}