{"id":840,"date":"2023-05-09T15:20:43","date_gmt":"2023-05-09T12:20:43","guid":{"rendered":"https:\/\/sey.fi\/salo\/?page_id=840"},"modified":"2023-05-09T15:20:44","modified_gmt":"2023-05-09T12:20:44","slug":"elainsuojeluviranomaiset-ja-lait","status":"publish","type":"page","link":"https:\/\/sey.fi\/salo\/salon-elainsuojelu\/elainsuojelu\/elainsuojeluviranomaiset-ja-lait\/","title":{"rendered":"El\u00e4insuojeluviranomaiset ja -lait"},"content":{"rendered":"\n<h2 class=\"wp-block-heading\">Viranomaiset<\/h2>\n\n\n\n<p>Korkein el\u00e4insuojeluviranomainen Suomessa on&nbsp;<a href=\"https:\/\/mmm.fi\/etusivu\" target=\"_blank\" rel=\"noreferrer noopener\">Maa- ja mets\u00e4talousministeri\u00f6<\/a>. Ministeri\u00f6 ohjaa ja valvoo el\u00e4inten hyvinvointia koskevien el\u00e4insuojelus\u00e4\u00e4d\u00f6sten&nbsp;t\u00e4yt\u00e4nt\u00f6\u00f6npanoa ja noudattamista maassamme. <a href=\"https:\/\/www.ruokavirasto.fi\/\" target=\"_blank\" rel=\"noreferrer noopener\">Ruokavirasto<\/a> ohjaa ja valvoo keskushallinnon viranomaisena s\u00e4\u00e4d\u00f6sten t\u00e4yt\u00e4nt\u00f6\u00f6npanoa ja noudattamista. <a href=\"https:\/\/avi.fi\/etusivu\" target=\"_blank\" rel=\"noreferrer noopener\">Aluehallintovirasto<\/a> huolehtii s\u00e4\u00e4nn\u00f6sten t\u00e4yt\u00e4nt\u00f6\u00f6npanosta ja noudattamisen valvonnasta kunkin aluehallintoviraston toimialueella.<\/p>\n\n\n\n<p>Valvonnan paikallisina viranomaisina kunnissa ja kaupungeissa toimivat kunnanel\u00e4inl\u00e4\u00e4k\u00e4rit, kunnan terveydensuojeluvalvontaa hoitavat viranhaltijat ja poliisi. L\u00e4\u00e4neiss\u00e4&nbsp;el\u00e4insuojelus\u00e4\u00e4d\u00f6sten noudattamista valvovat l\u00e4\u00e4ninel\u00e4inl\u00e4\u00e4k\u00e4rit.<\/p>\n\n\n\n<p>Tarkastusel\u00e4inl\u00e4\u00e4k\u00e4rit valvovat el\u00e4inten hyvinvointis\u00e4\u00e4nn\u00f6sten noudattamista teurastamoissa ja teurastamoiden alueella. Rajanylityspaikoilla, maastapoistumispaikoilla ja&nbsp;el\u00e4inl\u00e4\u00e4kinn\u00e4llisill\u00e4 rajatarkastusasemilla&nbsp;lain&nbsp;noudattamisen&nbsp;valvonta kuuluu&nbsp;rajael\u00e4inl\u00e4\u00e4k\u00e4reille.<\/p>\n\n\n\n<p>El\u00e4inkuljetusten valvonta maanteill\u00e4 on poliisin asia, mutta teurastamoiden alueella valvonnasta vastaa tarkastusel\u00e4inl\u00e4\u00e4k\u00e4ri. Koe-el\u00e4intoimintaa harjoittavien laitosten valvonta kuuluu aluehallintovirastolle. Kaikki el\u00e4insuojeluviranomaiset voivat puuttua el\u00e4imen huonoon kohteluun el\u00e4insuojelulain ja -asetuksen suomin keinoin.<\/p>\n\n\n\n<p><strong>Lue lis\u00e4\u00e4:<\/strong><br><a href=\"https:\/\/mmm.fi\/elaimet-kasvit\" target=\"_blank\" rel=\"noreferrer noopener\">Maa- ja Mets\u00e4talousministeri\u00f6 \u2013 El\u00e4imet ja Kasvit<\/a><br><a href=\"https:\/\/www.ruokavirasto.fi\/elaimet\/\" target=\"_blank\" rel=\"noreferrer noopener\">Ruokavirasto \u2013 El\u00e4imet<\/a><a href=\"https:\/\/www.ruokavirasto.fi\/elaimet\/lemmikki--ja-harraste-elaimet\/\" target=\"_blank\" rel=\"noreferrer noopener\"><br>Ruokavirasto \u2013 Lemmikki- ja harraste-el\u00e4imet<\/a><br><a href=\"https:\/\/www.ruokavirasto.fi\/elaimet\/elainten-hyvinvointi\/usein-kysyttya-elainsuojelusta\/\" target=\"_blank\" rel=\"noreferrer noopener\">Ruokavirasto \u2013 Usein kysytty\u00e4 el\u00e4insuojelusta<\/a><\/p>\n\n\n\n<h2 class=\"wp-block-heading\">El\u00e4insuojelulaki<\/h2>\n\n\n<div class=\"wp-block-image is-style-rounded\">\n<figure class=\"aligncenter size-full\"><img loading=\"lazy\" decoding=\"async\" width=\"200\" height=\"200\" src=\"https:\/\/sey.fi\/wp-content\/uploads\/sites\/28\/2023\/05\/elainsuojelulaki-kissat.jpg\" alt=\"\" class=\"wp-image-628\" srcset=\"https:\/\/sey.fi\/wp-content\/uploads\/sites\/28\/2023\/05\/elainsuojelulaki-kissat.jpg 200w, https:\/\/sey.fi\/wp-content\/uploads\/sites\/28\/2023\/05\/elainsuojelulaki-kissat-150x150.jpg 150w, https:\/\/sey.fi\/wp-content\/uploads\/sites\/28\/2023\/05\/elainsuojelulaki-kissat-160x160.jpg 160w\" sizes=\"auto, (max-width: 200px) 100vw, 200px\" \/><\/figure><\/div>\n\n\n<h3 class=\"wp-block-heading has-text-align-center\"><a href=\"https:\/\/finlex.fi\/fi\/laki\/ajantasa\/1996\/19960247\" target=\"_blank\" rel=\"noreferrer noopener\">Ajantasainen el\u00e4insuojelulaki<\/a><\/h3>\n\n\n\n<h3 class=\"wp-block-heading has-text-align-center\"><a href=\"https:\/\/finlex.fi\/fi\/laki\/ajantasa\/1996\/19960396\" target=\"_blank\" rel=\"noreferrer noopener\">Ajantasainen el\u00e4insuojeluasetus<\/a><\/h3>\n\n\n\n<h3 class=\"wp-block-heading has-text-align-center\"><a href=\"https:\/\/finlex.fi\/fi\/laki\/ajantasa\/2003\/20030612\" target=\"_blank\" rel=\"noreferrer noopener\">J\u00e4rjestyslaki<\/a><\/h3>\n\n\n\n<h3 class=\"wp-block-heading has-text-align-center\"><a href=\"https:\/\/finlex.fi\/fi\/laki\/ajantasa\/1993\/19930615\" target=\"_blank\" rel=\"noreferrer noopener\">Mets\u00e4styslaki<\/a><\/h3>\n\n\n\n<h2 class=\"wp-block-heading\">Mit\u00e4 itse voit tehd\u00e4 el\u00e4inten hyv\u00e4ksi?<\/h2>\n\n\n\n<p>K\u00e4yt\u00e4nn\u00f6n el\u00e4insuojelu alkaa omien el\u00e4inten mahdollisimman hyv\u00e4st\u00e4 hoidosta ja kaikkien el\u00e4inten arvostamisesta sellaisena kuin ne ovat. Yst\u00e4v\u00e4llisyys el\u00e4imi\u00e4 kohtaan kannattaa aina ja ostoksillakin vaikutat el\u00e4inten oloihin tekem\u00e4ll\u00e4 valintoja el\u00e4inten hyv\u00e4ksi \u2014 tai p\u00e4invastoin. Arkip\u00e4iv\u00e4n el\u00e4m\u00e4ss\u00e4 on lukuisia pieni\u00e4 asioita, joissa voi v\u00e4h\u00e4ll\u00e4 vaivalla ottaa huomioon el\u00e4imet ja koettaa toimia niin, ettei aiheuta el\u00e4imille haittaa tai vaaraa. El\u00e4insuojelua voit edist\u00e4\u00e4 my\u00f6s hankkimalla mahdollisimman paljon tietoa el\u00e4imist\u00e4. Varmasti tulee monia tilanteita, joissa voit k\u00e4ytt\u00e4\u00e4 tietojasi el\u00e4inten hyv\u00e4ksi.<\/p>\n\n\n\n<p>Jos ep\u00e4ilet, ett\u00e4 joku kohtelee el\u00e4int\u00e4 huonosti tai el\u00e4insuojelulains\u00e4\u00e4d\u00e4nn\u00f6n vastaisesti, voit tehd\u00e4 el\u00e4insuojeluilmoituksen tai kiireellisiss\u00e4 tapauksissa ottaa yhteytt\u00e4 virka-ajan ulkopuolella poliisiin.<\/p>\n","protected":false},"excerpt":{"rendered":"<p>Viranomaiset Korkein el\u00e4insuojeluviranomainen Suomessa on&nbsp;Maa- ja mets\u00e4talousministeri\u00f6. Ministeri\u00f6 ohjaa ja valvoo el\u00e4inten hyvinvointia koskevien el\u00e4insuojelus\u00e4\u00e4d\u00f6sten&nbsp;t\u00e4yt\u00e4nt\u00f6\u00f6npanoa ja noudattamista maassamme. Ruokavirasto ohjaa ja valvoo keskushallinnon viranomaisena s\u00e4\u00e4d\u00f6sten t\u00e4yt\u00e4nt\u00f6\u00f6npanoa ja noudattamista. Aluehallintovirasto huolehtii s\u00e4\u00e4nn\u00f6sten t\u00e4yt\u00e4nt\u00f6\u00f6npanosta ja noudattamisen valvonnasta kunkin aluehallintoviraston toimialueella. Valvonnan paikallisina viranomaisina kunnissa ja kaupungeissa toimivat kunnanel\u00e4inl\u00e4\u00e4k\u00e4rit, kunnan terveydensuojeluvalvontaa hoitavat viranhaltijat ja poliisi. L\u00e4\u00e4neiss\u00e4&nbsp;el\u00e4insuojelus\u00e4\u00e4d\u00f6sten noudattamista valvovat [&hellip;]<\/p>\n","protected":false},"author":25,"featured_media":0,"parent":627,"menu_order":0,"comment_status":"closed","ping_status":"closed","template":"","meta":{"_acf_changed":false,"footnotes":""},"class_list":["post-840","page","type-page","status-publish","hentry"],"acf":[],"yoast_head":"<!-- This site is optimized with the Yoast SEO plugin v27.1.1 - https:\/\/yoast.com\/product\/yoast-seo-wordpress\/ -->\n<title>El\u00e4insuojeluviranomaiset ja -lait - Salon seudun el\u00e4insuojeluyhdistys<\/title>\n<meta name=\"robots\" content=\"index, follow, max-snippet:-1, max-image-preview:large, max-video-preview:-1\" \/>\n<link rel=\"canonical\" href=\"https:\/\/sey.fi\/salo\/salon-elainsuojelu\/elainsuojelu\/elainsuojeluviranomaiset-ja-lait\/\" \/>\n<meta property=\"og:locale\" content=\"fi_FI\" \/>\n<meta property=\"og:type\" content=\"article\" \/>\n<meta property=\"og:title\" content=\"El\u00e4insuojeluviranomaiset ja -lait - Salon seudun el\u00e4insuojeluyhdistys\" \/>\n<meta property=\"og:description\" content=\"Viranomaiset Korkein el\u00e4insuojeluviranomainen Suomessa on&nbsp;Maa- ja mets\u00e4talousministeri\u00f6. Ministeri\u00f6 ohjaa ja valvoo el\u00e4inten hyvinvointia koskevien el\u00e4insuojelus\u00e4\u00e4d\u00f6sten&nbsp;t\u00e4yt\u00e4nt\u00f6\u00f6npanoa ja noudattamista maassamme. Ruokavirasto ohjaa ja valvoo keskushallinnon viranomaisena s\u00e4\u00e4d\u00f6sten t\u00e4yt\u00e4nt\u00f6\u00f6npanoa ja noudattamista. Aluehallintovirasto huolehtii s\u00e4\u00e4nn\u00f6sten t\u00e4yt\u00e4nt\u00f6\u00f6npanosta ja noudattamisen valvonnasta kunkin aluehallintoviraston toimialueella. Valvonnan paikallisina viranomaisina kunnissa ja kaupungeissa toimivat kunnanel\u00e4inl\u00e4\u00e4k\u00e4rit, kunnan terveydensuojeluvalvontaa hoitavat viranhaltijat ja poliisi. L\u00e4\u00e4neiss\u00e4&nbsp;el\u00e4insuojelus\u00e4\u00e4d\u00f6sten noudattamista valvovat [&hellip;]\" \/>\n<meta property=\"og:url\" content=\"https:\/\/sey.fi\/salo\/salon-elainsuojelu\/elainsuojelu\/elainsuojeluviranomaiset-ja-lait\/\" \/>\n<meta property=\"og:site_name\" content=\"Salon seudun el\u00e4insuojeluyhdistys\" \/>\n<meta property=\"article:modified_time\" content=\"2023-05-09T12:20:44+00:00\" \/>\n<meta property=\"og:image\" content=\"https:\/\/sey.fi\/wp-content\/uploads\/sites\/28\/2023\/05\/elainsuojelulaki-kissat.jpg\" \/>\n<meta name=\"twitter:card\" content=\"summary_large_image\" \/>\n<meta name=\"twitter:label1\" content=\"Arvioitu lukuaika\" \/>\n\t<meta name=\"twitter:data1\" content=\"2 minuuttia\" \/>\n<script type=\"application\/ld+json\" class=\"yoast-schema-graph\">{\"@context\":\"https:\/\/schema.org\",\"@graph\":[{\"@type\":\"WebPage\",\"@id\":\"https:\/\/sey.fi\/salo\/salon-elainsuojelu\/elainsuojelu\/elainsuojeluviranomaiset-ja-lait\/\",\"url\":\"https:\/\/sey.fi\/salo\/salon-elainsuojelu\/elainsuojelu\/elainsuojeluviranomaiset-ja-lait\/\",\"name\":\"El\u00e4insuojeluviranomaiset ja -lait - Salon seudun el\u00e4insuojeluyhdistys\",\"isPartOf\":{\"@id\":\"https:\/\/sey.fi\/salo\/#website\"},\"primaryImageOfPage\":{\"@id\":\"https:\/\/sey.fi\/salo\/salon-elainsuojelu\/elainsuojelu\/elainsuojeluviranomaiset-ja-lait\/#primaryimage\"},\"image\":{\"@id\":\"https:\/\/sey.fi\/salo\/salon-elainsuojelu\/elainsuojelu\/elainsuojeluviranomaiset-ja-lait\/#primaryimage\"},\"thumbnailUrl\":\"https:\/\/sey.fi\/wp-content\/uploads\/sites\/28\/2023\/05\/elainsuojelulaki-kissat.jpg\",\"datePublished\":\"2023-05-09T12:20:43+00:00\",\"dateModified\":\"2023-05-09T12:20:44+00:00\",\"breadcrumb\":{\"@id\":\"https:\/\/sey.fi\/salo\/salon-elainsuojelu\/elainsuojelu\/elainsuojeluviranomaiset-ja-lait\/#breadcrumb\"},\"inLanguage\":\"fi\",\"potentialAction\":[{\"@type\":\"ReadAction\",\"target\":[\"https:\/\/sey.fi\/salo\/salon-elainsuojelu\/elainsuojelu\/elainsuojeluviranomaiset-ja-lait\/\"]}]},{\"@type\":\"ImageObject\",\"inLanguage\":\"fi\",\"@id\":\"https:\/\/sey.fi\/salo\/salon-elainsuojelu\/elainsuojelu\/elainsuojeluviranomaiset-ja-lait\/#primaryimage\",\"url\":\"https:\/\/sey.fi\/wp-content\/uploads\/sites\/28\/2023\/05\/elainsuojelulaki-kissat.jpg\",\"contentUrl\":\"https:\/\/sey.fi\/wp-content\/uploads\/sites\/28\/2023\/05\/elainsuojelulaki-kissat.jpg\"},{\"@type\":\"BreadcrumbList\",\"@id\":\"https:\/\/sey.fi\/salo\/salon-elainsuojelu\/elainsuojelu\/elainsuojeluviranomaiset-ja-lait\/#breadcrumb\",\"itemListElement\":[{\"@type\":\"ListItem\",\"position\":1,\"name\":\"Home\",\"item\":\"https:\/\/sey.fi\/salo\/\"},{\"@type\":\"ListItem\",\"position\":2,\"name\":\"Salon Seudun El\u00e4insuojeluyhdistys\",\"item\":\"https:\/\/sey.fi\/salo\/\"},{\"@type\":\"ListItem\",\"position\":3,\"name\":\"El\u00e4insuojelu\",\"item\":\"https:\/\/sey.fi\/salo\/salon-elainsuojelu\/elainsuojelu\/\"},{\"@type\":\"ListItem\",\"position\":4,\"name\":\"El\u00e4insuojeluviranomaiset ja -lait\"}]},{\"@type\":\"WebSite\",\"@id\":\"https:\/\/sey.fi\/salo\/#website\",\"url\":\"https:\/\/sey.fi\/salo\/\",\"name\":\"Salon seudun el\u00e4insuojeluyhdistys\",\"description\":\"Uusi SEY J\u00e4senyhdistykset -sivusto\",\"potentialAction\":[{\"@type\":\"SearchAction\",\"target\":{\"@type\":\"EntryPoint\",\"urlTemplate\":\"https:\/\/sey.fi\/salo\/?s={search_term_string}\"},\"query-input\":{\"@type\":\"PropertyValueSpecification\",\"valueRequired\":true,\"valueName\":\"search_term_string\"}}],\"inLanguage\":\"fi\"}]}<\/script>\n<!-- \/ Yoast SEO plugin. -->","yoast_head_json":{"title":"El\u00e4insuojeluviranomaiset ja -lait - Salon seudun el\u00e4insuojeluyhdistys","robots":{"index":"index","follow":"follow","max-snippet":"max-snippet:-1","max-image-preview":"max-image-preview:large","max-video-preview":"max-video-preview:-1"},"canonical":"https:\/\/sey.fi\/salo\/salon-elainsuojelu\/elainsuojelu\/elainsuojeluviranomaiset-ja-lait\/","og_locale":"fi_FI","og_type":"article","og_title":"El\u00e4insuojeluviranomaiset ja -lait - Salon seudun el\u00e4insuojeluyhdistys","og_description":"Viranomaiset Korkein el\u00e4insuojeluviranomainen Suomessa on&nbsp;Maa- ja mets\u00e4talousministeri\u00f6. Ministeri\u00f6 ohjaa ja valvoo el\u00e4inten hyvinvointia koskevien el\u00e4insuojelus\u00e4\u00e4d\u00f6sten&nbsp;t\u00e4yt\u00e4nt\u00f6\u00f6npanoa ja noudattamista maassamme. Ruokavirasto ohjaa ja valvoo keskushallinnon viranomaisena s\u00e4\u00e4d\u00f6sten t\u00e4yt\u00e4nt\u00f6\u00f6npanoa ja noudattamista. Aluehallintovirasto huolehtii s\u00e4\u00e4nn\u00f6sten t\u00e4yt\u00e4nt\u00f6\u00f6npanosta ja noudattamisen valvonnasta kunkin aluehallintoviraston toimialueella. Valvonnan paikallisina viranomaisina kunnissa ja kaupungeissa toimivat kunnanel\u00e4inl\u00e4\u00e4k\u00e4rit, kunnan terveydensuojeluvalvontaa hoitavat viranhaltijat ja poliisi. L\u00e4\u00e4neiss\u00e4&nbsp;el\u00e4insuojelus\u00e4\u00e4d\u00f6sten noudattamista valvovat [&hellip;]","og_url":"https:\/\/sey.fi\/salo\/salon-elainsuojelu\/elainsuojelu\/elainsuojeluviranomaiset-ja-lait\/","og_site_name":"Salon seudun el\u00e4insuojeluyhdistys","article_modified_time":"2023-05-09T12:20:44+00:00","og_image":[{"url":"https:\/\/sey.fi\/wp-content\/uploads\/sites\/28\/2023\/05\/elainsuojelulaki-kissat.jpg","type":"","width":"","height":""}],"twitter_card":"summary_large_image","twitter_misc":{"Arvioitu lukuaika":"2 minuuttia"},"schema":{"@context":"https:\/\/schema.org","@graph":[{"@type":"WebPage","@id":"https:\/\/sey.fi\/salo\/salon-elainsuojelu\/elainsuojelu\/elainsuojeluviranomaiset-ja-lait\/","url":"https:\/\/sey.fi\/salo\/salon-elainsuojelu\/elainsuojelu\/elainsuojeluviranomaiset-ja-lait\/","name":"El\u00e4insuojeluviranomaiset ja -lait - Salon seudun el\u00e4insuojeluyhdistys","isPartOf":{"@id":"https:\/\/sey.fi\/salo\/#website"},"primaryImageOfPage":{"@id":"https:\/\/sey.fi\/salo\/salon-elainsuojelu\/elainsuojelu\/elainsuojeluviranomaiset-ja-lait\/#primaryimage"},"image":{"@id":"https:\/\/sey.fi\/salo\/salon-elainsuojelu\/elainsuojelu\/elainsuojeluviranomaiset-ja-lait\/#primaryimage"},"thumbnailUrl":"https:\/\/sey.fi\/wp-content\/uploads\/sites\/28\/2023\/05\/elainsuojelulaki-kissat.jpg","datePublished":"2023-05-09T12:20:43+00:00","dateModified":"2023-05-09T12:20:44+00:00","breadcrumb":{"@id":"https:\/\/sey.fi\/salo\/salon-elainsuojelu\/elainsuojelu\/elainsuojeluviranomaiset-ja-lait\/#breadcrumb"},"inLanguage":"fi","potentialAction":[{"@type":"ReadAction","target":["https:\/\/sey.fi\/salo\/salon-elainsuojelu\/elainsuojelu\/elainsuojeluviranomaiset-ja-lait\/"]}]},{"@type":"ImageObject","inLanguage":"fi","@id":"https:\/\/sey.fi\/salo\/salon-elainsuojelu\/elainsuojelu\/elainsuojeluviranomaiset-ja-lait\/#primaryimage","url":"https:\/\/sey.fi\/wp-content\/uploads\/sites\/28\/2023\/05\/elainsuojelulaki-kissat.jpg","contentUrl":"https:\/\/sey.fi\/wp-content\/uploads\/sites\/28\/2023\/05\/elainsuojelulaki-kissat.jpg"},{"@type":"BreadcrumbList","@id":"https:\/\/sey.fi\/salo\/salon-elainsuojelu\/elainsuojelu\/elainsuojeluviranomaiset-ja-lait\/#breadcrumb","itemListElement":[{"@type":"ListItem","position":1,"name":"Home","item":"https:\/\/sey.fi\/salo\/"},{"@type":"ListItem","position":2,"name":"Salon Seudun El\u00e4insuojeluyhdistys","item":"https:\/\/sey.fi\/salo\/"},{"@type":"ListItem","position":3,"name":"El\u00e4insuojelu","item":"https:\/\/sey.fi\/salo\/salon-elainsuojelu\/elainsuojelu\/"},{"@type":"ListItem","position":4,"name":"El\u00e4insuojeluviranomaiset ja -lait"}]},{"@type":"WebSite","@id":"https:\/\/sey.fi\/salo\/#website","url":"https:\/\/sey.fi\/salo\/","name":"Salon seudun el\u00e4insuojeluyhdistys","description":"Uusi SEY J\u00e4senyhdistykset -sivusto","potentialAction":[{"@type":"SearchAction","target":{"@type":"EntryPoint","urlTemplate":"https:\/\/sey.fi\/salo\/?s={search_term_string}"},"query-input":{"@type":"PropertyValueSpecification","valueRequired":true,"valueName":"search_term_string"}}],"inLanguage":"fi"}]}},"_links":{"self":[{"href":"https:\/\/sey.fi\/salo\/wp-json\/wp\/v2\/pages\/840","targetHints":{"allow":["GET"]}}],"collection":[{"href":"https:\/\/sey.fi\/salo\/wp-json\/wp\/v2\/pages"}],"about":[{"href":"https:\/\/sey.fi\/salo\/wp-json\/wp\/v2\/types\/page"}],"author":[{"embeddable":true,"href":"https:\/\/sey.fi\/salo\/wp-json\/wp\/v2\/users\/25"}],"replies":[{"embeddable":true,"href":"https:\/\/sey.fi\/salo\/wp-json\/wp\/v2\/comments?post=840"}],"version-history":[{"count":1,"href":"https:\/\/sey.fi\/salo\/wp-json\/wp\/v2\/pages\/840\/revisions"}],"predecessor-version":[{"id":841,"href":"https:\/\/sey.fi\/salo\/wp-json\/wp\/v2\/pages\/840\/revisions\/841"}],"up":[{"embeddable":true,"href":"https:\/\/sey.fi\/salo\/wp-json\/wp\/v2\/pages\/627"}],"wp:attachment":[{"href":"https:\/\/sey.fi\/salo\/wp-json\/wp\/v2\/media?parent=840"}],"curies":[{"name":"wp","href":"https:\/\/api.w.org\/{rel}","templated":true}]}}