{"id":18,"date":"2019-11-18T15:40:24","date_gmt":"2019-11-18T13:40:24","guid":{"rendered":"http:\/\/srvr10.xetpoint.com\/~seyfi\/satakunta\/?page_id=18"},"modified":"2025-05-07T00:10:31","modified_gmt":"2025-05-06T21:10:31","slug":"yhdistys","status":"publish","type":"page","link":"https:\/\/sey.fi\/satakunta\/satakunnan-elainsuojelu\/yhdistys\/","title":{"rendered":"Yhdistys"},"content":{"rendered":"\n<figure class=\"wp-block-image\"><img decoding=\"async\" src=\"http:\/\/satakunta.sey.fi\/images\/etusivu\/kissa.jpg\" alt=\"\" \/><\/figure>\n\n\n\n<h1 class=\"wp-block-heading\">Satakunnan el\u00e4insuojeluyhdistys ry<\/h1>\n\n\n\n<p>Satakunnan el\u00e4insuojeluyhdistys ry on perustettu vuonna 1891 ja toiminta&nbsp;alueena&nbsp;Porin seutu&nbsp;ja&nbsp;Satakuntaan kuuluvat kunnat. Tavoitteena ja toiminnan ajatuksena on edist\u00e4\u00e4 luonnonvaraisten, tuotantoel\u00e4inten ja lemmikkiel\u00e4inten hyvinvointia sek\u00e4 pyrki\u00e4 valistamaan el\u00e4insuojelullisissa asioissa.<\/p>\n\n\n\n<p><strong>Satakunnan El\u00e4insuojeluyhdistyksen yhteystiedot:<\/strong><\/p>\n\n\n\n<p>s\u00e4hk\u00f6posti:&nbsp;<a href=\"mailto:satesy@satesy.fi\">satesy@satesy.fi<\/a><\/p>\n\n\n\n<p>www.facebook.com\/satakunnan el\u00e4insuojeluyhdistys ry<\/p>\n\n\n\n<p>Instagram     satakunnan_esy<\/p>\n\n\n\n<p>Postiosoite: Satakunnankatu 32, 28130 Pori<\/p>\n\n\n\n<p>Palvelupuhelin 0600-93345 h. 0,69e \/ min+pvm.<\/p>\n\n\n\n<p><strong>Lupanumero: RA\/2022\/558  <\/strong><\/p>\n\n\n\n<p>1.4.2022 voimassa toistaiseksi<\/p>\n\n\n\n<p><strong>Lahjoitustili FI8017753000000443 NDEAFIHH<\/strong> <strong>VIITE 4200<\/strong><\/p>\n\n\n\n<p>Satakunnan poliisilaitoksen alue.<\/p>\n\n\n\n<p>Y-tunnus: Y1729321-7<\/p>\n\n\n\n<p><strong>Lahjoitukset  Mobile Pay  41993<\/strong> <\/p>\n\n\n\n<p>Materiaali ym. lahjoituksista ota yhteytt\u00e4 s\u00e4hk\u00f6postitse tai sosiaalisen median kautta! Lahjoituksia voi tuoda my\u00f6s aina avoimiin oviin, joiden <a href=\"https:\/\/sey.fi\/satakunta\/satakunnan-elainsuojelu\/tapahtumakalenteri\/\">aikataulu<\/a> l\u00f6ytyy sivultamme.<\/p>\n\n\n\n<p><\/p>\n\n\n\n<p><\/p>\n","protected":false},"excerpt":{"rendered":"<p>Satakunnan el\u00e4insuojeluyhdistys ry Satakunnan el\u00e4insuojeluyhdistys ry on perustettu vuonna 1891 ja toiminta&nbsp;alueena&nbsp;Porin seutu&nbsp;ja&nbsp;Satakuntaan kuuluvat kunnat. Tavoitteena ja toiminnan ajatuksena on edist\u00e4\u00e4 luonnonvaraisten, tuotantoel\u00e4inten ja lemmikkiel\u00e4inten hyvinvointia sek\u00e4 pyrki\u00e4 valistamaan el\u00e4insuojelullisissa asioissa. Satakunnan El\u00e4insuojeluyhdistyksen yhteystiedot: s\u00e4hk\u00f6posti:&nbsp;satesy@satesy.fi www.facebook.com\/satakunnan el\u00e4insuojeluyhdistys ry Instagram satakunnan_esy Postiosoite: Satakunnankatu 32, 28130 Pori Palvelupuhelin 0600-93345 h. 0,69e \/ min+pvm. Lupanumero: RA\/2022\/558 1.4.2022 voimassa [&hellip;]<\/p>\n","protected":false},"author":8,"featured_media":0,"parent":2,"menu_order":0,"comment_status":"closed","ping_status":"closed","template":"","meta":{"_acf_changed":false,"footnotes":""},"class_list":["post-18","page","type-page","status-publish","hentry"],"acf":[],"yoast_head":"<!-- This site is optimized with the Yoast SEO plugin v27.1.1 - https:\/\/yoast.com\/product\/yoast-seo-wordpress\/ -->\n<title>Yhdistys - Satakunnan el\u00e4insuojeluyhdistys<\/title>\n<meta name=\"robots\" content=\"index, follow, max-snippet:-1, max-image-preview:large, max-video-preview:-1\" \/>\n<link rel=\"canonical\" href=\"https:\/\/sey.fi\/satakunta\/satakunnan-elainsuojelu\/yhdistys\/\" \/>\n<meta property=\"og:locale\" content=\"fi_FI\" \/>\n<meta property=\"og:type\" content=\"article\" \/>\n<meta property=\"og:title\" content=\"Yhdistys - Satakunnan el\u00e4insuojeluyhdistys\" \/>\n<meta property=\"og:description\" content=\"Satakunnan el\u00e4insuojeluyhdistys ry Satakunnan el\u00e4insuojeluyhdistys ry on perustettu vuonna 1891 ja toiminta&nbsp;alueena&nbsp;Porin seutu&nbsp;ja&nbsp;Satakuntaan kuuluvat kunnat. Tavoitteena ja toiminnan ajatuksena on edist\u00e4\u00e4 luonnonvaraisten, tuotantoel\u00e4inten ja lemmikkiel\u00e4inten hyvinvointia sek\u00e4 pyrki\u00e4 valistamaan el\u00e4insuojelullisissa asioissa. Satakunnan El\u00e4insuojeluyhdistyksen yhteystiedot: s\u00e4hk\u00f6posti:&nbsp;satesy@satesy.fi www.facebook.com\/satakunnan el\u00e4insuojeluyhdistys ry Instagram satakunnan_esy Postiosoite: Satakunnankatu 32, 28130 Pori Palvelupuhelin 0600-93345 h. 0,69e \/ min+pvm. Lupanumero: RA\/2022\/558 1.4.2022 voimassa [&hellip;]\" \/>\n<meta property=\"og:url\" content=\"https:\/\/sey.fi\/satakunta\/satakunnan-elainsuojelu\/yhdistys\/\" \/>\n<meta property=\"og:site_name\" content=\"Satakunnan el\u00e4insuojeluyhdistys\" \/>\n<meta property=\"article:modified_time\" content=\"2025-05-06T21:10:31+00:00\" \/>\n<meta property=\"og:image\" content=\"http:\/\/satakunta.sey.fi\/images\/etusivu\/kissa.jpg\" \/>\n<meta name=\"twitter:card\" content=\"summary_large_image\" \/>\n<meta name=\"twitter:label1\" content=\"Arvioitu lukuaika\" \/>\n\t<meta name=\"twitter:data1\" content=\"1 minuutti\" \/>\n<script type=\"application\/ld+json\" class=\"yoast-schema-graph\">{\"@context\":\"https:\/\/schema.org\",\"@graph\":[{\"@type\":\"WebPage\",\"@id\":\"https:\/\/sey.fi\/satakunta\/satakunnan-elainsuojelu\/yhdistys\/\",\"url\":\"https:\/\/sey.fi\/satakunta\/satakunnan-elainsuojelu\/yhdistys\/\",\"name\":\"Yhdistys - Satakunnan el\u00e4insuojeluyhdistys\",\"isPartOf\":{\"@id\":\"https:\/\/sey.fi\/satakunta\/#website\"},\"primaryImageOfPage\":{\"@id\":\"https:\/\/sey.fi\/satakunta\/satakunnan-elainsuojelu\/yhdistys\/#primaryimage\"},\"image\":{\"@id\":\"https:\/\/sey.fi\/satakunta\/satakunnan-elainsuojelu\/yhdistys\/#primaryimage\"},\"thumbnailUrl\":\"http:\/\/satakunta.sey.fi\/images\/etusivu\/kissa.jpg\",\"datePublished\":\"2019-11-18T13:40:24+00:00\",\"dateModified\":\"2025-05-06T21:10:31+00:00\",\"breadcrumb\":{\"@id\":\"https:\/\/sey.fi\/satakunta\/satakunnan-elainsuojelu\/yhdistys\/#breadcrumb\"},\"inLanguage\":\"fi\",\"potentialAction\":[{\"@type\":\"ReadAction\",\"target\":[\"https:\/\/sey.fi\/satakunta\/satakunnan-elainsuojelu\/yhdistys\/\"]}]},{\"@type\":\"ImageObject\",\"inLanguage\":\"fi\",\"@id\":\"https:\/\/sey.fi\/satakunta\/satakunnan-elainsuojelu\/yhdistys\/#primaryimage\",\"url\":\"http:\/\/satakunta.sey.fi\/images\/etusivu\/kissa.jpg\",\"contentUrl\":\"http:\/\/satakunta.sey.fi\/images\/etusivu\/kissa.jpg\"},{\"@type\":\"BreadcrumbList\",\"@id\":\"https:\/\/sey.fi\/satakunta\/satakunnan-elainsuojelu\/yhdistys\/#breadcrumb\",\"itemListElement\":[{\"@type\":\"ListItem\",\"position\":1,\"name\":\"Home\",\"item\":\"https:\/\/sey.fi\/satakunta\/\"},{\"@type\":\"ListItem\",\"position\":2,\"name\":\"Satakunnan el\u00e4insuojeluyhdistys\",\"item\":\"https:\/\/sey.fi\/satakunta\/\"},{\"@type\":\"ListItem\",\"position\":3,\"name\":\"Yhdistys\"}]},{\"@type\":\"WebSite\",\"@id\":\"https:\/\/sey.fi\/satakunta\/#website\",\"url\":\"https:\/\/sey.fi\/satakunta\/\",\"name\":\"Satakunnan el\u00e4insuojeluyhdistys\",\"description\":\"Uusi SEY J\u00e4senyhdistykset -sivusto\",\"potentialAction\":[{\"@type\":\"SearchAction\",\"target\":{\"@type\":\"EntryPoint\",\"urlTemplate\":\"https:\/\/sey.fi\/satakunta\/?s={search_term_string}\"},\"query-input\":{\"@type\":\"PropertyValueSpecification\",\"valueRequired\":true,\"valueName\":\"search_term_string\"}}],\"inLanguage\":\"fi\"}]}<\/script>\n<!-- \/ Yoast SEO plugin. -->","yoast_head_json":{"title":"Yhdistys - Satakunnan el\u00e4insuojeluyhdistys","robots":{"index":"index","follow":"follow","max-snippet":"max-snippet:-1","max-image-preview":"max-image-preview:large","max-video-preview":"max-video-preview:-1"},"canonical":"https:\/\/sey.fi\/satakunta\/satakunnan-elainsuojelu\/yhdistys\/","og_locale":"fi_FI","og_type":"article","og_title":"Yhdistys - Satakunnan el\u00e4insuojeluyhdistys","og_description":"Satakunnan el\u00e4insuojeluyhdistys ry Satakunnan el\u00e4insuojeluyhdistys ry on perustettu vuonna 1891 ja toiminta&nbsp;alueena&nbsp;Porin seutu&nbsp;ja&nbsp;Satakuntaan kuuluvat kunnat. Tavoitteena ja toiminnan ajatuksena on edist\u00e4\u00e4 luonnonvaraisten, tuotantoel\u00e4inten ja lemmikkiel\u00e4inten hyvinvointia sek\u00e4 pyrki\u00e4 valistamaan el\u00e4insuojelullisissa asioissa. Satakunnan El\u00e4insuojeluyhdistyksen yhteystiedot: s\u00e4hk\u00f6posti:&nbsp;satesy@satesy.fi www.facebook.com\/satakunnan el\u00e4insuojeluyhdistys ry Instagram satakunnan_esy Postiosoite: Satakunnankatu 32, 28130 Pori Palvelupuhelin 0600-93345 h. 0,69e \/ min+pvm. Lupanumero: RA\/2022\/558 1.4.2022 voimassa [&hellip;]","og_url":"https:\/\/sey.fi\/satakunta\/satakunnan-elainsuojelu\/yhdistys\/","og_site_name":"Satakunnan el\u00e4insuojeluyhdistys","article_modified_time":"2025-05-06T21:10:31+00:00","og_image":[{"url":"http:\/\/satakunta.sey.fi\/images\/etusivu\/kissa.jpg","type":"","width":"","height":""}],"twitter_card":"summary_large_image","twitter_misc":{"Arvioitu lukuaika":"1 minuutti"},"schema":{"@context":"https:\/\/schema.org","@graph":[{"@type":"WebPage","@id":"https:\/\/sey.fi\/satakunta\/satakunnan-elainsuojelu\/yhdistys\/","url":"https:\/\/sey.fi\/satakunta\/satakunnan-elainsuojelu\/yhdistys\/","name":"Yhdistys - Satakunnan el\u00e4insuojeluyhdistys","isPartOf":{"@id":"https:\/\/sey.fi\/satakunta\/#website"},"primaryImageOfPage":{"@id":"https:\/\/sey.fi\/satakunta\/satakunnan-elainsuojelu\/yhdistys\/#primaryimage"},"image":{"@id":"https:\/\/sey.fi\/satakunta\/satakunnan-elainsuojelu\/yhdistys\/#primaryimage"},"thumbnailUrl":"http:\/\/satakunta.sey.fi\/images\/etusivu\/kissa.jpg","datePublished":"2019-11-18T13:40:24+00:00","dateModified":"2025-05-06T21:10:31+00:00","breadcrumb":{"@id":"https:\/\/sey.fi\/satakunta\/satakunnan-elainsuojelu\/yhdistys\/#breadcrumb"},"inLanguage":"fi","potentialAction":[{"@type":"ReadAction","target":["https:\/\/sey.fi\/satakunta\/satakunnan-elainsuojelu\/yhdistys\/"]}]},{"@type":"ImageObject","inLanguage":"fi","@id":"https:\/\/sey.fi\/satakunta\/satakunnan-elainsuojelu\/yhdistys\/#primaryimage","url":"http:\/\/satakunta.sey.fi\/images\/etusivu\/kissa.jpg","contentUrl":"http:\/\/satakunta.sey.fi\/images\/etusivu\/kissa.jpg"},{"@type":"BreadcrumbList","@id":"https:\/\/sey.fi\/satakunta\/satakunnan-elainsuojelu\/yhdistys\/#breadcrumb","itemListElement":[{"@type":"ListItem","position":1,"name":"Home","item":"https:\/\/sey.fi\/satakunta\/"},{"@type":"ListItem","position":2,"name":"Satakunnan el\u00e4insuojeluyhdistys","item":"https:\/\/sey.fi\/satakunta\/"},{"@type":"ListItem","position":3,"name":"Yhdistys"}]},{"@type":"WebSite","@id":"https:\/\/sey.fi\/satakunta\/#website","url":"https:\/\/sey.fi\/satakunta\/","name":"Satakunnan el\u00e4insuojeluyhdistys","description":"Uusi SEY J\u00e4senyhdistykset -sivusto","potentialAction":[{"@type":"SearchAction","target":{"@type":"EntryPoint","urlTemplate":"https:\/\/sey.fi\/satakunta\/?s={search_term_string}"},"query-input":{"@type":"PropertyValueSpecification","valueRequired":true,"valueName":"search_term_string"}}],"inLanguage":"fi"}]}},"_links":{"self":[{"href":"https:\/\/sey.fi\/satakunta\/wp-json\/wp\/v2\/pages\/18","targetHints":{"allow":["GET"]}}],"collection":[{"href":"https:\/\/sey.fi\/satakunta\/wp-json\/wp\/v2\/pages"}],"about":[{"href":"https:\/\/sey.fi\/satakunta\/wp-json\/wp\/v2\/types\/page"}],"author":[{"embeddable":true,"href":"https:\/\/sey.fi\/satakunta\/wp-json\/wp\/v2\/users\/8"}],"replies":[{"embeddable":true,"href":"https:\/\/sey.fi\/satakunta\/wp-json\/wp\/v2\/comments?post=18"}],"version-history":[{"count":20,"href":"https:\/\/sey.fi\/satakunta\/wp-json\/wp\/v2\/pages\/18\/revisions"}],"predecessor-version":[{"id":6327,"href":"https:\/\/sey.fi\/satakunta\/wp-json\/wp\/v2\/pages\/18\/revisions\/6327"}],"up":[{"embeddable":true,"href":"https:\/\/sey.fi\/satakunta\/wp-json\/wp\/v2\/pages\/2"}],"wp:attachment":[{"href":"https:\/\/sey.fi\/satakunta\/wp-json\/wp\/v2\/media?parent=18"}],"curies":[{"name":"wp","href":"https:\/\/api.w.org\/{rel}","templated":true}]}}