{"id":2,"date":"2019-10-18T14:20:19","date_gmt":"2019-10-18T11:20:19","guid":{"rendered":"http:\/\/srvr10.xetpoint.com\/~seyfi\/satakunta\/?page_id=2"},"modified":"2025-06-11T19:51:15","modified_gmt":"2025-06-11T16:51:15","slug":"satakunnan-elainsuojelu","status":"publish","type":"page","link":"https:\/\/sey.fi\/satakunta\/","title":{"rendered":"Satakunnan el\u00e4insuojeluyhdistys"},"content":{"rendered":"","protected":false},"excerpt":{"rendered":"","protected":false},"author":8,"featured_media":0,"parent":0,"menu_order":0,"comment_status":"closed","ping_status":"open","template":"TemplateHome.php","meta":{"_acf_changed":false,"footnotes":""},"class_list":["post-2","page","type-page","status-publish","hentry"],"acf":[],"yoast_head":"<!-- This site is optimized with the Yoast SEO plugin v27.1.1 - https:\/\/yoast.com\/product\/yoast-seo-wordpress\/ -->\n<title>Satakunnan el\u00e4insuojeluyhdistys<\/title>\n<meta name=\"description\" content=\"Satakunnan El\u00e4insuojeluyhdistys ry on perustettu vuonna 1891, se toimii vapaaehtoisvoimin Satakunnan alueella. Tavoitteena on edist\u00e4\u00e4 el\u00e4inten hyvinvointia\" \/>\n<meta name=\"robots\" content=\"index, follow, max-snippet:-1, max-image-preview:large, max-video-preview:-1\" \/>\n<link rel=\"canonical\" href=\"https:\/\/sey.fi\/satakunta\/\" \/>\n<meta property=\"og:locale\" content=\"fi_FI\" \/>\n<meta property=\"og:type\" content=\"article\" \/>\n<meta property=\"og:title\" content=\"Satakunnan el\u00e4insuojeluyhdistys\" \/>\n<meta property=\"og:description\" content=\"Satakunnan El\u00e4insuojeluyhdistys ry on perustettu vuonna 1891, se toimii vapaaehtoisvoimin Satakunnan alueella. Tavoitteena on edist\u00e4\u00e4 el\u00e4inten hyvinvointia\" \/>\n<meta property=\"og:url\" content=\"https:\/\/sey.fi\/satakunta\/\" \/>\n<meta property=\"og:site_name\" content=\"Satakunnan el\u00e4insuojeluyhdistys\" \/>\n<meta property=\"article:modified_time\" content=\"2025-06-11T16:51:15+00:00\" \/>\n<meta name=\"twitter:card\" content=\"summary_large_image\" \/>\n<script type=\"application\/ld+json\" class=\"yoast-schema-graph\">{\"@context\":\"https:\/\/schema.org\",\"@graph\":[{\"@type\":\"WebPage\",\"@id\":\"https:\/\/sey.fi\/satakunta\/\",\"url\":\"https:\/\/sey.fi\/satakunta\/\",\"name\":\"Satakunnan el\u00e4insuojeluyhdistys\",\"isPartOf\":{\"@id\":\"https:\/\/sey.fi\/satakunta\/#website\"},\"datePublished\":\"2019-10-18T11:20:19+00:00\",\"dateModified\":\"2025-06-11T16:51:15+00:00\",\"description\":\"Satakunnan El\u00e4insuojeluyhdistys ry on perustettu vuonna 1891, se toimii vapaaehtoisvoimin Satakunnan alueella. Tavoitteena on edist\u00e4\u00e4 el\u00e4inten hyvinvointia\",\"breadcrumb\":{\"@id\":\"https:\/\/sey.fi\/satakunta\/#breadcrumb\"},\"inLanguage\":\"fi\",\"potentialAction\":[{\"@type\":\"ReadAction\",\"target\":[\"https:\/\/sey.fi\/satakunta\/\"]}]},{\"@type\":\"BreadcrumbList\",\"@id\":\"https:\/\/sey.fi\/satakunta\/#breadcrumb\",\"itemListElement\":[{\"@type\":\"ListItem\",\"position\":1,\"name\":\"Home\",\"item\":\"https:\/\/sey.fi\/satakunta\/\"},{\"@type\":\"ListItem\",\"position\":2,\"name\":\"Satakunnan el\u00e4insuojeluyhdistys\"}]},{\"@type\":\"WebSite\",\"@id\":\"https:\/\/sey.fi\/satakunta\/#website\",\"url\":\"https:\/\/sey.fi\/satakunta\/\",\"name\":\"Satakunnan el\u00e4insuojeluyhdistys\",\"description\":\"Uusi SEY J\u00e4senyhdistykset -sivusto\",\"potentialAction\":[{\"@type\":\"SearchAction\",\"target\":{\"@type\":\"EntryPoint\",\"urlTemplate\":\"https:\/\/sey.fi\/satakunta\/?s={search_term_string}\"},\"query-input\":{\"@type\":\"PropertyValueSpecification\",\"valueRequired\":true,\"valueName\":\"search_term_string\"}}],\"inLanguage\":\"fi\"}]}<\/script>\n<!-- \/ Yoast SEO plugin. -->","yoast_head_json":{"title":"Satakunnan el\u00e4insuojeluyhdistys","description":"Satakunnan El\u00e4insuojeluyhdistys ry on perustettu vuonna 1891, se toimii vapaaehtoisvoimin Satakunnan alueella. Tavoitteena on edist\u00e4\u00e4 el\u00e4inten hyvinvointia","robots":{"index":"index","follow":"follow","max-snippet":"max-snippet:-1","max-image-preview":"max-image-preview:large","max-video-preview":"max-video-preview:-1"},"canonical":"https:\/\/sey.fi\/satakunta\/","og_locale":"fi_FI","og_type":"article","og_title":"Satakunnan el\u00e4insuojeluyhdistys","og_description":"Satakunnan El\u00e4insuojeluyhdistys ry on perustettu vuonna 1891, se toimii vapaaehtoisvoimin Satakunnan alueella. Tavoitteena on edist\u00e4\u00e4 el\u00e4inten hyvinvointia","og_url":"https:\/\/sey.fi\/satakunta\/","og_site_name":"Satakunnan el\u00e4insuojeluyhdistys","article_modified_time":"2025-06-11T16:51:15+00:00","twitter_card":"summary_large_image","schema":{"@context":"https:\/\/schema.org","@graph":[{"@type":"WebPage","@id":"https:\/\/sey.fi\/satakunta\/","url":"https:\/\/sey.fi\/satakunta\/","name":"Satakunnan el\u00e4insuojeluyhdistys","isPartOf":{"@id":"https:\/\/sey.fi\/satakunta\/#website"},"datePublished":"2019-10-18T11:20:19+00:00","dateModified":"2025-06-11T16:51:15+00:00","description":"Satakunnan El\u00e4insuojeluyhdistys ry on perustettu vuonna 1891, se toimii vapaaehtoisvoimin Satakunnan alueella. Tavoitteena on edist\u00e4\u00e4 el\u00e4inten hyvinvointia","breadcrumb":{"@id":"https:\/\/sey.fi\/satakunta\/#breadcrumb"},"inLanguage":"fi","potentialAction":[{"@type":"ReadAction","target":["https:\/\/sey.fi\/satakunta\/"]}]},{"@type":"BreadcrumbList","@id":"https:\/\/sey.fi\/satakunta\/#breadcrumb","itemListElement":[{"@type":"ListItem","position":1,"name":"Home","item":"https:\/\/sey.fi\/satakunta\/"},{"@type":"ListItem","position":2,"name":"Satakunnan el\u00e4insuojeluyhdistys"}]},{"@type":"WebSite","@id":"https:\/\/sey.fi\/satakunta\/#website","url":"https:\/\/sey.fi\/satakunta\/","name":"Satakunnan el\u00e4insuojeluyhdistys","description":"Uusi SEY J\u00e4senyhdistykset -sivusto","potentialAction":[{"@type":"SearchAction","target":{"@type":"EntryPoint","urlTemplate":"https:\/\/sey.fi\/satakunta\/?s={search_term_string}"},"query-input":{"@type":"PropertyValueSpecification","valueRequired":true,"valueName":"search_term_string"}}],"inLanguage":"fi"}]}},"_links":{"self":[{"href":"https:\/\/sey.fi\/satakunta\/wp-json\/wp\/v2\/pages\/2","targetHints":{"allow":["GET"]}}],"collection":[{"href":"https:\/\/sey.fi\/satakunta\/wp-json\/wp\/v2\/pages"}],"about":[{"href":"https:\/\/sey.fi\/satakunta\/wp-json\/wp\/v2\/types\/page"}],"author":[{"embeddable":true,"href":"https:\/\/sey.fi\/satakunta\/wp-json\/wp\/v2\/users\/8"}],"replies":[{"embeddable":true,"href":"https:\/\/sey.fi\/satakunta\/wp-json\/wp\/v2\/comments?post=2"}],"version-history":[{"count":38,"href":"https:\/\/sey.fi\/satakunta\/wp-json\/wp\/v2\/pages\/2\/revisions"}],"predecessor-version":[{"id":6877,"href":"https:\/\/sey.fi\/satakunta\/wp-json\/wp\/v2\/pages\/2\/revisions\/6877"}],"wp:attachment":[{"href":"https:\/\/sey.fi\/satakunta\/wp-json\/wp\/v2\/media?parent=2"}],"curies":[{"name":"wp","href":"https:\/\/api.w.org\/{rel}","templated":true}]}}