{"id":24,"date":"2019-11-18T15:41:54","date_gmt":"2019-11-18T13:41:54","guid":{"rendered":"http:\/\/srvr10.xetpoint.com\/~seyfi\/satakunta\/?page_id=24"},"modified":"2025-03-25T19:40:11","modified_gmt":"2025-03-25T17:40:11","slug":"yhdistyksen-saannot","status":"publish","type":"page","link":"https:\/\/sey.fi\/satakunta\/satakunnan-elainsuojelu\/yhdistyksen-saannot\/","title":{"rendered":"Yhdistyksen s\u00e4\u00e4nn\u00f6t"},"content":{"rendered":"\n<p><strong>Satakunnan el\u00e4insuojeluyhdistys ry s\u00e4\u00e4nn\u00f6t<\/strong><\/p>\n\n\n\n<p>Yhdistyksen nimi ja kotipaikka<\/p>\n\n\n\n<p>Yhdistyksen nimi on Satakunnan El\u00e4insuojeluyhdistys ry ja sen kotipaikka on Pori. Yhdis\u00adtyksen toiminta-alue k\u00e4sitt\u00e4\u00e4 Satakunnan alueen kunnat.<\/p>\n\n\n\n<p>Yhdistys on Suomen El\u00e4insuojelu\u00adyhdistysksien liiton j\u00e4senyhdistys.<\/p>\n\n\n\n<p>&nbsp;<strong>1. Tarkoitus ja toiminnan laatu<\/strong><\/p>\n\n\n\n<p>Yhdistyksen tarkoituksena on edist\u00e4\u00e4 el\u00e4insuojelua ja suojella el\u00e4imi\u00e4 parhaalla mahdolli\u00adsella tavalla k\u00e4rsimykselt\u00e4, kivulta ja tuskalta, sek\u00e4 edist\u00e4\u00e4 el\u00e4inten hyvinvointia ja hyv\u00e4\u00e4 kohtelua.<\/p>\n\n\n\n<p><strong>&nbsp;2. Tarkoituksensa toteuttamiseksi yhdistys<\/strong><\/p>\n\n\n\n<p>pyrkii vaikuttamaan el\u00e4insuojelulains\u00e4\u00e4d\u00e4nt\u00f6\u00f6n, sek\u00e4 viranomaisten p\u00e4\u00e4t\u00f6ksiin ja toi\u00admintaan antamalla lausuntoja, ehdotuksia ja kannanottoja, jotka edist\u00e4v\u00e4t el\u00e4inten hyv\u00e4\u00e4 kohtelua.<\/p>\n\n\n\n<p><br>neuvoo ja opastaa el\u00e4intenomistajia toimimaan tavalla, joka edist\u00e4\u00e4 el\u00e4inten hyvinvoin\u00adtia.<\/p>\n\n\n\n<p><br>harjoittaa julkaisu-, valistus- ja koulutustoimintaa<\/p>\n\n\n\n<p><br>j\u00e4rjest\u00e4\u00e4 esitelm\u00e4tilaisuuksia, kokouksia, el\u00e4insuojelup\u00e4ivi\u00e4 ja muita samantapaisia tilaisuuksia<\/p>\n\n\n\n<p><br>ottaa palvelukseensa puhujia, neuvojia, valvojia ja asiamiehi\u00e4<\/p>\n\n\n\n<p><br>toimii muillakin vastaavilla tavoilla, jotta el\u00e4inten hyv\u00e4 kohtelu ja rakkaus el\u00e4imiin li\u00ads\u00e4\u00e4ntyisiv\u00e4t<\/p>\n\n\n\n<p><br>yll\u00e4pit\u00e4\u00e4 rekister\u00f6im\u00e4tt\u00f6mi\u00e4 alajaostoja<\/p>\n\n\n\n<p>&nbsp;<strong>3. Toimintansa tukemiseksi yhdistys voi<\/strong><\/p>\n\n\n\n<p>ottaa vastaan lahjoituksia ja testamentteja, sek\u00e4 hankkia ja omistaa toimintaansa var\u00adten tarpeellista kiinte\u00e4\u00e4 ja irtainta omaisuutta.<\/p>\n\n\n\n<p><br>j\u00e4rjest\u00e4\u00e4 myyj\u00e4isi\u00e4, arpajaisia, varainker\u00e4yksi\u00e4<\/p>\n\n\n\n<p><br>ostaa ja v\u00e4litt\u00e4\u00e4 j\u00e4senilleen el\u00e4inhoito ja \u2013suojeluv\u00e4lineit\u00e4, sek\u00e4 myyd\u00e4 merkkej\u00e4, kort\u00adteja ja adresseja, sek\u00e4 harjoittaa kioskitoimintaa<\/p>\n\n\n\n<p>Tarvittaessa yhdistys hankkii toimintaansa varten asianmukaisen luvan.<\/p>\n\n\n\n<p><strong>4. J\u00e4senet<\/strong><\/p>\n\n\n\n<p>&nbsp;Yhdistyksell\u00e4 on varsinaisia, nuoriso-, kannatus-, ainais-, ja kunniaj\u00e4seni\u00e4, sek\u00e4 kunniapuheenjohtajia.<\/p>\n\n\n\n<p>&nbsp;Yhdistyksen varsinaiseksi ja ainaisj\u00e4seneksi voidaan hyv\u00e4ksy\u00e4 henkil\u00f6, joka hyv\u00e4ksyy yhdistyksen tarkoituksen. Henkil\u00f6, joka ei ole t\u00e4ytt\u00e4nyt 15 vuotta, hyv\u00e4ksyt\u00e4\u00e4n nuorisoj\u00e4seneksi.<\/p>\n\n\n\n<p>&nbsp;Kannatusj\u00e4seneksi voidaan hyv\u00e4ksy\u00e4 yksityinen henkil\u00f6 tai oikeuskelpoinen yhteis\u00f6, joka haluaa tukea yhdistyksen tarkoitusta ja toimintaa.<\/p>\n\n\n\n<p>Varsinaiset j\u00e4senet, ainais-, nuoriso ja kannatusj\u00e4senet hyv\u00e4ksyy hakemuksesta yhdistyksen hallitus.<\/p>\n\n\n\n<p>Kunniaj\u00e4seneksi ja kunniapuheenjohtajaksi voidaan hallituksen esityksest\u00e4 yhdistyksen kokouksessa kutsua henkil\u00f6, joka on huomattavasti edist\u00e4nyt ja tukenut yhdistyksen toimintaa.<\/p>\n\n\n\n<p>&nbsp;<strong>5. J\u00e4senen eroaminen ja erottaminen<\/strong><\/p>\n\n\n\n<p>&nbsp;J\u00e4senell\u00e4 on oikeus erota yhdistyksest\u00e4 ilmoittamalla siit\u00e4 kirjallisesti hallitukselle tai sen puheenjohtajalle tai ilmoittamalla erosta yhdistyksen kokouksessa merkitt\u00e4v\u00e4ksi p\u00f6yt\u00e4kir\u00adjaan.<\/p>\n\n\n\n<p>&nbsp;Hallitus voi erottaa j\u00e4senen yhdistyksest\u00e4, jos j\u00e4sen on j\u00e4tt\u00e4nyt er\u00e4\u00e4ntyneen j\u00e4senmaksunsa maksamatta tai muuten j\u00e4tt\u00e4nyt t\u00e4ytt\u00e4m\u00e4tt\u00e4 ne velvoitukset, joihin h\u00e4n on yhdistykseen liittym\u00e4ll\u00e4 sitoutunut tai on menettelyll\u00e4\u00e4n yhdistyksess\u00e4 tai sen ulkopuolella huomattavasti vahingoittanut yhdistyst\u00e4 tai ei en\u00e4\u00e4 t\u00e4yt\u00e4 laissa taikka yhdistyksen s\u00e4\u00e4nn\u00f6iss\u00e4 mainittuja j\u00e4senyyden ehtoja.<\/p>\n\n\n\n<p>&nbsp;<strong>6. J\u00e4senrekisterin pit\u00e4minen<\/strong><\/p>\n\n\n\n<p>&nbsp;Yhdistyksen hallituksen teht\u00e4v\u00e4n\u00e4 on pit\u00e4\u00e4 j\u00e4senrekisteri\u00e4.<\/p>\n\n\n\n<p>&nbsp;Yhdistyksen kokous voi p\u00e4\u00e4tt\u00e4\u00e4, ett\u00e4 yhdistyksen j\u00e4senrekisterin pit\u00e4minen annetaan Suomen El\u00e4insuojeluyhdistys ry:n teht\u00e4v\u00e4ksi.<\/p>\n\n\n\n<p>&nbsp;Liittymis- ja j\u00e4senmaksu<\/p>\n\n\n\n<p>Varsinaisilta, nuoriso- ja kannatusj\u00e4senilt\u00e4 peritt\u00e4v\u00e4n liittymismaksun ja vuotuisen j\u00e4\u00adsenmaksun suuruudesta erikseen kullekin j\u00e4senryhm\u00e4lle p\u00e4\u00e4tt\u00e4\u00e4 syyskokous.<\/p>\n\n\n\n<p>Ainaisj\u00e4senelt\u00e4 peritt\u00e4v\u00e4n liittymismaksun ja kertakaikkisen ainaisj\u00e4senmaksun suuruuden vahvistaa syyskokous. Ainaisj\u00e4sen on t\u00e4m\u00e4n j\u00e4lkeen vapaa j\u00e4senmaksuvelvollisuudesta.<\/p>\n\n\n\n<p>Kunniaj\u00e4senet ja kunniapuheenjohtajat eiv\u00e4t suorita j\u00e4senmaksua.<\/p>\n\n\n\n<p>&nbsp;<strong>7. Hallitus<\/strong><\/p>\n\n\n\n<p>Yhdistyksen asioita hoitaa hallitus, johon kuuluu syyskokouksessa valitut 8 varsinaista j\u00e4sent\u00e4, joista 1 valitaan vuosittain puheenjohtajaksi, sek\u00e4 4 varaj\u00e4sent\u00e4.<\/p>\n\n\n\n<p>Hallituksen j\u00e4senet valitaan kahdeksi vuodeksi siten, ett\u00e4 nelj\u00e4 j\u00e4sent\u00e4 on vuosittain erovuo\u00adrossa. Varaj\u00e4senet valitaan vuosittain.<\/p>\n\n\n\n<p>Hallitus valitsee keskuudestaan varapuheenjohtajan, sek\u00e4 valitsee keskuudestaan tai ulko\u00adpuoleltaan sihteerin, rahastonhoitajan ja muut tarvittavat toimihenkil\u00f6t.<\/p>\n\n\n\n<p>Hallitus kokoontuu puheenjohtajan tai h\u00e4nen estyneen\u00e4 ollessaan varapuheenjohtajan kut\u00adsusta, kun he katsovat siihen olevan aihetta tai kun v\u00e4hint\u00e4\u00e4n puolet hallituksen j\u00e4senist\u00e4 sit\u00e4 vaatii.<\/p>\n\n\n\n<p>Hallitus kokous on p\u00e4\u00e4t\u00f6svaltainen, kun puheenjohtaja tai varapuheenjohtaja, sek\u00e4 kolme johtokunnan j\u00e4sent\u00e4 on l\u00e4sn\u00e4. \u00c4\u00e4nestykset ratkaistaan ehdottomalla \u00e4\u00e4nten enemmist\u00f6ll\u00e4. \u00c4\u00e4nten menness\u00e4 tasan ratkaisee puheenjohtajan \u00e4\u00e4ni, vaaleissa kuitenkin arpa.<\/p>\n\n\n\n<p>&nbsp;<strong>8.Yhdistyksen nimen kirjoittaminen<\/strong><\/p>\n\n\n\n<p>Yhdistyksen nimen kirjoittaa hallituksen puheenjohtaja, varapuheenjohtaja, sihteeri tai ra\u00adhastonhoitaja, kaksi yhdess\u00e4.<\/p>\n\n\n\n<p>&nbsp;<strong>9 Tilikausi ja tilintarkastus<\/strong><\/p>\n\n\n\n<p>Yhdistyksen tilikausi on kalenterivuosi.<\/p>\n\n\n\n<p>Tilinp\u00e4\u00e4t\u00f6s tarvittavine asiakirjoineen ja hallituksen vuosikertomus on annettava toiminnantar\u00adkastajille viimeist\u00e4\u00e4n kolme viikkoa ennen vuosikokousta. Toiminnantarkastajien tulee antaa kir\u00adjallinen lausuntonsa viimeist\u00e4\u00e4n kaksi viikkoa ennen vuosikokousta hallitukselle.<\/p>\n\n\n\n<p>&nbsp;<strong>10. Yhdistyksen kokoukset<\/strong><\/p>\n\n\n\n<p>Yhdistys pit\u00e4\u00e4 vuosittain kaksi varsinaista kokousta.<\/p>\n\n\n\n<p>Yhdistyksen kev\u00e4tkokous pidet\u00e4\u00e4n tammi-huhtikuussa ja syyskokous syys-joulukuussa hal\u00adlituksen m\u00e4\u00e4r\u00e4\u00e4m\u00e4n\u00e4 p\u00e4iv\u00e4n\u00e4.<\/p>\n\n\n\n<p>Ylim\u00e4\u00e4r\u00e4inen kokous pidet\u00e4\u00e4n, kun yhdistyksen kokous niin p\u00e4\u00e4tt\u00e4\u00e4 tai kun hallitus katsoo siihen olevan aihetta tai kun v\u00e4hint\u00e4\u00e4n kymmenesosa (1\/10) yhdistyksen \u00e4\u00e4nioikeutetuista j\u00e4senist\u00e4 sit\u00e4 hallitukselta erityisesti ilmoitettua asiaa varten kirjallisesti vaatii. Kokous on pidett\u00e4v\u00e4 kolmenkymmenen vuorokauden kuluessa siit\u00e4, kun vaatimus sen pit\u00e4misest\u00e4 on esitetty hallitukselle.<\/p>\n\n\n\n<p>Yhdistyksen kokouksissa on jokaisella varsinaisella j\u00e4senell\u00e4, ainaisj\u00e4senell\u00e4, kunniapu\u00adheenjohtajalla ja kunniaj\u00e4senell\u00e4 yksi \u00e4\u00e4ni. Kannatus- ja nuorisoj\u00e4senell\u00e4 on kokouksessa l\u00e4sn\u00e4\u00adolo- ja puheoikeus.<\/p>\n\n\n\n<p>Yhdistyksen kokouksen p\u00e4\u00e4t\u00f6kseksi tulee, ellei s\u00e4\u00e4nn\u00f6iss\u00e4 ole toisin m\u00e4\u00e4r\u00e4tty, se mielipide, jota on kannattanut yli puolet annetuista \u00e4\u00e4nist\u00e4. Vaalit ratkaistaan yksinkertaisella \u00e4\u00e4nten enemmist\u00f6ll\u00e4. \u00c4\u00e4nten menness\u00e4 tasan ratkaisee kokouksen puheenjohtajan \u00e4\u00e4ni, vaaleissa kuitenkin arpa.<\/p>\n\n\n\n<p>&nbsp;<strong>11. Yhdistyksen kokousten koollekutsuminen<\/strong><\/p>\n\n\n\n<p>Hallituksen on kutsuttava yhdistyksen kokoukset koolle v\u00e4hint\u00e4\u00e4n seitsem\u00e4n vuorokautta ennen kokousta yhdistyksen kotipaikkakunnalla ilmesty\u00adv\u00e4ss\u00e4 sanomalehdess\u00e4, tai j\u00e4senille siihen osoitteeseen, jonka he ovat yhdistykselle osoitteekseen ilmoittaneet postitetuilla kirjeill\u00e4.<\/p>\n\n\n\n<p><strong>12. Varsinaiset kokoukset<\/strong><\/p>\n\n\n\n<p>Yhdistyksen kev\u00e4tkokouksessa k\u00e4sitell\u00e4\u00e4n seuraavat asiat:<\/p>\n\n\n\n<p>1. kokouksen avaus<br>2. valitaan kokouksen puheenjohtaja, sihteeri, kaksi p\u00f6yt\u00e4kirjantarkastajaa ja tarvitta\u00adessa kaksi \u00e4\u00e4ntenlaskijaa<br>3. todetaan kokouksen laillisuus ja p\u00e4\u00e4t\u00f6svaltaisuus<br>4. hyv\u00e4ksyt\u00e4\u00e4n kokouksen ty\u00f6j\u00e4rjestys<br>5. esitet\u00e4\u00e4n tilinp\u00e4\u00e4t\u00f6s, vuosikertomus ja tilintarkastajien lausunto<br>6. p\u00e4\u00e4tet\u00e4\u00e4n tilinp\u00e4\u00e4t\u00f6ksen vahvistamisesta ja vastuuvapauden my\u00f6nt\u00e4misest\u00e4 hallituk\u00adselle ja muille vastuuvelvollisille<br>7. k\u00e4sitell\u00e4\u00e4n muut kokouskutsussa mainitut asiat.<\/p>\n\n\n\n<p>&nbsp;Yhdistyksen syyskokouksessa k\u00e4sitell\u00e4\u00e4n seuraavat asiat:<\/p>\n\n\n\n<p>1. kokouksen avaus<br>2. valitaan kokouksen puheenjohtaja, sihteeri, kaksi p\u00f6yt\u00e4kirjantarkastajaa ja tarvitta\u00adessa kaksi \u00e4\u00e4ntenlaskijaa<br>3. todetaan kokouksen laillisuus ja p\u00e4\u00e4t\u00f6svaltaisuus<br>4. hyv\u00e4ksyt\u00e4\u00e4n kokouksen ty\u00f6j\u00e4rjestys<br>5. vahvistetaan toimintasuunnitelma, tulo- ja menoarvio sek\u00e4 liittymis- ja j\u00e4senmaksu\u00adjen ja ainaisj\u00e4senmaksun suuruudet seuraavalle kalenterivuodelle<br>6. valitaan hallitukseen j\u00e4senet erovuoroisten tilalle<br>7. valitaan yhdistyksen hallituksen puheenjohtaja hallituksen varsinaisten j\u00e4senten keskuudesta<br>8. valitaan yksi tai kaksi toiminnantarkastajaa ja heille varatoiminnantarkastajat<br>9. k\u00e4sitell\u00e4\u00e4n muut kokouskutsussa mainitut asiat.<\/p>\n\n\n\n<p>Mik\u00e4li yhdistyksen j\u00e4sen haluaa saada jonkin asian yhdistyksen kev\u00e4t- tai syyskokouksen k\u00e4sitelt\u00e4v\u00e4ksi, on h\u00e4nen ilmoitettava siit\u00e4 kirjallisesti hallitukselle niin hyviss\u00e4 ajoin, ett\u00e4 asia voidaan sis\u00e4llytt\u00e4\u00e4 kokouskutsuun.<\/p>\n\n\n\n<p>&nbsp;<strong>13. S\u00e4\u00e4nt\u00f6jen muuttaminen ja yhdistyksen purkaminen<\/strong><\/p>\n\n\n\n<p>P\u00e4\u00e4t\u00f6s s\u00e4\u00e4nt\u00f6jen muuttamisesta ja yhdistyksen purkamisesta on teht\u00e4v\u00e4 yhdistyksen koko\u00aduksessa v\u00e4hint\u00e4\u00e4n kolmen nelj\u00e4sosan (3\/4) enemmist\u00f6ll\u00e4 annetuista \u00e4\u00e4nist\u00e4. Kokouskutsussa on mainittava s\u00e4\u00e4nt\u00f6jen muuttamisesta tai yhdistyksen purkamisesta.<\/p>\n\n\n\n<p>Yhdistyksen purkautuessa k\u00e4ytet\u00e4\u00e4n yhdistyksen varat yhdistyksen tarkoituksen edist\u00e4mi\u00adseen purkamisesta p\u00e4\u00e4tt\u00e4v\u00e4n kokouksen m\u00e4\u00e4r\u00e4\u00e4m\u00e4ll\u00e4 tavalla. Yhdistyksen tullessa lak\u00adkautetuksi k\u00e4ytet\u00e4\u00e4n sen varat samaan tarkoitukseen.<\/p>\n\n\n\n<p>&nbsp;<strong>14. Saavutetut j\u00e4senoikeudet<\/strong><\/p>\n\n\n\n<p>T\u00e4ll\u00e4 s\u00e4\u00e4nt\u00f6muutoksella ei loukata jo saavutettuja j\u00e4senoikeuksia.<\/p>\n","protected":false},"excerpt":{"rendered":"<p>Satakunnan el\u00e4insuojeluyhdistys ry s\u00e4\u00e4nn\u00f6t Yhdistyksen nimi ja kotipaikka Yhdistyksen nimi on Satakunnan El\u00e4insuojeluyhdistys ry ja sen kotipaikka on Pori. Yhdis\u00adtyksen toiminta-alue k\u00e4sitt\u00e4\u00e4 Satakunnan alueen kunnat. Yhdistys on Suomen El\u00e4insuojelu\u00adyhdistysksien liiton j\u00e4senyhdistys. &nbsp;1. Tarkoitus ja toiminnan laatu Yhdistyksen tarkoituksena on edist\u00e4\u00e4 el\u00e4insuojelua ja suojella el\u00e4imi\u00e4 parhaalla mahdolli\u00adsella tavalla k\u00e4rsimykselt\u00e4, kivulta ja tuskalta, sek\u00e4 edist\u00e4\u00e4 el\u00e4inten hyvinvointia [&hellip;]<\/p>\n","protected":false},"author":8,"featured_media":0,"parent":2,"menu_order":0,"comment_status":"closed","ping_status":"closed","template":"","meta":{"_acf_changed":false,"footnotes":""},"class_list":["post-24","page","type-page","status-publish","hentry"],"acf":[],"yoast_head":"<!-- This site is optimized with the Yoast SEO plugin v27.1.1 - https:\/\/yoast.com\/product\/yoast-seo-wordpress\/ -->\n<title>Yhdistyksen s\u00e4\u00e4nn\u00f6t - Satakunnan el\u00e4insuojeluyhdistys<\/title>\n<meta name=\"robots\" content=\"index, follow, max-snippet:-1, max-image-preview:large, max-video-preview:-1\" \/>\n<link rel=\"canonical\" href=\"https:\/\/sey.fi\/satakunta\/satakunnan-elainsuojelu\/yhdistyksen-saannot\/\" \/>\n<meta property=\"og:locale\" content=\"fi_FI\" \/>\n<meta property=\"og:type\" content=\"article\" \/>\n<meta property=\"og:title\" content=\"Yhdistyksen s\u00e4\u00e4nn\u00f6t - Satakunnan el\u00e4insuojeluyhdistys\" \/>\n<meta property=\"og:description\" content=\"Satakunnan el\u00e4insuojeluyhdistys ry s\u00e4\u00e4nn\u00f6t Yhdistyksen nimi ja kotipaikka Yhdistyksen nimi on Satakunnan El\u00e4insuojeluyhdistys ry ja sen kotipaikka on Pori. Yhdis\u00adtyksen toiminta-alue k\u00e4sitt\u00e4\u00e4 Satakunnan alueen kunnat. Yhdistys on Suomen El\u00e4insuojelu\u00adyhdistysksien liiton j\u00e4senyhdistys. &nbsp;1. Tarkoitus ja toiminnan laatu Yhdistyksen tarkoituksena on edist\u00e4\u00e4 el\u00e4insuojelua ja suojella el\u00e4imi\u00e4 parhaalla mahdolli\u00adsella tavalla k\u00e4rsimykselt\u00e4, kivulta ja tuskalta, sek\u00e4 edist\u00e4\u00e4 el\u00e4inten hyvinvointia [&hellip;]\" \/>\n<meta property=\"og:url\" content=\"https:\/\/sey.fi\/satakunta\/satakunnan-elainsuojelu\/yhdistyksen-saannot\/\" \/>\n<meta property=\"og:site_name\" content=\"Satakunnan el\u00e4insuojeluyhdistys\" \/>\n<meta property=\"article:modified_time\" content=\"2025-03-25T17:40:11+00:00\" \/>\n<meta name=\"twitter:card\" content=\"summary_large_image\" \/>\n<meta name=\"twitter:label1\" content=\"Arvioitu lukuaika\" \/>\n\t<meta name=\"twitter:data1\" content=\"6 minuuttia\" \/>\n<script type=\"application\/ld+json\" class=\"yoast-schema-graph\">{\"@context\":\"https:\/\/schema.org\",\"@graph\":[{\"@type\":\"WebPage\",\"@id\":\"https:\/\/sey.fi\/satakunta\/satakunnan-elainsuojelu\/yhdistyksen-saannot\/\",\"url\":\"https:\/\/sey.fi\/satakunta\/satakunnan-elainsuojelu\/yhdistyksen-saannot\/\",\"name\":\"Yhdistyksen s\u00e4\u00e4nn\u00f6t - Satakunnan el\u00e4insuojeluyhdistys\",\"isPartOf\":{\"@id\":\"https:\/\/sey.fi\/satakunta\/#website\"},\"datePublished\":\"2019-11-18T13:41:54+00:00\",\"dateModified\":\"2025-03-25T17:40:11+00:00\",\"breadcrumb\":{\"@id\":\"https:\/\/sey.fi\/satakunta\/satakunnan-elainsuojelu\/yhdistyksen-saannot\/#breadcrumb\"},\"inLanguage\":\"fi\",\"potentialAction\":[{\"@type\":\"ReadAction\",\"target\":[\"https:\/\/sey.fi\/satakunta\/satakunnan-elainsuojelu\/yhdistyksen-saannot\/\"]}]},{\"@type\":\"BreadcrumbList\",\"@id\":\"https:\/\/sey.fi\/satakunta\/satakunnan-elainsuojelu\/yhdistyksen-saannot\/#breadcrumb\",\"itemListElement\":[{\"@type\":\"ListItem\",\"position\":1,\"name\":\"Home\",\"item\":\"https:\/\/sey.fi\/satakunta\/\"},{\"@type\":\"ListItem\",\"position\":2,\"name\":\"Satakunnan el\u00e4insuojeluyhdistys\",\"item\":\"https:\/\/sey.fi\/satakunta\/\"},{\"@type\":\"ListItem\",\"position\":3,\"name\":\"Yhdistyksen s\u00e4\u00e4nn\u00f6t\"}]},{\"@type\":\"WebSite\",\"@id\":\"https:\/\/sey.fi\/satakunta\/#website\",\"url\":\"https:\/\/sey.fi\/satakunta\/\",\"name\":\"Satakunnan el\u00e4insuojeluyhdistys\",\"description\":\"Uusi SEY J\u00e4senyhdistykset -sivusto\",\"potentialAction\":[{\"@type\":\"SearchAction\",\"target\":{\"@type\":\"EntryPoint\",\"urlTemplate\":\"https:\/\/sey.fi\/satakunta\/?s={search_term_string}\"},\"query-input\":{\"@type\":\"PropertyValueSpecification\",\"valueRequired\":true,\"valueName\":\"search_term_string\"}}],\"inLanguage\":\"fi\"}]}<\/script>\n<!-- \/ Yoast SEO plugin. -->","yoast_head_json":{"title":"Yhdistyksen s\u00e4\u00e4nn\u00f6t - Satakunnan el\u00e4insuojeluyhdistys","robots":{"index":"index","follow":"follow","max-snippet":"max-snippet:-1","max-image-preview":"max-image-preview:large","max-video-preview":"max-video-preview:-1"},"canonical":"https:\/\/sey.fi\/satakunta\/satakunnan-elainsuojelu\/yhdistyksen-saannot\/","og_locale":"fi_FI","og_type":"article","og_title":"Yhdistyksen s\u00e4\u00e4nn\u00f6t - Satakunnan el\u00e4insuojeluyhdistys","og_description":"Satakunnan el\u00e4insuojeluyhdistys ry s\u00e4\u00e4nn\u00f6t Yhdistyksen nimi ja kotipaikka Yhdistyksen nimi on Satakunnan El\u00e4insuojeluyhdistys ry ja sen kotipaikka on Pori. Yhdis\u00adtyksen toiminta-alue k\u00e4sitt\u00e4\u00e4 Satakunnan alueen kunnat. Yhdistys on Suomen El\u00e4insuojelu\u00adyhdistysksien liiton j\u00e4senyhdistys. &nbsp;1. Tarkoitus ja toiminnan laatu Yhdistyksen tarkoituksena on edist\u00e4\u00e4 el\u00e4insuojelua ja suojella el\u00e4imi\u00e4 parhaalla mahdolli\u00adsella tavalla k\u00e4rsimykselt\u00e4, kivulta ja tuskalta, sek\u00e4 edist\u00e4\u00e4 el\u00e4inten hyvinvointia [&hellip;]","og_url":"https:\/\/sey.fi\/satakunta\/satakunnan-elainsuojelu\/yhdistyksen-saannot\/","og_site_name":"Satakunnan el\u00e4insuojeluyhdistys","article_modified_time":"2025-03-25T17:40:11+00:00","twitter_card":"summary_large_image","twitter_misc":{"Arvioitu lukuaika":"6 minuuttia"},"schema":{"@context":"https:\/\/schema.org","@graph":[{"@type":"WebPage","@id":"https:\/\/sey.fi\/satakunta\/satakunnan-elainsuojelu\/yhdistyksen-saannot\/","url":"https:\/\/sey.fi\/satakunta\/satakunnan-elainsuojelu\/yhdistyksen-saannot\/","name":"Yhdistyksen s\u00e4\u00e4nn\u00f6t - Satakunnan el\u00e4insuojeluyhdistys","isPartOf":{"@id":"https:\/\/sey.fi\/satakunta\/#website"},"datePublished":"2019-11-18T13:41:54+00:00","dateModified":"2025-03-25T17:40:11+00:00","breadcrumb":{"@id":"https:\/\/sey.fi\/satakunta\/satakunnan-elainsuojelu\/yhdistyksen-saannot\/#breadcrumb"},"inLanguage":"fi","potentialAction":[{"@type":"ReadAction","target":["https:\/\/sey.fi\/satakunta\/satakunnan-elainsuojelu\/yhdistyksen-saannot\/"]}]},{"@type":"BreadcrumbList","@id":"https:\/\/sey.fi\/satakunta\/satakunnan-elainsuojelu\/yhdistyksen-saannot\/#breadcrumb","itemListElement":[{"@type":"ListItem","position":1,"name":"Home","item":"https:\/\/sey.fi\/satakunta\/"},{"@type":"ListItem","position":2,"name":"Satakunnan el\u00e4insuojeluyhdistys","item":"https:\/\/sey.fi\/satakunta\/"},{"@type":"ListItem","position":3,"name":"Yhdistyksen s\u00e4\u00e4nn\u00f6t"}]},{"@type":"WebSite","@id":"https:\/\/sey.fi\/satakunta\/#website","url":"https:\/\/sey.fi\/satakunta\/","name":"Satakunnan el\u00e4insuojeluyhdistys","description":"Uusi SEY J\u00e4senyhdistykset -sivusto","potentialAction":[{"@type":"SearchAction","target":{"@type":"EntryPoint","urlTemplate":"https:\/\/sey.fi\/satakunta\/?s={search_term_string}"},"query-input":{"@type":"PropertyValueSpecification","valueRequired":true,"valueName":"search_term_string"}}],"inLanguage":"fi"}]}},"_links":{"self":[{"href":"https:\/\/sey.fi\/satakunta\/wp-json\/wp\/v2\/pages\/24","targetHints":{"allow":["GET"]}}],"collection":[{"href":"https:\/\/sey.fi\/satakunta\/wp-json\/wp\/v2\/pages"}],"about":[{"href":"https:\/\/sey.fi\/satakunta\/wp-json\/wp\/v2\/types\/page"}],"author":[{"embeddable":true,"href":"https:\/\/sey.fi\/satakunta\/wp-json\/wp\/v2\/users\/8"}],"replies":[{"embeddable":true,"href":"https:\/\/sey.fi\/satakunta\/wp-json\/wp\/v2\/comments?post=24"}],"version-history":[{"count":1,"href":"https:\/\/sey.fi\/satakunta\/wp-json\/wp\/v2\/pages\/24\/revisions"}],"predecessor-version":[{"id":25,"href":"https:\/\/sey.fi\/satakunta\/wp-json\/wp\/v2\/pages\/24\/revisions\/25"}],"up":[{"embeddable":true,"href":"https:\/\/sey.fi\/satakunta\/wp-json\/wp\/v2\/pages\/2"}],"wp:attachment":[{"href":"https:\/\/sey.fi\/satakunta\/wp-json\/wp\/v2\/media?parent=24"}],"curies":[{"name":"wp","href":"https:\/\/api.w.org\/{rel}","templated":true}]}}