{"id":26,"date":"2019-11-18T15:42:25","date_gmt":"2019-11-18T13:42:25","guid":{"rendered":"http:\/\/srvr10.xetpoint.com\/~seyfi\/satakunta\/?page_id=26"},"modified":"2025-05-06T23:52:15","modified_gmt":"2025-05-06T20:52:15","slug":"kodinetsintapalvelu","status":"publish","type":"page","link":"https:\/\/sey.fi\/satakunta\/satakunnan-elainsuojelu\/kodinetsintapalvelu\/","title":{"rendered":"Kodinetsint\u00e4palvelu"},"content":{"rendered":"\n<h2 class=\"wp-block-heading\">Satakunnan El\u00e4insuojeluyhdistyksen kodinetsint\u00e4palvelu<\/h2>\n\n\n\n<p>Kodinetsint\u00e4palvelu on tarkoitettu lemmikkiel\u00e4imille, jotka etsiv\u00e4t uutta kotia yhdistyksen kautta.<\/p>\n\n\n\n<p>Lemmikit on rokotettu asianmukaisesti, loish\u00e4\u00e4detty ulkoisesti sek\u00e4 sis\u00e4isesti.<\/p>\n\n\n\n<p>Lemmikin voi ilmoittaa yksityisesti kotiaetsiv\u00e4ksi, joka tarkoittaa ett\u00e4 lemmikki asuu omistajan luona ja siirtyy uuteen kotiin.<\/p>\n\n\n\n<p>Yhdistyksen kautta kotia etsiv\u00e4t lemmikit asuvat yhdistyksen sijaisperheess\u00e4 kunnes uusi koti l\u00f6ytyy.<\/p>\n\n\n\n<p>Yhdistyksen kautta kotia etsivist\u00e4 lemmikkiel\u00e4imist\u00e4 perit\u00e4\u00e4n luovutusmaksu. <\/p>\n\n\n\n<h3 class=\"wp-block-heading\">Kadonnut el\u00e4in\/ L\u00f6ydetty el\u00e4in?<\/h3>\n\n\n\n<p>L\u00f6yt\u00f6el\u00e4imet toimitetaan kaupungin nime\u00e4miin l\u00f6yt\u00f6el\u00e4inkoteihin.&nbsp;<\/p>\n\n\n\n<p>Kadonneista ja karkureista l\u00f6yt\u00e4\u00e4 tietoa: www.karkurit.fi sivustolta. Sivuilta l\u00f6ytyy my\u00f6s eri lemmikkien etsint\u00e4 ohjeet ja paljon muuta hy\u00f6dyllist\u00e4 tietoa.<\/p>\n\n\n\n<p>Pienel\u00e4in- ja koirarankkuri: <\/p>\n\n\n\n<p>El\u00e4inten Hyv\u00e4ksi EHY ry, puh: 044-2927223<br><\/p>\n","protected":false},"excerpt":{"rendered":"<p>Satakunnan El\u00e4insuojeluyhdistyksen kodinetsint\u00e4palvelu Kodinetsint\u00e4palvelu on tarkoitettu lemmikkiel\u00e4imille, jotka etsiv\u00e4t uutta kotia yhdistyksen kautta. Lemmikit on rokotettu asianmukaisesti, loish\u00e4\u00e4detty ulkoisesti sek\u00e4 sis\u00e4isesti. Lemmikin voi ilmoittaa yksityisesti kotiaetsiv\u00e4ksi, joka tarkoittaa ett\u00e4 lemmikki asuu omistajan luona ja siirtyy uuteen kotiin. Yhdistyksen kautta kotia etsiv\u00e4t lemmikit asuvat yhdistyksen sijaisperheess\u00e4 kunnes uusi koti l\u00f6ytyy. Yhdistyksen kautta kotia etsivist\u00e4 lemmikkiel\u00e4imist\u00e4 perit\u00e4\u00e4n [&hellip;]<\/p>\n","protected":false},"author":8,"featured_media":0,"parent":2,"menu_order":0,"comment_status":"closed","ping_status":"closed","template":"","meta":{"_acf_changed":false,"footnotes":""},"class_list":["post-26","page","type-page","status-publish","hentry"],"acf":[],"yoast_head":"<!-- This site is optimized with the Yoast SEO plugin v27.1.1 - https:\/\/yoast.com\/product\/yoast-seo-wordpress\/ -->\n<title>Kodinetsint\u00e4palvelu - Satakunnan el\u00e4insuojeluyhdistys<\/title>\n<meta name=\"robots\" content=\"index, follow, max-snippet:-1, max-image-preview:large, max-video-preview:-1\" \/>\n<link rel=\"canonical\" href=\"https:\/\/sey.fi\/satakunta\/satakunnan-elainsuojelu\/kodinetsintapalvelu\/\" \/>\n<meta property=\"og:locale\" content=\"fi_FI\" \/>\n<meta property=\"og:type\" content=\"article\" \/>\n<meta property=\"og:title\" content=\"Kodinetsint\u00e4palvelu - Satakunnan el\u00e4insuojeluyhdistys\" \/>\n<meta property=\"og:description\" content=\"Satakunnan El\u00e4insuojeluyhdistyksen kodinetsint\u00e4palvelu Kodinetsint\u00e4palvelu on tarkoitettu lemmikkiel\u00e4imille, jotka etsiv\u00e4t uutta kotia yhdistyksen kautta. Lemmikit on rokotettu asianmukaisesti, loish\u00e4\u00e4detty ulkoisesti sek\u00e4 sis\u00e4isesti. Lemmikin voi ilmoittaa yksityisesti kotiaetsiv\u00e4ksi, joka tarkoittaa ett\u00e4 lemmikki asuu omistajan luona ja siirtyy uuteen kotiin. Yhdistyksen kautta kotia etsiv\u00e4t lemmikit asuvat yhdistyksen sijaisperheess\u00e4 kunnes uusi koti l\u00f6ytyy. Yhdistyksen kautta kotia etsivist\u00e4 lemmikkiel\u00e4imist\u00e4 perit\u00e4\u00e4n [&hellip;]\" \/>\n<meta property=\"og:url\" content=\"https:\/\/sey.fi\/satakunta\/satakunnan-elainsuojelu\/kodinetsintapalvelu\/\" \/>\n<meta property=\"og:site_name\" content=\"Satakunnan el\u00e4insuojeluyhdistys\" \/>\n<meta property=\"article:modified_time\" content=\"2025-05-06T20:52:15+00:00\" \/>\n<meta name=\"twitter:card\" content=\"summary_large_image\" \/>\n<meta name=\"twitter:label1\" content=\"Arvioitu lukuaika\" \/>\n\t<meta name=\"twitter:data1\" content=\"1 minuutti\" \/>\n<script type=\"application\/ld+json\" class=\"yoast-schema-graph\">{\"@context\":\"https:\/\/schema.org\",\"@graph\":[{\"@type\":\"WebPage\",\"@id\":\"https:\/\/sey.fi\/satakunta\/satakunnan-elainsuojelu\/kodinetsintapalvelu\/\",\"url\":\"https:\/\/sey.fi\/satakunta\/satakunnan-elainsuojelu\/kodinetsintapalvelu\/\",\"name\":\"Kodinetsint\u00e4palvelu - Satakunnan el\u00e4insuojeluyhdistys\",\"isPartOf\":{\"@id\":\"https:\/\/sey.fi\/satakunta\/#website\"},\"datePublished\":\"2019-11-18T13:42:25+00:00\",\"dateModified\":\"2025-05-06T20:52:15+00:00\",\"breadcrumb\":{\"@id\":\"https:\/\/sey.fi\/satakunta\/satakunnan-elainsuojelu\/kodinetsintapalvelu\/#breadcrumb\"},\"inLanguage\":\"fi\",\"potentialAction\":[{\"@type\":\"ReadAction\",\"target\":[\"https:\/\/sey.fi\/satakunta\/satakunnan-elainsuojelu\/kodinetsintapalvelu\/\"]}]},{\"@type\":\"BreadcrumbList\",\"@id\":\"https:\/\/sey.fi\/satakunta\/satakunnan-elainsuojelu\/kodinetsintapalvelu\/#breadcrumb\",\"itemListElement\":[{\"@type\":\"ListItem\",\"position\":1,\"name\":\"Home\",\"item\":\"https:\/\/sey.fi\/satakunta\/\"},{\"@type\":\"ListItem\",\"position\":2,\"name\":\"Satakunnan el\u00e4insuojeluyhdistys\",\"item\":\"https:\/\/sey.fi\/satakunta\/\"},{\"@type\":\"ListItem\",\"position\":3,\"name\":\"Kodinetsint\u00e4palvelu\"}]},{\"@type\":\"WebSite\",\"@id\":\"https:\/\/sey.fi\/satakunta\/#website\",\"url\":\"https:\/\/sey.fi\/satakunta\/\",\"name\":\"Satakunnan el\u00e4insuojeluyhdistys\",\"description\":\"Uusi SEY J\u00e4senyhdistykset -sivusto\",\"potentialAction\":[{\"@type\":\"SearchAction\",\"target\":{\"@type\":\"EntryPoint\",\"urlTemplate\":\"https:\/\/sey.fi\/satakunta\/?s={search_term_string}\"},\"query-input\":{\"@type\":\"PropertyValueSpecification\",\"valueRequired\":true,\"valueName\":\"search_term_string\"}}],\"inLanguage\":\"fi\"}]}<\/script>\n<!-- \/ Yoast SEO plugin. -->","yoast_head_json":{"title":"Kodinetsint\u00e4palvelu - Satakunnan el\u00e4insuojeluyhdistys","robots":{"index":"index","follow":"follow","max-snippet":"max-snippet:-1","max-image-preview":"max-image-preview:large","max-video-preview":"max-video-preview:-1"},"canonical":"https:\/\/sey.fi\/satakunta\/satakunnan-elainsuojelu\/kodinetsintapalvelu\/","og_locale":"fi_FI","og_type":"article","og_title":"Kodinetsint\u00e4palvelu - Satakunnan el\u00e4insuojeluyhdistys","og_description":"Satakunnan El\u00e4insuojeluyhdistyksen kodinetsint\u00e4palvelu Kodinetsint\u00e4palvelu on tarkoitettu lemmikkiel\u00e4imille, jotka etsiv\u00e4t uutta kotia yhdistyksen kautta. Lemmikit on rokotettu asianmukaisesti, loish\u00e4\u00e4detty ulkoisesti sek\u00e4 sis\u00e4isesti. Lemmikin voi ilmoittaa yksityisesti kotiaetsiv\u00e4ksi, joka tarkoittaa ett\u00e4 lemmikki asuu omistajan luona ja siirtyy uuteen kotiin. Yhdistyksen kautta kotia etsiv\u00e4t lemmikit asuvat yhdistyksen sijaisperheess\u00e4 kunnes uusi koti l\u00f6ytyy. Yhdistyksen kautta kotia etsivist\u00e4 lemmikkiel\u00e4imist\u00e4 perit\u00e4\u00e4n [&hellip;]","og_url":"https:\/\/sey.fi\/satakunta\/satakunnan-elainsuojelu\/kodinetsintapalvelu\/","og_site_name":"Satakunnan el\u00e4insuojeluyhdistys","article_modified_time":"2025-05-06T20:52:15+00:00","twitter_card":"summary_large_image","twitter_misc":{"Arvioitu lukuaika":"1 minuutti"},"schema":{"@context":"https:\/\/schema.org","@graph":[{"@type":"WebPage","@id":"https:\/\/sey.fi\/satakunta\/satakunnan-elainsuojelu\/kodinetsintapalvelu\/","url":"https:\/\/sey.fi\/satakunta\/satakunnan-elainsuojelu\/kodinetsintapalvelu\/","name":"Kodinetsint\u00e4palvelu - Satakunnan el\u00e4insuojeluyhdistys","isPartOf":{"@id":"https:\/\/sey.fi\/satakunta\/#website"},"datePublished":"2019-11-18T13:42:25+00:00","dateModified":"2025-05-06T20:52:15+00:00","breadcrumb":{"@id":"https:\/\/sey.fi\/satakunta\/satakunnan-elainsuojelu\/kodinetsintapalvelu\/#breadcrumb"},"inLanguage":"fi","potentialAction":[{"@type":"ReadAction","target":["https:\/\/sey.fi\/satakunta\/satakunnan-elainsuojelu\/kodinetsintapalvelu\/"]}]},{"@type":"BreadcrumbList","@id":"https:\/\/sey.fi\/satakunta\/satakunnan-elainsuojelu\/kodinetsintapalvelu\/#breadcrumb","itemListElement":[{"@type":"ListItem","position":1,"name":"Home","item":"https:\/\/sey.fi\/satakunta\/"},{"@type":"ListItem","position":2,"name":"Satakunnan el\u00e4insuojeluyhdistys","item":"https:\/\/sey.fi\/satakunta\/"},{"@type":"ListItem","position":3,"name":"Kodinetsint\u00e4palvelu"}]},{"@type":"WebSite","@id":"https:\/\/sey.fi\/satakunta\/#website","url":"https:\/\/sey.fi\/satakunta\/","name":"Satakunnan el\u00e4insuojeluyhdistys","description":"Uusi SEY J\u00e4senyhdistykset -sivusto","potentialAction":[{"@type":"SearchAction","target":{"@type":"EntryPoint","urlTemplate":"https:\/\/sey.fi\/satakunta\/?s={search_term_string}"},"query-input":{"@type":"PropertyValueSpecification","valueRequired":true,"valueName":"search_term_string"}}],"inLanguage":"fi"}]}},"_links":{"self":[{"href":"https:\/\/sey.fi\/satakunta\/wp-json\/wp\/v2\/pages\/26","targetHints":{"allow":["GET"]}}],"collection":[{"href":"https:\/\/sey.fi\/satakunta\/wp-json\/wp\/v2\/pages"}],"about":[{"href":"https:\/\/sey.fi\/satakunta\/wp-json\/wp\/v2\/types\/page"}],"author":[{"embeddable":true,"href":"https:\/\/sey.fi\/satakunta\/wp-json\/wp\/v2\/users\/8"}],"replies":[{"embeddable":true,"href":"https:\/\/sey.fi\/satakunta\/wp-json\/wp\/v2\/comments?post=26"}],"version-history":[{"count":7,"href":"https:\/\/sey.fi\/satakunta\/wp-json\/wp\/v2\/pages\/26\/revisions"}],"predecessor-version":[{"id":6313,"href":"https:\/\/sey.fi\/satakunta\/wp-json\/wp\/v2\/pages\/26\/revisions\/6313"}],"up":[{"embeddable":true,"href":"https:\/\/sey.fi\/satakunta\/wp-json\/wp\/v2\/pages\/2"}],"wp:attachment":[{"href":"https:\/\/sey.fi\/satakunta\/wp-json\/wp\/v2\/media?parent=26"}],"curies":[{"name":"wp","href":"https:\/\/api.w.org\/{rel}","templated":true}]}}