{"id":28,"date":"2021-12-02T11:19:33","date_gmt":"2021-12-02T09:19:33","guid":{"rendered":"http:\/\/srvr10.xetpoint.com\/~seyfi\/satakunta\/?page_id=28"},"modified":"2026-04-28T13:48:01","modified_gmt":"2026-04-28T10:48:01","slug":"kotia-etsivat-kissat","status":"publish","type":"page","link":"https:\/\/sey.fi\/satakunta\/satakunnan-elainsuojelu\/kodinetsintapalvelu\/kotia-etsivat-kissat\/","title":{"rendered":"Kotia etsiv\u00e4t kissat"},"content":{"rendered":"\n<p class=\"has-large-font-size\"><strong>Ohjeita kissan ostoon Satesyn kautta<\/strong>  <\/p>\n\n\n\n<p class=\"has-medium-font-size\">\u00c4l\u00e4 ota kissaa hetken mielenjohteesta. Kissa voi el\u00e4\u00e4 jopa yli 20 vuotta. Harkitse siis tarkkaan oletko valmis huolehtimaan tulevasta perheenj\u00e4senest\u00e4si sen loppuel\u00e4m\u00e4n ajan. Pentukissa on t\u00e4ynn\u00e4 energiaa ja vaatii huomiota l\u00e4hes kokoajan. Siksi luovutammekin alle vuoden ik\u00e4iset kissat pareittain tai mielell\u00e4\u00e4n nuoren kissan kaveriksi. Voi olla my\u00f6s tapauksia, joissa kissa luovutetaan ainoaksi kissaksi. Kunnioitathan t\u00e4t\u00e4 p\u00e4\u00e4t\u00f6st\u00e4.<\/p>\n\n\n\n<p class=\"has-medium-font-size\">Yhdistyksen kotihoitajat p\u00e4\u00e4tt\u00e4v\u00e4t kenelle hoitokissat luovutetaan. He tuntevat kissat parhaiten ja tunnistavat mm. kissojen luonne-erot. Heid\u00e4n yhteystiedot ilmoitetaan kotia etsivien kuvausten yhteydess\u00e4. Meill\u00e4 ei ole jonotus mahdollisuutta. Jos siis tyk\u00e4styt johonkin vapaana olevaan kotia etsiv\u00e4\u00e4n kissaan, niin ota yhteytt\u00e4 kotihoitajaan, jonka kanssa mahdollisesti voitte sopia kissan katsomisen. Usein kyselyit\u00e4 tulee niin monta, ett\u00e4 on mahdotonta haastatella kaikkia. <\/p>\n\n\n\n<p class=\"has-medium-font-size\"><strong>Emme luovuta kissoja ensin\u00e4kem\u00e4ll\u00e4. N\u00e4in saa sek\u00e4 ostaja, ett\u00e4 kotihoitaja mahdollisuuden mietti\u00e4 asiaa ns. y\u00f6n yli.<\/strong><\/p>\n\n\n\n<p class=\"has-medium-font-size\"><strong>Kissoista tehd\u00e4\u00e4n aina viralliset luovutuspaperit.<\/strong><\/p>\n\n\n\n<p class=\"has-medium-font-size\"><strong>Perimme kissoista luovutusmaksun, jotka<\/strong> <strong>ovat t\u00e4ll\u00e4 hetkell\u00e4:<\/strong><\/p>\n\n\n\n<p><strong>Kissan hinta 300 \u20ac <\/strong><\/p>\n\n\n\n<p><strong>Kaksi aikuista kissaa 550\u20ac <\/strong><\/p>\n\n\n\n<p><strong>Kaksi pentu kissaa  600\u20ac<\/strong><\/p>\n\n\n\n<p><strong>Pentu alle 6kk 330\u20ac <\/strong><\/p>\n\n\n\n<p class=\"has-medium-font-size\"><strong>(yli 10 vuotta 150\u20ac<\/strong>,  <strong>yli 12 vuotta 100 \u20ac)<\/strong><\/p>\n\n\n\n<p class=\"has-medium-font-size\"><strong>Maksu sis\u00e4lt\u00e4\u00e4 steriloinnin\/ kastroinnin, sirutuksen, madotukset sek\u00e4 rokotukset. <\/strong><\/p>\n\n\n\n<p class=\"has-large-font-size\"><strong><em>Huomioithan, ettemme luovuta kissoja ulkokissoiksi!<\/em><\/strong><\/p>\n\n\n\n<p class=\"has-medium-font-size\"><strong>KOTIA ETSIVIEN KUVAT N\u00c4KYV\u00c4T MY\u00d6S SATAKUNNAN EL\u00c4INSUOJELUYHDISTYS ry:n FACEBOOKISSA,  jos ne eiv\u00e4t jostakin syyst\u00e4 n\u00e4y t\u00e4\u00e4ll\u00e4 kotisivuilla.<\/strong><\/p>\n\n\n\n<p><\/p>\n\n\n\n<p class=\"has-x-large-font-size\"><strong>KOTIA ETSIV\u00c4T KISSAT<\/strong><\/p>\n\n\n\n<p class=\"has-medium-font-size\"><strong>= = = = = = = = = = = = = = = = = = = = = = = = = = = = = = = = = = = = = = = <\/strong><\/p>\n\n\n\n<figure class=\"wp-block-image size-large\"><img loading=\"lazy\" decoding=\"async\" width=\"1024\" height=\"921\" src=\"https:\/\/sey.fi\/wp-content\/uploads\/sites\/29\/2026\/04\/Justiina-3-1024x921.jpeg\" alt=\"\" class=\"wp-image-7223\" srcset=\"https:\/\/sey.fi\/wp-content\/uploads\/sites\/29\/2026\/04\/Justiina-3-1024x921.jpeg 1024w, https:\/\/sey.fi\/wp-content\/uploads\/sites\/29\/2026\/04\/Justiina-3-300x270.jpeg 300w, https:\/\/sey.fi\/wp-content\/uploads\/sites\/29\/2026\/04\/Justiina-3-768x690.jpeg 768w, https:\/\/sey.fi\/wp-content\/uploads\/sites\/29\/2026\/04\/Justiina-3.jpeg 1099w\" sizes=\"auto, (max-width: 1024px) 100vw, 1024px\" \/><\/figure>\n\n\n\n<p style=\"font-size:30px\"><strong>JUSTIINASTA EI OTETA ENEMP\u00c4\u00c4 KYSELYIT\u00c4 VASTAAN<\/strong>.                         <strong>noin 2-v  tytt\u00f6kissa<\/strong><\/p>\n\n\n\n<p>Justiina on arviolta noin kaksivuotias, rokotettu, sirutettu ja leikattu tytt\u00f6kissa.                                                                H\u00e4n on hellyydenkipe\u00e4, silityst\u00e4 ja halimista kaipaava, hyvin puhelias s\u00f6p\u00f6l\u00e4inen. Justiina rakastaa keskustelua ja huhuilee kaveria pitkin huoneita, pitkill\u00e4 ja kaipaavilla maukunoilla.                                                                                                     Justiina rakastaa ihmisi\u00e4 i\u00e4st\u00e4 riippumatta, kunhan saa huomiota osakseen. <\/p>\n\n\n\n<p>Justiina tarvitsee ehdottomasti seuraa, l\u00e4heisyytt\u00e4, aktiviteettia, tai mahdollisesti kissakaverin, mutta kokemusta toisten el\u00e4inten kanssa el\u00e4misest\u00e4 ei ole. <\/p>\n\n\n\n<p>Justiina luovutetaan vain sis\u00e4kissaksi ja h\u00e4nest\u00e4 perit\u00e4\u00e4n luovutusmaksu.<\/p>\n\n\n\n<figure class=\"wp-block-image size-full\"><img loading=\"lazy\" decoding=\"async\" width=\"970\" height=\"956\" src=\"https:\/\/sey.fi\/wp-content\/uploads\/sites\/29\/2026\/04\/Justiina-1.jpeg\" alt=\"\" class=\"wp-image-7227\" srcset=\"https:\/\/sey.fi\/wp-content\/uploads\/sites\/29\/2026\/04\/Justiina-1.jpeg 970w, https:\/\/sey.fi\/wp-content\/uploads\/sites\/29\/2026\/04\/Justiina-1-300x296.jpeg 300w, https:\/\/sey.fi\/wp-content\/uploads\/sites\/29\/2026\/04\/Justiina-1-768x757.jpeg 768w\" sizes=\"auto, (max-width: 970px) 100vw, 970px\" \/><\/figure>\n\n\n\n<p class=\"has-medium-font-size\"><strong>Justiina on kotihoitajalla Porissa<\/strong><\/p>\n\n\n\n<figure class=\"wp-block-image size-large\"><img loading=\"lazy\" decoding=\"async\" width=\"1020\" height=\"1024\" src=\"https:\/\/sey.fi\/wp-content\/uploads\/sites\/29\/2026\/04\/Justiina-2-1020x1024.jpeg\" alt=\"\" class=\"wp-image-7228\" srcset=\"https:\/\/sey.fi\/wp-content\/uploads\/sites\/29\/2026\/04\/Justiina-2-1020x1024.jpeg 1020w, https:\/\/sey.fi\/wp-content\/uploads\/sites\/29\/2026\/04\/Justiina-2-300x300.jpeg 300w, https:\/\/sey.fi\/wp-content\/uploads\/sites\/29\/2026\/04\/Justiina-2-150x150.jpeg 150w, https:\/\/sey.fi\/wp-content\/uploads\/sites\/29\/2026\/04\/Justiina-2-768x771.jpeg 768w, https:\/\/sey.fi\/wp-content\/uploads\/sites\/29\/2026\/04\/Justiina-2-160x160.jpeg 160w, https:\/\/sey.fi\/wp-content\/uploads\/sites\/29\/2026\/04\/Justiina-2.jpeg 1143w\" sizes=\"auto, (max-width: 1020px) 100vw, 1020px\" \/><\/figure>\n\n\n\n<p class=\"has-large-font-size\"><strong>                                                                                    <\/strong><\/p>\n\n\n\n<p style=\"font-size:64px\"><strong>YKSITYISESTI kotia etsiv\u00e4t<\/strong><\/p>\n\n\n\n<p class=\"has-medium-font-size\"><\/p>\n","protected":false},"excerpt":{"rendered":"<p>Ohjeita kissan ostoon Satesyn kautta \u00c4l\u00e4 ota kissaa hetken mielenjohteesta. Kissa voi el\u00e4\u00e4 jopa yli 20 vuotta. Harkitse siis tarkkaan oletko valmis huolehtimaan tulevasta perheenj\u00e4senest\u00e4si sen loppuel\u00e4m\u00e4n ajan. Pentukissa on t\u00e4ynn\u00e4 energiaa ja vaatii huomiota l\u00e4hes kokoajan. Siksi luovutammekin alle vuoden ik\u00e4iset kissat pareittain tai mielell\u00e4\u00e4n nuoren kissan kaveriksi. Voi olla my\u00f6s tapauksia, joissa kissa [&hellip;]<\/p>\n","protected":false},"author":8,"featured_media":0,"parent":26,"menu_order":0,"comment_status":"closed","ping_status":"closed","template":"","meta":{"_acf_changed":false,"footnotes":""},"class_list":["post-28","page","type-page","status-publish","hentry"],"acf":[],"yoast_head":"<!-- This site is optimized with the Yoast SEO plugin v27.1.1 - https:\/\/yoast.com\/product\/yoast-seo-wordpress\/ -->\n<title>Kotia etsiv\u00e4t kissat - Satakunnan el\u00e4insuojeluyhdistys<\/title>\n<meta name=\"robots\" content=\"index, follow, max-snippet:-1, max-image-preview:large, max-video-preview:-1\" \/>\n<link rel=\"canonical\" href=\"https:\/\/sey.fi\/satakunta\/satakunnan-elainsuojelu\/kodinetsintapalvelu\/kotia-etsivat-kissat\/\" \/>\n<meta property=\"og:locale\" content=\"fi_FI\" \/>\n<meta property=\"og:type\" content=\"article\" \/>\n<meta property=\"og:title\" content=\"Kotia etsiv\u00e4t kissat - Satakunnan el\u00e4insuojeluyhdistys\" \/>\n<meta property=\"og:description\" content=\"Ohjeita kissan ostoon Satesyn kautta \u00c4l\u00e4 ota kissaa hetken mielenjohteesta. Kissa voi el\u00e4\u00e4 jopa yli 20 vuotta. Harkitse siis tarkkaan oletko valmis huolehtimaan tulevasta perheenj\u00e4senest\u00e4si sen loppuel\u00e4m\u00e4n ajan. Pentukissa on t\u00e4ynn\u00e4 energiaa ja vaatii huomiota l\u00e4hes kokoajan. Siksi luovutammekin alle vuoden ik\u00e4iset kissat pareittain tai mielell\u00e4\u00e4n nuoren kissan kaveriksi. Voi olla my\u00f6s tapauksia, joissa kissa [&hellip;]\" \/>\n<meta property=\"og:url\" content=\"https:\/\/sey.fi\/satakunta\/satakunnan-elainsuojelu\/kodinetsintapalvelu\/kotia-etsivat-kissat\/\" \/>\n<meta property=\"og:site_name\" content=\"Satakunnan el\u00e4insuojeluyhdistys\" \/>\n<meta property=\"article:modified_time\" content=\"2026-04-28T10:48:01+00:00\" \/>\n<meta property=\"og:image\" content=\"https:\/\/sey.fi\/wp-content\/uploads\/sites\/29\/2026\/04\/Justiina-3.jpeg\" \/>\n\t<meta property=\"og:image:width\" content=\"1099\" \/>\n\t<meta property=\"og:image:height\" content=\"988\" \/>\n\t<meta property=\"og:image:type\" content=\"image\/jpeg\" \/>\n<meta name=\"twitter:card\" content=\"summary_large_image\" \/>\n<meta name=\"twitter:label1\" content=\"Arvioitu lukuaika\" \/>\n\t<meta name=\"twitter:data1\" content=\"3 minuuttia\" \/>\n<script type=\"application\/ld+json\" class=\"yoast-schema-graph\">{\"@context\":\"https:\/\/schema.org\",\"@graph\":[{\"@type\":\"WebPage\",\"@id\":\"https:\/\/sey.fi\/satakunta\/satakunnan-elainsuojelu\/kodinetsintapalvelu\/kotia-etsivat-kissat\/\",\"url\":\"https:\/\/sey.fi\/satakunta\/satakunnan-elainsuojelu\/kodinetsintapalvelu\/kotia-etsivat-kissat\/\",\"name\":\"Kotia etsiv\u00e4t kissat - Satakunnan el\u00e4insuojeluyhdistys\",\"isPartOf\":{\"@id\":\"https:\/\/sey.fi\/satakunta\/#website\"},\"primaryImageOfPage\":{\"@id\":\"https:\/\/sey.fi\/satakunta\/satakunnan-elainsuojelu\/kodinetsintapalvelu\/kotia-etsivat-kissat\/#primaryimage\"},\"image\":{\"@id\":\"https:\/\/sey.fi\/satakunta\/satakunnan-elainsuojelu\/kodinetsintapalvelu\/kotia-etsivat-kissat\/#primaryimage\"},\"thumbnailUrl\":\"https:\/\/sey.fi\/wp-content\/uploads\/sites\/29\/2026\/04\/Justiina-3-1024x921.jpeg\",\"datePublished\":\"2021-12-02T09:19:33+00:00\",\"dateModified\":\"2026-04-28T10:48:01+00:00\",\"breadcrumb\":{\"@id\":\"https:\/\/sey.fi\/satakunta\/satakunnan-elainsuojelu\/kodinetsintapalvelu\/kotia-etsivat-kissat\/#breadcrumb\"},\"inLanguage\":\"fi\",\"potentialAction\":[{\"@type\":\"ReadAction\",\"target\":[\"https:\/\/sey.fi\/satakunta\/satakunnan-elainsuojelu\/kodinetsintapalvelu\/kotia-etsivat-kissat\/\"]}]},{\"@type\":\"ImageObject\",\"inLanguage\":\"fi\",\"@id\":\"https:\/\/sey.fi\/satakunta\/satakunnan-elainsuojelu\/kodinetsintapalvelu\/kotia-etsivat-kissat\/#primaryimage\",\"url\":\"https:\/\/sey.fi\/wp-content\/uploads\/sites\/29\/2026\/04\/Justiina-3-1024x921.jpeg\",\"contentUrl\":\"https:\/\/sey.fi\/wp-content\/uploads\/sites\/29\/2026\/04\/Justiina-3-1024x921.jpeg\"},{\"@type\":\"BreadcrumbList\",\"@id\":\"https:\/\/sey.fi\/satakunta\/satakunnan-elainsuojelu\/kodinetsintapalvelu\/kotia-etsivat-kissat\/#breadcrumb\",\"itemListElement\":[{\"@type\":\"ListItem\",\"position\":1,\"name\":\"Home\",\"item\":\"https:\/\/sey.fi\/satakunta\/\"},{\"@type\":\"ListItem\",\"position\":2,\"name\":\"Satakunnan el\u00e4insuojeluyhdistys\",\"item\":\"https:\/\/sey.fi\/satakunta\/\"},{\"@type\":\"ListItem\",\"position\":3,\"name\":\"Kodinetsint\u00e4palvelu\",\"item\":\"https:\/\/sey.fi\/satakunta\/satakunnan-elainsuojelu\/kodinetsintapalvelu\/\"},{\"@type\":\"ListItem\",\"position\":4,\"name\":\"Kotia etsiv\u00e4t kissat\"}]},{\"@type\":\"WebSite\",\"@id\":\"https:\/\/sey.fi\/satakunta\/#website\",\"url\":\"https:\/\/sey.fi\/satakunta\/\",\"name\":\"Satakunnan el\u00e4insuojeluyhdistys\",\"description\":\"Uusi SEY J\u00e4senyhdistykset -sivusto\",\"potentialAction\":[{\"@type\":\"SearchAction\",\"target\":{\"@type\":\"EntryPoint\",\"urlTemplate\":\"https:\/\/sey.fi\/satakunta\/?s={search_term_string}\"},\"query-input\":{\"@type\":\"PropertyValueSpecification\",\"valueRequired\":true,\"valueName\":\"search_term_string\"}}],\"inLanguage\":\"fi\"}]}<\/script>\n<!-- \/ Yoast SEO plugin. -->","yoast_head_json":{"title":"Kotia etsiv\u00e4t kissat - Satakunnan el\u00e4insuojeluyhdistys","robots":{"index":"index","follow":"follow","max-snippet":"max-snippet:-1","max-image-preview":"max-image-preview:large","max-video-preview":"max-video-preview:-1"},"canonical":"https:\/\/sey.fi\/satakunta\/satakunnan-elainsuojelu\/kodinetsintapalvelu\/kotia-etsivat-kissat\/","og_locale":"fi_FI","og_type":"article","og_title":"Kotia etsiv\u00e4t kissat - Satakunnan el\u00e4insuojeluyhdistys","og_description":"Ohjeita kissan ostoon Satesyn kautta \u00c4l\u00e4 ota kissaa hetken mielenjohteesta. Kissa voi el\u00e4\u00e4 jopa yli 20 vuotta. Harkitse siis tarkkaan oletko valmis huolehtimaan tulevasta perheenj\u00e4senest\u00e4si sen loppuel\u00e4m\u00e4n ajan. Pentukissa on t\u00e4ynn\u00e4 energiaa ja vaatii huomiota l\u00e4hes kokoajan. Siksi luovutammekin alle vuoden ik\u00e4iset kissat pareittain tai mielell\u00e4\u00e4n nuoren kissan kaveriksi. Voi olla my\u00f6s tapauksia, joissa kissa [&hellip;]","og_url":"https:\/\/sey.fi\/satakunta\/satakunnan-elainsuojelu\/kodinetsintapalvelu\/kotia-etsivat-kissat\/","og_site_name":"Satakunnan el\u00e4insuojeluyhdistys","article_modified_time":"2026-04-28T10:48:01+00:00","og_image":[{"width":1099,"height":988,"url":"https:\/\/sey.fi\/wp-content\/uploads\/sites\/29\/2026\/04\/Justiina-3.jpeg","type":"image\/jpeg"}],"twitter_card":"summary_large_image","twitter_misc":{"Arvioitu lukuaika":"3 minuuttia"},"schema":{"@context":"https:\/\/schema.org","@graph":[{"@type":"WebPage","@id":"https:\/\/sey.fi\/satakunta\/satakunnan-elainsuojelu\/kodinetsintapalvelu\/kotia-etsivat-kissat\/","url":"https:\/\/sey.fi\/satakunta\/satakunnan-elainsuojelu\/kodinetsintapalvelu\/kotia-etsivat-kissat\/","name":"Kotia etsiv\u00e4t kissat - Satakunnan el\u00e4insuojeluyhdistys","isPartOf":{"@id":"https:\/\/sey.fi\/satakunta\/#website"},"primaryImageOfPage":{"@id":"https:\/\/sey.fi\/satakunta\/satakunnan-elainsuojelu\/kodinetsintapalvelu\/kotia-etsivat-kissat\/#primaryimage"},"image":{"@id":"https:\/\/sey.fi\/satakunta\/satakunnan-elainsuojelu\/kodinetsintapalvelu\/kotia-etsivat-kissat\/#primaryimage"},"thumbnailUrl":"https:\/\/sey.fi\/wp-content\/uploads\/sites\/29\/2026\/04\/Justiina-3-1024x921.jpeg","datePublished":"2021-12-02T09:19:33+00:00","dateModified":"2026-04-28T10:48:01+00:00","breadcrumb":{"@id":"https:\/\/sey.fi\/satakunta\/satakunnan-elainsuojelu\/kodinetsintapalvelu\/kotia-etsivat-kissat\/#breadcrumb"},"inLanguage":"fi","potentialAction":[{"@type":"ReadAction","target":["https:\/\/sey.fi\/satakunta\/satakunnan-elainsuojelu\/kodinetsintapalvelu\/kotia-etsivat-kissat\/"]}]},{"@type":"ImageObject","inLanguage":"fi","@id":"https:\/\/sey.fi\/satakunta\/satakunnan-elainsuojelu\/kodinetsintapalvelu\/kotia-etsivat-kissat\/#primaryimage","url":"https:\/\/sey.fi\/wp-content\/uploads\/sites\/29\/2026\/04\/Justiina-3-1024x921.jpeg","contentUrl":"https:\/\/sey.fi\/wp-content\/uploads\/sites\/29\/2026\/04\/Justiina-3-1024x921.jpeg"},{"@type":"BreadcrumbList","@id":"https:\/\/sey.fi\/satakunta\/satakunnan-elainsuojelu\/kodinetsintapalvelu\/kotia-etsivat-kissat\/#breadcrumb","itemListElement":[{"@type":"ListItem","position":1,"name":"Home","item":"https:\/\/sey.fi\/satakunta\/"},{"@type":"ListItem","position":2,"name":"Satakunnan el\u00e4insuojeluyhdistys","item":"https:\/\/sey.fi\/satakunta\/"},{"@type":"ListItem","position":3,"name":"Kodinetsint\u00e4palvelu","item":"https:\/\/sey.fi\/satakunta\/satakunnan-elainsuojelu\/kodinetsintapalvelu\/"},{"@type":"ListItem","position":4,"name":"Kotia etsiv\u00e4t kissat"}]},{"@type":"WebSite","@id":"https:\/\/sey.fi\/satakunta\/#website","url":"https:\/\/sey.fi\/satakunta\/","name":"Satakunnan el\u00e4insuojeluyhdistys","description":"Uusi SEY J\u00e4senyhdistykset -sivusto","potentialAction":[{"@type":"SearchAction","target":{"@type":"EntryPoint","urlTemplate":"https:\/\/sey.fi\/satakunta\/?s={search_term_string}"},"query-input":{"@type":"PropertyValueSpecification","valueRequired":true,"valueName":"search_term_string"}}],"inLanguage":"fi"}]}},"_links":{"self":[{"href":"https:\/\/sey.fi\/satakunta\/wp-json\/wp\/v2\/pages\/28","targetHints":{"allow":["GET"]}}],"collection":[{"href":"https:\/\/sey.fi\/satakunta\/wp-json\/wp\/v2\/pages"}],"about":[{"href":"https:\/\/sey.fi\/satakunta\/wp-json\/wp\/v2\/types\/page"}],"author":[{"embeddable":true,"href":"https:\/\/sey.fi\/satakunta\/wp-json\/wp\/v2\/users\/8"}],"replies":[{"embeddable":true,"href":"https:\/\/sey.fi\/satakunta\/wp-json\/wp\/v2\/comments?post=28"}],"version-history":[{"count":2086,"href":"https:\/\/sey.fi\/satakunta\/wp-json\/wp\/v2\/pages\/28\/revisions"}],"predecessor-version":[{"id":7237,"href":"https:\/\/sey.fi\/satakunta\/wp-json\/wp\/v2\/pages\/28\/revisions\/7237"}],"up":[{"embeddable":true,"href":"https:\/\/sey.fi\/satakunta\/wp-json\/wp\/v2\/pages\/26"}],"wp:attachment":[{"href":"https:\/\/sey.fi\/satakunta\/wp-json\/wp\/v2\/media?parent=28"}],"curies":[{"name":"wp","href":"https:\/\/api.w.org\/{rel}","templated":true}]}}