{"id":30,"date":"2019-11-18T15:47:50","date_gmt":"2019-11-18T13:47:50","guid":{"rendered":"http:\/\/srvr10.xetpoint.com\/~seyfi\/satakunta\/?page_id=30"},"modified":"2026-04-14T13:59:44","modified_gmt":"2026-04-14T10:59:44","slug":"kotia-etsivat-koirat","status":"publish","type":"page","link":"https:\/\/sey.fi\/satakunta\/satakunnan-elainsuojelu\/kodinetsintapalvelu\/kotia-etsivat-koirat\/","title":{"rendered":"Kotia etsiv\u00e4t koirat"},"content":{"rendered":"\n<p style=\"font-size:25px\"> <strong><em>Yhdistyksen kautta kotia etsivist\u00e4 lemmikkiel\u00e4imist\u00e4 perit\u00e4\u00e4n luovutusmaksu.<\/em><\/strong> <\/p>\n\n\n\n<p style=\"font-size:27px\"><strong>Koiran luovutusmaksu on tapauskohtainen. Siihen vaikuttaa koiran ik\u00e4, terveysvaatimukset, rokotukset ja kastrointi\/sterilointi.<\/strong><\/p>\n\n\n\n<p class=\"has-large-font-size\"><strong>X X X X X X X X X X X X X X X X X X X X X X X X X <\/strong><\/p>\n\n\n\n<p class=\"has-large-font-size\"><strong>O O O O O O O O O O O O O O O O O O O O O O <\/strong><\/p>\n\n\n\n<p style=\"font-size:50px\"><strong><em>YKSITYISESTI KOTIA ETSIV\u00c4T KOIRAT<\/em><\/strong><\/p>\n\n\n\n<figure class=\"wp-block-image size-large\"><img loading=\"lazy\" decoding=\"async\" width=\"1024\" height=\"936\" src=\"https:\/\/sey.fi\/wp-content\/uploads\/sites\/29\/2026\/04\/Roosa-Marianne-1024x936.jpeg\" alt=\"\" class=\"wp-image-7185\" srcset=\"https:\/\/sey.fi\/wp-content\/uploads\/sites\/29\/2026\/04\/Roosa-Marianne-1024x936.jpeg 1024w, https:\/\/sey.fi\/wp-content\/uploads\/sites\/29\/2026\/04\/Roosa-Marianne-300x274.jpeg 300w, https:\/\/sey.fi\/wp-content\/uploads\/sites\/29\/2026\/04\/Roosa-Marianne-768x702.jpeg 768w, https:\/\/sey.fi\/wp-content\/uploads\/sites\/29\/2026\/04\/Roosa-Marianne.jpeg 1044w\" sizes=\"auto, (max-width: 1024px) 100vw, 1024px\" \/><\/figure>\n\n\n\n<p style=\"font-size:31px\"><strong>ROOSA  noin 3-vuotias  steriloitu tytt\u00f6koira<\/strong>                                <strong>Yksityisesti kotia etsiv\u00e4<\/strong><\/p>\n\n\n\n<p class=\"has-medium-font-size\">Uutta, osaavaa kotia vailla steriloitu, elokuussa 3 vuotta t\u00e4ytt\u00e4v\u00e4 pit-ambul-englanninmastiffimix.<br>Ihmisille aivan ihana, toisille koirille ei (l\u00e4ht\u00f6kohtainen suhtautuminen l\u00e4hinn\u00e4 utelias mutta haastamista ei sied\u00e4 yht\u00e4\u00e4n)<\/p>\n\n\n\n<p style=\"font-size:29px\"><strong><em>Ei lapsiperheeseen.  Tulevassa kodissa ei muita lemmikeit\u00e4.<\/em><\/strong><\/p>\n\n\n\n<p class=\"has-medium-font-size\">Resursoi l\u00e4hes kaikesta, huomiosta, ruuasta, makupaloista.<br>Omistajalle luovuttaa ruuan\/ puruluut ilman mukinoita.<\/p>\n\n\n\n<p class=\"has-medium-font-size\">Tarhat ja aitaukset eiv\u00e4t ole este, korkeintaan hidaste. Eli menee &#8221;tarvittaessa&#8221; ali, yli tai l\u00e4pi.<\/p>\n\n\n\n<figure class=\"wp-block-image size-full\"><img loading=\"lazy\" decoding=\"async\" width=\"400\" height=\"640\" src=\"https:\/\/sey.fi\/wp-content\/uploads\/sites\/29\/2026\/04\/Roosa-2-Marianne.jpeg\" alt=\"\" class=\"wp-image-7186\" srcset=\"https:\/\/sey.fi\/wp-content\/uploads\/sites\/29\/2026\/04\/Roosa-2-Marianne.jpeg 400w, https:\/\/sey.fi\/wp-content\/uploads\/sites\/29\/2026\/04\/Roosa-2-Marianne-188x300.jpeg 188w\" sizes=\"auto, (max-width: 400px) 100vw, 400px\" \/><\/figure>\n\n\n\n<p class=\"has-medium-font-size\">Todella \u00e4lyk\u00e4s ja toiminnanhaluinen, turhautuu ilman tekemist\u00e4 ja j\u00e4rjest\u00e4\u00e4 sitten itse jolloin uudelleenmuotoilee keng\u00e4t\/ mit\u00e4 ikin\u00e4 ulottuvilla onkin.<\/p>\n\n\n\n<p class=\"has-medium-font-size\">Rakastaa l\u00e4heisyytt\u00e4 ja k\u00e4pertyy mielell\u00e4\u00e4n kainaloon\/ nukkuu ihmisens\u00e4 p\u00e4\u00e4ll\u00e4.<\/p>\n\n\n\n<p class=\"has-medium-font-size\">Potentiaalia olisi vaikka mihin, oikeissa k\u00e4siss\u00e4 kultakimpale.<br>Vaihtaa kotia todella tarkalla seulalla, t\u00e4st\u00e4 tyt\u00f6st\u00e4 ei tule kiertolaista tai kenenk\u00e4\u00e4n egon jatketta.<\/p>\n\n\n\n<p class=\"has-medium-font-size\">Roosasta perit\u00e4\u00e4n luovutusmaksu.<\/p>\n\n\n\n<p>Roosa asuu Porissa.<\/p>\n\n\n\n<p style=\"font-size:24px\"><strong>Jos tunnet, ett\u00e4 olisit match t\u00e4m\u00e4n neitosen kanssa,                                                                                                                      laita s\u00e4hk\u00f6postia titiina @\u00a0<a href=\"http:\/\/gmail.com\/\" target=\"_blank\" rel=\"noreferrer noopener\">gmail.com<\/a>\u00a0ja jutellaan lis\u00e4\u00e4<\/strong>.<\/p>\n\n\n\n<p class=\"has-large-font-size\"><strong>X X X X X X X X X X X X X X X X X X X X X X X X X X      <\/strong>                                  <\/p>\n\n\n\n<p style=\"font-size:33px\"><br><br><br><\/p>\n","protected":false},"excerpt":{"rendered":"<p>Yhdistyksen kautta kotia etsivist\u00e4 lemmikkiel\u00e4imist\u00e4 perit\u00e4\u00e4n luovutusmaksu. Koiran luovutusmaksu on tapauskohtainen. Siihen vaikuttaa koiran ik\u00e4, terveysvaatimukset, rokotukset ja kastrointi\/sterilointi. X X X X X X X X X X X X X X X X X X X X X X X X X O O O O O O O O O O O [&hellip;]<\/p>\n","protected":false},"author":8,"featured_media":0,"parent":26,"menu_order":0,"comment_status":"closed","ping_status":"closed","template":"","meta":{"_acf_changed":false,"footnotes":""},"class_list":["post-30","page","type-page","status-publish","hentry"],"acf":[],"yoast_head":"<!-- This site is optimized with the Yoast SEO plugin v27.1.1 - https:\/\/yoast.com\/product\/yoast-seo-wordpress\/ -->\n<title>Kotia etsiv\u00e4t koirat - Satakunnan el\u00e4insuojeluyhdistys<\/title>\n<meta name=\"robots\" content=\"index, follow, max-snippet:-1, max-image-preview:large, max-video-preview:-1\" \/>\n<link rel=\"canonical\" href=\"https:\/\/sey.fi\/satakunta\/satakunnan-elainsuojelu\/kodinetsintapalvelu\/kotia-etsivat-koirat\/\" \/>\n<meta property=\"og:locale\" content=\"fi_FI\" \/>\n<meta property=\"og:type\" content=\"article\" \/>\n<meta property=\"og:title\" content=\"Kotia etsiv\u00e4t koirat - Satakunnan el\u00e4insuojeluyhdistys\" \/>\n<meta property=\"og:description\" content=\"Yhdistyksen kautta kotia etsivist\u00e4 lemmikkiel\u00e4imist\u00e4 perit\u00e4\u00e4n luovutusmaksu. Koiran luovutusmaksu on tapauskohtainen. Siihen vaikuttaa koiran ik\u00e4, terveysvaatimukset, rokotukset ja kastrointi\/sterilointi. X X X X X X X X X X X X X X X X X X X X X X X X X O O O O O O O O O O O [&hellip;]\" \/>\n<meta property=\"og:url\" content=\"https:\/\/sey.fi\/satakunta\/satakunnan-elainsuojelu\/kodinetsintapalvelu\/kotia-etsivat-koirat\/\" \/>\n<meta property=\"og:site_name\" content=\"Satakunnan el\u00e4insuojeluyhdistys\" \/>\n<meta property=\"article:modified_time\" content=\"2026-04-14T10:59:44+00:00\" \/>\n<meta property=\"og:image\" content=\"https:\/\/sey.fi\/wp-content\/uploads\/sites\/29\/2026\/04\/Roosa-Marianne.jpeg\" \/>\n\t<meta property=\"og:image:width\" content=\"1044\" \/>\n\t<meta property=\"og:image:height\" content=\"954\" \/>\n\t<meta property=\"og:image:type\" content=\"image\/jpeg\" \/>\n<meta name=\"twitter:card\" content=\"summary_large_image\" \/>\n<meta name=\"twitter:label1\" content=\"Arvioitu lukuaika\" \/>\n\t<meta name=\"twitter:data1\" content=\"2 minuuttia\" \/>\n<script type=\"application\/ld+json\" class=\"yoast-schema-graph\">{\"@context\":\"https:\/\/schema.org\",\"@graph\":[{\"@type\":\"WebPage\",\"@id\":\"https:\/\/sey.fi\/satakunta\/satakunnan-elainsuojelu\/kodinetsintapalvelu\/kotia-etsivat-koirat\/\",\"url\":\"https:\/\/sey.fi\/satakunta\/satakunnan-elainsuojelu\/kodinetsintapalvelu\/kotia-etsivat-koirat\/\",\"name\":\"Kotia etsiv\u00e4t koirat - Satakunnan el\u00e4insuojeluyhdistys\",\"isPartOf\":{\"@id\":\"https:\/\/sey.fi\/satakunta\/#website\"},\"primaryImageOfPage\":{\"@id\":\"https:\/\/sey.fi\/satakunta\/satakunnan-elainsuojelu\/kodinetsintapalvelu\/kotia-etsivat-koirat\/#primaryimage\"},\"image\":{\"@id\":\"https:\/\/sey.fi\/satakunta\/satakunnan-elainsuojelu\/kodinetsintapalvelu\/kotia-etsivat-koirat\/#primaryimage\"},\"thumbnailUrl\":\"https:\/\/sey.fi\/wp-content\/uploads\/sites\/29\/2026\/04\/Roosa-Marianne-1024x936.jpeg\",\"datePublished\":\"2019-11-18T13:47:50+00:00\",\"dateModified\":\"2026-04-14T10:59:44+00:00\",\"breadcrumb\":{\"@id\":\"https:\/\/sey.fi\/satakunta\/satakunnan-elainsuojelu\/kodinetsintapalvelu\/kotia-etsivat-koirat\/#breadcrumb\"},\"inLanguage\":\"fi\",\"potentialAction\":[{\"@type\":\"ReadAction\",\"target\":[\"https:\/\/sey.fi\/satakunta\/satakunnan-elainsuojelu\/kodinetsintapalvelu\/kotia-etsivat-koirat\/\"]}]},{\"@type\":\"ImageObject\",\"inLanguage\":\"fi\",\"@id\":\"https:\/\/sey.fi\/satakunta\/satakunnan-elainsuojelu\/kodinetsintapalvelu\/kotia-etsivat-koirat\/#primaryimage\",\"url\":\"https:\/\/sey.fi\/wp-content\/uploads\/sites\/29\/2026\/04\/Roosa-Marianne-1024x936.jpeg\",\"contentUrl\":\"https:\/\/sey.fi\/wp-content\/uploads\/sites\/29\/2026\/04\/Roosa-Marianne-1024x936.jpeg\"},{\"@type\":\"BreadcrumbList\",\"@id\":\"https:\/\/sey.fi\/satakunta\/satakunnan-elainsuojelu\/kodinetsintapalvelu\/kotia-etsivat-koirat\/#breadcrumb\",\"itemListElement\":[{\"@type\":\"ListItem\",\"position\":1,\"name\":\"Home\",\"item\":\"https:\/\/sey.fi\/satakunta\/\"},{\"@type\":\"ListItem\",\"position\":2,\"name\":\"Satakunnan el\u00e4insuojeluyhdistys\",\"item\":\"https:\/\/sey.fi\/satakunta\/\"},{\"@type\":\"ListItem\",\"position\":3,\"name\":\"Kodinetsint\u00e4palvelu\",\"item\":\"https:\/\/sey.fi\/satakunta\/satakunnan-elainsuojelu\/kodinetsintapalvelu\/\"},{\"@type\":\"ListItem\",\"position\":4,\"name\":\"Kotia etsiv\u00e4t koirat\"}]},{\"@type\":\"WebSite\",\"@id\":\"https:\/\/sey.fi\/satakunta\/#website\",\"url\":\"https:\/\/sey.fi\/satakunta\/\",\"name\":\"Satakunnan el\u00e4insuojeluyhdistys\",\"description\":\"Uusi SEY J\u00e4senyhdistykset -sivusto\",\"potentialAction\":[{\"@type\":\"SearchAction\",\"target\":{\"@type\":\"EntryPoint\",\"urlTemplate\":\"https:\/\/sey.fi\/satakunta\/?s={search_term_string}\"},\"query-input\":{\"@type\":\"PropertyValueSpecification\",\"valueRequired\":true,\"valueName\":\"search_term_string\"}}],\"inLanguage\":\"fi\"}]}<\/script>\n<!-- \/ Yoast SEO plugin. -->","yoast_head_json":{"title":"Kotia etsiv\u00e4t koirat - Satakunnan el\u00e4insuojeluyhdistys","robots":{"index":"index","follow":"follow","max-snippet":"max-snippet:-1","max-image-preview":"max-image-preview:large","max-video-preview":"max-video-preview:-1"},"canonical":"https:\/\/sey.fi\/satakunta\/satakunnan-elainsuojelu\/kodinetsintapalvelu\/kotia-etsivat-koirat\/","og_locale":"fi_FI","og_type":"article","og_title":"Kotia etsiv\u00e4t koirat - Satakunnan el\u00e4insuojeluyhdistys","og_description":"Yhdistyksen kautta kotia etsivist\u00e4 lemmikkiel\u00e4imist\u00e4 perit\u00e4\u00e4n luovutusmaksu. Koiran luovutusmaksu on tapauskohtainen. Siihen vaikuttaa koiran ik\u00e4, terveysvaatimukset, rokotukset ja kastrointi\/sterilointi. X X X X X X X X X X X X X X X X X X X X X X X X X O O O O O O O O O O O [&hellip;]","og_url":"https:\/\/sey.fi\/satakunta\/satakunnan-elainsuojelu\/kodinetsintapalvelu\/kotia-etsivat-koirat\/","og_site_name":"Satakunnan el\u00e4insuojeluyhdistys","article_modified_time":"2026-04-14T10:59:44+00:00","og_image":[{"width":1044,"height":954,"url":"https:\/\/sey.fi\/wp-content\/uploads\/sites\/29\/2026\/04\/Roosa-Marianne.jpeg","type":"image\/jpeg"}],"twitter_card":"summary_large_image","twitter_misc":{"Arvioitu lukuaika":"2 minuuttia"},"schema":{"@context":"https:\/\/schema.org","@graph":[{"@type":"WebPage","@id":"https:\/\/sey.fi\/satakunta\/satakunnan-elainsuojelu\/kodinetsintapalvelu\/kotia-etsivat-koirat\/","url":"https:\/\/sey.fi\/satakunta\/satakunnan-elainsuojelu\/kodinetsintapalvelu\/kotia-etsivat-koirat\/","name":"Kotia etsiv\u00e4t koirat - Satakunnan el\u00e4insuojeluyhdistys","isPartOf":{"@id":"https:\/\/sey.fi\/satakunta\/#website"},"primaryImageOfPage":{"@id":"https:\/\/sey.fi\/satakunta\/satakunnan-elainsuojelu\/kodinetsintapalvelu\/kotia-etsivat-koirat\/#primaryimage"},"image":{"@id":"https:\/\/sey.fi\/satakunta\/satakunnan-elainsuojelu\/kodinetsintapalvelu\/kotia-etsivat-koirat\/#primaryimage"},"thumbnailUrl":"https:\/\/sey.fi\/wp-content\/uploads\/sites\/29\/2026\/04\/Roosa-Marianne-1024x936.jpeg","datePublished":"2019-11-18T13:47:50+00:00","dateModified":"2026-04-14T10:59:44+00:00","breadcrumb":{"@id":"https:\/\/sey.fi\/satakunta\/satakunnan-elainsuojelu\/kodinetsintapalvelu\/kotia-etsivat-koirat\/#breadcrumb"},"inLanguage":"fi","potentialAction":[{"@type":"ReadAction","target":["https:\/\/sey.fi\/satakunta\/satakunnan-elainsuojelu\/kodinetsintapalvelu\/kotia-etsivat-koirat\/"]}]},{"@type":"ImageObject","inLanguage":"fi","@id":"https:\/\/sey.fi\/satakunta\/satakunnan-elainsuojelu\/kodinetsintapalvelu\/kotia-etsivat-koirat\/#primaryimage","url":"https:\/\/sey.fi\/wp-content\/uploads\/sites\/29\/2026\/04\/Roosa-Marianne-1024x936.jpeg","contentUrl":"https:\/\/sey.fi\/wp-content\/uploads\/sites\/29\/2026\/04\/Roosa-Marianne-1024x936.jpeg"},{"@type":"BreadcrumbList","@id":"https:\/\/sey.fi\/satakunta\/satakunnan-elainsuojelu\/kodinetsintapalvelu\/kotia-etsivat-koirat\/#breadcrumb","itemListElement":[{"@type":"ListItem","position":1,"name":"Home","item":"https:\/\/sey.fi\/satakunta\/"},{"@type":"ListItem","position":2,"name":"Satakunnan el\u00e4insuojeluyhdistys","item":"https:\/\/sey.fi\/satakunta\/"},{"@type":"ListItem","position":3,"name":"Kodinetsint\u00e4palvelu","item":"https:\/\/sey.fi\/satakunta\/satakunnan-elainsuojelu\/kodinetsintapalvelu\/"},{"@type":"ListItem","position":4,"name":"Kotia etsiv\u00e4t koirat"}]},{"@type":"WebSite","@id":"https:\/\/sey.fi\/satakunta\/#website","url":"https:\/\/sey.fi\/satakunta\/","name":"Satakunnan el\u00e4insuojeluyhdistys","description":"Uusi SEY J\u00e4senyhdistykset -sivusto","potentialAction":[{"@type":"SearchAction","target":{"@type":"EntryPoint","urlTemplate":"https:\/\/sey.fi\/satakunta\/?s={search_term_string}"},"query-input":{"@type":"PropertyValueSpecification","valueRequired":true,"valueName":"search_term_string"}}],"inLanguage":"fi"}]}},"_links":{"self":[{"href":"https:\/\/sey.fi\/satakunta\/wp-json\/wp\/v2\/pages\/30","targetHints":{"allow":["GET"]}}],"collection":[{"href":"https:\/\/sey.fi\/satakunta\/wp-json\/wp\/v2\/pages"}],"about":[{"href":"https:\/\/sey.fi\/satakunta\/wp-json\/wp\/v2\/types\/page"}],"author":[{"embeddable":true,"href":"https:\/\/sey.fi\/satakunta\/wp-json\/wp\/v2\/users\/8"}],"replies":[{"embeddable":true,"href":"https:\/\/sey.fi\/satakunta\/wp-json\/wp\/v2\/comments?post=30"}],"version-history":[{"count":464,"href":"https:\/\/sey.fi\/satakunta\/wp-json\/wp\/v2\/pages\/30\/revisions"}],"predecessor-version":[{"id":7193,"href":"https:\/\/sey.fi\/satakunta\/wp-json\/wp\/v2\/pages\/30\/revisions\/7193"}],"up":[{"embeddable":true,"href":"https:\/\/sey.fi\/satakunta\/wp-json\/wp\/v2\/pages\/26"}],"wp:attachment":[{"href":"https:\/\/sey.fi\/satakunta\/wp-json\/wp\/v2\/media?parent=30"}],"curies":[{"name":"wp","href":"https:\/\/api.w.org\/{rel}","templated":true}]}}