{"id":32,"date":"2019-11-18T15:48:12","date_gmt":"2019-11-18T13:48:12","guid":{"rendered":"http:\/\/srvr10.xetpoint.com\/~seyfi\/satakunta\/?page_id=32"},"modified":"2026-02-07T19:42:48","modified_gmt":"2026-02-07T17:42:48","slug":"muut-kotia-etsivat","status":"publish","type":"page","link":"https:\/\/sey.fi\/satakunta\/satakunnan-elainsuojelu\/kodinetsintapalvelu\/muut-kotia-etsivat\/","title":{"rendered":"Muut kotia etsiv\u00e4t:"},"content":{"rendered":"\n<p><\/p>\n\n\n\n<p style=\"font-size:54px\">O O O O O O O O O O O O O O O <strong> <\/strong><\/p>\n\n\n\n<p style=\"font-size:42px\"><strong>Muut yksityisesti kotia etsiv\u00e4t:<\/strong><\/p>\n\n\n\n<p><\/p>\n\n\n\n<p><\/p>\n\n\n\n<p style=\"font-size:40px\"><\/p>\n\n\n\n<p class=\"has-large-font-size\"><\/p>\n\n\n\n<p class=\"has-large-font-size\"><\/p>\n\n\n\n<p style=\"font-size:27px\"><\/p>\n\n\n\n<p><\/p>\n\n\n\n<p><\/p>\n","protected":false},"excerpt":{"rendered":"<p>O O O O O O O O O O O O O O O Muut yksityisesti kotia etsiv\u00e4t:<\/p>\n","protected":false},"author":8,"featured_media":0,"parent":26,"menu_order":0,"comment_status":"closed","ping_status":"closed","template":"","meta":{"_acf_changed":false,"footnotes":""},"class_list":["post-32","page","type-page","status-publish","hentry"],"acf":[],"yoast_head":"<!-- This site is optimized with the Yoast SEO plugin v27.1.1 - https:\/\/yoast.com\/product\/yoast-seo-wordpress\/ -->\n<title>Muut kotia etsiv\u00e4t: - Satakunnan el\u00e4insuojeluyhdistys<\/title>\n<meta name=\"robots\" content=\"index, follow, max-snippet:-1, max-image-preview:large, max-video-preview:-1\" \/>\n<link rel=\"canonical\" href=\"https:\/\/sey.fi\/satakunta\/satakunnan-elainsuojelu\/kodinetsintapalvelu\/muut-kotia-etsivat\/\" \/>\n<meta property=\"og:locale\" content=\"fi_FI\" \/>\n<meta property=\"og:type\" content=\"article\" \/>\n<meta property=\"og:title\" content=\"Muut kotia etsiv\u00e4t: - Satakunnan el\u00e4insuojeluyhdistys\" \/>\n<meta property=\"og:description\" content=\"O O O O O O O O O O O O O O O Muut yksityisesti kotia etsiv\u00e4t:\" \/>\n<meta property=\"og:url\" content=\"https:\/\/sey.fi\/satakunta\/satakunnan-elainsuojelu\/kodinetsintapalvelu\/muut-kotia-etsivat\/\" \/>\n<meta property=\"og:site_name\" content=\"Satakunnan el\u00e4insuojeluyhdistys\" \/>\n<meta property=\"article:modified_time\" content=\"2026-02-07T17:42:48+00:00\" \/>\n<meta name=\"twitter:card\" content=\"summary_large_image\" \/>\n<meta name=\"twitter:label1\" content=\"Arvioitu lukuaika\" \/>\n\t<meta name=\"twitter:data1\" content=\"1 minuutti\" \/>\n<script type=\"application\/ld+json\" class=\"yoast-schema-graph\">{\"@context\":\"https:\/\/schema.org\",\"@graph\":[{\"@type\":\"WebPage\",\"@id\":\"https:\/\/sey.fi\/satakunta\/satakunnan-elainsuojelu\/kodinetsintapalvelu\/muut-kotia-etsivat\/\",\"url\":\"https:\/\/sey.fi\/satakunta\/satakunnan-elainsuojelu\/kodinetsintapalvelu\/muut-kotia-etsivat\/\",\"name\":\"Muut kotia etsiv\u00e4t: - Satakunnan el\u00e4insuojeluyhdistys\",\"isPartOf\":{\"@id\":\"https:\/\/sey.fi\/satakunta\/#website\"},\"datePublished\":\"2019-11-18T13:48:12+00:00\",\"dateModified\":\"2026-02-07T17:42:48+00:00\",\"breadcrumb\":{\"@id\":\"https:\/\/sey.fi\/satakunta\/satakunnan-elainsuojelu\/kodinetsintapalvelu\/muut-kotia-etsivat\/#breadcrumb\"},\"inLanguage\":\"fi\",\"potentialAction\":[{\"@type\":\"ReadAction\",\"target\":[\"https:\/\/sey.fi\/satakunta\/satakunnan-elainsuojelu\/kodinetsintapalvelu\/muut-kotia-etsivat\/\"]}]},{\"@type\":\"BreadcrumbList\",\"@id\":\"https:\/\/sey.fi\/satakunta\/satakunnan-elainsuojelu\/kodinetsintapalvelu\/muut-kotia-etsivat\/#breadcrumb\",\"itemListElement\":[{\"@type\":\"ListItem\",\"position\":1,\"name\":\"Home\",\"item\":\"https:\/\/sey.fi\/satakunta\/\"},{\"@type\":\"ListItem\",\"position\":2,\"name\":\"Satakunnan el\u00e4insuojeluyhdistys\",\"item\":\"https:\/\/sey.fi\/satakunta\/\"},{\"@type\":\"ListItem\",\"position\":3,\"name\":\"Kodinetsint\u00e4palvelu\",\"item\":\"https:\/\/sey.fi\/satakunta\/satakunnan-elainsuojelu\/kodinetsintapalvelu\/\"},{\"@type\":\"ListItem\",\"position\":4,\"name\":\"Muut kotia etsiv\u00e4t:\"}]},{\"@type\":\"WebSite\",\"@id\":\"https:\/\/sey.fi\/satakunta\/#website\",\"url\":\"https:\/\/sey.fi\/satakunta\/\",\"name\":\"Satakunnan el\u00e4insuojeluyhdistys\",\"description\":\"Uusi SEY J\u00e4senyhdistykset -sivusto\",\"potentialAction\":[{\"@type\":\"SearchAction\",\"target\":{\"@type\":\"EntryPoint\",\"urlTemplate\":\"https:\/\/sey.fi\/satakunta\/?s={search_term_string}\"},\"query-input\":{\"@type\":\"PropertyValueSpecification\",\"valueRequired\":true,\"valueName\":\"search_term_string\"}}],\"inLanguage\":\"fi\"}]}<\/script>\n<!-- \/ Yoast SEO plugin. -->","yoast_head_json":{"title":"Muut kotia etsiv\u00e4t: - Satakunnan el\u00e4insuojeluyhdistys","robots":{"index":"index","follow":"follow","max-snippet":"max-snippet:-1","max-image-preview":"max-image-preview:large","max-video-preview":"max-video-preview:-1"},"canonical":"https:\/\/sey.fi\/satakunta\/satakunnan-elainsuojelu\/kodinetsintapalvelu\/muut-kotia-etsivat\/","og_locale":"fi_FI","og_type":"article","og_title":"Muut kotia etsiv\u00e4t: - Satakunnan el\u00e4insuojeluyhdistys","og_description":"O O O O O O O O O O O O O O O Muut yksityisesti kotia etsiv\u00e4t:","og_url":"https:\/\/sey.fi\/satakunta\/satakunnan-elainsuojelu\/kodinetsintapalvelu\/muut-kotia-etsivat\/","og_site_name":"Satakunnan el\u00e4insuojeluyhdistys","article_modified_time":"2026-02-07T17:42:48+00:00","twitter_card":"summary_large_image","twitter_misc":{"Arvioitu lukuaika":"1 minuutti"},"schema":{"@context":"https:\/\/schema.org","@graph":[{"@type":"WebPage","@id":"https:\/\/sey.fi\/satakunta\/satakunnan-elainsuojelu\/kodinetsintapalvelu\/muut-kotia-etsivat\/","url":"https:\/\/sey.fi\/satakunta\/satakunnan-elainsuojelu\/kodinetsintapalvelu\/muut-kotia-etsivat\/","name":"Muut kotia etsiv\u00e4t: - Satakunnan el\u00e4insuojeluyhdistys","isPartOf":{"@id":"https:\/\/sey.fi\/satakunta\/#website"},"datePublished":"2019-11-18T13:48:12+00:00","dateModified":"2026-02-07T17:42:48+00:00","breadcrumb":{"@id":"https:\/\/sey.fi\/satakunta\/satakunnan-elainsuojelu\/kodinetsintapalvelu\/muut-kotia-etsivat\/#breadcrumb"},"inLanguage":"fi","potentialAction":[{"@type":"ReadAction","target":["https:\/\/sey.fi\/satakunta\/satakunnan-elainsuojelu\/kodinetsintapalvelu\/muut-kotia-etsivat\/"]}]},{"@type":"BreadcrumbList","@id":"https:\/\/sey.fi\/satakunta\/satakunnan-elainsuojelu\/kodinetsintapalvelu\/muut-kotia-etsivat\/#breadcrumb","itemListElement":[{"@type":"ListItem","position":1,"name":"Home","item":"https:\/\/sey.fi\/satakunta\/"},{"@type":"ListItem","position":2,"name":"Satakunnan el\u00e4insuojeluyhdistys","item":"https:\/\/sey.fi\/satakunta\/"},{"@type":"ListItem","position":3,"name":"Kodinetsint\u00e4palvelu","item":"https:\/\/sey.fi\/satakunta\/satakunnan-elainsuojelu\/kodinetsintapalvelu\/"},{"@type":"ListItem","position":4,"name":"Muut kotia etsiv\u00e4t:"}]},{"@type":"WebSite","@id":"https:\/\/sey.fi\/satakunta\/#website","url":"https:\/\/sey.fi\/satakunta\/","name":"Satakunnan el\u00e4insuojeluyhdistys","description":"Uusi SEY J\u00e4senyhdistykset -sivusto","potentialAction":[{"@type":"SearchAction","target":{"@type":"EntryPoint","urlTemplate":"https:\/\/sey.fi\/satakunta\/?s={search_term_string}"},"query-input":{"@type":"PropertyValueSpecification","valueRequired":true,"valueName":"search_term_string"}}],"inLanguage":"fi"}]}},"_links":{"self":[{"href":"https:\/\/sey.fi\/satakunta\/wp-json\/wp\/v2\/pages\/32","targetHints":{"allow":["GET"]}}],"collection":[{"href":"https:\/\/sey.fi\/satakunta\/wp-json\/wp\/v2\/pages"}],"about":[{"href":"https:\/\/sey.fi\/satakunta\/wp-json\/wp\/v2\/types\/page"}],"author":[{"embeddable":true,"href":"https:\/\/sey.fi\/satakunta\/wp-json\/wp\/v2\/users\/8"}],"replies":[{"embeddable":true,"href":"https:\/\/sey.fi\/satakunta\/wp-json\/wp\/v2\/comments?post=32"}],"version-history":[{"count":183,"href":"https:\/\/sey.fi\/satakunta\/wp-json\/wp\/v2\/pages\/32\/revisions"}],"predecessor-version":[{"id":6895,"href":"https:\/\/sey.fi\/satakunta\/wp-json\/wp\/v2\/pages\/32\/revisions\/6895"}],"up":[{"embeddable":true,"href":"https:\/\/sey.fi\/satakunta\/wp-json\/wp\/v2\/pages\/26"}],"wp:attachment":[{"href":"https:\/\/sey.fi\/satakunta\/wp-json\/wp\/v2\/media?parent=32"}],"curies":[{"name":"wp","href":"https:\/\/api.w.org\/{rel}","templated":true}]}}