{"id":36,"date":"2019-11-18T15:49:21","date_gmt":"2019-11-18T13:49:21","guid":{"rendered":"http:\/\/srvr10.xetpoint.com\/~seyfi\/satakunta\/?page_id=36"},"modified":"2026-01-03T12:48:03","modified_gmt":"2026-01-03T10:48:03","slug":"yhteystiedot","status":"publish","type":"page","link":"https:\/\/sey.fi\/satakunta\/satakunnan-elainsuojelu\/yhteystiedot\/","title":{"rendered":"Yhteystiedot"},"content":{"rendered":"\n<h2 class=\"wp-block-heading\">SATAKUNNAN EL\u00c4INSUOJELUYHDISTYS RY<\/h2>\n\n\n\n<p class=\"has-medium-font-size\">Satakunnankatu 32 28130 Pori<\/p>\n\n\n\n<p class=\"has-medium-font-size\"><strong>Yhdistyksen el\u00e4inten sijaiskodit ja kotiaetsiv\u00e4t el\u00e4imet:<\/strong><\/p>\n\n\n\n<p class=\"has-medium-font-size\"><strong>satesy@satesy.fi<\/strong><\/p>\n\n\n\n<p class=\"has-medium-font-size\">T\u00e4ll\u00e4 hetkell\u00e4 varsinkin kotihoitajista on huutava pula kaikille el\u00e4imille. My\u00f6s kaipaamme apua kissojen loukutuksissa. <\/p>\n\n\n\n<p style=\"font-size:28px\"><strong>El\u00e4insuojelutarkastuksista vastaa valvontael\u00e4inl\u00e4\u00e4k\u00e4ri <\/strong><\/p>\n\n\n\n<p class=\"has-x-large-font-size\">&#8211; <strong>Porin valvontael\u00e4inl\u00e4\u00e4k\u00e4ri <\/strong><\/p>\n\n\n\n<p class=\"has-x-large-font-size\">024 790 1129 klo 10-14 arkisin.                             Numeroon ei voi soittaa virka-ajan ulkopuolella.<\/p>\n\n\n\n<p style=\"font-size:29px\"><strong>El\u00e4inten hyvinvoinnin valvonta &#8211; Porin kaupunki\u00a0<a href=\"https:\/\/share.google\/c7cYXKeSAJpd86XFm\" target=\"_blank\" rel=\"noreferrer noopener\">https:\/\/share.google\/c7cYXKeSAJpd86XFm<\/a><\/strong><\/p>\n\n\n\n<p><\/p>\n\n\n\n<p style=\"font-size:29px\">&#8211; <strong>EHY ry \/ 044-2927223<\/strong>  L\u00f6yt\u00f6el\u00e4inkoti   Eurajoki<br>*&nbsp;Kissat ja muut pienel\u00e4imet sek\u00e4 koirat Pori, Harjavalta, Nakkila, Noormarkku, Ulvila, Eurajoki, Luvia<\/p>\n\n\n\n<p style=\"font-size:29px\">&#8211; <strong>Sey:n el\u00e4insuojeluneuvoja:<\/strong> <strong>Lahtinen Ulla<\/strong><br>040 737 2075,<br>ulla.lahtinen@sey.fi Vastuualueet : Laitila, Pyh\u00e4ranta, Eurajoki (ei Luvia), Rauma<\/p>\n\n\n\n<p style=\"font-size:29px\">&#8211; <strong>Sey:n el\u00e4insuojeluneuvoja:<\/strong> <strong>Ekholm-Martikainen Mira<\/strong><br>050 353 7884,<br>mira.ekholm-martikainen@sey.fi Vastuualueet : Kokem\u00e4ki, H\u00e4meenkyr\u00f6, Ikaalinen, Parkano, Sastamala<\/p>\n\n\n\n<p style=\"font-size:29px\">&#8211; <strong>Sey:n el\u00e4insuojeluneuvoja:<\/strong> <strong>Mild Virpi<\/strong><br>040 851 9943 (klo 9.00-20.00),<br>virpi.mild@sey.fi Vastuualueet : Honkajoki<\/p>\n\n\n\n<p class=\"has-large-font-size\">&#8211; <strong>El\u00e4insuojeluyhdistys Kuura ry ja <\/strong>                                    <strong>Kuuran el\u00e4inten turvakoti<\/strong><\/p>\n\n\n\n<p class=\"has-medium-font-size\">K\u00f6yli\u00f6ntie 683, Kokem\u00e4ki 32800                                                                                                                Puh: 044 2406645<br>S\u00e4hk\u00f6posti:&nbsp;<a href=\"mailto:esy.kuura@gmail.com\" target=\"_blank\" rel=\"noreferrer noopener\">esy.kuura@gmail.com<\/a>                                                                                                          Otathan huomioon meihin yhteytt\u00e4 ottaessasi, ett\u00e4 toimintamme py\u00f6rii t\u00e4ysin vapaaehtoisvoimin. V\u00e4lill\u00e4 viestit ja s\u00e4hk\u00f6postit saavat odottaa asettaessamme el\u00e4imiin ja suoraan heid\u00e4n hoitoonsa liittyv\u00e4t asiat etusijalle. Voit siis joutua odottamaan vastausta hetken, mutta vastaamme kyll\u00e4 kun ehdimme. Kiitos&nbsp;ymm\u00e4rryksest\u00e4si.<\/p>\n\n\n\n<p style=\"font-size:28px\"><strong>Keskeinen osa yhdistyksemme toimintaa on luonnonvaraisten el\u00e4inten auttaminen.<\/strong>                                                                                    Olemme ottaneet vastaan, kuntouttaneet ja palauttaneet luontoon muun muassa oravia, siilej\u00e4 ja lintuja. Joskus el\u00e4imet saavat meilt\u00e4 ensiapua, jonka j\u00e4lkeen toimitamme heid\u00e4t jatkohoitoon toisaalle.&nbsp;<\/p>\n\n\n\n<p style=\"font-size:29px\">&#8211; <strong>Pelastuslaitoksen tilannekeskus<\/strong>                                                                       <strong>044-7011510 ( kiireet\u00f6n avuntarve)<\/strong>                                                                                   <strong>KIIREELLINEN AVUNTARVE 112<\/strong><\/p>\n\n\n\n<p style=\"font-size:28px\">&#8211; <strong>Hoitola luonnonvaraisille el\u00e4imille:<\/strong>                                                             <strong>Turun El\u00e4insuojeluyhdistys ry  040 021 3436<\/strong>                                                       <strong>Os: Vanha Tampereentie 229, 20380 TURKU<\/strong><\/p>\n\n\n\n<p style=\"font-size:32px\">&#8211; <strong>El\u00e4inten Hyvinvointiyhdistys<\/strong>                                                               <strong>LEMMIKKI ry.                                                                                                                             puh. 045 209 2540<\/strong>                                                                          <strong>Autokatu 15. 20380 Turku<\/strong><\/p>\n\n\n\n<p class=\"has-large-font-size\"><strong>Satakunnan el\u00e4insuojelu yhdistykselle tulevista lahjoituksista voit ottaa yhteytt\u00e4 puh: 02-6333180<br>tai s\u00e4hk\u00f6postitse:&nbsp;<a href=\"mailto:hallitus@satesy.fi\">hallitus@satesy.fi<\/a><\/strong><\/p>\n\n\n\n<p><\/p>\n\n\n\n<p><\/p>\n","protected":false},"excerpt":{"rendered":"<p>SATAKUNNAN EL\u00c4INSUOJELUYHDISTYS RY Satakunnankatu 32 28130 Pori Yhdistyksen el\u00e4inten sijaiskodit ja kotiaetsiv\u00e4t el\u00e4imet: satesy@satesy.fi T\u00e4ll\u00e4 hetkell\u00e4 varsinkin kotihoitajista on huutava pula kaikille el\u00e4imille. My\u00f6s kaipaamme apua kissojen loukutuksissa. El\u00e4insuojelutarkastuksista vastaa valvontael\u00e4inl\u00e4\u00e4k\u00e4ri &#8211; Porin valvontael\u00e4inl\u00e4\u00e4k\u00e4ri 024 790 1129 klo 10-14 arkisin. Numeroon ei voi soittaa virka-ajan ulkopuolella. El\u00e4inten hyvinvoinnin valvonta &#8211; Porin kaupunki\u00a0https:\/\/share.google\/c7cYXKeSAJpd86XFm &#8211; EHY ry [&hellip;]<\/p>\n","protected":false},"author":8,"featured_media":0,"parent":2,"menu_order":0,"comment_status":"closed","ping_status":"closed","template":"","meta":{"_acf_changed":false,"footnotes":""},"class_list":["post-36","page","type-page","status-publish","hentry"],"acf":[],"yoast_head":"<!-- This site is optimized with the Yoast SEO plugin v27.1.1 - https:\/\/yoast.com\/product\/yoast-seo-wordpress\/ -->\n<title>Yhteystiedot - Satakunnan el\u00e4insuojeluyhdistys<\/title>\n<meta name=\"robots\" content=\"index, follow, max-snippet:-1, max-image-preview:large, max-video-preview:-1\" \/>\n<link rel=\"canonical\" href=\"https:\/\/sey.fi\/satakunta\/satakunnan-elainsuojelu\/yhteystiedot\/\" \/>\n<meta property=\"og:locale\" content=\"fi_FI\" \/>\n<meta property=\"og:type\" content=\"article\" \/>\n<meta property=\"og:title\" content=\"Yhteystiedot - Satakunnan el\u00e4insuojeluyhdistys\" \/>\n<meta property=\"og:description\" content=\"SATAKUNNAN EL\u00c4INSUOJELUYHDISTYS RY Satakunnankatu 32 28130 Pori Yhdistyksen el\u00e4inten sijaiskodit ja kotiaetsiv\u00e4t el\u00e4imet: satesy@satesy.fi T\u00e4ll\u00e4 hetkell\u00e4 varsinkin kotihoitajista on huutava pula kaikille el\u00e4imille. My\u00f6s kaipaamme apua kissojen loukutuksissa. El\u00e4insuojelutarkastuksista vastaa valvontael\u00e4inl\u00e4\u00e4k\u00e4ri &#8211; Porin valvontael\u00e4inl\u00e4\u00e4k\u00e4ri 024 790 1129 klo 10-14 arkisin. Numeroon ei voi soittaa virka-ajan ulkopuolella. El\u00e4inten hyvinvoinnin valvonta &#8211; Porin kaupunki\u00a0https:\/\/share.google\/c7cYXKeSAJpd86XFm &#8211; EHY ry [&hellip;]\" \/>\n<meta property=\"og:url\" content=\"https:\/\/sey.fi\/satakunta\/satakunnan-elainsuojelu\/yhteystiedot\/\" \/>\n<meta property=\"og:site_name\" content=\"Satakunnan el\u00e4insuojeluyhdistys\" \/>\n<meta property=\"article:modified_time\" content=\"2026-01-03T10:48:03+00:00\" \/>\n<meta name=\"twitter:card\" content=\"summary_large_image\" \/>\n<meta name=\"twitter:label1\" content=\"Arvioitu lukuaika\" \/>\n\t<meta name=\"twitter:data1\" content=\"2 minuuttia\" \/>\n<script type=\"application\/ld+json\" class=\"yoast-schema-graph\">{\"@context\":\"https:\/\/schema.org\",\"@graph\":[{\"@type\":\"WebPage\",\"@id\":\"https:\/\/sey.fi\/satakunta\/satakunnan-elainsuojelu\/yhteystiedot\/\",\"url\":\"https:\/\/sey.fi\/satakunta\/satakunnan-elainsuojelu\/yhteystiedot\/\",\"name\":\"Yhteystiedot - Satakunnan el\u00e4insuojeluyhdistys\",\"isPartOf\":{\"@id\":\"https:\/\/sey.fi\/satakunta\/#website\"},\"datePublished\":\"2019-11-18T13:49:21+00:00\",\"dateModified\":\"2026-01-03T10:48:03+00:00\",\"breadcrumb\":{\"@id\":\"https:\/\/sey.fi\/satakunta\/satakunnan-elainsuojelu\/yhteystiedot\/#breadcrumb\"},\"inLanguage\":\"fi\",\"potentialAction\":[{\"@type\":\"ReadAction\",\"target\":[\"https:\/\/sey.fi\/satakunta\/satakunnan-elainsuojelu\/yhteystiedot\/\"]}]},{\"@type\":\"BreadcrumbList\",\"@id\":\"https:\/\/sey.fi\/satakunta\/satakunnan-elainsuojelu\/yhteystiedot\/#breadcrumb\",\"itemListElement\":[{\"@type\":\"ListItem\",\"position\":1,\"name\":\"Home\",\"item\":\"https:\/\/sey.fi\/satakunta\/\"},{\"@type\":\"ListItem\",\"position\":2,\"name\":\"Satakunnan el\u00e4insuojeluyhdistys\",\"item\":\"https:\/\/sey.fi\/satakunta\/\"},{\"@type\":\"ListItem\",\"position\":3,\"name\":\"Yhteystiedot\"}]},{\"@type\":\"WebSite\",\"@id\":\"https:\/\/sey.fi\/satakunta\/#website\",\"url\":\"https:\/\/sey.fi\/satakunta\/\",\"name\":\"Satakunnan el\u00e4insuojeluyhdistys\",\"description\":\"Uusi SEY J\u00e4senyhdistykset -sivusto\",\"potentialAction\":[{\"@type\":\"SearchAction\",\"target\":{\"@type\":\"EntryPoint\",\"urlTemplate\":\"https:\/\/sey.fi\/satakunta\/?s={search_term_string}\"},\"query-input\":{\"@type\":\"PropertyValueSpecification\",\"valueRequired\":true,\"valueName\":\"search_term_string\"}}],\"inLanguage\":\"fi\"}]}<\/script>\n<!-- \/ Yoast SEO plugin. -->","yoast_head_json":{"title":"Yhteystiedot - Satakunnan el\u00e4insuojeluyhdistys","robots":{"index":"index","follow":"follow","max-snippet":"max-snippet:-1","max-image-preview":"max-image-preview:large","max-video-preview":"max-video-preview:-1"},"canonical":"https:\/\/sey.fi\/satakunta\/satakunnan-elainsuojelu\/yhteystiedot\/","og_locale":"fi_FI","og_type":"article","og_title":"Yhteystiedot - Satakunnan el\u00e4insuojeluyhdistys","og_description":"SATAKUNNAN EL\u00c4INSUOJELUYHDISTYS RY Satakunnankatu 32 28130 Pori Yhdistyksen el\u00e4inten sijaiskodit ja kotiaetsiv\u00e4t el\u00e4imet: satesy@satesy.fi T\u00e4ll\u00e4 hetkell\u00e4 varsinkin kotihoitajista on huutava pula kaikille el\u00e4imille. My\u00f6s kaipaamme apua kissojen loukutuksissa. El\u00e4insuojelutarkastuksista vastaa valvontael\u00e4inl\u00e4\u00e4k\u00e4ri &#8211; Porin valvontael\u00e4inl\u00e4\u00e4k\u00e4ri 024 790 1129 klo 10-14 arkisin. Numeroon ei voi soittaa virka-ajan ulkopuolella. El\u00e4inten hyvinvoinnin valvonta &#8211; Porin kaupunki\u00a0https:\/\/share.google\/c7cYXKeSAJpd86XFm &#8211; EHY ry [&hellip;]","og_url":"https:\/\/sey.fi\/satakunta\/satakunnan-elainsuojelu\/yhteystiedot\/","og_site_name":"Satakunnan el\u00e4insuojeluyhdistys","article_modified_time":"2026-01-03T10:48:03+00:00","twitter_card":"summary_large_image","twitter_misc":{"Arvioitu lukuaika":"2 minuuttia"},"schema":{"@context":"https:\/\/schema.org","@graph":[{"@type":"WebPage","@id":"https:\/\/sey.fi\/satakunta\/satakunnan-elainsuojelu\/yhteystiedot\/","url":"https:\/\/sey.fi\/satakunta\/satakunnan-elainsuojelu\/yhteystiedot\/","name":"Yhteystiedot - Satakunnan el\u00e4insuojeluyhdistys","isPartOf":{"@id":"https:\/\/sey.fi\/satakunta\/#website"},"datePublished":"2019-11-18T13:49:21+00:00","dateModified":"2026-01-03T10:48:03+00:00","breadcrumb":{"@id":"https:\/\/sey.fi\/satakunta\/satakunnan-elainsuojelu\/yhteystiedot\/#breadcrumb"},"inLanguage":"fi","potentialAction":[{"@type":"ReadAction","target":["https:\/\/sey.fi\/satakunta\/satakunnan-elainsuojelu\/yhteystiedot\/"]}]},{"@type":"BreadcrumbList","@id":"https:\/\/sey.fi\/satakunta\/satakunnan-elainsuojelu\/yhteystiedot\/#breadcrumb","itemListElement":[{"@type":"ListItem","position":1,"name":"Home","item":"https:\/\/sey.fi\/satakunta\/"},{"@type":"ListItem","position":2,"name":"Satakunnan el\u00e4insuojeluyhdistys","item":"https:\/\/sey.fi\/satakunta\/"},{"@type":"ListItem","position":3,"name":"Yhteystiedot"}]},{"@type":"WebSite","@id":"https:\/\/sey.fi\/satakunta\/#website","url":"https:\/\/sey.fi\/satakunta\/","name":"Satakunnan el\u00e4insuojeluyhdistys","description":"Uusi SEY J\u00e4senyhdistykset -sivusto","potentialAction":[{"@type":"SearchAction","target":{"@type":"EntryPoint","urlTemplate":"https:\/\/sey.fi\/satakunta\/?s={search_term_string}"},"query-input":{"@type":"PropertyValueSpecification","valueRequired":true,"valueName":"search_term_string"}}],"inLanguage":"fi"}]}},"_links":{"self":[{"href":"https:\/\/sey.fi\/satakunta\/wp-json\/wp\/v2\/pages\/36","targetHints":{"allow":["GET"]}}],"collection":[{"href":"https:\/\/sey.fi\/satakunta\/wp-json\/wp\/v2\/pages"}],"about":[{"href":"https:\/\/sey.fi\/satakunta\/wp-json\/wp\/v2\/types\/page"}],"author":[{"embeddable":true,"href":"https:\/\/sey.fi\/satakunta\/wp-json\/wp\/v2\/users\/8"}],"replies":[{"embeddable":true,"href":"https:\/\/sey.fi\/satakunta\/wp-json\/wp\/v2\/comments?post=36"}],"version-history":[{"count":78,"href":"https:\/\/sey.fi\/satakunta\/wp-json\/wp\/v2\/pages\/36\/revisions"}],"predecessor-version":[{"id":6681,"href":"https:\/\/sey.fi\/satakunta\/wp-json\/wp\/v2\/pages\/36\/revisions\/6681"}],"up":[{"embeddable":true,"href":"https:\/\/sey.fi\/satakunta\/wp-json\/wp\/v2\/pages\/2"}],"wp:attachment":[{"href":"https:\/\/sey.fi\/satakunta\/wp-json\/wp\/v2\/media?parent=36"}],"curies":[{"name":"wp","href":"https:\/\/api.w.org\/{rel}","templated":true}]}}