{"id":38,"date":"2019-11-18T15:50:28","date_gmt":"2019-11-18T13:50:28","guid":{"rendered":"http:\/\/srvr10.xetpoint.com\/~seyfi\/satakunta\/?page_id=38"},"modified":"2025-11-02T12:59:02","modified_gmt":"2025-11-02T10:59:02","slug":"elainsuojeluilmoitukset","status":"publish","type":"page","link":"https:\/\/sey.fi\/satakunta\/satakunnan-elainsuojelu\/elainsuojeluilmoitukset\/","title":{"rendered":"El\u00e4insuojeluilmoitukset"},"content":{"rendered":"\n<p style=\"font-size:28px\"><strong>Porin valvontael\u00e4inl\u00e4\u00e4k\u00e4rin  <\/strong><\/p>\n\n\n\n<p style=\"font-size:28px\"><strong>Puh:<\/strong> <strong>024 790 1129  klo 10-14&nbsp;arkisin. <\/strong><\/p>\n\n\n\n<p style=\"font-size:28px\">Numeroon voi vain soittaa, numero toimii vain yll\u00e4mainittuna aikana.<\/p>\n\n\n\n<p style=\"font-size:29px\"><strong><em>Tekstiviestitse emme ota vastaan el\u00e4insuojeluilmoituksia.<\/em><\/strong><\/p>\n\n\n\n<p style=\"font-size:28px\">Toivomme el\u00e4insuojeluilmoitukset teht\u00e4v\u00e4n ensisijaisesti s\u00e4hk\u00f6postitse: <a href=\"mailto:elainsuojelu@pori.fi\" target=\"_blank\" rel=\"noreferrer noopener\">elainsuojelu@pori.fi<\/a>.&nbsp;<\/p>\n\n\n\n<p style=\"font-size:28px\">S\u00e4hk\u00f6postia seurataan useita kertoja p\u00e4iv\u00e4ss\u00e4 arkisin ja sit\u00e4 kautta voi ilmoittaa my\u00f6s kiireelliset asiat.<\/p>\n\n\n\n<p class=\"has-large-font-size\">El\u00e4inten hyvinvoinnin valvonta &#8211; Porin kaupunki\u00a0<a href=\"https:\/\/share.google\/c7cYXKeSAJpd86XFm\" target=\"_blank\" rel=\"noreferrer noopener\">https:\/\/share.google\/c7cYXKeSAJpd86XFm<\/a><\/p>\n\n\n\n<p><\/p>\n\n\n\n<p class=\"has-large-font-size\"><strong>EL\u00c4INL\u00c4\u00c4K\u00c4RIP\u00c4IVYSTYS <\/strong><\/p>\n\n\n\n<p style=\"font-size:26px\">El\u00e4inklinikka Syke aloittanut ymp\u00e4rivuorokautisen ja jokap\u00e4iv\u00e4isen pienel\u00e4inl\u00e4\u00e4k\u00e4rip\u00e4ivystyksen Porin yhteistoiminta-alueella. <br>Porin yhteistoiminta-alueeseen kuuluvat:<\/p>\n\n\n\n<p style=\"font-size:26px\"><strong>Pori, Eurajoki, Ulvila, Nakkila ja Harjavalta.<\/strong><\/p>\n\n\n\n<p style=\"font-size:33px\"><strong>24\/7 <\/strong>  <strong>Sykkeen p\u00e4ivystysnumero 0300-472 202&nbsp; &nbsp;0\u20ac<\/strong><\/p>\n\n\n\n<p style=\"font-size:23px\">Suosittelemme soittamaan p\u00e4ivystysnumeroon etuk\u00e4teen &#8211; n\u00e4in osaamme valmistautua tuloosi ja kertoa mik\u00e4 p\u00e4ivystyksen sen hetkinen tilanne on. Hoidamme potilaat kiireellisyysj\u00e4rjestyksess\u00e4. <\/p>\n\n\n\n<p style=\"font-size:23px\">El\u00e4inklinikka Syke sijaitsee hyvien kulkuyhteyksien p\u00e4\u00e4ss\u00e4 Porin Mikkolassa <a href=\"http:\/\/www.icco.fi\/\">Iccon-kauppakeskuksessa<\/a>, It\u00e4keskuksenkaari 8, heti 2-tien l\u00e4heisyydess\u00e4.&nbsp;Klinikalle on oma sis\u00e4\u00e4nk\u00e4ynti kauppakeskuksen parkkipaikan puolelta ja parkkitilaa on runsaasti. Parkkialueella on klinikan parkkipaikat reunustettu pinkill\u00e4 korostev\u00e4rill\u00e4 sek\u00e4 klinikan edustalta l\u00f6ytyy pieni viheralue.<\/p>\n\n\n\n<ul class=\"wp-block-list\">\n<li style=\"font-size:23px\"> <br><strong>Suurel\u00e4imi\u00e4 p\u00e4ivyst\u00e4v\u00e4n el\u00e4inl\u00e4\u00e4k\u00e4rin tavoitat vuorokauden ymp\u00e4ri numerosta 0600 17011<\/strong>.<br>Suurel\u00e4inp\u00e4ivystys Porin yhteistoiminta-alueella toimii normaalisti kunnallisen el\u00e4inl\u00e4\u00e4kint\u00e4huollon kautta. Lis\u00e4tietoa suurel\u00e4inp\u00e4ivystyksest\u00e4 l\u00f6yt\u00e4\u00e4 Porin kaupungin verkkosivuilta.<\/li>\n<\/ul>\n\n\n\n<h2 class=\"wp-block-heading\">El\u00e4inl\u00e4\u00e4k\u00e4rin maksuton puhelinneuvonta &#8211; valtakunnallinen palvelu<\/h2>\n\n\n\n<p><strong>El\u00e4inl\u00e4\u00e4k\u00e4ri auttaa neuvontanumerossa vain puhelumaksun hinnalla! Soita 020 1800 900. El\u00e4inl\u00e4\u00e4k\u00e4ri tekee puhelun aikana ensisijaisesti hoitotarpeen arviointia sek\u00e4 neuvontaa. <\/strong>Jos klinikkak\u00e4ynti on tarpeen, el\u00e4inl\u00e4\u00e4k\u00e4ri ohjaa tarvittaessa l\u00e4himm\u00e4lle el\u00e4inl\u00e4\u00e4k\u00e4riasemalle. Akuuteissa tilanteissa ole yhteydess\u00e4 suoraan klinikalle. Palvelunumerossa ei voida kirjoittaa tai uusia reseptej\u00e4. Soitto 020-alkuiseen numeroon maksaa kiinte\u00e4n verkon liittym\u00e4st\u00e4 8,35 snt\/puhelu + 8,35 snt\/min ja matkapuhelinliittym\u00e4st\u00e4 8,35 snt\/puhelu + 23,00 snt\/min.<\/p>\n\n\n\n<p style=\"font-size:32px\"><\/p>\n\n\n\n<p style=\"font-size:29px\"><\/p>\n\n\n\n<p><\/p>\n","protected":false},"excerpt":{"rendered":"<p>Porin valvontael\u00e4inl\u00e4\u00e4k\u00e4rin Puh: 024 790 1129 klo 10-14&nbsp;arkisin. Numeroon voi vain soittaa, numero toimii vain yll\u00e4mainittuna aikana. Tekstiviestitse emme ota vastaan el\u00e4insuojeluilmoituksia. Toivomme el\u00e4insuojeluilmoitukset teht\u00e4v\u00e4n ensisijaisesti s\u00e4hk\u00f6postitse: elainsuojelu@pori.fi.&nbsp; S\u00e4hk\u00f6postia seurataan useita kertoja p\u00e4iv\u00e4ss\u00e4 arkisin ja sit\u00e4 kautta voi ilmoittaa my\u00f6s kiireelliset asiat. El\u00e4inten hyvinvoinnin valvonta &#8211; Porin kaupunki\u00a0https:\/\/share.google\/c7cYXKeSAJpd86XFm EL\u00c4INL\u00c4\u00c4K\u00c4RIP\u00c4IVYSTYS El\u00e4inklinikka Syke aloittanut ymp\u00e4rivuorokautisen ja jokap\u00e4iv\u00e4isen [&hellip;]<\/p>\n","protected":false},"author":8,"featured_media":0,"parent":2,"menu_order":0,"comment_status":"closed","ping_status":"closed","template":"","meta":{"_acf_changed":false,"footnotes":""},"class_list":["post-38","page","type-page","status-publish","hentry"],"acf":[],"yoast_head":"<!-- This site is optimized with the Yoast SEO plugin v27.1.1 - https:\/\/yoast.com\/product\/yoast-seo-wordpress\/ -->\n<title>El\u00e4insuojeluilmoitukset - Satakunnan el\u00e4insuojeluyhdistys<\/title>\n<meta name=\"robots\" content=\"index, follow, max-snippet:-1, max-image-preview:large, max-video-preview:-1\" \/>\n<link rel=\"canonical\" href=\"https:\/\/sey.fi\/satakunta\/satakunnan-elainsuojelu\/elainsuojeluilmoitukset\/\" \/>\n<meta property=\"og:locale\" content=\"fi_FI\" \/>\n<meta property=\"og:type\" content=\"article\" \/>\n<meta property=\"og:title\" content=\"El\u00e4insuojeluilmoitukset - Satakunnan el\u00e4insuojeluyhdistys\" \/>\n<meta property=\"og:description\" content=\"Porin valvontael\u00e4inl\u00e4\u00e4k\u00e4rin Puh: 024 790 1129 klo 10-14&nbsp;arkisin. Numeroon voi vain soittaa, numero toimii vain yll\u00e4mainittuna aikana. Tekstiviestitse emme ota vastaan el\u00e4insuojeluilmoituksia. Toivomme el\u00e4insuojeluilmoitukset teht\u00e4v\u00e4n ensisijaisesti s\u00e4hk\u00f6postitse: elainsuojelu@pori.fi.&nbsp; S\u00e4hk\u00f6postia seurataan useita kertoja p\u00e4iv\u00e4ss\u00e4 arkisin ja sit\u00e4 kautta voi ilmoittaa my\u00f6s kiireelliset asiat. El\u00e4inten hyvinvoinnin valvonta &#8211; Porin kaupunki\u00a0https:\/\/share.google\/c7cYXKeSAJpd86XFm EL\u00c4INL\u00c4\u00c4K\u00c4RIP\u00c4IVYSTYS El\u00e4inklinikka Syke aloittanut ymp\u00e4rivuorokautisen ja jokap\u00e4iv\u00e4isen [&hellip;]\" \/>\n<meta property=\"og:url\" content=\"https:\/\/sey.fi\/satakunta\/satakunnan-elainsuojelu\/elainsuojeluilmoitukset\/\" \/>\n<meta property=\"og:site_name\" content=\"Satakunnan el\u00e4insuojeluyhdistys\" \/>\n<meta property=\"article:modified_time\" content=\"2025-11-02T10:59:02+00:00\" \/>\n<meta name=\"twitter:card\" content=\"summary_large_image\" \/>\n<meta name=\"twitter:label1\" content=\"Arvioitu lukuaika\" \/>\n\t<meta name=\"twitter:data1\" content=\"2 minuuttia\" \/>\n<script type=\"application\/ld+json\" class=\"yoast-schema-graph\">{\"@context\":\"https:\/\/schema.org\",\"@graph\":[{\"@type\":\"WebPage\",\"@id\":\"https:\/\/sey.fi\/satakunta\/satakunnan-elainsuojelu\/elainsuojeluilmoitukset\/\",\"url\":\"https:\/\/sey.fi\/satakunta\/satakunnan-elainsuojelu\/elainsuojeluilmoitukset\/\",\"name\":\"El\u00e4insuojeluilmoitukset - Satakunnan el\u00e4insuojeluyhdistys\",\"isPartOf\":{\"@id\":\"https:\/\/sey.fi\/satakunta\/#website\"},\"datePublished\":\"2019-11-18T13:50:28+00:00\",\"dateModified\":\"2025-11-02T10:59:02+00:00\",\"breadcrumb\":{\"@id\":\"https:\/\/sey.fi\/satakunta\/satakunnan-elainsuojelu\/elainsuojeluilmoitukset\/#breadcrumb\"},\"inLanguage\":\"fi\",\"potentialAction\":[{\"@type\":\"ReadAction\",\"target\":[\"https:\/\/sey.fi\/satakunta\/satakunnan-elainsuojelu\/elainsuojeluilmoitukset\/\"]}]},{\"@type\":\"BreadcrumbList\",\"@id\":\"https:\/\/sey.fi\/satakunta\/satakunnan-elainsuojelu\/elainsuojeluilmoitukset\/#breadcrumb\",\"itemListElement\":[{\"@type\":\"ListItem\",\"position\":1,\"name\":\"Home\",\"item\":\"https:\/\/sey.fi\/satakunta\/\"},{\"@type\":\"ListItem\",\"position\":2,\"name\":\"Satakunnan el\u00e4insuojeluyhdistys\",\"item\":\"https:\/\/sey.fi\/satakunta\/\"},{\"@type\":\"ListItem\",\"position\":3,\"name\":\"El\u00e4insuojeluilmoitukset\"}]},{\"@type\":\"WebSite\",\"@id\":\"https:\/\/sey.fi\/satakunta\/#website\",\"url\":\"https:\/\/sey.fi\/satakunta\/\",\"name\":\"Satakunnan el\u00e4insuojeluyhdistys\",\"description\":\"Uusi SEY J\u00e4senyhdistykset -sivusto\",\"potentialAction\":[{\"@type\":\"SearchAction\",\"target\":{\"@type\":\"EntryPoint\",\"urlTemplate\":\"https:\/\/sey.fi\/satakunta\/?s={search_term_string}\"},\"query-input\":{\"@type\":\"PropertyValueSpecification\",\"valueRequired\":true,\"valueName\":\"search_term_string\"}}],\"inLanguage\":\"fi\"}]}<\/script>\n<!-- \/ Yoast SEO plugin. -->","yoast_head_json":{"title":"El\u00e4insuojeluilmoitukset - Satakunnan el\u00e4insuojeluyhdistys","robots":{"index":"index","follow":"follow","max-snippet":"max-snippet:-1","max-image-preview":"max-image-preview:large","max-video-preview":"max-video-preview:-1"},"canonical":"https:\/\/sey.fi\/satakunta\/satakunnan-elainsuojelu\/elainsuojeluilmoitukset\/","og_locale":"fi_FI","og_type":"article","og_title":"El\u00e4insuojeluilmoitukset - Satakunnan el\u00e4insuojeluyhdistys","og_description":"Porin valvontael\u00e4inl\u00e4\u00e4k\u00e4rin Puh: 024 790 1129 klo 10-14&nbsp;arkisin. Numeroon voi vain soittaa, numero toimii vain yll\u00e4mainittuna aikana. Tekstiviestitse emme ota vastaan el\u00e4insuojeluilmoituksia. Toivomme el\u00e4insuojeluilmoitukset teht\u00e4v\u00e4n ensisijaisesti s\u00e4hk\u00f6postitse: elainsuojelu@pori.fi.&nbsp; S\u00e4hk\u00f6postia seurataan useita kertoja p\u00e4iv\u00e4ss\u00e4 arkisin ja sit\u00e4 kautta voi ilmoittaa my\u00f6s kiireelliset asiat. El\u00e4inten hyvinvoinnin valvonta &#8211; Porin kaupunki\u00a0https:\/\/share.google\/c7cYXKeSAJpd86XFm EL\u00c4INL\u00c4\u00c4K\u00c4RIP\u00c4IVYSTYS El\u00e4inklinikka Syke aloittanut ymp\u00e4rivuorokautisen ja jokap\u00e4iv\u00e4isen [&hellip;]","og_url":"https:\/\/sey.fi\/satakunta\/satakunnan-elainsuojelu\/elainsuojeluilmoitukset\/","og_site_name":"Satakunnan el\u00e4insuojeluyhdistys","article_modified_time":"2025-11-02T10:59:02+00:00","twitter_card":"summary_large_image","twitter_misc":{"Arvioitu lukuaika":"2 minuuttia"},"schema":{"@context":"https:\/\/schema.org","@graph":[{"@type":"WebPage","@id":"https:\/\/sey.fi\/satakunta\/satakunnan-elainsuojelu\/elainsuojeluilmoitukset\/","url":"https:\/\/sey.fi\/satakunta\/satakunnan-elainsuojelu\/elainsuojeluilmoitukset\/","name":"El\u00e4insuojeluilmoitukset - Satakunnan el\u00e4insuojeluyhdistys","isPartOf":{"@id":"https:\/\/sey.fi\/satakunta\/#website"},"datePublished":"2019-11-18T13:50:28+00:00","dateModified":"2025-11-02T10:59:02+00:00","breadcrumb":{"@id":"https:\/\/sey.fi\/satakunta\/satakunnan-elainsuojelu\/elainsuojeluilmoitukset\/#breadcrumb"},"inLanguage":"fi","potentialAction":[{"@type":"ReadAction","target":["https:\/\/sey.fi\/satakunta\/satakunnan-elainsuojelu\/elainsuojeluilmoitukset\/"]}]},{"@type":"BreadcrumbList","@id":"https:\/\/sey.fi\/satakunta\/satakunnan-elainsuojelu\/elainsuojeluilmoitukset\/#breadcrumb","itemListElement":[{"@type":"ListItem","position":1,"name":"Home","item":"https:\/\/sey.fi\/satakunta\/"},{"@type":"ListItem","position":2,"name":"Satakunnan el\u00e4insuojeluyhdistys","item":"https:\/\/sey.fi\/satakunta\/"},{"@type":"ListItem","position":3,"name":"El\u00e4insuojeluilmoitukset"}]},{"@type":"WebSite","@id":"https:\/\/sey.fi\/satakunta\/#website","url":"https:\/\/sey.fi\/satakunta\/","name":"Satakunnan el\u00e4insuojeluyhdistys","description":"Uusi SEY J\u00e4senyhdistykset -sivusto","potentialAction":[{"@type":"SearchAction","target":{"@type":"EntryPoint","urlTemplate":"https:\/\/sey.fi\/satakunta\/?s={search_term_string}"},"query-input":{"@type":"PropertyValueSpecification","valueRequired":true,"valueName":"search_term_string"}}],"inLanguage":"fi"}]}},"_links":{"self":[{"href":"https:\/\/sey.fi\/satakunta\/wp-json\/wp\/v2\/pages\/38","targetHints":{"allow":["GET"]}}],"collection":[{"href":"https:\/\/sey.fi\/satakunta\/wp-json\/wp\/v2\/pages"}],"about":[{"href":"https:\/\/sey.fi\/satakunta\/wp-json\/wp\/v2\/types\/page"}],"author":[{"embeddable":true,"href":"https:\/\/sey.fi\/satakunta\/wp-json\/wp\/v2\/users\/8"}],"replies":[{"embeddable":true,"href":"https:\/\/sey.fi\/satakunta\/wp-json\/wp\/v2\/comments?post=38"}],"version-history":[{"count":26,"href":"https:\/\/sey.fi\/satakunta\/wp-json\/wp\/v2\/pages\/38\/revisions"}],"predecessor-version":[{"id":6675,"href":"https:\/\/sey.fi\/satakunta\/wp-json\/wp\/v2\/pages\/38\/revisions\/6675"}],"up":[{"embeddable":true,"href":"https:\/\/sey.fi\/satakunta\/wp-json\/wp\/v2\/pages\/2"}],"wp:attachment":[{"href":"https:\/\/sey.fi\/satakunta\/wp-json\/wp\/v2\/media?parent=38"}],"curies":[{"name":"wp","href":"https:\/\/api.w.org\/{rel}","templated":true}]}}