{"id":4465,"date":"2024-03-19T15:22:07","date_gmt":"2024-03-19T13:22:07","guid":{"rendered":"https:\/\/sey.fi\/satakunta\/?page_id=4465"},"modified":"2025-05-06T23:47:33","modified_gmt":"2025-05-06T20:47:33","slug":"tarvitsemme-uusia-vapaaehtoisia-voitko-sina-auttaa","status":"publish","type":"page","link":"https:\/\/sey.fi\/satakunta\/tarvitsemme-uusia-vapaaehtoisia-voitko-sina-auttaa\/","title":{"rendered":"Tarvitsemme uusia vapaaehtoisia \u2013 Voitko sin\u00e4 auttaa?"},"content":{"rendered":"\n<p><strong>Tarvitsemme uusia vapaaehtoisia \u2013 Voitko sin\u00e4 auttaa?<\/strong><\/p>\n\n\n\n<p>Vapaaehtoisemme mahdollistavat el\u00e4inten auttamisen alueellamme. Mit\u00e4 enemm\u00e4n joukossamme on tekij\u00f6it\u00e4, sit\u00e4 useampaa el\u00e4int\u00e4 voimme auttaa. Tule siis sin\u00e4kin mukaan! Kaikille l\u00f6ytyy sopiva tapa auttaa ja kaikkien apua tarvitaan. Teht\u00e4v\u00e4t ovat erilaisia: osa vaatii enemm\u00e4n ajank\u00e4ytt\u00f6\u00e4, osa v\u00e4hemm\u00e4n. Monia teht\u00e4vi\u00e4 voit hoitaa ainakin osittain kotoa k\u00e4sin.<\/p>\n\n\n\n<p>Teht\u00e4v\u00e4\u00e4n saa perehdytyksen ja tukea \u2013 yksin ei tarvitse j\u00e4\u00e4d\u00e4!<\/p>\n\n\n\n<p><strong>Tarvitsemme apua esimerkiksi:<\/strong><\/p>\n\n\n\n<ul class=\"wp-block-list\">\n<li>Sijaiskoteja kissoille ja koirille<\/li>\n\n\n\n<li>Auttajia ja hoitajia luonnonel\u00e4imille<\/li>\n\n\n\n<li>Apua kissojen loukutukseen sek\u00e4 kissojen hoitoon tiloissamme<\/li>\n\n\n\n<li>Tavaroiden ja el\u00e4inten kuljetusapua<\/li>\n\n\n\n<li>Tavaroiden pesuapua esim. kantolaatikoiden, hiekkalaatikoiden ym.<\/li>\n\n\n\n<li>Raapimapuiden korjausapua<\/li>\n\n\n\n<li>Tapahtumanj\u00e4rjest\u00e4ji\u00e4 ja tapahtumien ty\u00f6ntekij\u00f6it\u00e4<\/li>\n\n\n\n<li>Infop\u00f6yd\u00e4n pit\u00e4ji\u00e4 ja myyntitilaisuuksien j\u00e4rjestelij\u00f6it\u00e4<\/li>\n\n\n\n<li>Ompelutaitoisia ja askartelijoita kannatustuotteiden tekemiseen meid\u00e4n omissa tiloissa<\/li>\n\n\n\n<li>Kampanjoiden ja tapahtumien suunnittelijoita ja osallistujia<\/li>\n\n\n\n<li>Infomateriaalin tekij\u00f6it\u00e4 ja jakajia<\/li>\n\n\n\n<li>Graafisen alan osaajia<\/li>\n\n\n\n<li>Kouluvierailijoita<\/li>\n\n\n\n<li>Apua nuorison aktivoimiseen<\/li>\n\n\n\n<li>Yhteisty\u00f6kumppaneita<\/li>\n\n\n\n<li>Lahjoitustavaroiden ja sponsoreiden hankkijoita<\/li>\n<\/ul>\n\n\n\n<p><strong>Vapaaehtoisena toimiminen vaatii?<\/strong><\/p>\n\n\n\n<p>El\u00e4insuojeluyhdistyksen vapaaehtoiselta odotetaan ennen kaikkea aitoa rakkautta ja kunnioitusta el\u00e4imi\u00e4 kohtaan. Luotettavuus ja sitoutuneisuus ovat t\u00e4rkeit\u00e4, sill\u00e4 vapaaehtoisty\u00f6 perustuu vastuulliseen toimintaan. Hyv\u00e4t yhteisty\u00f6taidot ja tunne\u00e4ly auttavat toimimaan erilaisten ihmisten ja haastavien tilanteiden kanssa.<\/p>\n\n\n\n<p>K\u00e4yt\u00e4nn\u00f6n taidoista hy\u00f6ty\u00e4 on erityisesti el\u00e4inten hoidossa ja mahdollisissa kuljetuksissa, ja monessa teht\u00e4v\u00e4ss\u00e4 my\u00f6s perustaidot tietotekniikasta ovat tarpeen. Rehellisyys ja luottamuksellisuus ovat olennaisia, etenkin kun k\u00e4sitell\u00e4\u00e4n arkaluontoisia asioita. Lis\u00e4ksi halu oppia ja kehitty\u00e4 el\u00e4insuojeluty\u00f6ss\u00e4 ovat t\u00e4rke\u00e4\u00e4!<\/p>\n\n\n\n<ul class=\"wp-block-list\">\n<li><\/li>\n<\/ul>\n\n\n\n<p><strong>Vapaaehtoisena toimiminen antaa?<\/strong><\/p>\n\n\n\n<p>Vapaaehtoisty\u00f6 el\u00e4insuojelun parissa tarjoaa mahdollisuuden tehd\u00e4 merkityksellist\u00e4 ty\u00f6t\u00e4 el\u00e4inten hyv\u00e4ksi. Se tuo iloa siit\u00e4, ett\u00e4 voi konkreettisesti vaikuttaa el\u00e4inten hyvinvointiin ja auttaa el\u00e4mi\u00e4. Samalla oppii uutta el\u00e4inten k\u00e4ytt\u00e4ytymisest\u00e4, hoidosta ja el\u00e4insuojelusta yleisesti.<\/p>\n\n\n\n<p>Toiminta yhdistyksess\u00e4 vahvistaa my\u00f6s yhteis\u00f6llisyytt\u00e4 \u2013 mukaan p\u00e4\u00e4see l\u00e4mpim\u00e4\u00e4n porukkaan, jossa jaetaan sama arvomaailman. Lis\u00e4ksi vapaaehtoisty\u00f6 kehitt\u00e4\u00e4 omia taitoja, kuten vuorovaikutusta ja organisointikyky\u00e4. Monelle se antaa my\u00f6s uudenlaista n\u00e4k\u00f6kulmaa el\u00e4inten ja ihmisten suhteeseen \u2013 ja vahvistaa omaa uskoa siihen, ett\u00e4 pienill\u00e4 teoilla voi olla suuri vaikutus.<\/p>\n\n\n\n<ul class=\"wp-block-list\">\n<li><\/li>\n<\/ul>\n\n\n\n<p><strong>N\u00e4in p\u00e4\u00e4set mukaan:<\/strong><\/p>\n\n\n\n<p class=\"has-medium-font-size\">P\u00e4\u00e4set mukaan l\u00e4hett\u00e4m\u00e4ll\u00e4 viestin osoitteeseen <a href=\"mailto:info.satesy@satesy.fi\">ilmo.satesy@satesy.fi<\/a> tai laittamalla viesti Satakunnan el\u00e4insuojeluyhdistyksen<a href=\"https:\/\/www.facebook.com\/satakunnanesy\"> facebookin messengerin<\/a> tai <a href=\"https:\/\/www.instagram.com\/satakunnan_esy\/\">instagram directin<\/a> kautta. Kerro viestiss\u00e4si itsest\u00e4si sek\u00e4 siit\u00e4, millainen vapaaehtoisty\u00f6 sinua kiinnostaisi.<\/p>\n\n\n\n<p>L\u00e4mpim\u00e4sti tervetuloa mukaan \u2013 odotamme, ett\u00e4 saamme kuulla sinusta!<\/p>\n\n\n\n<p>Yhdistyksess\u00e4mme on mukava joukko ihmisi\u00e4, joita yhdist\u00e4\u00e4 el\u00e4inrakkaus ja halu auttaa el\u00e4imi\u00e4. Toimintaan voi osallistua sen verran mit\u00e4 oma aika sallii. Laita rohkeasti viesti\u00e4 ja kysele ihmeess\u00e4 lis\u00e4\u00e4, vastailemme mielell\u00e4mme. Jokaiselle, jolla on auttamishalua, l\u00f6ytyy varmasti jotain itselle sopivaa tekemist\u00e4. Eniten apua tarvitaan kissoihin liittyviss\u00e4 asioissa, kannatustuotteiden tekemisess\u00e4 ja somejulkaisujen ideoinnissa. Tervetuloa! T\u00e4\u00e4ll\u00e4 Satesyss\u00e4 olemme kuulolla!<\/p>\n\n\n\n<figure class=\"wp-block-image size-large\"><img loading=\"lazy\" decoding=\"async\" width=\"1024\" height=\"512\" src=\"https:\/\/sey.fi\/wp-content\/uploads\/sites\/29\/2024\/03\/kissa-ihminen-tietokone-Ruca-Souza-Pexels-1024x512.jpg\" alt=\"\" class=\"wp-image-4474\" srcset=\"https:\/\/sey.fi\/wp-content\/uploads\/sites\/29\/2024\/03\/kissa-ihminen-tietokone-Ruca-Souza-Pexels-1024x512.jpg 1024w, https:\/\/sey.fi\/wp-content\/uploads\/sites\/29\/2024\/03\/kissa-ihminen-tietokone-Ruca-Souza-Pexels-300x150.jpg 300w, https:\/\/sey.fi\/wp-content\/uploads\/sites\/29\/2024\/03\/kissa-ihminen-tietokone-Ruca-Souza-Pexels-768x384.jpg 768w, https:\/\/sey.fi\/wp-content\/uploads\/sites\/29\/2024\/03\/kissa-ihminen-tietokone-Ruca-Souza-Pexels-640x320.jpg 640w, https:\/\/sey.fi\/wp-content\/uploads\/sites\/29\/2024\/03\/kissa-ihminen-tietokone-Ruca-Souza-Pexels-320x160.jpg 320w, https:\/\/sey.fi\/wp-content\/uploads\/sites\/29\/2024\/03\/kissa-ihminen-tietokone-Ruca-Souza-Pexels.jpg 1280w\" sizes=\"auto, (max-width: 1024px) 100vw, 1024px\" \/><\/figure>\n","protected":false},"excerpt":{"rendered":"<p>Tarvitsemme uusia vapaaehtoisia \u2013 Voitko sin\u00e4 auttaa? Vapaaehtoisemme mahdollistavat el\u00e4inten auttamisen alueellamme. Mit\u00e4 enemm\u00e4n joukossamme on tekij\u00f6it\u00e4, sit\u00e4 useampaa el\u00e4int\u00e4 voimme auttaa. Tule siis sin\u00e4kin mukaan! Kaikille l\u00f6ytyy sopiva tapa auttaa ja kaikkien apua tarvitaan. Teht\u00e4v\u00e4t ovat erilaisia: osa vaatii enemm\u00e4n ajank\u00e4ytt\u00f6\u00e4, osa v\u00e4hemm\u00e4n. Monia teht\u00e4vi\u00e4 voit hoitaa ainakin osittain kotoa k\u00e4sin. Teht\u00e4v\u00e4\u00e4n saa perehdytyksen [&hellip;]<\/p>\n","protected":false},"author":42,"featured_media":4466,"parent":0,"menu_order":0,"comment_status":"closed","ping_status":"closed","template":"","meta":{"_acf_changed":false,"footnotes":""},"class_list":["post-4465","page","type-page","status-publish","has-post-thumbnail","hentry"],"acf":[],"yoast_head":"<!-- This site is optimized with the Yoast SEO plugin v27.1.1 - https:\/\/yoast.com\/product\/yoast-seo-wordpress\/ -->\n<title>Tarvitsemme uusia vapaaehtoisia \u2013 Voitko sin\u00e4 auttaa? - Satakunnan el\u00e4insuojeluyhdistys<\/title>\n<meta name=\"robots\" content=\"index, follow, max-snippet:-1, max-image-preview:large, max-video-preview:-1\" \/>\n<link rel=\"canonical\" href=\"https:\/\/sey.fi\/satakunta\/tarvitsemme-uusia-vapaaehtoisia-voitko-sina-auttaa\/\" \/>\n<meta property=\"og:locale\" content=\"fi_FI\" \/>\n<meta property=\"og:type\" content=\"article\" \/>\n<meta property=\"og:title\" content=\"Tarvitsemme uusia vapaaehtoisia \u2013 Voitko sin\u00e4 auttaa? - Satakunnan el\u00e4insuojeluyhdistys\" \/>\n<meta property=\"og:description\" content=\"Tarvitsemme uusia vapaaehtoisia \u2013 Voitko sin\u00e4 auttaa? Vapaaehtoisemme mahdollistavat el\u00e4inten auttamisen alueellamme. Mit\u00e4 enemm\u00e4n joukossamme on tekij\u00f6it\u00e4, sit\u00e4 useampaa el\u00e4int\u00e4 voimme auttaa. Tule siis sin\u00e4kin mukaan! Kaikille l\u00f6ytyy sopiva tapa auttaa ja kaikkien apua tarvitaan. Teht\u00e4v\u00e4t ovat erilaisia: osa vaatii enemm\u00e4n ajank\u00e4ytt\u00f6\u00e4, osa v\u00e4hemm\u00e4n. Monia teht\u00e4vi\u00e4 voit hoitaa ainakin osittain kotoa k\u00e4sin. Teht\u00e4v\u00e4\u00e4n saa perehdytyksen [&hellip;]\" \/>\n<meta property=\"og:url\" content=\"https:\/\/sey.fi\/satakunta\/tarvitsemme-uusia-vapaaehtoisia-voitko-sina-auttaa\/\" \/>\n<meta property=\"og:site_name\" content=\"Satakunnan el\u00e4insuojeluyhdistys\" \/>\n<meta property=\"article:modified_time\" content=\"2025-05-06T20:47:33+00:00\" \/>\n<meta property=\"og:image\" content=\"https:\/\/sey.fi\/wp-content\/uploads\/sites\/29\/2024\/03\/kissa-ihminen-syli-Nida-Pexels.jpg\" \/>\n\t<meta property=\"og:image:width\" content=\"1280\" \/>\n\t<meta property=\"og:image:height\" content=\"640\" \/>\n\t<meta property=\"og:image:type\" content=\"image\/jpeg\" \/>\n<meta name=\"twitter:card\" content=\"summary_large_image\" \/>\n<meta name=\"twitter:label1\" content=\"Arvioitu lukuaika\" \/>\n\t<meta name=\"twitter:data1\" content=\"3 minuuttia\" \/>\n<script type=\"application\/ld+json\" class=\"yoast-schema-graph\">{\"@context\":\"https:\/\/schema.org\",\"@graph\":[{\"@type\":\"WebPage\",\"@id\":\"https:\/\/sey.fi\/satakunta\/tarvitsemme-uusia-vapaaehtoisia-voitko-sina-auttaa\/\",\"url\":\"https:\/\/sey.fi\/satakunta\/tarvitsemme-uusia-vapaaehtoisia-voitko-sina-auttaa\/\",\"name\":\"Tarvitsemme uusia vapaaehtoisia \u2013 Voitko sin\u00e4 auttaa? - Satakunnan el\u00e4insuojeluyhdistys\",\"isPartOf\":{\"@id\":\"https:\/\/sey.fi\/satakunta\/#website\"},\"primaryImageOfPage\":{\"@id\":\"https:\/\/sey.fi\/satakunta\/tarvitsemme-uusia-vapaaehtoisia-voitko-sina-auttaa\/#primaryimage\"},\"image\":{\"@id\":\"https:\/\/sey.fi\/satakunta\/tarvitsemme-uusia-vapaaehtoisia-voitko-sina-auttaa\/#primaryimage\"},\"thumbnailUrl\":\"https:\/\/sey.fi\/wp-content\/uploads\/sites\/29\/2024\/03\/kissa-ihminen-syli-Nida-Pexels.jpg\",\"datePublished\":\"2024-03-19T13:22:07+00:00\",\"dateModified\":\"2025-05-06T20:47:33+00:00\",\"breadcrumb\":{\"@id\":\"https:\/\/sey.fi\/satakunta\/tarvitsemme-uusia-vapaaehtoisia-voitko-sina-auttaa\/#breadcrumb\"},\"inLanguage\":\"fi\",\"potentialAction\":[{\"@type\":\"ReadAction\",\"target\":[\"https:\/\/sey.fi\/satakunta\/tarvitsemme-uusia-vapaaehtoisia-voitko-sina-auttaa\/\"]}]},{\"@type\":\"ImageObject\",\"inLanguage\":\"fi\",\"@id\":\"https:\/\/sey.fi\/satakunta\/tarvitsemme-uusia-vapaaehtoisia-voitko-sina-auttaa\/#primaryimage\",\"url\":\"https:\/\/sey.fi\/wp-content\/uploads\/sites\/29\/2024\/03\/kissa-ihminen-syli-Nida-Pexels.jpg\",\"contentUrl\":\"https:\/\/sey.fi\/wp-content\/uploads\/sites\/29\/2024\/03\/kissa-ihminen-syli-Nida-Pexels.jpg\",\"width\":1280,\"height\":640,\"caption\":\"kissanpentu ihmisen syliss\u00e4\"},{\"@type\":\"BreadcrumbList\",\"@id\":\"https:\/\/sey.fi\/satakunta\/tarvitsemme-uusia-vapaaehtoisia-voitko-sina-auttaa\/#breadcrumb\",\"itemListElement\":[{\"@type\":\"ListItem\",\"position\":1,\"name\":\"Home\",\"item\":\"https:\/\/sey.fi\/satakunta\/\"},{\"@type\":\"ListItem\",\"position\":2,\"name\":\"Tarvitsemme uusia vapaaehtoisia \u2013 Voitko sin\u00e4 auttaa?\"}]},{\"@type\":\"WebSite\",\"@id\":\"https:\/\/sey.fi\/satakunta\/#website\",\"url\":\"https:\/\/sey.fi\/satakunta\/\",\"name\":\"Satakunnan el\u00e4insuojeluyhdistys\",\"description\":\"Uusi SEY J\u00e4senyhdistykset -sivusto\",\"potentialAction\":[{\"@type\":\"SearchAction\",\"target\":{\"@type\":\"EntryPoint\",\"urlTemplate\":\"https:\/\/sey.fi\/satakunta\/?s={search_term_string}\"},\"query-input\":{\"@type\":\"PropertyValueSpecification\",\"valueRequired\":true,\"valueName\":\"search_term_string\"}}],\"inLanguage\":\"fi\"}]}<\/script>\n<!-- \/ Yoast SEO plugin. -->","yoast_head_json":{"title":"Tarvitsemme uusia vapaaehtoisia \u2013 Voitko sin\u00e4 auttaa? - Satakunnan el\u00e4insuojeluyhdistys","robots":{"index":"index","follow":"follow","max-snippet":"max-snippet:-1","max-image-preview":"max-image-preview:large","max-video-preview":"max-video-preview:-1"},"canonical":"https:\/\/sey.fi\/satakunta\/tarvitsemme-uusia-vapaaehtoisia-voitko-sina-auttaa\/","og_locale":"fi_FI","og_type":"article","og_title":"Tarvitsemme uusia vapaaehtoisia \u2013 Voitko sin\u00e4 auttaa? - Satakunnan el\u00e4insuojeluyhdistys","og_description":"Tarvitsemme uusia vapaaehtoisia \u2013 Voitko sin\u00e4 auttaa? Vapaaehtoisemme mahdollistavat el\u00e4inten auttamisen alueellamme. Mit\u00e4 enemm\u00e4n joukossamme on tekij\u00f6it\u00e4, sit\u00e4 useampaa el\u00e4int\u00e4 voimme auttaa. Tule siis sin\u00e4kin mukaan! Kaikille l\u00f6ytyy sopiva tapa auttaa ja kaikkien apua tarvitaan. Teht\u00e4v\u00e4t ovat erilaisia: osa vaatii enemm\u00e4n ajank\u00e4ytt\u00f6\u00e4, osa v\u00e4hemm\u00e4n. Monia teht\u00e4vi\u00e4 voit hoitaa ainakin osittain kotoa k\u00e4sin. Teht\u00e4v\u00e4\u00e4n saa perehdytyksen [&hellip;]","og_url":"https:\/\/sey.fi\/satakunta\/tarvitsemme-uusia-vapaaehtoisia-voitko-sina-auttaa\/","og_site_name":"Satakunnan el\u00e4insuojeluyhdistys","article_modified_time":"2025-05-06T20:47:33+00:00","og_image":[{"width":1280,"height":640,"url":"https:\/\/sey.fi\/wp-content\/uploads\/sites\/29\/2024\/03\/kissa-ihminen-syli-Nida-Pexels.jpg","type":"image\/jpeg"}],"twitter_card":"summary_large_image","twitter_misc":{"Arvioitu lukuaika":"3 minuuttia"},"schema":{"@context":"https:\/\/schema.org","@graph":[{"@type":"WebPage","@id":"https:\/\/sey.fi\/satakunta\/tarvitsemme-uusia-vapaaehtoisia-voitko-sina-auttaa\/","url":"https:\/\/sey.fi\/satakunta\/tarvitsemme-uusia-vapaaehtoisia-voitko-sina-auttaa\/","name":"Tarvitsemme uusia vapaaehtoisia \u2013 Voitko sin\u00e4 auttaa? - Satakunnan el\u00e4insuojeluyhdistys","isPartOf":{"@id":"https:\/\/sey.fi\/satakunta\/#website"},"primaryImageOfPage":{"@id":"https:\/\/sey.fi\/satakunta\/tarvitsemme-uusia-vapaaehtoisia-voitko-sina-auttaa\/#primaryimage"},"image":{"@id":"https:\/\/sey.fi\/satakunta\/tarvitsemme-uusia-vapaaehtoisia-voitko-sina-auttaa\/#primaryimage"},"thumbnailUrl":"https:\/\/sey.fi\/wp-content\/uploads\/sites\/29\/2024\/03\/kissa-ihminen-syli-Nida-Pexels.jpg","datePublished":"2024-03-19T13:22:07+00:00","dateModified":"2025-05-06T20:47:33+00:00","breadcrumb":{"@id":"https:\/\/sey.fi\/satakunta\/tarvitsemme-uusia-vapaaehtoisia-voitko-sina-auttaa\/#breadcrumb"},"inLanguage":"fi","potentialAction":[{"@type":"ReadAction","target":["https:\/\/sey.fi\/satakunta\/tarvitsemme-uusia-vapaaehtoisia-voitko-sina-auttaa\/"]}]},{"@type":"ImageObject","inLanguage":"fi","@id":"https:\/\/sey.fi\/satakunta\/tarvitsemme-uusia-vapaaehtoisia-voitko-sina-auttaa\/#primaryimage","url":"https:\/\/sey.fi\/wp-content\/uploads\/sites\/29\/2024\/03\/kissa-ihminen-syli-Nida-Pexels.jpg","contentUrl":"https:\/\/sey.fi\/wp-content\/uploads\/sites\/29\/2024\/03\/kissa-ihminen-syli-Nida-Pexels.jpg","width":1280,"height":640,"caption":"kissanpentu ihmisen syliss\u00e4"},{"@type":"BreadcrumbList","@id":"https:\/\/sey.fi\/satakunta\/tarvitsemme-uusia-vapaaehtoisia-voitko-sina-auttaa\/#breadcrumb","itemListElement":[{"@type":"ListItem","position":1,"name":"Home","item":"https:\/\/sey.fi\/satakunta\/"},{"@type":"ListItem","position":2,"name":"Tarvitsemme uusia vapaaehtoisia \u2013 Voitko sin\u00e4 auttaa?"}]},{"@type":"WebSite","@id":"https:\/\/sey.fi\/satakunta\/#website","url":"https:\/\/sey.fi\/satakunta\/","name":"Satakunnan el\u00e4insuojeluyhdistys","description":"Uusi SEY J\u00e4senyhdistykset -sivusto","potentialAction":[{"@type":"SearchAction","target":{"@type":"EntryPoint","urlTemplate":"https:\/\/sey.fi\/satakunta\/?s={search_term_string}"},"query-input":{"@type":"PropertyValueSpecification","valueRequired":true,"valueName":"search_term_string"}}],"inLanguage":"fi"}]}},"_links":{"self":[{"href":"https:\/\/sey.fi\/satakunta\/wp-json\/wp\/v2\/pages\/4465","targetHints":{"allow":["GET"]}}],"collection":[{"href":"https:\/\/sey.fi\/satakunta\/wp-json\/wp\/v2\/pages"}],"about":[{"href":"https:\/\/sey.fi\/satakunta\/wp-json\/wp\/v2\/types\/page"}],"author":[{"embeddable":true,"href":"https:\/\/sey.fi\/satakunta\/wp-json\/wp\/v2\/users\/42"}],"replies":[{"embeddable":true,"href":"https:\/\/sey.fi\/satakunta\/wp-json\/wp\/v2\/comments?post=4465"}],"version-history":[{"count":10,"href":"https:\/\/sey.fi\/satakunta\/wp-json\/wp\/v2\/pages\/4465\/revisions"}],"predecessor-version":[{"id":6309,"href":"https:\/\/sey.fi\/satakunta\/wp-json\/wp\/v2\/pages\/4465\/revisions\/6309"}],"wp:featuredmedia":[{"embeddable":true,"href":"https:\/\/sey.fi\/satakunta\/wp-json\/wp\/v2\/media\/4466"}],"wp:attachment":[{"href":"https:\/\/sey.fi\/satakunta\/wp-json\/wp\/v2\/media?parent=4465"}],"curies":[{"name":"wp","href":"https:\/\/api.w.org\/{rel}","templated":true}]}}