{"id":153,"date":"2020-05-21T19:01:45","date_gmt":"2020-05-21T16:01:45","guid":{"rendered":"https:\/\/sey.fi\/savo\/?page_id=153"},"modified":"2025-09-06T18:28:53","modified_gmt":"2025-09-06T15:28:53","slug":"luonnonvaraisten-elainten-auttaminen","status":"publish","type":"page","link":"https:\/\/sey.fi\/savo\/luonnonvaraisten-elainten-auttaminen\/","title":{"rendered":"Luonnonvaraiset el\u00e4imet"},"content":{"rendered":"\n<figure class=\"wp-block-image size-full\"><img loading=\"lazy\" decoding=\"async\" width=\"1024\" height=\"512\" src=\"https:\/\/sey.fi\/wp-content\/uploads\/sites\/30\/2025\/03\/luonnonvaraisten_elainten_auttaminen_savon_elainsuojelu.png\" alt=\"\" class=\"wp-image-511\" srcset=\"https:\/\/sey.fi\/wp-content\/uploads\/sites\/30\/2025\/03\/luonnonvaraisten_elainten_auttaminen_savon_elainsuojelu.png 1024w, https:\/\/sey.fi\/wp-content\/uploads\/sites\/30\/2025\/03\/luonnonvaraisten_elainten_auttaminen_savon_elainsuojelu-300x150.png 300w, https:\/\/sey.fi\/wp-content\/uploads\/sites\/30\/2025\/03\/luonnonvaraisten_elainten_auttaminen_savon_elainsuojelu-768x384.png 768w, https:\/\/sey.fi\/wp-content\/uploads\/sites\/30\/2025\/03\/luonnonvaraisten_elainten_auttaminen_savon_elainsuojelu-640x320.png 640w, https:\/\/sey.fi\/wp-content\/uploads\/sites\/30\/2025\/03\/luonnonvaraisten_elainten_auttaminen_savon_elainsuojelu-320x160.png 320w\" sizes=\"auto, (max-width: 1024px) 100vw, 1024px\" \/><\/figure>\n\n\n\n<p>El\u00e4insuojelulain mukaan sairasta, vahingoittunutta tai muuten avuttomassa tilassa olevaa luonnonvaraista el\u00e4int\u00e4 tulee auttaa.&nbsp;    <br> <br>Asiantuntijan puoleen kannattaa k\u00e4\u00e4nty\u00e4 aina, jos on ep\u00e4varma kuinka toimia tai jos oma osaaminen ei riit\u00e4 tilanteen arvioimiseen.&nbsp;Jos el\u00e4imen hengiss\u00e4 pit\u00e4minen olisi ilmeist\u00e4 julmuutta, tulee se lopettaa tai huolehtia siit\u00e4, ett\u00e4 se lopetetaan nopeasti ja kivuttomasti.<\/p>\n\n\n\n<h4 class=\"wp-block-heading\">YHTEYSTIEDOT POHJOIS-SAVON alueella<\/h4>\n\n\n\n<p>Pohjois-Savon alueella ota yhteytt\u00e4: <br><strong>El\u00e4insuojeluneuvoja Minna Pellinen <\/strong><br>puh. 040 163 3660 <br><br>Muistathan j\u00e4t\u00e4\u00e4 yhteystietosi, jos Minna ei ehdi vastaamaan. <br> <br>Kuopion alueella luonnonvaraisten suhteen neuvoja antaa my\u00f6s Anne Schroderus, p. 040 514 1651.<\/p>\n\n\n\n<hr class=\"wp-block-separator has-alpha-channel-opacity\" \/>\n\n\n\n<h4 class=\"wp-block-heading\">SINUSTAKO LUONNONVARAISTEN HOITAJA?  <br>Mit\u00e4 luonnonvaraisten el\u00e4inten hoitajilta vaaditaan?<\/h4>\n\n\n\n<p>Luonnonel\u00e4inten kiinniotto, kuljetus, hoito ja kuntoutus on Suomessa k\u00e4yt\u00e4nn\u00f6ss\u00e4 l\u00e4hes kokonaan vapaaehtoisten varassa. Jokainen SEYn el\u00e4insuojeluneuvoja koulutetaan luonnonvaraisten el\u00e4inten perushoitoon.  Lis\u00e4ksi osa SEYn neuvojista on syvent\u00e4nyt tietouttaan ja osaamistaan luonnonel\u00e4imist\u00e4 ja voi ottaa luonnonvaraisia el\u00e4imi\u00e4 hoitoon ja my\u00f6hemmin luontoon vapautettavaksi.<\/p>\n\n\n\n<p>Savon El\u00e4insuojelu haluaa olla osaltaan tukemassa my\u00f6s luonnonvaraisten el\u00e4inten hoitoa. Mik\u00e4li <strong>yhdistyksemme j\u00e4sen<\/strong> osallistuu luonnonvaraisten el\u00e4inten hoitoon, voi yhdistys korvata hoitajalla el\u00e4inten hoidosta aiheutuneita kuluja. Hoitajien ja sellaiseksi aikovien on kuitenkin hyv\u00e4 tiet\u00e4\u00e4, ett\u00e4 luonnonvaraisten el\u00e4inten hoito on luvan varaista ja laissa m\u00e4\u00e4ritelty\u00e4 toimintaa.<\/p>\n\n\n\n<p>Mik\u00e4li sinulla olisi mahdollisuus auttaa luonnonvaraisten el\u00e4inten hoidossa Pohjois-Savon alueella, ota yhteytt\u00e4 SEYn el\u00e4insuojeluneuvoja Minna Pelliseen (puh. 040 163 3660). Minna organisoi alueella luonnonvaraisten auttamista.<\/p>\n\n\n\n<p>Ennen toiminnan aloittamista katso yhdistyksemme ohjeet ja tutustu kulujen korvausperiaatteisiin. Linkki ohjeisiin alla.<\/p>\n\n\n\n<p><strong><a href=\"https:\/\/sey.fi\/wp-content\/uploads\/sites\/30\/2025\/09\/Luva_ohje_0925.pdf\">Savon El\u00e4insuojelu ry:n ohjeet vapaaehtoisille luonnonvaraisten el\u00e4inten hoitajille<\/a><\/strong><br><\/p>\n\n\n\n<hr class=\"wp-block-separator has-alpha-channel-opacity\" \/>\n\n\n\n<h4 class=\"wp-block-heading\">OHJEITA AUTTAMISEEN <br>luonnonvaraisten el\u00e4inten poikaset<\/h4>\n\n\n\n<p>Erityisesti kev\u00e4\u00e4ll\u00e4 ja kes\u00e4ll\u00e4 luonnonvaraisten el\u00e4inten poikaset her\u00e4tt\u00e4v\u00e4t huolta ja auttamisen halua.           <br><br>Jotta turhalta murehtimiselta ja aiheettomilta pelastusyrityksilt\u00e4 s\u00e4\u00e4stytt\u00e4isiin, alle on koottu tiivistetysti asiaa yleisimmist\u00e4 luonnonvaraisista el\u00e4imist\u00e4 ja niiden poikasista.<\/p>\n\n\n\n<p>Jos n\u00e4ist\u00e4 ohjeista huolimatta ep\u00e4ilet el\u00e4imen tarvitsevan apua, etk\u00e4 tied\u00e4 kuinka toimia, ole yhteydess\u00e4 asiantuntevaan tahoon, kuten paikalliseen <a href=\"https:\/\/sey.fi\/savo\/savon-elainsuojelu-2\/elainsuojelu\">el\u00e4insuojeluneuvojaan<\/a>.<\/p>\n\n\n\n<p><strong>Rusakko<\/strong><br>Yksin\u00e4\u00e4n kyhj\u00f6tt\u00e4v\u00e4ll\u00e4, kirkassilm\u00e4isell\u00e4 ja siistiturkkisella rusakonpoikasella ei yleens\u00e4 ole h\u00e4t\u00e4\u00e4. Jos poikanen on vaarallisessa paikassa, voi sen siirt\u00e4\u00e4 maksimissaan 15 metrin p\u00e4\u00e4h\u00e4n, mutta turhaa koskettelua tulee v\u00e4ltt\u00e4\u00e4. Jos l\u00e4hell\u00e4 on kuolleita poikasia, tai kuollut emo, tarvitsee poikanen apua. Rusakonpoikaset siet\u00e4v\u00e4t huonosti stressi\u00e4, joten varmista avuntarve ennen pelastamista.<\/p>\n\n\n\n<p><strong>Orava<\/strong><br>Jos tapaat maassa makaavan oravanpoikasen, j\u00e4\u00e4 seuraamaan tilannetta turvallisen et\u00e4isyyden p\u00e4\u00e4st\u00e4. Opetellessaan kiipeilem\u00e4\u00e4n poikaset voivat tippua puusta, mutta emo noutaa ne takaisin pes\u00e4\u00e4n, jos sit\u00e4 ei h\u00e4irit\u00e4. Vieroitetun poikasen tunnistaa h\u00e4nn\u00e4st\u00e4. Kun h\u00e4nt\u00e4 muistuttaa pulloharjaa, p\u00e4rj\u00e4\u00e4 poikanen omillaan. Jos se taas on lyhytkarvainen suikero, tarvitsee poikanen apua, ellei emo tule paikalle. Jos isompi poikanen kyhj\u00f6tt\u00e4\u00e4 paikallaan viluisen n\u00e4k\u00f6isen\u00e4 voi sekin olla loukkaantunut tai n\u00e4liss\u00e4\u00e4n ja tarvita apua.<\/p>\n\n\n\n<p><strong>Siili<\/strong><br>Siilinpoikaset itsen\u00e4istyv\u00e4t parin kuukauden i\u00e4ss\u00e4. Vieroitettu siili painaa noin 250 grammaa. T\u00e4t\u00e4 pienemm\u00e4t ja huonokuntoiset poikaset kannattaa toimittaa hoitoon. Jos poikasessa n\u00e4kyy korvien tai silmien alueella k\u00e4rp\u00e4senmunia, tarvitsee poikanen apua. Siilej\u00e4 voi ruokkia kes\u00e4n aikana esim. kissanruoalla, mutta maitotuotteita niille ei saa antaa.<\/p>\n\n\n\n<p><strong>Rastaat<\/strong><br>Rastaanpoikaset l\u00e4htev\u00e4t pes\u00e4st\u00e4 pariviikkoisina ja lentokyvytt\u00f6min\u00e4. Emolinnut ruokkivat niit\u00e4 maassa siihen saakka kunnes poikaset oppivat lent\u00e4m\u00e4\u00e4n. Mik\u00e4li poikanen on vaarallisessa paikassa, voi sen siirt\u00e4\u00e4 turvaan muutaman metrin p\u00e4\u00e4h\u00e4n. Emolinnut puolustavat poikasiaan kova\u00e4\u00e4nisesti ja valehy\u00f6kk\u00e4yksi\u00e4 tekem\u00e4ll\u00e4. Niilt\u00e4 voi suojautua sateenvarjon avulla. Jos poikasen l\u00e4hist\u00f6ll\u00e4 on kuolleita poikasia, tai kuollut emo, on hoitoon ottaminen perusteltua.<\/p>\n\n\n\n<p><strong>Lokit<\/strong><br>Lokinpoikaset l\u00e4htev\u00e4t liikkeelle ja tutkivat ymp\u00e4rist\u00f6\u00e4\u00e4n jo ennen kuin oppivat lent\u00e4m\u00e4\u00e4n. Emot ruokkivat poikasiaan vain pari kertaa vuorokaudessa, joten hyv\u00e4kuntoinen, yksin\u00e4inen lokinpoikanen ei ole kummajainen, eik\u00e4 tarvitse apua. Jos poikanen on vaarallisessa paikassa, sen voi siirt\u00e4\u00e4 kauemmas turvaan, kunhan emo n\u00e4kee siirron ja tiet\u00e4\u00e4 miss\u00e4 poikanen on. Lokkiemoihin p\u00e4tee sama kuin rastasemoihin: sateenvarjo on hyv\u00e4 suoja hy\u00f6kk\u00e4yksi\u00e4 vastaan.<\/p>\n\n\n\n<p>(L\u00e4hde: <em>Tuliks tenkkapoo luannost? Luonnonvaraisten el\u00e4inten ensihoito-opas <\/em>\/ Turun El\u00e4insuojeluyhdistys &#8211; \u00c5bo Djurskyddsf\u00f6rening ry)<\/p>\n","protected":false},"excerpt":{"rendered":"<p>El\u00e4insuojelulain mukaan sairasta, vahingoittunutta tai muuten avuttomassa tilassa olevaa luonnonvaraista el\u00e4int\u00e4 tulee auttaa.&nbsp; Asiantuntijan puoleen kannattaa k\u00e4\u00e4nty\u00e4 aina, jos on ep\u00e4varma kuinka toimia tai jos oma osaaminen ei riit\u00e4 tilanteen arvioimiseen.&nbsp;Jos el\u00e4imen hengiss\u00e4 pit\u00e4minen olisi ilmeist\u00e4 julmuutta, tulee se lopettaa tai huolehtia siit\u00e4, ett\u00e4 se lopetetaan nopeasti ja kivuttomasti. YHTEYSTIEDOT POHJOIS-SAVON alueella Pohjois-Savon alueella ota [&hellip;]<\/p>\n","protected":false},"author":27,"featured_media":0,"parent":0,"menu_order":0,"comment_status":"closed","ping_status":"closed","template":"","meta":{"_acf_changed":false,"footnotes":""},"class_list":["post-153","page","type-page","status-publish","hentry"],"acf":[],"yoast_head":"<!-- This site is optimized with the Yoast SEO plugin v27.1.1 - https:\/\/yoast.com\/product\/yoast-seo-wordpress\/ -->\n<title>Luonnonvaraiset el\u00e4imet - Savon El\u00e4insuojelu<\/title>\n<meta name=\"description\" content=\"Luonnonvarainen el\u00e4in pulassa - mit\u00e4 teen? Yhdistyksemme luonnonvaraisten el\u00e4inten hoitaja Minna Pellinen auttaa Pohjois-Savon alueella.\" \/>\n<meta name=\"robots\" content=\"index, follow, max-snippet:-1, max-image-preview:large, max-video-preview:-1\" \/>\n<link rel=\"canonical\" href=\"https:\/\/sey.fi\/savo\/luonnonvaraisten-elainten-auttaminen\/\" \/>\n<meta property=\"og:locale\" content=\"fi_FI\" \/>\n<meta property=\"og:type\" content=\"article\" \/>\n<meta property=\"og:title\" content=\"Luonnonvaraiset el\u00e4imet - Savon El\u00e4insuojelu\" \/>\n<meta property=\"og:description\" content=\"Luonnonvarainen el\u00e4in pulassa - mit\u00e4 teen? Yhdistyksemme luonnonvaraisten el\u00e4inten hoitaja Minna Pellinen auttaa Pohjois-Savon alueella.\" \/>\n<meta property=\"og:url\" content=\"https:\/\/sey.fi\/savo\/luonnonvaraisten-elainten-auttaminen\/\" \/>\n<meta property=\"og:site_name\" content=\"Savon El\u00e4insuojelu\" \/>\n<meta property=\"article:modified_time\" content=\"2025-09-06T15:28:53+00:00\" \/>\n<meta property=\"og:image\" content=\"https:\/\/sey.fi\/wp-content\/uploads\/sites\/30\/2025\/03\/luonnonvaraisten_elainten_auttaminen_savon_elainsuojelu.png\" \/>\n\t<meta property=\"og:image:width\" content=\"1024\" \/>\n\t<meta property=\"og:image:height\" content=\"512\" \/>\n\t<meta property=\"og:image:type\" content=\"image\/png\" \/>\n<meta name=\"twitter:card\" content=\"summary_large_image\" \/>\n<meta name=\"twitter:label1\" content=\"Arvioitu lukuaika\" \/>\n\t<meta name=\"twitter:data1\" content=\"4 minuuttia\" \/>\n<script type=\"application\/ld+json\" class=\"yoast-schema-graph\">{\"@context\":\"https:\/\/schema.org\",\"@graph\":[{\"@type\":\"WebPage\",\"@id\":\"https:\/\/sey.fi\/savo\/luonnonvaraisten-elainten-auttaminen\/\",\"url\":\"https:\/\/sey.fi\/savo\/luonnonvaraisten-elainten-auttaminen\/\",\"name\":\"Luonnonvaraiset el\u00e4imet - Savon El\u00e4insuojelu\",\"isPartOf\":{\"@id\":\"https:\/\/sey.fi\/savo\/#website\"},\"primaryImageOfPage\":{\"@id\":\"https:\/\/sey.fi\/savo\/luonnonvaraisten-elainten-auttaminen\/#primaryimage\"},\"image\":{\"@id\":\"https:\/\/sey.fi\/savo\/luonnonvaraisten-elainten-auttaminen\/#primaryimage\"},\"thumbnailUrl\":\"https:\/\/sey.fi\/wp-content\/uploads\/sites\/30\/2025\/03\/luonnonvaraisten_elainten_auttaminen_savon_elainsuojelu.png\",\"datePublished\":\"2020-05-21T16:01:45+00:00\",\"dateModified\":\"2025-09-06T15:28:53+00:00\",\"description\":\"Luonnonvarainen el\u00e4in pulassa - mit\u00e4 teen? Yhdistyksemme luonnonvaraisten el\u00e4inten hoitaja Minna Pellinen auttaa Pohjois-Savon alueella.\",\"breadcrumb\":{\"@id\":\"https:\/\/sey.fi\/savo\/luonnonvaraisten-elainten-auttaminen\/#breadcrumb\"},\"inLanguage\":\"fi\",\"potentialAction\":[{\"@type\":\"ReadAction\",\"target\":[\"https:\/\/sey.fi\/savo\/luonnonvaraisten-elainten-auttaminen\/\"]}]},{\"@type\":\"ImageObject\",\"inLanguage\":\"fi\",\"@id\":\"https:\/\/sey.fi\/savo\/luonnonvaraisten-elainten-auttaminen\/#primaryimage\",\"url\":\"https:\/\/sey.fi\/wp-content\/uploads\/sites\/30\/2025\/03\/luonnonvaraisten_elainten_auttaminen_savon_elainsuojelu.png\",\"contentUrl\":\"https:\/\/sey.fi\/wp-content\/uploads\/sites\/30\/2025\/03\/luonnonvaraisten_elainten_auttaminen_savon_elainsuojelu.png\"},{\"@type\":\"BreadcrumbList\",\"@id\":\"https:\/\/sey.fi\/savo\/luonnonvaraisten-elainten-auttaminen\/#breadcrumb\",\"itemListElement\":[{\"@type\":\"ListItem\",\"position\":1,\"name\":\"Home\",\"item\":\"https:\/\/sey.fi\/savo\/\"},{\"@type\":\"ListItem\",\"position\":2,\"name\":\"Luonnonvaraiset el\u00e4imet\"}]},{\"@type\":\"WebSite\",\"@id\":\"https:\/\/sey.fi\/savo\/#website\",\"url\":\"https:\/\/sey.fi\/savo\/\",\"name\":\"Savon El\u00e4insuojelu\",\"description\":\"Uusi SEY J\u00e4senyhdistykset -sivusto\",\"potentialAction\":[{\"@type\":\"SearchAction\",\"target\":{\"@type\":\"EntryPoint\",\"urlTemplate\":\"https:\/\/sey.fi\/savo\/?s={search_term_string}\"},\"query-input\":{\"@type\":\"PropertyValueSpecification\",\"valueRequired\":true,\"valueName\":\"search_term_string\"}}],\"inLanguage\":\"fi\"}]}<\/script>\n<!-- \/ Yoast SEO plugin. -->","yoast_head_json":{"title":"Luonnonvaraiset el\u00e4imet - Savon El\u00e4insuojelu","description":"Luonnonvarainen el\u00e4in pulassa - mit\u00e4 teen? Yhdistyksemme luonnonvaraisten el\u00e4inten hoitaja Minna Pellinen auttaa Pohjois-Savon alueella.","robots":{"index":"index","follow":"follow","max-snippet":"max-snippet:-1","max-image-preview":"max-image-preview:large","max-video-preview":"max-video-preview:-1"},"canonical":"https:\/\/sey.fi\/savo\/luonnonvaraisten-elainten-auttaminen\/","og_locale":"fi_FI","og_type":"article","og_title":"Luonnonvaraiset el\u00e4imet - Savon El\u00e4insuojelu","og_description":"Luonnonvarainen el\u00e4in pulassa - mit\u00e4 teen? Yhdistyksemme luonnonvaraisten el\u00e4inten hoitaja Minna Pellinen auttaa Pohjois-Savon alueella.","og_url":"https:\/\/sey.fi\/savo\/luonnonvaraisten-elainten-auttaminen\/","og_site_name":"Savon El\u00e4insuojelu","article_modified_time":"2025-09-06T15:28:53+00:00","og_image":[{"width":1024,"height":512,"url":"https:\/\/sey.fi\/wp-content\/uploads\/sites\/30\/2025\/03\/luonnonvaraisten_elainten_auttaminen_savon_elainsuojelu.png","type":"image\/png"}],"twitter_card":"summary_large_image","twitter_misc":{"Arvioitu lukuaika":"4 minuuttia"},"schema":{"@context":"https:\/\/schema.org","@graph":[{"@type":"WebPage","@id":"https:\/\/sey.fi\/savo\/luonnonvaraisten-elainten-auttaminen\/","url":"https:\/\/sey.fi\/savo\/luonnonvaraisten-elainten-auttaminen\/","name":"Luonnonvaraiset el\u00e4imet - Savon El\u00e4insuojelu","isPartOf":{"@id":"https:\/\/sey.fi\/savo\/#website"},"primaryImageOfPage":{"@id":"https:\/\/sey.fi\/savo\/luonnonvaraisten-elainten-auttaminen\/#primaryimage"},"image":{"@id":"https:\/\/sey.fi\/savo\/luonnonvaraisten-elainten-auttaminen\/#primaryimage"},"thumbnailUrl":"https:\/\/sey.fi\/wp-content\/uploads\/sites\/30\/2025\/03\/luonnonvaraisten_elainten_auttaminen_savon_elainsuojelu.png","datePublished":"2020-05-21T16:01:45+00:00","dateModified":"2025-09-06T15:28:53+00:00","description":"Luonnonvarainen el\u00e4in pulassa - mit\u00e4 teen? Yhdistyksemme luonnonvaraisten el\u00e4inten hoitaja Minna Pellinen auttaa Pohjois-Savon alueella.","breadcrumb":{"@id":"https:\/\/sey.fi\/savo\/luonnonvaraisten-elainten-auttaminen\/#breadcrumb"},"inLanguage":"fi","potentialAction":[{"@type":"ReadAction","target":["https:\/\/sey.fi\/savo\/luonnonvaraisten-elainten-auttaminen\/"]}]},{"@type":"ImageObject","inLanguage":"fi","@id":"https:\/\/sey.fi\/savo\/luonnonvaraisten-elainten-auttaminen\/#primaryimage","url":"https:\/\/sey.fi\/wp-content\/uploads\/sites\/30\/2025\/03\/luonnonvaraisten_elainten_auttaminen_savon_elainsuojelu.png","contentUrl":"https:\/\/sey.fi\/wp-content\/uploads\/sites\/30\/2025\/03\/luonnonvaraisten_elainten_auttaminen_savon_elainsuojelu.png"},{"@type":"BreadcrumbList","@id":"https:\/\/sey.fi\/savo\/luonnonvaraisten-elainten-auttaminen\/#breadcrumb","itemListElement":[{"@type":"ListItem","position":1,"name":"Home","item":"https:\/\/sey.fi\/savo\/"},{"@type":"ListItem","position":2,"name":"Luonnonvaraiset el\u00e4imet"}]},{"@type":"WebSite","@id":"https:\/\/sey.fi\/savo\/#website","url":"https:\/\/sey.fi\/savo\/","name":"Savon El\u00e4insuojelu","description":"Uusi SEY J\u00e4senyhdistykset -sivusto","potentialAction":[{"@type":"SearchAction","target":{"@type":"EntryPoint","urlTemplate":"https:\/\/sey.fi\/savo\/?s={search_term_string}"},"query-input":{"@type":"PropertyValueSpecification","valueRequired":true,"valueName":"search_term_string"}}],"inLanguage":"fi"}]}},"_links":{"self":[{"href":"https:\/\/sey.fi\/savo\/wp-json\/wp\/v2\/pages\/153","targetHints":{"allow":["GET"]}}],"collection":[{"href":"https:\/\/sey.fi\/savo\/wp-json\/wp\/v2\/pages"}],"about":[{"href":"https:\/\/sey.fi\/savo\/wp-json\/wp\/v2\/types\/page"}],"author":[{"embeddable":true,"href":"https:\/\/sey.fi\/savo\/wp-json\/wp\/v2\/users\/27"}],"replies":[{"embeddable":true,"href":"https:\/\/sey.fi\/savo\/wp-json\/wp\/v2\/comments?post=153"}],"version-history":[{"count":21,"href":"https:\/\/sey.fi\/savo\/wp-json\/wp\/v2\/pages\/153\/revisions"}],"predecessor-version":[{"id":812,"href":"https:\/\/sey.fi\/savo\/wp-json\/wp\/v2\/pages\/153\/revisions\/812"}],"wp:attachment":[{"href":"https:\/\/sey.fi\/savo\/wp-json\/wp\/v2\/media?parent=153"}],"curies":[{"name":"wp","href":"https:\/\/api.w.org\/{rel}","templated":true}]}}