{"id":316,"date":"2021-10-11T13:59:51","date_gmt":"2021-10-11T10:59:51","guid":{"rendered":"https:\/\/sey.fi\/savo\/?page_id=316"},"modified":"2025-12-26T14:40:29","modified_gmt":"2025-12-26T12:40:29","slug":"yhdistyksen-saannot","status":"publish","type":"page","link":"https:\/\/sey.fi\/savo\/yhdistyksen-saannot\/","title":{"rendered":"Yhdistyksen s\u00e4\u00e4nn\u00f6t"},"content":{"rendered":"\n<h4 class=\"wp-block-heading\"><strong>Savon El\u00e4insuojelu ry:n s\u00e4\u00e4nn\u00f6t<\/strong><\/h4>\n\n\n\n<ol class=\"wp-block-list\">\n<li><strong>Nimi, kotipaikka ja toiminta-alue<\/strong><br>Yhdistyksen nimi on Savon El\u00e4insuojelu ry ja se kuuluu SEY Suomen El\u00e4insuojelu ry.een, jota n\u00e4iss\u00e4 s\u00e4\u00e4nn\u00f6iss\u00e4 kutsutaan SEYksi. Yhdistyksen kotipaikka on Kuopion kaupunki ja toiminta-alueena Pohjois-Savo lukuun ottamatta niit\u00e4 paikkakuntia, joissa toimii SEYn j\u00e4senyhdistys.  <br><br><\/li>\n\n\n\n<li><strong>Tarkoitus ja toimintamuodot<\/strong><br>Yhdistyksen tarkoituksena on toiminta-alueellaan<br>-edist\u00e4\u00e4 el\u00e4insuojelua<br>-edist\u00e4\u00e4 el\u00e4inten hyvinvointia ja hyv\u00e4\u00e4 kohtelua<br>-pyrki\u00e4 auttamaan kaikkia avun tarpeessa olevia el\u00e4imi\u00e4 mahdollisuuksiensa mukaan <br><br>Tarkoituksensa toteuttamiseksi yhdistys<br>-tekee el\u00e4insuojelua koskevaa valistusty\u00f6t\u00e4 neuvomalla ja opastamalla toimimaan el\u00e4inten hyvinvointia edist\u00e4v\u00e4sti<br>-j\u00e4rjest\u00e4\u00e4 esitelm\u00e4tilaisuuksia, kokouksia ja el\u00e4insuojelup\u00e4ivi\u00e4 sek\u00e4 pyrkii muutenkin edist\u00e4m\u00e4\u00e4n el\u00e4insuojeluaatetta<br>-tuottaa tiedotusmateriaalia el\u00e4insuojeluty\u00f6h\u00f6n<br>-tekee yhteisty\u00f6t\u00e4 muiden el\u00e4insuojeluyhdistysten ja el\u00e4imiin liittyvien yhteis\u00f6jen kanssa <br><br>Toimintansa tukemiseksi yhdistys voi<br>-peri\u00e4 j\u00e4senilt\u00e4\u00e4n j\u00e4senmaksua<br>-ottaa vastaan lahjoituksia, avustuksia ja testamentteja sek\u00e4 hankkia ja omistaa kiinte\u00e4\u00e4 ja irtainta omaisuutta<br>-j\u00e4rjest\u00e4\u00e4 myyj\u00e4isi\u00e4, arpajaisia ja varainker\u00e4yksi\u00e4<br>-myyd\u00e4 kannatustuotteita<br>-myyd\u00e4 el\u00e4imi\u00e4 ja harjoittaa hoitolatoimintaa kuitenkin siten, ettei se muodostu yhdistyksen<br>p\u00e4\u00e4asialliseksi toiminnaksi <br>-harjoittaa kahvila-, ravintola-, kioski-, julkaisu- ja kustannustoimintaa <br><br>Tarvittaessa yhdistys hankkii toimintaansa varten viranomaisten vaatiman, asiaankuuluvan luvan.  <br><br><\/li>\n\n\n\n<li><strong>J\u00e4senet<\/strong><br>Hallitus p\u00e4\u00e4tt\u00e4\u00e4 j\u00e4senten hyv\u00e4ksymisest\u00e4. Yhdistyksen j\u00e4senet ovat joko varsinaisia henkil\u00f6j\u00e4seni\u00e4, nuorisoj\u00e4seni\u00e4 tai kannatusj\u00e4seni\u00e4 sek\u00e4 erikseen kutsuttavia kunniaj\u00e4seni\u00e4 ja kunniapuheenjohtajia.<br> <br>Henkil\u00f6j\u00e4seneksi yhdistyksen hallitus voi hyv\u00e4ksy\u00e4 yksityisen henkil\u00f6n, joka toimii yhdistyksen tarkoitusperien toteuttamiseksi ja sitoutuu noudattamaan yhdistyksen s\u00e4\u00e4nt\u00f6j\u00e4. Henkil\u00f6j\u00e4sen voi olla joko vuosi- tai ainaisj\u00e4sen. Ainaisj\u00e4seneksi p\u00e4\u00e4see yhdistyksen j\u00e4sen suorittamalla kertamaksuna kulloinkin voimassaolevan, syyskokouksen m\u00e4\u00e4r\u00e4\u00e4m\u00e4n vuosij\u00e4senmaksun kymmenkertaisena. Ainaisj\u00e4sen ei maksa vuosij\u00e4senmaksua. Nuorisoj\u00e4sen on henkil\u00f6j\u00e4sen, joka ei ole t\u00e4ytt\u00e4nyt viitt\u00e4toista vuotta. Nuorisoj\u00e4senell\u00e4 ei ole \u00e4\u00e4nivaltaa yhdistyksen kokouksissa. <br><br>Kannatusj\u00e4seneksi voi yhdistyksen hallitus hyv\u00e4ksy\u00e4 yksityisen henkil\u00f6n ja oikeuskelpoisen yhteis\u00f6n. Kunniaj\u00e4seneksi voi yhdistyksen kokous hallituksen esityksest\u00e4 kutsua yhdistyksen hyv\u00e4ksi eritt\u00e4in ansiokkaasti toimineen henkil\u00f6n. Kunniapuheenjohtajaksi voi yhdistyksen kokous hallituksen esityksest\u00e4 kutsua yhdistyst\u00e4 eritt\u00e4in ansiokkaasti johtaneen puheenjohtajan.  <br><br><\/li>\n\n\n\n<li><strong>J\u00e4senmaksut<\/strong><br>Jokainen varsinainen henkil\u00f6j\u00e4sen, nuorisoj\u00e4sen ja kannatusj\u00e4sen suorittaa yhdistykselle j\u00e4senmaksuna sen m\u00e4\u00e4r\u00e4n, jonka yhdistyksen syyskokous seuraavaa kalenterivuotta varten kullekin j\u00e4senelle m\u00e4\u00e4r\u00e4\u00e4. Nuorisoj\u00e4senell\u00e4 on alennettu j\u00e4senmaksu. Kunniaj\u00e4sen ja kunniapuheenjohtaja eiv\u00e4t suorita j\u00e4senmaksua.  <br><br><\/li>\n\n\n\n<li><strong>\u00c4\u00e4nivalta ja p\u00e4\u00e4t\u00f6ksenteko yhdistyksen kokouksissa<\/strong><br>Jokaisella j\u00e4senmaksuvelvoitteensa suorittaneella varsinaisella yhdistyksen j\u00e4senell\u00e4 sek\u00e4 kunniaj\u00e4senell\u00e4 ja kunniapuheenjohtajalla on yhdistyksen kokouksissa yksi \u00e4\u00e4ni. Nuorisoj\u00e4senill\u00e4, kannatusj\u00e4senill\u00e4 ja kokoukseen erikseen kutsutuilla asiantuntijoilla sek\u00e4 SEYn edustajilla on yhdistyksen kokouksissa puhe- ja l\u00e4sn\u00e4olo-oikeus, mutta ei \u00e4\u00e4nioikeutta. <br><br>P\u00e4\u00e4t\u00f6kset tehd\u00e4\u00e4n yksinkertaisella \u00e4\u00e4ntenenemmist\u00f6ll\u00e4, mik\u00e4li ei n\u00e4iss\u00e4 s\u00e4\u00e4nn\u00f6iss\u00e4 toisin m\u00e4\u00e4r\u00e4t\u00e4. \u00c4\u00e4nten menness\u00e4 tasan ratkaisee kokouksen puheenjohtajan \u00e4\u00e4ni, paitsi henkil\u00f6vaaleissa ja muissa lippu\u00e4\u00e4nestyksiss\u00e4 arpa. \u00c4\u00e4nestykset on suoritettava umpilipuin, milloin v\u00e4hint\u00e4\u00e4n kaksi \u00e4\u00e4nivaltaista osanottajaa sit\u00e4 vaatii.   <br><br><\/li>\n\n\n\n<li><strong>Aloiteoikeus<\/strong><br>Oikeus aloitteiden tekemiseen yhdistyksen kokoukselle on yhdistyksen j\u00e4senill\u00e4. Aloitteet on j\u00e4tett\u00e4v\u00e4 yhdistyksen hallitukselle viimeist\u00e4\u00e4n kahta viikkoa ennen kokousta, lukuun ottamatta niit\u00e4 aloitteita, jotka on mainittava kokouskutsussa ja jotka on j\u00e4tett\u00e4v\u00e4 kolme viikkoa ennen kokousta. Hallitus esitt\u00e4\u00e4 tehdyt aloitteet lausunnollaan varustettuina yhdistyksen kokouksen p\u00e4\u00e4tett\u00e4v\u00e4ksi.  <br><br><\/li>\n\n\n\n<li><strong>Yhdistyksen toimielimet<\/strong><br>Yhdistyksen toimielimi\u00e4 ovat yhdistyksen kokoukset ja hallitus. Yhdistyksen p\u00e4\u00e4t\u00e4nt\u00e4valtaa k\u00e4ytt\u00e4\u00e4 yhdistyksen kokous. Toimeenpanovalta on hallituksella.  <br><br><\/li>\n\n\n\n<li><strong>Yhdistyksen kokoukset<\/strong><br>Yhdistyksen on pidett\u00e4v\u00e4 joka vuosi kaksi varsinaista kokousta, kev\u00e4tkokous huhtikuun ja syyskokous marraskuun loppuun menness\u00e4. Ylim\u00e4\u00e4r\u00e4inen yhdistyksen kokous pidet\u00e4\u00e4n, milloin yhdistyksen kokous itse tai hallitus niin p\u00e4\u00e4tt\u00e4\u00e4 tai milloin v\u00e4hint\u00e4\u00e4n kymmenesosa (1\/10) yhdistyksen \u00e4\u00e4nioikeutetuista j\u00e4senist\u00e4 sit\u00e4 kirjallisesti erikseen ilmoitetun asian k\u00e4sittely\u00e4 varten hallitukselta vaatii. Ylim\u00e4\u00e4r\u00e4inen kokous on pidett\u00e4v\u00e4 viimeist\u00e4\u00e4n yhden kuukauden kuluessa siit\u00e4, kun kokousta on asianmukaisesti vaadittu. <br>    <br><\/li>\n\n\n\n<li><strong>Kokouskutsu<\/strong><br>Yhdistyksen kokousten paikan toimialueella ja ajan m\u00e4\u00e4r\u00e4\u00e4 hallitus. Kokous voidaan j\u00e4rjest\u00e4\u00e4 my\u00f6s pelk\u00e4st\u00e4\u00e4n et\u00e4yhteydell\u00e4 hy\u00f6dynt\u00e4en erilaisia tietoteknisi\u00e4 sovelluksia ja v\u00e4lineit\u00e4. Kokouskutsu on v\u00e4hint\u00e4\u00e4n yht\u00e4 viikkoa ennen kokousta julkaistava s\u00e4hk\u00f6isesti yhdistyksen omilla kotisivuilla tai j\u00e4senen yhdistykselle ilmoittamaan s\u00e4hk\u00f6postiosoitteeseen. Kokouskutsu julkaistaan my\u00f6s yhdistyksen sosiaalisen median sivuilla.   <br><br><\/li>\n\n\n\n<li><strong>Yhdistyksen kokousten asiat<\/strong><br><em>Kev\u00e4tkokouksessa<\/em><br>-valitaan kokouksen puheenjohtaja, sihteeri, kaksi p\u00f6yt\u00e4kirjantarkastajaa ja kaksi \u00e4\u00e4ntenlaskijaa<br>-todetaan kokouksen osanottajat, laillisuus ja p\u00e4\u00e4t\u00f6svaltaisuus<br>-vahvistetaan kokouksen ty\u00f6j\u00e4rjestys<br>-k\u00e4sitell\u00e4\u00e4n hallituksen laatima toimintakertomus edelliselt\u00e4 kalenterivuodelta<br>-k\u00e4sitell\u00e4\u00e4n tilinp\u00e4\u00e4t\u00f6s ja toiminnantarkastajan lausunto<br>-vahvistetaan tilinp\u00e4\u00e4t\u00f6s tai p\u00e4\u00e4tet\u00e4\u00e4n niist\u00e4 toimenpiteist\u00e4, joihin se antaa aihetta<br>-p\u00e4\u00e4tet\u00e4\u00e4n vastuuvapauden my\u00f6nt\u00e4misest\u00e4 hallitukselle ja muille tili- ja vastuuvelvollisille<br>-k\u00e4sitell\u00e4\u00e4n aloitteet ja hallituksen niist\u00e4 antamat lausunnot<br>-k\u00e4sitell\u00e4\u00e4n muut kokouskutsussa mainitut asiat sek\u00e4<br>-keskustellaan kokouksessa esille tulleista yhdistyksen asioista.  <br><br><em>Syyskokouksessa<\/em><br>-valitaan kokouksen puheenjohtaja, sihteeri, kaksi p\u00f6yt\u00e4kirjantarkastajaa ja kaksi \u00e4\u00e4ntenlaskijaa<br>-todetaan kokouksen osanottajat, laillisuus ja p\u00e4\u00e4t\u00f6svaltaisuus<br>-vahvistetaan kokouksen ty\u00f6j\u00e4rjestys<br>-k\u00e4sitell\u00e4\u00e4n yhdistyksen toimintasuunnitelma seuraavaksi kalenterivuodeksi<br>-m\u00e4\u00e4r\u00e4t\u00e4\u00e4n henkil\u00f6j\u00e4senten, nuorisoj\u00e4senten ja kannatusj\u00e4senten j\u00e4senmaksujen suuruudet<br>seuraavaksi kalenterivuodeksi<br>-k\u00e4sitell\u00e4\u00e4n seuraavan kalenterivuoden talousarvio<br>-valitaan hallituksen puheenjohtaja ja varapuheenjohtaja, joita kutsutaan yhdistyksen puheenjohtajaksi ja varapuheenjohtajaksi<br>-valitaan hallituksen muut j\u00e4senet erovuoroisten tilalle<br>-valitaan yksi toiminnantarkastaja ja yksi varatoiminnantarkastaja tarkastamaan seuraavan kalenterivuoden tilej\u00e4 ja hallintoa<br>-valitaan yhdistyksen edustaja(t) SEYn kokouksiin SEYn s\u00e4\u00e4nt\u00f6jen edellytt\u00e4m\u00e4ll\u00e4 tavalla tai annetaan hallitukselle valtuudet p\u00e4\u00e4tt\u00e4\u00e4 edustajasta (edustajista)<br>-k\u00e4sitell\u00e4\u00e4n aloitteet ja hallituksen niist\u00e4 antamat lausunnot<br>-k\u00e4sitell\u00e4\u00e4n muut kokouskutsussa mainitut asiat sek\u00e4<br>-keskustellaan kokouksessa esille tulleista yhdistyksen asioista <br><br><em>Ylim\u00e4\u00e4r\u00e4isess\u00e4 kokouksessa<\/em> k\u00e4sitell\u00e4\u00e4n ne asiat, jotka kokouskutsussa on mainittu, sek\u00e4 ne hallituksen esitt\u00e4m\u00e4t asiat, jotka kokous p\u00e4\u00e4tt\u00e4\u00e4 ottaa k\u00e4sitelt\u00e4v\u00e4kseen, mik\u00e4li asiaa ei tarvitse mainita kokouskutsussa.  <br><br><\/li>\n\n\n\n<li><strong>Hallitus<\/strong><br>Yhdistyksen toimintaa johtaa hallitus, johon kuuluvat syyskokouksen valitsema puheenjohtaja ja varapuheenjohtaja sek\u00e4 syyskokouksen kolmeksi vuodeksi kerrallaan valitsemat 6-9 j\u00e4sent\u00e4, joista eroaa ensimm\u00e4isen\u00e4 ja toisena vuonna kolmannes (1\/3) aluksi arvan, sitten vuoron mukaan. Yhdistyksen hallitukseen ehdolla olevan on oltava yhdistyksen j\u00e4sen. <br><br>Hallitus valitsee keskuudestaan tai ottaa sen ulkopuolelta sihteerin, rahastonhoitajan ja muut tarvittavat toimihenkil\u00f6t. Hallitus voi asettaa ty\u00f6ryhmi\u00e4 ja toimikuntia m\u00e4\u00e4r\u00e4ajaksi tai erityist\u00e4 teht\u00e4v\u00e4\u00e4 varten. Hallitus on kutsuttava koolle, milloin puheenjohtaja pit\u00e4\u00e4 sit\u00e4 tarpeellisena tai v\u00e4hint\u00e4\u00e4n puolet (1\/2) hallituksen j\u00e4senist\u00e4 sit\u00e4 vaatii.   <br><br>Hallituksen j\u00e4rjest\u00e4ytymiskokous on pidett\u00e4v\u00e4 viimeist\u00e4\u00e4n kolmen viikon kuluessa kalenterivuoden alusta. <br><br>Hallitus on p\u00e4\u00e4t\u00f6svaltainen, jos kokouksesta on ilmoitettu kaikille sen j\u00e4senille ja kun v\u00e4hint\u00e4\u00e4n puolet sen j\u00e4senist\u00e4 on saapuvilla, puheenjohtaja tai varapuheenjohtaja mukaan luettuna. P\u00e4\u00e4t\u00f6kset tehd\u00e4\u00e4n yksinkertaisella \u00e4\u00e4ntenenemmist\u00f6ll\u00e4. \u00c4\u00e4nten menness\u00e4 tasan ratkaisee puheenjohtajan \u00e4\u00e4ni, paitsi vaaleissa ja lippu\u00e4\u00e4nestyksiss\u00e4 arpa. L\u00e4sn\u00e4olo- ja puheoikeus on SEYn edustajalla, ja hallitus voi my\u00f6nt\u00e4\u00e4 l\u00e4sn\u00e4olo- ja puheoikeuden muillekin henkil\u00f6ille. <br><br>Kokouskutsu on puheenjohtajan toimesta annettava s\u00e4hk\u00f6isesti ja kokous voidaan j\u00e4rjest\u00e4\u00e4 my\u00f6s et\u00e4yhteydell\u00e4 hy\u00f6dynt\u00e4en erilaisia tietoteknisi\u00e4 sovelluksia ja v\u00e4lineit\u00e4. <br><br><\/li>\n\n\n\n<li><strong>Toiminta- ja tilivuosi<\/strong><br>Yhdistyksen toiminta- ja tilivuosi on kalenterivuosi. Hallituksen on j\u00e4tett\u00e4v\u00e4 tilit toiminnantarkastajalle viimeist\u00e4\u00e4n kuukautta ennen s\u00e4\u00e4nt\u00f6m\u00e4\u00e4r\u00e4ist\u00e4 kev\u00e4tkokousta ja toiminnantarkastajan tulee palauttaa ne viimeist\u00e4\u00e4n kahta viikkoa ennen s\u00e4\u00e4nt\u00f6m\u00e4\u00e4r\u00e4ist\u00e4 kev\u00e4tkokousta. <br><br><\/li>\n\n\n\n<li><strong>Nimenkirjoittajat<\/strong><br>Yhdistyksen nimen kirjoittavat puheenjohtaja yksin tai varapuheenjohtaja, sihteeri, rahastonhoitaja tai hallituksen siihen m\u00e4\u00e4r\u00e4\u00e4m\u00e4 henkil\u00f6 kaksi yhdess\u00e4.  <br><br><\/li>\n\n\n\n<li><strong>Eroaminen ja erottaminen<\/strong><br>Jos j\u00e4sen p\u00e4\u00e4tt\u00e4\u00e4 erota yhdistyksest\u00e4, on siit\u00e4 teht\u00e4v\u00e4 ilmoitus kirjallisesti hallitukselle tai sen puheenjohtajalle tai ilmoitettava eroamisesta yhdistyksen kokouksen p\u00f6yt\u00e4kirjaan. Eroavan j\u00e4senen on suoritettava kaikki ne s\u00e4\u00e4nn\u00f6iss\u00e4 m\u00e4\u00e4r\u00e4tyt taloudelliset velvoitteet, jotka h\u00e4nelle kuuluvat sin\u00e4 kalenterivuonna, jona eroaminen tapahtuu, mik\u00e4li hallitus ei h\u00e4nt\u00e4 n\u00e4ist\u00e4 velvoitteista vapauta.<br>Jos yhdistyksen j\u00e4sen ei suorita j\u00e4senmaksuaan tai on muuten j\u00e4tt\u00e4nyt toteuttamatta ne velvoitteet, joihin h\u00e4n on yhdistykseen liittyess\u00e4\u00e4n sitoutunut, tai jos h\u00e4n on toiminut yhdistyst\u00e4 vahingoittavalla tavalla, on hallituksella oikeus erottaa h\u00e4net. <br><br>Erottamisp\u00e4\u00e4t\u00f6ksest\u00e4 j\u00e4senell\u00e4 on oikeus valittaa yhdistyksen kokoukselle kolmenkymmenen (30) vuorokauden kuluessa asiasta tiedon saatuaan. Jos yhdistyksen kokous kuultuaan hallitusta ja erotettua j\u00e4sent\u00e4 sek\u00e4 hankittuaan muut tarpeelliseksi katsomansa selvitykset hyv\u00e4ksyy v\u00e4hint\u00e4\u00e4n kahden kolmasosan (2\/3) \u00e4\u00e4ntenenemmist\u00f6ll\u00e4 erottamisp\u00e4\u00e4t\u00f6ksen, se tulee voimaan heti. <br>      <br><\/li>\n\n\n\n<li><strong>S\u00e4\u00e4nt\u00f6jen muuttaminen<\/strong><br>P\u00e4\u00e4t\u00f6s s\u00e4\u00e4nt\u00f6jen muuttamisesta on teht\u00e4v\u00e4 yhdistyksen kokouksessa v\u00e4hint\u00e4\u00e4n kolme nelj\u00e4sosan (3\/4) enemmist\u00f6ll\u00e4 annetuista \u00e4\u00e4nist\u00e4. Kokouskutsussa on mainittava s\u00e4\u00e4nt\u00f6jen muuttamisesta. S\u00e4\u00e4nt\u00f6jen muuttamisesta on v\u00e4litt\u00f6m\u00e4sti teht\u00e4v\u00e4 ilmoitus patentti- ja rekisterihallituksen yhdistysrekisteriin.  <br><br><\/li>\n\n\n\n<li><strong>Yhdistyksen purkaminen ja lakkauttaminen<\/strong><br>P\u00e4\u00e4t\u00f6s yhdistyksen purkamisesta on teht\u00e4v\u00e4 yhdistyksen kokouksessa v\u00e4hint\u00e4\u00e4n kolme nelj\u00e4sosan (3\/4) enemmist\u00f6ll\u00e4 annetuista \u00e4\u00e4nist\u00e4. Kokouskutsussa on mainittava yhdistyksen purkamisesta.<br>Yhdistyksen purkautuessa sen varat k\u00e4ytet\u00e4\u00e4n yhdistyksen tarkoitusperien edist\u00e4miseen sen toimialueella purkamisesta p\u00e4\u00e4tt\u00e4v\u00e4n viimeisen yhdistyksen kokouksen m\u00e4\u00e4r\u00e4\u00e4m\u00e4ll\u00e4 tavalla.<br>Lakkautettaessa yhdistys sen varat k\u00e4ytet\u00e4\u00e4n samoin kuin yhdistyksen purkautuessa.  <br><br><\/li>\n\n\n\n<li><strong>Saavutetut j\u00e4senoikeudet<\/strong><br>Saavutetut j\u00e4senoikeudet s\u00e4ilyv\u00e4t. <br><\/li>\n<\/ol>\n\n\n\n<p><strong>Savon El\u00e4insuojelu ry<\/strong><\/p>\n\n\n\n<ul class=\"wp-block-list\">\n<li>perustettu 17.3.1988<\/li>\n\n\n\n<li>merkitty yhdistysrekisteriin 13.10.1989 numerolla 151514<\/li>\n\n\n\n<li>4.4.2025 hyv\u00e4ksytty uudistetut s\u00e4\u00e4nn\u00f6t<br><\/li>\n<\/ul>\n\n\n\n<hr class=\"wp-block-separator has-alpha-channel-opacity\" \/>\n\n\n\n<h2 class=\"wp-block-heading\">Savon El\u00e4insuojelun somes\u00e4\u00e4nn\u00f6t<\/h2>\n\n\n\n<ul class=\"wp-block-list\">\n<li>K\u00e4ytt\u00e4ydy kohteliaasti, noudata hyvi\u00e4 k\u00e4yt\u00f6stapoja my\u00f6s somessa<\/li>\n\n\n\n<li>Kommentoi asiallisesti ja positiivisessa hengess\u00e4<\/li>\n\n\n\n<li>Kunnioita toisten mielipiteit\u00e4<\/li>\n\n\n\n<li>Ole asiallinen, vaikka olet eri mielt\u00e4. Perustele mielipiteesi, \u00e4l\u00e4 provosoidu tai provosoi<\/li>\n\n\n\n<li>Asiavirheet voi oikaista, mutta turhiin v\u00e4ittelyihin ei kannata l\u00e4hte\u00e4<\/li>\n\n\n\n<li>Muista my\u00f6s, ett\u00e4 mielipide ei ole sama asia kuin tieto<\/li>\n\n\n\n<li>Mink\u00e4\u00e4nlainen toisten haukkuminen, halventaminen tai mustamaalaaminen ei ole sallittua<br><\/li>\n\n\n\n<li>Sivun yll\u00e4pito poistaa asiattomat kommentit ilman erillist\u00e4 ilmoitusta<\/li>\n\n\n\n<li>Sivun yll\u00e4pito puuttuu tarvittaessa my\u00f6s keskustelujen s\u00e4vyyn, mik\u00e4li tilanne niin vaatii<\/li>\n<\/ul>\n\n\n\n<p><\/p>\n","protected":false},"excerpt":{"rendered":"<p>Savon El\u00e4insuojelu ry:n s\u00e4\u00e4nn\u00f6t Savon El\u00e4insuojelu ry Savon El\u00e4insuojelun somes\u00e4\u00e4nn\u00f6t<\/p>\n","protected":false},"author":27,"featured_media":0,"parent":0,"menu_order":0,"comment_status":"closed","ping_status":"closed","template":"","meta":{"_acf_changed":false,"footnotes":""},"class_list":["post-316","page","type-page","status-publish","hentry"],"acf":[],"yoast_head":"<!-- This site is optimized with the Yoast SEO plugin v27.1.1 - https:\/\/yoast.com\/product\/yoast-seo-wordpress\/ -->\n<title>Yhdistyksen s\u00e4\u00e4nn\u00f6t - Savon El\u00e4insuojelu<\/title>\n<meta name=\"description\" content=\"Savon El\u00e4insuojelu ry:n s\u00e4\u00e4nn\u00f6t l\u00f6ytyv\u00e4t t\u00e4\u00e4lt\u00e4. Yhdistyksen j\u00e4sen hyv\u00e4ksyy liittyess\u00e4\u00e4n s\u00e4\u00e4nn\u00f6t ja sitoutuu noudattamaan niit\u00e4.\" \/>\n<meta name=\"robots\" content=\"index, follow, max-snippet:-1, max-image-preview:large, max-video-preview:-1\" \/>\n<link rel=\"canonical\" href=\"https:\/\/sey.fi\/savo\/yhdistyksen-saannot\/\" \/>\n<meta property=\"og:locale\" content=\"fi_FI\" \/>\n<meta property=\"og:type\" content=\"article\" \/>\n<meta property=\"og:title\" content=\"Yhdistyksen s\u00e4\u00e4nn\u00f6t - Savon El\u00e4insuojelu\" \/>\n<meta property=\"og:description\" content=\"Savon El\u00e4insuojelu ry:n s\u00e4\u00e4nn\u00f6t l\u00f6ytyv\u00e4t t\u00e4\u00e4lt\u00e4. Yhdistyksen j\u00e4sen hyv\u00e4ksyy liittyess\u00e4\u00e4n s\u00e4\u00e4nn\u00f6t ja sitoutuu noudattamaan niit\u00e4.\" \/>\n<meta property=\"og:url\" content=\"https:\/\/sey.fi\/savo\/yhdistyksen-saannot\/\" \/>\n<meta property=\"og:site_name\" content=\"Savon El\u00e4insuojelu\" \/>\n<meta property=\"article:modified_time\" content=\"2025-12-26T12:40:29+00:00\" \/>\n<meta name=\"twitter:card\" content=\"summary_large_image\" \/>\n<meta name=\"twitter:label1\" content=\"Arvioitu lukuaika\" \/>\n\t<meta name=\"twitter:data1\" content=\"8 minuuttia\" \/>\n<script type=\"application\/ld+json\" class=\"yoast-schema-graph\">{\"@context\":\"https:\/\/schema.org\",\"@graph\":[{\"@type\":\"WebPage\",\"@id\":\"https:\/\/sey.fi\/savo\/yhdistyksen-saannot\/\",\"url\":\"https:\/\/sey.fi\/savo\/yhdistyksen-saannot\/\",\"name\":\"Yhdistyksen s\u00e4\u00e4nn\u00f6t - Savon El\u00e4insuojelu\",\"isPartOf\":{\"@id\":\"https:\/\/sey.fi\/savo\/#website\"},\"datePublished\":\"2021-10-11T10:59:51+00:00\",\"dateModified\":\"2025-12-26T12:40:29+00:00\",\"description\":\"Savon El\u00e4insuojelu ry:n s\u00e4\u00e4nn\u00f6t l\u00f6ytyv\u00e4t t\u00e4\u00e4lt\u00e4. Yhdistyksen j\u00e4sen hyv\u00e4ksyy liittyess\u00e4\u00e4n s\u00e4\u00e4nn\u00f6t ja sitoutuu noudattamaan niit\u00e4.\",\"breadcrumb\":{\"@id\":\"https:\/\/sey.fi\/savo\/yhdistyksen-saannot\/#breadcrumb\"},\"inLanguage\":\"fi\",\"potentialAction\":[{\"@type\":\"ReadAction\",\"target\":[\"https:\/\/sey.fi\/savo\/yhdistyksen-saannot\/\"]}]},{\"@type\":\"BreadcrumbList\",\"@id\":\"https:\/\/sey.fi\/savo\/yhdistyksen-saannot\/#breadcrumb\",\"itemListElement\":[{\"@type\":\"ListItem\",\"position\":1,\"name\":\"Home\",\"item\":\"https:\/\/sey.fi\/savo\/\"},{\"@type\":\"ListItem\",\"position\":2,\"name\":\"Yhdistyksen s\u00e4\u00e4nn\u00f6t\"}]},{\"@type\":\"WebSite\",\"@id\":\"https:\/\/sey.fi\/savo\/#website\",\"url\":\"https:\/\/sey.fi\/savo\/\",\"name\":\"Savon El\u00e4insuojelu\",\"description\":\"Uusi SEY J\u00e4senyhdistykset -sivusto\",\"potentialAction\":[{\"@type\":\"SearchAction\",\"target\":{\"@type\":\"EntryPoint\",\"urlTemplate\":\"https:\/\/sey.fi\/savo\/?s={search_term_string}\"},\"query-input\":{\"@type\":\"PropertyValueSpecification\",\"valueRequired\":true,\"valueName\":\"search_term_string\"}}],\"inLanguage\":\"fi\"}]}<\/script>\n<!-- \/ Yoast SEO plugin. -->","yoast_head_json":{"title":"Yhdistyksen s\u00e4\u00e4nn\u00f6t - Savon El\u00e4insuojelu","description":"Savon El\u00e4insuojelu ry:n s\u00e4\u00e4nn\u00f6t l\u00f6ytyv\u00e4t t\u00e4\u00e4lt\u00e4. Yhdistyksen j\u00e4sen hyv\u00e4ksyy liittyess\u00e4\u00e4n s\u00e4\u00e4nn\u00f6t ja sitoutuu noudattamaan niit\u00e4.","robots":{"index":"index","follow":"follow","max-snippet":"max-snippet:-1","max-image-preview":"max-image-preview:large","max-video-preview":"max-video-preview:-1"},"canonical":"https:\/\/sey.fi\/savo\/yhdistyksen-saannot\/","og_locale":"fi_FI","og_type":"article","og_title":"Yhdistyksen s\u00e4\u00e4nn\u00f6t - Savon El\u00e4insuojelu","og_description":"Savon El\u00e4insuojelu ry:n s\u00e4\u00e4nn\u00f6t l\u00f6ytyv\u00e4t t\u00e4\u00e4lt\u00e4. Yhdistyksen j\u00e4sen hyv\u00e4ksyy liittyess\u00e4\u00e4n s\u00e4\u00e4nn\u00f6t ja sitoutuu noudattamaan niit\u00e4.","og_url":"https:\/\/sey.fi\/savo\/yhdistyksen-saannot\/","og_site_name":"Savon El\u00e4insuojelu","article_modified_time":"2025-12-26T12:40:29+00:00","twitter_card":"summary_large_image","twitter_misc":{"Arvioitu lukuaika":"8 minuuttia"},"schema":{"@context":"https:\/\/schema.org","@graph":[{"@type":"WebPage","@id":"https:\/\/sey.fi\/savo\/yhdistyksen-saannot\/","url":"https:\/\/sey.fi\/savo\/yhdistyksen-saannot\/","name":"Yhdistyksen s\u00e4\u00e4nn\u00f6t - Savon El\u00e4insuojelu","isPartOf":{"@id":"https:\/\/sey.fi\/savo\/#website"},"datePublished":"2021-10-11T10:59:51+00:00","dateModified":"2025-12-26T12:40:29+00:00","description":"Savon El\u00e4insuojelu ry:n s\u00e4\u00e4nn\u00f6t l\u00f6ytyv\u00e4t t\u00e4\u00e4lt\u00e4. Yhdistyksen j\u00e4sen hyv\u00e4ksyy liittyess\u00e4\u00e4n s\u00e4\u00e4nn\u00f6t ja sitoutuu noudattamaan niit\u00e4.","breadcrumb":{"@id":"https:\/\/sey.fi\/savo\/yhdistyksen-saannot\/#breadcrumb"},"inLanguage":"fi","potentialAction":[{"@type":"ReadAction","target":["https:\/\/sey.fi\/savo\/yhdistyksen-saannot\/"]}]},{"@type":"BreadcrumbList","@id":"https:\/\/sey.fi\/savo\/yhdistyksen-saannot\/#breadcrumb","itemListElement":[{"@type":"ListItem","position":1,"name":"Home","item":"https:\/\/sey.fi\/savo\/"},{"@type":"ListItem","position":2,"name":"Yhdistyksen s\u00e4\u00e4nn\u00f6t"}]},{"@type":"WebSite","@id":"https:\/\/sey.fi\/savo\/#website","url":"https:\/\/sey.fi\/savo\/","name":"Savon El\u00e4insuojelu","description":"Uusi SEY J\u00e4senyhdistykset -sivusto","potentialAction":[{"@type":"SearchAction","target":{"@type":"EntryPoint","urlTemplate":"https:\/\/sey.fi\/savo\/?s={search_term_string}"},"query-input":{"@type":"PropertyValueSpecification","valueRequired":true,"valueName":"search_term_string"}}],"inLanguage":"fi"}]}},"_links":{"self":[{"href":"https:\/\/sey.fi\/savo\/wp-json\/wp\/v2\/pages\/316","targetHints":{"allow":["GET"]}}],"collection":[{"href":"https:\/\/sey.fi\/savo\/wp-json\/wp\/v2\/pages"}],"about":[{"href":"https:\/\/sey.fi\/savo\/wp-json\/wp\/v2\/types\/page"}],"author":[{"embeddable":true,"href":"https:\/\/sey.fi\/savo\/wp-json\/wp\/v2\/users\/27"}],"replies":[{"embeddable":true,"href":"https:\/\/sey.fi\/savo\/wp-json\/wp\/v2\/comments?post=316"}],"version-history":[{"count":16,"href":"https:\/\/sey.fi\/savo\/wp-json\/wp\/v2\/pages\/316\/revisions"}],"predecessor-version":[{"id":943,"href":"https:\/\/sey.fi\/savo\/wp-json\/wp\/v2\/pages\/316\/revisions\/943"}],"wp:attachment":[{"href":"https:\/\/sey.fi\/savo\/wp-json\/wp\/v2\/media?parent=316"}],"curies":[{"name":"wp","href":"https:\/\/api.w.org\/{rel}","templated":true}]}}