{"id":33,"date":"2019-11-18T16:07:44","date_gmt":"2019-11-18T14:07:44","guid":{"rendered":"http:\/\/srvr10.xetpoint.com\/~seyfi\/savo\/?page_id=33"},"modified":"2026-04-27T15:13:09","modified_gmt":"2026-04-27T12:13:09","slug":"liity-jaseneksi","status":"publish","type":"page","link":"https:\/\/sey.fi\/savo\/savon-elainsuojelu-ry\/savon-elainsuojelu-yhdistysesittely\/liity-jaseneksi\/","title":{"rendered":"J\u00e4senyys"},"content":{"rendered":"\n<figure class=\"wp-block-image size-full\"><img loading=\"lazy\" decoding=\"async\" width=\"1024\" height=\"512\" src=\"https:\/\/sey.fi\/wp-content\/uploads\/sites\/30\/2025\/03\/Liity_jaseneksi_savon_elainsuojelu_ry.png\" alt=\"\" class=\"wp-image-508\" srcset=\"https:\/\/sey.fi\/wp-content\/uploads\/sites\/30\/2025\/03\/Liity_jaseneksi_savon_elainsuojelu_ry.png 1024w, https:\/\/sey.fi\/wp-content\/uploads\/sites\/30\/2025\/03\/Liity_jaseneksi_savon_elainsuojelu_ry-300x150.png 300w, https:\/\/sey.fi\/wp-content\/uploads\/sites\/30\/2025\/03\/Liity_jaseneksi_savon_elainsuojelu_ry-768x384.png 768w, https:\/\/sey.fi\/wp-content\/uploads\/sites\/30\/2025\/03\/Liity_jaseneksi_savon_elainsuojelu_ry-640x320.png 640w, https:\/\/sey.fi\/wp-content\/uploads\/sites\/30\/2025\/03\/Liity_jaseneksi_savon_elainsuojelu_ry-320x160.png 320w\" sizes=\"auto, (max-width: 1024px) 100vw, 1024px\" \/><\/figure>\n\n\n\n<p>Savon El\u00e4insuojelu on Suomen El\u00e4insuojelun (SEY) pohjoissavolainen j\u00e4senyhdistys.   <br> <br>Paikallisyhdistyksen j\u00e4senen\u00e4 sinulla on mahdollisuus toimia juuri sinulle sopivimmalla tavalla. Tarvitsemme innokkaita vapaaehtoisia mm. tapahtumien j\u00e4rjest\u00e4miseen ja varainkeruuseen.        <br> <br>Mik\u00e4li sinulla ei ole mahdollisuutta toimia yhdistysaktiivina, maksamalla j\u00e4senmaksun olet jo mukana tukemassa toimintaamme. Jokainen j\u00e4sen on yhdistyksemme toiminnan kannalta t\u00e4rke\u00e4! Tervetuloa mukaan!<\/p>\n\n\n\n<h4 class=\"wp-block-heading\">J\u00c4SENYYSVAIHTOEHDOT<\/h4>\n\n\n\n<p>Valitse alla olevista j\u00e4senyysvaihtoehtoista sinulle sopivin ja liity!<\/p>\n\n\n\n<p><strong>J\u00e4senmaksut vuonna 202<\/strong>6<br>-Varsinainen j\u00e4sen (aikuisj\u00e4sen) 35 \u20ac \/ vuosi<br>-Nuorisoj\u00e4sen (alle 15-vuotias) 25 \u20ac \/ vuosi <br>-Perhej\u00e4sen (joku muu samassa taloudessa jo j\u00e4senen\u00e4) 25 \u20ac \/vuosi <br>-Kannatusj\u00e4sen 250 \u20ac\/ vuosi<br>-Ainaisj\u00e4sen 350 \u20ac, kertamaksu<br><\/p>\n\n\n\n<h4 class=\"wp-block-heading\">LIITY J\u00c4SENEKSI<\/h4>\n\n\n\n<p>J\u00e4seneksi liittyminen tapahtuu SEYn kautta osoitteessa&nbsp;<a href=\"http:\/\/www.sey.fi\/tue-toimintaa\/jasenyys\"><em>http:\/\/www.sey.fi\/tue-toimintaa\/jasenyys<\/em><\/a><br>-&gt; <strong>Valitse j\u00e4senyhdistyksist\u00e4 Savon El\u00e4insuojelu ry (Kuopio) <\/strong>  <\/p>\n\n\n\n<p>SEY:n j\u00e4senen\u00e4 saat kaksi kertaa vuodessa ilmestyv\u00e4n <em>El\u00e4inten yst\u00e4v\u00e4<\/em> -lehden. Lehdess\u00e4 on tietoa el\u00e4imist\u00e4, el\u00e4insuojelusta sek\u00e4 SEYn toiminnasta.<\/p>\n","protected":false},"excerpt":{"rendered":"<p>Savon El\u00e4insuojelu on Suomen El\u00e4insuojelun (SEY) pohjoissavolainen j\u00e4senyhdistys. Paikallisyhdistyksen j\u00e4senen\u00e4 sinulla on mahdollisuus toimia juuri sinulle sopivimmalla tavalla. Tarvitsemme innokkaita vapaaehtoisia mm. tapahtumien j\u00e4rjest\u00e4miseen ja varainkeruuseen. Mik\u00e4li sinulla ei ole mahdollisuutta toimia yhdistysaktiivina, maksamalla j\u00e4senmaksun olet jo mukana tukemassa toimintaamme. Jokainen j\u00e4sen on yhdistyksemme toiminnan kannalta t\u00e4rke\u00e4! Tervetuloa mukaan! J\u00c4SENYYSVAIHTOEHDOT Valitse alla olevista j\u00e4senyysvaihtoehtoista sinulle [&hellip;]<\/p>\n","protected":false},"author":8,"featured_media":0,"parent":25,"menu_order":0,"comment_status":"closed","ping_status":"closed","template":"","meta":{"_acf_changed":false,"footnotes":""},"class_list":["post-33","page","type-page","status-publish","hentry"],"acf":[],"yoast_head":"<!-- This site is optimized with the Yoast SEO plugin v27.1.1 - https:\/\/yoast.com\/product\/yoast-seo-wordpress\/ -->\n<title>J\u00e4senyys - Savon El\u00e4insuojelu<\/title>\n<meta name=\"description\" content=\"Liittym\u00e4ll\u00e4 Savon El\u00e4insuojelun j\u00e4seneksi tuet paikallista el\u00e4insuojeluty\u00f6t\u00e4. J\u00e4senyys on kannanotto t\u00e4rke\u00e4n asian puolesta.\" \/>\n<meta name=\"robots\" content=\"index, follow, max-snippet:-1, max-image-preview:large, max-video-preview:-1\" \/>\n<link rel=\"canonical\" href=\"https:\/\/sey.fi\/savo\/savon-elainsuojelu-ry\/savon-elainsuojelu-yhdistysesittely\/liity-jaseneksi\/\" \/>\n<meta property=\"og:locale\" content=\"fi_FI\" \/>\n<meta property=\"og:type\" content=\"article\" \/>\n<meta property=\"og:title\" content=\"J\u00e4senyys - Savon El\u00e4insuojelu\" \/>\n<meta property=\"og:description\" content=\"Liittym\u00e4ll\u00e4 Savon El\u00e4insuojelun j\u00e4seneksi tuet paikallista el\u00e4insuojeluty\u00f6t\u00e4. J\u00e4senyys on kannanotto t\u00e4rke\u00e4n asian puolesta.\" \/>\n<meta property=\"og:url\" content=\"https:\/\/sey.fi\/savo\/savon-elainsuojelu-ry\/savon-elainsuojelu-yhdistysesittely\/liity-jaseneksi\/\" \/>\n<meta property=\"og:site_name\" content=\"Savon El\u00e4insuojelu\" \/>\n<meta property=\"article:modified_time\" content=\"2026-04-27T12:13:09+00:00\" \/>\n<meta property=\"og:image\" content=\"https:\/\/sey.fi\/wp-content\/uploads\/sites\/30\/2025\/03\/Liity_jaseneksi_savon_elainsuojelu_ry.png\" \/>\n\t<meta property=\"og:image:width\" content=\"1024\" \/>\n\t<meta property=\"og:image:height\" content=\"512\" \/>\n\t<meta property=\"og:image:type\" content=\"image\/png\" \/>\n<meta name=\"twitter:card\" content=\"summary_large_image\" \/>\n<meta name=\"twitter:label1\" content=\"Arvioitu lukuaika\" \/>\n\t<meta name=\"twitter:data1\" content=\"1 minuutti\" \/>\n<script type=\"application\/ld+json\" class=\"yoast-schema-graph\">{\"@context\":\"https:\/\/schema.org\",\"@graph\":[{\"@type\":\"WebPage\",\"@id\":\"https:\/\/sey.fi\/savo\/savon-elainsuojelu-ry\/savon-elainsuojelu-yhdistysesittely\/liity-jaseneksi\/\",\"url\":\"https:\/\/sey.fi\/savo\/savon-elainsuojelu-ry\/savon-elainsuojelu-yhdistysesittely\/liity-jaseneksi\/\",\"name\":\"J\u00e4senyys - Savon El\u00e4insuojelu\",\"isPartOf\":{\"@id\":\"https:\/\/sey.fi\/savo\/#website\"},\"primaryImageOfPage\":{\"@id\":\"https:\/\/sey.fi\/savo\/savon-elainsuojelu-ry\/savon-elainsuojelu-yhdistysesittely\/liity-jaseneksi\/#primaryimage\"},\"image\":{\"@id\":\"https:\/\/sey.fi\/savo\/savon-elainsuojelu-ry\/savon-elainsuojelu-yhdistysesittely\/liity-jaseneksi\/#primaryimage\"},\"thumbnailUrl\":\"https:\/\/sey.fi\/wp-content\/uploads\/sites\/30\/2025\/03\/Liity_jaseneksi_savon_elainsuojelu_ry.png\",\"datePublished\":\"2019-11-18T14:07:44+00:00\",\"dateModified\":\"2026-04-27T12:13:09+00:00\",\"description\":\"Liittym\u00e4ll\u00e4 Savon El\u00e4insuojelun j\u00e4seneksi tuet paikallista el\u00e4insuojeluty\u00f6t\u00e4. J\u00e4senyys on kannanotto t\u00e4rke\u00e4n asian puolesta.\",\"breadcrumb\":{\"@id\":\"https:\/\/sey.fi\/savo\/savon-elainsuojelu-ry\/savon-elainsuojelu-yhdistysesittely\/liity-jaseneksi\/#breadcrumb\"},\"inLanguage\":\"fi\",\"potentialAction\":[{\"@type\":\"ReadAction\",\"target\":[\"https:\/\/sey.fi\/savo\/savon-elainsuojelu-ry\/savon-elainsuojelu-yhdistysesittely\/liity-jaseneksi\/\"]}]},{\"@type\":\"ImageObject\",\"inLanguage\":\"fi\",\"@id\":\"https:\/\/sey.fi\/savo\/savon-elainsuojelu-ry\/savon-elainsuojelu-yhdistysesittely\/liity-jaseneksi\/#primaryimage\",\"url\":\"https:\/\/sey.fi\/wp-content\/uploads\/sites\/30\/2025\/03\/Liity_jaseneksi_savon_elainsuojelu_ry.png\",\"contentUrl\":\"https:\/\/sey.fi\/wp-content\/uploads\/sites\/30\/2025\/03\/Liity_jaseneksi_savon_elainsuojelu_ry.png\"},{\"@type\":\"BreadcrumbList\",\"@id\":\"https:\/\/sey.fi\/savo\/savon-elainsuojelu-ry\/savon-elainsuojelu-yhdistysesittely\/liity-jaseneksi\/#breadcrumb\",\"itemListElement\":[{\"@type\":\"ListItem\",\"position\":1,\"name\":\"Home\",\"item\":\"https:\/\/sey.fi\/savo\/\"},{\"@type\":\"ListItem\",\"position\":2,\"name\":\"Savon el\u00e4insuojelu\",\"item\":\"https:\/\/sey.fi\/savo\/\"},{\"@type\":\"ListItem\",\"position\":3,\"name\":\"Yhdistys\",\"item\":\"https:\/\/sey.fi\/savo\/savon-elainsuojelu-ry\/savon-elainsuojelu-yhdistysesittely\/\"},{\"@type\":\"ListItem\",\"position\":4,\"name\":\"J\u00e4senyys\"}]},{\"@type\":\"WebSite\",\"@id\":\"https:\/\/sey.fi\/savo\/#website\",\"url\":\"https:\/\/sey.fi\/savo\/\",\"name\":\"Savon El\u00e4insuojelu\",\"description\":\"Uusi SEY J\u00e4senyhdistykset -sivusto\",\"potentialAction\":[{\"@type\":\"SearchAction\",\"target\":{\"@type\":\"EntryPoint\",\"urlTemplate\":\"https:\/\/sey.fi\/savo\/?s={search_term_string}\"},\"query-input\":{\"@type\":\"PropertyValueSpecification\",\"valueRequired\":true,\"valueName\":\"search_term_string\"}}],\"inLanguage\":\"fi\"}]}<\/script>\n<!-- \/ Yoast SEO plugin. -->","yoast_head_json":{"title":"J\u00e4senyys - Savon El\u00e4insuojelu","description":"Liittym\u00e4ll\u00e4 Savon El\u00e4insuojelun j\u00e4seneksi tuet paikallista el\u00e4insuojeluty\u00f6t\u00e4. J\u00e4senyys on kannanotto t\u00e4rke\u00e4n asian puolesta.","robots":{"index":"index","follow":"follow","max-snippet":"max-snippet:-1","max-image-preview":"max-image-preview:large","max-video-preview":"max-video-preview:-1"},"canonical":"https:\/\/sey.fi\/savo\/savon-elainsuojelu-ry\/savon-elainsuojelu-yhdistysesittely\/liity-jaseneksi\/","og_locale":"fi_FI","og_type":"article","og_title":"J\u00e4senyys - Savon El\u00e4insuojelu","og_description":"Liittym\u00e4ll\u00e4 Savon El\u00e4insuojelun j\u00e4seneksi tuet paikallista el\u00e4insuojeluty\u00f6t\u00e4. J\u00e4senyys on kannanotto t\u00e4rke\u00e4n asian puolesta.","og_url":"https:\/\/sey.fi\/savo\/savon-elainsuojelu-ry\/savon-elainsuojelu-yhdistysesittely\/liity-jaseneksi\/","og_site_name":"Savon El\u00e4insuojelu","article_modified_time":"2026-04-27T12:13:09+00:00","og_image":[{"width":1024,"height":512,"url":"https:\/\/sey.fi\/wp-content\/uploads\/sites\/30\/2025\/03\/Liity_jaseneksi_savon_elainsuojelu_ry.png","type":"image\/png"}],"twitter_card":"summary_large_image","twitter_misc":{"Arvioitu lukuaika":"1 minuutti"},"schema":{"@context":"https:\/\/schema.org","@graph":[{"@type":"WebPage","@id":"https:\/\/sey.fi\/savo\/savon-elainsuojelu-ry\/savon-elainsuojelu-yhdistysesittely\/liity-jaseneksi\/","url":"https:\/\/sey.fi\/savo\/savon-elainsuojelu-ry\/savon-elainsuojelu-yhdistysesittely\/liity-jaseneksi\/","name":"J\u00e4senyys - Savon El\u00e4insuojelu","isPartOf":{"@id":"https:\/\/sey.fi\/savo\/#website"},"primaryImageOfPage":{"@id":"https:\/\/sey.fi\/savo\/savon-elainsuojelu-ry\/savon-elainsuojelu-yhdistysesittely\/liity-jaseneksi\/#primaryimage"},"image":{"@id":"https:\/\/sey.fi\/savo\/savon-elainsuojelu-ry\/savon-elainsuojelu-yhdistysesittely\/liity-jaseneksi\/#primaryimage"},"thumbnailUrl":"https:\/\/sey.fi\/wp-content\/uploads\/sites\/30\/2025\/03\/Liity_jaseneksi_savon_elainsuojelu_ry.png","datePublished":"2019-11-18T14:07:44+00:00","dateModified":"2026-04-27T12:13:09+00:00","description":"Liittym\u00e4ll\u00e4 Savon El\u00e4insuojelun j\u00e4seneksi tuet paikallista el\u00e4insuojeluty\u00f6t\u00e4. J\u00e4senyys on kannanotto t\u00e4rke\u00e4n asian puolesta.","breadcrumb":{"@id":"https:\/\/sey.fi\/savo\/savon-elainsuojelu-ry\/savon-elainsuojelu-yhdistysesittely\/liity-jaseneksi\/#breadcrumb"},"inLanguage":"fi","potentialAction":[{"@type":"ReadAction","target":["https:\/\/sey.fi\/savo\/savon-elainsuojelu-ry\/savon-elainsuojelu-yhdistysesittely\/liity-jaseneksi\/"]}]},{"@type":"ImageObject","inLanguage":"fi","@id":"https:\/\/sey.fi\/savo\/savon-elainsuojelu-ry\/savon-elainsuojelu-yhdistysesittely\/liity-jaseneksi\/#primaryimage","url":"https:\/\/sey.fi\/wp-content\/uploads\/sites\/30\/2025\/03\/Liity_jaseneksi_savon_elainsuojelu_ry.png","contentUrl":"https:\/\/sey.fi\/wp-content\/uploads\/sites\/30\/2025\/03\/Liity_jaseneksi_savon_elainsuojelu_ry.png"},{"@type":"BreadcrumbList","@id":"https:\/\/sey.fi\/savo\/savon-elainsuojelu-ry\/savon-elainsuojelu-yhdistysesittely\/liity-jaseneksi\/#breadcrumb","itemListElement":[{"@type":"ListItem","position":1,"name":"Home","item":"https:\/\/sey.fi\/savo\/"},{"@type":"ListItem","position":2,"name":"Savon el\u00e4insuojelu","item":"https:\/\/sey.fi\/savo\/"},{"@type":"ListItem","position":3,"name":"Yhdistys","item":"https:\/\/sey.fi\/savo\/savon-elainsuojelu-ry\/savon-elainsuojelu-yhdistysesittely\/"},{"@type":"ListItem","position":4,"name":"J\u00e4senyys"}]},{"@type":"WebSite","@id":"https:\/\/sey.fi\/savo\/#website","url":"https:\/\/sey.fi\/savo\/","name":"Savon El\u00e4insuojelu","description":"Uusi SEY J\u00e4senyhdistykset -sivusto","potentialAction":[{"@type":"SearchAction","target":{"@type":"EntryPoint","urlTemplate":"https:\/\/sey.fi\/savo\/?s={search_term_string}"},"query-input":{"@type":"PropertyValueSpecification","valueRequired":true,"valueName":"search_term_string"}}],"inLanguage":"fi"}]}},"_links":{"self":[{"href":"https:\/\/sey.fi\/savo\/wp-json\/wp\/v2\/pages\/33","targetHints":{"allow":["GET"]}}],"collection":[{"href":"https:\/\/sey.fi\/savo\/wp-json\/wp\/v2\/pages"}],"about":[{"href":"https:\/\/sey.fi\/savo\/wp-json\/wp\/v2\/types\/page"}],"author":[{"embeddable":true,"href":"https:\/\/sey.fi\/savo\/wp-json\/wp\/v2\/users\/8"}],"replies":[{"embeddable":true,"href":"https:\/\/sey.fi\/savo\/wp-json\/wp\/v2\/comments?post=33"}],"version-history":[{"count":19,"href":"https:\/\/sey.fi\/savo\/wp-json\/wp\/v2\/pages\/33\/revisions"}],"predecessor-version":[{"id":1020,"href":"https:\/\/sey.fi\/savo\/wp-json\/wp\/v2\/pages\/33\/revisions\/1020"}],"up":[{"embeddable":true,"href":"https:\/\/sey.fi\/savo\/wp-json\/wp\/v2\/pages\/25"}],"wp:attachment":[{"href":"https:\/\/sey.fi\/savo\/wp-json\/wp\/v2\/media?parent=33"}],"curies":[{"name":"wp","href":"https:\/\/api.w.org\/{rel}","templated":true}]}}