{"id":37,"date":"2019-11-18T16:09:18","date_gmt":"2019-11-18T14:09:18","guid":{"rendered":"http:\/\/srvr10.xetpoint.com\/~seyfi\/savo\/?page_id=37"},"modified":"2025-05-13T20:16:47","modified_gmt":"2025-05-13T17:16:47","slug":"elainsuojelu","status":"publish","type":"page","link":"https:\/\/sey.fi\/savo\/savon-elainsuojelu-ry\/elainsuojelu\/","title":{"rendered":"El\u00e4insuojelu"},"content":{"rendered":"\n<figure class=\"wp-block-image size-full\"><img loading=\"lazy\" decoding=\"async\" width=\"1024\" height=\"512\" src=\"https:\/\/sey.fi\/wp-content\/uploads\/sites\/30\/2025\/03\/elaisuojelu_savon_elainsuojelu_ry.png\" alt=\"\" class=\"wp-image-516\" srcset=\"https:\/\/sey.fi\/wp-content\/uploads\/sites\/30\/2025\/03\/elaisuojelu_savon_elainsuojelu_ry.png 1024w, https:\/\/sey.fi\/wp-content\/uploads\/sites\/30\/2025\/03\/elaisuojelu_savon_elainsuojelu_ry-300x150.png 300w, https:\/\/sey.fi\/wp-content\/uploads\/sites\/30\/2025\/03\/elaisuojelu_savon_elainsuojelu_ry-768x384.png 768w, https:\/\/sey.fi\/wp-content\/uploads\/sites\/30\/2025\/03\/elaisuojelu_savon_elainsuojelu_ry-640x320.png 640w, https:\/\/sey.fi\/wp-content\/uploads\/sites\/30\/2025\/03\/elaisuojelu_savon_elainsuojelu_ry-320x160.png 320w\" sizes=\"auto, (max-width: 1024px) 100vw, 1024px\" \/><\/figure>\n\n\n\n<p>Jos ep\u00e4ilet, ett\u00e4 el\u00e4int\u00e4 on kohdeltu kaltoin, ilmoita siit\u00e4 kunnanel\u00e4inl\u00e4\u00e4k\u00e4rille, kunnan terveydensuojeluvalvontaa hoitavalle viranhaltijalle tai poliisille.     <br> <br>El\u00e4imi\u00e4 on suojeltava parhaalla mahdollisella tavalla k\u00e4rsimykselt\u00e4, kivulta ja tuskalta ja el\u00e4inten hyvinvointia ja hyv\u00e4\u00e4 kohtelua on edistett\u00e4v\u00e4. El\u00e4insuojelulaki s\u00e4\u00e4t\u00e4\u00e4 muun muassa el\u00e4imen pitopaikasta, ravinnosta, hoivasta, kohtelusta ja jalostuksesta.<\/p>\n\n\n\n<h4 class=\"wp-block-heading\">EL\u00c4INSUOJELUVIRANOMAISET<\/h4>\n\n\n\n<p>Suomessa el\u00e4insuojeluvalvonnasta vastaavat kunta sek\u00e4 valtion el\u00e4insuojeluviranomaiset. El\u00e4insuojeluviranomaisia ovat muun muassa kaupungin- ja kunnanel\u00e4inl\u00e4\u00e4k\u00e4rit,&nbsp;valvontael\u00e4inl\u00e4\u00e4k\u00e4rit, terveystarkastajat ja poliisi. <br> <br><strong>Kiireellisessa tapauksessa<\/strong> saat poliisin yhteyden soittamalla h\u00e4t\u00e4numeroon 112.<\/p>\n\n\n\n<hr class=\"wp-block-separator has-alpha-channel-opacity\" \/>\n\n\n\n<h4 class=\"wp-block-heading\">EL\u00c4INSUOJELUNEUVOJAT<br><\/h4>\n\n\n\n<p>SEYn kouluttamat vapaaehtoiset el\u00e4insuojeluneuvojat auttavat el\u00e4intenpitoon liittyviss\u00e4 ongelmissa. Heille voi tehd\u00e4 my\u00f6s ilmoituksen, mik\u00e4li ep\u00e4ilee el\u00e4imen huonoa kohtelua. <\/p>\n\n\n\n<h4 class=\"wp-block-heading\">SEYn el\u00e4insuojeluneuvojat Pohjois-Savossa:<\/h4>\n\n\n\n<p><strong>Minna Pellinen <\/strong><br>(Kuopio, Siilinj\u00e4rvi, Lapinlahti, Kaavi, Tuusniemi, Pielavesi, Keitele, Vesanto, Tervo)<br>puh. 040 163 3660 <strong><br><\/strong><em>minna.pellinen@sey.fi&nbsp;<\/em> <br><br><strong>Marja Cederberg <\/strong><br>(Iisalmi, Kiuruvesi, Sonkaj\u00e4rvi, Vierem\u00e4)<br>puh. 044 237 6439 <strong><br><\/strong><br><strong>Henna Simonen<\/strong><br>(Lepp\u00e4virta, Varkaus, Hein\u00e4vesi, Joroinen)<br>puh. 044 518 2506 (ark. klo 8 &#8211; 16)<strong><br><\/strong><em>henna.simonen@sey.fi<\/em><\/p>\n\n\n\n<p>Neuvojatoiminta on keskeinen keino puuttua jo ilmenneisiin ongelmiin el\u00e4inten pidossa, mutta ennen kaikkea se on t\u00e4rke\u00e4\u00e4 ennaltaehk\u00e4isev\u00e4\u00e4 el\u00e4insuojeluty\u00f6t\u00e4.<\/p>\n\n\n\n<hr class=\"wp-block-separator has-css-opacity is-style-default\" \/>\n\n\n\n<h4 class=\"wp-block-heading\">S\u00c4HK\u00d6INEN EL\u00c4INSUOJELUILMOITUS<br><\/h4>\n\n\n\n<p>Linkit s\u00e4hk\u00f6isen el\u00e4insuojeluilmoituksen tekemiseen l\u00f6yd\u00e4t alta. <br>      <br>Huomioithan, ett\u00e4 n\u00e4it\u00e4 <strong>valvontael\u00e4inl\u00e4\u00e4k\u00e4rit EIV\u00c4T HOIDA:<\/strong> <br>&#8211; J\u00e4rjestysongelmat,\u00a0kuten naapurustoa h\u00e4iritsev\u00e4 koirien haukkuminen, vapaana kulkeva el\u00e4in tai muu vastaava ymp\u00e4rist\u00f6lle haittaa aiheuttavat asia <br>&#8211; Irrallaan kulkevan tai aggressiivisen el\u00e4imen toisille el\u00e4imille tai ihmisille aiheuttamat haitat <br>&#8211; El\u00e4inten ostoon ja myyntiin liittyv\u00e4t kiistat <br>&#8211; El\u00e4inten v\u00e4kivaltainen kohtelu <br> <br>Edell\u00e4 mainituista tilanteista lis\u00e4ohjeita l\u00f6ytyy alla olevan linkin kautta.<br><br><strong>SIILINJ\u00c4RVEN YMP\u00c4RIST\u00d6TERVEYSPALVELUIDEN alueella<\/strong>:\u00a0Siilinj\u00e4rvi, Kuopio (sis. Karttula, Vehmersalmi, Maaninka, Nilsi\u00e4, Juankoski), Lapinlahti, Rautavaara, Kaavi ja Tuusniemi ilmoitus tehd\u00e4\u00e4n Siilinj\u00e4rven kunnan sivuilta l\u00f6ytyv\u00e4ll\u00e4 lomakkeella (skrollaa sivun alareunaan):<\/p>\n\n\n\n<p><a href=\"https:\/\/siilinjarvi.fi\/asuminen-ja-ymparisto\/ymparistoterveys\/elainlaakintahuolto\/elainten-hyvinvoinnin-valvonta\/\">https:\/\/siilinjarvi.fi\/asuminen-ja-ymparisto\/ymparistoterveys\/elainlaakintahuolto\/elainten-hyvinvoinnin-valvonta\/<\/a><br> <br><strong>Huom! Lomakkeella teht\u00e4v\u00e4t el\u00e4insuojeluilmoitukset k\u00e4sitell\u00e4\u00e4n virka-aikaan. Virka-ajan ulkopuolella, kiireellisess\u00e4 el\u00e4insuojelutapauksessa, otathan yhteytt\u00e4 p\u00e4ivyst\u00e4v\u00e4\u00e4n kunnanel\u00e4inl\u00e4\u00e4k\u00e4riin tai poliisiin.<\/strong><\/p>\n\n\n\n<hr class=\"wp-block-separator has-css-opacity is-style-default\" \/>\n\n\n\n<p>Alueella <strong>Iisalmi, Kiuruvesi, Sonkaj\u00e4rvi ja Vierem\u00e4<\/strong>, katso ohjeet oheisen linkin kautta <a href=\"https:\/\/iisalmi.fi\/asuminen-ja-ymparisto\/ymparisto-ja-elaimet\/elaimet\/elaintensuojelu\/\">https:\/\/iisalmi.fi\/asuminen-ja-ymparisto\/ymparisto-ja-elaimet\/elaimet\/elaintensuojelu\/<\/a><\/p>\n\n\n\n<hr class=\"wp-block-separator has-css-opacity is-style-default\" \/>\n\n\n\n<p>Muualla Suomessa el\u00e4insuojeluimoituksen tekemisest\u00e4 l\u00f6ytyy lis\u00e4tietoa SEYn sivuilta <br><em><a href=\"https:\/\/sey.fi\/elain-hadassa\/tee-elainsuojeluilmoitus\">https:\/\/sey.fi\/elain-hadassa\/tee-elainsuojeluilmoitus<\/a><\/em><\/p>\n\n\n\n<hr class=\"wp-block-separator has-css-opacity is-style-default\" \/>\n\n\n\n<h4 class=\"wp-block-heading\">VALVONTAEL\u00c4INL\u00c4\u00c4K\u00c4RIT<\/h4>\n\n\n\n<p><em>(tarkistathan yhteystietojen ajantasaisuuden esim. oman kuntasi verkkosivuilta) <\/em><\/p>\n\n\n\n<p>Kuopio, Lapinlahti, Rautavaara, Siilinj\u00e4rvi, Tuusniemi ja Kaavi:<br>puh. <strong>044 740 1486<\/strong><br><em>valvontaelainlaakari@siilinjarvi.fi<\/em><\/p>\n\n\n\n<p><br>Tervo, Vesanto, Keitele, Pielavesi, Rautalampi ja Suonenjoki:<br><strong>Valvontael\u00e4inl\u00e4\u00e4k\u00e4ri virkavapaalla &#8211; ole yhteydess\u00e4 kunnanel\u00e4inl\u00e4\u00e4k\u00e4riin, jonka yhteystiedot l\u00f6yd\u00e4t <a href=\"https:\/\/www.tervo.fi\/elainlaakinta\" target=\"_blank\" rel=\"noreferrer noopener\">t\u00e4lt\u00e4 sivulta.<\/a><\/strong><\/p>\n\n\n\n<p><br>Iisalmi, Kiuruvesi, Sonkaj\u00e4rvi ja Vierem\u00e4:<br><strong>040 712 6720<\/strong> ja <strong>040 627 6716<\/strong><br><em>elainlaakinta@ylasavonsote.fi<\/em><\/p>\n","protected":false},"excerpt":{"rendered":"<p>Jos ep\u00e4ilet, ett\u00e4 el\u00e4int\u00e4 on kohdeltu kaltoin, ilmoita siit\u00e4 kunnanel\u00e4inl\u00e4\u00e4k\u00e4rille, kunnan terveydensuojeluvalvontaa hoitavalle viranhaltijalle tai poliisille. El\u00e4imi\u00e4 on suojeltava parhaalla mahdollisella tavalla k\u00e4rsimykselt\u00e4, kivulta ja tuskalta ja el\u00e4inten hyvinvointia ja hyv\u00e4\u00e4 kohtelua on edistett\u00e4v\u00e4. El\u00e4insuojelulaki s\u00e4\u00e4t\u00e4\u00e4 muun muassa el\u00e4imen pitopaikasta, ravinnosta, hoivasta, kohtelusta ja jalostuksesta. EL\u00c4INSUOJELUVIRANOMAISET Suomessa el\u00e4insuojeluvalvonnasta vastaavat kunta sek\u00e4 valtion el\u00e4insuojeluviranomaiset. El\u00e4insuojeluviranomaisia ovat [&hellip;]<\/p>\n","protected":false},"author":8,"featured_media":0,"parent":2,"menu_order":0,"comment_status":"closed","ping_status":"closed","template":"","meta":{"_acf_changed":false,"footnotes":""},"class_list":["post-37","page","type-page","status-publish","hentry"],"acf":[],"yoast_head":"<!-- This site is optimized with the Yoast SEO plugin v27.1.1 - https:\/\/yoast.com\/product\/yoast-seo-wordpress\/ -->\n<title>El\u00e4insuojelu - Savon El\u00e4insuojelu<\/title>\n<meta name=\"description\" content=\"Jos ep\u00e4ilet, ett\u00e4 el\u00e4int\u00e4 kohdellaan kaltoin, tee asiasta el\u00e4insuojeluilmoitus. Apua el\u00e4intenpitoon liittyviss\u00e4 ongelmissa saa vapaaehtoisilta el\u00e4insuojeluneuvojilta.\" \/>\n<meta name=\"robots\" content=\"index, follow, max-snippet:-1, max-image-preview:large, max-video-preview:-1\" \/>\n<link rel=\"canonical\" href=\"https:\/\/sey.fi\/savo\/savon-elainsuojelu-ry\/elainsuojelu\/\" \/>\n<meta property=\"og:locale\" content=\"fi_FI\" \/>\n<meta property=\"og:type\" content=\"article\" \/>\n<meta property=\"og:title\" content=\"El\u00e4insuojelu - Savon El\u00e4insuojelu\" \/>\n<meta property=\"og:description\" content=\"Jos ep\u00e4ilet, ett\u00e4 el\u00e4int\u00e4 kohdellaan kaltoin, tee asiasta el\u00e4insuojeluilmoitus. Apua el\u00e4intenpitoon liittyviss\u00e4 ongelmissa saa vapaaehtoisilta el\u00e4insuojeluneuvojilta.\" \/>\n<meta property=\"og:url\" content=\"https:\/\/sey.fi\/savo\/savon-elainsuojelu-ry\/elainsuojelu\/\" \/>\n<meta property=\"og:site_name\" content=\"Savon El\u00e4insuojelu\" \/>\n<meta property=\"article:modified_time\" content=\"2025-05-13T17:16:47+00:00\" \/>\n<meta property=\"og:image\" content=\"https:\/\/sey.fi\/wp-content\/uploads\/sites\/30\/2025\/03\/elaisuojelu_savon_elainsuojelu_ry.png\" \/>\n\t<meta property=\"og:image:width\" content=\"1024\" \/>\n\t<meta property=\"og:image:height\" content=\"512\" \/>\n\t<meta property=\"og:image:type\" content=\"image\/png\" \/>\n<meta name=\"twitter:card\" content=\"summary_large_image\" \/>\n<meta name=\"twitter:label1\" content=\"Arvioitu lukuaika\" \/>\n\t<meta name=\"twitter:data1\" content=\"3 minuuttia\" \/>\n<script type=\"application\/ld+json\" class=\"yoast-schema-graph\">{\"@context\":\"https:\/\/schema.org\",\"@graph\":[{\"@type\":\"WebPage\",\"@id\":\"https:\/\/sey.fi\/savo\/savon-elainsuojelu-ry\/elainsuojelu\/\",\"url\":\"https:\/\/sey.fi\/savo\/savon-elainsuojelu-ry\/elainsuojelu\/\",\"name\":\"El\u00e4insuojelu - Savon El\u00e4insuojelu\",\"isPartOf\":{\"@id\":\"https:\/\/sey.fi\/savo\/#website\"},\"primaryImageOfPage\":{\"@id\":\"https:\/\/sey.fi\/savo\/savon-elainsuojelu-ry\/elainsuojelu\/#primaryimage\"},\"image\":{\"@id\":\"https:\/\/sey.fi\/savo\/savon-elainsuojelu-ry\/elainsuojelu\/#primaryimage\"},\"thumbnailUrl\":\"https:\/\/sey.fi\/wp-content\/uploads\/sites\/30\/2025\/03\/elaisuojelu_savon_elainsuojelu_ry.png\",\"datePublished\":\"2019-11-18T14:09:18+00:00\",\"dateModified\":\"2025-05-13T17:16:47+00:00\",\"description\":\"Jos ep\u00e4ilet, ett\u00e4 el\u00e4int\u00e4 kohdellaan kaltoin, tee asiasta el\u00e4insuojeluilmoitus. Apua el\u00e4intenpitoon liittyviss\u00e4 ongelmissa saa vapaaehtoisilta el\u00e4insuojeluneuvojilta.\",\"breadcrumb\":{\"@id\":\"https:\/\/sey.fi\/savo\/savon-elainsuojelu-ry\/elainsuojelu\/#breadcrumb\"},\"inLanguage\":\"fi\",\"potentialAction\":[{\"@type\":\"ReadAction\",\"target\":[\"https:\/\/sey.fi\/savo\/savon-elainsuojelu-ry\/elainsuojelu\/\"]}]},{\"@type\":\"ImageObject\",\"inLanguage\":\"fi\",\"@id\":\"https:\/\/sey.fi\/savo\/savon-elainsuojelu-ry\/elainsuojelu\/#primaryimage\",\"url\":\"https:\/\/sey.fi\/wp-content\/uploads\/sites\/30\/2025\/03\/elaisuojelu_savon_elainsuojelu_ry.png\",\"contentUrl\":\"https:\/\/sey.fi\/wp-content\/uploads\/sites\/30\/2025\/03\/elaisuojelu_savon_elainsuojelu_ry.png\"},{\"@type\":\"BreadcrumbList\",\"@id\":\"https:\/\/sey.fi\/savo\/savon-elainsuojelu-ry\/elainsuojelu\/#breadcrumb\",\"itemListElement\":[{\"@type\":\"ListItem\",\"position\":1,\"name\":\"Home\",\"item\":\"https:\/\/sey.fi\/savo\/\"},{\"@type\":\"ListItem\",\"position\":2,\"name\":\"Savon el\u00e4insuojelu\",\"item\":\"https:\/\/sey.fi\/savo\/\"},{\"@type\":\"ListItem\",\"position\":3,\"name\":\"El\u00e4insuojelu\"}]},{\"@type\":\"WebSite\",\"@id\":\"https:\/\/sey.fi\/savo\/#website\",\"url\":\"https:\/\/sey.fi\/savo\/\",\"name\":\"Savon El\u00e4insuojelu\",\"description\":\"Uusi SEY J\u00e4senyhdistykset -sivusto\",\"potentialAction\":[{\"@type\":\"SearchAction\",\"target\":{\"@type\":\"EntryPoint\",\"urlTemplate\":\"https:\/\/sey.fi\/savo\/?s={search_term_string}\"},\"query-input\":{\"@type\":\"PropertyValueSpecification\",\"valueRequired\":true,\"valueName\":\"search_term_string\"}}],\"inLanguage\":\"fi\"}]}<\/script>\n<!-- \/ Yoast SEO plugin. -->","yoast_head_json":{"title":"El\u00e4insuojelu - Savon El\u00e4insuojelu","description":"Jos ep\u00e4ilet, ett\u00e4 el\u00e4int\u00e4 kohdellaan kaltoin, tee asiasta el\u00e4insuojeluilmoitus. Apua el\u00e4intenpitoon liittyviss\u00e4 ongelmissa saa vapaaehtoisilta el\u00e4insuojeluneuvojilta.","robots":{"index":"index","follow":"follow","max-snippet":"max-snippet:-1","max-image-preview":"max-image-preview:large","max-video-preview":"max-video-preview:-1"},"canonical":"https:\/\/sey.fi\/savo\/savon-elainsuojelu-ry\/elainsuojelu\/","og_locale":"fi_FI","og_type":"article","og_title":"El\u00e4insuojelu - Savon El\u00e4insuojelu","og_description":"Jos ep\u00e4ilet, ett\u00e4 el\u00e4int\u00e4 kohdellaan kaltoin, tee asiasta el\u00e4insuojeluilmoitus. Apua el\u00e4intenpitoon liittyviss\u00e4 ongelmissa saa vapaaehtoisilta el\u00e4insuojeluneuvojilta.","og_url":"https:\/\/sey.fi\/savo\/savon-elainsuojelu-ry\/elainsuojelu\/","og_site_name":"Savon El\u00e4insuojelu","article_modified_time":"2025-05-13T17:16:47+00:00","og_image":[{"width":1024,"height":512,"url":"https:\/\/sey.fi\/wp-content\/uploads\/sites\/30\/2025\/03\/elaisuojelu_savon_elainsuojelu_ry.png","type":"image\/png"}],"twitter_card":"summary_large_image","twitter_misc":{"Arvioitu lukuaika":"3 minuuttia"},"schema":{"@context":"https:\/\/schema.org","@graph":[{"@type":"WebPage","@id":"https:\/\/sey.fi\/savo\/savon-elainsuojelu-ry\/elainsuojelu\/","url":"https:\/\/sey.fi\/savo\/savon-elainsuojelu-ry\/elainsuojelu\/","name":"El\u00e4insuojelu - Savon El\u00e4insuojelu","isPartOf":{"@id":"https:\/\/sey.fi\/savo\/#website"},"primaryImageOfPage":{"@id":"https:\/\/sey.fi\/savo\/savon-elainsuojelu-ry\/elainsuojelu\/#primaryimage"},"image":{"@id":"https:\/\/sey.fi\/savo\/savon-elainsuojelu-ry\/elainsuojelu\/#primaryimage"},"thumbnailUrl":"https:\/\/sey.fi\/wp-content\/uploads\/sites\/30\/2025\/03\/elaisuojelu_savon_elainsuojelu_ry.png","datePublished":"2019-11-18T14:09:18+00:00","dateModified":"2025-05-13T17:16:47+00:00","description":"Jos ep\u00e4ilet, ett\u00e4 el\u00e4int\u00e4 kohdellaan kaltoin, tee asiasta el\u00e4insuojeluilmoitus. Apua el\u00e4intenpitoon liittyviss\u00e4 ongelmissa saa vapaaehtoisilta el\u00e4insuojeluneuvojilta.","breadcrumb":{"@id":"https:\/\/sey.fi\/savo\/savon-elainsuojelu-ry\/elainsuojelu\/#breadcrumb"},"inLanguage":"fi","potentialAction":[{"@type":"ReadAction","target":["https:\/\/sey.fi\/savo\/savon-elainsuojelu-ry\/elainsuojelu\/"]}]},{"@type":"ImageObject","inLanguage":"fi","@id":"https:\/\/sey.fi\/savo\/savon-elainsuojelu-ry\/elainsuojelu\/#primaryimage","url":"https:\/\/sey.fi\/wp-content\/uploads\/sites\/30\/2025\/03\/elaisuojelu_savon_elainsuojelu_ry.png","contentUrl":"https:\/\/sey.fi\/wp-content\/uploads\/sites\/30\/2025\/03\/elaisuojelu_savon_elainsuojelu_ry.png"},{"@type":"BreadcrumbList","@id":"https:\/\/sey.fi\/savo\/savon-elainsuojelu-ry\/elainsuojelu\/#breadcrumb","itemListElement":[{"@type":"ListItem","position":1,"name":"Home","item":"https:\/\/sey.fi\/savo\/"},{"@type":"ListItem","position":2,"name":"Savon el\u00e4insuojelu","item":"https:\/\/sey.fi\/savo\/"},{"@type":"ListItem","position":3,"name":"El\u00e4insuojelu"}]},{"@type":"WebSite","@id":"https:\/\/sey.fi\/savo\/#website","url":"https:\/\/sey.fi\/savo\/","name":"Savon El\u00e4insuojelu","description":"Uusi SEY J\u00e4senyhdistykset -sivusto","potentialAction":[{"@type":"SearchAction","target":{"@type":"EntryPoint","urlTemplate":"https:\/\/sey.fi\/savo\/?s={search_term_string}"},"query-input":{"@type":"PropertyValueSpecification","valueRequired":true,"valueName":"search_term_string"}}],"inLanguage":"fi"}]}},"_links":{"self":[{"href":"https:\/\/sey.fi\/savo\/wp-json\/wp\/v2\/pages\/37","targetHints":{"allow":["GET"]}}],"collection":[{"href":"https:\/\/sey.fi\/savo\/wp-json\/wp\/v2\/pages"}],"about":[{"href":"https:\/\/sey.fi\/savo\/wp-json\/wp\/v2\/types\/page"}],"author":[{"embeddable":true,"href":"https:\/\/sey.fi\/savo\/wp-json\/wp\/v2\/users\/8"}],"replies":[{"embeddable":true,"href":"https:\/\/sey.fi\/savo\/wp-json\/wp\/v2\/comments?post=37"}],"version-history":[{"count":51,"href":"https:\/\/sey.fi\/savo\/wp-json\/wp\/v2\/pages\/37\/revisions"}],"predecessor-version":[{"id":689,"href":"https:\/\/sey.fi\/savo\/wp-json\/wp\/v2\/pages\/37\/revisions\/689"}],"up":[{"embeddable":true,"href":"https:\/\/sey.fi\/savo\/wp-json\/wp\/v2\/pages\/2"}],"wp:attachment":[{"href":"https:\/\/sey.fi\/savo\/wp-json\/wp\/v2\/media?parent=37"}],"curies":[{"name":"wp","href":"https:\/\/api.w.org\/{rel}","templated":true}]}}