{"id":45,"date":"2019-11-18T16:12:48","date_gmt":"2019-11-18T14:12:48","guid":{"rendered":"http:\/\/srvr10.xetpoint.com\/~seyfi\/savo\/?page_id=45"},"modified":"2026-04-16T12:38:39","modified_gmt":"2026-04-16T09:38:39","slug":"tue-toimintaa","status":"publish","type":"page","link":"https:\/\/sey.fi\/savo\/savon-elainsuojelu-ry\/tue-toimintaa\/","title":{"rendered":"Lahjoitukset \/ tue toimintaa"},"content":{"rendered":"\n<figure class=\"wp-block-image size-full\"><img loading=\"lazy\" decoding=\"async\" width=\"1024\" height=\"512\" src=\"https:\/\/sey.fi\/wp-content\/uploads\/sites\/30\/2025\/03\/lahjoitukset_tue_toimintaa_savon_elainsuojelu_ry.png\" alt=\"\" class=\"wp-image-503\" srcset=\"https:\/\/sey.fi\/wp-content\/uploads\/sites\/30\/2025\/03\/lahjoitukset_tue_toimintaa_savon_elainsuojelu_ry.png 1024w, https:\/\/sey.fi\/wp-content\/uploads\/sites\/30\/2025\/03\/lahjoitukset_tue_toimintaa_savon_elainsuojelu_ry-300x150.png 300w, https:\/\/sey.fi\/wp-content\/uploads\/sites\/30\/2025\/03\/lahjoitukset_tue_toimintaa_savon_elainsuojelu_ry-768x384.png 768w, https:\/\/sey.fi\/wp-content\/uploads\/sites\/30\/2025\/03\/lahjoitukset_tue_toimintaa_savon_elainsuojelu_ry-640x320.png 640w, https:\/\/sey.fi\/wp-content\/uploads\/sites\/30\/2025\/03\/lahjoitukset_tue_toimintaa_savon_elainsuojelu_ry-320x160.png 320w\" sizes=\"auto, (max-width: 1024px) 100vw, 1024px\" \/><\/figure>\n\n\n\n<h4 class=\"wp-block-heading\">RAHALAHJOITUKSET<\/h4>\n\n\n\n<p class=\"has-text-align-left\">Savon El\u00e4insuojelu toimii vapaaehtoisvoimin. Rahoitamme toimintaamme j\u00e4senmaksuilla sek\u00e4 lahjoituksena saamiemme varojen turvin.&nbsp;<\/p>\n\n\n\n<p>Voit tukea toimintaamme tekem\u00e4ll\u00e4 rahalahjoituksen rahanker\u00e4ystilillemme tai n\u00e4pp\u00e4r\u00e4sti MobilePayn kautta. L\u00e4mmin kiitos avustasi! <\/p>\n\n\n\n<p><strong>* TILISIIRTO:<\/strong><br>&#8211; Saaja: Savon El\u00e4insuojelu ry<br>&#8211; tilinumero: <strong>FI49 5068 8520 0059 51<\/strong> <br><br><strong>*MOBILEPAY:<\/strong> <br>-Saaja: Savon El\u00e4insuojelu ry <br>-Lyhytnumero: <strong>85785<\/strong> <\/p>\n\n\n\n<p><strong>*AUTTAMISESTA ARKEA LAHJOITUSPALVELU<\/strong><br>Haluatko kohdentaa lahjoituksesi tarkemmin? Auttamisesta arkea lahjoituspalvelun kautta pystyt kohdentamaan lahjoituksesi itsellesi merkityksellisimm\u00e4ll\u00e4 tavalla. <\/p>\n\n\n\n<p>Voit valita ennaltaehk\u00e4isev\u00e4n el\u00e4insuojeluty\u00f6n, luonnonvaraisten el\u00e4inten auttamisen tai ohjata lahjoituksesi kodittomien lemmikkiel\u00e4inten auttamiseksi.<\/p>\n\n\n\n<p>Lue lis\u00e4\u00e4 t\u00e4\u00e4lt\u00e4: <a href=\"https:\/\/auttamisestaarkea.fi\/\">https:\/\/auttamisestaarkea.fi\/<\/a><\/p>\n\n\n\n<figure class=\"wp-block-image size-full is-resized\"><img loading=\"lazy\" decoding=\"async\" width=\"300\" height=\"300\" src=\"https:\/\/sey.fi\/wp-content\/uploads\/sites\/30\/2026\/04\/auttamisesta_arkea_logo_300x300.png\" alt=\"\" class=\"wp-image-1014\" style=\"width:87px;height:auto\" srcset=\"https:\/\/sey.fi\/wp-content\/uploads\/sites\/30\/2026\/04\/auttamisesta_arkea_logo_300x300.png 300w, https:\/\/sey.fi\/wp-content\/uploads\/sites\/30\/2026\/04\/auttamisesta_arkea_logo_300x300-150x150.png 150w, https:\/\/sey.fi\/wp-content\/uploads\/sites\/30\/2026\/04\/auttamisesta_arkea_logo_300x300-160x160.png 160w\" sizes=\"auto, (max-width: 300px) 100vw, 300px\" \/><\/figure>\n\n\n\n<p><br><strong>Rahanker\u00e4yslupa <\/strong><br>Savon El\u00e4insuojelulla on It\u00e4-Suomen poliisilaitoksen my\u00f6nt\u00e4m\u00e4 rahanker\u00e4yslupa (RA\/2021\/1095). Varoja ker\u00e4t\u00e4\u00e4n yhdistyksen toimialueella tapahtuvaan el\u00e4insuojeluty\u00f6h\u00f6n.<\/p>\n\n\n\n<hr class=\"wp-block-separator has-alpha-channel-opacity\" \/>\n\n\n\n<h4 class=\"wp-block-heading\">RAHANKER\u00c4YSLIPPAAT<\/h4>\n\n\n\n<p>Lahjoituksen voi tehd\u00e4 my\u00f6s k\u00e4teislahjoituksena rahanker\u00e4yslippaisiimme, joita l\u00f6ytyy seuraavista paikoista:<\/p>\n\n\n\n<p><strong>Kuopio: <\/strong><br>&#8211; Musti ja Mirri (Savilahti, Matkus, Kolmisoppi ja P\u00e4iv\u00e4ranta) <br>&#8211; Pieni El\u00e4inkauppa <br>&#8211; Kahvila Kaneli <br>&#8211; Trube hallikahvila ja leipomomyym\u00e4l\u00e4 <br>&#8211; Salacavala <br>&#8211; Kaffeteria Mummola <br>&#8211; Ruohonjuuri Matkus<\/p>\n\n\n\n<p><strong>Siilinj\u00e4rvi<\/strong>: Siilin Lemmikki<\/p>\n\n\n\n<p><strong>Iisalmi:<\/strong> Musti ja Mirri sek\u00e4 Yl\u00e4-Savon Lemmikki<br><\/p>\n\n\n\n<hr class=\"wp-block-separator has-css-opacity is-style-wide\" \/>\n\n\n\n<h4 class=\"wp-block-heading\">RUOKALAHJOITUKSET EL\u00c4IMILLE + KISSANHIEKKA<\/h4>\n\n\n\n<p>Otamme vastaan ruokaa kissoille, koirille ja luonnonvaraisille el\u00e4imille. Tuemme ruokalahjoituksilla alueen k\u00e4yt\u00e4nn\u00f6n el\u00e4insuojeluty\u00f6t\u00e4 tekevi\u00e4 yhteisty\u00f6yhdistyksi\u00e4mme sek\u00e4 luonnonvaraisten el\u00e4inten hoitajia.  <br> <br>Otamme mielell\u00e4mme vastaan my\u00f6s kissanhiekkaa, erityisesti paakkuuntuvalle kissanhiekalle on tarvetta.<\/p>\n\n\n\n<hr class=\"wp-block-separator has-alpha-channel-opacity\" \/>\n\n\n\n<h4 class=\"wp-block-heading\">SIIVOUSTARVIKKEET &amp; PESU- JA DESINFIOINTIAINEET<\/h4>\n\n\n\n<p>El\u00e4insuojat tarvitsevat p\u00e4ivitt\u00e4in siivousv\u00e4lineit\u00e4 sek\u00e4 pesu- ja desinfiointiaineita.  <br><strong>Otamme vastaan<\/strong>: talouspaperia, kertak\u00e4ytt\u00f6isi\u00e4 suojak\u00e4sineit\u00e4, roskapusseja, yleispesuaineita ja kloriittia, pyykinpesuainetta, konetiskiainetta sek\u00e4 pintojen desinfiointiainetta (esim. Sanytol spray)<\/p>\n\n\n\n<hr class=\"wp-block-separator has-alpha-channel-opacity\" \/>\n\n\n\n<h4 class=\"wp-block-heading\">HUOMIO: EMME OTA EN\u00c4\u00c4 VASTAAN TEKSTIILI TAI TAVARALAHJOITUKSIA<\/h4>\n\n\n\n<p>Lis\u00e4tietoa asiasta alempana t\u00e4ll\u00e4 sivulla.<\/p>\n\n\n\n<hr class=\"wp-block-separator has-alpha-channel-opacity\" \/>\n\n\n\n<h4 class=\"wp-block-heading\">MINNE LAHJOITUKSIA VOI VIED\u00c4?<\/h4>\n\n\n\n<p>Lahjoituksia ottavat vastaan Kuopiossa ja Siilinj\u00e4rvell\u00e4: <br><br>*<strong>Pieni El\u00e4inkauppa<\/strong>, Pallokatu 3, Kuopio.<br>Avoinna ma-pe 10-19, la 10-16. <br>&#8221;Lemmikin oma l\u00e4hikauppa&#8221;<br><a href=\"https:\/\/www.pienielainkauppa.fi\/\" target=\"_blank\" rel=\"noreferrer noopener\">https:\/\/www.pienielainkauppa.fi\/<\/a><\/p>\n\n\n\n<p>*<strong>Kahvila Kaneli<\/strong> , Kauppakatu 22, Kuopio. <br>Avoinna ma-pe 11-18, la 12-18. <br>&#8221;El\u00e4inyst\u00e4v\u00e4llinen ja herkullinen paikka pist\u00e4yty\u00e4&#8221;<br><a href=\"https:\/\/kahvilakaneli.fi\/\" target=\"_blank\" rel=\"noreferrer noopener\">https:\/\/kahvilakaneli.fi\/<\/a><\/p>\n\n\n\n<p>*<strong>Musti ja Mirri Savilahti<\/strong>, Savilahdentie 14, Kuopio <br>Aukioloajat: <a href=\"https:\/\/www.mustijamirri.fi\/kuopio-savilahti \">https:\/\/www.mustijamirri.fi\/kuopio-savilahti <\/a><br><br>*<strong>Musti ja Mirri Matkus<\/strong>, Matkuksentie 60, Kuopio <br>Aukioloajat: <a href=\"https:\/\/www.mustijamirri.fi\/kuopio-matkus  \n\">https:\/\/www.mustijamirri.fi\/kuopio-matkus  <br><\/a><br>*<strong>Siilin Lemmikki<\/strong>, Asematie 1, Siilinj\u00e4rvi <br>Avoinna ma-pe 10-17.30, la 10-14<\/p>\n\n\n\n<p>*<strong>S-market Siilinj\u00e4rvi<\/strong>, Kuiluntie 4, Siilinj\u00e4rvi <br>Lahjoituspiste kassalinjaston takana aulatilassa <br><a href=\"https:\/\/www.s-kaupat.fi\/myymala\/s-market-siilinjarvi\/513471813\">https:\/\/www.s-kaupat.fi\/myymala\/s-market-siilinjarvi\/513471813<\/a><br><\/p>\n\n\n\n<p>Lahjoitukset voi vied\u00e4 paikan p\u00e4\u00e4lle liikkeiden aukioloaikoina pakattuina ja helposti s\u00e4ilytett\u00e4vin\u00e4. Isompien lahjoitusten osalta ole yhteydess\u00e4 suoraan yhdistykseen <strong>savo@sey.fi.<\/strong><\/p>\n\n\n\n<hr class=\"wp-block-separator has-alpha-channel-opacity\" \/>\n\n\n\n<h4 class=\"wp-block-heading has-electric-grass-gradient-background has-background\">HUOMIO! EMME JATKOSSA VASTAANOTA TEKSTIILI- TAI TAVARALAHJOITUKSIA!<\/h4>\n\n\n\n<p>Yhdistyksemme hallitus p\u00e4\u00e4tti kokouksessaan 31.8.2025, ett\u00e4 emme en\u00e4\u00e4 ota vastaan tekstiili- tai tavaralahjoituksia. P\u00e4\u00e4t\u00f6ksen taustalla on se, ett\u00e4 lahjoitusten s\u00e4ilytt\u00e4minen vie runsaasti varastotilaa ja varastoinnista syntyy yhdistykselle huomattavia vuotuisia kustannuksia.<\/p>\n\n\n\n<p>Koska toimintamme perustuu lahjoitusvaroihin, haluamme k\u00e4ytt\u00e4\u00e4 saamamme varat mahdollisimman tehokkaasti juuri sinne, miss\u00e4 apua eniten tarvitaan.<\/p>\n\n\n\n<p>P\u00e4\u00e4t\u00f6ksen my\u00f6t\u00e4 my\u00f6s lahjoituspisteemme lopettavat tekstiili- ja tavaralahjoitusten vastaanottamisen. Ohjaamme tekstiili- ja tavaralahjoitusten osalta yst\u00e4v\u00e4llisesti k\u00e4\u00e4ntym\u00e4\u00e4n muiden alueella toimivien el\u00e4insuojeluyhdistysten puoleen (Kallan El\u00e4insuojelu ry ja Kuopion seudun el\u00e4insuojeluyhdistys ry).<\/p>\n\n\n\n<p>Kiit\u00e4mme ymm\u00e4rryksest\u00e4 asian suhteen!<\/p>\n\n\n\n<hr class=\"wp-block-separator has-alpha-channel-opacity\" \/>\n\n\n\n<h4 class=\"wp-block-heading\">TEE ARVOVALINTA &#8211; LIITY J\u00c4SENEKSI!<\/h4>\n\n\n\n<p>Yhdistyksen j\u00e4senyys on arvovalinta. Liittym\u00e4ll\u00e4 j\u00e4seneksi tuet paikallista el\u00e4insuojeluty\u00f6t\u00e4 helpolla tavalla.<\/p>\n\n\n\n<p>Lis\u00e4tietoja j\u00e4senyydest\u00e4, j\u00e4senmaksuista ja liittymisest\u00e4 l\u00f6yd\u00e4t <a href=\"https:\/\/sey.fi\/savo\/savon-elainsuojelu-ry\/savon-elainsuojelu-yhdistysesittely\/liity-jaseneksi\/\">t\u00e4\u00e4lt\u00e4.<\/a><\/p>\n\n\n\n<p>Liity jo t\u00e4n\u00e4\u00e4n &#8211; jokainen j\u00e4senemme on meille t\u00e4rke\u00e4!<br><\/p>\n\n\n\n<hr class=\"wp-block-separator has-alpha-channel-opacity\" \/>\n","protected":false},"excerpt":{"rendered":"<p>RAHALAHJOITUKSET Savon El\u00e4insuojelu toimii vapaaehtoisvoimin. Rahoitamme toimintaamme j\u00e4senmaksuilla sek\u00e4 lahjoituksena saamiemme varojen turvin.&nbsp; Voit tukea toimintaamme tekem\u00e4ll\u00e4 rahalahjoituksen rahanker\u00e4ystilillemme tai n\u00e4pp\u00e4r\u00e4sti MobilePayn kautta. L\u00e4mmin kiitos avustasi! * TILISIIRTO:&#8211; Saaja: Savon El\u00e4insuojelu ry&#8211; tilinumero: FI49 5068 8520 0059 51 *MOBILEPAY: -Saaja: Savon El\u00e4insuojelu ry -Lyhytnumero: 85785 *AUTTAMISESTA ARKEA LAHJOITUSPALVELUHaluatko kohdentaa lahjoituksesi tarkemmin? Auttamisesta arkea lahjoituspalvelun kautta [&hellip;]<\/p>\n","protected":false},"author":8,"featured_media":0,"parent":2,"menu_order":0,"comment_status":"closed","ping_status":"closed","template":"","meta":{"_acf_changed":false,"footnotes":""},"class_list":["post-45","page","type-page","status-publish","hentry"],"acf":[],"yoast_head":"<!-- This site is optimized with the Yoast SEO plugin v27.1.1 - https:\/\/yoast.com\/product\/yoast-seo-wordpress\/ -->\n<title>Lahjoitukset \/ tue toimintaa - Savon El\u00e4insuojelu<\/title>\n<meta name=\"description\" content=\"Liittym\u00e4ll\u00e4 Savon El\u00e4insuojelun j\u00e4seneksi tuet paikallista el\u00e4insuojeluty\u00f6t\u00e4. J\u00e4senyys on my\u00f6s arvovalinta.\" \/>\n<meta name=\"robots\" content=\"index, follow, max-snippet:-1, max-image-preview:large, max-video-preview:-1\" \/>\n<link rel=\"canonical\" href=\"https:\/\/sey.fi\/savo\/savon-elainsuojelu-ry\/tue-toimintaa\/\" \/>\n<meta property=\"og:locale\" content=\"fi_FI\" \/>\n<meta property=\"og:type\" content=\"article\" \/>\n<meta property=\"og:title\" content=\"Lahjoitukset \/ tue toimintaa - Savon El\u00e4insuojelu\" \/>\n<meta property=\"og:description\" content=\"Liittym\u00e4ll\u00e4 Savon El\u00e4insuojelun j\u00e4seneksi tuet paikallista el\u00e4insuojeluty\u00f6t\u00e4. J\u00e4senyys on my\u00f6s arvovalinta.\" \/>\n<meta property=\"og:url\" content=\"https:\/\/sey.fi\/savo\/savon-elainsuojelu-ry\/tue-toimintaa\/\" \/>\n<meta property=\"og:site_name\" content=\"Savon El\u00e4insuojelu\" \/>\n<meta property=\"article:modified_time\" content=\"2026-04-16T09:38:39+00:00\" \/>\n<meta property=\"og:image\" content=\"https:\/\/sey.fi\/wp-content\/uploads\/sites\/30\/2025\/03\/lahjoitukset_tue_toimintaa_savon_elainsuojelu_ry.png\" \/>\n\t<meta property=\"og:image:width\" content=\"1024\" \/>\n\t<meta property=\"og:image:height\" content=\"512\" \/>\n\t<meta property=\"og:image:type\" content=\"image\/png\" \/>\n<meta name=\"twitter:card\" content=\"summary_large_image\" \/>\n<meta name=\"twitter:label1\" content=\"Arvioitu lukuaika\" \/>\n\t<meta name=\"twitter:data1\" content=\"4 minuuttia\" \/>\n<script type=\"application\/ld+json\" class=\"yoast-schema-graph\">{\"@context\":\"https:\/\/schema.org\",\"@graph\":[{\"@type\":\"WebPage\",\"@id\":\"https:\/\/sey.fi\/savo\/savon-elainsuojelu-ry\/tue-toimintaa\/\",\"url\":\"https:\/\/sey.fi\/savo\/savon-elainsuojelu-ry\/tue-toimintaa\/\",\"name\":\"Lahjoitukset \/ tue toimintaa - Savon El\u00e4insuojelu\",\"isPartOf\":{\"@id\":\"https:\/\/sey.fi\/savo\/#website\"},\"primaryImageOfPage\":{\"@id\":\"https:\/\/sey.fi\/savo\/savon-elainsuojelu-ry\/tue-toimintaa\/#primaryimage\"},\"image\":{\"@id\":\"https:\/\/sey.fi\/savo\/savon-elainsuojelu-ry\/tue-toimintaa\/#primaryimage\"},\"thumbnailUrl\":\"https:\/\/sey.fi\/wp-content\/uploads\/sites\/30\/2025\/03\/lahjoitukset_tue_toimintaa_savon_elainsuojelu_ry.png\",\"datePublished\":\"2019-11-18T14:12:48+00:00\",\"dateModified\":\"2026-04-16T09:38:39+00:00\",\"description\":\"Liittym\u00e4ll\u00e4 Savon El\u00e4insuojelun j\u00e4seneksi tuet paikallista el\u00e4insuojeluty\u00f6t\u00e4. J\u00e4senyys on my\u00f6s arvovalinta.\",\"breadcrumb\":{\"@id\":\"https:\/\/sey.fi\/savo\/savon-elainsuojelu-ry\/tue-toimintaa\/#breadcrumb\"},\"inLanguage\":\"fi\",\"potentialAction\":[{\"@type\":\"ReadAction\",\"target\":[\"https:\/\/sey.fi\/savo\/savon-elainsuojelu-ry\/tue-toimintaa\/\"]}]},{\"@type\":\"ImageObject\",\"inLanguage\":\"fi\",\"@id\":\"https:\/\/sey.fi\/savo\/savon-elainsuojelu-ry\/tue-toimintaa\/#primaryimage\",\"url\":\"https:\/\/sey.fi\/wp-content\/uploads\/sites\/30\/2025\/03\/lahjoitukset_tue_toimintaa_savon_elainsuojelu_ry.png\",\"contentUrl\":\"https:\/\/sey.fi\/wp-content\/uploads\/sites\/30\/2025\/03\/lahjoitukset_tue_toimintaa_savon_elainsuojelu_ry.png\"},{\"@type\":\"BreadcrumbList\",\"@id\":\"https:\/\/sey.fi\/savo\/savon-elainsuojelu-ry\/tue-toimintaa\/#breadcrumb\",\"itemListElement\":[{\"@type\":\"ListItem\",\"position\":1,\"name\":\"Home\",\"item\":\"https:\/\/sey.fi\/savo\/\"},{\"@type\":\"ListItem\",\"position\":2,\"name\":\"Savon el\u00e4insuojelu\",\"item\":\"https:\/\/sey.fi\/savo\/\"},{\"@type\":\"ListItem\",\"position\":3,\"name\":\"Lahjoitukset \/ tue toimintaa\"}]},{\"@type\":\"WebSite\",\"@id\":\"https:\/\/sey.fi\/savo\/#website\",\"url\":\"https:\/\/sey.fi\/savo\/\",\"name\":\"Savon El\u00e4insuojelu\",\"description\":\"Uusi SEY J\u00e4senyhdistykset -sivusto\",\"potentialAction\":[{\"@type\":\"SearchAction\",\"target\":{\"@type\":\"EntryPoint\",\"urlTemplate\":\"https:\/\/sey.fi\/savo\/?s={search_term_string}\"},\"query-input\":{\"@type\":\"PropertyValueSpecification\",\"valueRequired\":true,\"valueName\":\"search_term_string\"}}],\"inLanguage\":\"fi\"}]}<\/script>\n<!-- \/ Yoast SEO plugin. -->","yoast_head_json":{"title":"Lahjoitukset \/ tue toimintaa - Savon El\u00e4insuojelu","description":"Liittym\u00e4ll\u00e4 Savon El\u00e4insuojelun j\u00e4seneksi tuet paikallista el\u00e4insuojeluty\u00f6t\u00e4. J\u00e4senyys on my\u00f6s arvovalinta.","robots":{"index":"index","follow":"follow","max-snippet":"max-snippet:-1","max-image-preview":"max-image-preview:large","max-video-preview":"max-video-preview:-1"},"canonical":"https:\/\/sey.fi\/savo\/savon-elainsuojelu-ry\/tue-toimintaa\/","og_locale":"fi_FI","og_type":"article","og_title":"Lahjoitukset \/ tue toimintaa - Savon El\u00e4insuojelu","og_description":"Liittym\u00e4ll\u00e4 Savon El\u00e4insuojelun j\u00e4seneksi tuet paikallista el\u00e4insuojeluty\u00f6t\u00e4. J\u00e4senyys on my\u00f6s arvovalinta.","og_url":"https:\/\/sey.fi\/savo\/savon-elainsuojelu-ry\/tue-toimintaa\/","og_site_name":"Savon El\u00e4insuojelu","article_modified_time":"2026-04-16T09:38:39+00:00","og_image":[{"width":1024,"height":512,"url":"https:\/\/sey.fi\/wp-content\/uploads\/sites\/30\/2025\/03\/lahjoitukset_tue_toimintaa_savon_elainsuojelu_ry.png","type":"image\/png"}],"twitter_card":"summary_large_image","twitter_misc":{"Arvioitu lukuaika":"4 minuuttia"},"schema":{"@context":"https:\/\/schema.org","@graph":[{"@type":"WebPage","@id":"https:\/\/sey.fi\/savo\/savon-elainsuojelu-ry\/tue-toimintaa\/","url":"https:\/\/sey.fi\/savo\/savon-elainsuojelu-ry\/tue-toimintaa\/","name":"Lahjoitukset \/ tue toimintaa - Savon El\u00e4insuojelu","isPartOf":{"@id":"https:\/\/sey.fi\/savo\/#website"},"primaryImageOfPage":{"@id":"https:\/\/sey.fi\/savo\/savon-elainsuojelu-ry\/tue-toimintaa\/#primaryimage"},"image":{"@id":"https:\/\/sey.fi\/savo\/savon-elainsuojelu-ry\/tue-toimintaa\/#primaryimage"},"thumbnailUrl":"https:\/\/sey.fi\/wp-content\/uploads\/sites\/30\/2025\/03\/lahjoitukset_tue_toimintaa_savon_elainsuojelu_ry.png","datePublished":"2019-11-18T14:12:48+00:00","dateModified":"2026-04-16T09:38:39+00:00","description":"Liittym\u00e4ll\u00e4 Savon El\u00e4insuojelun j\u00e4seneksi tuet paikallista el\u00e4insuojeluty\u00f6t\u00e4. J\u00e4senyys on my\u00f6s arvovalinta.","breadcrumb":{"@id":"https:\/\/sey.fi\/savo\/savon-elainsuojelu-ry\/tue-toimintaa\/#breadcrumb"},"inLanguage":"fi","potentialAction":[{"@type":"ReadAction","target":["https:\/\/sey.fi\/savo\/savon-elainsuojelu-ry\/tue-toimintaa\/"]}]},{"@type":"ImageObject","inLanguage":"fi","@id":"https:\/\/sey.fi\/savo\/savon-elainsuojelu-ry\/tue-toimintaa\/#primaryimage","url":"https:\/\/sey.fi\/wp-content\/uploads\/sites\/30\/2025\/03\/lahjoitukset_tue_toimintaa_savon_elainsuojelu_ry.png","contentUrl":"https:\/\/sey.fi\/wp-content\/uploads\/sites\/30\/2025\/03\/lahjoitukset_tue_toimintaa_savon_elainsuojelu_ry.png"},{"@type":"BreadcrumbList","@id":"https:\/\/sey.fi\/savo\/savon-elainsuojelu-ry\/tue-toimintaa\/#breadcrumb","itemListElement":[{"@type":"ListItem","position":1,"name":"Home","item":"https:\/\/sey.fi\/savo\/"},{"@type":"ListItem","position":2,"name":"Savon el\u00e4insuojelu","item":"https:\/\/sey.fi\/savo\/"},{"@type":"ListItem","position":3,"name":"Lahjoitukset \/ tue toimintaa"}]},{"@type":"WebSite","@id":"https:\/\/sey.fi\/savo\/#website","url":"https:\/\/sey.fi\/savo\/","name":"Savon El\u00e4insuojelu","description":"Uusi SEY J\u00e4senyhdistykset -sivusto","potentialAction":[{"@type":"SearchAction","target":{"@type":"EntryPoint","urlTemplate":"https:\/\/sey.fi\/savo\/?s={search_term_string}"},"query-input":{"@type":"PropertyValueSpecification","valueRequired":true,"valueName":"search_term_string"}}],"inLanguage":"fi"}]}},"_links":{"self":[{"href":"https:\/\/sey.fi\/savo\/wp-json\/wp\/v2\/pages\/45","targetHints":{"allow":["GET"]}}],"collection":[{"href":"https:\/\/sey.fi\/savo\/wp-json\/wp\/v2\/pages"}],"about":[{"href":"https:\/\/sey.fi\/savo\/wp-json\/wp\/v2\/types\/page"}],"author":[{"embeddable":true,"href":"https:\/\/sey.fi\/savo\/wp-json\/wp\/v2\/users\/8"}],"replies":[{"embeddable":true,"href":"https:\/\/sey.fi\/savo\/wp-json\/wp\/v2\/comments?post=45"}],"version-history":[{"count":56,"href":"https:\/\/sey.fi\/savo\/wp-json\/wp\/v2\/pages\/45\/revisions"}],"predecessor-version":[{"id":1017,"href":"https:\/\/sey.fi\/savo\/wp-json\/wp\/v2\/pages\/45\/revisions\/1017"}],"up":[{"embeddable":true,"href":"https:\/\/sey.fi\/savo\/wp-json\/wp\/v2\/pages\/2"}],"wp:attachment":[{"href":"https:\/\/sey.fi\/savo\/wp-json\/wp\/v2\/media?parent=45"}],"curies":[{"name":"wp","href":"https:\/\/api.w.org\/{rel}","templated":true}]}}