{"id":551,"date":"2025-03-28T16:01:00","date_gmt":"2025-03-28T14:01:00","guid":{"rendered":"https:\/\/sey.fi\/savo\/?page_id=551"},"modified":"2025-11-30T19:31:01","modified_gmt":"2025-11-30T17:31:01","slug":"ota-yhteytta-savon-elainsuojelu","status":"publish","type":"page","link":"https:\/\/sey.fi\/savo\/ota-yhteytta-savon-elainsuojelu\/","title":{"rendered":"Ota yhteytt\u00e4 yhdistykseen"},"content":{"rendered":"\n<figure class=\"wp-block-image size-full\"><img loading=\"lazy\" decoding=\"async\" width=\"1024\" height=\"512\" src=\"https:\/\/sey.fi\/wp-content\/uploads\/sites\/30\/2025\/03\/yhteystiedot_savon_elainsuojelu.png\" alt=\"\" class=\"wp-image-552\" srcset=\"https:\/\/sey.fi\/wp-content\/uploads\/sites\/30\/2025\/03\/yhteystiedot_savon_elainsuojelu.png 1024w, https:\/\/sey.fi\/wp-content\/uploads\/sites\/30\/2025\/03\/yhteystiedot_savon_elainsuojelu-300x150.png 300w, https:\/\/sey.fi\/wp-content\/uploads\/sites\/30\/2025\/03\/yhteystiedot_savon_elainsuojelu-768x384.png 768w, https:\/\/sey.fi\/wp-content\/uploads\/sites\/30\/2025\/03\/yhteystiedot_savon_elainsuojelu-640x320.png 640w, https:\/\/sey.fi\/wp-content\/uploads\/sites\/30\/2025\/03\/yhteystiedot_savon_elainsuojelu-320x160.png 320w\" sizes=\"auto, (max-width: 1024px) 100vw, 1024px\" \/><\/figure>\n\n\n\n<h4 class=\"wp-block-heading\">Savon El\u00e4insuojelu ry yhteystiedot<\/h4>\n\n\n\n<p>Tavoitat meid\u00e4t s\u00e4hk\u00f6postitse, soittamalla tai j\u00e4tt\u00e4m\u00e4ll\u00e4 viestin.    <br><br>Huomioithan, ett\u00e4 yhdistyksell\u00e4mme ei ole jatkuvaa puhelinp\u00e4ivystyst\u00e4, toimimme vapaaehtoisvoimin. <\/p>\n\n\n\n<p>Mik\u00e4li et tavoita meit\u00e4, j\u00e4t\u00e4 viesti, niin olemme sinuun yhteydess\u00e4 heti, kun mahdollista.<\/p>\n\n\n\n<p><\/p>\n\n\n\n<h4 class=\"wp-block-heading\">*Lahjoitukset, j\u00e4senasiat, yhdistyksen toiminta:<\/h4>\n\n\n\n<p>S\u00e4hk\u00f6posti: savo@sey.fi<br>Puh. 040 259 5082, my\u00f6s Whatsapp-viestit<\/p>\n\n\n\n<h4 class=\"wp-block-heading\">*El\u00e4imiin liittyv\u00e4t asiat (my\u00f6s luonnonvaraiset):<\/h4>\n\n\n\n<p>El\u00e4insuojeluneuvoja Minna Pellinen                     <br>Puh. &nbsp;p. 040 163 3660 <br>S\u00e4hk\u00f6posti: minna.pellinen@sey.fi<\/p>\n\n\n\n<hr class=\"wp-block-separator has-alpha-channel-opacity\" \/>\n\n\n\n<p><\/p>\n","protected":false},"excerpt":{"rendered":"<p>Savon El\u00e4insuojelu ry yhteystiedot Tavoitat meid\u00e4t s\u00e4hk\u00f6postitse, soittamalla tai j\u00e4tt\u00e4m\u00e4ll\u00e4 viestin. Huomioithan, ett\u00e4 yhdistyksell\u00e4mme ei ole jatkuvaa puhelinp\u00e4ivystyst\u00e4, toimimme vapaaehtoisvoimin. Mik\u00e4li et tavoita meit\u00e4, j\u00e4t\u00e4 viesti, niin olemme sinuun yhteydess\u00e4 heti, kun mahdollista. *Lahjoitukset, j\u00e4senasiat, yhdistyksen toiminta: S\u00e4hk\u00f6posti: savo@sey.fiPuh. 040 259 5082, my\u00f6s Whatsapp-viestit *El\u00e4imiin liittyv\u00e4t asiat (my\u00f6s luonnonvaraiset): El\u00e4insuojeluneuvoja Minna Pellinen Puh. &nbsp;p. 040 [&hellip;]<\/p>\n","protected":false},"author":27,"featured_media":0,"parent":0,"menu_order":0,"comment_status":"closed","ping_status":"closed","template":"","meta":{"_acf_changed":false,"footnotes":""},"class_list":["post-551","page","type-page","status-publish","hentry"],"acf":[],"yoast_head":"<!-- This site is optimized with the Yoast SEO plugin v27.1.1 - https:\/\/yoast.com\/product\/yoast-seo-wordpress\/ -->\n<title>Ota yhteytt\u00e4 yhdistykseen - Savon El\u00e4insuojelu<\/title>\n<meta name=\"description\" content=\"Savon El\u00e4insuojelun yhteystiedot l\u00f6ytyv\u00e4t t\u00e4\u00e4lt\u00e4. Voit joko soittaa, l\u00e4hett\u00e4\u00e4 meille viesti\u00e4 tai olla yhteydess\u00e4 s\u00e4hk\u00f6postitse.\" \/>\n<meta name=\"robots\" content=\"index, follow, max-snippet:-1, max-image-preview:large, max-video-preview:-1\" \/>\n<link rel=\"canonical\" href=\"https:\/\/sey.fi\/savo\/ota-yhteytta-savon-elainsuojelu\/\" \/>\n<meta property=\"og:locale\" content=\"fi_FI\" \/>\n<meta property=\"og:type\" content=\"article\" \/>\n<meta property=\"og:title\" content=\"Ota yhteytt\u00e4 yhdistykseen - Savon El\u00e4insuojelu\" \/>\n<meta property=\"og:description\" content=\"Savon El\u00e4insuojelun yhteystiedot l\u00f6ytyv\u00e4t t\u00e4\u00e4lt\u00e4. Voit joko soittaa, l\u00e4hett\u00e4\u00e4 meille viesti\u00e4 tai olla yhteydess\u00e4 s\u00e4hk\u00f6postitse.\" \/>\n<meta property=\"og:url\" content=\"https:\/\/sey.fi\/savo\/ota-yhteytta-savon-elainsuojelu\/\" \/>\n<meta property=\"og:site_name\" content=\"Savon El\u00e4insuojelu\" \/>\n<meta property=\"article:modified_time\" content=\"2025-11-30T17:31:01+00:00\" \/>\n<meta property=\"og:image\" content=\"https:\/\/sey.fi\/wp-content\/uploads\/sites\/30\/2025\/03\/yhteystiedot_savon_elainsuojelu.png\" \/>\n\t<meta property=\"og:image:width\" content=\"1024\" \/>\n\t<meta property=\"og:image:height\" content=\"512\" \/>\n\t<meta property=\"og:image:type\" content=\"image\/png\" \/>\n<meta name=\"twitter:card\" content=\"summary_large_image\" \/>\n<meta name=\"twitter:label1\" content=\"Arvioitu lukuaika\" \/>\n\t<meta name=\"twitter:data1\" content=\"1 minuutti\" \/>\n<script type=\"application\/ld+json\" class=\"yoast-schema-graph\">{\"@context\":\"https:\/\/schema.org\",\"@graph\":[{\"@type\":\"WebPage\",\"@id\":\"https:\/\/sey.fi\/savo\/ota-yhteytta-savon-elainsuojelu\/\",\"url\":\"https:\/\/sey.fi\/savo\/ota-yhteytta-savon-elainsuojelu\/\",\"name\":\"Ota yhteytt\u00e4 yhdistykseen - Savon El\u00e4insuojelu\",\"isPartOf\":{\"@id\":\"https:\/\/sey.fi\/savo\/#website\"},\"primaryImageOfPage\":{\"@id\":\"https:\/\/sey.fi\/savo\/ota-yhteytta-savon-elainsuojelu\/#primaryimage\"},\"image\":{\"@id\":\"https:\/\/sey.fi\/savo\/ota-yhteytta-savon-elainsuojelu\/#primaryimage\"},\"thumbnailUrl\":\"https:\/\/sey.fi\/wp-content\/uploads\/sites\/30\/2025\/03\/yhteystiedot_savon_elainsuojelu.png\",\"datePublished\":\"2025-03-28T14:01:00+00:00\",\"dateModified\":\"2025-11-30T17:31:01+00:00\",\"description\":\"Savon El\u00e4insuojelun yhteystiedot l\u00f6ytyv\u00e4t t\u00e4\u00e4lt\u00e4. Voit joko soittaa, l\u00e4hett\u00e4\u00e4 meille viesti\u00e4 tai olla yhteydess\u00e4 s\u00e4hk\u00f6postitse.\",\"breadcrumb\":{\"@id\":\"https:\/\/sey.fi\/savo\/ota-yhteytta-savon-elainsuojelu\/#breadcrumb\"},\"inLanguage\":\"fi\",\"potentialAction\":[{\"@type\":\"ReadAction\",\"target\":[\"https:\/\/sey.fi\/savo\/ota-yhteytta-savon-elainsuojelu\/\"]}]},{\"@type\":\"ImageObject\",\"inLanguage\":\"fi\",\"@id\":\"https:\/\/sey.fi\/savo\/ota-yhteytta-savon-elainsuojelu\/#primaryimage\",\"url\":\"https:\/\/sey.fi\/wp-content\/uploads\/sites\/30\/2025\/03\/yhteystiedot_savon_elainsuojelu.png\",\"contentUrl\":\"https:\/\/sey.fi\/wp-content\/uploads\/sites\/30\/2025\/03\/yhteystiedot_savon_elainsuojelu.png\"},{\"@type\":\"BreadcrumbList\",\"@id\":\"https:\/\/sey.fi\/savo\/ota-yhteytta-savon-elainsuojelu\/#breadcrumb\",\"itemListElement\":[{\"@type\":\"ListItem\",\"position\":1,\"name\":\"Home\",\"item\":\"https:\/\/sey.fi\/savo\/\"},{\"@type\":\"ListItem\",\"position\":2,\"name\":\"Ota yhteytt\u00e4 yhdistykseen\"}]},{\"@type\":\"WebSite\",\"@id\":\"https:\/\/sey.fi\/savo\/#website\",\"url\":\"https:\/\/sey.fi\/savo\/\",\"name\":\"Savon El\u00e4insuojelu\",\"description\":\"Uusi SEY J\u00e4senyhdistykset -sivusto\",\"potentialAction\":[{\"@type\":\"SearchAction\",\"target\":{\"@type\":\"EntryPoint\",\"urlTemplate\":\"https:\/\/sey.fi\/savo\/?s={search_term_string}\"},\"query-input\":{\"@type\":\"PropertyValueSpecification\",\"valueRequired\":true,\"valueName\":\"search_term_string\"}}],\"inLanguage\":\"fi\"}]}<\/script>\n<!-- \/ Yoast SEO plugin. -->","yoast_head_json":{"title":"Ota yhteytt\u00e4 yhdistykseen - Savon El\u00e4insuojelu","description":"Savon El\u00e4insuojelun yhteystiedot l\u00f6ytyv\u00e4t t\u00e4\u00e4lt\u00e4. Voit joko soittaa, l\u00e4hett\u00e4\u00e4 meille viesti\u00e4 tai olla yhteydess\u00e4 s\u00e4hk\u00f6postitse.","robots":{"index":"index","follow":"follow","max-snippet":"max-snippet:-1","max-image-preview":"max-image-preview:large","max-video-preview":"max-video-preview:-1"},"canonical":"https:\/\/sey.fi\/savo\/ota-yhteytta-savon-elainsuojelu\/","og_locale":"fi_FI","og_type":"article","og_title":"Ota yhteytt\u00e4 yhdistykseen - Savon El\u00e4insuojelu","og_description":"Savon El\u00e4insuojelun yhteystiedot l\u00f6ytyv\u00e4t t\u00e4\u00e4lt\u00e4. Voit joko soittaa, l\u00e4hett\u00e4\u00e4 meille viesti\u00e4 tai olla yhteydess\u00e4 s\u00e4hk\u00f6postitse.","og_url":"https:\/\/sey.fi\/savo\/ota-yhteytta-savon-elainsuojelu\/","og_site_name":"Savon El\u00e4insuojelu","article_modified_time":"2025-11-30T17:31:01+00:00","og_image":[{"width":1024,"height":512,"url":"https:\/\/sey.fi\/wp-content\/uploads\/sites\/30\/2025\/03\/yhteystiedot_savon_elainsuojelu.png","type":"image\/png"}],"twitter_card":"summary_large_image","twitter_misc":{"Arvioitu lukuaika":"1 minuutti"},"schema":{"@context":"https:\/\/schema.org","@graph":[{"@type":"WebPage","@id":"https:\/\/sey.fi\/savo\/ota-yhteytta-savon-elainsuojelu\/","url":"https:\/\/sey.fi\/savo\/ota-yhteytta-savon-elainsuojelu\/","name":"Ota yhteytt\u00e4 yhdistykseen - Savon El\u00e4insuojelu","isPartOf":{"@id":"https:\/\/sey.fi\/savo\/#website"},"primaryImageOfPage":{"@id":"https:\/\/sey.fi\/savo\/ota-yhteytta-savon-elainsuojelu\/#primaryimage"},"image":{"@id":"https:\/\/sey.fi\/savo\/ota-yhteytta-savon-elainsuojelu\/#primaryimage"},"thumbnailUrl":"https:\/\/sey.fi\/wp-content\/uploads\/sites\/30\/2025\/03\/yhteystiedot_savon_elainsuojelu.png","datePublished":"2025-03-28T14:01:00+00:00","dateModified":"2025-11-30T17:31:01+00:00","description":"Savon El\u00e4insuojelun yhteystiedot l\u00f6ytyv\u00e4t t\u00e4\u00e4lt\u00e4. Voit joko soittaa, l\u00e4hett\u00e4\u00e4 meille viesti\u00e4 tai olla yhteydess\u00e4 s\u00e4hk\u00f6postitse.","breadcrumb":{"@id":"https:\/\/sey.fi\/savo\/ota-yhteytta-savon-elainsuojelu\/#breadcrumb"},"inLanguage":"fi","potentialAction":[{"@type":"ReadAction","target":["https:\/\/sey.fi\/savo\/ota-yhteytta-savon-elainsuojelu\/"]}]},{"@type":"ImageObject","inLanguage":"fi","@id":"https:\/\/sey.fi\/savo\/ota-yhteytta-savon-elainsuojelu\/#primaryimage","url":"https:\/\/sey.fi\/wp-content\/uploads\/sites\/30\/2025\/03\/yhteystiedot_savon_elainsuojelu.png","contentUrl":"https:\/\/sey.fi\/wp-content\/uploads\/sites\/30\/2025\/03\/yhteystiedot_savon_elainsuojelu.png"},{"@type":"BreadcrumbList","@id":"https:\/\/sey.fi\/savo\/ota-yhteytta-savon-elainsuojelu\/#breadcrumb","itemListElement":[{"@type":"ListItem","position":1,"name":"Home","item":"https:\/\/sey.fi\/savo\/"},{"@type":"ListItem","position":2,"name":"Ota yhteytt\u00e4 yhdistykseen"}]},{"@type":"WebSite","@id":"https:\/\/sey.fi\/savo\/#website","url":"https:\/\/sey.fi\/savo\/","name":"Savon El\u00e4insuojelu","description":"Uusi SEY J\u00e4senyhdistykset -sivusto","potentialAction":[{"@type":"SearchAction","target":{"@type":"EntryPoint","urlTemplate":"https:\/\/sey.fi\/savo\/?s={search_term_string}"},"query-input":{"@type":"PropertyValueSpecification","valueRequired":true,"valueName":"search_term_string"}}],"inLanguage":"fi"}]}},"_links":{"self":[{"href":"https:\/\/sey.fi\/savo\/wp-json\/wp\/v2\/pages\/551","targetHints":{"allow":["GET"]}}],"collection":[{"href":"https:\/\/sey.fi\/savo\/wp-json\/wp\/v2\/pages"}],"about":[{"href":"https:\/\/sey.fi\/savo\/wp-json\/wp\/v2\/types\/page"}],"author":[{"embeddable":true,"href":"https:\/\/sey.fi\/savo\/wp-json\/wp\/v2\/users\/27"}],"replies":[{"embeddable":true,"href":"https:\/\/sey.fi\/savo\/wp-json\/wp\/v2\/comments?post=551"}],"version-history":[{"count":9,"href":"https:\/\/sey.fi\/savo\/wp-json\/wp\/v2\/pages\/551\/revisions"}],"predecessor-version":[{"id":900,"href":"https:\/\/sey.fi\/savo\/wp-json\/wp\/v2\/pages\/551\/revisions\/900"}],"wp:attachment":[{"href":"https:\/\/sey.fi\/savo\/wp-json\/wp\/v2\/media?parent=551"}],"curies":[{"name":"wp","href":"https:\/\/api.w.org\/{rel}","templated":true}]}}