{"id":633,"date":"2025-03-30T12:46:36","date_gmt":"2025-03-30T09:46:36","guid":{"rendered":"https:\/\/sey.fi\/savo\/?page_id=633"},"modified":"2025-12-08T19:32:23","modified_gmt":"2025-12-08T17:32:23","slug":"osallistu-toimintaan","status":"publish","type":"page","link":"https:\/\/sey.fi\/savo\/osallistu-toimintaan\/","title":{"rendered":"Osallistu toimintaan"},"content":{"rendered":"\n<figure class=\"wp-block-image size-full\"><img loading=\"lazy\" decoding=\"async\" width=\"1024\" height=\"512\" src=\"https:\/\/sey.fi\/wp-content\/uploads\/sites\/30\/2025\/03\/savon_elainsuojelu_tule_mukaan_toimintaan.png\" alt=\"Sys\u00e4men muotoinen palapeli p\u00f6yd\u00e4ll\u00e4, josta puuttuu paloja. Teksti: jokaisen panos on t\u00e4rke\u00e4.\" class=\"wp-image-634\" srcset=\"https:\/\/sey.fi\/wp-content\/uploads\/sites\/30\/2025\/03\/savon_elainsuojelu_tule_mukaan_toimintaan.png 1024w, https:\/\/sey.fi\/wp-content\/uploads\/sites\/30\/2025\/03\/savon_elainsuojelu_tule_mukaan_toimintaan-300x150.png 300w, https:\/\/sey.fi\/wp-content\/uploads\/sites\/30\/2025\/03\/savon_elainsuojelu_tule_mukaan_toimintaan-768x384.png 768w, https:\/\/sey.fi\/wp-content\/uploads\/sites\/30\/2025\/03\/savon_elainsuojelu_tule_mukaan_toimintaan-640x320.png 640w, https:\/\/sey.fi\/wp-content\/uploads\/sites\/30\/2025\/03\/savon_elainsuojelu_tule_mukaan_toimintaan-320x160.png 320w\" sizes=\"auto, (max-width: 1024px) 100vw, 1024px\" \/><\/figure>\n\n\n\n<h4 class=\"wp-block-heading\">Vapaaehtoisty\u00f6t\u00e4 el\u00e4inten auttamiseksi<\/h4>\n\n\n\n<p>Savon El\u00e4insuojelun toiminta perustuu vapaaehtoisty\u00f6h\u00f6n. Jotta saisimme mahdollisimma paljon aikaiseksi, on jokaisen panos kokonaisuuden kannalta t\u00e4rke\u00e4. <br> <br>Yhdistyksemme aktiivit lahjoittavat omaa aikaansa alueen el\u00e4insuojeluty\u00f6n edist\u00e4miseksi. Haluaisitko sin\u00e4 tulla mukaan toimintaan?<\/p>\n\n\n\n<h4 class=\"wp-block-heading\">L\u00f6yd\u00e4 oma tapasi auttaa<\/h4>\n\n\n\n<p>Oma el\u00e4m\u00e4ntilanne m\u00e4\u00e4ritt\u00e4\u00e4 pitk\u00e4lti sen, millaisen panoksen vapaaehtoisty\u00f6h\u00f6n voi antaa. Otamme pienenkin avun ilolla vastaan. Vapaaehtoisiltamme toivomme sitoutumista asiaan sek\u00e4 iloista mielt\u00e4. Konkari ei tarvitse olla, autamme ja opastamme alkuun ja olemme toistemme tukena.<\/p>\n\n\n\n<h4 class=\"wp-block-heading\">1. Kiinnostaako tapahtumiin osallistuminen?<\/h4>\n\n\n\n<p>Pyrimme osallistumaan erilaisiin tapahtumiin resurssiemme mukaan. Tapahtumat painottuvat yhdistyksen toiminnan esittelyyn ja varainhankintaan. <\/p>\n\n\n\n<p>Mik\u00e4li tapahtumien j\u00e4rjest\u00e4minen ja niihin osallistuminen kiinnostaa, tervetuloa mukaan! Ja muista, tapahtumissa on aina kokeneempi yhdistysaktiivi uusien tukena, yksin ei kenenk\u00e4\u00e4n tarvitse selvit\u00e4!<\/p>\n\n\n\n<h4 class=\"wp-block-heading\">2. Oletko intohimoinen k\u00e4sity\u00f6ihminen? Lahjoita tuotteita myyntiin!<\/h4>\n\n\n\n<p>Kannatustuotteiden myynti on osa varainkeruuta. Otamme mielell\u00e4mme vastaan k\u00e4sit\u00f6it\u00e4 myyt\u00e4v\u00e4ksi\/arpajaispalkinnoiksi tai edelleen lahjoittavaksi. <\/p>\n\n\n\n<p>Tervetulleita ovat esim. itse tehdyt sukat, lapaset, <a href=\"https:\/\/sey.fi\/savo\/kasityonharrastaja-auttaisitko-elainpotilaita\/\">kissojen anestesiasukat (ohje t\u00e4\u00e4ll\u00e4<\/a>) ja peitot&#8230; mik\u00e4 sattuukaan olemaan sinun bravuurisi. Jos mietit jonkin k\u00e4sity\u00f6tuotteen soveltuvuutta, otathan meihin yhteytt\u00e4!<\/p>\n\n\n\n<h4 class=\"wp-block-heading\">3. Oletko kirpputori-ihminen ja liputat kierr\u00e4tyksen puolesta?<\/h4>\n\n\n\n<p>Aika ajoin voimme myyd\u00e4 lahjoituksena saamiamme tuotteita my\u00f6s kirpputorilla varainkeruutarkoituksessa. Kiinnostaisiko sinua huolehtia yhdistyksen p\u00f6yd\u00e4n yll\u00e4pidosta ja siisteydest\u00e4? Jos olet innokas kirpputori-ihminen ja kiinnostunut auttamaan t\u00e4lla tavoin, ilmianna itsesi!<\/p>\n\n\n\n<h4 class=\"wp-block-heading\">4. El\u00e4inten hoitaminen l\u00e4hell\u00e4 syd\u00e4nt\u00e4?<\/h4>\n\n\n\n<p>Mik\u00e4li el\u00e4inten hoitoty\u00f6 on sinun juttusi ja pystyt antamaan v\u00e4liaikaisen kodin kodittomalle el\u00e4imelle, tutustu sijaiskotitoimintaan.  <\/p>\n\n\n\n<p>Yhdistyksell\u00e4mme ei ole  t\u00e4ll\u00e4 hetkell\u00e4 omia sijaiskoteja, mutta voit ottaa yhteytt\u00e4 alueen muihin yhdistyksiin, joiden kanssa teemme yhteisty\u00f6t\u00e4.<\/p>\n\n\n\n<p>Sijaiskodiksi kissalle? -&gt; ota yhteys <a href=\"https:\/\/kallanesy.fi\/\">Kallan El\u00e4insuojeluun<\/a><br>Sijaiskodiksi koiralle? -&gt; ota yhteys <a href=\"https:\/\/kuopionseudunesy.fi\/\">Kuopion seudun el\u00e4insuojeluyhdistykseen<\/a><\/p>\n\n\n\n<p>Edell\u00e4 mainituilla voi olla tarvetta my\u00f6s esim. kanien sijaiskodeille. <\/p>\n\n\n\n<p>Lis\u00e4tietoa sijaiskotitoiminnasta l\u00f6yd\u00e4t SEYn esitteest\u00e4 <a href=\"https:\/\/sey.fi\/wp-content\/uploads\/2022\/01\/sey-sijaiskotiesite-web.pdf\">Mit\u00e4 sijaiskotitoiminta on?<\/a><\/p>\n\n\n\n<h4 class=\"wp-block-heading\">5. Kiinnostaako luonnonvaraisten el\u00e4inten hoito \/ auttaminen?<\/h4>\n\n\n\n<p>Pohjois-Savon alueella luonnonvaraisten el\u00e4inten hoitoa koordinoi SEYn el\u00e4insuojeluneuvoja Minna Pellinen. Ota yhteytt\u00e4 Minnaan, mik\u00e4li luonnonvaraisten auttaminen voisi olla sinun juttusi.<\/p>\n\n\n\n<p>Luonnonvaraispuolella apua tarvitaan mm. loukkaantuneiden el\u00e4inten kiinniotossa ja hoitoon kuljettamisessa. Resursseja tarvitaan my\u00f6s loukkaantuneiden \/ muutoin apua tarvitsevien el\u00e4inten k\u00e4yt\u00e4nn\u00f6n hoitoty\u00f6h\u00f6n. Muistathan, ett\u00e4 luonnonvaraisten hoito on luvanvaraista toimintaa, lis\u00e4tietoja asiasta <a href=\"https:\/\/sey.fi\/savo\/sinustako-luonnonvaraisten-hoitaja\/\">l\u00f6yd\u00e4t t\u00e4\u00e4lt\u00e4<\/a>.<\/p>\n\n\n\n<p>Minna Pellinen puh. 040 163 3660<br>S\u00e4hk\u00f6posti: minna.pellinen@sey.fi<\/p>\n\n\n\n<h4 class=\"wp-block-heading\">6. J\u00e4rjest\u00e4isitk\u00f6 ker\u00e4yksen yst\u00e4v\u00e4piiriss\u00e4?<\/h4>\n\n\n\n<p>Mik\u00e4li l\u00e4hipiiriss\u00e4si on paljon el\u00e4inrakkaita ihmisi\u00e4, voit j\u00e4rjest\u00e4\u00e4 pienimuotoisen ruoka- tai tarvikeker\u00e4yksen ja lahjoittaa tuoton yhdistyksen kautta eteenp\u00e4in. On t\u00e4rke\u00e4\u00e4 muistaa, ett\u00e4 pienist\u00e4 puroista syntyy iso virta &#8211; yksik\u00e4\u00e4n lahjoitus ei ole liian pieni!<\/p>\n\n\n\n<h4 class=\"wp-block-heading\">Haluan osallistua toimintaan, miten p\u00e4\u00e4sen alkuun?<\/h4>\n\n\n\n<p>Mik\u00e4li olet kiinnostunut yhdistysaktiivina toimimisesta, ota yhteytt\u00e4 yhdistyksemme sihteeriin ja kerro hieman itsest\u00e4si ja siit\u00e4, millaiseen toimintaan haluaisit osallistua. <\/p>\n\n\n\n<p>Otamme my\u00f6s mielell\u00e4mme vastaan ideoita toiminnan kehitt\u00e4miseksi!<br> <br>&#8211; S\u00e4hk\u00f6posti: savo@sey.fi<br>&#8211; Puh. 040 259 5082 (my\u00f6s Whatsapp-viestit)<\/p>\n\n\n\n<figure class=\"wp-block-image size-medium\"><img loading=\"lazy\" decoding=\"async\" width=\"300\" height=\"150\" src=\"https:\/\/sey.fi\/wp-content\/uploads\/sites\/30\/2025\/03\/yhdistysesittely_savon_elainsuojelu_ry-300x150.png\" alt=\"\" class=\"wp-image-514\" srcset=\"https:\/\/sey.fi\/wp-content\/uploads\/sites\/30\/2025\/03\/yhdistysesittely_savon_elainsuojelu_ry-300x150.png 300w, https:\/\/sey.fi\/wp-content\/uploads\/sites\/30\/2025\/03\/yhdistysesittely_savon_elainsuojelu_ry-768x384.png 768w, https:\/\/sey.fi\/wp-content\/uploads\/sites\/30\/2025\/03\/yhdistysesittely_savon_elainsuojelu_ry-640x320.png 640w, https:\/\/sey.fi\/wp-content\/uploads\/sites\/30\/2025\/03\/yhdistysesittely_savon_elainsuojelu_ry-320x160.png 320w, https:\/\/sey.fi\/wp-content\/uploads\/sites\/30\/2025\/03\/yhdistysesittely_savon_elainsuojelu_ry.png 1024w\" sizes=\"auto, (max-width: 300px) 100vw, 300px\" \/><\/figure>\n","protected":false},"excerpt":{"rendered":"<p>Vapaaehtoisty\u00f6t\u00e4 el\u00e4inten auttamiseksi Savon El\u00e4insuojelun toiminta perustuu vapaaehtoisty\u00f6h\u00f6n. Jotta saisimme mahdollisimma paljon aikaiseksi, on jokaisen panos kokonaisuuden kannalta t\u00e4rke\u00e4. Yhdistyksemme aktiivit lahjoittavat omaa aikaansa alueen el\u00e4insuojeluty\u00f6n edist\u00e4miseksi. Haluaisitko sin\u00e4 tulla mukaan toimintaan? L\u00f6yd\u00e4 oma tapasi auttaa Oma el\u00e4m\u00e4ntilanne m\u00e4\u00e4ritt\u00e4\u00e4 pitk\u00e4lti sen, millaisen panoksen vapaaehtoisty\u00f6h\u00f6n voi antaa. Otamme pienenkin avun ilolla vastaan. Vapaaehtoisiltamme toivomme sitoutumista asiaan [&hellip;]<\/p>\n","protected":false},"author":27,"featured_media":0,"parent":0,"menu_order":0,"comment_status":"closed","ping_status":"closed","template":"","meta":{"_acf_changed":false,"footnotes":""},"class_list":["post-633","page","type-page","status-publish","hentry"],"acf":[],"yoast_head":"<!-- This site is optimized with the Yoast SEO plugin v27.1.1 - https:\/\/yoast.com\/product\/yoast-seo-wordpress\/ -->\n<title>Osallistu toimintaan - Savon El\u00e4insuojelu<\/title>\n<meta name=\"description\" content=\"Kiinnostaako vapaaehtoisty\u00f6 el\u00e4insuojelun parissa? Savon El\u00e4insuojelussa voi osallistua toimintaan sinulle sopivimmalla tavalla.\" \/>\n<meta name=\"robots\" content=\"index, follow, max-snippet:-1, max-image-preview:large, max-video-preview:-1\" \/>\n<link rel=\"canonical\" href=\"https:\/\/sey.fi\/savo\/osallistu-toimintaan\/\" \/>\n<meta property=\"og:locale\" content=\"fi_FI\" \/>\n<meta property=\"og:type\" content=\"article\" \/>\n<meta property=\"og:title\" content=\"Osallistu toimintaan - Savon El\u00e4insuojelu\" \/>\n<meta property=\"og:description\" content=\"Kiinnostaako vapaaehtoisty\u00f6 el\u00e4insuojelun parissa? Savon El\u00e4insuojelussa voi osallistua toimintaan sinulle sopivimmalla tavalla.\" \/>\n<meta property=\"og:url\" content=\"https:\/\/sey.fi\/savo\/osallistu-toimintaan\/\" \/>\n<meta property=\"og:site_name\" content=\"Savon El\u00e4insuojelu\" \/>\n<meta property=\"article:modified_time\" content=\"2025-12-08T17:32:23+00:00\" \/>\n<meta property=\"og:image\" content=\"https:\/\/sey.fi\/wp-content\/uploads\/sites\/30\/2025\/03\/savon_elainsuojelu_tule_mukaan_toimintaan.png\" \/>\n\t<meta property=\"og:image:width\" content=\"1024\" \/>\n\t<meta property=\"og:image:height\" content=\"512\" \/>\n\t<meta property=\"og:image:type\" content=\"image\/png\" \/>\n<meta name=\"twitter:card\" content=\"summary_large_image\" \/>\n<meta name=\"twitter:label1\" content=\"Arvioitu lukuaika\" \/>\n\t<meta name=\"twitter:data1\" content=\"3 minuuttia\" \/>\n<script type=\"application\/ld+json\" class=\"yoast-schema-graph\">{\"@context\":\"https:\/\/schema.org\",\"@graph\":[{\"@type\":\"WebPage\",\"@id\":\"https:\/\/sey.fi\/savo\/osallistu-toimintaan\/\",\"url\":\"https:\/\/sey.fi\/savo\/osallistu-toimintaan\/\",\"name\":\"Osallistu toimintaan - Savon El\u00e4insuojelu\",\"isPartOf\":{\"@id\":\"https:\/\/sey.fi\/savo\/#website\"},\"primaryImageOfPage\":{\"@id\":\"https:\/\/sey.fi\/savo\/osallistu-toimintaan\/#primaryimage\"},\"image\":{\"@id\":\"https:\/\/sey.fi\/savo\/osallistu-toimintaan\/#primaryimage\"},\"thumbnailUrl\":\"https:\/\/sey.fi\/wp-content\/uploads\/sites\/30\/2025\/03\/savon_elainsuojelu_tule_mukaan_toimintaan.png\",\"datePublished\":\"2025-03-30T09:46:36+00:00\",\"dateModified\":\"2025-12-08T17:32:23+00:00\",\"description\":\"Kiinnostaako vapaaehtoisty\u00f6 el\u00e4insuojelun parissa? Savon El\u00e4insuojelussa voi osallistua toimintaan sinulle sopivimmalla tavalla.\",\"breadcrumb\":{\"@id\":\"https:\/\/sey.fi\/savo\/osallistu-toimintaan\/#breadcrumb\"},\"inLanguage\":\"fi\",\"potentialAction\":[{\"@type\":\"ReadAction\",\"target\":[\"https:\/\/sey.fi\/savo\/osallistu-toimintaan\/\"]}]},{\"@type\":\"ImageObject\",\"inLanguage\":\"fi\",\"@id\":\"https:\/\/sey.fi\/savo\/osallistu-toimintaan\/#primaryimage\",\"url\":\"https:\/\/sey.fi\/wp-content\/uploads\/sites\/30\/2025\/03\/savon_elainsuojelu_tule_mukaan_toimintaan.png\",\"contentUrl\":\"https:\/\/sey.fi\/wp-content\/uploads\/sites\/30\/2025\/03\/savon_elainsuojelu_tule_mukaan_toimintaan.png\"},{\"@type\":\"BreadcrumbList\",\"@id\":\"https:\/\/sey.fi\/savo\/osallistu-toimintaan\/#breadcrumb\",\"itemListElement\":[{\"@type\":\"ListItem\",\"position\":1,\"name\":\"Home\",\"item\":\"https:\/\/sey.fi\/savo\/\"},{\"@type\":\"ListItem\",\"position\":2,\"name\":\"Osallistu toimintaan\"}]},{\"@type\":\"WebSite\",\"@id\":\"https:\/\/sey.fi\/savo\/#website\",\"url\":\"https:\/\/sey.fi\/savo\/\",\"name\":\"Savon El\u00e4insuojelu\",\"description\":\"Uusi SEY J\u00e4senyhdistykset -sivusto\",\"potentialAction\":[{\"@type\":\"SearchAction\",\"target\":{\"@type\":\"EntryPoint\",\"urlTemplate\":\"https:\/\/sey.fi\/savo\/?s={search_term_string}\"},\"query-input\":{\"@type\":\"PropertyValueSpecification\",\"valueRequired\":true,\"valueName\":\"search_term_string\"}}],\"inLanguage\":\"fi\"}]}<\/script>\n<!-- \/ Yoast SEO plugin. -->","yoast_head_json":{"title":"Osallistu toimintaan - Savon El\u00e4insuojelu","description":"Kiinnostaako vapaaehtoisty\u00f6 el\u00e4insuojelun parissa? Savon El\u00e4insuojelussa voi osallistua toimintaan sinulle sopivimmalla tavalla.","robots":{"index":"index","follow":"follow","max-snippet":"max-snippet:-1","max-image-preview":"max-image-preview:large","max-video-preview":"max-video-preview:-1"},"canonical":"https:\/\/sey.fi\/savo\/osallistu-toimintaan\/","og_locale":"fi_FI","og_type":"article","og_title":"Osallistu toimintaan - Savon El\u00e4insuojelu","og_description":"Kiinnostaako vapaaehtoisty\u00f6 el\u00e4insuojelun parissa? Savon El\u00e4insuojelussa voi osallistua toimintaan sinulle sopivimmalla tavalla.","og_url":"https:\/\/sey.fi\/savo\/osallistu-toimintaan\/","og_site_name":"Savon El\u00e4insuojelu","article_modified_time":"2025-12-08T17:32:23+00:00","og_image":[{"width":1024,"height":512,"url":"https:\/\/sey.fi\/wp-content\/uploads\/sites\/30\/2025\/03\/savon_elainsuojelu_tule_mukaan_toimintaan.png","type":"image\/png"}],"twitter_card":"summary_large_image","twitter_misc":{"Arvioitu lukuaika":"3 minuuttia"},"schema":{"@context":"https:\/\/schema.org","@graph":[{"@type":"WebPage","@id":"https:\/\/sey.fi\/savo\/osallistu-toimintaan\/","url":"https:\/\/sey.fi\/savo\/osallistu-toimintaan\/","name":"Osallistu toimintaan - Savon El\u00e4insuojelu","isPartOf":{"@id":"https:\/\/sey.fi\/savo\/#website"},"primaryImageOfPage":{"@id":"https:\/\/sey.fi\/savo\/osallistu-toimintaan\/#primaryimage"},"image":{"@id":"https:\/\/sey.fi\/savo\/osallistu-toimintaan\/#primaryimage"},"thumbnailUrl":"https:\/\/sey.fi\/wp-content\/uploads\/sites\/30\/2025\/03\/savon_elainsuojelu_tule_mukaan_toimintaan.png","datePublished":"2025-03-30T09:46:36+00:00","dateModified":"2025-12-08T17:32:23+00:00","description":"Kiinnostaako vapaaehtoisty\u00f6 el\u00e4insuojelun parissa? Savon El\u00e4insuojelussa voi osallistua toimintaan sinulle sopivimmalla tavalla.","breadcrumb":{"@id":"https:\/\/sey.fi\/savo\/osallistu-toimintaan\/#breadcrumb"},"inLanguage":"fi","potentialAction":[{"@type":"ReadAction","target":["https:\/\/sey.fi\/savo\/osallistu-toimintaan\/"]}]},{"@type":"ImageObject","inLanguage":"fi","@id":"https:\/\/sey.fi\/savo\/osallistu-toimintaan\/#primaryimage","url":"https:\/\/sey.fi\/wp-content\/uploads\/sites\/30\/2025\/03\/savon_elainsuojelu_tule_mukaan_toimintaan.png","contentUrl":"https:\/\/sey.fi\/wp-content\/uploads\/sites\/30\/2025\/03\/savon_elainsuojelu_tule_mukaan_toimintaan.png"},{"@type":"BreadcrumbList","@id":"https:\/\/sey.fi\/savo\/osallistu-toimintaan\/#breadcrumb","itemListElement":[{"@type":"ListItem","position":1,"name":"Home","item":"https:\/\/sey.fi\/savo\/"},{"@type":"ListItem","position":2,"name":"Osallistu toimintaan"}]},{"@type":"WebSite","@id":"https:\/\/sey.fi\/savo\/#website","url":"https:\/\/sey.fi\/savo\/","name":"Savon El\u00e4insuojelu","description":"Uusi SEY J\u00e4senyhdistykset -sivusto","potentialAction":[{"@type":"SearchAction","target":{"@type":"EntryPoint","urlTemplate":"https:\/\/sey.fi\/savo\/?s={search_term_string}"},"query-input":{"@type":"PropertyValueSpecification","valueRequired":true,"valueName":"search_term_string"}}],"inLanguage":"fi"}]}},"_links":{"self":[{"href":"https:\/\/sey.fi\/savo\/wp-json\/wp\/v2\/pages\/633","targetHints":{"allow":["GET"]}}],"collection":[{"href":"https:\/\/sey.fi\/savo\/wp-json\/wp\/v2\/pages"}],"about":[{"href":"https:\/\/sey.fi\/savo\/wp-json\/wp\/v2\/types\/page"}],"author":[{"embeddable":true,"href":"https:\/\/sey.fi\/savo\/wp-json\/wp\/v2\/users\/27"}],"replies":[{"embeddable":true,"href":"https:\/\/sey.fi\/savo\/wp-json\/wp\/v2\/comments?post=633"}],"version-history":[{"count":10,"href":"https:\/\/sey.fi\/savo\/wp-json\/wp\/v2\/pages\/633\/revisions"}],"predecessor-version":[{"id":936,"href":"https:\/\/sey.fi\/savo\/wp-json\/wp\/v2\/pages\/633\/revisions\/936"}],"wp:attachment":[{"href":"https:\/\/sey.fi\/savo\/wp-json\/wp\/v2\/media?parent=633"}],"curies":[{"name":"wp","href":"https:\/\/api.w.org\/{rel}","templated":true}]}}