{"id":778,"date":"2025-09-04T21:40:39","date_gmt":"2025-09-04T18:40:39","guid":{"rendered":"https:\/\/sey.fi\/savo\/?page_id=778"},"modified":"2025-09-06T18:15:54","modified_gmt":"2025-09-06T15:15:54","slug":"sinustako-luonnonvaraisten-hoitaja","status":"publish","type":"page","link":"https:\/\/sey.fi\/savo\/sinustako-luonnonvaraisten-hoitaja\/","title":{"rendered":"Ohjeet vapaaehtoisille luonnonvaraisten el\u00e4inten hoitajille"},"content":{"rendered":"\n<figure class=\"wp-block-image size-full\"><img loading=\"lazy\" decoding=\"async\" width=\"1024\" height=\"512\" src=\"https:\/\/sey.fi\/wp-content\/uploads\/sites\/30\/2025\/03\/yhdistysesittely_savon_elainsuojelu_ry.png\" alt=\"\" class=\"wp-image-514\" srcset=\"https:\/\/sey.fi\/wp-content\/uploads\/sites\/30\/2025\/03\/yhdistysesittely_savon_elainsuojelu_ry.png 1024w, https:\/\/sey.fi\/wp-content\/uploads\/sites\/30\/2025\/03\/yhdistysesittely_savon_elainsuojelu_ry-300x150.png 300w, https:\/\/sey.fi\/wp-content\/uploads\/sites\/30\/2025\/03\/yhdistysesittely_savon_elainsuojelu_ry-768x384.png 768w, https:\/\/sey.fi\/wp-content\/uploads\/sites\/30\/2025\/03\/yhdistysesittely_savon_elainsuojelu_ry-640x320.png 640w, https:\/\/sey.fi\/wp-content\/uploads\/sites\/30\/2025\/03\/yhdistysesittely_savon_elainsuojelu_ry-320x160.png 320w\" sizes=\"auto, (max-width: 1024px) 100vw, 1024px\" \/><\/figure>\n\n\n\n<p>Luonnonvaraisten el\u00e4inten hoito on luvan varaista ja laissa s\u00e4\u00e4delty\u00e4 toimintaa. <br><br>Savon El\u00e4insuojelu haluaa olla osaltaan tukemassa luonnonvaraisten hoitajia korvaamalla el\u00e4inten hoidosta aiheutuneita kuluja m\u00e4\u00e4rittelemiens\u00e4 periaatteiden mukaisesti. <br><br>Mik\u00e4li olet <strong>yhdistyksemme j\u00e4sen<\/strong> ja osallistut Pohjois-Savon alueella luonnonvaraisten hoitoon tai jos luonnonvaraisten hoito kiinnostaa sinua, tutustu <strong>yhdistyksen ohjeisiin ja kulujen korvausperiaatteisiin<\/strong>. Ohjeet l\u00f6ytyv\u00e4t alla olevasta linkist\u00e4.<br> <a href=\"https:\/\/sey.fi\/wp-content\/uploads\/sites\/30\/2025\/09\/Luva_ohje_0925.pdf\"><br><strong>OHJEET VAPAAEHTOISILLE LUONNONVARAISTEN EL\u00c4INTEN HOITAJILLE<\/strong><\/a><br> <br>Mik\u00e4li liitteen linkit eiv\u00e4t aukea, p\u00e4\u00e4set niihin t\u00e4\u00e4lt\u00e4: <br><strong><a href=\"https:\/\/avi.fi\/asioi\/yritys-tai-yhteiso\/luvat-ilmoitukset-ja-hakemukset\/elaimet\/luonnonvaraisten-elainten-hoitolat\">Ohjeet ilmoituksen tekoon, Aluehallintoviraston verkkosivut<\/a>  <\/strong><br><br><a href=\"https:\/\/julkaisut.valtioneuvosto.fi\/bitstream\/handle\/10024\/165856\/Luonnonvaraisten-elainten-hoito-opas-toimintaperiaatteisiin.pdf?sequence=1&amp;isAllowed=y\"><strong>Luonnonvaraisten el\u00e4inten hoito &#8211; opas toimintaperiaatteisiin<\/strong><\/a><\/p>\n\n\n\n<p><\/p>\n","protected":false},"excerpt":{"rendered":"<p>Luonnonvaraisten el\u00e4inten hoito on luvan varaista ja laissa s\u00e4\u00e4delty\u00e4 toimintaa. Savon El\u00e4insuojelu haluaa olla osaltaan tukemassa luonnonvaraisten hoitajia korvaamalla el\u00e4inten hoidosta aiheutuneita kuluja m\u00e4\u00e4rittelemiens\u00e4 periaatteiden mukaisesti. Mik\u00e4li olet yhdistyksemme j\u00e4sen ja osallistut Pohjois-Savon alueella luonnonvaraisten hoitoon tai jos luonnonvaraisten hoito kiinnostaa sinua, tutustu yhdistyksen ohjeisiin ja kulujen korvausperiaatteisiin. Ohjeet l\u00f6ytyv\u00e4t alla olevasta linkist\u00e4. OHJEET VAPAAEHTOISILLE [&hellip;]<\/p>\n","protected":false},"author":27,"featured_media":0,"parent":0,"menu_order":0,"comment_status":"closed","ping_status":"closed","template":"","meta":{"_acf_changed":false,"footnotes":""},"class_list":["post-778","page","type-page","status-publish","hentry"],"acf":[],"yoast_head":"<!-- This site is optimized with the Yoast SEO plugin v27.1.1 - https:\/\/yoast.com\/product\/yoast-seo-wordpress\/ -->\n<title>Ohjeet vapaaehtoisille luonnonvaraisten el\u00e4inten hoitajille - Savon El\u00e4insuojelu<\/title>\n<meta name=\"description\" content=\"Tiesitk\u00f6, ett\u00e4 luonnonvaraisten el\u00e4inten hoitaminen on luvan varaista ja laissa m\u00e4\u00e4ritelty\u00e4 toimintaa? Mik\u00e4li yhdistyksemme j\u00e4sen hoitaa luonnonvaraisia el\u00e4imi\u00e4, voi yhdistys korvata j\u00e4senelle hoidosta aiheutuvia kuluja m\u00e4\u00e4rittelemiens\u00e4 periaatteiden mukaisesti.\" \/>\n<meta name=\"robots\" content=\"index, follow, max-snippet:-1, max-image-preview:large, max-video-preview:-1\" \/>\n<link rel=\"canonical\" href=\"https:\/\/sey.fi\/savo\/sinustako-luonnonvaraisten-hoitaja\/\" \/>\n<meta property=\"og:locale\" content=\"fi_FI\" \/>\n<meta property=\"og:type\" content=\"article\" \/>\n<meta property=\"og:title\" content=\"Ohjeet vapaaehtoisille luonnonvaraisten el\u00e4inten hoitajille - Savon El\u00e4insuojelu\" \/>\n<meta property=\"og:description\" content=\"Tiesitk\u00f6, ett\u00e4 luonnonvaraisten el\u00e4inten hoitaminen on luvan varaista ja laissa m\u00e4\u00e4ritelty\u00e4 toimintaa? Mik\u00e4li yhdistyksemme j\u00e4sen hoitaa luonnonvaraisia el\u00e4imi\u00e4, voi yhdistys korvata j\u00e4senelle hoidosta aiheutuvia kuluja m\u00e4\u00e4rittelemiens\u00e4 periaatteiden mukaisesti.\" \/>\n<meta property=\"og:url\" content=\"https:\/\/sey.fi\/savo\/sinustako-luonnonvaraisten-hoitaja\/\" \/>\n<meta property=\"og:site_name\" content=\"Savon El\u00e4insuojelu\" \/>\n<meta property=\"article:modified_time\" content=\"2025-09-06T15:15:54+00:00\" \/>\n<meta property=\"og:image\" content=\"https:\/\/sey.fi\/wp-content\/uploads\/sites\/30\/2025\/03\/yhdistysesittely_savon_elainsuojelu_ry.png\" \/>\n\t<meta property=\"og:image:width\" content=\"1024\" \/>\n\t<meta property=\"og:image:height\" content=\"512\" \/>\n\t<meta property=\"og:image:type\" content=\"image\/png\" \/>\n<meta name=\"twitter:card\" content=\"summary_large_image\" \/>\n<meta name=\"twitter:label1\" content=\"Arvioitu lukuaika\" \/>\n\t<meta name=\"twitter:data1\" content=\"1 minuutti\" \/>\n<script type=\"application\/ld+json\" class=\"yoast-schema-graph\">{\"@context\":\"https:\/\/schema.org\",\"@graph\":[{\"@type\":\"WebPage\",\"@id\":\"https:\/\/sey.fi\/savo\/sinustako-luonnonvaraisten-hoitaja\/\",\"url\":\"https:\/\/sey.fi\/savo\/sinustako-luonnonvaraisten-hoitaja\/\",\"name\":\"Ohjeet vapaaehtoisille luonnonvaraisten el\u00e4inten hoitajille - Savon El\u00e4insuojelu\",\"isPartOf\":{\"@id\":\"https:\/\/sey.fi\/savo\/#website\"},\"primaryImageOfPage\":{\"@id\":\"https:\/\/sey.fi\/savo\/sinustako-luonnonvaraisten-hoitaja\/#primaryimage\"},\"image\":{\"@id\":\"https:\/\/sey.fi\/savo\/sinustako-luonnonvaraisten-hoitaja\/#primaryimage\"},\"thumbnailUrl\":\"https:\/\/sey.fi\/wp-content\/uploads\/sites\/30\/2025\/03\/yhdistysesittely_savon_elainsuojelu_ry.png\",\"datePublished\":\"2025-09-04T18:40:39+00:00\",\"dateModified\":\"2025-09-06T15:15:54+00:00\",\"description\":\"Tiesitk\u00f6, ett\u00e4 luonnonvaraisten el\u00e4inten hoitaminen on luvan varaista ja laissa m\u00e4\u00e4ritelty\u00e4 toimintaa? Mik\u00e4li yhdistyksemme j\u00e4sen hoitaa luonnonvaraisia el\u00e4imi\u00e4, voi yhdistys korvata j\u00e4senelle hoidosta aiheutuvia kuluja m\u00e4\u00e4rittelemiens\u00e4 periaatteiden mukaisesti.\",\"breadcrumb\":{\"@id\":\"https:\/\/sey.fi\/savo\/sinustako-luonnonvaraisten-hoitaja\/#breadcrumb\"},\"inLanguage\":\"fi\",\"potentialAction\":[{\"@type\":\"ReadAction\",\"target\":[\"https:\/\/sey.fi\/savo\/sinustako-luonnonvaraisten-hoitaja\/\"]}]},{\"@type\":\"ImageObject\",\"inLanguage\":\"fi\",\"@id\":\"https:\/\/sey.fi\/savo\/sinustako-luonnonvaraisten-hoitaja\/#primaryimage\",\"url\":\"https:\/\/sey.fi\/wp-content\/uploads\/sites\/30\/2025\/03\/yhdistysesittely_savon_elainsuojelu_ry.png\",\"contentUrl\":\"https:\/\/sey.fi\/wp-content\/uploads\/sites\/30\/2025\/03\/yhdistysesittely_savon_elainsuojelu_ry.png\"},{\"@type\":\"BreadcrumbList\",\"@id\":\"https:\/\/sey.fi\/savo\/sinustako-luonnonvaraisten-hoitaja\/#breadcrumb\",\"itemListElement\":[{\"@type\":\"ListItem\",\"position\":1,\"name\":\"Home\",\"item\":\"https:\/\/sey.fi\/savo\/\"},{\"@type\":\"ListItem\",\"position\":2,\"name\":\"Ohjeet vapaaehtoisille luonnonvaraisten el\u00e4inten hoitajille\"}]},{\"@type\":\"WebSite\",\"@id\":\"https:\/\/sey.fi\/savo\/#website\",\"url\":\"https:\/\/sey.fi\/savo\/\",\"name\":\"Savon El\u00e4insuojelu\",\"description\":\"Uusi SEY J\u00e4senyhdistykset -sivusto\",\"potentialAction\":[{\"@type\":\"SearchAction\",\"target\":{\"@type\":\"EntryPoint\",\"urlTemplate\":\"https:\/\/sey.fi\/savo\/?s={search_term_string}\"},\"query-input\":{\"@type\":\"PropertyValueSpecification\",\"valueRequired\":true,\"valueName\":\"search_term_string\"}}],\"inLanguage\":\"fi\"}]}<\/script>\n<!-- \/ Yoast SEO plugin. -->","yoast_head_json":{"title":"Ohjeet vapaaehtoisille luonnonvaraisten el\u00e4inten hoitajille - Savon El\u00e4insuojelu","description":"Tiesitk\u00f6, ett\u00e4 luonnonvaraisten el\u00e4inten hoitaminen on luvan varaista ja laissa m\u00e4\u00e4ritelty\u00e4 toimintaa? Mik\u00e4li yhdistyksemme j\u00e4sen hoitaa luonnonvaraisia el\u00e4imi\u00e4, voi yhdistys korvata j\u00e4senelle hoidosta aiheutuvia kuluja m\u00e4\u00e4rittelemiens\u00e4 periaatteiden mukaisesti.","robots":{"index":"index","follow":"follow","max-snippet":"max-snippet:-1","max-image-preview":"max-image-preview:large","max-video-preview":"max-video-preview:-1"},"canonical":"https:\/\/sey.fi\/savo\/sinustako-luonnonvaraisten-hoitaja\/","og_locale":"fi_FI","og_type":"article","og_title":"Ohjeet vapaaehtoisille luonnonvaraisten el\u00e4inten hoitajille - Savon El\u00e4insuojelu","og_description":"Tiesitk\u00f6, ett\u00e4 luonnonvaraisten el\u00e4inten hoitaminen on luvan varaista ja laissa m\u00e4\u00e4ritelty\u00e4 toimintaa? Mik\u00e4li yhdistyksemme j\u00e4sen hoitaa luonnonvaraisia el\u00e4imi\u00e4, voi yhdistys korvata j\u00e4senelle hoidosta aiheutuvia kuluja m\u00e4\u00e4rittelemiens\u00e4 periaatteiden mukaisesti.","og_url":"https:\/\/sey.fi\/savo\/sinustako-luonnonvaraisten-hoitaja\/","og_site_name":"Savon El\u00e4insuojelu","article_modified_time":"2025-09-06T15:15:54+00:00","og_image":[{"width":1024,"height":512,"url":"https:\/\/sey.fi\/wp-content\/uploads\/sites\/30\/2025\/03\/yhdistysesittely_savon_elainsuojelu_ry.png","type":"image\/png"}],"twitter_card":"summary_large_image","twitter_misc":{"Arvioitu lukuaika":"1 minuutti"},"schema":{"@context":"https:\/\/schema.org","@graph":[{"@type":"WebPage","@id":"https:\/\/sey.fi\/savo\/sinustako-luonnonvaraisten-hoitaja\/","url":"https:\/\/sey.fi\/savo\/sinustako-luonnonvaraisten-hoitaja\/","name":"Ohjeet vapaaehtoisille luonnonvaraisten el\u00e4inten hoitajille - Savon El\u00e4insuojelu","isPartOf":{"@id":"https:\/\/sey.fi\/savo\/#website"},"primaryImageOfPage":{"@id":"https:\/\/sey.fi\/savo\/sinustako-luonnonvaraisten-hoitaja\/#primaryimage"},"image":{"@id":"https:\/\/sey.fi\/savo\/sinustako-luonnonvaraisten-hoitaja\/#primaryimage"},"thumbnailUrl":"https:\/\/sey.fi\/wp-content\/uploads\/sites\/30\/2025\/03\/yhdistysesittely_savon_elainsuojelu_ry.png","datePublished":"2025-09-04T18:40:39+00:00","dateModified":"2025-09-06T15:15:54+00:00","description":"Tiesitk\u00f6, ett\u00e4 luonnonvaraisten el\u00e4inten hoitaminen on luvan varaista ja laissa m\u00e4\u00e4ritelty\u00e4 toimintaa? Mik\u00e4li yhdistyksemme j\u00e4sen hoitaa luonnonvaraisia el\u00e4imi\u00e4, voi yhdistys korvata j\u00e4senelle hoidosta aiheutuvia kuluja m\u00e4\u00e4rittelemiens\u00e4 periaatteiden mukaisesti.","breadcrumb":{"@id":"https:\/\/sey.fi\/savo\/sinustako-luonnonvaraisten-hoitaja\/#breadcrumb"},"inLanguage":"fi","potentialAction":[{"@type":"ReadAction","target":["https:\/\/sey.fi\/savo\/sinustako-luonnonvaraisten-hoitaja\/"]}]},{"@type":"ImageObject","inLanguage":"fi","@id":"https:\/\/sey.fi\/savo\/sinustako-luonnonvaraisten-hoitaja\/#primaryimage","url":"https:\/\/sey.fi\/wp-content\/uploads\/sites\/30\/2025\/03\/yhdistysesittely_savon_elainsuojelu_ry.png","contentUrl":"https:\/\/sey.fi\/wp-content\/uploads\/sites\/30\/2025\/03\/yhdistysesittely_savon_elainsuojelu_ry.png"},{"@type":"BreadcrumbList","@id":"https:\/\/sey.fi\/savo\/sinustako-luonnonvaraisten-hoitaja\/#breadcrumb","itemListElement":[{"@type":"ListItem","position":1,"name":"Home","item":"https:\/\/sey.fi\/savo\/"},{"@type":"ListItem","position":2,"name":"Ohjeet vapaaehtoisille luonnonvaraisten el\u00e4inten hoitajille"}]},{"@type":"WebSite","@id":"https:\/\/sey.fi\/savo\/#website","url":"https:\/\/sey.fi\/savo\/","name":"Savon El\u00e4insuojelu","description":"Uusi SEY J\u00e4senyhdistykset -sivusto","potentialAction":[{"@type":"SearchAction","target":{"@type":"EntryPoint","urlTemplate":"https:\/\/sey.fi\/savo\/?s={search_term_string}"},"query-input":{"@type":"PropertyValueSpecification","valueRequired":true,"valueName":"search_term_string"}}],"inLanguage":"fi"}]}},"_links":{"self":[{"href":"https:\/\/sey.fi\/savo\/wp-json\/wp\/v2\/pages\/778","targetHints":{"allow":["GET"]}}],"collection":[{"href":"https:\/\/sey.fi\/savo\/wp-json\/wp\/v2\/pages"}],"about":[{"href":"https:\/\/sey.fi\/savo\/wp-json\/wp\/v2\/types\/page"}],"author":[{"embeddable":true,"href":"https:\/\/sey.fi\/savo\/wp-json\/wp\/v2\/users\/27"}],"replies":[{"embeddable":true,"href":"https:\/\/sey.fi\/savo\/wp-json\/wp\/v2\/comments?post=778"}],"version-history":[{"count":14,"href":"https:\/\/sey.fi\/savo\/wp-json\/wp\/v2\/pages\/778\/revisions"}],"predecessor-version":[{"id":806,"href":"https:\/\/sey.fi\/savo\/wp-json\/wp\/v2\/pages\/778\/revisions\/806"}],"wp:attachment":[{"href":"https:\/\/sey.fi\/savo\/wp-json\/wp\/v2\/media?parent=778"}],"curies":[{"name":"wp","href":"https:\/\/api.w.org\/{rel}","templated":true}]}}