{"id":8,"date":"2019-11-18T16:01:09","date_gmt":"2019-11-18T14:01:09","guid":{"rendered":"http:\/\/srvr10.xetpoint.com\/~seyfi\/savo\/?page_id=8"},"modified":"2026-04-08T22:02:18","modified_gmt":"2026-04-08T19:02:18","slug":"ajankohtaista","status":"publish","type":"page","link":"https:\/\/sey.fi\/savo\/savon-elainsuojelu-ry\/ajankohtaista\/","title":{"rendered":"Ajankohtaista"},"content":{"rendered":"\n<figure class=\"wp-block-image size-large\"><img loading=\"lazy\" decoding=\"async\" width=\"1024\" height=\"512\" src=\"https:\/\/sey.fi\/wp-content\/uploads\/sites\/30\/2026\/04\/kevatkokous_2026_uutiskirje-1-1024x512.png\" alt=\"\" class=\"wp-image-1009\" srcset=\"https:\/\/sey.fi\/wp-content\/uploads\/sites\/30\/2026\/04\/kevatkokous_2026_uutiskirje-1-1024x512.png 1024w, https:\/\/sey.fi\/wp-content\/uploads\/sites\/30\/2026\/04\/kevatkokous_2026_uutiskirje-1-300x150.png 300w, https:\/\/sey.fi\/wp-content\/uploads\/sites\/30\/2026\/04\/kevatkokous_2026_uutiskirje-1-768x384.png 768w, https:\/\/sey.fi\/wp-content\/uploads\/sites\/30\/2026\/04\/kevatkokous_2026_uutiskirje-1-1536x768.png 1536w, https:\/\/sey.fi\/wp-content\/uploads\/sites\/30\/2026\/04\/kevatkokous_2026_uutiskirje-1-2048x1024.png 2048w, https:\/\/sey.fi\/wp-content\/uploads\/sites\/30\/2026\/04\/kevatkokous_2026_uutiskirje-1-1920x960.png 1920w, https:\/\/sey.fi\/wp-content\/uploads\/sites\/30\/2026\/04\/kevatkokous_2026_uutiskirje-1-1280x640.png 1280w, https:\/\/sey.fi\/wp-content\/uploads\/sites\/30\/2026\/04\/kevatkokous_2026_uutiskirje-1-640x320.png 640w, https:\/\/sey.fi\/wp-content\/uploads\/sites\/30\/2026\/04\/kevatkokous_2026_uutiskirje-1-320x160.png 320w\" sizes=\"auto, (max-width: 1024px) 100vw, 1024px\" \/><\/figure>\n\n\n\n<h2 class=\"wp-block-heading\">Tervetuloa yhdistyksen s\u00e4\u00e4nt\u00f6m\u00e4\u00e4r\u00e4iseen kev\u00e4tkokoukseen!<\/h2>\n\n\n\n<p>Yhdistyksen s\u00e4\u00e4nt\u00f6m\u00e4\u00e4r\u00e4inen kev\u00e4tkokous j\u00e4rjestet\u00e4\u00e4n sunnuntaina 26.4.2026 klo 13 alkaen Luontotuvalla Kuopiossa (Puijonkatu 15). Osallistua voi my\u00f6s Teams et\u00e4yhteydell\u00e4.<\/p>\n\n\n\n<p>Ilmoittautumiset s\u00e4hk\u00f6postitse viim. perjantaina 24.4.2026 <br>Mainitse ilmoittautumisen yhteydess\u00e4 osallistutko kokoukseen paikan p\u00e4\u00e4ll\u00e4 vai et\u00e4yhteyden kautta. Et\u00e4yhteyden kautta osallistujia pyydet\u00e4\u00e4n ilmoittamaan s\u00e4hk\u00f6postiosoite, jonne voimme laittaa osallistumislinkin. Linkki tulee kokousta edelt\u00e4v\u00e4n\u00e4 p\u00e4iv\u00e4n\u00e4.<\/p>\n\n\n\n<p><strong>Kokouksen asialista:<\/strong><\/p>\n\n\n\n<p>1. Kokouksen avaus<br>2. Kokouksen j\u00e4rjest\u00e4ytyminen<br>3. Osanottajat, laillisuus ja p\u00e4\u00e4t\u00f6svaltaisuus<br>4. Ty\u00f6j\u00e4rjestys<br>5. Vuoden 2025 toimintakertomus<br>6. Vuoden 2025 tilinp\u00e4\u00e4t\u00f6s, tase ja toiminnantarkastajan lausunto<br>7. Tilinp\u00e4\u00e4t\u00f6ksen vahvistaminen<br>8. Vastuuvapauden my\u00f6nt\u00e4minen hallitukselle vuoden 2025 tileist\u00e4<br>9. Aloitteet ja hallituksen niist\u00e4 antamat lausunnot<br>10. Keskustelua kokouksessa esiin tulleista asioista<br>11. Kokouksen p\u00e4\u00e4tt\u00e4minen<\/p>\n\n\n\n<p>Tervetuloa kaikki j\u00e4senet!<\/p>\n\n\n\n<hr class=\"wp-block-separator has-alpha-channel-opacity\" \/>\n\n\n\n<figure class=\"wp-block-image size-large\"><img loading=\"lazy\" decoding=\"async\" width=\"1024\" height=\"512\" src=\"https:\/\/sey.fi\/wp-content\/uploads\/sites\/30\/2026\/02\/sirutusyhteistyo_kaavin_kunnanelainlaakari-1024x512.png\" alt=\"\" class=\"wp-image-998\" srcset=\"https:\/\/sey.fi\/wp-content\/uploads\/sites\/30\/2026\/02\/sirutusyhteistyo_kaavin_kunnanelainlaakari-1024x512.png 1024w, https:\/\/sey.fi\/wp-content\/uploads\/sites\/30\/2026\/02\/sirutusyhteistyo_kaavin_kunnanelainlaakari-300x150.png 300w, https:\/\/sey.fi\/wp-content\/uploads\/sites\/30\/2026\/02\/sirutusyhteistyo_kaavin_kunnanelainlaakari-768x384.png 768w, https:\/\/sey.fi\/wp-content\/uploads\/sites\/30\/2026\/02\/sirutusyhteistyo_kaavin_kunnanelainlaakari-1536x768.png 1536w, https:\/\/sey.fi\/wp-content\/uploads\/sites\/30\/2026\/02\/sirutusyhteistyo_kaavin_kunnanelainlaakari-1280x640.png 1280w, https:\/\/sey.fi\/wp-content\/uploads\/sites\/30\/2026\/02\/sirutusyhteistyo_kaavin_kunnanelainlaakari-640x320.png 640w, https:\/\/sey.fi\/wp-content\/uploads\/sites\/30\/2026\/02\/sirutusyhteistyo_kaavin_kunnanelainlaakari-320x160.png 320w, https:\/\/sey.fi\/wp-content\/uploads\/sites\/30\/2026\/02\/sirutusyhteistyo_kaavin_kunnanelainlaakari.png 1920w\" sizes=\"auto, (max-width: 1024px) 100vw, 1024px\" \/><\/figure>\n\n\n\n<h2 class=\"wp-block-heading\">SIRUTUSYHTEISTY\u00d6 Kaavin kunnanel\u00e4inl\u00e4\u00e4k\u00e4ri &amp; Savon El\u00e4insuojelu<\/h2>\n\n\n\n<p>Olemme tehneet yhteisty\u00f6sopimuksen Kaavin kunnanel\u00e4inl\u00e4\u00e4k\u00e4rin kanssa kissojen siruttamisen osalta. Tarjoamme kissallesi mikrosirun veloituksetta <strong>muun, maksullisen el\u00e4inl\u00e4\u00e4k\u00e4rin tekem\u00e4n toimenpiteen yhteydess\u00e4.<\/strong><\/p>\n\n\n\n<p>Savon El\u00e4insuojelu tarjoaa sirun ja Kaavin kunnanel\u00e4inl\u00e4\u00e4k\u00e4ri lahjoittaa sirutustoimenpiteen. Yhdistys huolehtii lis\u00e4ksi sirujen rekister\u00f6innin Mikrosiru-palveluun.<\/p>\n\n\n\n<p>Yhteisty\u00f6ll\u00e4 haluamme olla tukemassa kissojen siruttamista sek\u00e4 edesauttaa karkulaisten palautumista takaisin omiin koteihin. T\u00e4t\u00e4 kautta pyrimme vaikuttamaan ennaltaehk\u00e4isev\u00e4sti my\u00f6s kissapopulaatioiden syntyyn.<\/p>\n\n\n\n<p>Lis\u00e4tietoja saa Kaavin kunnanel\u00e4inl\u00e4\u00e4k\u00e4rilt\u00e4. Kiit\u00e4mme t\u00e4st\u00e4 yhteisty\u00f6mahdollisuudesta\u2763\ufe0f<\/p>\n\n\n\n<hr class=\"wp-block-separator has-alpha-channel-opacity\" \/>\n\n\n\n<p class=\"has-luminous-vivid-amber-to-luminous-vivid-orange-gradient-background has-background has-medium-font-size\"><strong>HUOMIO!<\/strong> <strong>LAHJOITUSTEN VASTAANOTTOON TULLUT MUUTOKSIA!<\/strong><\/p>\n\n\n\n<p style=\"text-decoration:underline\">1.9.2025 <br><strong>YHDISTYKSEMME EI OTA JATKOSSA VASTAAN TEKSTIILI- EIK\u00c4 TAVARALAHJOITUKSIA<\/strong><\/p>\n\n\n\n<p>Yhdistyksemme hallitus p\u00e4\u00e4tti kokouksessaan 31.8.2025, ett\u00e4 emme en\u00e4\u00e4 ota vastaan tekstiili- tai tavaralahjoituksia. P\u00e4\u00e4t\u00f6ksen taustalla on se, ett\u00e4 lahjoitusten s\u00e4ilytt\u00e4minen vie runsaasti varastotilaa ja varastoinnista syntyy yhdistykselle huomattavia vuotuisia kustannuksia.<\/p>\n\n\n\n<p>Koska toimintamme perustuu lahjoitusvaroihin, haluamme k\u00e4ytt\u00e4\u00e4 saamamme varat mahdollisimman tehokkaasti juuri sinne, miss\u00e4 apua eniten tarvitaan.<\/p>\n\n\n\n<p>P\u00e4\u00e4t\u00f6ksen my\u00f6t\u00e4 my\u00f6s lahjoituspisteemme lopettavat tekstiili- ja tavaralahjoitusten vastaanottamisen. Ohjaamme tekstiili- ja tavaralahjoitusten osalta yst\u00e4v\u00e4llisesti k\u00e4\u00e4ntym\u00e4\u00e4n muiden alueella toimivien el\u00e4insuojeluyhdistysten puoleen (Kallan El\u00e4insuojelu ry ja Kuopion seudun el\u00e4insuojeluyhdistys ry).<\/p>\n\n\n\n<p><strong>VOIT EDELLEEN LAHJOITTAA MEILLE <\/strong><br>&#8211; <strong>el\u00e4inten ruokaa<\/strong>, varsinkin kissojen ja koirien m\u00e4rk\u00e4ruoasta on pulaa<br>&#8211; <strong>kissanhiekkaa<\/strong>, erityisesti paakkuuntuvalle kissanhiekalle on tarvetta <br>&#8211; <strong>siivoustarvikkeita ja desinfiointiaineita<\/strong>: talouspaperia, suojak\u00e4sineit\u00e4, roskapusseja, yleispesuaineita ja kloriittia, pyykinpesuainetta, konetiskiainetta, pintojen desinfiointiainetta (Sanytol spray) <br><br>Toimintaamme voi tukea my\u00f6s <strong>rahalahjoituksin<\/strong> (<a href=\"https:\/\/sey.fi\/savo\/savon-elainsuojelu-ry\/tue-toimintaa\/\">lis\u00e4tietoja l\u00f6yd\u00e4t t\u00e4\u00e4lt\u00e4<\/a>)<\/p>\n\n\n\n<p>Kiitos ymm\u00e4rryksest\u00e4 asian suhteen!   <br>Kiitos, ett\u00e4 autatte kanssamme!<\/p>\n\n\n\n<hr class=\"wp-block-separator has-alpha-channel-opacity\" \/>\n","protected":false},"excerpt":{"rendered":"<p>Tervetuloa yhdistyksen s\u00e4\u00e4nt\u00f6m\u00e4\u00e4r\u00e4iseen kev\u00e4tkokoukseen! Yhdistyksen s\u00e4\u00e4nt\u00f6m\u00e4\u00e4r\u00e4inen kev\u00e4tkokous j\u00e4rjestet\u00e4\u00e4n sunnuntaina 26.4.2026 klo 13 alkaen Luontotuvalla Kuopiossa (Puijonkatu 15). Osallistua voi my\u00f6s Teams et\u00e4yhteydell\u00e4. Ilmoittautumiset s\u00e4hk\u00f6postitse viim. perjantaina 24.4.2026 Mainitse ilmoittautumisen yhteydess\u00e4 osallistutko kokoukseen paikan p\u00e4\u00e4ll\u00e4 vai et\u00e4yhteyden kautta. Et\u00e4yhteyden kautta osallistujia pyydet\u00e4\u00e4n ilmoittamaan s\u00e4hk\u00f6postiosoite, jonne voimme laittaa osallistumislinkin. Linkki tulee kokousta edelt\u00e4v\u00e4n\u00e4 p\u00e4iv\u00e4n\u00e4. Kokouksen asialista: 1. [&hellip;]<\/p>\n","protected":false},"author":8,"featured_media":0,"parent":2,"menu_order":0,"comment_status":"closed","ping_status":"closed","template":"","meta":{"_acf_changed":false,"footnotes":""},"class_list":["post-8","page","type-page","status-publish","hentry"],"acf":[],"yoast_head":"<!-- This site is optimized with the Yoast SEO plugin v27.1.1 - https:\/\/yoast.com\/product\/yoast-seo-wordpress\/ -->\n<title>Ajankohtaista - Savon El\u00e4insuojelu<\/title>\n<meta name=\"description\" content=\"Mit\u00e4 Savon El\u00e4insuojelussa tapahtuu juuri nyt? Savon El\u00e4insuojelun ajankohtaiset tapahtumat l\u00f6yd\u00e4t t\u00e4\u00e4lt\u00e4.\" \/>\n<meta name=\"robots\" content=\"index, follow, max-snippet:-1, max-image-preview:large, max-video-preview:-1\" \/>\n<link rel=\"canonical\" href=\"https:\/\/sey.fi\/savo\/savon-elainsuojelu-ry\/ajankohtaista\/\" \/>\n<meta property=\"og:locale\" content=\"fi_FI\" \/>\n<meta property=\"og:type\" content=\"article\" \/>\n<meta property=\"og:title\" content=\"Ajankohtaista - Savon El\u00e4insuojelu\" \/>\n<meta property=\"og:description\" content=\"Mit\u00e4 Savon El\u00e4insuojelussa tapahtuu juuri nyt? Savon El\u00e4insuojelun ajankohtaiset tapahtumat l\u00f6yd\u00e4t t\u00e4\u00e4lt\u00e4.\" \/>\n<meta property=\"og:url\" content=\"https:\/\/sey.fi\/savo\/savon-elainsuojelu-ry\/ajankohtaista\/\" \/>\n<meta property=\"og:site_name\" content=\"Savon El\u00e4insuojelu\" \/>\n<meta property=\"article:modified_time\" content=\"2026-04-08T19:02:18+00:00\" \/>\n<meta property=\"og:image\" content=\"https:\/\/sey.fi\/wp-content\/uploads\/sites\/30\/2026\/04\/kevatkokous_2026_uutiskirje-1.png\" \/>\n\t<meta property=\"og:image:width\" content=\"2560\" \/>\n\t<meta property=\"og:image:height\" content=\"1280\" \/>\n\t<meta property=\"og:image:type\" content=\"image\/png\" \/>\n<meta name=\"twitter:card\" content=\"summary_large_image\" \/>\n<meta name=\"twitter:label1\" content=\"Arvioitu lukuaika\" \/>\n\t<meta name=\"twitter:data1\" content=\"3 minuuttia\" \/>\n<script type=\"application\/ld+json\" class=\"yoast-schema-graph\">{\"@context\":\"https:\/\/schema.org\",\"@graph\":[{\"@type\":\"WebPage\",\"@id\":\"https:\/\/sey.fi\/savo\/savon-elainsuojelu-ry\/ajankohtaista\/\",\"url\":\"https:\/\/sey.fi\/savo\/savon-elainsuojelu-ry\/ajankohtaista\/\",\"name\":\"Ajankohtaista - Savon El\u00e4insuojelu\",\"isPartOf\":{\"@id\":\"https:\/\/sey.fi\/savo\/#website\"},\"primaryImageOfPage\":{\"@id\":\"https:\/\/sey.fi\/savo\/savon-elainsuojelu-ry\/ajankohtaista\/#primaryimage\"},\"image\":{\"@id\":\"https:\/\/sey.fi\/savo\/savon-elainsuojelu-ry\/ajankohtaista\/#primaryimage\"},\"thumbnailUrl\":\"https:\/\/sey.fi\/wp-content\/uploads\/sites\/30\/2026\/04\/kevatkokous_2026_uutiskirje-1-1024x512.png\",\"datePublished\":\"2019-11-18T14:01:09+00:00\",\"dateModified\":\"2026-04-08T19:02:18+00:00\",\"description\":\"Mit\u00e4 Savon El\u00e4insuojelussa tapahtuu juuri nyt? Savon El\u00e4insuojelun ajankohtaiset tapahtumat l\u00f6yd\u00e4t t\u00e4\u00e4lt\u00e4.\",\"breadcrumb\":{\"@id\":\"https:\/\/sey.fi\/savo\/savon-elainsuojelu-ry\/ajankohtaista\/#breadcrumb\"},\"inLanguage\":\"fi\",\"potentialAction\":[{\"@type\":\"ReadAction\",\"target\":[\"https:\/\/sey.fi\/savo\/savon-elainsuojelu-ry\/ajankohtaista\/\"]}]},{\"@type\":\"ImageObject\",\"inLanguage\":\"fi\",\"@id\":\"https:\/\/sey.fi\/savo\/savon-elainsuojelu-ry\/ajankohtaista\/#primaryimage\",\"url\":\"https:\/\/sey.fi\/wp-content\/uploads\/sites\/30\/2026\/04\/kevatkokous_2026_uutiskirje-1-1024x512.png\",\"contentUrl\":\"https:\/\/sey.fi\/wp-content\/uploads\/sites\/30\/2026\/04\/kevatkokous_2026_uutiskirje-1-1024x512.png\"},{\"@type\":\"BreadcrumbList\",\"@id\":\"https:\/\/sey.fi\/savo\/savon-elainsuojelu-ry\/ajankohtaista\/#breadcrumb\",\"itemListElement\":[{\"@type\":\"ListItem\",\"position\":1,\"name\":\"Home\",\"item\":\"https:\/\/sey.fi\/savo\/\"},{\"@type\":\"ListItem\",\"position\":2,\"name\":\"Savon el\u00e4insuojelu\",\"item\":\"https:\/\/sey.fi\/savo\/\"},{\"@type\":\"ListItem\",\"position\":3,\"name\":\"Ajankohtaista\"}]},{\"@type\":\"WebSite\",\"@id\":\"https:\/\/sey.fi\/savo\/#website\",\"url\":\"https:\/\/sey.fi\/savo\/\",\"name\":\"Savon El\u00e4insuojelu\",\"description\":\"Uusi SEY J\u00e4senyhdistykset -sivusto\",\"potentialAction\":[{\"@type\":\"SearchAction\",\"target\":{\"@type\":\"EntryPoint\",\"urlTemplate\":\"https:\/\/sey.fi\/savo\/?s={search_term_string}\"},\"query-input\":{\"@type\":\"PropertyValueSpecification\",\"valueRequired\":true,\"valueName\":\"search_term_string\"}}],\"inLanguage\":\"fi\"}]}<\/script>\n<!-- \/ Yoast SEO plugin. -->","yoast_head_json":{"title":"Ajankohtaista - Savon El\u00e4insuojelu","description":"Mit\u00e4 Savon El\u00e4insuojelussa tapahtuu juuri nyt? Savon El\u00e4insuojelun ajankohtaiset tapahtumat l\u00f6yd\u00e4t t\u00e4\u00e4lt\u00e4.","robots":{"index":"index","follow":"follow","max-snippet":"max-snippet:-1","max-image-preview":"max-image-preview:large","max-video-preview":"max-video-preview:-1"},"canonical":"https:\/\/sey.fi\/savo\/savon-elainsuojelu-ry\/ajankohtaista\/","og_locale":"fi_FI","og_type":"article","og_title":"Ajankohtaista - Savon El\u00e4insuojelu","og_description":"Mit\u00e4 Savon El\u00e4insuojelussa tapahtuu juuri nyt? Savon El\u00e4insuojelun ajankohtaiset tapahtumat l\u00f6yd\u00e4t t\u00e4\u00e4lt\u00e4.","og_url":"https:\/\/sey.fi\/savo\/savon-elainsuojelu-ry\/ajankohtaista\/","og_site_name":"Savon El\u00e4insuojelu","article_modified_time":"2026-04-08T19:02:18+00:00","og_image":[{"width":2560,"height":1280,"url":"https:\/\/sey.fi\/wp-content\/uploads\/sites\/30\/2026\/04\/kevatkokous_2026_uutiskirje-1.png","type":"image\/png"}],"twitter_card":"summary_large_image","twitter_misc":{"Arvioitu lukuaika":"3 minuuttia"},"schema":{"@context":"https:\/\/schema.org","@graph":[{"@type":"WebPage","@id":"https:\/\/sey.fi\/savo\/savon-elainsuojelu-ry\/ajankohtaista\/","url":"https:\/\/sey.fi\/savo\/savon-elainsuojelu-ry\/ajankohtaista\/","name":"Ajankohtaista - Savon El\u00e4insuojelu","isPartOf":{"@id":"https:\/\/sey.fi\/savo\/#website"},"primaryImageOfPage":{"@id":"https:\/\/sey.fi\/savo\/savon-elainsuojelu-ry\/ajankohtaista\/#primaryimage"},"image":{"@id":"https:\/\/sey.fi\/savo\/savon-elainsuojelu-ry\/ajankohtaista\/#primaryimage"},"thumbnailUrl":"https:\/\/sey.fi\/wp-content\/uploads\/sites\/30\/2026\/04\/kevatkokous_2026_uutiskirje-1-1024x512.png","datePublished":"2019-11-18T14:01:09+00:00","dateModified":"2026-04-08T19:02:18+00:00","description":"Mit\u00e4 Savon El\u00e4insuojelussa tapahtuu juuri nyt? Savon El\u00e4insuojelun ajankohtaiset tapahtumat l\u00f6yd\u00e4t t\u00e4\u00e4lt\u00e4.","breadcrumb":{"@id":"https:\/\/sey.fi\/savo\/savon-elainsuojelu-ry\/ajankohtaista\/#breadcrumb"},"inLanguage":"fi","potentialAction":[{"@type":"ReadAction","target":["https:\/\/sey.fi\/savo\/savon-elainsuojelu-ry\/ajankohtaista\/"]}]},{"@type":"ImageObject","inLanguage":"fi","@id":"https:\/\/sey.fi\/savo\/savon-elainsuojelu-ry\/ajankohtaista\/#primaryimage","url":"https:\/\/sey.fi\/wp-content\/uploads\/sites\/30\/2026\/04\/kevatkokous_2026_uutiskirje-1-1024x512.png","contentUrl":"https:\/\/sey.fi\/wp-content\/uploads\/sites\/30\/2026\/04\/kevatkokous_2026_uutiskirje-1-1024x512.png"},{"@type":"BreadcrumbList","@id":"https:\/\/sey.fi\/savo\/savon-elainsuojelu-ry\/ajankohtaista\/#breadcrumb","itemListElement":[{"@type":"ListItem","position":1,"name":"Home","item":"https:\/\/sey.fi\/savo\/"},{"@type":"ListItem","position":2,"name":"Savon el\u00e4insuojelu","item":"https:\/\/sey.fi\/savo\/"},{"@type":"ListItem","position":3,"name":"Ajankohtaista"}]},{"@type":"WebSite","@id":"https:\/\/sey.fi\/savo\/#website","url":"https:\/\/sey.fi\/savo\/","name":"Savon El\u00e4insuojelu","description":"Uusi SEY J\u00e4senyhdistykset -sivusto","potentialAction":[{"@type":"SearchAction","target":{"@type":"EntryPoint","urlTemplate":"https:\/\/sey.fi\/savo\/?s={search_term_string}"},"query-input":{"@type":"PropertyValueSpecification","valueRequired":true,"valueName":"search_term_string"}}],"inLanguage":"fi"}]}},"_links":{"self":[{"href":"https:\/\/sey.fi\/savo\/wp-json\/wp\/v2\/pages\/8","targetHints":{"allow":["GET"]}}],"collection":[{"href":"https:\/\/sey.fi\/savo\/wp-json\/wp\/v2\/pages"}],"about":[{"href":"https:\/\/sey.fi\/savo\/wp-json\/wp\/v2\/types\/page"}],"author":[{"embeddable":true,"href":"https:\/\/sey.fi\/savo\/wp-json\/wp\/v2\/users\/8"}],"replies":[{"embeddable":true,"href":"https:\/\/sey.fi\/savo\/wp-json\/wp\/v2\/comments?post=8"}],"version-history":[{"count":77,"href":"https:\/\/sey.fi\/savo\/wp-json\/wp\/v2\/pages\/8\/revisions"}],"predecessor-version":[{"id":1012,"href":"https:\/\/sey.fi\/savo\/wp-json\/wp\/v2\/pages\/8\/revisions\/1012"}],"up":[{"embeddable":true,"href":"https:\/\/sey.fi\/savo\/wp-json\/wp\/v2\/pages\/2"}],"wp:attachment":[{"href":"https:\/\/sey.fi\/savo\/wp-json\/wp\/v2\/media?parent=8"}],"curies":[{"name":"wp","href":"https:\/\/api.w.org\/{rel}","templated":true}]}}