{"id":904,"date":"2025-12-04T20:58:29","date_gmt":"2025-12-04T18:58:29","guid":{"rendered":"https:\/\/sey.fi\/savo\/?page_id=904"},"modified":"2025-12-07T14:55:48","modified_gmt":"2025-12-07T12:55:48","slug":"myrkytykset-kissoilla-ja-koirilla","status":"publish","type":"page","link":"https:\/\/sey.fi\/savo\/myrkytykset-kissoilla-ja-koirilla\/","title":{"rendered":"Lemmikkikodin muistilista: kissoille ja koirille myrkylliset kasvit \/ tuotteet"},"content":{"rendered":"\n<p>El\u00e4intalouksissa on syyt\u00e4 kiinnitt\u00e4\u00e4 huomiota tiettyjen tuotteiden s\u00e4ilytt\u00e4miseen sek\u00e4 eritoten huonekasveihin. <\/p>\n\n\n\n<p>Varsinkin kissat uteliaina el\u00e4imin\u00e4 ovat alttiita myrkytyksille. Koirilla vakavammat myrkytykset ovat harvinaisempia, mutta tiettyjen tuotteiden s\u00e4ilytykseen on hyv\u00e4 kiinnitt\u00e4\u00e4 huomiota. Yksi niist\u00e4 on suklaa.<\/p>\n\n\n\n<hr class=\"wp-block-separator has-alpha-channel-opacity\" \/>\n\n\n\n<figure class=\"wp-block-image size-large\"><img loading=\"lazy\" decoding=\"async\" width=\"1024\" height=\"512\" src=\"https:\/\/sey.fi\/wp-content\/uploads\/sites\/30\/2025\/12\/kissoille-myrkylliset-kasvit-listaus-1024x512.jpg\" alt=\"\" class=\"wp-image-905\" srcset=\"https:\/\/sey.fi\/wp-content\/uploads\/sites\/30\/2025\/12\/kissoille-myrkylliset-kasvit-listaus-1024x512.jpg 1024w, https:\/\/sey.fi\/wp-content\/uploads\/sites\/30\/2025\/12\/kissoille-myrkylliset-kasvit-listaus-300x150.jpg 300w, https:\/\/sey.fi\/wp-content\/uploads\/sites\/30\/2025\/12\/kissoille-myrkylliset-kasvit-listaus-768x384.jpg 768w, https:\/\/sey.fi\/wp-content\/uploads\/sites\/30\/2025\/12\/kissoille-myrkylliset-kasvit-listaus-1536x768.jpg 1536w, https:\/\/sey.fi\/wp-content\/uploads\/sites\/30\/2025\/12\/kissoille-myrkylliset-kasvit-listaus-1280x640.jpg 1280w, https:\/\/sey.fi\/wp-content\/uploads\/sites\/30\/2025\/12\/kissoille-myrkylliset-kasvit-listaus-640x320.jpg 640w, https:\/\/sey.fi\/wp-content\/uploads\/sites\/30\/2025\/12\/kissoille-myrkylliset-kasvit-listaus-320x160.jpg 320w, https:\/\/sey.fi\/wp-content\/uploads\/sites\/30\/2025\/12\/kissoille-myrkylliset-kasvit-listaus.jpg 1920w\" sizes=\"auto, (max-width: 1024px) 100vw, 1024px\" \/><\/figure>\n\n\n\n<p>Kasvit tai niiden osat voivat aiheuttaa usean asteisia myrkytyksi\u00e4 kissoille. Joissain tapauksissa el\u00e4inl\u00e4\u00e4k\u00e4rin avun tarve on v\u00e4lit\u00f6n, toisinaan oireita voi yritt\u00e4\u00e4 lievitt\u00e4\u00e4 kotikonstein. Tarkemmat ohjeet kannataa kuitenkin aina tarkistaa el\u00e4inl\u00e4\u00e4k\u00e4rilt\u00e4. <\/p>\n\n\n\n<p style=\"text-decoration:underline\"><strong>TAPPAVAN MYRKYLLISET KASVIT\/KASVINOSAT<\/strong> <br>Sy\u00f6minen vaatii v\u00e4lit\u00f6nt\u00e4 el\u00e4inl\u00e4\u00e4k\u00e4rin hoitoa<\/p>\n\n\n\n<ul class=\"wp-block-list\">\n<li>Liljat, kaikki kasvinosat<\/li>\n\n\n\n<li>Liljapuut<\/li>\n\n\n\n<li>Traakkipuu<\/li>\n\n\n\n<li>Atsalea<\/li>\n\n\n\n<li>Oleanteri<\/li>\n\n\n\n<li>Kielo, \u00admy\u00f6s maljakon vesi<\/li>\n\n\n\n<li>Sormustinkukka<\/li>\n\n\n\n<li>Japanink\u00e4pypalmu, vaikutus maksaan ja ruuansulatuskanavaan<\/li>\n\n\n\n<li>Palmuvehka, vaikutus maksaan ja ruuansulatuskanavaan<\/li>\n\n\n\n<li>Amaryllis<\/li>\n\n\n\n<li>Jouluruusu<\/li>\n\n\n\n<li>Viirivehka, harvinaisena seurauksena munuaisvaurio<\/li>\n\n\n\n<li>Klivia<\/li>\n\n\n\n<li>Tulppaanin sipuli<\/li>\n\n\n\n<li>Narsissin sipuli<\/li>\n<\/ul>\n\n\n\n<p style=\"text-decoration:underline\"><strong>\u00c4RSYTYST\u00c4 AIHEUTTAVAT KASVIT<\/strong> <br>Oireita mm. oksentelu, v\u00e4symys, kuolaaminen, ruokahaluttomuus ja ripuli<\/p>\n\n\n\n<ul class=\"wp-block-list\">\n<li>Joulut\u00e4hti<\/li>\n\n\n\n<li>R\u00f6nsylilja<\/li>\n\n\n\n<li>Syklaami<\/li>\n\n\n\n<li>Jukkapalmu<\/li>\n\n\n\n<li>Aloe<\/li>\n\n\n\n<li>Anopinkieli<\/li>\n\n\n\n<li>Kumipuu<\/li>\n\n\n\n<li>Muratti <br><\/li>\n<\/ul>\n\n\n\n<p>Runsas juominen voi helpottaa kissan oireita.<\/p>\n\n\n\n<p style=\"text-decoration:underline\"><strong>SUUN LIMAKALVOJA \u00c4RSYTT\u00c4VI\u00c4 KASVEJA<\/strong> <br>Voi ilmet\u00e4 mm. sy\u00f6m\u00e4tt\u00f6myyten\u00e4, kuolaamisena, nielemisvaikeutena, suun kipuna ja limakalvojen turvotuksena tai oksenteluna<\/p>\n\n\n\n<ul class=\"wp-block-list\">\n<li>Viirivehka<\/li>\n\n\n\n<li>Kallat <\/li>\n\n\n\n<li>K\u00f6ynn\u00f6svehkat,\u00ad esimerkiksi peikonlehti, kultak\u00f6ynn\u00f6s, flamingokukat<\/li>\n\n\n\n<li>Kirjovehkat<\/li>\n\n\n\n<li>Begonia<\/li>\n\n\n\n<li>Hyasintin sipuli<br><\/li>\n<\/ul>\n\n\n\n<p>Oireita voi helpottaa huuhtelemalla kissan suuta tai tarjoamalla pienen m\u00e4\u00e4r\u00e4n hylamaitoa tai -jogurttia. Oireet helpottavat yleens\u00e4 itsest\u00e4\u00e4n.<\/p>\n\n\n\n<p style=\"text-decoration:underline\"><strong>MUITA \u00c4RSYTT\u00c4VI\u00c4 TAI MYRKYLLISI\u00c4 KASVEJA<\/strong><\/p>\n\n\n\n<ul class=\"wp-block-list\">\n<li>Avokado<\/li>\n\n\n\n<li>Belladonna<\/li>\n\n\n\n<li>Happomarjapensas<\/li>\n\n\n\n<li>Hevoskastanja<\/li>\n\n\n\n<li>Hortensia<\/li>\n\n\n\n<li>Hukanputki<\/li>\n\n\n\n<li>Hulluruoho<\/li>\n\n\n\n<li>Huonearalia<\/li>\n\n\n\n<li>Huonekoiso<\/li>\n\n\n\n<li>Ihmepensas<\/li>\n\n\n\n<li>Jasmiini<\/li>\n\n\n\n<li>Karheap\u00e4iv\u00e4nhattu<\/li>\n\n\n\n<li>Kissanh\u00e4nt\u00e4<\/li>\n\n\n\n<li>Koiranpensas Kolibrinkukka<\/li>\n\n\n\n<li>Krookus<\/li>\n\n\n\n<li>Krysanteemi<\/li>\n\n\n\n<li>Kukonkannus<\/li>\n\n\n\n<li>Kultasadepensas<\/li>\n\n\n\n<li>Kurjenmiekka<\/li>\n\n\n\n<li>Kustaankukka<br><\/li>\n<\/ul>\n\n\n\n<p>(L\u00e4hde: sympaatti.fi\/myrkytykset kissoilla)<\/p>\n\n\n\n<hr class=\"wp-block-separator has-alpha-channel-opacity\" \/>\n\n\n\n<figure class=\"wp-block-image size-large\"><img loading=\"lazy\" decoding=\"async\" width=\"1024\" height=\"512\" src=\"https:\/\/sey.fi\/wp-content\/uploads\/sites\/30\/2025\/12\/koirille-vaarallisia-aineita-kotona-1024x512.jpg\" alt=\"\" class=\"wp-image-914\" srcset=\"https:\/\/sey.fi\/wp-content\/uploads\/sites\/30\/2025\/12\/koirille-vaarallisia-aineita-kotona-1024x512.jpg 1024w, https:\/\/sey.fi\/wp-content\/uploads\/sites\/30\/2025\/12\/koirille-vaarallisia-aineita-kotona-300x150.jpg 300w, https:\/\/sey.fi\/wp-content\/uploads\/sites\/30\/2025\/12\/koirille-vaarallisia-aineita-kotona-768x384.jpg 768w, https:\/\/sey.fi\/wp-content\/uploads\/sites\/30\/2025\/12\/koirille-vaarallisia-aineita-kotona-1536x768.jpg 1536w, https:\/\/sey.fi\/wp-content\/uploads\/sites\/30\/2025\/12\/koirille-vaarallisia-aineita-kotona-1280x640.jpg 1280w, https:\/\/sey.fi\/wp-content\/uploads\/sites\/30\/2025\/12\/koirille-vaarallisia-aineita-kotona-640x320.jpg 640w, https:\/\/sey.fi\/wp-content\/uploads\/sites\/30\/2025\/12\/koirille-vaarallisia-aineita-kotona-320x160.jpg 320w, https:\/\/sey.fi\/wp-content\/uploads\/sites\/30\/2025\/12\/koirille-vaarallisia-aineita-kotona.jpg 1920w\" sizes=\"auto, (max-width: 1024px) 100vw, 1024px\" \/><\/figure>\n\n\n\n<p>Koirat eiv\u00e4t yleisesti ole yht\u00e4 alttiita myrkytyksille, kuin kissat. Silti jokaisesta kodista l\u00f6ytyy paljon aineita, jotka voivat olla koiralle vaarallisia, varsinkin jos kyseess\u00e4 on i\u00e4k\u00e4s koira \/ pentu tai mik\u00e4li koiralla on jokin perussairaus. <\/p>\n\n\n\n<p style=\"text-decoration:underline\"><strong>SUKLAAMYRKYTYS<\/strong><\/p>\n\n\n\n<p>Suklaa voi suurina annoksina sy\u00f6tyn\u00e4 aiheuttaa koiralle suklaamyrkytyksen. Myrkytyksen aiheuttaa suklaan sis\u00e4lt\u00e4m\u00e4 teobromiini. Mit\u00e4 tummempaa suklaa on, sit\u00e4 enemm\u00e4n se sis\u00e4lt\u00e4\u00e4 teobromiinia.<\/p>\n\n\n\n<p>Sy\u00f6dyn suklaan m\u00e4\u00e4r\u00e4 ja koiran paino ovat merkitt\u00e4vi\u00e4 asioita, kun m\u00e4\u00e4ritell\u00e4\u00e4n onko el\u00e4inl\u00e4\u00e4k\u00e4riin kiire. Ensihoidolle on tarvetta mik\u00e4li koiran nauttima m\u00e4\u00e4r\u00e4 on seuraava:<\/p>\n\n\n\n<p>-Fazerin sininen suklaalevy (200 g) \/ 5 kg painava koira<br>-Fazerin tumma suklaalevy 47% (200 g) \/ 15 kg painava koira<br>-Fazerin tumma suklaalevy 70% (200 g) \/ 40 kg painava koira<\/p>\n\n\n\n<p><strong>Mik\u00e4li annos nousee kaksinkertaiseksi on vaikutus vaarallinen ja kolminkertainen annos on koiran henke\u00e4 uhkaava.<\/strong><\/p>\n\n\n\n<p>Ensihoitona on koiran oksennuttaminen ja <strong>jatkohoidon tarpeesta on aina syyt\u00e4 konsultoida el\u00e4inl\u00e4\u00e4k\u00e4ri\u00e4! <\/strong>Suklaamyrkytyksen oireita ovat rauhattomuus, ylivilkkaus, oksentelu, ripulointi, syd\u00e4men rytmih\u00e4iri\u00f6t ja jopa kouristelu.<\/p>\n\n\n\n<p style=\"text-decoration:underline\"><strong>KSYLITOLIMYRKYTYS<\/strong><\/p>\n\n\n\n<p>Ksylitoli voi pienin\u00e4kin annoksina aiheuttaa koiralle vakavan myrkytystilan. Ksylitolia sis\u00e4lt\u00e4vien tuotteiden s\u00e4ilytykseen on koiratalouksissa syyt\u00e4 kiinnitt\u00e4\u00e4 huomiota. Esim. pienet ksylitolipurukumityynyt katoavat ahneen koira suuhun alta aikayksik\u00f6n.<\/p>\n\n\n\n<p>Ksylitoli aiheuttaa koiralle nopean ja pitk\u00e4\u00e4n kest\u00e4v\u00e4n insuliinipiikin. T\u00e4m\u00e4n seurauksena koiran verensokeri laskee vaarallisen alas. Ksylitoli voi aiheuttaa my\u00f6s vakavan maksavaurion.<\/p>\n\n\n\n<p><strong>V\u00e4lit\u00f6nt\u00e4 hoitoa vaaditaan<\/strong> jos koiran sy\u00f6m\u00e4 annos per painokilo on seuraava: <br>-5 kg painava koira: 1 pastilli \/ 0,5 purukumityyny\u00e4<br>-10 kg painava koira: 2 pastillia \/ 1 purukumityyny<br>-24 kg painava koira: 4 pastillia \/ 2,5 purukumityyny\u00e4<br>-48 kg painava koira: 6 pastillia \/ 5 purukumityyny\u00e4<\/p>\n\n\n\n<p>Myrkytys aiheuttaa koiralle mm. oksentelua, heikkoutta, haparointia, j\u00e4ykkyytt\u00e4 ja jopa kouristelua ja oireet ilmenev\u00e4t tyypillisesti 30-60 minuutin kuluessa ksylitolin nauttimisesta. My\u00f6s oireettomat koirat vaativat hoitoa maksavaurioiden est\u00e4miseksi.<\/p>\n\n\n\n<p><strong>Ota aina yhteytt\u00e4 el\u00e4inl\u00e4\u00e4k\u00e4riin hoidon suunnittelemiseksi!<\/strong><\/p>\n\n\n\n<p style=\"text-decoration:underline\"><strong>MUITA MYRKYTYSTEN AIHEUTTAJIA KOIRILLA<\/strong><\/p>\n\n\n\n<p>-Viiniryp\u00e4leet ja rusinat<br>-L\u00e4\u00e4kkeet, erityisesti makutabletit tulehduskipul\u00e4\u00e4kkeist\u00e4<br>-Pullataikina: hiivan k\u00e4ydess\u00e4 syntyy etanolia, joka aiheuttaa myrkytyksen<br>-Teepuu\u00f6ljy<br>-Rotanmyrkky<br>-J\u00e4\u00e4hdytysneste<br>-Nikotiinivalmisteet<br>-Puutarhalannoitteet<\/p>\n\n\n\n<p id=\"block-61426b95-6e22-4ac1-a03d-de503ca6276d\">(L\u00e4hde: sympaatti.fi \/ myrkytykset koirilla)<\/p>\n","protected":false},"excerpt":{"rendered":"<p>El\u00e4intalouksissa on syyt\u00e4 kiinnitt\u00e4\u00e4 huomiota tiettyjen tuotteiden s\u00e4ilytt\u00e4miseen sek\u00e4 eritoten huonekasveihin. Varsinkin kissat uteliaina el\u00e4imin\u00e4 ovat alttiita myrkytyksille. Koirilla vakavammat myrkytykset ovat harvinaisempia, mutta tiettyjen tuotteiden s\u00e4ilytykseen on hyv\u00e4 kiinnitt\u00e4\u00e4 huomiota. Yksi niist\u00e4 on suklaa. Kasvit tai niiden osat voivat aiheuttaa usean asteisia myrkytyksi\u00e4 kissoille. Joissain tapauksissa el\u00e4inl\u00e4\u00e4k\u00e4rin avun tarve on v\u00e4lit\u00f6n, toisinaan oireita voi [&hellip;]<\/p>\n","protected":false},"author":27,"featured_media":0,"parent":0,"menu_order":0,"comment_status":"closed","ping_status":"closed","template":"","meta":{"_acf_changed":false,"footnotes":""},"class_list":["post-904","page","type-page","status-publish","hentry"],"acf":[],"yoast_head":"<!-- This site is optimized with the Yoast SEO plugin v27.1.1 - https:\/\/yoast.com\/product\/yoast-seo-wordpress\/ -->\n<title>Lemmikkikodin muistilista: kissoille ja koirille myrkylliset kasvit \/ tuotteet - Savon El\u00e4insuojelu<\/title>\n<meta name=\"description\" content=\"Mitk\u00e4 kasvit ovat kissoille myrkyllisi\u00e4? Mitk\u00e4 aiheuttavat koirilla myrkytyksi\u00e4? Muistilista lemmikin omistajille sek\u00e4 vierailijoille.\" \/>\n<meta name=\"robots\" content=\"index, follow, max-snippet:-1, max-image-preview:large, max-video-preview:-1\" \/>\n<link rel=\"canonical\" href=\"https:\/\/sey.fi\/savo\/myrkytykset-kissoilla-ja-koirilla\/\" \/>\n<meta property=\"og:locale\" content=\"fi_FI\" \/>\n<meta property=\"og:type\" content=\"article\" \/>\n<meta property=\"og:title\" content=\"Lemmikkikodin muistilista: kissoille ja koirille myrkylliset kasvit \/ tuotteet - Savon El\u00e4insuojelu\" \/>\n<meta property=\"og:description\" content=\"Mitk\u00e4 kasvit ovat kissoille myrkyllisi\u00e4? Mitk\u00e4 aiheuttavat koirilla myrkytyksi\u00e4? Muistilista lemmikin omistajille sek\u00e4 vierailijoille.\" \/>\n<meta property=\"og:url\" content=\"https:\/\/sey.fi\/savo\/myrkytykset-kissoilla-ja-koirilla\/\" \/>\n<meta property=\"og:site_name\" content=\"Savon El\u00e4insuojelu\" \/>\n<meta property=\"article:modified_time\" content=\"2025-12-07T12:55:48+00:00\" \/>\n<meta property=\"og:image\" content=\"https:\/\/sey.fi\/wp-content\/uploads\/sites\/30\/2025\/12\/kissoille-myrkylliset-kasvit-listaus.jpg\" \/>\n\t<meta property=\"og:image:width\" content=\"1920\" \/>\n\t<meta property=\"og:image:height\" content=\"960\" \/>\n\t<meta property=\"og:image:type\" content=\"image\/jpeg\" \/>\n<meta name=\"twitter:card\" content=\"summary_large_image\" \/>\n<meta name=\"twitter:label1\" content=\"Arvioitu lukuaika\" \/>\n\t<meta name=\"twitter:data1\" content=\"4 minuuttia\" \/>\n<script type=\"application\/ld+json\" class=\"yoast-schema-graph\">{\"@context\":\"https:\/\/schema.org\",\"@graph\":[{\"@type\":\"WebPage\",\"@id\":\"https:\/\/sey.fi\/savo\/myrkytykset-kissoilla-ja-koirilla\/\",\"url\":\"https:\/\/sey.fi\/savo\/myrkytykset-kissoilla-ja-koirilla\/\",\"name\":\"Lemmikkikodin muistilista: kissoille ja koirille myrkylliset kasvit \/ tuotteet - Savon El\u00e4insuojelu\",\"isPartOf\":{\"@id\":\"https:\/\/sey.fi\/savo\/#website\"},\"primaryImageOfPage\":{\"@id\":\"https:\/\/sey.fi\/savo\/myrkytykset-kissoilla-ja-koirilla\/#primaryimage\"},\"image\":{\"@id\":\"https:\/\/sey.fi\/savo\/myrkytykset-kissoilla-ja-koirilla\/#primaryimage\"},\"thumbnailUrl\":\"https:\/\/sey.fi\/wp-content\/uploads\/sites\/30\/2025\/12\/kissoille-myrkylliset-kasvit-listaus-1024x512.jpg\",\"datePublished\":\"2025-12-04T18:58:29+00:00\",\"dateModified\":\"2025-12-07T12:55:48+00:00\",\"description\":\"Mitk\u00e4 kasvit ovat kissoille myrkyllisi\u00e4? Mitk\u00e4 aiheuttavat koirilla myrkytyksi\u00e4? Muistilista lemmikin omistajille sek\u00e4 vierailijoille.\",\"breadcrumb\":{\"@id\":\"https:\/\/sey.fi\/savo\/myrkytykset-kissoilla-ja-koirilla\/#breadcrumb\"},\"inLanguage\":\"fi\",\"potentialAction\":[{\"@type\":\"ReadAction\",\"target\":[\"https:\/\/sey.fi\/savo\/myrkytykset-kissoilla-ja-koirilla\/\"]}]},{\"@type\":\"ImageObject\",\"inLanguage\":\"fi\",\"@id\":\"https:\/\/sey.fi\/savo\/myrkytykset-kissoilla-ja-koirilla\/#primaryimage\",\"url\":\"https:\/\/sey.fi\/wp-content\/uploads\/sites\/30\/2025\/12\/kissoille-myrkylliset-kasvit-listaus-1024x512.jpg\",\"contentUrl\":\"https:\/\/sey.fi\/wp-content\/uploads\/sites\/30\/2025\/12\/kissoille-myrkylliset-kasvit-listaus-1024x512.jpg\"},{\"@type\":\"BreadcrumbList\",\"@id\":\"https:\/\/sey.fi\/savo\/myrkytykset-kissoilla-ja-koirilla\/#breadcrumb\",\"itemListElement\":[{\"@type\":\"ListItem\",\"position\":1,\"name\":\"Home\",\"item\":\"https:\/\/sey.fi\/savo\/\"},{\"@type\":\"ListItem\",\"position\":2,\"name\":\"Lemmikkikodin muistilista: kissoille ja koirille myrkylliset kasvit \/ tuotteet\"}]},{\"@type\":\"WebSite\",\"@id\":\"https:\/\/sey.fi\/savo\/#website\",\"url\":\"https:\/\/sey.fi\/savo\/\",\"name\":\"Savon El\u00e4insuojelu\",\"description\":\"Uusi SEY J\u00e4senyhdistykset -sivusto\",\"potentialAction\":[{\"@type\":\"SearchAction\",\"target\":{\"@type\":\"EntryPoint\",\"urlTemplate\":\"https:\/\/sey.fi\/savo\/?s={search_term_string}\"},\"query-input\":{\"@type\":\"PropertyValueSpecification\",\"valueRequired\":true,\"valueName\":\"search_term_string\"}}],\"inLanguage\":\"fi\"}]}<\/script>\n<!-- \/ Yoast SEO plugin. -->","yoast_head_json":{"title":"Lemmikkikodin muistilista: kissoille ja koirille myrkylliset kasvit \/ tuotteet - Savon El\u00e4insuojelu","description":"Mitk\u00e4 kasvit ovat kissoille myrkyllisi\u00e4? Mitk\u00e4 aiheuttavat koirilla myrkytyksi\u00e4? Muistilista lemmikin omistajille sek\u00e4 vierailijoille.","robots":{"index":"index","follow":"follow","max-snippet":"max-snippet:-1","max-image-preview":"max-image-preview:large","max-video-preview":"max-video-preview:-1"},"canonical":"https:\/\/sey.fi\/savo\/myrkytykset-kissoilla-ja-koirilla\/","og_locale":"fi_FI","og_type":"article","og_title":"Lemmikkikodin muistilista: kissoille ja koirille myrkylliset kasvit \/ tuotteet - Savon El\u00e4insuojelu","og_description":"Mitk\u00e4 kasvit ovat kissoille myrkyllisi\u00e4? Mitk\u00e4 aiheuttavat koirilla myrkytyksi\u00e4? Muistilista lemmikin omistajille sek\u00e4 vierailijoille.","og_url":"https:\/\/sey.fi\/savo\/myrkytykset-kissoilla-ja-koirilla\/","og_site_name":"Savon El\u00e4insuojelu","article_modified_time":"2025-12-07T12:55:48+00:00","og_image":[{"width":1920,"height":960,"url":"https:\/\/sey.fi\/wp-content\/uploads\/sites\/30\/2025\/12\/kissoille-myrkylliset-kasvit-listaus.jpg","type":"image\/jpeg"}],"twitter_card":"summary_large_image","twitter_misc":{"Arvioitu lukuaika":"4 minuuttia"},"schema":{"@context":"https:\/\/schema.org","@graph":[{"@type":"WebPage","@id":"https:\/\/sey.fi\/savo\/myrkytykset-kissoilla-ja-koirilla\/","url":"https:\/\/sey.fi\/savo\/myrkytykset-kissoilla-ja-koirilla\/","name":"Lemmikkikodin muistilista: kissoille ja koirille myrkylliset kasvit \/ tuotteet - Savon El\u00e4insuojelu","isPartOf":{"@id":"https:\/\/sey.fi\/savo\/#website"},"primaryImageOfPage":{"@id":"https:\/\/sey.fi\/savo\/myrkytykset-kissoilla-ja-koirilla\/#primaryimage"},"image":{"@id":"https:\/\/sey.fi\/savo\/myrkytykset-kissoilla-ja-koirilla\/#primaryimage"},"thumbnailUrl":"https:\/\/sey.fi\/wp-content\/uploads\/sites\/30\/2025\/12\/kissoille-myrkylliset-kasvit-listaus-1024x512.jpg","datePublished":"2025-12-04T18:58:29+00:00","dateModified":"2025-12-07T12:55:48+00:00","description":"Mitk\u00e4 kasvit ovat kissoille myrkyllisi\u00e4? Mitk\u00e4 aiheuttavat koirilla myrkytyksi\u00e4? Muistilista lemmikin omistajille sek\u00e4 vierailijoille.","breadcrumb":{"@id":"https:\/\/sey.fi\/savo\/myrkytykset-kissoilla-ja-koirilla\/#breadcrumb"},"inLanguage":"fi","potentialAction":[{"@type":"ReadAction","target":["https:\/\/sey.fi\/savo\/myrkytykset-kissoilla-ja-koirilla\/"]}]},{"@type":"ImageObject","inLanguage":"fi","@id":"https:\/\/sey.fi\/savo\/myrkytykset-kissoilla-ja-koirilla\/#primaryimage","url":"https:\/\/sey.fi\/wp-content\/uploads\/sites\/30\/2025\/12\/kissoille-myrkylliset-kasvit-listaus-1024x512.jpg","contentUrl":"https:\/\/sey.fi\/wp-content\/uploads\/sites\/30\/2025\/12\/kissoille-myrkylliset-kasvit-listaus-1024x512.jpg"},{"@type":"BreadcrumbList","@id":"https:\/\/sey.fi\/savo\/myrkytykset-kissoilla-ja-koirilla\/#breadcrumb","itemListElement":[{"@type":"ListItem","position":1,"name":"Home","item":"https:\/\/sey.fi\/savo\/"},{"@type":"ListItem","position":2,"name":"Lemmikkikodin muistilista: kissoille ja koirille myrkylliset kasvit \/ tuotteet"}]},{"@type":"WebSite","@id":"https:\/\/sey.fi\/savo\/#website","url":"https:\/\/sey.fi\/savo\/","name":"Savon El\u00e4insuojelu","description":"Uusi SEY J\u00e4senyhdistykset -sivusto","potentialAction":[{"@type":"SearchAction","target":{"@type":"EntryPoint","urlTemplate":"https:\/\/sey.fi\/savo\/?s={search_term_string}"},"query-input":{"@type":"PropertyValueSpecification","valueRequired":true,"valueName":"search_term_string"}}],"inLanguage":"fi"}]}},"_links":{"self":[{"href":"https:\/\/sey.fi\/savo\/wp-json\/wp\/v2\/pages\/904","targetHints":{"allow":["GET"]}}],"collection":[{"href":"https:\/\/sey.fi\/savo\/wp-json\/wp\/v2\/pages"}],"about":[{"href":"https:\/\/sey.fi\/savo\/wp-json\/wp\/v2\/types\/page"}],"author":[{"embeddable":true,"href":"https:\/\/sey.fi\/savo\/wp-json\/wp\/v2\/users\/27"}],"replies":[{"embeddable":true,"href":"https:\/\/sey.fi\/savo\/wp-json\/wp\/v2\/comments?post=904"}],"version-history":[{"count":5,"href":"https:\/\/sey.fi\/savo\/wp-json\/wp\/v2\/pages\/904\/revisions"}],"predecessor-version":[{"id":917,"href":"https:\/\/sey.fi\/savo\/wp-json\/wp\/v2\/pages\/904\/revisions\/917"}],"wp:attachment":[{"href":"https:\/\/sey.fi\/savo\/wp-json\/wp\/v2\/media?parent=904"}],"curies":[{"name":"wp","href":"https:\/\/api.w.org\/{rel}","templated":true}]}}