{"id":928,"date":"2025-12-07T17:54:09","date_gmt":"2025-12-07T15:54:09","guid":{"rendered":"https:\/\/sey.fi\/savo\/?page_id=928"},"modified":"2025-12-07T17:54:10","modified_gmt":"2025-12-07T15:54:10","slug":"lahjoitukset-kodittomille-elaimille-postin-kautta","status":"publish","type":"page","link":"https:\/\/sey.fi\/savo\/lahjoitukset-kodittomille-elaimille-postin-kautta\/","title":{"rendered":"Tee lahjoitustilaus suoraan kotisohvaltasi"},"content":{"rendered":"\n<figure class=\"wp-block-image size-full\"><img loading=\"lazy\" decoding=\"async\" width=\"1024\" height=\"512\" src=\"https:\/\/sey.fi\/wp-content\/uploads\/sites\/30\/2025\/12\/lahjoitukset_postin_kautta_savon_elainsuojelu.png\" alt=\"\" class=\"wp-image-929\" srcset=\"https:\/\/sey.fi\/wp-content\/uploads\/sites\/30\/2025\/12\/lahjoitukset_postin_kautta_savon_elainsuojelu.png 1024w, https:\/\/sey.fi\/wp-content\/uploads\/sites\/30\/2025\/12\/lahjoitukset_postin_kautta_savon_elainsuojelu-300x150.png 300w, https:\/\/sey.fi\/wp-content\/uploads\/sites\/30\/2025\/12\/lahjoitukset_postin_kautta_savon_elainsuojelu-768x384.png 768w, https:\/\/sey.fi\/wp-content\/uploads\/sites\/30\/2025\/12\/lahjoitukset_postin_kautta_savon_elainsuojelu-640x320.png 640w, https:\/\/sey.fi\/wp-content\/uploads\/sites\/30\/2025\/12\/lahjoitukset_postin_kautta_savon_elainsuojelu-320x160.png 320w\" sizes=\"auto, (max-width: 1024px) 100vw, 1024px\" \/><\/figure>\n\n\n\n<p>Haluatko tehd\u00e4 ruoka- tai tavaralahjoituksen kodittomille el\u00e4imille suoraan kotisohvaltasi? Nopeasti ja vaivattomasti nettikaupan kautta &#8211; sekin on mahdollista.<\/p>\n\n\n\n<p><strong>Mik\u00e4li haluat tehd\u00e4 lahjoitusostoksesi nettikaupan kautta, se onnistuu alla olevin tiedoin: <\/strong><br>&#8211; Vastaanottaja: Savon El\u00e4insuojelu ry <br>&#8211; Osoite: Ollintie 13, 71750 Maaninka <br>&#8211; Puhelinnumero saapumisilmoitusta varten: 040 259 5082   <br>&#8211; Valitse paketin toimituspisteeksi: Posti, Maaninka <\/p>\n\n\n\n<p>Mik\u00e4li sinulla on asiaan liittyen kysytt\u00e4v\u00e4\u00e4, vastaamme mielell\u00e4mme \ud83d\ude0a. Kysymykset voi l\u00e4hett\u00e4\u00e4 yll\u00e4 olevaan puhelinnumeroon tekstiviestin\u00e4 tai s\u00e4hk\u00f6postitse savo@sey.fi.<\/p>\n\n\n\n<p>Kiitos, ett\u00e4 v\u00e4lit\u00e4t!<\/p>\n\n\n\n<p><\/p>\n","protected":false},"excerpt":{"rendered":"<p>Haluatko tehd\u00e4 ruoka- tai tavaralahjoituksen kodittomille el\u00e4imille suoraan kotisohvaltasi? Nopeasti ja vaivattomasti nettikaupan kautta &#8211; sekin on mahdollista. Mik\u00e4li haluat tehd\u00e4 lahjoitusostoksesi nettikaupan kautta, se onnistuu alla olevin tiedoin: &#8211; Vastaanottaja: Savon El\u00e4insuojelu ry &#8211; Osoite: Ollintie 13, 71750 Maaninka &#8211; Puhelinnumero saapumisilmoitusta varten: 040 259 5082 &#8211; Valitse paketin toimituspisteeksi: Posti, Maaninka Mik\u00e4li sinulla [&hellip;]<\/p>\n","protected":false},"author":27,"featured_media":0,"parent":0,"menu_order":0,"comment_status":"closed","ping_status":"closed","template":"","meta":{"_acf_changed":false,"footnotes":""},"class_list":["post-928","page","type-page","status-publish","hentry"],"acf":[],"yoast_head":"<!-- This site is optimized with the Yoast SEO plugin v27.1.1 - https:\/\/yoast.com\/product\/yoast-seo-wordpress\/ -->\n<title>Tee lahjoitustilaus suoraan kotisohvaltasi - Savon El\u00e4insuojelu<\/title>\n<meta name=\"description\" content=\"Haluatko tehd\u00e4 ruoka- tai tavaralahjoituksen kodittomille el\u00e4imille suoraan kotisohvaltasi? Nopeasti ja vaivattomasti nettikaupan kautta?\" \/>\n<meta name=\"robots\" content=\"index, follow, max-snippet:-1, max-image-preview:large, max-video-preview:-1\" \/>\n<link rel=\"canonical\" href=\"https:\/\/sey.fi\/savo\/lahjoitukset-kodittomille-elaimille-postin-kautta\/\" \/>\n<meta property=\"og:locale\" content=\"fi_FI\" \/>\n<meta property=\"og:type\" content=\"article\" \/>\n<meta property=\"og:title\" content=\"Tee lahjoitustilaus suoraan kotisohvaltasi - Savon El\u00e4insuojelu\" \/>\n<meta property=\"og:description\" content=\"Haluatko tehd\u00e4 ruoka- tai tavaralahjoituksen kodittomille el\u00e4imille suoraan kotisohvaltasi? Nopeasti ja vaivattomasti nettikaupan kautta?\" \/>\n<meta property=\"og:url\" content=\"https:\/\/sey.fi\/savo\/lahjoitukset-kodittomille-elaimille-postin-kautta\/\" \/>\n<meta property=\"og:site_name\" content=\"Savon El\u00e4insuojelu\" \/>\n<meta property=\"article:modified_time\" content=\"2025-12-07T15:54:10+00:00\" \/>\n<meta property=\"og:image\" content=\"https:\/\/sey.fi\/wp-content\/uploads\/sites\/30\/2025\/12\/lahjoitukset_postin_kautta_savon_elainsuojelu.png\" \/>\n\t<meta property=\"og:image:width\" content=\"1024\" \/>\n\t<meta property=\"og:image:height\" content=\"512\" \/>\n\t<meta property=\"og:image:type\" content=\"image\/png\" \/>\n<meta name=\"twitter:card\" content=\"summary_large_image\" \/>\n<meta name=\"twitter:label1\" content=\"Arvioitu lukuaika\" \/>\n\t<meta name=\"twitter:data1\" content=\"1 minuutti\" \/>\n<script type=\"application\/ld+json\" class=\"yoast-schema-graph\">{\"@context\":\"https:\/\/schema.org\",\"@graph\":[{\"@type\":\"WebPage\",\"@id\":\"https:\/\/sey.fi\/savo\/lahjoitukset-kodittomille-elaimille-postin-kautta\/\",\"url\":\"https:\/\/sey.fi\/savo\/lahjoitukset-kodittomille-elaimille-postin-kautta\/\",\"name\":\"Tee lahjoitustilaus suoraan kotisohvaltasi - Savon El\u00e4insuojelu\",\"isPartOf\":{\"@id\":\"https:\/\/sey.fi\/savo\/#website\"},\"primaryImageOfPage\":{\"@id\":\"https:\/\/sey.fi\/savo\/lahjoitukset-kodittomille-elaimille-postin-kautta\/#primaryimage\"},\"image\":{\"@id\":\"https:\/\/sey.fi\/savo\/lahjoitukset-kodittomille-elaimille-postin-kautta\/#primaryimage\"},\"thumbnailUrl\":\"https:\/\/sey.fi\/wp-content\/uploads\/sites\/30\/2025\/12\/lahjoitukset_postin_kautta_savon_elainsuojelu.png\",\"datePublished\":\"2025-12-07T15:54:09+00:00\",\"dateModified\":\"2025-12-07T15:54:10+00:00\",\"description\":\"Haluatko tehd\u00e4 ruoka- tai tavaralahjoituksen kodittomille el\u00e4imille suoraan kotisohvaltasi? Nopeasti ja vaivattomasti nettikaupan kautta?\",\"breadcrumb\":{\"@id\":\"https:\/\/sey.fi\/savo\/lahjoitukset-kodittomille-elaimille-postin-kautta\/#breadcrumb\"},\"inLanguage\":\"fi\",\"potentialAction\":[{\"@type\":\"ReadAction\",\"target\":[\"https:\/\/sey.fi\/savo\/lahjoitukset-kodittomille-elaimille-postin-kautta\/\"]}]},{\"@type\":\"ImageObject\",\"inLanguage\":\"fi\",\"@id\":\"https:\/\/sey.fi\/savo\/lahjoitukset-kodittomille-elaimille-postin-kautta\/#primaryimage\",\"url\":\"https:\/\/sey.fi\/wp-content\/uploads\/sites\/30\/2025\/12\/lahjoitukset_postin_kautta_savon_elainsuojelu.png\",\"contentUrl\":\"https:\/\/sey.fi\/wp-content\/uploads\/sites\/30\/2025\/12\/lahjoitukset_postin_kautta_savon_elainsuojelu.png\"},{\"@type\":\"BreadcrumbList\",\"@id\":\"https:\/\/sey.fi\/savo\/lahjoitukset-kodittomille-elaimille-postin-kautta\/#breadcrumb\",\"itemListElement\":[{\"@type\":\"ListItem\",\"position\":1,\"name\":\"Home\",\"item\":\"https:\/\/sey.fi\/savo\/\"},{\"@type\":\"ListItem\",\"position\":2,\"name\":\"Tee lahjoitustilaus suoraan kotisohvaltasi\"}]},{\"@type\":\"WebSite\",\"@id\":\"https:\/\/sey.fi\/savo\/#website\",\"url\":\"https:\/\/sey.fi\/savo\/\",\"name\":\"Savon El\u00e4insuojelu\",\"description\":\"Uusi SEY J\u00e4senyhdistykset -sivusto\",\"potentialAction\":[{\"@type\":\"SearchAction\",\"target\":{\"@type\":\"EntryPoint\",\"urlTemplate\":\"https:\/\/sey.fi\/savo\/?s={search_term_string}\"},\"query-input\":{\"@type\":\"PropertyValueSpecification\",\"valueRequired\":true,\"valueName\":\"search_term_string\"}}],\"inLanguage\":\"fi\"}]}<\/script>\n<!-- \/ Yoast SEO plugin. -->","yoast_head_json":{"title":"Tee lahjoitustilaus suoraan kotisohvaltasi - Savon El\u00e4insuojelu","description":"Haluatko tehd\u00e4 ruoka- tai tavaralahjoituksen kodittomille el\u00e4imille suoraan kotisohvaltasi? Nopeasti ja vaivattomasti nettikaupan kautta?","robots":{"index":"index","follow":"follow","max-snippet":"max-snippet:-1","max-image-preview":"max-image-preview:large","max-video-preview":"max-video-preview:-1"},"canonical":"https:\/\/sey.fi\/savo\/lahjoitukset-kodittomille-elaimille-postin-kautta\/","og_locale":"fi_FI","og_type":"article","og_title":"Tee lahjoitustilaus suoraan kotisohvaltasi - Savon El\u00e4insuojelu","og_description":"Haluatko tehd\u00e4 ruoka- tai tavaralahjoituksen kodittomille el\u00e4imille suoraan kotisohvaltasi? Nopeasti ja vaivattomasti nettikaupan kautta?","og_url":"https:\/\/sey.fi\/savo\/lahjoitukset-kodittomille-elaimille-postin-kautta\/","og_site_name":"Savon El\u00e4insuojelu","article_modified_time":"2025-12-07T15:54:10+00:00","og_image":[{"width":1024,"height":512,"url":"https:\/\/sey.fi\/wp-content\/uploads\/sites\/30\/2025\/12\/lahjoitukset_postin_kautta_savon_elainsuojelu.png","type":"image\/png"}],"twitter_card":"summary_large_image","twitter_misc":{"Arvioitu lukuaika":"1 minuutti"},"schema":{"@context":"https:\/\/schema.org","@graph":[{"@type":"WebPage","@id":"https:\/\/sey.fi\/savo\/lahjoitukset-kodittomille-elaimille-postin-kautta\/","url":"https:\/\/sey.fi\/savo\/lahjoitukset-kodittomille-elaimille-postin-kautta\/","name":"Tee lahjoitustilaus suoraan kotisohvaltasi - Savon El\u00e4insuojelu","isPartOf":{"@id":"https:\/\/sey.fi\/savo\/#website"},"primaryImageOfPage":{"@id":"https:\/\/sey.fi\/savo\/lahjoitukset-kodittomille-elaimille-postin-kautta\/#primaryimage"},"image":{"@id":"https:\/\/sey.fi\/savo\/lahjoitukset-kodittomille-elaimille-postin-kautta\/#primaryimage"},"thumbnailUrl":"https:\/\/sey.fi\/wp-content\/uploads\/sites\/30\/2025\/12\/lahjoitukset_postin_kautta_savon_elainsuojelu.png","datePublished":"2025-12-07T15:54:09+00:00","dateModified":"2025-12-07T15:54:10+00:00","description":"Haluatko tehd\u00e4 ruoka- tai tavaralahjoituksen kodittomille el\u00e4imille suoraan kotisohvaltasi? Nopeasti ja vaivattomasti nettikaupan kautta?","breadcrumb":{"@id":"https:\/\/sey.fi\/savo\/lahjoitukset-kodittomille-elaimille-postin-kautta\/#breadcrumb"},"inLanguage":"fi","potentialAction":[{"@type":"ReadAction","target":["https:\/\/sey.fi\/savo\/lahjoitukset-kodittomille-elaimille-postin-kautta\/"]}]},{"@type":"ImageObject","inLanguage":"fi","@id":"https:\/\/sey.fi\/savo\/lahjoitukset-kodittomille-elaimille-postin-kautta\/#primaryimage","url":"https:\/\/sey.fi\/wp-content\/uploads\/sites\/30\/2025\/12\/lahjoitukset_postin_kautta_savon_elainsuojelu.png","contentUrl":"https:\/\/sey.fi\/wp-content\/uploads\/sites\/30\/2025\/12\/lahjoitukset_postin_kautta_savon_elainsuojelu.png"},{"@type":"BreadcrumbList","@id":"https:\/\/sey.fi\/savo\/lahjoitukset-kodittomille-elaimille-postin-kautta\/#breadcrumb","itemListElement":[{"@type":"ListItem","position":1,"name":"Home","item":"https:\/\/sey.fi\/savo\/"},{"@type":"ListItem","position":2,"name":"Tee lahjoitustilaus suoraan kotisohvaltasi"}]},{"@type":"WebSite","@id":"https:\/\/sey.fi\/savo\/#website","url":"https:\/\/sey.fi\/savo\/","name":"Savon El\u00e4insuojelu","description":"Uusi SEY J\u00e4senyhdistykset -sivusto","potentialAction":[{"@type":"SearchAction","target":{"@type":"EntryPoint","urlTemplate":"https:\/\/sey.fi\/savo\/?s={search_term_string}"},"query-input":{"@type":"PropertyValueSpecification","valueRequired":true,"valueName":"search_term_string"}}],"inLanguage":"fi"}]}},"_links":{"self":[{"href":"https:\/\/sey.fi\/savo\/wp-json\/wp\/v2\/pages\/928","targetHints":{"allow":["GET"]}}],"collection":[{"href":"https:\/\/sey.fi\/savo\/wp-json\/wp\/v2\/pages"}],"about":[{"href":"https:\/\/sey.fi\/savo\/wp-json\/wp\/v2\/types\/page"}],"author":[{"embeddable":true,"href":"https:\/\/sey.fi\/savo\/wp-json\/wp\/v2\/users\/27"}],"replies":[{"embeddable":true,"href":"https:\/\/sey.fi\/savo\/wp-json\/wp\/v2\/comments?post=928"}],"version-history":[{"count":1,"href":"https:\/\/sey.fi\/savo\/wp-json\/wp\/v2\/pages\/928\/revisions"}],"predecessor-version":[{"id":931,"href":"https:\/\/sey.fi\/savo\/wp-json\/wp\/v2\/pages\/928\/revisions\/931"}],"wp:attachment":[{"href":"https:\/\/sey.fi\/savo\/wp-json\/wp\/v2\/media?parent=928"}],"curies":[{"name":"wp","href":"https:\/\/api.w.org\/{rel}","templated":true}]}}