{"id":974,"date":"2026-01-28T22:27:41","date_gmt":"2026-01-28T20:27:41","guid":{"rendered":"https:\/\/sey.fi\/savo\/?page_id=974"},"modified":"2026-01-28T22:37:56","modified_gmt":"2026-01-28T20:37:56","slug":"ruokaviraston-koirarekisteri","status":"publish","type":"page","link":"https:\/\/sey.fi\/savo\/ruokaviraston-koirarekisteri\/","title":{"rendered":"Ruokaviraston koirarekisteri"},"content":{"rendered":"\n<figure class=\"wp-block-image size-full\"><img loading=\"lazy\" decoding=\"async\" width=\"1024\" height=\"512\" src=\"https:\/\/sey.fi\/wp-content\/uploads\/sites\/30\/2026\/01\/ruokaviraston_koirarekisteri_on_viranomaisrekisteri.png\" alt=\"\" class=\"wp-image-975\" srcset=\"https:\/\/sey.fi\/wp-content\/uploads\/sites\/30\/2026\/01\/ruokaviraston_koirarekisteri_on_viranomaisrekisteri.png 1024w, https:\/\/sey.fi\/wp-content\/uploads\/sites\/30\/2026\/01\/ruokaviraston_koirarekisteri_on_viranomaisrekisteri-300x150.png 300w, https:\/\/sey.fi\/wp-content\/uploads\/sites\/30\/2026\/01\/ruokaviraston_koirarekisteri_on_viranomaisrekisteri-768x384.png 768w, https:\/\/sey.fi\/wp-content\/uploads\/sites\/30\/2026\/01\/ruokaviraston_koirarekisteri_on_viranomaisrekisteri-640x320.png 640w, https:\/\/sey.fi\/wp-content\/uploads\/sites\/30\/2026\/01\/ruokaviraston_koirarekisteri_on_viranomaisrekisteri-320x160.png 320w\" sizes=\"auto, (max-width: 1024px) 100vw, 1024px\" \/><\/figure>\n\n\n\n<p>Suomessa koirien miksrosirutus ja ilmoittaminen Ruokaviraston yll\u00e4pit\u00e4m\u00e4\u00e4n koirarekisteriin on ollut pakollista 1.1.2023 alkaen. Kaikista Suomessa asuvista koirista tulee l\u00f6yty\u00e4 tiedot rekisterist\u00e4.<\/p>\n\n\n\n<p>Pakollisen tunnistusmerkinn\u00e4n ja rekister\u00f6innin halutaan osaltaan edist\u00e4v\u00e4n koirien vastuullista kasvatus- ja myyntitoimintaa ja siten parantavan koirien hyvinvointia. <\/p>\n\n\n\n<p>Rekister\u00f6innin voi tehd\u00e4 koirarekisterin s\u00e4hk\u00f6isess\u00e4 asiointipalvelussa tai Ruokaviraston vahvistamalla lomakkeella joko turvas\u00e4hk\u00f6postilla \/ postitse.\u00a0Koiran rekister\u00f6intimaksun hinta on 10 euroa \/ koira s\u00e4hk\u00f6isen asioinnin kautta tehtyn\u00e4 ja 20 euroa \/ koira lomakeilmoituksella.<\/p>\n\n\n\n<p>Tarkempia tietoja ja ohjeita sek\u00e4 linkki s\u00e4hk\u00f6iseen asiointipalveluun \/ ilmoituslomakkeet l\u00f6ytyv\u00e4t <a href=\"https:\/\/www.ruokavirasto.fi\/elaimet\/elaintenpito-tunnistaminen-ja-rekisterointi\/elainten-merkinta-ja-rekisterointi\/koirat-kissat-ja-fretit\/koirarekisteri\/\">Ruokaviraston sivuilta <\/a>.<\/p>\n","protected":false},"excerpt":{"rendered":"<p>Suomessa koirien miksrosirutus ja ilmoittaminen Ruokaviraston yll\u00e4pit\u00e4m\u00e4\u00e4n koirarekisteriin on ollut pakollista 1.1.2023 alkaen. Kaikista Suomessa asuvista koirista tulee l\u00f6yty\u00e4 tiedot rekisterist\u00e4. Pakollisen tunnistusmerkinn\u00e4n ja rekister\u00f6innin halutaan osaltaan edist\u00e4v\u00e4n koirien vastuullista kasvatus- ja myyntitoimintaa ja siten parantavan koirien hyvinvointia. Rekister\u00f6innin voi tehd\u00e4 koirarekisterin s\u00e4hk\u00f6isess\u00e4 asiointipalvelussa tai Ruokaviraston vahvistamalla lomakkeella joko turvas\u00e4hk\u00f6postilla \/ postitse.\u00a0Koiran rekister\u00f6intimaksun hinta on [&hellip;]<\/p>\n","protected":false},"author":27,"featured_media":0,"parent":0,"menu_order":0,"comment_status":"closed","ping_status":"closed","template":"","meta":{"_acf_changed":false,"footnotes":""},"class_list":["post-974","page","type-page","status-publish","hentry"],"acf":[],"yoast_head":"<!-- This site is optimized with the Yoast SEO plugin v27.1.1 - https:\/\/yoast.com\/product\/yoast-seo-wordpress\/ -->\n<title>Ruokaviraston koirarekisteri - Savon El\u00e4insuojelu<\/title>\n<meta name=\"description\" content=\"Suomessa asuvat koirat on t\u00e4ytynyt ilmoittaa Ruokaviraston yll\u00e4pit\u00e4m\u00e4\u00e4n koirarekisteriin 1.1.2023 alkaen. Miten se tehd\u00e4\u00e4n?\" \/>\n<meta name=\"robots\" content=\"index, follow, max-snippet:-1, max-image-preview:large, max-video-preview:-1\" \/>\n<link rel=\"canonical\" href=\"https:\/\/sey.fi\/savo\/ruokaviraston-koirarekisteri\/\" \/>\n<meta property=\"og:locale\" content=\"fi_FI\" \/>\n<meta property=\"og:type\" content=\"article\" \/>\n<meta property=\"og:title\" content=\"Ruokaviraston koirarekisteri - Savon El\u00e4insuojelu\" \/>\n<meta property=\"og:description\" content=\"Suomessa asuvat koirat on t\u00e4ytynyt ilmoittaa Ruokaviraston yll\u00e4pit\u00e4m\u00e4\u00e4n koirarekisteriin 1.1.2023 alkaen. Miten se tehd\u00e4\u00e4n?\" \/>\n<meta property=\"og:url\" content=\"https:\/\/sey.fi\/savo\/ruokaviraston-koirarekisteri\/\" \/>\n<meta property=\"og:site_name\" content=\"Savon El\u00e4insuojelu\" \/>\n<meta property=\"article:modified_time\" content=\"2026-01-28T20:37:56+00:00\" \/>\n<meta property=\"og:image\" content=\"https:\/\/sey.fi\/wp-content\/uploads\/sites\/30\/2026\/01\/ruokaviraston_koirarekisteri_on_viranomaisrekisteri.png\" \/>\n\t<meta property=\"og:image:width\" content=\"1024\" \/>\n\t<meta property=\"og:image:height\" content=\"512\" \/>\n\t<meta property=\"og:image:type\" content=\"image\/png\" \/>\n<meta name=\"twitter:card\" content=\"summary_large_image\" \/>\n<meta name=\"twitter:label1\" content=\"Arvioitu lukuaika\" \/>\n\t<meta name=\"twitter:data1\" content=\"1 minuutti\" \/>\n<script type=\"application\/ld+json\" class=\"yoast-schema-graph\">{\"@context\":\"https:\/\/schema.org\",\"@graph\":[{\"@type\":\"WebPage\",\"@id\":\"https:\/\/sey.fi\/savo\/ruokaviraston-koirarekisteri\/\",\"url\":\"https:\/\/sey.fi\/savo\/ruokaviraston-koirarekisteri\/\",\"name\":\"Ruokaviraston koirarekisteri - Savon El\u00e4insuojelu\",\"isPartOf\":{\"@id\":\"https:\/\/sey.fi\/savo\/#website\"},\"primaryImageOfPage\":{\"@id\":\"https:\/\/sey.fi\/savo\/ruokaviraston-koirarekisteri\/#primaryimage\"},\"image\":{\"@id\":\"https:\/\/sey.fi\/savo\/ruokaviraston-koirarekisteri\/#primaryimage\"},\"thumbnailUrl\":\"https:\/\/sey.fi\/wp-content\/uploads\/sites\/30\/2026\/01\/ruokaviraston_koirarekisteri_on_viranomaisrekisteri.png\",\"datePublished\":\"2026-01-28T20:27:41+00:00\",\"dateModified\":\"2026-01-28T20:37:56+00:00\",\"description\":\"Suomessa asuvat koirat on t\u00e4ytynyt ilmoittaa Ruokaviraston yll\u00e4pit\u00e4m\u00e4\u00e4n koirarekisteriin 1.1.2023 alkaen. Miten se tehd\u00e4\u00e4n?\",\"breadcrumb\":{\"@id\":\"https:\/\/sey.fi\/savo\/ruokaviraston-koirarekisteri\/#breadcrumb\"},\"inLanguage\":\"fi\",\"potentialAction\":[{\"@type\":\"ReadAction\",\"target\":[\"https:\/\/sey.fi\/savo\/ruokaviraston-koirarekisteri\/\"]}]},{\"@type\":\"ImageObject\",\"inLanguage\":\"fi\",\"@id\":\"https:\/\/sey.fi\/savo\/ruokaviraston-koirarekisteri\/#primaryimage\",\"url\":\"https:\/\/sey.fi\/wp-content\/uploads\/sites\/30\/2026\/01\/ruokaviraston_koirarekisteri_on_viranomaisrekisteri.png\",\"contentUrl\":\"https:\/\/sey.fi\/wp-content\/uploads\/sites\/30\/2026\/01\/ruokaviraston_koirarekisteri_on_viranomaisrekisteri.png\"},{\"@type\":\"BreadcrumbList\",\"@id\":\"https:\/\/sey.fi\/savo\/ruokaviraston-koirarekisteri\/#breadcrumb\",\"itemListElement\":[{\"@type\":\"ListItem\",\"position\":1,\"name\":\"Home\",\"item\":\"https:\/\/sey.fi\/savo\/\"},{\"@type\":\"ListItem\",\"position\":2,\"name\":\"Ruokaviraston koirarekisteri\"}]},{\"@type\":\"WebSite\",\"@id\":\"https:\/\/sey.fi\/savo\/#website\",\"url\":\"https:\/\/sey.fi\/savo\/\",\"name\":\"Savon El\u00e4insuojelu\",\"description\":\"Uusi SEY J\u00e4senyhdistykset -sivusto\",\"potentialAction\":[{\"@type\":\"SearchAction\",\"target\":{\"@type\":\"EntryPoint\",\"urlTemplate\":\"https:\/\/sey.fi\/savo\/?s={search_term_string}\"},\"query-input\":{\"@type\":\"PropertyValueSpecification\",\"valueRequired\":true,\"valueName\":\"search_term_string\"}}],\"inLanguage\":\"fi\"}]}<\/script>\n<!-- \/ Yoast SEO plugin. -->","yoast_head_json":{"title":"Ruokaviraston koirarekisteri - Savon El\u00e4insuojelu","description":"Suomessa asuvat koirat on t\u00e4ytynyt ilmoittaa Ruokaviraston yll\u00e4pit\u00e4m\u00e4\u00e4n koirarekisteriin 1.1.2023 alkaen. Miten se tehd\u00e4\u00e4n?","robots":{"index":"index","follow":"follow","max-snippet":"max-snippet:-1","max-image-preview":"max-image-preview:large","max-video-preview":"max-video-preview:-1"},"canonical":"https:\/\/sey.fi\/savo\/ruokaviraston-koirarekisteri\/","og_locale":"fi_FI","og_type":"article","og_title":"Ruokaviraston koirarekisteri - Savon El\u00e4insuojelu","og_description":"Suomessa asuvat koirat on t\u00e4ytynyt ilmoittaa Ruokaviraston yll\u00e4pit\u00e4m\u00e4\u00e4n koirarekisteriin 1.1.2023 alkaen. Miten se tehd\u00e4\u00e4n?","og_url":"https:\/\/sey.fi\/savo\/ruokaviraston-koirarekisteri\/","og_site_name":"Savon El\u00e4insuojelu","article_modified_time":"2026-01-28T20:37:56+00:00","og_image":[{"width":1024,"height":512,"url":"https:\/\/sey.fi\/wp-content\/uploads\/sites\/30\/2026\/01\/ruokaviraston_koirarekisteri_on_viranomaisrekisteri.png","type":"image\/png"}],"twitter_card":"summary_large_image","twitter_misc":{"Arvioitu lukuaika":"1 minuutti"},"schema":{"@context":"https:\/\/schema.org","@graph":[{"@type":"WebPage","@id":"https:\/\/sey.fi\/savo\/ruokaviraston-koirarekisteri\/","url":"https:\/\/sey.fi\/savo\/ruokaviraston-koirarekisteri\/","name":"Ruokaviraston koirarekisteri - Savon El\u00e4insuojelu","isPartOf":{"@id":"https:\/\/sey.fi\/savo\/#website"},"primaryImageOfPage":{"@id":"https:\/\/sey.fi\/savo\/ruokaviraston-koirarekisteri\/#primaryimage"},"image":{"@id":"https:\/\/sey.fi\/savo\/ruokaviraston-koirarekisteri\/#primaryimage"},"thumbnailUrl":"https:\/\/sey.fi\/wp-content\/uploads\/sites\/30\/2026\/01\/ruokaviraston_koirarekisteri_on_viranomaisrekisteri.png","datePublished":"2026-01-28T20:27:41+00:00","dateModified":"2026-01-28T20:37:56+00:00","description":"Suomessa asuvat koirat on t\u00e4ytynyt ilmoittaa Ruokaviraston yll\u00e4pit\u00e4m\u00e4\u00e4n koirarekisteriin 1.1.2023 alkaen. Miten se tehd\u00e4\u00e4n?","breadcrumb":{"@id":"https:\/\/sey.fi\/savo\/ruokaviraston-koirarekisteri\/#breadcrumb"},"inLanguage":"fi","potentialAction":[{"@type":"ReadAction","target":["https:\/\/sey.fi\/savo\/ruokaviraston-koirarekisteri\/"]}]},{"@type":"ImageObject","inLanguage":"fi","@id":"https:\/\/sey.fi\/savo\/ruokaviraston-koirarekisteri\/#primaryimage","url":"https:\/\/sey.fi\/wp-content\/uploads\/sites\/30\/2026\/01\/ruokaviraston_koirarekisteri_on_viranomaisrekisteri.png","contentUrl":"https:\/\/sey.fi\/wp-content\/uploads\/sites\/30\/2026\/01\/ruokaviraston_koirarekisteri_on_viranomaisrekisteri.png"},{"@type":"BreadcrumbList","@id":"https:\/\/sey.fi\/savo\/ruokaviraston-koirarekisteri\/#breadcrumb","itemListElement":[{"@type":"ListItem","position":1,"name":"Home","item":"https:\/\/sey.fi\/savo\/"},{"@type":"ListItem","position":2,"name":"Ruokaviraston koirarekisteri"}]},{"@type":"WebSite","@id":"https:\/\/sey.fi\/savo\/#website","url":"https:\/\/sey.fi\/savo\/","name":"Savon El\u00e4insuojelu","description":"Uusi SEY J\u00e4senyhdistykset -sivusto","potentialAction":[{"@type":"SearchAction","target":{"@type":"EntryPoint","urlTemplate":"https:\/\/sey.fi\/savo\/?s={search_term_string}"},"query-input":{"@type":"PropertyValueSpecification","valueRequired":true,"valueName":"search_term_string"}}],"inLanguage":"fi"}]}},"_links":{"self":[{"href":"https:\/\/sey.fi\/savo\/wp-json\/wp\/v2\/pages\/974","targetHints":{"allow":["GET"]}}],"collection":[{"href":"https:\/\/sey.fi\/savo\/wp-json\/wp\/v2\/pages"}],"about":[{"href":"https:\/\/sey.fi\/savo\/wp-json\/wp\/v2\/types\/page"}],"author":[{"embeddable":true,"href":"https:\/\/sey.fi\/savo\/wp-json\/wp\/v2\/users\/27"}],"replies":[{"embeddable":true,"href":"https:\/\/sey.fi\/savo\/wp-json\/wp\/v2\/comments?post=974"}],"version-history":[{"count":5,"href":"https:\/\/sey.fi\/savo\/wp-json\/wp\/v2\/pages\/974\/revisions"}],"predecessor-version":[{"id":985,"href":"https:\/\/sey.fi\/savo\/wp-json\/wp\/v2\/pages\/974\/revisions\/985"}],"wp:attachment":[{"href":"https:\/\/sey.fi\/savo\/wp-json\/wp\/v2\/media?parent=974"}],"curies":[{"name":"wp","href":"https:\/\/api.w.org\/{rel}","templated":true}]}}