{"id":13,"date":"2019-11-22T14:56:20","date_gmt":"2019-11-22T12:56:20","guid":{"rendered":"http:\/\/srvr10.xetpoint.com\/~seyfi\/savonlinna\/?page_id=13"},"modified":"2020-10-27T12:38:50","modified_gmt":"2020-10-27T10:38:50","slug":"hallitus","status":"publish","type":"page","link":"https:\/\/sey.fi\/savonlinna\/sey-savonlinna\/ajankohtaista\/hallitus\/","title":{"rendered":"Hallitus 2020"},"content":{"rendered":"\n<p>Minna S\u00e4rkk\u00e4, puheenjohtaja<br>Margit Hautasaari, j\u00e4sen<br>Kati Laukkanen,j\u00e4sen<br>Mirjam Kosunen, j\u00e4sen<br>Antti Mustonen, j\u00e4sen<br>Leena Lauronen, j\u00e4sen<br>Sirpa Vaalam\u00e4ki, j\u00e4sen<\/p>\n","protected":false},"excerpt":{"rendered":"<p>Minna S\u00e4rkk\u00e4, puheenjohtajaMargit Hautasaari, j\u00e4senKati Laukkanen,j\u00e4senMirjam Kosunen, j\u00e4senAntti Mustonen, j\u00e4senLeena Lauronen, j\u00e4senSirpa Vaalam\u00e4ki, j\u00e4sen<\/p>\n","protected":false},"author":8,"featured_media":0,"parent":9,"menu_order":0,"comment_status":"closed","ping_status":"closed","template":"","meta":{"_acf_changed":false,"footnotes":""},"class_list":["post-13","page","type-page","status-publish","hentry"],"acf":[],"yoast_head":"<!-- This site is optimized with the Yoast SEO plugin v27.1.1 - https:\/\/yoast.com\/product\/yoast-seo-wordpress\/ -->\n<title>Hallitus 2020 - SEY Savonlinna<\/title>\n<meta name=\"robots\" content=\"index, follow, max-snippet:-1, max-image-preview:large, max-video-preview:-1\" \/>\n<link rel=\"canonical\" href=\"https:\/\/sey.fi\/savonlinna\/sey-savonlinna\/ajankohtaista\/hallitus\/\" \/>\n<meta property=\"og:locale\" content=\"fi_FI\" \/>\n<meta property=\"og:type\" content=\"article\" \/>\n<meta property=\"og:title\" content=\"Hallitus 2020 - SEY Savonlinna\" \/>\n<meta property=\"og:description\" content=\"Minna S\u00e4rkk\u00e4, puheenjohtajaMargit Hautasaari, j\u00e4senKati Laukkanen,j\u00e4senMirjam Kosunen, j\u00e4senAntti Mustonen, j\u00e4senLeena Lauronen, j\u00e4senSirpa Vaalam\u00e4ki, j\u00e4sen\" \/>\n<meta property=\"og:url\" content=\"https:\/\/sey.fi\/savonlinna\/sey-savonlinna\/ajankohtaista\/hallitus\/\" \/>\n<meta property=\"og:site_name\" content=\"SEY Savonlinna\" \/>\n<meta property=\"article:modified_time\" content=\"2020-10-27T10:38:50+00:00\" \/>\n<meta name=\"twitter:card\" content=\"summary_large_image\" \/>\n<script type=\"application\/ld+json\" class=\"yoast-schema-graph\">{\"@context\":\"https:\/\/schema.org\",\"@graph\":[{\"@type\":\"WebPage\",\"@id\":\"https:\/\/sey.fi\/savonlinna\/sey-savonlinna\/ajankohtaista\/hallitus\/\",\"url\":\"https:\/\/sey.fi\/savonlinna\/sey-savonlinna\/ajankohtaista\/hallitus\/\",\"name\":\"Hallitus 2020 - SEY Savonlinna\",\"isPartOf\":{\"@id\":\"https:\/\/sey.fi\/savonlinna\/#website\"},\"datePublished\":\"2019-11-22T12:56:20+00:00\",\"dateModified\":\"2020-10-27T10:38:50+00:00\",\"breadcrumb\":{\"@id\":\"https:\/\/sey.fi\/savonlinna\/sey-savonlinna\/ajankohtaista\/hallitus\/#breadcrumb\"},\"inLanguage\":\"fi\",\"potentialAction\":[{\"@type\":\"ReadAction\",\"target\":[\"https:\/\/sey.fi\/savonlinna\/sey-savonlinna\/ajankohtaista\/hallitus\/\"]}]},{\"@type\":\"BreadcrumbList\",\"@id\":\"https:\/\/sey.fi\/savonlinna\/sey-savonlinna\/ajankohtaista\/hallitus\/#breadcrumb\",\"itemListElement\":[{\"@type\":\"ListItem\",\"position\":1,\"name\":\"Home\",\"item\":\"https:\/\/sey.fi\/savonlinna\/\"},{\"@type\":\"ListItem\",\"position\":2,\"name\":\"SEY Savonlinna\",\"item\":\"https:\/\/sey.fi\/savonlinna\/\"},{\"@type\":\"ListItem\",\"position\":3,\"name\":\"Ajankohtaista\",\"item\":\"https:\/\/sey.fi\/savonlinna\/sey-savonlinna\/ajankohtaista\/\"},{\"@type\":\"ListItem\",\"position\":4,\"name\":\"Hallitus 2020\"}]},{\"@type\":\"WebSite\",\"@id\":\"https:\/\/sey.fi\/savonlinna\/#website\",\"url\":\"https:\/\/sey.fi\/savonlinna\/\",\"name\":\"SEY Savonlinna\",\"description\":\"Uusi SEY J\u00e4senyhdistykset -sivusto\",\"potentialAction\":[{\"@type\":\"SearchAction\",\"target\":{\"@type\":\"EntryPoint\",\"urlTemplate\":\"https:\/\/sey.fi\/savonlinna\/?s={search_term_string}\"},\"query-input\":{\"@type\":\"PropertyValueSpecification\",\"valueRequired\":true,\"valueName\":\"search_term_string\"}}],\"inLanguage\":\"fi\"}]}<\/script>\n<!-- \/ Yoast SEO plugin. -->","yoast_head_json":{"title":"Hallitus 2020 - SEY Savonlinna","robots":{"index":"index","follow":"follow","max-snippet":"max-snippet:-1","max-image-preview":"max-image-preview:large","max-video-preview":"max-video-preview:-1"},"canonical":"https:\/\/sey.fi\/savonlinna\/sey-savonlinna\/ajankohtaista\/hallitus\/","og_locale":"fi_FI","og_type":"article","og_title":"Hallitus 2020 - SEY Savonlinna","og_description":"Minna S\u00e4rkk\u00e4, puheenjohtajaMargit Hautasaari, j\u00e4senKati Laukkanen,j\u00e4senMirjam Kosunen, j\u00e4senAntti Mustonen, j\u00e4senLeena Lauronen, j\u00e4senSirpa Vaalam\u00e4ki, j\u00e4sen","og_url":"https:\/\/sey.fi\/savonlinna\/sey-savonlinna\/ajankohtaista\/hallitus\/","og_site_name":"SEY Savonlinna","article_modified_time":"2020-10-27T10:38:50+00:00","twitter_card":"summary_large_image","schema":{"@context":"https:\/\/schema.org","@graph":[{"@type":"WebPage","@id":"https:\/\/sey.fi\/savonlinna\/sey-savonlinna\/ajankohtaista\/hallitus\/","url":"https:\/\/sey.fi\/savonlinna\/sey-savonlinna\/ajankohtaista\/hallitus\/","name":"Hallitus 2020 - SEY Savonlinna","isPartOf":{"@id":"https:\/\/sey.fi\/savonlinna\/#website"},"datePublished":"2019-11-22T12:56:20+00:00","dateModified":"2020-10-27T10:38:50+00:00","breadcrumb":{"@id":"https:\/\/sey.fi\/savonlinna\/sey-savonlinna\/ajankohtaista\/hallitus\/#breadcrumb"},"inLanguage":"fi","potentialAction":[{"@type":"ReadAction","target":["https:\/\/sey.fi\/savonlinna\/sey-savonlinna\/ajankohtaista\/hallitus\/"]}]},{"@type":"BreadcrumbList","@id":"https:\/\/sey.fi\/savonlinna\/sey-savonlinna\/ajankohtaista\/hallitus\/#breadcrumb","itemListElement":[{"@type":"ListItem","position":1,"name":"Home","item":"https:\/\/sey.fi\/savonlinna\/"},{"@type":"ListItem","position":2,"name":"SEY Savonlinna","item":"https:\/\/sey.fi\/savonlinna\/"},{"@type":"ListItem","position":3,"name":"Ajankohtaista","item":"https:\/\/sey.fi\/savonlinna\/sey-savonlinna\/ajankohtaista\/"},{"@type":"ListItem","position":4,"name":"Hallitus 2020"}]},{"@type":"WebSite","@id":"https:\/\/sey.fi\/savonlinna\/#website","url":"https:\/\/sey.fi\/savonlinna\/","name":"SEY Savonlinna","description":"Uusi SEY J\u00e4senyhdistykset -sivusto","potentialAction":[{"@type":"SearchAction","target":{"@type":"EntryPoint","urlTemplate":"https:\/\/sey.fi\/savonlinna\/?s={search_term_string}"},"query-input":{"@type":"PropertyValueSpecification","valueRequired":true,"valueName":"search_term_string"}}],"inLanguage":"fi"}]}},"_links":{"self":[{"href":"https:\/\/sey.fi\/savonlinna\/wp-json\/wp\/v2\/pages\/13","targetHints":{"allow":["GET"]}}],"collection":[{"href":"https:\/\/sey.fi\/savonlinna\/wp-json\/wp\/v2\/pages"}],"about":[{"href":"https:\/\/sey.fi\/savonlinna\/wp-json\/wp\/v2\/types\/page"}],"author":[{"embeddable":true,"href":"https:\/\/sey.fi\/savonlinna\/wp-json\/wp\/v2\/users\/8"}],"replies":[{"embeddable":true,"href":"https:\/\/sey.fi\/savonlinna\/wp-json\/wp\/v2\/comments?post=13"}],"version-history":[{"count":3,"href":"https:\/\/sey.fi\/savonlinna\/wp-json\/wp\/v2\/pages\/13\/revisions"}],"predecessor-version":[{"id":108,"href":"https:\/\/sey.fi\/savonlinna\/wp-json\/wp\/v2\/pages\/13\/revisions\/108"}],"up":[{"embeddable":true,"href":"https:\/\/sey.fi\/savonlinna\/wp-json\/wp\/v2\/pages\/9"}],"wp:attachment":[{"href":"https:\/\/sey.fi\/savonlinna\/wp-json\/wp\/v2\/media?parent=13"}],"curies":[{"name":"wp","href":"https:\/\/api.w.org\/{rel}","templated":true}]}}