{"id":16,"date":"2019-11-22T14:59:23","date_gmt":"2019-11-22T12:59:23","guid":{"rendered":"http:\/\/srvr10.xetpoint.com\/~seyfi\/savonlinna\/?page_id=16"},"modified":"2021-06-11T13:51:10","modified_gmt":"2021-06-11T10:51:10","slug":"yhdistys","status":"publish","type":"page","link":"https:\/\/sey.fi\/savonlinna\/sey-savonlinna\/yhdistys\/","title":{"rendered":"Yhdistys"},"content":{"rendered":"\n<figure class=\"wp-block-image\"><img decoding=\"async\" src=\"http:\/\/savonlinna.sey.fi\/images\/etusivu\/kissa.jpg\" alt=\"\" \/><\/figure>\n\n\n\n<h1 class=\"wp-block-heading\">SEY Savonlinna ry<\/h1>\n\n\n\n<h2 class=\"wp-block-heading\">Tervetuloa SEY Savonlinnan sivuille<\/h2>\n\n\n\n<figure class=\"wp-block-image\"><img decoding=\"async\" src=\"http:\/\/savonlinna.sey.fi\/images\/bono_ja_norppa.png\" alt=\"\" \/><figcaption>SEY Savonlinna ry on toiminut el\u00e4inten hyv\u00e4ksi alueellamme jo 90 vuotta!<br><br>Toiminnan painopiste on ollut p\u00e4\u00e4s\u00e4\u00e4nt\u00f6isesti k\u00e4yt\u00e4nn\u00f6n el\u00e4insuojeluty\u00f6. Vapaaehtoiset el\u00e4insuojeluneuvojat ovat tehneet pyydett\u00e4ess\u00e4 el\u00e4insuojelutarkastuksia paikkoihin, joissa ep\u00e4ill\u00e4\u00e4n el\u00e4imen hoidon laiminly\u00f6nti\u00e4 tai huonoa kohtelua. Ty\u00f6t\u00e4 on tehty hyv\u00e4ss\u00e4 yhteisty\u00f6ss\u00e4 el\u00e4insuojeluviranomaisten kanssa.<br><br>Yhdistyksell\u00e4 ei ole l\u00f6yt\u00f6el\u00e4inkotia. El\u00e4insuojelulaki velvoittaa kuntia huolehtimaan hyl\u00e4ttyjen ja huostaanotettujen el\u00e4inten hoidosta ja Savonlinnan seudulla t\u00e4m\u00e4n velvoitteen hoitaa <a href=\"https:\/\/esyelamanlanka.fi\/\" target=\"_blank\" rel=\"noreferrer noopener\" aria-label=\"ESY El\u00e4m\u00e4nlanka (avautuu uudessa v\u00e4lilehdess\u00e4)\">ESY El\u00e4m\u00e4nlanka<\/a>. Poikkeustapauksissa ja harkinnan varaisesti yhdistys auttaa etsim\u00e4\u00e4n el\u00e4imelle uuden kodin.<br><br>Yhdistys pyrkii toteuttamaan kissojen sirutus- ja leikkauskampanjoita yhteisty\u00f6ss\u00e4 paikallisten el\u00e4inl\u00e4\u00e4k\u00e4reiden kanssa. Joka vuosi pidett\u00e4v\u00e4n el\u00e4intenviikon ohjelman pyrimme toteuttamaan teeman mukaisesti. Otamme tarvittaessa kantaa esill\u00e4 oleviin ajankohtaisiin el\u00e4inkysymyksiin.<br><br>Liittym\u00e4ll\u00e4 SEY Savonlinnan j\u00e4seneksi liityt samalla my\u00f6s valtakunnalliseen yhdistykseen, joka toimii hyvin laajasti ja monin eri tavoin el\u00e4in hyv\u00e4ksi.<br><br>Liity rohkeasti j\u00e4seneksi; j\u00e4senilt\u00e4 ei vaadita aktiivista osallistumista k\u00e4yt\u00e4nn\u00f6n toimintaan, mik\u00e4li et sit\u00e4 itse halua. Tukesi on meille t\u00e4rke\u00e4.<\/figcaption><\/figure>\n","protected":false},"excerpt":{"rendered":"<p>SEY Savonlinna ry Tervetuloa SEY Savonlinnan sivuille<\/p>\n","protected":false},"author":8,"featured_media":0,"parent":2,"menu_order":0,"comment_status":"closed","ping_status":"closed","template":"","meta":{"_acf_changed":false,"footnotes":""},"class_list":["post-16","page","type-page","status-publish","hentry"],"acf":[],"yoast_head":"<!-- This site is optimized with the Yoast SEO plugin v27.1.1 - https:\/\/yoast.com\/product\/yoast-seo-wordpress\/ -->\n<title>Yhdistys - SEY Savonlinna<\/title>\n<meta name=\"robots\" content=\"index, follow, max-snippet:-1, max-image-preview:large, max-video-preview:-1\" \/>\n<link rel=\"canonical\" href=\"https:\/\/sey.fi\/savonlinna\/sey-savonlinna\/yhdistys\/\" \/>\n<meta property=\"og:locale\" content=\"fi_FI\" \/>\n<meta property=\"og:type\" content=\"article\" \/>\n<meta property=\"og:title\" content=\"Yhdistys - SEY Savonlinna\" \/>\n<meta property=\"og:description\" content=\"SEY Savonlinna ry Tervetuloa SEY Savonlinnan sivuille\" \/>\n<meta property=\"og:url\" content=\"https:\/\/sey.fi\/savonlinna\/sey-savonlinna\/yhdistys\/\" \/>\n<meta property=\"og:site_name\" content=\"SEY Savonlinna\" \/>\n<meta property=\"article:modified_time\" content=\"2021-06-11T10:51:10+00:00\" \/>\n<meta property=\"og:image\" content=\"http:\/\/savonlinna.sey.fi\/images\/etusivu\/kissa.jpg\" \/>\n<meta name=\"twitter:card\" content=\"summary_large_image\" \/>\n<meta name=\"twitter:label1\" content=\"Arvioitu lukuaika\" \/>\n\t<meta name=\"twitter:data1\" content=\"1 minuutti\" \/>\n<script type=\"application\/ld+json\" class=\"yoast-schema-graph\">{\"@context\":\"https:\/\/schema.org\",\"@graph\":[{\"@type\":\"WebPage\",\"@id\":\"https:\/\/sey.fi\/savonlinna\/sey-savonlinna\/yhdistys\/\",\"url\":\"https:\/\/sey.fi\/savonlinna\/sey-savonlinna\/yhdistys\/\",\"name\":\"Yhdistys - SEY Savonlinna\",\"isPartOf\":{\"@id\":\"https:\/\/sey.fi\/savonlinna\/#website\"},\"primaryImageOfPage\":{\"@id\":\"https:\/\/sey.fi\/savonlinna\/sey-savonlinna\/yhdistys\/#primaryimage\"},\"image\":{\"@id\":\"https:\/\/sey.fi\/savonlinna\/sey-savonlinna\/yhdistys\/#primaryimage\"},\"thumbnailUrl\":\"http:\/\/savonlinna.sey.fi\/images\/etusivu\/kissa.jpg\",\"datePublished\":\"2019-11-22T12:59:23+00:00\",\"dateModified\":\"2021-06-11T10:51:10+00:00\",\"breadcrumb\":{\"@id\":\"https:\/\/sey.fi\/savonlinna\/sey-savonlinna\/yhdistys\/#breadcrumb\"},\"inLanguage\":\"fi\",\"potentialAction\":[{\"@type\":\"ReadAction\",\"target\":[\"https:\/\/sey.fi\/savonlinna\/sey-savonlinna\/yhdistys\/\"]}]},{\"@type\":\"ImageObject\",\"inLanguage\":\"fi\",\"@id\":\"https:\/\/sey.fi\/savonlinna\/sey-savonlinna\/yhdistys\/#primaryimage\",\"url\":\"http:\/\/savonlinna.sey.fi\/images\/etusivu\/kissa.jpg\",\"contentUrl\":\"http:\/\/savonlinna.sey.fi\/images\/etusivu\/kissa.jpg\"},{\"@type\":\"BreadcrumbList\",\"@id\":\"https:\/\/sey.fi\/savonlinna\/sey-savonlinna\/yhdistys\/#breadcrumb\",\"itemListElement\":[{\"@type\":\"ListItem\",\"position\":1,\"name\":\"Home\",\"item\":\"https:\/\/sey.fi\/savonlinna\/\"},{\"@type\":\"ListItem\",\"position\":2,\"name\":\"SEY Savonlinna\",\"item\":\"https:\/\/sey.fi\/savonlinna\/\"},{\"@type\":\"ListItem\",\"position\":3,\"name\":\"Yhdistys\"}]},{\"@type\":\"WebSite\",\"@id\":\"https:\/\/sey.fi\/savonlinna\/#website\",\"url\":\"https:\/\/sey.fi\/savonlinna\/\",\"name\":\"SEY Savonlinna\",\"description\":\"Uusi SEY J\u00e4senyhdistykset -sivusto\",\"potentialAction\":[{\"@type\":\"SearchAction\",\"target\":{\"@type\":\"EntryPoint\",\"urlTemplate\":\"https:\/\/sey.fi\/savonlinna\/?s={search_term_string}\"},\"query-input\":{\"@type\":\"PropertyValueSpecification\",\"valueRequired\":true,\"valueName\":\"search_term_string\"}}],\"inLanguage\":\"fi\"}]}<\/script>\n<!-- \/ Yoast SEO plugin. -->","yoast_head_json":{"title":"Yhdistys - SEY Savonlinna","robots":{"index":"index","follow":"follow","max-snippet":"max-snippet:-1","max-image-preview":"max-image-preview:large","max-video-preview":"max-video-preview:-1"},"canonical":"https:\/\/sey.fi\/savonlinna\/sey-savonlinna\/yhdistys\/","og_locale":"fi_FI","og_type":"article","og_title":"Yhdistys - SEY Savonlinna","og_description":"SEY Savonlinna ry Tervetuloa SEY Savonlinnan sivuille","og_url":"https:\/\/sey.fi\/savonlinna\/sey-savonlinna\/yhdistys\/","og_site_name":"SEY Savonlinna","article_modified_time":"2021-06-11T10:51:10+00:00","og_image":[{"url":"http:\/\/savonlinna.sey.fi\/images\/etusivu\/kissa.jpg","type":"","width":"","height":""}],"twitter_card":"summary_large_image","twitter_misc":{"Arvioitu lukuaika":"1 minuutti"},"schema":{"@context":"https:\/\/schema.org","@graph":[{"@type":"WebPage","@id":"https:\/\/sey.fi\/savonlinna\/sey-savonlinna\/yhdistys\/","url":"https:\/\/sey.fi\/savonlinna\/sey-savonlinna\/yhdistys\/","name":"Yhdistys - SEY Savonlinna","isPartOf":{"@id":"https:\/\/sey.fi\/savonlinna\/#website"},"primaryImageOfPage":{"@id":"https:\/\/sey.fi\/savonlinna\/sey-savonlinna\/yhdistys\/#primaryimage"},"image":{"@id":"https:\/\/sey.fi\/savonlinna\/sey-savonlinna\/yhdistys\/#primaryimage"},"thumbnailUrl":"http:\/\/savonlinna.sey.fi\/images\/etusivu\/kissa.jpg","datePublished":"2019-11-22T12:59:23+00:00","dateModified":"2021-06-11T10:51:10+00:00","breadcrumb":{"@id":"https:\/\/sey.fi\/savonlinna\/sey-savonlinna\/yhdistys\/#breadcrumb"},"inLanguage":"fi","potentialAction":[{"@type":"ReadAction","target":["https:\/\/sey.fi\/savonlinna\/sey-savonlinna\/yhdistys\/"]}]},{"@type":"ImageObject","inLanguage":"fi","@id":"https:\/\/sey.fi\/savonlinna\/sey-savonlinna\/yhdistys\/#primaryimage","url":"http:\/\/savonlinna.sey.fi\/images\/etusivu\/kissa.jpg","contentUrl":"http:\/\/savonlinna.sey.fi\/images\/etusivu\/kissa.jpg"},{"@type":"BreadcrumbList","@id":"https:\/\/sey.fi\/savonlinna\/sey-savonlinna\/yhdistys\/#breadcrumb","itemListElement":[{"@type":"ListItem","position":1,"name":"Home","item":"https:\/\/sey.fi\/savonlinna\/"},{"@type":"ListItem","position":2,"name":"SEY Savonlinna","item":"https:\/\/sey.fi\/savonlinna\/"},{"@type":"ListItem","position":3,"name":"Yhdistys"}]},{"@type":"WebSite","@id":"https:\/\/sey.fi\/savonlinna\/#website","url":"https:\/\/sey.fi\/savonlinna\/","name":"SEY Savonlinna","description":"Uusi SEY J\u00e4senyhdistykset -sivusto","potentialAction":[{"@type":"SearchAction","target":{"@type":"EntryPoint","urlTemplate":"https:\/\/sey.fi\/savonlinna\/?s={search_term_string}"},"query-input":{"@type":"PropertyValueSpecification","valueRequired":true,"valueName":"search_term_string"}}],"inLanguage":"fi"}]}},"_links":{"self":[{"href":"https:\/\/sey.fi\/savonlinna\/wp-json\/wp\/v2\/pages\/16","targetHints":{"allow":["GET"]}}],"collection":[{"href":"https:\/\/sey.fi\/savonlinna\/wp-json\/wp\/v2\/pages"}],"about":[{"href":"https:\/\/sey.fi\/savonlinna\/wp-json\/wp\/v2\/types\/page"}],"author":[{"embeddable":true,"href":"https:\/\/sey.fi\/savonlinna\/wp-json\/wp\/v2\/users\/8"}],"replies":[{"embeddable":true,"href":"https:\/\/sey.fi\/savonlinna\/wp-json\/wp\/v2\/comments?post=16"}],"version-history":[{"count":15,"href":"https:\/\/sey.fi\/savonlinna\/wp-json\/wp\/v2\/pages\/16\/revisions"}],"predecessor-version":[{"id":116,"href":"https:\/\/sey.fi\/savonlinna\/wp-json\/wp\/v2\/pages\/16\/revisions\/116"}],"up":[{"embeddable":true,"href":"https:\/\/sey.fi\/savonlinna\/wp-json\/wp\/v2\/pages\/2"}],"wp:attachment":[{"href":"https:\/\/sey.fi\/savonlinna\/wp-json\/wp\/v2\/media?parent=16"}],"curies":[{"name":"wp","href":"https:\/\/api.w.org\/{rel}","templated":true}]}}