{"id":19,"date":"2019-11-22T15:01:41","date_gmt":"2019-11-22T13:01:41","guid":{"rendered":"http:\/\/srvr10.xetpoint.com\/~seyfi\/savonlinna\/?page_id=19"},"modified":"2021-06-11T13:49:50","modified_gmt":"2021-06-11T10:49:50","slug":"hallitus-2019","status":"publish","type":"page","link":"https:\/\/sey.fi\/savonlinna\/sey-savonlinna\/yhdistys\/hallitus-2019\/","title":{"rendered":"Hallitus"},"content":{"rendered":"\n<p><strong>Yhdistyksen hallitus 2021<\/strong><\/p>\n\n\n\n<p>puheenjohtaja<br>Minna S\u00e4rkk\u00e4<\/p>\n\n\n\n<p>varapuheenjohtaja<br>Margit Hautasaari<\/p>\n\n\n\n<p>sihteeri<br>Leena Lauronen<\/p>\n\n\n\n<p>rahastonhoitaja<br>Mirjam Kosunen<\/p>\n\n\n\n<p>muut varsinaiset j\u00e4senet<br>Leena Lauronen, Antti Mustonen ja Sirpa Vaalam\u00e4ki,Taina Ansela<br><\/p>\n","protected":false},"excerpt":{"rendered":"<p>Yhdistyksen hallitus 2021 puheenjohtajaMinna S\u00e4rkk\u00e4 varapuheenjohtajaMargit Hautasaari sihteeriLeena Lauronen rahastonhoitajaMirjam Kosunen muut varsinaiset j\u00e4senetLeena Lauronen, Antti Mustonen ja Sirpa Vaalam\u00e4ki,Taina Ansela<\/p>\n","protected":false},"author":8,"featured_media":0,"parent":16,"menu_order":0,"comment_status":"closed","ping_status":"closed","template":"","meta":{"_acf_changed":false,"footnotes":""},"class_list":["post-19","page","type-page","status-publish","hentry"],"acf":[],"yoast_head":"<!-- This site is optimized with the Yoast SEO plugin v27.1.1 - https:\/\/yoast.com\/product\/yoast-seo-wordpress\/ -->\n<title>Hallitus - SEY Savonlinna<\/title>\n<meta name=\"robots\" content=\"index, follow, max-snippet:-1, max-image-preview:large, max-video-preview:-1\" \/>\n<link rel=\"canonical\" href=\"https:\/\/sey.fi\/savonlinna\/sey-savonlinna\/yhdistys\/hallitus-2019\/\" \/>\n<meta property=\"og:locale\" content=\"fi_FI\" \/>\n<meta property=\"og:type\" content=\"article\" \/>\n<meta property=\"og:title\" content=\"Hallitus - SEY Savonlinna\" \/>\n<meta property=\"og:description\" content=\"Yhdistyksen hallitus 2021 puheenjohtajaMinna S\u00e4rkk\u00e4 varapuheenjohtajaMargit Hautasaari sihteeriLeena Lauronen rahastonhoitajaMirjam Kosunen muut varsinaiset j\u00e4senetLeena Lauronen, Antti Mustonen ja Sirpa Vaalam\u00e4ki,Taina Ansela\" \/>\n<meta property=\"og:url\" content=\"https:\/\/sey.fi\/savonlinna\/sey-savonlinna\/yhdistys\/hallitus-2019\/\" \/>\n<meta property=\"og:site_name\" content=\"SEY Savonlinna\" \/>\n<meta property=\"article:modified_time\" content=\"2021-06-11T10:49:50+00:00\" \/>\n<meta name=\"twitter:card\" content=\"summary_large_image\" \/>\n<script type=\"application\/ld+json\" class=\"yoast-schema-graph\">{\"@context\":\"https:\/\/schema.org\",\"@graph\":[{\"@type\":\"WebPage\",\"@id\":\"https:\/\/sey.fi\/savonlinna\/sey-savonlinna\/yhdistys\/hallitus-2019\/\",\"url\":\"https:\/\/sey.fi\/savonlinna\/sey-savonlinna\/yhdistys\/hallitus-2019\/\",\"name\":\"Hallitus - SEY Savonlinna\",\"isPartOf\":{\"@id\":\"https:\/\/sey.fi\/savonlinna\/#website\"},\"datePublished\":\"2019-11-22T13:01:41+00:00\",\"dateModified\":\"2021-06-11T10:49:50+00:00\",\"breadcrumb\":{\"@id\":\"https:\/\/sey.fi\/savonlinna\/sey-savonlinna\/yhdistys\/hallitus-2019\/#breadcrumb\"},\"inLanguage\":\"fi\",\"potentialAction\":[{\"@type\":\"ReadAction\",\"target\":[\"https:\/\/sey.fi\/savonlinna\/sey-savonlinna\/yhdistys\/hallitus-2019\/\"]}]},{\"@type\":\"BreadcrumbList\",\"@id\":\"https:\/\/sey.fi\/savonlinna\/sey-savonlinna\/yhdistys\/hallitus-2019\/#breadcrumb\",\"itemListElement\":[{\"@type\":\"ListItem\",\"position\":1,\"name\":\"Home\",\"item\":\"https:\/\/sey.fi\/savonlinna\/\"},{\"@type\":\"ListItem\",\"position\":2,\"name\":\"SEY Savonlinna\",\"item\":\"https:\/\/sey.fi\/savonlinna\/\"},{\"@type\":\"ListItem\",\"position\":3,\"name\":\"Yhdistys\",\"item\":\"https:\/\/sey.fi\/savonlinna\/sey-savonlinna\/yhdistys\/\"},{\"@type\":\"ListItem\",\"position\":4,\"name\":\"Hallitus\"}]},{\"@type\":\"WebSite\",\"@id\":\"https:\/\/sey.fi\/savonlinna\/#website\",\"url\":\"https:\/\/sey.fi\/savonlinna\/\",\"name\":\"SEY Savonlinna\",\"description\":\"Uusi SEY J\u00e4senyhdistykset -sivusto\",\"potentialAction\":[{\"@type\":\"SearchAction\",\"target\":{\"@type\":\"EntryPoint\",\"urlTemplate\":\"https:\/\/sey.fi\/savonlinna\/?s={search_term_string}\"},\"query-input\":{\"@type\":\"PropertyValueSpecification\",\"valueRequired\":true,\"valueName\":\"search_term_string\"}}],\"inLanguage\":\"fi\"}]}<\/script>\n<!-- \/ Yoast SEO plugin. -->","yoast_head_json":{"title":"Hallitus - SEY Savonlinna","robots":{"index":"index","follow":"follow","max-snippet":"max-snippet:-1","max-image-preview":"max-image-preview:large","max-video-preview":"max-video-preview:-1"},"canonical":"https:\/\/sey.fi\/savonlinna\/sey-savonlinna\/yhdistys\/hallitus-2019\/","og_locale":"fi_FI","og_type":"article","og_title":"Hallitus - SEY Savonlinna","og_description":"Yhdistyksen hallitus 2021 puheenjohtajaMinna S\u00e4rkk\u00e4 varapuheenjohtajaMargit Hautasaari sihteeriLeena Lauronen rahastonhoitajaMirjam Kosunen muut varsinaiset j\u00e4senetLeena Lauronen, Antti Mustonen ja Sirpa Vaalam\u00e4ki,Taina Ansela","og_url":"https:\/\/sey.fi\/savonlinna\/sey-savonlinna\/yhdistys\/hallitus-2019\/","og_site_name":"SEY Savonlinna","article_modified_time":"2021-06-11T10:49:50+00:00","twitter_card":"summary_large_image","schema":{"@context":"https:\/\/schema.org","@graph":[{"@type":"WebPage","@id":"https:\/\/sey.fi\/savonlinna\/sey-savonlinna\/yhdistys\/hallitus-2019\/","url":"https:\/\/sey.fi\/savonlinna\/sey-savonlinna\/yhdistys\/hallitus-2019\/","name":"Hallitus - SEY Savonlinna","isPartOf":{"@id":"https:\/\/sey.fi\/savonlinna\/#website"},"datePublished":"2019-11-22T13:01:41+00:00","dateModified":"2021-06-11T10:49:50+00:00","breadcrumb":{"@id":"https:\/\/sey.fi\/savonlinna\/sey-savonlinna\/yhdistys\/hallitus-2019\/#breadcrumb"},"inLanguage":"fi","potentialAction":[{"@type":"ReadAction","target":["https:\/\/sey.fi\/savonlinna\/sey-savonlinna\/yhdistys\/hallitus-2019\/"]}]},{"@type":"BreadcrumbList","@id":"https:\/\/sey.fi\/savonlinna\/sey-savonlinna\/yhdistys\/hallitus-2019\/#breadcrumb","itemListElement":[{"@type":"ListItem","position":1,"name":"Home","item":"https:\/\/sey.fi\/savonlinna\/"},{"@type":"ListItem","position":2,"name":"SEY Savonlinna","item":"https:\/\/sey.fi\/savonlinna\/"},{"@type":"ListItem","position":3,"name":"Yhdistys","item":"https:\/\/sey.fi\/savonlinna\/sey-savonlinna\/yhdistys\/"},{"@type":"ListItem","position":4,"name":"Hallitus"}]},{"@type":"WebSite","@id":"https:\/\/sey.fi\/savonlinna\/#website","url":"https:\/\/sey.fi\/savonlinna\/","name":"SEY Savonlinna","description":"Uusi SEY J\u00e4senyhdistykset -sivusto","potentialAction":[{"@type":"SearchAction","target":{"@type":"EntryPoint","urlTemplate":"https:\/\/sey.fi\/savonlinna\/?s={search_term_string}"},"query-input":{"@type":"PropertyValueSpecification","valueRequired":true,"valueName":"search_term_string"}}],"inLanguage":"fi"}]}},"_links":{"self":[{"href":"https:\/\/sey.fi\/savonlinna\/wp-json\/wp\/v2\/pages\/19","targetHints":{"allow":["GET"]}}],"collection":[{"href":"https:\/\/sey.fi\/savonlinna\/wp-json\/wp\/v2\/pages"}],"about":[{"href":"https:\/\/sey.fi\/savonlinna\/wp-json\/wp\/v2\/types\/page"}],"author":[{"embeddable":true,"href":"https:\/\/sey.fi\/savonlinna\/wp-json\/wp\/v2\/users\/8"}],"replies":[{"embeddable":true,"href":"https:\/\/sey.fi\/savonlinna\/wp-json\/wp\/v2\/comments?post=19"}],"version-history":[{"count":3,"href":"https:\/\/sey.fi\/savonlinna\/wp-json\/wp\/v2\/pages\/19\/revisions"}],"predecessor-version":[{"id":115,"href":"https:\/\/sey.fi\/savonlinna\/wp-json\/wp\/v2\/pages\/19\/revisions\/115"}],"up":[{"embeddable":true,"href":"https:\/\/sey.fi\/savonlinna\/wp-json\/wp\/v2\/pages\/16"}],"wp:attachment":[{"href":"https:\/\/sey.fi\/savonlinna\/wp-json\/wp\/v2\/media?parent=19"}],"curies":[{"name":"wp","href":"https:\/\/api.w.org\/{rel}","templated":true}]}}