{"id":21,"date":"2019-11-22T15:02:28","date_gmt":"2019-11-22T13:02:28","guid":{"rendered":"http:\/\/srvr10.xetpoint.com\/~seyfi\/savonlinna\/?page_id=21"},"modified":"2020-04-22T17:30:48","modified_gmt":"2020-04-22T14:30:48","slug":"jasenyys","status":"publish","type":"page","link":"https:\/\/sey.fi\/savonlinna\/sey-savonlinna\/yhdistys\/jasenyys\/","title":{"rendered":"J\u00e4senyys"},"content":{"rendered":"\n<p>Tarvitsemme joukkoomme uusia el\u00e4inten yst\u00e4vi\u00e4 el\u00e4insuojeluty\u00f6n kehitt\u00e4miseen, ideointiin ja toteuttamaan SEY Savonlinnan toimintaa. J\u00e4seneksi liittyminen auttaa my\u00f6s tukemaan paikallista el\u00e4insuojeluty\u00f6t\u00e4.<\/p>\n\n\n\n<p>Vapaaehtoinen el\u00e4insuojeluty\u00f6 on el\u00e4inten auttamista parhaimmillaan. Hyv\u00e4n mielen lis\u00e4ksi saat paljon hienoja ja mukavia kokemuksia mukavassa seurassa. SEY Savonlinnan j\u00e4senen\u00e4 sinulla on mahdollisuus vaikuttaa siihen, mill\u00e4 tavalla yhdistys tekee ty\u00f6t\u00e4\u00e4n el\u00e4inten parhaaksi.<\/p>\n\n\n\n<p>Ota yhteytt\u00e4, niin voit olla mukana tavallisena kannatusj\u00e4senen\u00e4 tai aktiivisempana vaikuttajana! J\u00e4senet saavat my\u00f6s nelj\u00e4 kertaa vuodessa ilmestyv\u00e4n Suomen El\u00e4insuojeluyhdistyksen El\u00e4inten yst\u00e4v\u00e4-lehden.<\/p>\n\n\n\n<p>Liity j\u00e4seneksemme\u00a0<a href=\"https:\/\/sey.fi\/osallistu-ja-vaikuta\/liity-jaseneksi\/\">Suomen El\u00e4insuojeluyhdistysten liiton sivulla<\/a>.<br>Voit valita s\u00e4hk\u00f6iselt\u00e4 lomakkeelta yhdistyksen, jonka j\u00e4sen haluat olla!<\/p>\n\n\n\n<p><strong>J\u00e4senmaksut vuonna 2020:<\/strong><br>varsinainen j\u00e4sen 33 \u20ac\/vuosi<br>nuorisoj\u00e4sen (alle 15 v.) 23 \u20ac\/vuosi<br>perhej\u00e4sen 23 \u20ac\/vuosi<br>kannatusj\u00e4sen 230 \u20ac\/vuosi<br>ainaisj\u00e4sen 330 \u20ac<\/p>\n","protected":false},"excerpt":{"rendered":"<p>Tarvitsemme joukkoomme uusia el\u00e4inten yst\u00e4vi\u00e4 el\u00e4insuojeluty\u00f6n kehitt\u00e4miseen, ideointiin ja toteuttamaan SEY Savonlinnan toimintaa. J\u00e4seneksi liittyminen auttaa my\u00f6s tukemaan paikallista el\u00e4insuojeluty\u00f6t\u00e4. Vapaaehtoinen el\u00e4insuojeluty\u00f6 on el\u00e4inten auttamista parhaimmillaan. Hyv\u00e4n mielen lis\u00e4ksi saat paljon hienoja ja mukavia kokemuksia mukavassa seurassa. SEY Savonlinnan j\u00e4senen\u00e4 sinulla on mahdollisuus vaikuttaa siihen, mill\u00e4 tavalla yhdistys tekee ty\u00f6t\u00e4\u00e4n el\u00e4inten parhaaksi. Ota yhteytt\u00e4, niin [&hellip;]<\/p>\n","protected":false},"author":8,"featured_media":0,"parent":16,"menu_order":0,"comment_status":"closed","ping_status":"closed","template":"","meta":{"_acf_changed":false,"footnotes":""},"class_list":["post-21","page","type-page","status-publish","hentry"],"acf":[],"yoast_head":"<!-- This site is optimized with the Yoast SEO plugin v27.1.1 - https:\/\/yoast.com\/product\/yoast-seo-wordpress\/ -->\n<title>J\u00e4senyys - SEY Savonlinna<\/title>\n<meta name=\"robots\" content=\"index, follow, max-snippet:-1, max-image-preview:large, max-video-preview:-1\" \/>\n<link rel=\"canonical\" href=\"https:\/\/sey.fi\/savonlinna\/sey-savonlinna\/yhdistys\/jasenyys\/\" \/>\n<meta property=\"og:locale\" content=\"fi_FI\" \/>\n<meta property=\"og:type\" content=\"article\" \/>\n<meta property=\"og:title\" content=\"J\u00e4senyys - SEY Savonlinna\" \/>\n<meta property=\"og:description\" content=\"Tarvitsemme joukkoomme uusia el\u00e4inten yst\u00e4vi\u00e4 el\u00e4insuojeluty\u00f6n kehitt\u00e4miseen, ideointiin ja toteuttamaan SEY Savonlinnan toimintaa. J\u00e4seneksi liittyminen auttaa my\u00f6s tukemaan paikallista el\u00e4insuojeluty\u00f6t\u00e4. Vapaaehtoinen el\u00e4insuojeluty\u00f6 on el\u00e4inten auttamista parhaimmillaan. Hyv\u00e4n mielen lis\u00e4ksi saat paljon hienoja ja mukavia kokemuksia mukavassa seurassa. SEY Savonlinnan j\u00e4senen\u00e4 sinulla on mahdollisuus vaikuttaa siihen, mill\u00e4 tavalla yhdistys tekee ty\u00f6t\u00e4\u00e4n el\u00e4inten parhaaksi. Ota yhteytt\u00e4, niin [&hellip;]\" \/>\n<meta property=\"og:url\" content=\"https:\/\/sey.fi\/savonlinna\/sey-savonlinna\/yhdistys\/jasenyys\/\" \/>\n<meta property=\"og:site_name\" content=\"SEY Savonlinna\" \/>\n<meta property=\"article:modified_time\" content=\"2020-04-22T14:30:48+00:00\" \/>\n<meta name=\"twitter:card\" content=\"summary_large_image\" \/>\n<meta name=\"twitter:label1\" content=\"Arvioitu lukuaika\" \/>\n\t<meta name=\"twitter:data1\" content=\"1 minuutti\" \/>\n<script type=\"application\/ld+json\" class=\"yoast-schema-graph\">{\"@context\":\"https:\/\/schema.org\",\"@graph\":[{\"@type\":\"WebPage\",\"@id\":\"https:\/\/sey.fi\/savonlinna\/sey-savonlinna\/yhdistys\/jasenyys\/\",\"url\":\"https:\/\/sey.fi\/savonlinna\/sey-savonlinna\/yhdistys\/jasenyys\/\",\"name\":\"J\u00e4senyys - SEY Savonlinna\",\"isPartOf\":{\"@id\":\"https:\/\/sey.fi\/savonlinna\/#website\"},\"datePublished\":\"2019-11-22T13:02:28+00:00\",\"dateModified\":\"2020-04-22T14:30:48+00:00\",\"breadcrumb\":{\"@id\":\"https:\/\/sey.fi\/savonlinna\/sey-savonlinna\/yhdistys\/jasenyys\/#breadcrumb\"},\"inLanguage\":\"fi\",\"potentialAction\":[{\"@type\":\"ReadAction\",\"target\":[\"https:\/\/sey.fi\/savonlinna\/sey-savonlinna\/yhdistys\/jasenyys\/\"]}]},{\"@type\":\"BreadcrumbList\",\"@id\":\"https:\/\/sey.fi\/savonlinna\/sey-savonlinna\/yhdistys\/jasenyys\/#breadcrumb\",\"itemListElement\":[{\"@type\":\"ListItem\",\"position\":1,\"name\":\"Home\",\"item\":\"https:\/\/sey.fi\/savonlinna\/\"},{\"@type\":\"ListItem\",\"position\":2,\"name\":\"SEY Savonlinna\",\"item\":\"https:\/\/sey.fi\/savonlinna\/\"},{\"@type\":\"ListItem\",\"position\":3,\"name\":\"Yhdistys\",\"item\":\"https:\/\/sey.fi\/savonlinna\/sey-savonlinna\/yhdistys\/\"},{\"@type\":\"ListItem\",\"position\":4,\"name\":\"J\u00e4senyys\"}]},{\"@type\":\"WebSite\",\"@id\":\"https:\/\/sey.fi\/savonlinna\/#website\",\"url\":\"https:\/\/sey.fi\/savonlinna\/\",\"name\":\"SEY Savonlinna\",\"description\":\"Uusi SEY J\u00e4senyhdistykset -sivusto\",\"potentialAction\":[{\"@type\":\"SearchAction\",\"target\":{\"@type\":\"EntryPoint\",\"urlTemplate\":\"https:\/\/sey.fi\/savonlinna\/?s={search_term_string}\"},\"query-input\":{\"@type\":\"PropertyValueSpecification\",\"valueRequired\":true,\"valueName\":\"search_term_string\"}}],\"inLanguage\":\"fi\"}]}<\/script>\n<!-- \/ Yoast SEO plugin. -->","yoast_head_json":{"title":"J\u00e4senyys - SEY Savonlinna","robots":{"index":"index","follow":"follow","max-snippet":"max-snippet:-1","max-image-preview":"max-image-preview:large","max-video-preview":"max-video-preview:-1"},"canonical":"https:\/\/sey.fi\/savonlinna\/sey-savonlinna\/yhdistys\/jasenyys\/","og_locale":"fi_FI","og_type":"article","og_title":"J\u00e4senyys - SEY Savonlinna","og_description":"Tarvitsemme joukkoomme uusia el\u00e4inten yst\u00e4vi\u00e4 el\u00e4insuojeluty\u00f6n kehitt\u00e4miseen, ideointiin ja toteuttamaan SEY Savonlinnan toimintaa. J\u00e4seneksi liittyminen auttaa my\u00f6s tukemaan paikallista el\u00e4insuojeluty\u00f6t\u00e4. Vapaaehtoinen el\u00e4insuojeluty\u00f6 on el\u00e4inten auttamista parhaimmillaan. Hyv\u00e4n mielen lis\u00e4ksi saat paljon hienoja ja mukavia kokemuksia mukavassa seurassa. SEY Savonlinnan j\u00e4senen\u00e4 sinulla on mahdollisuus vaikuttaa siihen, mill\u00e4 tavalla yhdistys tekee ty\u00f6t\u00e4\u00e4n el\u00e4inten parhaaksi. Ota yhteytt\u00e4, niin [&hellip;]","og_url":"https:\/\/sey.fi\/savonlinna\/sey-savonlinna\/yhdistys\/jasenyys\/","og_site_name":"SEY Savonlinna","article_modified_time":"2020-04-22T14:30:48+00:00","twitter_card":"summary_large_image","twitter_misc":{"Arvioitu lukuaika":"1 minuutti"},"schema":{"@context":"https:\/\/schema.org","@graph":[{"@type":"WebPage","@id":"https:\/\/sey.fi\/savonlinna\/sey-savonlinna\/yhdistys\/jasenyys\/","url":"https:\/\/sey.fi\/savonlinna\/sey-savonlinna\/yhdistys\/jasenyys\/","name":"J\u00e4senyys - SEY Savonlinna","isPartOf":{"@id":"https:\/\/sey.fi\/savonlinna\/#website"},"datePublished":"2019-11-22T13:02:28+00:00","dateModified":"2020-04-22T14:30:48+00:00","breadcrumb":{"@id":"https:\/\/sey.fi\/savonlinna\/sey-savonlinna\/yhdistys\/jasenyys\/#breadcrumb"},"inLanguage":"fi","potentialAction":[{"@type":"ReadAction","target":["https:\/\/sey.fi\/savonlinna\/sey-savonlinna\/yhdistys\/jasenyys\/"]}]},{"@type":"BreadcrumbList","@id":"https:\/\/sey.fi\/savonlinna\/sey-savonlinna\/yhdistys\/jasenyys\/#breadcrumb","itemListElement":[{"@type":"ListItem","position":1,"name":"Home","item":"https:\/\/sey.fi\/savonlinna\/"},{"@type":"ListItem","position":2,"name":"SEY Savonlinna","item":"https:\/\/sey.fi\/savonlinna\/"},{"@type":"ListItem","position":3,"name":"Yhdistys","item":"https:\/\/sey.fi\/savonlinna\/sey-savonlinna\/yhdistys\/"},{"@type":"ListItem","position":4,"name":"J\u00e4senyys"}]},{"@type":"WebSite","@id":"https:\/\/sey.fi\/savonlinna\/#website","url":"https:\/\/sey.fi\/savonlinna\/","name":"SEY Savonlinna","description":"Uusi SEY J\u00e4senyhdistykset -sivusto","potentialAction":[{"@type":"SearchAction","target":{"@type":"EntryPoint","urlTemplate":"https:\/\/sey.fi\/savonlinna\/?s={search_term_string}"},"query-input":{"@type":"PropertyValueSpecification","valueRequired":true,"valueName":"search_term_string"}}],"inLanguage":"fi"}]}},"_links":{"self":[{"href":"https:\/\/sey.fi\/savonlinna\/wp-json\/wp\/v2\/pages\/21","targetHints":{"allow":["GET"]}}],"collection":[{"href":"https:\/\/sey.fi\/savonlinna\/wp-json\/wp\/v2\/pages"}],"about":[{"href":"https:\/\/sey.fi\/savonlinna\/wp-json\/wp\/v2\/types\/page"}],"author":[{"embeddable":true,"href":"https:\/\/sey.fi\/savonlinna\/wp-json\/wp\/v2\/users\/8"}],"replies":[{"embeddable":true,"href":"https:\/\/sey.fi\/savonlinna\/wp-json\/wp\/v2\/comments?post=21"}],"version-history":[{"count":4,"href":"https:\/\/sey.fi\/savonlinna\/wp-json\/wp\/v2\/pages\/21\/revisions"}],"predecessor-version":[{"id":80,"href":"https:\/\/sey.fi\/savonlinna\/wp-json\/wp\/v2\/pages\/21\/revisions\/80"}],"up":[{"embeddable":true,"href":"https:\/\/sey.fi\/savonlinna\/wp-json\/wp\/v2\/pages\/16"}],"wp:attachment":[{"href":"https:\/\/sey.fi\/savonlinna\/wp-json\/wp\/v2\/media?parent=21"}],"curies":[{"name":"wp","href":"https:\/\/api.w.org\/{rel}","templated":true}]}}