{"id":25,"date":"2019-11-22T15:05:41","date_gmt":"2019-11-22T13:05:41","guid":{"rendered":"http:\/\/srvr10.xetpoint.com\/~seyfi\/savonlinna\/?page_id=25"},"modified":"2019-11-22T15:05:43","modified_gmt":"2019-11-22T13:05:43","slug":"elainten-pitoon-vaikuttavat-lait","status":"publish","type":"page","link":"https:\/\/sey.fi\/savonlinna\/sey-savonlinna\/elainsuojelu\/elainten-pitoon-vaikuttavat-lait\/","title":{"rendered":"El\u00e4inten pitoon vaikuttavat lait"},"content":{"rendered":"\n<h2 class=\"wp-block-heading\">El\u00e4insuojelulaki<\/h2>\n\n\n\n<p>El\u00e4inten pidosta s\u00e4\u00e4t\u00e4\u00e4 usea laki Suomessa. T\u00e4rkein n\u00e4ist\u00e4 el\u00e4inten kannalta on el\u00e4insuojelulaki, jossa kerrotaan minimivaatimukset el\u00e4inten pitoa ja hoitoa koskien.<\/p>\n\n\n\n<p>T\u00e4m\u00e4n lain tarkoituksena on suojella el\u00e4imi\u00e4 parhaalla mahdollisella tavalla k\u00e4rsimykselt\u00e4, kivulta ja tuskalta. Lain tarkoituksena on my\u00f6s edist\u00e4\u00e4 el\u00e4inten hyvinvointia ja hyv\u00e4\u00e4 kohtelua.<br><a href=\"http:\/\/www.finlex.fi\/fi\/laki\/alkup\/1996\/19960396\">El\u00e4insuojelulaki, asetus<\/a>&nbsp;ja muut vaatimukset<\/p>\n\n\n\n<h2 class=\"wp-block-heading\">J\u00e4rjestyslaki<\/h2>\n\n\n\n<p>J\u00e4rjestyslaista l\u00f6ytyy pyk\u00e4li\u00e4 el\u00e4inten kiinnipidosta. J\u00e4rjestyslaki m\u00e4\u00e4r\u00e4\u00e4 pit\u00e4m\u00e4\u00e4n koirat kytkettyn\u00e4 taajama-alueilla. My\u00f6s kissat on pidett\u00e4v\u00e4 kytkettyn\u00e4 mm. kuntopoluilla ja lasten leikkipaikoilla.<\/p>\n\n\n\n<p><a href=\"http:\/\/www.finlex.fi\/fi\/laki\/ajantasa\/2003\/20030612\">J\u00e4rjestyslaki el\u00e4inten osalta<\/a><\/p>\n\n\n\n<h2 class=\"wp-block-heading\">Mets\u00e4styslaki<\/h2>\n\n\n\n<p>Mets\u00e4styslaki kertoo, milloin mets\u00e4styskoirat saavat olla mets\u00e4stysty\u00f6ss\u00e4. Mets\u00e4styslaista l\u00f6ytyv\u00e4t m\u00e4\u00e4r\u00e4ykset mm. koirien kiinni pidosta ja ajankohdat, jolloin mets\u00e4styskoirat saavat olla mets\u00e4stysk\u00e4yt\u00f6ss\u00e4 (<a href=\"http:\/\/www.finlex.fi\/fi\/laki\/ajantasa\/1993\/19930615\">Mets\u00e4styslaki<\/a>&nbsp;luku 8, 51-55 \u00a7). Em. laista l\u00f6ytyy my\u00f6s pyk\u00e4l\u00e4, joka koskee kissan heitteillej\u00e4tt\u00f6\u00e4 ja hylk\u00e4\u00e4mist\u00e4 (luku 11, 85 \u00a7).<\/p>\n\n\n\n<h2 class=\"wp-block-heading\">Kuluttajansuojalaki<\/h2>\n\n\n\n<p>Kuluttajansuojalaki rinnastaa el\u00e4imen tavaraan ja mm. el\u00e4imen myyntiin liittyviss\u00e4 kiistoissa voi apu l\u00f6yty\u00e4 kuluttajansuojalaista.<\/p>\n\n\n\n<p><a href=\"http:\/\/www.finlex.fi\/fi\/laki\/ajantasa\/1978\/19780038\">Kuluttajansuojalaki<\/a><\/p>\n\n\n\n<p>Lis\u00e4ksi l\u00f6ytyy maa- ja mets\u00e4talousministeri\u00f6n p\u00e4\u00e4t\u00f6s koirien, kissojen ja muiden pienikokoisten seura- ja harrastusel\u00e4inten pidolle asetettavat el\u00e4insuojeluvaatimukset.<\/p>\n\n\n\n<p><a href=\"http:\/\/wwwb.mmm.fi\/el\/laki\/f\/default.html\">Seurael\u00e4inten pitoon liittyv\u00e4 lains\u00e4\u00e4d\u00e4nt\u00f6.<\/a><\/p>\n","protected":false},"excerpt":{"rendered":"<p>El\u00e4insuojelulaki El\u00e4inten pidosta s\u00e4\u00e4t\u00e4\u00e4 usea laki Suomessa. T\u00e4rkein n\u00e4ist\u00e4 el\u00e4inten kannalta on el\u00e4insuojelulaki, jossa kerrotaan minimivaatimukset el\u00e4inten pitoa ja hoitoa koskien. T\u00e4m\u00e4n lain tarkoituksena on suojella el\u00e4imi\u00e4 parhaalla mahdollisella tavalla k\u00e4rsimykselt\u00e4, kivulta ja tuskalta. Lain tarkoituksena on my\u00f6s edist\u00e4\u00e4 el\u00e4inten hyvinvointia ja hyv\u00e4\u00e4 kohtelua.El\u00e4insuojelulaki, asetus&nbsp;ja muut vaatimukset J\u00e4rjestyslaki J\u00e4rjestyslaista l\u00f6ytyy pyk\u00e4li\u00e4 el\u00e4inten kiinnipidosta. J\u00e4rjestyslaki m\u00e4\u00e4r\u00e4\u00e4 [&hellip;]<\/p>\n","protected":false},"author":8,"featured_media":0,"parent":23,"menu_order":0,"comment_status":"closed","ping_status":"closed","template":"","meta":{"_acf_changed":false,"footnotes":""},"class_list":["post-25","page","type-page","status-publish","hentry"],"acf":[],"yoast_head":"<!-- This site is optimized with the Yoast SEO plugin v27.1.1 - https:\/\/yoast.com\/product\/yoast-seo-wordpress\/ -->\n<title>El\u00e4inten pitoon vaikuttavat lait - SEY Savonlinna<\/title>\n<meta name=\"robots\" content=\"index, follow, max-snippet:-1, max-image-preview:large, max-video-preview:-1\" \/>\n<link rel=\"canonical\" href=\"https:\/\/sey.fi\/savonlinna\/sey-savonlinna\/elainsuojelu\/elainten-pitoon-vaikuttavat-lait\/\" \/>\n<meta property=\"og:locale\" content=\"fi_FI\" \/>\n<meta property=\"og:type\" content=\"article\" \/>\n<meta property=\"og:title\" content=\"El\u00e4inten pitoon vaikuttavat lait - SEY Savonlinna\" \/>\n<meta property=\"og:description\" content=\"El\u00e4insuojelulaki El\u00e4inten pidosta s\u00e4\u00e4t\u00e4\u00e4 usea laki Suomessa. T\u00e4rkein n\u00e4ist\u00e4 el\u00e4inten kannalta on el\u00e4insuojelulaki, jossa kerrotaan minimivaatimukset el\u00e4inten pitoa ja hoitoa koskien. T\u00e4m\u00e4n lain tarkoituksena on suojella el\u00e4imi\u00e4 parhaalla mahdollisella tavalla k\u00e4rsimykselt\u00e4, kivulta ja tuskalta. Lain tarkoituksena on my\u00f6s edist\u00e4\u00e4 el\u00e4inten hyvinvointia ja hyv\u00e4\u00e4 kohtelua.El\u00e4insuojelulaki, asetus&nbsp;ja muut vaatimukset J\u00e4rjestyslaki J\u00e4rjestyslaista l\u00f6ytyy pyk\u00e4li\u00e4 el\u00e4inten kiinnipidosta. J\u00e4rjestyslaki m\u00e4\u00e4r\u00e4\u00e4 [&hellip;]\" \/>\n<meta property=\"og:url\" content=\"https:\/\/sey.fi\/savonlinna\/sey-savonlinna\/elainsuojelu\/elainten-pitoon-vaikuttavat-lait\/\" \/>\n<meta property=\"og:site_name\" content=\"SEY Savonlinna\" \/>\n<meta property=\"article:modified_time\" content=\"2019-11-22T13:05:43+00:00\" \/>\n<meta name=\"twitter:card\" content=\"summary_large_image\" \/>\n<meta name=\"twitter:label1\" content=\"Arvioitu lukuaika\" \/>\n\t<meta name=\"twitter:data1\" content=\"1 minuutti\" \/>\n<script type=\"application\/ld+json\" class=\"yoast-schema-graph\">{\"@context\":\"https:\/\/schema.org\",\"@graph\":[{\"@type\":\"WebPage\",\"@id\":\"https:\/\/sey.fi\/savonlinna\/sey-savonlinna\/elainsuojelu\/elainten-pitoon-vaikuttavat-lait\/\",\"url\":\"https:\/\/sey.fi\/savonlinna\/sey-savonlinna\/elainsuojelu\/elainten-pitoon-vaikuttavat-lait\/\",\"name\":\"El\u00e4inten pitoon vaikuttavat lait - SEY Savonlinna\",\"isPartOf\":{\"@id\":\"https:\/\/sey.fi\/savonlinna\/#website\"},\"datePublished\":\"2019-11-22T13:05:41+00:00\",\"dateModified\":\"2019-11-22T13:05:43+00:00\",\"breadcrumb\":{\"@id\":\"https:\/\/sey.fi\/savonlinna\/sey-savonlinna\/elainsuojelu\/elainten-pitoon-vaikuttavat-lait\/#breadcrumb\"},\"inLanguage\":\"fi\",\"potentialAction\":[{\"@type\":\"ReadAction\",\"target\":[\"https:\/\/sey.fi\/savonlinna\/sey-savonlinna\/elainsuojelu\/elainten-pitoon-vaikuttavat-lait\/\"]}]},{\"@type\":\"BreadcrumbList\",\"@id\":\"https:\/\/sey.fi\/savonlinna\/sey-savonlinna\/elainsuojelu\/elainten-pitoon-vaikuttavat-lait\/#breadcrumb\",\"itemListElement\":[{\"@type\":\"ListItem\",\"position\":1,\"name\":\"Home\",\"item\":\"https:\/\/sey.fi\/savonlinna\/\"},{\"@type\":\"ListItem\",\"position\":2,\"name\":\"SEY Savonlinna\",\"item\":\"https:\/\/sey.fi\/savonlinna\/\"},{\"@type\":\"ListItem\",\"position\":3,\"name\":\"El\u00e4insuojelu\",\"item\":\"https:\/\/sey.fi\/savonlinna\/sey-savonlinna\/elainsuojelu\/\"},{\"@type\":\"ListItem\",\"position\":4,\"name\":\"El\u00e4inten pitoon vaikuttavat lait\"}]},{\"@type\":\"WebSite\",\"@id\":\"https:\/\/sey.fi\/savonlinna\/#website\",\"url\":\"https:\/\/sey.fi\/savonlinna\/\",\"name\":\"SEY Savonlinna\",\"description\":\"Uusi SEY J\u00e4senyhdistykset -sivusto\",\"potentialAction\":[{\"@type\":\"SearchAction\",\"target\":{\"@type\":\"EntryPoint\",\"urlTemplate\":\"https:\/\/sey.fi\/savonlinna\/?s={search_term_string}\"},\"query-input\":{\"@type\":\"PropertyValueSpecification\",\"valueRequired\":true,\"valueName\":\"search_term_string\"}}],\"inLanguage\":\"fi\"}]}<\/script>\n<!-- \/ Yoast SEO plugin. -->","yoast_head_json":{"title":"El\u00e4inten pitoon vaikuttavat lait - SEY Savonlinna","robots":{"index":"index","follow":"follow","max-snippet":"max-snippet:-1","max-image-preview":"max-image-preview:large","max-video-preview":"max-video-preview:-1"},"canonical":"https:\/\/sey.fi\/savonlinna\/sey-savonlinna\/elainsuojelu\/elainten-pitoon-vaikuttavat-lait\/","og_locale":"fi_FI","og_type":"article","og_title":"El\u00e4inten pitoon vaikuttavat lait - SEY Savonlinna","og_description":"El\u00e4insuojelulaki El\u00e4inten pidosta s\u00e4\u00e4t\u00e4\u00e4 usea laki Suomessa. T\u00e4rkein n\u00e4ist\u00e4 el\u00e4inten kannalta on el\u00e4insuojelulaki, jossa kerrotaan minimivaatimukset el\u00e4inten pitoa ja hoitoa koskien. T\u00e4m\u00e4n lain tarkoituksena on suojella el\u00e4imi\u00e4 parhaalla mahdollisella tavalla k\u00e4rsimykselt\u00e4, kivulta ja tuskalta. Lain tarkoituksena on my\u00f6s edist\u00e4\u00e4 el\u00e4inten hyvinvointia ja hyv\u00e4\u00e4 kohtelua.El\u00e4insuojelulaki, asetus&nbsp;ja muut vaatimukset J\u00e4rjestyslaki J\u00e4rjestyslaista l\u00f6ytyy pyk\u00e4li\u00e4 el\u00e4inten kiinnipidosta. J\u00e4rjestyslaki m\u00e4\u00e4r\u00e4\u00e4 [&hellip;]","og_url":"https:\/\/sey.fi\/savonlinna\/sey-savonlinna\/elainsuojelu\/elainten-pitoon-vaikuttavat-lait\/","og_site_name":"SEY Savonlinna","article_modified_time":"2019-11-22T13:05:43+00:00","twitter_card":"summary_large_image","twitter_misc":{"Arvioitu lukuaika":"1 minuutti"},"schema":{"@context":"https:\/\/schema.org","@graph":[{"@type":"WebPage","@id":"https:\/\/sey.fi\/savonlinna\/sey-savonlinna\/elainsuojelu\/elainten-pitoon-vaikuttavat-lait\/","url":"https:\/\/sey.fi\/savonlinna\/sey-savonlinna\/elainsuojelu\/elainten-pitoon-vaikuttavat-lait\/","name":"El\u00e4inten pitoon vaikuttavat lait - SEY Savonlinna","isPartOf":{"@id":"https:\/\/sey.fi\/savonlinna\/#website"},"datePublished":"2019-11-22T13:05:41+00:00","dateModified":"2019-11-22T13:05:43+00:00","breadcrumb":{"@id":"https:\/\/sey.fi\/savonlinna\/sey-savonlinna\/elainsuojelu\/elainten-pitoon-vaikuttavat-lait\/#breadcrumb"},"inLanguage":"fi","potentialAction":[{"@type":"ReadAction","target":["https:\/\/sey.fi\/savonlinna\/sey-savonlinna\/elainsuojelu\/elainten-pitoon-vaikuttavat-lait\/"]}]},{"@type":"BreadcrumbList","@id":"https:\/\/sey.fi\/savonlinna\/sey-savonlinna\/elainsuojelu\/elainten-pitoon-vaikuttavat-lait\/#breadcrumb","itemListElement":[{"@type":"ListItem","position":1,"name":"Home","item":"https:\/\/sey.fi\/savonlinna\/"},{"@type":"ListItem","position":2,"name":"SEY Savonlinna","item":"https:\/\/sey.fi\/savonlinna\/"},{"@type":"ListItem","position":3,"name":"El\u00e4insuojelu","item":"https:\/\/sey.fi\/savonlinna\/sey-savonlinna\/elainsuojelu\/"},{"@type":"ListItem","position":4,"name":"El\u00e4inten pitoon vaikuttavat lait"}]},{"@type":"WebSite","@id":"https:\/\/sey.fi\/savonlinna\/#website","url":"https:\/\/sey.fi\/savonlinna\/","name":"SEY Savonlinna","description":"Uusi SEY J\u00e4senyhdistykset -sivusto","potentialAction":[{"@type":"SearchAction","target":{"@type":"EntryPoint","urlTemplate":"https:\/\/sey.fi\/savonlinna\/?s={search_term_string}"},"query-input":{"@type":"PropertyValueSpecification","valueRequired":true,"valueName":"search_term_string"}}],"inLanguage":"fi"}]}},"_links":{"self":[{"href":"https:\/\/sey.fi\/savonlinna\/wp-json\/wp\/v2\/pages\/25","targetHints":{"allow":["GET"]}}],"collection":[{"href":"https:\/\/sey.fi\/savonlinna\/wp-json\/wp\/v2\/pages"}],"about":[{"href":"https:\/\/sey.fi\/savonlinna\/wp-json\/wp\/v2\/types\/page"}],"author":[{"embeddable":true,"href":"https:\/\/sey.fi\/savonlinna\/wp-json\/wp\/v2\/users\/8"}],"replies":[{"embeddable":true,"href":"https:\/\/sey.fi\/savonlinna\/wp-json\/wp\/v2\/comments?post=25"}],"version-history":[{"count":1,"href":"https:\/\/sey.fi\/savonlinna\/wp-json\/wp\/v2\/pages\/25\/revisions"}],"predecessor-version":[{"id":26,"href":"https:\/\/sey.fi\/savonlinna\/wp-json\/wp\/v2\/pages\/25\/revisions\/26"}],"up":[{"embeddable":true,"href":"https:\/\/sey.fi\/savonlinna\/wp-json\/wp\/v2\/pages\/23"}],"wp:attachment":[{"href":"https:\/\/sey.fi\/savonlinna\/wp-json\/wp\/v2\/media?parent=25"}],"curies":[{"name":"wp","href":"https:\/\/api.w.org\/{rel}","templated":true}]}}