{"id":27,"date":"2019-11-22T15:06:17","date_gmt":"2019-11-22T13:06:17","guid":{"rendered":"http:\/\/srvr10.xetpoint.com\/~seyfi\/savonlinna\/?page_id=27"},"modified":"2019-11-22T15:06:19","modified_gmt":"2019-11-22T13:06:19","slug":"kissat","status":"publish","type":"page","link":"https:\/\/sey.fi\/savonlinna\/sey-savonlinna\/elainsuojelu\/kissat\/","title":{"rendered":"Kissat"},"content":{"rendered":"\n<h2 class=\"wp-block-heading\">Kissa ei ole lainsuojaton<\/h2>\n\n\n\n<p>Vapaasti ulkoilevat kissat voivat aiheuttaa monenlaista harmia naapurustossa ja siten ymm\u00e4rrett\u00e4v\u00e4stikin kirist\u00e4\u00e4 l\u00e4hialueen asukkaiden naapuruussuhteita. Oma rakas kissasi ei v\u00e4ltt\u00e4m\u00e4tt\u00e4 her\u00e4t\u00e4 kaikissa naapureissa samoja l\u00e4mpimi\u00e4 ihastuksen tunteita.<\/p>\n\n\n\n<p>Kanssaihmisten tuntoja tulisi muistaa kunnioittaa, sill\u00e4 kaikilla on yht\u00e4l\u00e4inen oikeus viihty\u00e4 asuinalueellaan. Lis\u00e4ksi toisinaan erimielisyydet valitettavasti k\u00e4rjistyv\u00e4t vihamielisyyten\u00e4 itse kissaa kohtaan. Turhautuneiden naapureiden on kuitenkin syyt\u00e4 muistaa, ett\u00e4 kissa on lainsuojaa nauttiva lemmikki, jonka kaltoin kohtelu ei miss\u00e4\u00e4n tilanteessa ole ymm\u00e4rrett\u00e4v\u00e4\u00e4 eik\u00e4 hyv\u00e4ksytt\u00e4v\u00e4\u00e4!<\/p>\n\n\n\n<p>Kissan omistaja on aina vastuussa lemmikkins\u00e4 tekosista \u2013 ja turvallisuudesta. Ei pid\u00e4 nimitt\u00e4in my\u00f6sk\u00e4\u00e4n unohtaa kaikkia niit\u00e4 vaaroja, joille vapaasti ulkoileva kissa on jatkuvasti alttiina. Lemmikkikissoja katoaa ja kuolee koko ajan ymp\u00e4ri Suomea. Usein lemmikin kohtalo ei koskaan selvi\u00e4 omistajalle, joka joutuu el\u00e4m\u00e4\u00e4n pitk\u00e4\u00e4n piinaavassa ep\u00e4tietoisuudessa.<\/p>\n\n\n\n<figure class=\"wp-block-image\"><img decoding=\"async\" src=\"http:\/\/savonlinna.sey.fi\/images\/kuva_7.jpg\" alt=\"\" \/><\/figure>\n\n\n\n<p><strong>Sis\u00e4kissaksi?<\/strong><\/p>\n\n\n\n<p>Ihmisill\u00e4 on nykyp\u00e4iv\u00e4n\u00e4kin usein voimakas tunne, ett\u00e4 vapaan ulkoilun kielt\u00e4minen kissalta on jotenkin ep\u00e4reilua ja luonnotonta. Kissa ei kuitenkaan ole Suomessa luonnonvarainen el\u00e4in vaan lemmikki!<br>Koirat tai esimerkiksi hevoset eiv\u00e4t ulkoile Suomessa vapaasti ilman omistajiaan, eik\u00e4 t\u00e4t\u00e4 pidet\u00e4 mitenk\u00e4\u00e4n kummallisena asiana \u2013 miksi kissan kohdalla olisi toisin?<br><br><strong>Sis\u00e4kissan liikunta<\/strong><\/p>\n\n\n\n<p>Kissalle on liikunnan kannalta t\u00e4rke\u00e4\u00e4 my\u00f6s vertikaalinen eli pystysuuntainen tila, jota voi j\u00e4rjest\u00e4\u00e4 pieneenkin asuntoon. Erilaisia kiipeilypuita ja -rakennelmia on runsaasti markkinoilla pienist\u00e4 raapimapuista kattoon asti ulottuviin tankoihin ja leikkikeskuksiin.<\/p>\n\n\n\n<p>Erilaisia hyllyj\u00e4 ja k\u00f6ydell\u00e4 p\u00e4\u00e4llystettyj\u00e4 puup\u00f6lkkyj\u00e4 tai lautoja voi lis\u00e4ill\u00e4 oman mielikuvituksen mukaisesti tai etsi\u00e4 esim. netist\u00e4 lis\u00e4\u00e4 ideoita. Kaikkien kiipeilypuiden \u2013 niin omatekemien kuin ostettujen \u2013 suhteen tulee aina muistaa varmistaa rakenteiden turvallinen ja kest\u00e4v\u00e4 kiinnitys, jotta ne kest\u00e4v\u00e4t railakkaammankin riehumisen.<\/p>\n\n\n\n<p><strong>Turvallinen ulkoilu<\/strong><\/p>\n\n\n\n<p>Hyv\u00e4 ratkaisu on totuttaa kissa valjasulkoiluun. Kissanvaljaita ja talutushihnoja saa kaikista el\u00e4intarvikeliikkeist\u00e4. Kissa tulee totuttaa valjaisiin ensin pikkuhiljaa sis\u00e4tiloissa pit\u00e4m\u00e4ll\u00e4 niit\u00e4 ensin vain pienen hetken kerrallaan kissan p\u00e4\u00e4ll\u00e4, v\u00e4hitellen pitoaikaa pident\u00e4en. Kun kissa suhtautuu valjaisiin rauhallisesti, voidaan aloittaa ulkoilu. Jotkut kissat eiv\u00e4t harjoittelusta huolimatta koskaan totu valjaisiin, eik\u00e4 siihen koskaan pid\u00e4 pakottaa. Monet kissat kuitenkin nauttivat lenkeist\u00e4\u00e4n niin paljon, ett\u00e4 suorastaan vaativat ulosp\u00e4\u00e4sy\u00e4 oven edess\u00e4, jos tavanomainen iltalenkki uhkaa j\u00e4\u00e4d\u00e4 v\u00e4liin!<\/p>\n\n\n\n<p>Jos omistajalla on oma piha, ihanteellinen ratkaisu on rakentaa kissalle ulkotarha. Ulkotarhassa on verkotetut sein\u00e4t ja katto. Tarha sisustetaan kiipeilymahdollisuuksilla, piilopaikoilla, hiekkalaatikolla jne. Talkoovoimin hyvin suunniteltu tarha nousee nopeasti. Ulkotarhassa kissa pystyy edelleen jahtaamaan hy\u00f6nteisi\u00e4 ja seuraamaan maailman muuta menoa aiheuttamatta vaaraa linnuille ja kynt\u00e4m\u00e4tt\u00e4 naapuripihojen kukkapenkkej\u00e4. Turvallisessa ulkotarhassa kodin pihalla kissa on my\u00f6s turvassa autoilta, irti p\u00e4\u00e4sseilt\u00e4 koirilta, yhteenotoilta vieraiden kissojen kanssa sek\u00e4 pahantahtoisilta ihmisilt\u00e4. Ulkotarhan voi mahdollisuuksien mukaan rakentaa esim. niin, ett\u00e4 kissalla on vapaa p\u00e4\u00e4sy avoimesta ikkunasta suoraan tarhaan.<\/p>\n\n\n\n<p>Kerrostaloissa asuville sopiva ratkaisu voi l\u00f6yty\u00e4 parvekkeelta. Oman parvekkeen saa muutettua kissaturvalliseksi ulkoilutilaksi verkottamalla parvekkeen koko korkeudeltaan. My\u00f6s ikkunat tulisi verkottaa tai muutoin suojata siten, ett\u00e4 kissa voi nuuhkia ulkoilmaa p\u00e4\u00e4sem\u00e4tt\u00e4 putoamaan.<\/p>\n\n\n\n<p>Vapaasti ulkoilevien kissojen aiheuttama erimielisyys on aina ajankohtainen ongelma \u2013 sen osoittavat el\u00e4insuojeluyhdistysten saamat monet yhteydenotot aiheesta. Onneksi kuitenkin yh\u00e4 useampi kissanomistaja on viime vuosina tehnyt positiivisen valinnan turvallisen ja naapuriyst\u00e4v\u00e4llisen lemmikinpidon puolesta.<\/p>\n\n\n\n<p>El\u00e4insuojeluyhdistyksilt\u00e4 tai kissaj\u00e4rjest\u00f6ilt\u00e4 \u2013 kuten rotuyhdistyksilt\u00e4 \u2013 saa lis\u00e4\u00e4 neuvoja ja hyvi\u00e4, painavia perusteita valvotun ulkoilun j\u00e4rjest\u00e4miseksi.<\/p>\n\n\n\n<p><strong>Mik\u00e4li kissasi kuitenkin ulkoilee vapaasti<\/strong><\/p>\n\n\n\n<p>K\u00e4yt\u00e4nn\u00f6ss\u00e4 suurin syy kissavastaisuuteen, ainakin taajama-alueilla, syntyy siit\u00e4, ett\u00e4 lemmikkikissojen omistajat eiv\u00e4t ymm\u00e4rr\u00e4 tai halua ymm\u00e4rt\u00e4\u00e4 sit\u00e4, ett\u00e4 kissa tulee ehdottomasti leikkauttaa. Steriloinnin j\u00e4lkeen kissa on edelleen se sama kissa, eik\u00e4 sen luonne toimenpiteen takia juurikaan muutu, mutta tavat kyll\u00e4kin; kollien osalla loppuu turhanp\u00e4iv\u00e4inen mouruaminen ja reviirin merkitseminen ja virtsa muuttuu l\u00e4hes hajuttomaksi. Naaraskissojen osalla loppuu puolestaan jatkuva tiineen\u00e4 oleminen. Ei ole en\u00e4\u00e4 pentukissojen sijoitusongelmia. Lis\u00e4ksi kissan omistajan kannattaa sopia naapureidensa kanssa mahdollisten karkotteiden k\u00e4yt\u00f6st\u00e4 ja tarvittaessa kustantaa ne itse. Kissanomistajien tulisi my\u00f6s muistaa se, ett\u00e4 kaulapanta ja nimilappu siin\u00e4 voivat olla oman lemmikin &#8221;henkivakuutus&#8221;.<\/p>\n\n\n\n<p><strong>Harkintaa ja vastuuta<\/strong><\/p>\n\n\n\n<p>Kannattaa ja pit\u00e4\u00e4 harkita tarkkaan, ennen kuin hankkii itselleen kissan tai mink\u00e4\u00e4n muun lemmikin. Ne vaativat p\u00e4ivitt\u00e4ist\u00e4 hoitoa ja huolenpitoa jopa parikymment\u00e4 vuotta. Lis\u00e4ksi lemmikeist\u00e4 aiheutuu omistajalleen kustannuksia, siivoamisen tarve voi lis\u00e4\u00e4nty\u00e4, huonekalut, matot, yms. voivat joutua koville, jne. jne&#8230; Lis\u00e4ksi tulee aina etuk\u00e4teen tutkia, ett\u00e4 onko perheess\u00e4 allergiaa ja varautua siihen, ett\u00e4 sellainen voi puhjeta lemmikkiel\u00e4imen ottamisen j\u00e4lkeen. T\u00e4m\u00e4 ei tarkoita sit\u00e4, ett\u00e4 lemmikkiel\u00e4inten pit\u00e4minen olisi tuomittavaa. P\u00e4invastoin se on eritt\u00e4in mukavaa, osin sitovaa ja vaativaa, mutta eritt\u00e4in antavaa. Lemmikkiel\u00e4inten pitoon liittyv\u00e4t asiat ja ongelmat tulee tiedostaa ja ymm\u00e4rt\u00e4\u00e4, ennen kuin hankkii itselleen sellaisen.<\/p>\n","protected":false},"excerpt":{"rendered":"<p>Kissa ei ole lainsuojaton Vapaasti ulkoilevat kissat voivat aiheuttaa monenlaista harmia naapurustossa ja siten ymm\u00e4rrett\u00e4v\u00e4stikin kirist\u00e4\u00e4 l\u00e4hialueen asukkaiden naapuruussuhteita. Oma rakas kissasi ei v\u00e4ltt\u00e4m\u00e4tt\u00e4 her\u00e4t\u00e4 kaikissa naapureissa samoja l\u00e4mpimi\u00e4 ihastuksen tunteita. Kanssaihmisten tuntoja tulisi muistaa kunnioittaa, sill\u00e4 kaikilla on yht\u00e4l\u00e4inen oikeus viihty\u00e4 asuinalueellaan. Lis\u00e4ksi toisinaan erimielisyydet valitettavasti k\u00e4rjistyv\u00e4t vihamielisyyten\u00e4 itse kissaa kohtaan. Turhautuneiden naapureiden on [&hellip;]<\/p>\n","protected":false},"author":8,"featured_media":0,"parent":23,"menu_order":0,"comment_status":"closed","ping_status":"closed","template":"","meta":{"_acf_changed":false,"footnotes":""},"class_list":["post-27","page","type-page","status-publish","hentry"],"acf":[],"yoast_head":"<!-- This site is optimized with the Yoast SEO plugin v27.1.1 - https:\/\/yoast.com\/product\/yoast-seo-wordpress\/ -->\n<title>Kissat - SEY Savonlinna<\/title>\n<meta name=\"robots\" content=\"index, follow, max-snippet:-1, max-image-preview:large, max-video-preview:-1\" \/>\n<link rel=\"canonical\" href=\"https:\/\/sey.fi\/savonlinna\/sey-savonlinna\/elainsuojelu\/kissat\/\" \/>\n<meta property=\"og:locale\" content=\"fi_FI\" \/>\n<meta property=\"og:type\" content=\"article\" \/>\n<meta property=\"og:title\" content=\"Kissat - SEY Savonlinna\" \/>\n<meta property=\"og:description\" content=\"Kissa ei ole lainsuojaton Vapaasti ulkoilevat kissat voivat aiheuttaa monenlaista harmia naapurustossa ja siten ymm\u00e4rrett\u00e4v\u00e4stikin kirist\u00e4\u00e4 l\u00e4hialueen asukkaiden naapuruussuhteita. Oma rakas kissasi ei v\u00e4ltt\u00e4m\u00e4tt\u00e4 her\u00e4t\u00e4 kaikissa naapureissa samoja l\u00e4mpimi\u00e4 ihastuksen tunteita. Kanssaihmisten tuntoja tulisi muistaa kunnioittaa, sill\u00e4 kaikilla on yht\u00e4l\u00e4inen oikeus viihty\u00e4 asuinalueellaan. Lis\u00e4ksi toisinaan erimielisyydet valitettavasti k\u00e4rjistyv\u00e4t vihamielisyyten\u00e4 itse kissaa kohtaan. Turhautuneiden naapureiden on [&hellip;]\" \/>\n<meta property=\"og:url\" content=\"https:\/\/sey.fi\/savonlinna\/sey-savonlinna\/elainsuojelu\/kissat\/\" \/>\n<meta property=\"og:site_name\" content=\"SEY Savonlinna\" \/>\n<meta property=\"article:modified_time\" content=\"2019-11-22T13:06:19+00:00\" \/>\n<meta property=\"og:image\" content=\"http:\/\/savonlinna.sey.fi\/images\/kuva_7.jpg\" \/>\n<meta name=\"twitter:card\" content=\"summary_large_image\" \/>\n<meta name=\"twitter:label1\" content=\"Arvioitu lukuaika\" \/>\n\t<meta name=\"twitter:data1\" content=\"4 minuuttia\" \/>\n<script type=\"application\/ld+json\" class=\"yoast-schema-graph\">{\"@context\":\"https:\/\/schema.org\",\"@graph\":[{\"@type\":\"WebPage\",\"@id\":\"https:\/\/sey.fi\/savonlinna\/sey-savonlinna\/elainsuojelu\/kissat\/\",\"url\":\"https:\/\/sey.fi\/savonlinna\/sey-savonlinna\/elainsuojelu\/kissat\/\",\"name\":\"Kissat - SEY Savonlinna\",\"isPartOf\":{\"@id\":\"https:\/\/sey.fi\/savonlinna\/#website\"},\"primaryImageOfPage\":{\"@id\":\"https:\/\/sey.fi\/savonlinna\/sey-savonlinna\/elainsuojelu\/kissat\/#primaryimage\"},\"image\":{\"@id\":\"https:\/\/sey.fi\/savonlinna\/sey-savonlinna\/elainsuojelu\/kissat\/#primaryimage\"},\"thumbnailUrl\":\"http:\/\/savonlinna.sey.fi\/images\/kuva_7.jpg\",\"datePublished\":\"2019-11-22T13:06:17+00:00\",\"dateModified\":\"2019-11-22T13:06:19+00:00\",\"breadcrumb\":{\"@id\":\"https:\/\/sey.fi\/savonlinna\/sey-savonlinna\/elainsuojelu\/kissat\/#breadcrumb\"},\"inLanguage\":\"fi\",\"potentialAction\":[{\"@type\":\"ReadAction\",\"target\":[\"https:\/\/sey.fi\/savonlinna\/sey-savonlinna\/elainsuojelu\/kissat\/\"]}]},{\"@type\":\"ImageObject\",\"inLanguage\":\"fi\",\"@id\":\"https:\/\/sey.fi\/savonlinna\/sey-savonlinna\/elainsuojelu\/kissat\/#primaryimage\",\"url\":\"http:\/\/savonlinna.sey.fi\/images\/kuva_7.jpg\",\"contentUrl\":\"http:\/\/savonlinna.sey.fi\/images\/kuva_7.jpg\"},{\"@type\":\"BreadcrumbList\",\"@id\":\"https:\/\/sey.fi\/savonlinna\/sey-savonlinna\/elainsuojelu\/kissat\/#breadcrumb\",\"itemListElement\":[{\"@type\":\"ListItem\",\"position\":1,\"name\":\"Home\",\"item\":\"https:\/\/sey.fi\/savonlinna\/\"},{\"@type\":\"ListItem\",\"position\":2,\"name\":\"SEY Savonlinna\",\"item\":\"https:\/\/sey.fi\/savonlinna\/\"},{\"@type\":\"ListItem\",\"position\":3,\"name\":\"El\u00e4insuojelu\",\"item\":\"https:\/\/sey.fi\/savonlinna\/sey-savonlinna\/elainsuojelu\/\"},{\"@type\":\"ListItem\",\"position\":4,\"name\":\"Kissat\"}]},{\"@type\":\"WebSite\",\"@id\":\"https:\/\/sey.fi\/savonlinna\/#website\",\"url\":\"https:\/\/sey.fi\/savonlinna\/\",\"name\":\"SEY Savonlinna\",\"description\":\"Uusi SEY J\u00e4senyhdistykset -sivusto\",\"potentialAction\":[{\"@type\":\"SearchAction\",\"target\":{\"@type\":\"EntryPoint\",\"urlTemplate\":\"https:\/\/sey.fi\/savonlinna\/?s={search_term_string}\"},\"query-input\":{\"@type\":\"PropertyValueSpecification\",\"valueRequired\":true,\"valueName\":\"search_term_string\"}}],\"inLanguage\":\"fi\"}]}<\/script>\n<!-- \/ Yoast SEO plugin. -->","yoast_head_json":{"title":"Kissat - SEY Savonlinna","robots":{"index":"index","follow":"follow","max-snippet":"max-snippet:-1","max-image-preview":"max-image-preview:large","max-video-preview":"max-video-preview:-1"},"canonical":"https:\/\/sey.fi\/savonlinna\/sey-savonlinna\/elainsuojelu\/kissat\/","og_locale":"fi_FI","og_type":"article","og_title":"Kissat - SEY Savonlinna","og_description":"Kissa ei ole lainsuojaton Vapaasti ulkoilevat kissat voivat aiheuttaa monenlaista harmia naapurustossa ja siten ymm\u00e4rrett\u00e4v\u00e4stikin kirist\u00e4\u00e4 l\u00e4hialueen asukkaiden naapuruussuhteita. Oma rakas kissasi ei v\u00e4ltt\u00e4m\u00e4tt\u00e4 her\u00e4t\u00e4 kaikissa naapureissa samoja l\u00e4mpimi\u00e4 ihastuksen tunteita. Kanssaihmisten tuntoja tulisi muistaa kunnioittaa, sill\u00e4 kaikilla on yht\u00e4l\u00e4inen oikeus viihty\u00e4 asuinalueellaan. Lis\u00e4ksi toisinaan erimielisyydet valitettavasti k\u00e4rjistyv\u00e4t vihamielisyyten\u00e4 itse kissaa kohtaan. Turhautuneiden naapureiden on [&hellip;]","og_url":"https:\/\/sey.fi\/savonlinna\/sey-savonlinna\/elainsuojelu\/kissat\/","og_site_name":"SEY Savonlinna","article_modified_time":"2019-11-22T13:06:19+00:00","og_image":[{"url":"http:\/\/savonlinna.sey.fi\/images\/kuva_7.jpg","type":"","width":"","height":""}],"twitter_card":"summary_large_image","twitter_misc":{"Arvioitu lukuaika":"4 minuuttia"},"schema":{"@context":"https:\/\/schema.org","@graph":[{"@type":"WebPage","@id":"https:\/\/sey.fi\/savonlinna\/sey-savonlinna\/elainsuojelu\/kissat\/","url":"https:\/\/sey.fi\/savonlinna\/sey-savonlinna\/elainsuojelu\/kissat\/","name":"Kissat - SEY Savonlinna","isPartOf":{"@id":"https:\/\/sey.fi\/savonlinna\/#website"},"primaryImageOfPage":{"@id":"https:\/\/sey.fi\/savonlinna\/sey-savonlinna\/elainsuojelu\/kissat\/#primaryimage"},"image":{"@id":"https:\/\/sey.fi\/savonlinna\/sey-savonlinna\/elainsuojelu\/kissat\/#primaryimage"},"thumbnailUrl":"http:\/\/savonlinna.sey.fi\/images\/kuva_7.jpg","datePublished":"2019-11-22T13:06:17+00:00","dateModified":"2019-11-22T13:06:19+00:00","breadcrumb":{"@id":"https:\/\/sey.fi\/savonlinna\/sey-savonlinna\/elainsuojelu\/kissat\/#breadcrumb"},"inLanguage":"fi","potentialAction":[{"@type":"ReadAction","target":["https:\/\/sey.fi\/savonlinna\/sey-savonlinna\/elainsuojelu\/kissat\/"]}]},{"@type":"ImageObject","inLanguage":"fi","@id":"https:\/\/sey.fi\/savonlinna\/sey-savonlinna\/elainsuojelu\/kissat\/#primaryimage","url":"http:\/\/savonlinna.sey.fi\/images\/kuva_7.jpg","contentUrl":"http:\/\/savonlinna.sey.fi\/images\/kuva_7.jpg"},{"@type":"BreadcrumbList","@id":"https:\/\/sey.fi\/savonlinna\/sey-savonlinna\/elainsuojelu\/kissat\/#breadcrumb","itemListElement":[{"@type":"ListItem","position":1,"name":"Home","item":"https:\/\/sey.fi\/savonlinna\/"},{"@type":"ListItem","position":2,"name":"SEY Savonlinna","item":"https:\/\/sey.fi\/savonlinna\/"},{"@type":"ListItem","position":3,"name":"El\u00e4insuojelu","item":"https:\/\/sey.fi\/savonlinna\/sey-savonlinna\/elainsuojelu\/"},{"@type":"ListItem","position":4,"name":"Kissat"}]},{"@type":"WebSite","@id":"https:\/\/sey.fi\/savonlinna\/#website","url":"https:\/\/sey.fi\/savonlinna\/","name":"SEY Savonlinna","description":"Uusi SEY J\u00e4senyhdistykset -sivusto","potentialAction":[{"@type":"SearchAction","target":{"@type":"EntryPoint","urlTemplate":"https:\/\/sey.fi\/savonlinna\/?s={search_term_string}"},"query-input":{"@type":"PropertyValueSpecification","valueRequired":true,"valueName":"search_term_string"}}],"inLanguage":"fi"}]}},"_links":{"self":[{"href":"https:\/\/sey.fi\/savonlinna\/wp-json\/wp\/v2\/pages\/27","targetHints":{"allow":["GET"]}}],"collection":[{"href":"https:\/\/sey.fi\/savonlinna\/wp-json\/wp\/v2\/pages"}],"about":[{"href":"https:\/\/sey.fi\/savonlinna\/wp-json\/wp\/v2\/types\/page"}],"author":[{"embeddable":true,"href":"https:\/\/sey.fi\/savonlinna\/wp-json\/wp\/v2\/users\/8"}],"replies":[{"embeddable":true,"href":"https:\/\/sey.fi\/savonlinna\/wp-json\/wp\/v2\/comments?post=27"}],"version-history":[{"count":1,"href":"https:\/\/sey.fi\/savonlinna\/wp-json\/wp\/v2\/pages\/27\/revisions"}],"predecessor-version":[{"id":28,"href":"https:\/\/sey.fi\/savonlinna\/wp-json\/wp\/v2\/pages\/27\/revisions\/28"}],"up":[{"embeddable":true,"href":"https:\/\/sey.fi\/savonlinna\/wp-json\/wp\/v2\/pages\/23"}],"wp:attachment":[{"href":"https:\/\/sey.fi\/savonlinna\/wp-json\/wp\/v2\/media?parent=27"}],"curies":[{"name":"wp","href":"https:\/\/api.w.org\/{rel}","templated":true}]}}