{"id":29,"date":"2019-11-22T15:06:53","date_gmt":"2019-11-22T13:06:53","guid":{"rendered":"http:\/\/srvr10.xetpoint.com\/~seyfi\/savonlinna\/?page_id=29"},"modified":"2019-11-22T15:06:54","modified_gmt":"2019-11-22T13:06:54","slug":"elaimet-ja-ymparisto","status":"publish","type":"page","link":"https:\/\/sey.fi\/savonlinna\/sey-savonlinna\/elainsuojelu\/elaimet-ja-ymparisto\/","title":{"rendered":"El\u00e4imet ja ymp\u00e4rist\u00f6"},"content":{"rendered":"\n<h2 class=\"wp-block-heading\">Roskaaminen<\/h2>\n\n\n\n<p>Luontoon joutuessaan kaikenlaiset roskat voivat aiheuttaa sek\u00e4 lemmikkien, ett\u00e4 luonnonvaraisten el\u00e4inten vammautumisen tai kuoleman.<\/p>\n\n\n\n<p>Esimerkiksi juomat\u00f6lkkien muoviset pidikerenkaat voivat tarttua lintujen kaulan tai nokan ymp\u00e4rille ja aiheuttaa el\u00e4imen kuristumisen tai n\u00e4lk\u00e4\u00e4n n\u00e4\u00e4ntymisen.<\/p>\n\n\n\n<p>Turhaa k\u00e4rsimyst\u00e4 voi omalta osaltaan jokainen v\u00e4hent\u00e4\u00e4 eritt\u00e4in pienell\u00e4 vaivalla&nbsp;<em>laittamalla roskat roskiin<\/em>.<\/p>\n\n\n\n<p><strong>N\u00e4m\u00e4 vahingoittavat ja tappavat:<\/strong><\/p>\n\n\n\n<p>Lasinsirut ja tupakantumpit<br>Pullot sek\u00e4 juoma- ja s\u00e4ilykepurkit<br>Juomat\u00f6lkkien muoviset pidikerenkaat<br>T\u00f6lkkien alumiininen avausrengas<br>Muovi- ja karkkipussit yms.<br>Ilmapallot<br>Ilotulitteet<br>Narut ja langat<br>Ongenkoukut ja siimat<br>Kalaverkot ja katiskat<br>Marjapensaiden suojaverkot<\/p>\n","protected":false},"excerpt":{"rendered":"<p>Roskaaminen Luontoon joutuessaan kaikenlaiset roskat voivat aiheuttaa sek\u00e4 lemmikkien, ett\u00e4 luonnonvaraisten el\u00e4inten vammautumisen tai kuoleman. Esimerkiksi juomat\u00f6lkkien muoviset pidikerenkaat voivat tarttua lintujen kaulan tai nokan ymp\u00e4rille ja aiheuttaa el\u00e4imen kuristumisen tai n\u00e4lk\u00e4\u00e4n n\u00e4\u00e4ntymisen. Turhaa k\u00e4rsimyst\u00e4 voi omalta osaltaan jokainen v\u00e4hent\u00e4\u00e4 eritt\u00e4in pienell\u00e4 vaivalla&nbsp;laittamalla roskat roskiin. N\u00e4m\u00e4 vahingoittavat ja tappavat: Lasinsirut ja tupakantumpitPullot sek\u00e4 juoma- ja [&hellip;]<\/p>\n","protected":false},"author":8,"featured_media":0,"parent":23,"menu_order":0,"comment_status":"closed","ping_status":"closed","template":"","meta":{"_acf_changed":false,"footnotes":""},"class_list":["post-29","page","type-page","status-publish","hentry"],"acf":[],"yoast_head":"<!-- This site is optimized with the Yoast SEO plugin v27.1.1 - https:\/\/yoast.com\/product\/yoast-seo-wordpress\/ -->\n<title>El\u00e4imet ja ymp\u00e4rist\u00f6 - SEY Savonlinna<\/title>\n<meta name=\"robots\" content=\"index, follow, max-snippet:-1, max-image-preview:large, max-video-preview:-1\" \/>\n<link rel=\"canonical\" href=\"https:\/\/sey.fi\/savonlinna\/sey-savonlinna\/elainsuojelu\/elaimet-ja-ymparisto\/\" \/>\n<meta property=\"og:locale\" content=\"fi_FI\" \/>\n<meta property=\"og:type\" content=\"article\" \/>\n<meta property=\"og:title\" content=\"El\u00e4imet ja ymp\u00e4rist\u00f6 - SEY Savonlinna\" \/>\n<meta property=\"og:description\" content=\"Roskaaminen Luontoon joutuessaan kaikenlaiset roskat voivat aiheuttaa sek\u00e4 lemmikkien, ett\u00e4 luonnonvaraisten el\u00e4inten vammautumisen tai kuoleman. Esimerkiksi juomat\u00f6lkkien muoviset pidikerenkaat voivat tarttua lintujen kaulan tai nokan ymp\u00e4rille ja aiheuttaa el\u00e4imen kuristumisen tai n\u00e4lk\u00e4\u00e4n n\u00e4\u00e4ntymisen. Turhaa k\u00e4rsimyst\u00e4 voi omalta osaltaan jokainen v\u00e4hent\u00e4\u00e4 eritt\u00e4in pienell\u00e4 vaivalla&nbsp;laittamalla roskat roskiin. N\u00e4m\u00e4 vahingoittavat ja tappavat: Lasinsirut ja tupakantumpitPullot sek\u00e4 juoma- ja [&hellip;]\" \/>\n<meta property=\"og:url\" content=\"https:\/\/sey.fi\/savonlinna\/sey-savonlinna\/elainsuojelu\/elaimet-ja-ymparisto\/\" \/>\n<meta property=\"og:site_name\" content=\"SEY Savonlinna\" \/>\n<meta property=\"article:modified_time\" content=\"2019-11-22T13:06:54+00:00\" \/>\n<meta name=\"twitter:card\" content=\"summary_large_image\" \/>\n<script type=\"application\/ld+json\" class=\"yoast-schema-graph\">{\"@context\":\"https:\/\/schema.org\",\"@graph\":[{\"@type\":\"WebPage\",\"@id\":\"https:\/\/sey.fi\/savonlinna\/sey-savonlinna\/elainsuojelu\/elaimet-ja-ymparisto\/\",\"url\":\"https:\/\/sey.fi\/savonlinna\/sey-savonlinna\/elainsuojelu\/elaimet-ja-ymparisto\/\",\"name\":\"El\u00e4imet ja ymp\u00e4rist\u00f6 - SEY Savonlinna\",\"isPartOf\":{\"@id\":\"https:\/\/sey.fi\/savonlinna\/#website\"},\"datePublished\":\"2019-11-22T13:06:53+00:00\",\"dateModified\":\"2019-11-22T13:06:54+00:00\",\"breadcrumb\":{\"@id\":\"https:\/\/sey.fi\/savonlinna\/sey-savonlinna\/elainsuojelu\/elaimet-ja-ymparisto\/#breadcrumb\"},\"inLanguage\":\"fi\",\"potentialAction\":[{\"@type\":\"ReadAction\",\"target\":[\"https:\/\/sey.fi\/savonlinna\/sey-savonlinna\/elainsuojelu\/elaimet-ja-ymparisto\/\"]}]},{\"@type\":\"BreadcrumbList\",\"@id\":\"https:\/\/sey.fi\/savonlinna\/sey-savonlinna\/elainsuojelu\/elaimet-ja-ymparisto\/#breadcrumb\",\"itemListElement\":[{\"@type\":\"ListItem\",\"position\":1,\"name\":\"Home\",\"item\":\"https:\/\/sey.fi\/savonlinna\/\"},{\"@type\":\"ListItem\",\"position\":2,\"name\":\"SEY Savonlinna\",\"item\":\"https:\/\/sey.fi\/savonlinna\/\"},{\"@type\":\"ListItem\",\"position\":3,\"name\":\"El\u00e4insuojelu\",\"item\":\"https:\/\/sey.fi\/savonlinna\/sey-savonlinna\/elainsuojelu\/\"},{\"@type\":\"ListItem\",\"position\":4,\"name\":\"El\u00e4imet ja ymp\u00e4rist\u00f6\"}]},{\"@type\":\"WebSite\",\"@id\":\"https:\/\/sey.fi\/savonlinna\/#website\",\"url\":\"https:\/\/sey.fi\/savonlinna\/\",\"name\":\"SEY Savonlinna\",\"description\":\"Uusi SEY J\u00e4senyhdistykset -sivusto\",\"potentialAction\":[{\"@type\":\"SearchAction\",\"target\":{\"@type\":\"EntryPoint\",\"urlTemplate\":\"https:\/\/sey.fi\/savonlinna\/?s={search_term_string}\"},\"query-input\":{\"@type\":\"PropertyValueSpecification\",\"valueRequired\":true,\"valueName\":\"search_term_string\"}}],\"inLanguage\":\"fi\"}]}<\/script>\n<!-- \/ Yoast SEO plugin. -->","yoast_head_json":{"title":"El\u00e4imet ja ymp\u00e4rist\u00f6 - SEY Savonlinna","robots":{"index":"index","follow":"follow","max-snippet":"max-snippet:-1","max-image-preview":"max-image-preview:large","max-video-preview":"max-video-preview:-1"},"canonical":"https:\/\/sey.fi\/savonlinna\/sey-savonlinna\/elainsuojelu\/elaimet-ja-ymparisto\/","og_locale":"fi_FI","og_type":"article","og_title":"El\u00e4imet ja ymp\u00e4rist\u00f6 - SEY Savonlinna","og_description":"Roskaaminen Luontoon joutuessaan kaikenlaiset roskat voivat aiheuttaa sek\u00e4 lemmikkien, ett\u00e4 luonnonvaraisten el\u00e4inten vammautumisen tai kuoleman. Esimerkiksi juomat\u00f6lkkien muoviset pidikerenkaat voivat tarttua lintujen kaulan tai nokan ymp\u00e4rille ja aiheuttaa el\u00e4imen kuristumisen tai n\u00e4lk\u00e4\u00e4n n\u00e4\u00e4ntymisen. Turhaa k\u00e4rsimyst\u00e4 voi omalta osaltaan jokainen v\u00e4hent\u00e4\u00e4 eritt\u00e4in pienell\u00e4 vaivalla&nbsp;laittamalla roskat roskiin. N\u00e4m\u00e4 vahingoittavat ja tappavat: Lasinsirut ja tupakantumpitPullot sek\u00e4 juoma- ja [&hellip;]","og_url":"https:\/\/sey.fi\/savonlinna\/sey-savonlinna\/elainsuojelu\/elaimet-ja-ymparisto\/","og_site_name":"SEY Savonlinna","article_modified_time":"2019-11-22T13:06:54+00:00","twitter_card":"summary_large_image","schema":{"@context":"https:\/\/schema.org","@graph":[{"@type":"WebPage","@id":"https:\/\/sey.fi\/savonlinna\/sey-savonlinna\/elainsuojelu\/elaimet-ja-ymparisto\/","url":"https:\/\/sey.fi\/savonlinna\/sey-savonlinna\/elainsuojelu\/elaimet-ja-ymparisto\/","name":"El\u00e4imet ja ymp\u00e4rist\u00f6 - SEY Savonlinna","isPartOf":{"@id":"https:\/\/sey.fi\/savonlinna\/#website"},"datePublished":"2019-11-22T13:06:53+00:00","dateModified":"2019-11-22T13:06:54+00:00","breadcrumb":{"@id":"https:\/\/sey.fi\/savonlinna\/sey-savonlinna\/elainsuojelu\/elaimet-ja-ymparisto\/#breadcrumb"},"inLanguage":"fi","potentialAction":[{"@type":"ReadAction","target":["https:\/\/sey.fi\/savonlinna\/sey-savonlinna\/elainsuojelu\/elaimet-ja-ymparisto\/"]}]},{"@type":"BreadcrumbList","@id":"https:\/\/sey.fi\/savonlinna\/sey-savonlinna\/elainsuojelu\/elaimet-ja-ymparisto\/#breadcrumb","itemListElement":[{"@type":"ListItem","position":1,"name":"Home","item":"https:\/\/sey.fi\/savonlinna\/"},{"@type":"ListItem","position":2,"name":"SEY Savonlinna","item":"https:\/\/sey.fi\/savonlinna\/"},{"@type":"ListItem","position":3,"name":"El\u00e4insuojelu","item":"https:\/\/sey.fi\/savonlinna\/sey-savonlinna\/elainsuojelu\/"},{"@type":"ListItem","position":4,"name":"El\u00e4imet ja ymp\u00e4rist\u00f6"}]},{"@type":"WebSite","@id":"https:\/\/sey.fi\/savonlinna\/#website","url":"https:\/\/sey.fi\/savonlinna\/","name":"SEY Savonlinna","description":"Uusi SEY J\u00e4senyhdistykset -sivusto","potentialAction":[{"@type":"SearchAction","target":{"@type":"EntryPoint","urlTemplate":"https:\/\/sey.fi\/savonlinna\/?s={search_term_string}"},"query-input":{"@type":"PropertyValueSpecification","valueRequired":true,"valueName":"search_term_string"}}],"inLanguage":"fi"}]}},"_links":{"self":[{"href":"https:\/\/sey.fi\/savonlinna\/wp-json\/wp\/v2\/pages\/29","targetHints":{"allow":["GET"]}}],"collection":[{"href":"https:\/\/sey.fi\/savonlinna\/wp-json\/wp\/v2\/pages"}],"about":[{"href":"https:\/\/sey.fi\/savonlinna\/wp-json\/wp\/v2\/types\/page"}],"author":[{"embeddable":true,"href":"https:\/\/sey.fi\/savonlinna\/wp-json\/wp\/v2\/users\/8"}],"replies":[{"embeddable":true,"href":"https:\/\/sey.fi\/savonlinna\/wp-json\/wp\/v2\/comments?post=29"}],"version-history":[{"count":1,"href":"https:\/\/sey.fi\/savonlinna\/wp-json\/wp\/v2\/pages\/29\/revisions"}],"predecessor-version":[{"id":30,"href":"https:\/\/sey.fi\/savonlinna\/wp-json\/wp\/v2\/pages\/29\/revisions\/30"}],"up":[{"embeddable":true,"href":"https:\/\/sey.fi\/savonlinna\/wp-json\/wp\/v2\/pages\/23"}],"wp:attachment":[{"href":"https:\/\/sey.fi\/savonlinna\/wp-json\/wp\/v2\/media?parent=29"}],"curies":[{"name":"wp","href":"https:\/\/api.w.org\/{rel}","templated":true}]}}