{"id":36,"date":"2019-11-22T15:13:40","date_gmt":"2019-11-22T13:13:40","guid":{"rendered":"http:\/\/srvr10.xetpoint.com\/~seyfi\/savonlinna\/?page_id=36"},"modified":"2021-06-11T13:55:32","modified_gmt":"2021-06-11T10:55:32","slug":"loytoelaimet","status":"publish","type":"page","link":"https:\/\/sey.fi\/savonlinna\/sey-savonlinna\/loytoelaimet\/","title":{"rendered":"L\u00f6yt\u00f6el\u00e4imet"},"content":{"rendered":"\n<h2 class=\"wp-block-heading\">Kadonnut tai l\u00f6ytynyt el\u00e4in<\/h2>\n\n\n\n<figure class=\"wp-block-image\"><img decoding=\"async\" src=\"http:\/\/savonlinna.sey.fi\/images\/kuva_1.jpg\" alt=\"\" \/><\/figure>\n\n\n\n<p>Kadonnut tai l\u00f6ytynyt lemmikki kannattaa ilmoittaa pikaisesti paikalliselle poliisille tai <a href=\"https:\/\/esyelamanlanka.fi\/\" target=\"_blank\" rel=\"noreferrer noopener\" aria-label=\"ESY El\u00e4m\u00e4nlankaan. (avautuu uudessa v\u00e4lilehdess\u00e4)\">ESY El\u00e4m\u00e4nlankaan.<\/a><\/p>\n\n\n\n<p>Lemmikkiel\u00e4imill\u00e4 tulee olla kaulassa panta ja siin\u00e4 nimilappu, jossa on omistajan puhelinnumero. Nyky\u00e4\u00e4n on tarjolla hyvi\u00e4 kaiverrettuja pantaan kiinnitett\u00e4vi\u00e4 malleja. Se on kuin henkivakuutus lemmikille. Se my\u00f6s osoittaa heti, ett\u00e4 el\u00e4in ei ole villi, vaan jonkun omistama.<\/p>\n\n\n\n<p>Lemmikit kannattaa my\u00f6s merkitytt\u00e4\u00e4 turvasirulla. Sen avulla kadonnut tai l\u00f6ytynyt el\u00e4in on helpompi tunnistaa ja n\u00e4in palauttaa oikealle omistajalleen. Voihan olla, ett\u00e4 lemmikin panta on kadonnut karkumatkan aikana.<\/p>\n\n\n\n<p>El\u00e4insuojelulain 15 \u00a7 mukaan<br><strong><em>kunnan on huolehdittava alueellaan irrallaan tavattujen ja talteen otettujen koirien ja kissojen sek\u00e4 muiden vastaavien pienikokoisten seura- ja harrastusel\u00e4inten tilap\u00e4isen hoidon j\u00e4rjest\u00e4misest\u00e4. Talteen otettua el\u00e4int\u00e4 on s\u00e4ilytett\u00e4v\u00e4 v\u00e4hint\u00e4\u00e4n 15 p\u00e4iv\u00e4n ajan, mink\u00e4 j\u00e4lkeen kunnalla on oikeus myyd\u00e4, muutoin luovuttaa tai lopettaa el\u00e4in.<\/em><\/strong><\/p>\n\n\n\n<h2 class=\"wp-block-heading\">Villiintyneet kissat<\/h2>\n\n\n\n<p>Villiintyneen kissan saa mets\u00e4styslain mukaan lopettaa maanomistaja tai mets\u00e4stysoikeuden haltija. Lain mukaan villiintyneen kissan voi tunnistaa k\u00e4ytt\u00e4ytymisen ja sen elinpiirin perusteella.<\/p>\n\n\n\n<p>K\u00e4yt\u00e4nn\u00f6ss\u00e4 kuitenkin villiintyneen ja karanneen (tai heitteille j\u00e4tetyn) kissan erottaminen edellytt\u00e4\u00e4 kissan pyydyst\u00e4mist\u00e4 (esim. supiloukulla) ja sen tarkkailemista tietyn ajan, ainakin yhden vuorokauden.<br>Pyydystetty kissa voi olla paniikissa tai muutoin ihmisten huonosti kohtelema, mik\u00e4 saa sen k\u00e4ytt\u00e4ytym\u00e4\u00e4n, ik\u00e4\u00e4n kuin se olisi villiintynyt. Kes\u00e4isin m\u00f6keille j\u00e4tetyt kissat tai purjehdusreissuilta karanneet kissat eiv\u00e4t ole villikissoja, vaikka saattavat tulla esiin vasta ensi lumien aikaan. <\/p>\n\n\n\n<p>Kaiken lis\u00e4ksi kissoissa on eri luonteisia yksil\u00f6it\u00e4, niin kuin ihmisiss\u00e4kin, mik\u00e4 voi johtaa v\u00e4\u00e4r\u00e4\u00e4n tulkintaan, ellei kyseist\u00e4 el\u00e4int\u00e4 tutkita.<\/p>\n","protected":false},"excerpt":{"rendered":"<p>Kadonnut tai l\u00f6ytynyt el\u00e4in Kadonnut tai l\u00f6ytynyt lemmikki kannattaa ilmoittaa pikaisesti paikalliselle poliisille tai ESY El\u00e4m\u00e4nlankaan. Lemmikkiel\u00e4imill\u00e4 tulee olla kaulassa panta ja siin\u00e4 nimilappu, jossa on omistajan puhelinnumero. Nyky\u00e4\u00e4n on tarjolla hyvi\u00e4 kaiverrettuja pantaan kiinnitett\u00e4vi\u00e4 malleja. Se on kuin henkivakuutus lemmikille. Se my\u00f6s osoittaa heti, ett\u00e4 el\u00e4in ei ole villi, vaan jonkun omistama. Lemmikit kannattaa [&hellip;]<\/p>\n","protected":false},"author":8,"featured_media":0,"parent":2,"menu_order":0,"comment_status":"closed","ping_status":"closed","template":"","meta":{"_acf_changed":false,"footnotes":""},"class_list":["post-36","page","type-page","status-publish","hentry"],"acf":[],"yoast_head":"<!-- This site is optimized with the Yoast SEO plugin v27.1.1 - https:\/\/yoast.com\/product\/yoast-seo-wordpress\/ -->\n<title>L\u00f6yt\u00f6el\u00e4imet - SEY Savonlinna<\/title>\n<meta name=\"robots\" content=\"index, follow, max-snippet:-1, max-image-preview:large, max-video-preview:-1\" \/>\n<link rel=\"canonical\" href=\"https:\/\/sey.fi\/savonlinna\/sey-savonlinna\/loytoelaimet\/\" \/>\n<meta property=\"og:locale\" content=\"fi_FI\" \/>\n<meta property=\"og:type\" content=\"article\" \/>\n<meta property=\"og:title\" content=\"L\u00f6yt\u00f6el\u00e4imet - SEY Savonlinna\" \/>\n<meta property=\"og:description\" content=\"Kadonnut tai l\u00f6ytynyt el\u00e4in Kadonnut tai l\u00f6ytynyt lemmikki kannattaa ilmoittaa pikaisesti paikalliselle poliisille tai ESY El\u00e4m\u00e4nlankaan. Lemmikkiel\u00e4imill\u00e4 tulee olla kaulassa panta ja siin\u00e4 nimilappu, jossa on omistajan puhelinnumero. Nyky\u00e4\u00e4n on tarjolla hyvi\u00e4 kaiverrettuja pantaan kiinnitett\u00e4vi\u00e4 malleja. Se on kuin henkivakuutus lemmikille. Se my\u00f6s osoittaa heti, ett\u00e4 el\u00e4in ei ole villi, vaan jonkun omistama. Lemmikit kannattaa [&hellip;]\" \/>\n<meta property=\"og:url\" content=\"https:\/\/sey.fi\/savonlinna\/sey-savonlinna\/loytoelaimet\/\" \/>\n<meta property=\"og:site_name\" content=\"SEY Savonlinna\" \/>\n<meta property=\"article:modified_time\" content=\"2021-06-11T10:55:32+00:00\" \/>\n<meta property=\"og:image\" content=\"http:\/\/savonlinna.sey.fi\/images\/kuva_1.jpg\" \/>\n<meta name=\"twitter:card\" content=\"summary_large_image\" \/>\n<meta name=\"twitter:label1\" content=\"Arvioitu lukuaika\" \/>\n\t<meta name=\"twitter:data1\" content=\"1 minuutti\" \/>\n<script type=\"application\/ld+json\" class=\"yoast-schema-graph\">{\"@context\":\"https:\/\/schema.org\",\"@graph\":[{\"@type\":\"WebPage\",\"@id\":\"https:\/\/sey.fi\/savonlinna\/sey-savonlinna\/loytoelaimet\/\",\"url\":\"https:\/\/sey.fi\/savonlinna\/sey-savonlinna\/loytoelaimet\/\",\"name\":\"L\u00f6yt\u00f6el\u00e4imet - SEY Savonlinna\",\"isPartOf\":{\"@id\":\"https:\/\/sey.fi\/savonlinna\/#website\"},\"primaryImageOfPage\":{\"@id\":\"https:\/\/sey.fi\/savonlinna\/sey-savonlinna\/loytoelaimet\/#primaryimage\"},\"image\":{\"@id\":\"https:\/\/sey.fi\/savonlinna\/sey-savonlinna\/loytoelaimet\/#primaryimage\"},\"thumbnailUrl\":\"http:\/\/savonlinna.sey.fi\/images\/kuva_1.jpg\",\"datePublished\":\"2019-11-22T13:13:40+00:00\",\"dateModified\":\"2021-06-11T10:55:32+00:00\",\"breadcrumb\":{\"@id\":\"https:\/\/sey.fi\/savonlinna\/sey-savonlinna\/loytoelaimet\/#breadcrumb\"},\"inLanguage\":\"fi\",\"potentialAction\":[{\"@type\":\"ReadAction\",\"target\":[\"https:\/\/sey.fi\/savonlinna\/sey-savonlinna\/loytoelaimet\/\"]}]},{\"@type\":\"ImageObject\",\"inLanguage\":\"fi\",\"@id\":\"https:\/\/sey.fi\/savonlinna\/sey-savonlinna\/loytoelaimet\/#primaryimage\",\"url\":\"http:\/\/savonlinna.sey.fi\/images\/kuva_1.jpg\",\"contentUrl\":\"http:\/\/savonlinna.sey.fi\/images\/kuva_1.jpg\"},{\"@type\":\"BreadcrumbList\",\"@id\":\"https:\/\/sey.fi\/savonlinna\/sey-savonlinna\/loytoelaimet\/#breadcrumb\",\"itemListElement\":[{\"@type\":\"ListItem\",\"position\":1,\"name\":\"Home\",\"item\":\"https:\/\/sey.fi\/savonlinna\/\"},{\"@type\":\"ListItem\",\"position\":2,\"name\":\"SEY Savonlinna\",\"item\":\"https:\/\/sey.fi\/savonlinna\/\"},{\"@type\":\"ListItem\",\"position\":3,\"name\":\"L\u00f6yt\u00f6el\u00e4imet\"}]},{\"@type\":\"WebSite\",\"@id\":\"https:\/\/sey.fi\/savonlinna\/#website\",\"url\":\"https:\/\/sey.fi\/savonlinna\/\",\"name\":\"SEY Savonlinna\",\"description\":\"Uusi SEY J\u00e4senyhdistykset -sivusto\",\"potentialAction\":[{\"@type\":\"SearchAction\",\"target\":{\"@type\":\"EntryPoint\",\"urlTemplate\":\"https:\/\/sey.fi\/savonlinna\/?s={search_term_string}\"},\"query-input\":{\"@type\":\"PropertyValueSpecification\",\"valueRequired\":true,\"valueName\":\"search_term_string\"}}],\"inLanguage\":\"fi\"}]}<\/script>\n<!-- \/ Yoast SEO plugin. -->","yoast_head_json":{"title":"L\u00f6yt\u00f6el\u00e4imet - SEY Savonlinna","robots":{"index":"index","follow":"follow","max-snippet":"max-snippet:-1","max-image-preview":"max-image-preview:large","max-video-preview":"max-video-preview:-1"},"canonical":"https:\/\/sey.fi\/savonlinna\/sey-savonlinna\/loytoelaimet\/","og_locale":"fi_FI","og_type":"article","og_title":"L\u00f6yt\u00f6el\u00e4imet - SEY Savonlinna","og_description":"Kadonnut tai l\u00f6ytynyt el\u00e4in Kadonnut tai l\u00f6ytynyt lemmikki kannattaa ilmoittaa pikaisesti paikalliselle poliisille tai ESY El\u00e4m\u00e4nlankaan. Lemmikkiel\u00e4imill\u00e4 tulee olla kaulassa panta ja siin\u00e4 nimilappu, jossa on omistajan puhelinnumero. Nyky\u00e4\u00e4n on tarjolla hyvi\u00e4 kaiverrettuja pantaan kiinnitett\u00e4vi\u00e4 malleja. Se on kuin henkivakuutus lemmikille. Se my\u00f6s osoittaa heti, ett\u00e4 el\u00e4in ei ole villi, vaan jonkun omistama. Lemmikit kannattaa [&hellip;]","og_url":"https:\/\/sey.fi\/savonlinna\/sey-savonlinna\/loytoelaimet\/","og_site_name":"SEY Savonlinna","article_modified_time":"2021-06-11T10:55:32+00:00","og_image":[{"url":"http:\/\/savonlinna.sey.fi\/images\/kuva_1.jpg","type":"","width":"","height":""}],"twitter_card":"summary_large_image","twitter_misc":{"Arvioitu lukuaika":"1 minuutti"},"schema":{"@context":"https:\/\/schema.org","@graph":[{"@type":"WebPage","@id":"https:\/\/sey.fi\/savonlinna\/sey-savonlinna\/loytoelaimet\/","url":"https:\/\/sey.fi\/savonlinna\/sey-savonlinna\/loytoelaimet\/","name":"L\u00f6yt\u00f6el\u00e4imet - SEY Savonlinna","isPartOf":{"@id":"https:\/\/sey.fi\/savonlinna\/#website"},"primaryImageOfPage":{"@id":"https:\/\/sey.fi\/savonlinna\/sey-savonlinna\/loytoelaimet\/#primaryimage"},"image":{"@id":"https:\/\/sey.fi\/savonlinna\/sey-savonlinna\/loytoelaimet\/#primaryimage"},"thumbnailUrl":"http:\/\/savonlinna.sey.fi\/images\/kuva_1.jpg","datePublished":"2019-11-22T13:13:40+00:00","dateModified":"2021-06-11T10:55:32+00:00","breadcrumb":{"@id":"https:\/\/sey.fi\/savonlinna\/sey-savonlinna\/loytoelaimet\/#breadcrumb"},"inLanguage":"fi","potentialAction":[{"@type":"ReadAction","target":["https:\/\/sey.fi\/savonlinna\/sey-savonlinna\/loytoelaimet\/"]}]},{"@type":"ImageObject","inLanguage":"fi","@id":"https:\/\/sey.fi\/savonlinna\/sey-savonlinna\/loytoelaimet\/#primaryimage","url":"http:\/\/savonlinna.sey.fi\/images\/kuva_1.jpg","contentUrl":"http:\/\/savonlinna.sey.fi\/images\/kuva_1.jpg"},{"@type":"BreadcrumbList","@id":"https:\/\/sey.fi\/savonlinna\/sey-savonlinna\/loytoelaimet\/#breadcrumb","itemListElement":[{"@type":"ListItem","position":1,"name":"Home","item":"https:\/\/sey.fi\/savonlinna\/"},{"@type":"ListItem","position":2,"name":"SEY Savonlinna","item":"https:\/\/sey.fi\/savonlinna\/"},{"@type":"ListItem","position":3,"name":"L\u00f6yt\u00f6el\u00e4imet"}]},{"@type":"WebSite","@id":"https:\/\/sey.fi\/savonlinna\/#website","url":"https:\/\/sey.fi\/savonlinna\/","name":"SEY Savonlinna","description":"Uusi SEY J\u00e4senyhdistykset -sivusto","potentialAction":[{"@type":"SearchAction","target":{"@type":"EntryPoint","urlTemplate":"https:\/\/sey.fi\/savonlinna\/?s={search_term_string}"},"query-input":{"@type":"PropertyValueSpecification","valueRequired":true,"valueName":"search_term_string"}}],"inLanguage":"fi"}]}},"_links":{"self":[{"href":"https:\/\/sey.fi\/savonlinna\/wp-json\/wp\/v2\/pages\/36","targetHints":{"allow":["GET"]}}],"collection":[{"href":"https:\/\/sey.fi\/savonlinna\/wp-json\/wp\/v2\/pages"}],"about":[{"href":"https:\/\/sey.fi\/savonlinna\/wp-json\/wp\/v2\/types\/page"}],"author":[{"embeddable":true,"href":"https:\/\/sey.fi\/savonlinna\/wp-json\/wp\/v2\/users\/8"}],"replies":[{"embeddable":true,"href":"https:\/\/sey.fi\/savonlinna\/wp-json\/wp\/v2\/comments?post=36"}],"version-history":[{"count":3,"href":"https:\/\/sey.fi\/savonlinna\/wp-json\/wp\/v2\/pages\/36\/revisions"}],"predecessor-version":[{"id":118,"href":"https:\/\/sey.fi\/savonlinna\/wp-json\/wp\/v2\/pages\/36\/revisions\/118"}],"up":[{"embeddable":true,"href":"https:\/\/sey.fi\/savonlinna\/wp-json\/wp\/v2\/pages\/2"}],"wp:attachment":[{"href":"https:\/\/sey.fi\/savonlinna\/wp-json\/wp\/v2\/media?parent=36"}],"curies":[{"name":"wp","href":"https:\/\/api.w.org\/{rel}","templated":true}]}}