{"id":40,"date":"2019-11-22T15:15:55","date_gmt":"2019-11-22T13:15:55","guid":{"rendered":"http:\/\/srvr10.xetpoint.com\/~seyfi\/savonlinna\/?page_id=40"},"modified":"2019-11-22T15:16:10","modified_gmt":"2019-11-22T13:16:10","slug":"40-2","status":"publish","type":"page","link":"https:\/\/sey.fi\/savonlinna\/sey-savonlinna\/40-2\/","title":{"rendered":"Linkit"},"content":{"rendered":"\n<h2 class=\"wp-block-heading\">El\u00e4insuojelu\/ el\u00e4inten hyvinvointi<\/h2>\n\n\n\n<figure class=\"wp-block-embed-facebook wp-block-embed\"><div class=\"wp-block-embed__wrapper\">\nhttps:\/\/www.facebook.com\/seysavonlinna\/\n<\/div><\/figure>\n\n\n\n<p><a href=\"http:\/\/www.evira.fi\/portal\/fi\/elaimet\/elainsuojelu+ja+elainten+pito\/\">www.evira.fi\/el\u00e4imet\/el\u00e4insuojelu<\/a><\/p>\n\n\n\n<p><a href=\"http:\/\/www.sey.fi\/\">www.sey.fi<\/a><\/p>\n\n\n\n<h2 class=\"wp-block-heading\">El\u00e4inl\u00e4\u00e4kint\u00e4<\/h2>\n\n\n\n<p><a href=\"https:\/\/www.sosteri.fi\/palvelut\/terveyden-ja-sairauden-hoito\/paivystykset\/elainlaakaripaivystys\/\">www.sosteri.fi\/palvelut\/terveyden-ja-sairauden-hoito\/paivystykset\/elainlaakaripaivystys\/<\/a><\/p>\n\n\n\n<p><a href=\"https:\/\/www.omaelainklinikka.fi\/el%C3%A4inl%C3%A4%C3%A4k%C3%A4riasemat\/elainlaakari-savonlinna\/\">www.omaelainklinikka.fi\/el%C3%A4inl%C3%A4%C3%A4k%C3%A4riasemat\/elainlaakari-savonlinna\/<\/a><\/p>\n\n\n\n<p><a href=\"http:\/\/www.saela.fi\/\">www.saela.fi\/<\/a><\/p>\n\n\n\n<h2 class=\"wp-block-heading\">El\u00e4insuojeluj\u00e4rjest\u00f6j\u00e4<\/h2>\n\n\n\n<p><a href=\"http:\/\/www.sey.fi\/\">www.sey.fi<\/a><\/p>\n\n\n\n<p><a href=\"http:\/\/www.animalia.fi\/\">www.animalia.fi<\/a><\/p>\n\n\n\n<h2 class=\"wp-block-heading\">El\u00e4intarvikekauppoja<\/h2>\n\n\n\n<p><a href=\"http:\/\/www.mustijamirri.fi\/\">www.mustijamirri.fi<\/a><\/p>\n\n\n\n<h2 class=\"wp-block-heading\">Lains\u00e4\u00e4d\u00e4nt\u00f6<\/h2>\n\n\n\n<p><a href=\"http:\/\/www.finlex.fi\/fi\/\">www.finlex.fi<\/a><\/p>\n\n\n\n<h2 class=\"wp-block-heading\">L\u00f6yt\u00f6el\u00e4imet<\/h2>\n\n\n\n<p><a href=\"http:\/\/www.karkurit.fi\/\">www.karkurit.fi<\/a><\/p>\n\n\n\n<h2 class=\"wp-block-heading\">El\u00e4inj\u00e4rjest\u00f6j\u00e4<\/h2>\n\n\n\n<p>Jyrsij\u00e4t&nbsp;<a href=\"http:\/\/www.kaniyhdistys.com\/\">www.kaniyhdistys<\/a><br>Kissat&nbsp;<a href=\"http:\/\/www.kissaliitto.fi\/\">www.kissaliitto.fi<\/a><br>Koirat&nbsp;<a href=\"http:\/\/www.kennelliitto.fi\/\">www.kennelliitto.fi<\/a><\/p>\n","protected":false},"excerpt":{"rendered":"<p>El\u00e4insuojelu\/ el\u00e4inten hyvinvointi www.evira.fi\/el\u00e4imet\/el\u00e4insuojelu www.sey.fi El\u00e4inl\u00e4\u00e4kint\u00e4 www.sosteri.fi\/palvelut\/terveyden-ja-sairauden-hoito\/paivystykset\/elainlaakaripaivystys\/ www.omaelainklinikka.fi\/el%C3%A4inl%C3%A4%C3%A4k%C3%A4riasemat\/elainlaakari-savonlinna\/ www.saela.fi\/ El\u00e4insuojeluj\u00e4rjest\u00f6j\u00e4 www.sey.fi www.animalia.fi El\u00e4intarvikekauppoja www.mustijamirri.fi Lains\u00e4\u00e4d\u00e4nt\u00f6 www.finlex.fi L\u00f6yt\u00f6el\u00e4imet www.karkurit.fi El\u00e4inj\u00e4rjest\u00f6j\u00e4 Jyrsij\u00e4t&nbsp;www.kaniyhdistysKissat&nbsp;www.kissaliitto.fiKoirat&nbsp;www.kennelliitto.fi<\/p>\n","protected":false},"author":8,"featured_media":0,"parent":2,"menu_order":0,"comment_status":"closed","ping_status":"closed","template":"","meta":{"_acf_changed":false,"footnotes":""},"class_list":["post-40","page","type-page","status-publish","hentry"],"acf":[],"yoast_head":"<!-- This site is optimized with the Yoast SEO plugin v27.1.1 - https:\/\/yoast.com\/product\/yoast-seo-wordpress\/ -->\n<title>Linkit - SEY Savonlinna<\/title>\n<meta name=\"robots\" content=\"index, follow, max-snippet:-1, max-image-preview:large, max-video-preview:-1\" \/>\n<link rel=\"canonical\" href=\"https:\/\/sey.fi\/savonlinna\/sey-savonlinna\/40-2\/\" \/>\n<meta property=\"og:locale\" content=\"fi_FI\" \/>\n<meta property=\"og:type\" content=\"article\" \/>\n<meta property=\"og:title\" content=\"Linkit - SEY Savonlinna\" \/>\n<meta property=\"og:description\" content=\"El\u00e4insuojelu\/ el\u00e4inten hyvinvointi www.evira.fi\/el\u00e4imet\/el\u00e4insuojelu www.sey.fi El\u00e4inl\u00e4\u00e4kint\u00e4 www.sosteri.fi\/palvelut\/terveyden-ja-sairauden-hoito\/paivystykset\/elainlaakaripaivystys\/ www.omaelainklinikka.fi\/el%C3%A4inl%C3%A4%C3%A4k%C3%A4riasemat\/elainlaakari-savonlinna\/ www.saela.fi\/ El\u00e4insuojeluj\u00e4rjest\u00f6j\u00e4 www.sey.fi www.animalia.fi El\u00e4intarvikekauppoja www.mustijamirri.fi Lains\u00e4\u00e4d\u00e4nt\u00f6 www.finlex.fi L\u00f6yt\u00f6el\u00e4imet www.karkurit.fi El\u00e4inj\u00e4rjest\u00f6j\u00e4 Jyrsij\u00e4t&nbsp;www.kaniyhdistysKissat&nbsp;www.kissaliitto.fiKoirat&nbsp;www.kennelliitto.fi\" \/>\n<meta property=\"og:url\" content=\"https:\/\/sey.fi\/savonlinna\/sey-savonlinna\/40-2\/\" \/>\n<meta property=\"og:site_name\" content=\"SEY Savonlinna\" \/>\n<meta property=\"article:modified_time\" content=\"2019-11-22T13:16:10+00:00\" \/>\n<meta name=\"twitter:card\" content=\"summary_large_image\" \/>\n<script type=\"application\/ld+json\" class=\"yoast-schema-graph\">{\"@context\":\"https:\/\/schema.org\",\"@graph\":[{\"@type\":\"WebPage\",\"@id\":\"https:\/\/sey.fi\/savonlinna\/sey-savonlinna\/40-2\/\",\"url\":\"https:\/\/sey.fi\/savonlinna\/sey-savonlinna\/40-2\/\",\"name\":\"Linkit - SEY Savonlinna\",\"isPartOf\":{\"@id\":\"https:\/\/sey.fi\/savonlinna\/#website\"},\"datePublished\":\"2019-11-22T13:15:55+00:00\",\"dateModified\":\"2019-11-22T13:16:10+00:00\",\"breadcrumb\":{\"@id\":\"https:\/\/sey.fi\/savonlinna\/sey-savonlinna\/40-2\/#breadcrumb\"},\"inLanguage\":\"fi\",\"potentialAction\":[{\"@type\":\"ReadAction\",\"target\":[\"https:\/\/sey.fi\/savonlinna\/sey-savonlinna\/40-2\/\"]}]},{\"@type\":\"BreadcrumbList\",\"@id\":\"https:\/\/sey.fi\/savonlinna\/sey-savonlinna\/40-2\/#breadcrumb\",\"itemListElement\":[{\"@type\":\"ListItem\",\"position\":1,\"name\":\"Home\",\"item\":\"https:\/\/sey.fi\/savonlinna\/\"},{\"@type\":\"ListItem\",\"position\":2,\"name\":\"SEY Savonlinna\",\"item\":\"https:\/\/sey.fi\/savonlinna\/\"},{\"@type\":\"ListItem\",\"position\":3,\"name\":\"Linkit\"}]},{\"@type\":\"WebSite\",\"@id\":\"https:\/\/sey.fi\/savonlinna\/#website\",\"url\":\"https:\/\/sey.fi\/savonlinna\/\",\"name\":\"SEY Savonlinna\",\"description\":\"Uusi SEY J\u00e4senyhdistykset -sivusto\",\"potentialAction\":[{\"@type\":\"SearchAction\",\"target\":{\"@type\":\"EntryPoint\",\"urlTemplate\":\"https:\/\/sey.fi\/savonlinna\/?s={search_term_string}\"},\"query-input\":{\"@type\":\"PropertyValueSpecification\",\"valueRequired\":true,\"valueName\":\"search_term_string\"}}],\"inLanguage\":\"fi\"}]}<\/script>\n<!-- \/ Yoast SEO plugin. -->","yoast_head_json":{"title":"Linkit - SEY Savonlinna","robots":{"index":"index","follow":"follow","max-snippet":"max-snippet:-1","max-image-preview":"max-image-preview:large","max-video-preview":"max-video-preview:-1"},"canonical":"https:\/\/sey.fi\/savonlinna\/sey-savonlinna\/40-2\/","og_locale":"fi_FI","og_type":"article","og_title":"Linkit - SEY Savonlinna","og_description":"El\u00e4insuojelu\/ el\u00e4inten hyvinvointi www.evira.fi\/el\u00e4imet\/el\u00e4insuojelu www.sey.fi El\u00e4inl\u00e4\u00e4kint\u00e4 www.sosteri.fi\/palvelut\/terveyden-ja-sairauden-hoito\/paivystykset\/elainlaakaripaivystys\/ www.omaelainklinikka.fi\/el%C3%A4inl%C3%A4%C3%A4k%C3%A4riasemat\/elainlaakari-savonlinna\/ www.saela.fi\/ El\u00e4insuojeluj\u00e4rjest\u00f6j\u00e4 www.sey.fi www.animalia.fi El\u00e4intarvikekauppoja www.mustijamirri.fi Lains\u00e4\u00e4d\u00e4nt\u00f6 www.finlex.fi L\u00f6yt\u00f6el\u00e4imet www.karkurit.fi El\u00e4inj\u00e4rjest\u00f6j\u00e4 Jyrsij\u00e4t&nbsp;www.kaniyhdistysKissat&nbsp;www.kissaliitto.fiKoirat&nbsp;www.kennelliitto.fi","og_url":"https:\/\/sey.fi\/savonlinna\/sey-savonlinna\/40-2\/","og_site_name":"SEY Savonlinna","article_modified_time":"2019-11-22T13:16:10+00:00","twitter_card":"summary_large_image","schema":{"@context":"https:\/\/schema.org","@graph":[{"@type":"WebPage","@id":"https:\/\/sey.fi\/savonlinna\/sey-savonlinna\/40-2\/","url":"https:\/\/sey.fi\/savonlinna\/sey-savonlinna\/40-2\/","name":"Linkit - SEY Savonlinna","isPartOf":{"@id":"https:\/\/sey.fi\/savonlinna\/#website"},"datePublished":"2019-11-22T13:15:55+00:00","dateModified":"2019-11-22T13:16:10+00:00","breadcrumb":{"@id":"https:\/\/sey.fi\/savonlinna\/sey-savonlinna\/40-2\/#breadcrumb"},"inLanguage":"fi","potentialAction":[{"@type":"ReadAction","target":["https:\/\/sey.fi\/savonlinna\/sey-savonlinna\/40-2\/"]}]},{"@type":"BreadcrumbList","@id":"https:\/\/sey.fi\/savonlinna\/sey-savonlinna\/40-2\/#breadcrumb","itemListElement":[{"@type":"ListItem","position":1,"name":"Home","item":"https:\/\/sey.fi\/savonlinna\/"},{"@type":"ListItem","position":2,"name":"SEY Savonlinna","item":"https:\/\/sey.fi\/savonlinna\/"},{"@type":"ListItem","position":3,"name":"Linkit"}]},{"@type":"WebSite","@id":"https:\/\/sey.fi\/savonlinna\/#website","url":"https:\/\/sey.fi\/savonlinna\/","name":"SEY Savonlinna","description":"Uusi SEY J\u00e4senyhdistykset -sivusto","potentialAction":[{"@type":"SearchAction","target":{"@type":"EntryPoint","urlTemplate":"https:\/\/sey.fi\/savonlinna\/?s={search_term_string}"},"query-input":{"@type":"PropertyValueSpecification","valueRequired":true,"valueName":"search_term_string"}}],"inLanguage":"fi"}]}},"_links":{"self":[{"href":"https:\/\/sey.fi\/savonlinna\/wp-json\/wp\/v2\/pages\/40","targetHints":{"allow":["GET"]}}],"collection":[{"href":"https:\/\/sey.fi\/savonlinna\/wp-json\/wp\/v2\/pages"}],"about":[{"href":"https:\/\/sey.fi\/savonlinna\/wp-json\/wp\/v2\/types\/page"}],"author":[{"embeddable":true,"href":"https:\/\/sey.fi\/savonlinna\/wp-json\/wp\/v2\/users\/8"}],"replies":[{"embeddable":true,"href":"https:\/\/sey.fi\/savonlinna\/wp-json\/wp\/v2\/comments?post=40"}],"version-history":[{"count":3,"href":"https:\/\/sey.fi\/savonlinna\/wp-json\/wp\/v2\/pages\/40\/revisions"}],"predecessor-version":[{"id":101,"href":"https:\/\/sey.fi\/savonlinna\/wp-json\/wp\/v2\/pages\/40\/revisions\/101"}],"up":[{"embeddable":true,"href":"https:\/\/sey.fi\/savonlinna\/wp-json\/wp\/v2\/pages\/2"}],"wp:attachment":[{"href":"https:\/\/sey.fi\/savonlinna\/wp-json\/wp\/v2\/media?parent=40"}],"curies":[{"name":"wp","href":"https:\/\/api.w.org\/{rel}","templated":true}]}}