{"id":122,"date":"2019-10-23T13:39:42","date_gmt":"2019-10-23T13:39:42","guid":{"rendered":"http:\/\/srvr10.xetpoint.com\/~seyfi\/sey-hyvinkaa\/?page_id=122"},"modified":"2024-02-15T14:32:47","modified_gmt":"2024-02-15T14:32:47","slug":"jaseneksi","status":"publish","type":"page","link":"https:\/\/sey.fi\/sey-hyvinkaa\/hyvinkaa\/tue-toimintaa-tapoja-on-monia\/jaseneksi\/","title":{"rendered":"J\u00e4seneksi"},"content":{"rendered":"\n<h2 class=\"wp-block-heading\">Tietoa j\u00e4senyydest\u00e4.<\/h2>\n\n\n\n<figure class=\"wp-block-embed\"><div class=\"wp-block-embed__wrapper\">\nhttps:\/\/docs.google.com\/forms\/d\/e\/1FAIpQLSfSL6BxhpgY1QHW2_TQo3VoR0be3m4BDagW71I07-ij6uaNPg\/viewform?embedded=true\n<\/div><\/figure>\n\n\n<p>Ladataan\u2026<\/p>\n","protected":false},"excerpt":{"rendered":"<p>Tietoa j\u00e4senyydest\u00e4.<\/p>\n","protected":false},"author":8,"featured_media":0,"parent":105,"menu_order":0,"comment_status":"closed","ping_status":"closed","template":"","meta":{"_acf_changed":false,"footnotes":""},"class_list":["post-122","page","type-page","status-publish","hentry"],"acf":[],"yoast_head":"<!-- This site is optimized with the Yoast SEO plugin v27.1.1 - https:\/\/yoast.com\/product\/yoast-seo-wordpress\/ -->\n<title>J\u00e4seneksi - SEY Hyvink\u00e4\u00e4<\/title>\n<meta name=\"robots\" content=\"index, follow, max-snippet:-1, max-image-preview:large, max-video-preview:-1\" \/>\n<link rel=\"canonical\" href=\"https:\/\/sey.fi\/sey-hyvinkaa\/hyvinkaa\/tue-toimintaa-tapoja-on-monia\/jaseneksi\/\" \/>\n<meta property=\"og:locale\" content=\"fi_FI\" \/>\n<meta property=\"og:type\" content=\"article\" \/>\n<meta property=\"og:title\" content=\"J\u00e4seneksi - SEY Hyvink\u00e4\u00e4\" \/>\n<meta property=\"og:description\" content=\"Tietoa j\u00e4senyydest\u00e4.\" \/>\n<meta property=\"og:url\" content=\"https:\/\/sey.fi\/sey-hyvinkaa\/hyvinkaa\/tue-toimintaa-tapoja-on-monia\/jaseneksi\/\" \/>\n<meta property=\"og:site_name\" content=\"SEY Hyvink\u00e4\u00e4\" \/>\n<meta property=\"article:modified_time\" content=\"2024-02-15T14:32:47+00:00\" \/>\n<meta name=\"twitter:card\" content=\"summary_large_image\" \/>\n<meta name=\"twitter:label1\" content=\"Arvioitu lukuaika\" \/>\n\t<meta name=\"twitter:data1\" content=\"1 minuutti\" \/>\n<script type=\"application\/ld+json\" class=\"yoast-schema-graph\">{\"@context\":\"https:\/\/schema.org\",\"@graph\":[{\"@type\":\"WebPage\",\"@id\":\"https:\/\/sey.fi\/sey-hyvinkaa\/hyvinkaa\/tue-toimintaa-tapoja-on-monia\/jaseneksi\/\",\"url\":\"https:\/\/sey.fi\/sey-hyvinkaa\/hyvinkaa\/tue-toimintaa-tapoja-on-monia\/jaseneksi\/\",\"name\":\"J\u00e4seneksi - SEY Hyvink\u00e4\u00e4\",\"isPartOf\":{\"@id\":\"https:\/\/sey.fi\/sey-hyvinkaa\/#website\"},\"datePublished\":\"2019-10-23T13:39:42+00:00\",\"dateModified\":\"2024-02-15T14:32:47+00:00\",\"breadcrumb\":{\"@id\":\"https:\/\/sey.fi\/sey-hyvinkaa\/hyvinkaa\/tue-toimintaa-tapoja-on-monia\/jaseneksi\/#breadcrumb\"},\"inLanguage\":\"fi\",\"potentialAction\":[{\"@type\":\"ReadAction\",\"target\":[\"https:\/\/sey.fi\/sey-hyvinkaa\/hyvinkaa\/tue-toimintaa-tapoja-on-monia\/jaseneksi\/\"]}]},{\"@type\":\"BreadcrumbList\",\"@id\":\"https:\/\/sey.fi\/sey-hyvinkaa\/hyvinkaa\/tue-toimintaa-tapoja-on-monia\/jaseneksi\/#breadcrumb\",\"itemListElement\":[{\"@type\":\"ListItem\",\"position\":1,\"name\":\"Home\",\"item\":\"https:\/\/sey.fi\/sey-hyvinkaa\/\"},{\"@type\":\"ListItem\",\"position\":2,\"name\":\"SEY Hyvink\u00e4\u00e4\",\"item\":\"https:\/\/sey.fi\/sey-hyvinkaa\/\"},{\"@type\":\"ListItem\",\"position\":3,\"name\":\"Tue toimintaa\",\"item\":\"https:\/\/sey.fi\/sey-hyvinkaa\/hyvinkaa\/tue-toimintaa-tapoja-on-monia\/\"},{\"@type\":\"ListItem\",\"position\":4,\"name\":\"J\u00e4seneksi\"}]},{\"@type\":\"WebSite\",\"@id\":\"https:\/\/sey.fi\/sey-hyvinkaa\/#website\",\"url\":\"https:\/\/sey.fi\/sey-hyvinkaa\/\",\"name\":\"SEY Hyvink\u00e4\u00e4\",\"description\":\"SEY j\u00e4senyhdistykset\",\"potentialAction\":[{\"@type\":\"SearchAction\",\"target\":{\"@type\":\"EntryPoint\",\"urlTemplate\":\"https:\/\/sey.fi\/sey-hyvinkaa\/?s={search_term_string}\"},\"query-input\":{\"@type\":\"PropertyValueSpecification\",\"valueRequired\":true,\"valueName\":\"search_term_string\"}}],\"inLanguage\":\"fi\"}]}<\/script>\n<!-- \/ Yoast SEO plugin. -->","yoast_head_json":{"title":"J\u00e4seneksi - SEY Hyvink\u00e4\u00e4","robots":{"index":"index","follow":"follow","max-snippet":"max-snippet:-1","max-image-preview":"max-image-preview:large","max-video-preview":"max-video-preview:-1"},"canonical":"https:\/\/sey.fi\/sey-hyvinkaa\/hyvinkaa\/tue-toimintaa-tapoja-on-monia\/jaseneksi\/","og_locale":"fi_FI","og_type":"article","og_title":"J\u00e4seneksi - SEY Hyvink\u00e4\u00e4","og_description":"Tietoa j\u00e4senyydest\u00e4.","og_url":"https:\/\/sey.fi\/sey-hyvinkaa\/hyvinkaa\/tue-toimintaa-tapoja-on-monia\/jaseneksi\/","og_site_name":"SEY Hyvink\u00e4\u00e4","article_modified_time":"2024-02-15T14:32:47+00:00","twitter_card":"summary_large_image","twitter_misc":{"Arvioitu lukuaika":"1 minuutti"},"schema":{"@context":"https:\/\/schema.org","@graph":[{"@type":"WebPage","@id":"https:\/\/sey.fi\/sey-hyvinkaa\/hyvinkaa\/tue-toimintaa-tapoja-on-monia\/jaseneksi\/","url":"https:\/\/sey.fi\/sey-hyvinkaa\/hyvinkaa\/tue-toimintaa-tapoja-on-monia\/jaseneksi\/","name":"J\u00e4seneksi - SEY Hyvink\u00e4\u00e4","isPartOf":{"@id":"https:\/\/sey.fi\/sey-hyvinkaa\/#website"},"datePublished":"2019-10-23T13:39:42+00:00","dateModified":"2024-02-15T14:32:47+00:00","breadcrumb":{"@id":"https:\/\/sey.fi\/sey-hyvinkaa\/hyvinkaa\/tue-toimintaa-tapoja-on-monia\/jaseneksi\/#breadcrumb"},"inLanguage":"fi","potentialAction":[{"@type":"ReadAction","target":["https:\/\/sey.fi\/sey-hyvinkaa\/hyvinkaa\/tue-toimintaa-tapoja-on-monia\/jaseneksi\/"]}]},{"@type":"BreadcrumbList","@id":"https:\/\/sey.fi\/sey-hyvinkaa\/hyvinkaa\/tue-toimintaa-tapoja-on-monia\/jaseneksi\/#breadcrumb","itemListElement":[{"@type":"ListItem","position":1,"name":"Home","item":"https:\/\/sey.fi\/sey-hyvinkaa\/"},{"@type":"ListItem","position":2,"name":"SEY Hyvink\u00e4\u00e4","item":"https:\/\/sey.fi\/sey-hyvinkaa\/"},{"@type":"ListItem","position":3,"name":"Tue toimintaa","item":"https:\/\/sey.fi\/sey-hyvinkaa\/hyvinkaa\/tue-toimintaa-tapoja-on-monia\/"},{"@type":"ListItem","position":4,"name":"J\u00e4seneksi"}]},{"@type":"WebSite","@id":"https:\/\/sey.fi\/sey-hyvinkaa\/#website","url":"https:\/\/sey.fi\/sey-hyvinkaa\/","name":"SEY Hyvink\u00e4\u00e4","description":"SEY j\u00e4senyhdistykset","potentialAction":[{"@type":"SearchAction","target":{"@type":"EntryPoint","urlTemplate":"https:\/\/sey.fi\/sey-hyvinkaa\/?s={search_term_string}"},"query-input":{"@type":"PropertyValueSpecification","valueRequired":true,"valueName":"search_term_string"}}],"inLanguage":"fi"}]}},"_links":{"self":[{"href":"https:\/\/sey.fi\/sey-hyvinkaa\/wp-json\/wp\/v2\/pages\/122","targetHints":{"allow":["GET"]}}],"collection":[{"href":"https:\/\/sey.fi\/sey-hyvinkaa\/wp-json\/wp\/v2\/pages"}],"about":[{"href":"https:\/\/sey.fi\/sey-hyvinkaa\/wp-json\/wp\/v2\/types\/page"}],"author":[{"embeddable":true,"href":"https:\/\/sey.fi\/sey-hyvinkaa\/wp-json\/wp\/v2\/users\/8"}],"replies":[{"embeddable":true,"href":"https:\/\/sey.fi\/sey-hyvinkaa\/wp-json\/wp\/v2\/comments?post=122"}],"version-history":[{"count":10,"href":"https:\/\/sey.fi\/sey-hyvinkaa\/wp-json\/wp\/v2\/pages\/122\/revisions"}],"predecessor-version":[{"id":1202,"href":"https:\/\/sey.fi\/sey-hyvinkaa\/wp-json\/wp\/v2\/pages\/122\/revisions\/1202"}],"up":[{"embeddable":true,"href":"https:\/\/sey.fi\/sey-hyvinkaa\/wp-json\/wp\/v2\/pages\/105"}],"wp:attachment":[{"href":"https:\/\/sey.fi\/sey-hyvinkaa\/wp-json\/wp\/v2\/media?parent=122"}],"curies":[{"name":"wp","href":"https:\/\/api.w.org\/{rel}","templated":true}]}}