{"id":305,"date":"2021-09-25T07:52:00","date_gmt":"2021-09-25T07:52:00","guid":{"rendered":"https:\/\/sey.fi\/sey-hyvinkaa\/?page_id=305"},"modified":"2024-01-08T13:15:05","modified_gmt":"2024-01-08T13:15:05","slug":"ajankohtaista-2","status":"publish","type":"page","link":"https:\/\/sey.fi\/sey-hyvinkaa\/hyvinkaa\/ajankohtaista-2\/","title":{"rendered":"Ajankohtaista"},"content":{"rendered":"\n<p>Yhdistyksen j\u00e4sen! Tervetuloa kissatalolle yhdistyksen kokoukseen 11.01.2024 klo 18. <\/p>\n\n\n\n<p>Alla esityslista.<\/p>\n\n\n\n<div class=\"wp-block-file\"><a id=\"wp-block-file--media-3b6a3622-fb13-4d5b-a0b9-caff2b361f56\" href=\"https:\/\/sey.fi\/wp-content\/uploads\/sites\/10\/2024\/01\/yhdistyksen-kokous-2024.docx\">yhdistyksen-kokous-2024<\/a><a href=\"https:\/\/sey.fi\/wp-content\/uploads\/sites\/10\/2024\/01\/yhdistyksen-kokous-2024.docx\" class=\"wp-block-file__button wp-element-button\" download aria-describedby=\"wp-block-file--media-3b6a3622-fb13-4d5b-a0b9-caff2b361f56\">Lataa<\/a><\/div>\n\n\n\n<p><\/p>\n\n\n\n<p><\/p>\n\n\n\n<p><\/p>\n\n\n\n<p>L\u00f6yt\u00f6el\u00e4inmaksut nousevat 14.05.2023! <\/p>\n\n\n\n<p>T\u00e4\u00e4lt\u00e4 l\u00f6yd\u00e4t uudet hoitomaksut: <a href=\"https:\/\/sey.fi\/sey-hyvinkaa\/hyvinkaa\/elainsuojelu\/loydetyt-elaimet\/\">https:\/\/sey.fi\/sey-hyvinkaa\/hyvinkaa\/elainsuojelu\/loydetyt-elaimet\/<\/a><\/p>\n\n\n\n<p>Hintojen nousuun vaikuttavat monet seikat joista isompana uusien, terveiden, tilojen vuokra. Kiit\u00e4mme ymm\u00e4rryksest\u00e4! <\/p>\n\n\n\n<figure class=\"wp-block-image size-large is-resized\"><img loading=\"lazy\" decoding=\"async\" src=\"https:\/\/sey.fi\/wp-content\/uploads\/sites\/10\/2023\/05\/MG_8976-683x1024.jpg\" alt=\"\" class=\"wp-image-917\" width=\"352\" height=\"527\" \/><\/figure>\n","protected":false},"excerpt":{"rendered":"<p>Yhdistyksen j\u00e4sen! Tervetuloa kissatalolle yhdistyksen kokoukseen 11.01.2024 klo 18. Alla esityslista. L\u00f6yt\u00f6el\u00e4inmaksut nousevat 14.05.2023! T\u00e4\u00e4lt\u00e4 l\u00f6yd\u00e4t uudet hoitomaksut: https:\/\/sey.fi\/sey-hyvinkaa\/hyvinkaa\/elainsuojelu\/loydetyt-elaimet\/ Hintojen nousuun vaikuttavat monet seikat joista isompana uusien, terveiden, tilojen vuokra. Kiit\u00e4mme ymm\u00e4rryksest\u00e4!<\/p>\n","protected":false},"author":11,"featured_media":0,"parent":2,"menu_order":0,"comment_status":"closed","ping_status":"closed","template":"","meta":{"_acf_changed":false,"footnotes":""},"class_list":["post-305","page","type-page","status-publish","hentry"],"acf":[],"yoast_head":"<!-- This site is optimized with the Yoast SEO plugin v27.1.1 - https:\/\/yoast.com\/product\/yoast-seo-wordpress\/ -->\n<title>Ajankohtaista - SEY Hyvink\u00e4\u00e4<\/title>\n<meta name=\"robots\" content=\"index, follow, max-snippet:-1, max-image-preview:large, max-video-preview:-1\" \/>\n<link rel=\"canonical\" href=\"https:\/\/sey.fi\/sey-hyvinkaa\/hyvinkaa\/ajankohtaista-2\/\" \/>\n<meta property=\"og:locale\" content=\"fi_FI\" \/>\n<meta property=\"og:type\" content=\"article\" \/>\n<meta property=\"og:title\" content=\"Ajankohtaista - SEY Hyvink\u00e4\u00e4\" \/>\n<meta property=\"og:description\" content=\"Yhdistyksen j\u00e4sen! Tervetuloa kissatalolle yhdistyksen kokoukseen 11.01.2024 klo 18. Alla esityslista. L\u00f6yt\u00f6el\u00e4inmaksut nousevat 14.05.2023! T\u00e4\u00e4lt\u00e4 l\u00f6yd\u00e4t uudet hoitomaksut: https:\/\/sey.fi\/sey-hyvinkaa\/hyvinkaa\/elainsuojelu\/loydetyt-elaimet\/ Hintojen nousuun vaikuttavat monet seikat joista isompana uusien, terveiden, tilojen vuokra. Kiit\u00e4mme ymm\u00e4rryksest\u00e4!\" \/>\n<meta property=\"og:url\" content=\"https:\/\/sey.fi\/sey-hyvinkaa\/hyvinkaa\/ajankohtaista-2\/\" \/>\n<meta property=\"og:site_name\" content=\"SEY Hyvink\u00e4\u00e4\" \/>\n<meta property=\"article:modified_time\" content=\"2024-01-08T13:15:05+00:00\" \/>\n<meta property=\"og:image\" content=\"https:\/\/sey.fi\/wp-content\/uploads\/sites\/10\/2023\/05\/MG_8976-683x1024.jpg\" \/>\n<meta name=\"twitter:card\" content=\"summary_large_image\" \/>\n<meta name=\"twitter:label1\" content=\"Arvioitu lukuaika\" \/>\n\t<meta name=\"twitter:data1\" content=\"1 minuutti\" \/>\n<script type=\"application\/ld+json\" class=\"yoast-schema-graph\">{\"@context\":\"https:\/\/schema.org\",\"@graph\":[{\"@type\":\"WebPage\",\"@id\":\"https:\/\/sey.fi\/sey-hyvinkaa\/hyvinkaa\/ajankohtaista-2\/\",\"url\":\"https:\/\/sey.fi\/sey-hyvinkaa\/hyvinkaa\/ajankohtaista-2\/\",\"name\":\"Ajankohtaista - SEY Hyvink\u00e4\u00e4\",\"isPartOf\":{\"@id\":\"https:\/\/sey.fi\/sey-hyvinkaa\/#website\"},\"primaryImageOfPage\":{\"@id\":\"https:\/\/sey.fi\/sey-hyvinkaa\/hyvinkaa\/ajankohtaista-2\/#primaryimage\"},\"image\":{\"@id\":\"https:\/\/sey.fi\/sey-hyvinkaa\/hyvinkaa\/ajankohtaista-2\/#primaryimage\"},\"thumbnailUrl\":\"https:\/\/sey.fi\/wp-content\/uploads\/sites\/10\/2023\/05\/MG_8976-683x1024.jpg\",\"datePublished\":\"2021-09-25T07:52:00+00:00\",\"dateModified\":\"2024-01-08T13:15:05+00:00\",\"breadcrumb\":{\"@id\":\"https:\/\/sey.fi\/sey-hyvinkaa\/hyvinkaa\/ajankohtaista-2\/#breadcrumb\"},\"inLanguage\":\"fi\",\"potentialAction\":[{\"@type\":\"ReadAction\",\"target\":[\"https:\/\/sey.fi\/sey-hyvinkaa\/hyvinkaa\/ajankohtaista-2\/\"]}]},{\"@type\":\"ImageObject\",\"inLanguage\":\"fi\",\"@id\":\"https:\/\/sey.fi\/sey-hyvinkaa\/hyvinkaa\/ajankohtaista-2\/#primaryimage\",\"url\":\"https:\/\/sey.fi\/wp-content\/uploads\/sites\/10\/2023\/05\/MG_8976-683x1024.jpg\",\"contentUrl\":\"https:\/\/sey.fi\/wp-content\/uploads\/sites\/10\/2023\/05\/MG_8976-683x1024.jpg\"},{\"@type\":\"BreadcrumbList\",\"@id\":\"https:\/\/sey.fi\/sey-hyvinkaa\/hyvinkaa\/ajankohtaista-2\/#breadcrumb\",\"itemListElement\":[{\"@type\":\"ListItem\",\"position\":1,\"name\":\"Home\",\"item\":\"https:\/\/sey.fi\/sey-hyvinkaa\/\"},{\"@type\":\"ListItem\",\"position\":2,\"name\":\"SEY Hyvink\u00e4\u00e4\",\"item\":\"https:\/\/sey.fi\/sey-hyvinkaa\/\"},{\"@type\":\"ListItem\",\"position\":3,\"name\":\"Ajankohtaista\"}]},{\"@type\":\"WebSite\",\"@id\":\"https:\/\/sey.fi\/sey-hyvinkaa\/#website\",\"url\":\"https:\/\/sey.fi\/sey-hyvinkaa\/\",\"name\":\"SEY Hyvink\u00e4\u00e4\",\"description\":\"SEY j\u00e4senyhdistykset\",\"potentialAction\":[{\"@type\":\"SearchAction\",\"target\":{\"@type\":\"EntryPoint\",\"urlTemplate\":\"https:\/\/sey.fi\/sey-hyvinkaa\/?s={search_term_string}\"},\"query-input\":{\"@type\":\"PropertyValueSpecification\",\"valueRequired\":true,\"valueName\":\"search_term_string\"}}],\"inLanguage\":\"fi\"}]}<\/script>\n<!-- \/ Yoast SEO plugin. -->","yoast_head_json":{"title":"Ajankohtaista - SEY Hyvink\u00e4\u00e4","robots":{"index":"index","follow":"follow","max-snippet":"max-snippet:-1","max-image-preview":"max-image-preview:large","max-video-preview":"max-video-preview:-1"},"canonical":"https:\/\/sey.fi\/sey-hyvinkaa\/hyvinkaa\/ajankohtaista-2\/","og_locale":"fi_FI","og_type":"article","og_title":"Ajankohtaista - SEY Hyvink\u00e4\u00e4","og_description":"Yhdistyksen j\u00e4sen! Tervetuloa kissatalolle yhdistyksen kokoukseen 11.01.2024 klo 18. Alla esityslista. L\u00f6yt\u00f6el\u00e4inmaksut nousevat 14.05.2023! T\u00e4\u00e4lt\u00e4 l\u00f6yd\u00e4t uudet hoitomaksut: https:\/\/sey.fi\/sey-hyvinkaa\/hyvinkaa\/elainsuojelu\/loydetyt-elaimet\/ Hintojen nousuun vaikuttavat monet seikat joista isompana uusien, terveiden, tilojen vuokra. Kiit\u00e4mme ymm\u00e4rryksest\u00e4!","og_url":"https:\/\/sey.fi\/sey-hyvinkaa\/hyvinkaa\/ajankohtaista-2\/","og_site_name":"SEY Hyvink\u00e4\u00e4","article_modified_time":"2024-01-08T13:15:05+00:00","og_image":[{"url":"https:\/\/sey.fi\/wp-content\/uploads\/sites\/10\/2023\/05\/MG_8976-683x1024.jpg","type":"","width":"","height":""}],"twitter_card":"summary_large_image","twitter_misc":{"Arvioitu lukuaika":"1 minuutti"},"schema":{"@context":"https:\/\/schema.org","@graph":[{"@type":"WebPage","@id":"https:\/\/sey.fi\/sey-hyvinkaa\/hyvinkaa\/ajankohtaista-2\/","url":"https:\/\/sey.fi\/sey-hyvinkaa\/hyvinkaa\/ajankohtaista-2\/","name":"Ajankohtaista - SEY Hyvink\u00e4\u00e4","isPartOf":{"@id":"https:\/\/sey.fi\/sey-hyvinkaa\/#website"},"primaryImageOfPage":{"@id":"https:\/\/sey.fi\/sey-hyvinkaa\/hyvinkaa\/ajankohtaista-2\/#primaryimage"},"image":{"@id":"https:\/\/sey.fi\/sey-hyvinkaa\/hyvinkaa\/ajankohtaista-2\/#primaryimage"},"thumbnailUrl":"https:\/\/sey.fi\/wp-content\/uploads\/sites\/10\/2023\/05\/MG_8976-683x1024.jpg","datePublished":"2021-09-25T07:52:00+00:00","dateModified":"2024-01-08T13:15:05+00:00","breadcrumb":{"@id":"https:\/\/sey.fi\/sey-hyvinkaa\/hyvinkaa\/ajankohtaista-2\/#breadcrumb"},"inLanguage":"fi","potentialAction":[{"@type":"ReadAction","target":["https:\/\/sey.fi\/sey-hyvinkaa\/hyvinkaa\/ajankohtaista-2\/"]}]},{"@type":"ImageObject","inLanguage":"fi","@id":"https:\/\/sey.fi\/sey-hyvinkaa\/hyvinkaa\/ajankohtaista-2\/#primaryimage","url":"https:\/\/sey.fi\/wp-content\/uploads\/sites\/10\/2023\/05\/MG_8976-683x1024.jpg","contentUrl":"https:\/\/sey.fi\/wp-content\/uploads\/sites\/10\/2023\/05\/MG_8976-683x1024.jpg"},{"@type":"BreadcrumbList","@id":"https:\/\/sey.fi\/sey-hyvinkaa\/hyvinkaa\/ajankohtaista-2\/#breadcrumb","itemListElement":[{"@type":"ListItem","position":1,"name":"Home","item":"https:\/\/sey.fi\/sey-hyvinkaa\/"},{"@type":"ListItem","position":2,"name":"SEY Hyvink\u00e4\u00e4","item":"https:\/\/sey.fi\/sey-hyvinkaa\/"},{"@type":"ListItem","position":3,"name":"Ajankohtaista"}]},{"@type":"WebSite","@id":"https:\/\/sey.fi\/sey-hyvinkaa\/#website","url":"https:\/\/sey.fi\/sey-hyvinkaa\/","name":"SEY Hyvink\u00e4\u00e4","description":"SEY j\u00e4senyhdistykset","potentialAction":[{"@type":"SearchAction","target":{"@type":"EntryPoint","urlTemplate":"https:\/\/sey.fi\/sey-hyvinkaa\/?s={search_term_string}"},"query-input":{"@type":"PropertyValueSpecification","valueRequired":true,"valueName":"search_term_string"}}],"inLanguage":"fi"}]}},"_links":{"self":[{"href":"https:\/\/sey.fi\/sey-hyvinkaa\/wp-json\/wp\/v2\/pages\/305","targetHints":{"allow":["GET"]}}],"collection":[{"href":"https:\/\/sey.fi\/sey-hyvinkaa\/wp-json\/wp\/v2\/pages"}],"about":[{"href":"https:\/\/sey.fi\/sey-hyvinkaa\/wp-json\/wp\/v2\/types\/page"}],"author":[{"embeddable":true,"href":"https:\/\/sey.fi\/sey-hyvinkaa\/wp-json\/wp\/v2\/users\/11"}],"replies":[{"embeddable":true,"href":"https:\/\/sey.fi\/sey-hyvinkaa\/wp-json\/wp\/v2\/comments?post=305"}],"version-history":[{"count":24,"href":"https:\/\/sey.fi\/sey-hyvinkaa\/wp-json\/wp\/v2\/pages\/305\/revisions"}],"predecessor-version":[{"id":1041,"href":"https:\/\/sey.fi\/sey-hyvinkaa\/wp-json\/wp\/v2\/pages\/305\/revisions\/1041"}],"up":[{"embeddable":true,"href":"https:\/\/sey.fi\/sey-hyvinkaa\/wp-json\/wp\/v2\/pages\/2"}],"wp:attachment":[{"href":"https:\/\/sey.fi\/sey-hyvinkaa\/wp-json\/wp\/v2\/media?parent=305"}],"curies":[{"name":"wp","href":"https:\/\/api.w.org\/{rel}","templated":true}]}}