{"id":22,"date":"2019-11-22T16:16:45","date_gmt":"2019-11-22T14:16:45","guid":{"rendered":"http:\/\/srvr10.xetpoint.com\/~seyfi\/urjala\/?page_id=22"},"modified":"2026-02-03T22:10:07","modified_gmt":"2026-02-03T20:10:07","slug":"yhdistyksen-saannot","status":"publish","type":"page","link":"https:\/\/sey.fi\/urjala\/urjalan-elainsuojelu\/yhdistys\/yhdistyksen-saannot\/","title":{"rendered":"Yhdistyksen s\u00e4\u00e4nn\u00f6t"},"content":{"rendered":"\n<h2 class=\"wp-block-heading\">1. Yhdistyksen nimi ja kotipaikka<\/h2>\n\n\n\n<p>Yhdistyksen nimi on Urjalan El\u00e4insuojeluyhdistys ja sen kotipaikka on Urjala.<\/p>\n\n\n\n<h2 class=\"wp-block-heading\">2. Tarkoitus ja toiminnan laatu<\/h2>\n\n\n\n<p>Yhdistyksen tarkoituksena on her\u00e4tt\u00e4\u00e4 my\u00f6t\u00e4tuntoa kaikkia el\u00e4imi\u00e4 kohtaan ja auttaa niit\u00e4 mahdollisuuksien mukaan.<\/p>\n\n\n\n<p>Tarkoituksensa toteuttamiseksi yhdistys<\/p>\n\n\n\n<ul class=\"wp-block-list\">\n<li>antaa lausuntoja, ehdotuksia ja kannanottoja, jotka edist\u00e4v\u00e4t el\u00e4inten hyv\u00e4\u00e4 kohtelua<\/li>\n\n\n\n<li>neuvoo ja opastaa el\u00e4intenomistajia toimimaan tavalla, joka edist\u00e4\u00e4 el\u00e4inten hyvinvointia<\/li>\n\n\n\n<li>on yhteisty\u00f6ss\u00e4 el\u00e4insuojeluviranomaisten, muiden el\u00e4insuojeluyhdistysten ja paikallisten el\u00e4insuojelukotien kanssa<\/li>\n\n\n\n<li>tarjoaa paikan miss\u00e4 voi pohtia ja keskustella urjalalaisten el\u00e4inten hyvinvointiin liittyvist\u00e4 asioista<\/li>\n\n\n\n<li>harjoittaa tarkoitusperiens\u00e4 mukaista nuorisotoimintaa<\/li>\n\n\n\n<li>j\u00e4rjest\u00e4\u00e4 esitelm\u00e4tilaisuuksia, kokouksia, el\u00e4insuojelup\u00e4ivi\u00e4, retki\u00e4 ja muita samantapaisia tilaisuuksia<\/li>\n\n\n\n<li>yll\u00e4pit\u00e4\u00e4 rekister\u00f6im\u00e4tt\u00f6mi\u00e4 alaosastoja<\/li>\n<\/ul>\n\n\n\n<p>Toimintansa tukemiseksi yhdistys voi<\/p>\n\n\n\n<ul class=\"wp-block-list\">\n<li>ottaa vastaan avustuksia, lahjoituksia ja testamentteja sek\u00e4 hankkia ja omistaa toimintaansa varten tarpeellista kiinte\u00e4\u00e4 omaisuutta<\/li>\n\n\n\n<li>j\u00e4rjest\u00e4\u00e4 myyj\u00e4isi\u00e4, arpajaisia, varainker\u00e4yksi\u00e4<\/li>\n\n\n\n<li>myyd\u00e4 merkkej\u00e4, kortteja ja adresseja<\/li>\n<\/ul>\n\n\n\n<p>Tarvittaessa yhdistys hankkii toimintaansa varten asianmukaisen luvan.<\/p>\n\n\n\n<h2 class=\"wp-block-heading\">3. J\u00e4senet<\/h2>\n\n\n\n<p>Yhdistykseen varsinaiseksi j\u00e4seneksi voidaan hyv\u00e4ksy\u00e4 henkil\u00f6, joka hyv\u00e4ksyy yhdistyksen tarkoituksen ja suorittaa j\u00e4senmaksun.<\/p>\n\n\n\n<p>Kannattavaksi j\u00e4seneksi voidaan hyv\u00e4ksy\u00e4 yksityinen henkil\u00f6 tai oikeuskelpoinen yhteis\u00f6, joka haluaa tukea yhdistyksen tarkoitusta ja toimintaa.<\/p>\n\n\n\n<p>Varsinaiseksi j\u00e4seneksi ja kannattavaksi j\u00e4seneksi voi liitty\u00e4 ilmoittamalla tietonsa yhdistyksen hallitukselle.<\/p>\n\n\n\n<p>Kunniapuheenjohtajaksi tai kunniaj\u00e4seneksi voidaan hallituksen esityksest\u00e4 yhdistyksen kokouksessa kutsua henkil\u00f6, joka on huomattavasti edist\u00e4nyt ja tukenut yhdistyksen toimintaa.<\/p>\n\n\n\n<h2 class=\"wp-block-heading\">4. J\u00e4senen eroaminen ja erottaminen<\/h2>\n\n\n\n<p>J\u00e4senell\u00e4 on oikeus erota yhdistyksest\u00e4 ilmoittamalla siit\u00e4&nbsp;hallitukselle tai sen puheenjohtajalle taikka ilmoittamalla erosta yhdistyksen kokouksessa merkitt\u00e4v\u00e4ksi p\u00f6yt\u00e4kirjaan.<\/p>\n\n\n\n<p>Hallitus voi erottaa j\u00e4senen yhdistyksest\u00e4, jos j\u00e4sen on j\u00e4tt\u00e4nyt t\u00e4ytt\u00e4m\u00e4tt\u00e4 ne velvoitukset, joihin h\u00e4n on yhdistykseen liittym\u00e4ll\u00e4 sitoutunut tai on menettelyll\u00e4\u00e4n yhdistyksess\u00e4 tai sen ulkopuolella huomattavasti vahingoittanut yhdistyst\u00e4 tai ei en\u00e4\u00e4 t\u00e4yt\u00e4 laissa taikka yhdistyksen s\u00e4\u00e4nn\u00f6iss\u00e4 mainittuja j\u00e4senyyden ehtoja.<\/p>\n\n\n\n<h2 class=\"wp-block-heading\">5.&nbsp;Liittymis- ja j\u00e4senmaksu<\/h2>\n\n\n\n<p>Varsinaisilta j\u00e4senilt\u00e4 ja kannattavilta j\u00e4senilt\u00e4 peritt\u00e4v\u00e4n vuotuisen j\u00e4senmaksun suuruudesta erikseen kummallekin j\u00e4senryhm\u00e4lle p\u00e4\u00e4tt\u00e4\u00e4 vuosikokous. Kunniapuheenjohtaja ja kunniaj\u00e4senet eiv\u00e4t suorita j\u00e4senmaksuja.<\/p>\n\n\n\n<h2 class=\"wp-block-heading\">6. Hallitus<\/h2>\n\n\n\n<p>Yhdistyksen asioita hoitaa hallitus, johon kuuluu vuosikokouksessa valitut puheenjohtaja ja 3-5 muuta varsinaista j\u00e4sent\u00e4 sek\u00e4 2 varaj\u00e4sent\u00e4.<\/p>\n\n\n\n<p>Hallituksen toimikausi on vuosikokousten v\u00e4linen aika.<\/p>\n\n\n\n<p>Hallitus valitsee keskuudestaan varapuheenjohtajan sek\u00e4 ottaa keskuudestaan tai ulkopuoleltaan sihteerin, rahastonhoitajan ja muut tarvittavat toimihenkil\u00f6t.<\/p>\n\n\n\n<p>Hallitus kokoontuu puheenjohtajan tai h\u00e4nen estyneen\u00e4 ollessaan varapuheenjohtajan kutsusta, kun he katsovat siihen olevan aihetta tai kun v\u00e4hint\u00e4\u00e4n puolet hallituksen j\u00e4senist\u00e4 sit\u00e4 vaatii.<\/p>\n\n\n\n<p>Hallitus on p\u00e4\u00e4t\u00f6svaltainen, kun v\u00e4hint\u00e4\u00e4n puolet sen j\u00e4senist\u00e4, puheenjohtaja tai varapuheenjohtaja mukaanluettuna on l\u00e4sn\u00e4. \u00c4\u00e4nestykset ratkaistaan yksinkertaisella \u00e4\u00e4nten enemmist\u00f6ll\u00e4. \u00c4\u00e4nten menness\u00e4 tasan ratkaisee puheenjohtajan \u00e4\u00e4ni, vaaleissa kuitenkin arpa.<\/p>\n\n\n\n<h2 class=\"wp-block-heading\">7. Yhdistyksen nimen kirjoittaminen<\/h2>\n\n\n\n<p>Yhdistyksen nimen kirjoittaa hallituksen puheenjohtaja, varapuheenjohtaja, sihteeri tai rahastonhoitaja, kaksi yhdess\u00e4.<\/p>\n\n\n\n<h2 class=\"wp-block-heading\">8. Tilikausi, tilintarkastajat ja tilintarkastus<\/h2>\n\n\n\n<p>Yhdistyksen tilikausi on kalenterivuosi.<\/p>\n\n\n\n<p>Yhdistys valitsee v\u00e4hint\u00e4\u00e4n yhden tilintarkastajan ja yhden varatilintarkastajan kalenterivuodeksi kerrallaan.<\/p>\n\n\n\n<p>Tilinp\u00e4\u00e4t\u00f6s tarvittavine asiakirjoineen ja hallituksen vuosikertomus on annettava tilintarkastajille viimeist\u00e4\u00e4n kolme viikkoa ennen vuosikokousta. Tilintarkastajien tulee antaa kirjallinen lausuntonsa viimeist\u00e4\u00e4n kaksi viikkoa ennen vuosikokousta hallitukselle.<\/p>\n\n\n\n<h2 class=\"wp-block-heading\">9. Yhdistyksen kokoukset<\/h2>\n\n\n\n<p>Yhdistyksen vuosikokous pidet\u00e4\u00e4n vuosittain hallituksen m\u00e4\u00e4r\u00e4\u00e4m\u00e4n\u00e4 p\u00e4iv\u00e4n\u00e4 tammi-toukokuussa.<\/p>\n\n\n\n<p>Ylim\u00e4\u00e4r\u00e4inen kokous pidet\u00e4\u00e4n, kun yhdistyksen kokous niin p\u00e4\u00e4tt\u00e4\u00e4 tai kun hallitus katsoo siihen olevan aihetta tai kun v\u00e4hint\u00e4\u00e4n kymmenesosa (1\/10) yhdistyksen \u00e4\u00e4nioikeutetuista j\u00e4senist\u00e4 sit\u00e4 hallitukselta erityisesti ilmoitettua asiaa varten kirjallisesti vaatii. Kokous&nbsp;on pidett\u00e4v\u00e4 kolmenkymmenen vuorokauden kuluessa siit\u00e4, kun vaatimus sen pit\u00e4misest\u00e4 on esitetty hallitukselle.<\/p>\n\n\n\n<p>Yhdistyksen kokouksissa on jokaisella varsinaisella j\u00e4senell\u00e4, kunniapuheenjohtajalla ja kunniaj\u00e4senell\u00e4 yksi \u00e4\u00e4ni. Kannattavalla j\u00e4senell\u00e4 on kokouksessa l\u00e4sn\u00e4olo- ja puheoikeus.<\/p>\n\n\n\n<p>Yhdistyksen kokouksen p\u00e4\u00e4t\u00f6kseksi tulee, ellei s\u00e4\u00e4nn\u00f6iss\u00e4 ole toisin m\u00e4\u00e4r\u00e4tty, se mielipide, jota on kannattanut yli puolet annetuista \u00e4\u00e4nist\u00e4. \u00c4\u00e4nten menness\u00e4 tasan ratkaisee kokouksen puheenjohtajan \u00e4\u00e4ni, vaaleissa kuitenkin arpa.<\/p>\n\n\n\n<h2 class=\"wp-block-heading\">10. Yhdistyksen kokousten koollekutsuminen<\/h2>\n\n\n\n<p>Hallituksen on kutsuttava yhdistyksen kokoukset koolle v\u00e4hint\u00e4\u00e4n seitsem\u00e4n vuorokautta ennen kokousta j\u00e4senille postitetuilla kirjeill\u00e4, yhdistyksen kotipaikkakunnalla ilmestyv\u00e4ss\u00e4 sanomalehdess\u00e4 tai s\u00e4hk\u00f6postitse.<\/p>\n\n\n\n<h2 class=\"wp-block-heading\">11. Vuosikokous<\/h2>\n\n\n\n<p>Yhdistyksen vuosikokouksessa k\u00e4sitell\u00e4\u00e4n seuraavat asiat:<\/p>\n\n\n\n<ol start=\"1\" class=\"wp-block-list\">\n<li>kokouksen avaus<\/li>\n\n\n\n<li>valitaan kokouksen puheenjohtaja, sihteeri, kaksi p\u00f6yt\u00e4kirjantarkastajaa ja tarvittaessa kaksi \u00e4\u00e4ntenlaskijaa<\/li>\n\n\n\n<li>todetaan kokouksen laillisuus ja p\u00e4\u00e4t\u00f6svaltaisuus<\/li>\n\n\n\n<li>hyv\u00e4ksyt\u00e4\u00e4n kokouksen ty\u00f6j\u00e4rjestys<\/li>\n\n\n\n<li>esitet\u00e4\u00e4n tilinp\u00e4\u00e4t\u00f6s, vuosikertomus ja tilintarkastajien lausunto<\/li>\n\n\n\n<li>p\u00e4\u00e4tet\u00e4\u00e4n tilinp\u00e4\u00e4t\u00f6ksen vahvistamisesta ja vastuuvapauden my\u00f6nt\u00e4misest\u00e4 hallitukselle ja muille vastuuvelvollisille<\/li>\n\n\n\n<li>vahvistetaan toimintasuunnitelma, tulo- ja menoarvio sek\u00e4 liittymis- ja j\u00e4senmaksujen suuruudet<\/li>\n\n\n\n<li>valitaan hallituksen puheenjohtaja ja muut j\u00e4senet<\/li>\n\n\n\n<li>valitaan yksi tai kaksi tilintarkastajaa ja heille varatilintarkastajat<\/li>\n\n\n\n<li>k\u00e4sitell\u00e4\u00e4n muut kokouskutsussa mainitut asiat.<\/li>\n<\/ol>\n\n\n\n<p>Mik\u00e4li yhdistyksen j\u00e4sen haluaa saada jonkin asian yhdistyksen vuosikokouksen k\u00e4sitelt\u00e4v\u00e4ksi, on h\u00e4nen ilmoitettava siit\u00e4 kirjallisesti hallitukselle niin hyviss\u00e4 ajoin, ett\u00e4 asia&nbsp;voidaan sis\u00e4llytt\u00e4\u00e4 kokouskutsuun.<\/p>\n\n\n\n<hr class=\"wp-block-separator has-alpha-channel-opacity\" \/>\n\n\n\n<p><a href=\"https:\/\/sey.fi\/wp-content\/uploads\/sites\/32\/2026\/02\/Urjalan-Elainsuojeluyhdistyksen-SAANNOT.pdf\">Lataa s\u00e4\u00e4nn\u00f6t (pdf)<\/a><\/p>\n","protected":false},"excerpt":{"rendered":"<p>1. Yhdistyksen nimi ja kotipaikka Yhdistyksen nimi on Urjalan El\u00e4insuojeluyhdistys ja sen kotipaikka on Urjala. 2. Tarkoitus ja toiminnan laatu Yhdistyksen tarkoituksena on her\u00e4tt\u00e4\u00e4 my\u00f6t\u00e4tuntoa kaikkia el\u00e4imi\u00e4 kohtaan ja auttaa niit\u00e4 mahdollisuuksien mukaan. Tarkoituksensa toteuttamiseksi yhdistys Toimintansa tukemiseksi yhdistys voi Tarvittaessa yhdistys hankkii toimintaansa varten asianmukaisen luvan. 3. J\u00e4senet Yhdistykseen varsinaiseksi j\u00e4seneksi voidaan hyv\u00e4ksy\u00e4 henkil\u00f6, [&hellip;]<\/p>\n","protected":false},"author":8,"featured_media":0,"parent":17,"menu_order":0,"comment_status":"closed","ping_status":"closed","template":"","meta":{"_acf_changed":false,"footnotes":""},"class_list":["post-22","page","type-page","status-publish","hentry"],"acf":[],"yoast_head":"<!-- This site is optimized with the Yoast SEO plugin v27.1.1 - https:\/\/yoast.com\/product\/yoast-seo-wordpress\/ -->\n<title>Yhdistyksen s\u00e4\u00e4nn\u00f6t - Urjalan el\u00e4insuojeluyhdistys<\/title>\n<meta name=\"robots\" content=\"index, follow, max-snippet:-1, max-image-preview:large, max-video-preview:-1\" \/>\n<link rel=\"canonical\" href=\"https:\/\/sey.fi\/urjala\/urjalan-elainsuojelu\/yhdistys\/yhdistyksen-saannot\/\" \/>\n<meta property=\"og:locale\" content=\"fi_FI\" \/>\n<meta property=\"og:type\" content=\"article\" \/>\n<meta property=\"og:title\" content=\"Yhdistyksen s\u00e4\u00e4nn\u00f6t - Urjalan el\u00e4insuojeluyhdistys\" \/>\n<meta property=\"og:description\" content=\"1. Yhdistyksen nimi ja kotipaikka Yhdistyksen nimi on Urjalan El\u00e4insuojeluyhdistys ja sen kotipaikka on Urjala. 2. Tarkoitus ja toiminnan laatu Yhdistyksen tarkoituksena on her\u00e4tt\u00e4\u00e4 my\u00f6t\u00e4tuntoa kaikkia el\u00e4imi\u00e4 kohtaan ja auttaa niit\u00e4 mahdollisuuksien mukaan. Tarkoituksensa toteuttamiseksi yhdistys Toimintansa tukemiseksi yhdistys voi Tarvittaessa yhdistys hankkii toimintaansa varten asianmukaisen luvan. 3. J\u00e4senet Yhdistykseen varsinaiseksi j\u00e4seneksi voidaan hyv\u00e4ksy\u00e4 henkil\u00f6, [&hellip;]\" \/>\n<meta property=\"og:url\" content=\"https:\/\/sey.fi\/urjala\/urjalan-elainsuojelu\/yhdistys\/yhdistyksen-saannot\/\" \/>\n<meta property=\"og:site_name\" content=\"Urjalan el\u00e4insuojeluyhdistys\" \/>\n<meta property=\"article:modified_time\" content=\"2026-02-03T20:10:07+00:00\" \/>\n<meta name=\"twitter:card\" content=\"summary_large_image\" \/>\n<meta name=\"twitter:label1\" content=\"Arvioitu lukuaika\" \/>\n\t<meta name=\"twitter:data1\" content=\"5 minuuttia\" \/>\n<script type=\"application\/ld+json\" class=\"yoast-schema-graph\">{\"@context\":\"https:\/\/schema.org\",\"@graph\":[{\"@type\":\"WebPage\",\"@id\":\"https:\/\/sey.fi\/urjala\/urjalan-elainsuojelu\/yhdistys\/yhdistyksen-saannot\/\",\"url\":\"https:\/\/sey.fi\/urjala\/urjalan-elainsuojelu\/yhdistys\/yhdistyksen-saannot\/\",\"name\":\"Yhdistyksen s\u00e4\u00e4nn\u00f6t - Urjalan el\u00e4insuojeluyhdistys\",\"isPartOf\":{\"@id\":\"https:\/\/sey.fi\/urjala\/#website\"},\"datePublished\":\"2019-11-22T14:16:45+00:00\",\"dateModified\":\"2026-02-03T20:10:07+00:00\",\"breadcrumb\":{\"@id\":\"https:\/\/sey.fi\/urjala\/urjalan-elainsuojelu\/yhdistys\/yhdistyksen-saannot\/#breadcrumb\"},\"inLanguage\":\"fi\",\"potentialAction\":[{\"@type\":\"ReadAction\",\"target\":[\"https:\/\/sey.fi\/urjala\/urjalan-elainsuojelu\/yhdistys\/yhdistyksen-saannot\/\"]}]},{\"@type\":\"BreadcrumbList\",\"@id\":\"https:\/\/sey.fi\/urjala\/urjalan-elainsuojelu\/yhdistys\/yhdistyksen-saannot\/#breadcrumb\",\"itemListElement\":[{\"@type\":\"ListItem\",\"position\":1,\"name\":\"Home\",\"item\":\"https:\/\/sey.fi\/urjala\/\"},{\"@type\":\"ListItem\",\"position\":2,\"name\":\"Urjalan El\u00e4insuojeluyhdistys\",\"item\":\"https:\/\/sey.fi\/urjala\/\"},{\"@type\":\"ListItem\",\"position\":3,\"name\":\"Yhteystiedot\",\"item\":\"https:\/\/sey.fi\/urjala\/urjalan-elainsuojelu\/yhdistys\/\"},{\"@type\":\"ListItem\",\"position\":4,\"name\":\"Yhdistyksen s\u00e4\u00e4nn\u00f6t\"}]},{\"@type\":\"WebSite\",\"@id\":\"https:\/\/sey.fi\/urjala\/#website\",\"url\":\"https:\/\/sey.fi\/urjala\/\",\"name\":\"Urjalan el\u00e4insuojeluyhdistys\",\"description\":\"Uusi SEY J\u00e4senyhdistykset -sivusto\",\"potentialAction\":[{\"@type\":\"SearchAction\",\"target\":{\"@type\":\"EntryPoint\",\"urlTemplate\":\"https:\/\/sey.fi\/urjala\/?s={search_term_string}\"},\"query-input\":{\"@type\":\"PropertyValueSpecification\",\"valueRequired\":true,\"valueName\":\"search_term_string\"}}],\"inLanguage\":\"fi\"}]}<\/script>\n<!-- \/ Yoast SEO plugin. -->","yoast_head_json":{"title":"Yhdistyksen s\u00e4\u00e4nn\u00f6t - Urjalan el\u00e4insuojeluyhdistys","robots":{"index":"index","follow":"follow","max-snippet":"max-snippet:-1","max-image-preview":"max-image-preview:large","max-video-preview":"max-video-preview:-1"},"canonical":"https:\/\/sey.fi\/urjala\/urjalan-elainsuojelu\/yhdistys\/yhdistyksen-saannot\/","og_locale":"fi_FI","og_type":"article","og_title":"Yhdistyksen s\u00e4\u00e4nn\u00f6t - Urjalan el\u00e4insuojeluyhdistys","og_description":"1. Yhdistyksen nimi ja kotipaikka Yhdistyksen nimi on Urjalan El\u00e4insuojeluyhdistys ja sen kotipaikka on Urjala. 2. Tarkoitus ja toiminnan laatu Yhdistyksen tarkoituksena on her\u00e4tt\u00e4\u00e4 my\u00f6t\u00e4tuntoa kaikkia el\u00e4imi\u00e4 kohtaan ja auttaa niit\u00e4 mahdollisuuksien mukaan. Tarkoituksensa toteuttamiseksi yhdistys Toimintansa tukemiseksi yhdistys voi Tarvittaessa yhdistys hankkii toimintaansa varten asianmukaisen luvan. 3. J\u00e4senet Yhdistykseen varsinaiseksi j\u00e4seneksi voidaan hyv\u00e4ksy\u00e4 henkil\u00f6, [&hellip;]","og_url":"https:\/\/sey.fi\/urjala\/urjalan-elainsuojelu\/yhdistys\/yhdistyksen-saannot\/","og_site_name":"Urjalan el\u00e4insuojeluyhdistys","article_modified_time":"2026-02-03T20:10:07+00:00","twitter_card":"summary_large_image","twitter_misc":{"Arvioitu lukuaika":"5 minuuttia"},"schema":{"@context":"https:\/\/schema.org","@graph":[{"@type":"WebPage","@id":"https:\/\/sey.fi\/urjala\/urjalan-elainsuojelu\/yhdistys\/yhdistyksen-saannot\/","url":"https:\/\/sey.fi\/urjala\/urjalan-elainsuojelu\/yhdistys\/yhdistyksen-saannot\/","name":"Yhdistyksen s\u00e4\u00e4nn\u00f6t - Urjalan el\u00e4insuojeluyhdistys","isPartOf":{"@id":"https:\/\/sey.fi\/urjala\/#website"},"datePublished":"2019-11-22T14:16:45+00:00","dateModified":"2026-02-03T20:10:07+00:00","breadcrumb":{"@id":"https:\/\/sey.fi\/urjala\/urjalan-elainsuojelu\/yhdistys\/yhdistyksen-saannot\/#breadcrumb"},"inLanguage":"fi","potentialAction":[{"@type":"ReadAction","target":["https:\/\/sey.fi\/urjala\/urjalan-elainsuojelu\/yhdistys\/yhdistyksen-saannot\/"]}]},{"@type":"BreadcrumbList","@id":"https:\/\/sey.fi\/urjala\/urjalan-elainsuojelu\/yhdistys\/yhdistyksen-saannot\/#breadcrumb","itemListElement":[{"@type":"ListItem","position":1,"name":"Home","item":"https:\/\/sey.fi\/urjala\/"},{"@type":"ListItem","position":2,"name":"Urjalan El\u00e4insuojeluyhdistys","item":"https:\/\/sey.fi\/urjala\/"},{"@type":"ListItem","position":3,"name":"Yhteystiedot","item":"https:\/\/sey.fi\/urjala\/urjalan-elainsuojelu\/yhdistys\/"},{"@type":"ListItem","position":4,"name":"Yhdistyksen s\u00e4\u00e4nn\u00f6t"}]},{"@type":"WebSite","@id":"https:\/\/sey.fi\/urjala\/#website","url":"https:\/\/sey.fi\/urjala\/","name":"Urjalan el\u00e4insuojeluyhdistys","description":"Uusi SEY J\u00e4senyhdistykset -sivusto","potentialAction":[{"@type":"SearchAction","target":{"@type":"EntryPoint","urlTemplate":"https:\/\/sey.fi\/urjala\/?s={search_term_string}"},"query-input":{"@type":"PropertyValueSpecification","valueRequired":true,"valueName":"search_term_string"}}],"inLanguage":"fi"}]}},"_links":{"self":[{"href":"https:\/\/sey.fi\/urjala\/wp-json\/wp\/v2\/pages\/22","targetHints":{"allow":["GET"]}}],"collection":[{"href":"https:\/\/sey.fi\/urjala\/wp-json\/wp\/v2\/pages"}],"about":[{"href":"https:\/\/sey.fi\/urjala\/wp-json\/wp\/v2\/types\/page"}],"author":[{"embeddable":true,"href":"https:\/\/sey.fi\/urjala\/wp-json\/wp\/v2\/users\/8"}],"replies":[{"embeddable":true,"href":"https:\/\/sey.fi\/urjala\/wp-json\/wp\/v2\/comments?post=22"}],"version-history":[{"count":4,"href":"https:\/\/sey.fi\/urjala\/wp-json\/wp\/v2\/pages\/22\/revisions"}],"predecessor-version":[{"id":199,"href":"https:\/\/sey.fi\/urjala\/wp-json\/wp\/v2\/pages\/22\/revisions\/199"}],"up":[{"embeddable":true,"href":"https:\/\/sey.fi\/urjala\/wp-json\/wp\/v2\/pages\/17"}],"wp:attachment":[{"href":"https:\/\/sey.fi\/urjala\/wp-json\/wp\/v2\/media?parent=22"}],"curies":[{"name":"wp","href":"https:\/\/api.w.org\/{rel}","templated":true}]}}