{"id":236,"date":"2026-02-21T12:39:13","date_gmt":"2026-02-21T10:39:13","guid":{"rendered":"https:\/\/sey.fi\/urjala\/?page_id=236"},"modified":"2026-02-21T12:39:14","modified_gmt":"2026-02-21T10:39:14","slug":"mikrosiru-tuo-kadonneen-kaverin-takaisin","status":"publish","type":"page","link":"https:\/\/sey.fi\/urjala\/mikrosiru-tuo-kadonneen-kaverin-takaisin\/","title":{"rendered":"Mikrosiru tuo kadonneen kaverin takaisin"},"content":{"rendered":"\n<p>Urjalan El\u00e4insuojeluyhdistys lahjoittaa <a href=\"https:\/\/www.urjala.fi\/asu-ja-rakenna\/elainasukkaat\/elainlaakari\/\">Urjalan el\u00e4inl\u00e4\u00e4k\u00e4rill\u00e4<\/a> muun k\u00e4ynnin tai toimenpiteen yhteydess\u00e4 kissoille ja koirille laitetun mikrosirun.<\/p>\n\n\n\n<p>Kissojen ja koirien tunnistusmerkint\u00e4 on t\u00e4rke\u00e4\u00e4 ennaltaehk\u00e4isev\u00e4\u00e4 el\u00e4insuojeluty\u00f6t\u00e4. Se auttaa erottelemaan toisistaan aidosti kodittomat el\u00e4imet ja ihmisen hoivasta karanneet tai eksyneet el\u00e4imet. L\u00f6yt\u00f6el\u00e4intalojen resurssit ovat rajalliset, mutta tunnistusmerkinn\u00e4n avulla resurssit voidaan kohdentaa aidosti apua tarvitseville el\u00e4imille. Lis\u00e4ksi lemmikit, joilla on omistaja, p\u00e4\u00e4sev\u00e4t nopeammin tuttuun kotiymp\u00e4rist\u00f6\u00f6n.<\/p>\n\n\n\n<h2 class=\"wp-block-heading\">Muista rekister\u00f6id\u00e4 mikrosiru!<\/h2>\n\n\n\n<p><strong>T\u00e4rkeint\u00e4 kuitenkin on<\/strong>, ett\u00e4 sirutetun lemmikin ja omistajan tiedot rekister\u00f6id\u00e4\u00e4n johonkin allaolevaan rekisteriin, muuten mikrosirulla ei ole mit\u00e4\u00e4n merkityst\u00e4. Yht\u00e4 t\u00e4rke\u00e4\u00e4 on <strong>p\u00e4ivitt\u00e4\u00e4 yhteystiedot<\/strong>, jos ne muuttuvat.<\/p>\n\n\n\n<p>Jos et pysty itse rekister\u00f6im\u00e4\u00e4n lemmikki\u00e4si, <a href=\"https:\/\/sey.fi\/urjala\/urjalan-elainsuojelu\/yhdistys-yhteystiedot\/\">ole yhteydess\u00e4 Urjalan El\u00e4insuojeluyhdistykseen<\/a>, niin me autamme sinua.<\/p>\n\n\n\n<h2 class=\"wp-block-heading\">Sirurekistereit\u00e4<\/h2>\n\n\n\n<h3 class=\"wp-block-heading\"><a name=\"\u201dkissaliitto\u201d\"><\/a>Kissaliitto<\/h3>\n\n\n\n<p>Kissaliiton <a href=\"https:\/\/kissat.kissaliitto.fi\/kissat.aspx\">Omakissa-palveluun<\/a> sis\u00e4ltyy maksuton mikrosirurekisteri. Kotikissan omistajat&nbsp; rekister\u00f6iv\u00e4t kissansa mikrosirun Suomen Kissaliiton mikrosirurekisteriin itse.<\/p>\n\n\n\n<p><a href=\"https:\/\/omakissatuki.kissaliitto.fi\/kotikissan-mikrosiru\/\">Kotikissan mikrosirun lis\u00e4\u00e4minen Omakissaan<\/a><\/p>\n\n\n\n<p><a href=\"https:\/\/omakissatuki.kissaliitto.fi\">Omakissa-palvelun tuki<\/a><\/p>\n\n\n\n<h3 class=\"wp-block-heading\">Koirarekisteri<\/h3>\n\n\n\n<p>Koirarekisteriin tallennetaan <a href=\"https:\/\/www.ruokavirasto.fi\/elaimet\/elaintenpito-tunnistaminen-ja-rekisterointi\/elainten-merkinta-ja-rekisterointi\/koirat-kissat-ja-fretit\/koirarekisteri\/lainsaadannon-vaatimukset\/\">lains\u00e4\u00e4d\u00e4nn\u00f6n vaatimat<\/a> tiedot koiran haltijasta ja koirasta. Koiralle ilmoitetaan rekisteriin yksi haltija (katso lis\u00e4\u00e4 sivulta\u00a0<a href=\"https:\/\/www.ruokavirasto.fi\/elaimet\/elaintenpito-tunnistaminen-ja-rekisterointi\/elainten-merkinta-ja-rekisterointi\/koirat-kissat-ja-fretit\/koirarekisteri\/koiran-haltija\/\">Koiran haltija<\/a>). Koirarekisteri ei ole omistajuusrekisteri.<\/p>\n\n\n\n<p>Koirarekisteri sis\u00e4lt\u00e4\u00e4 koirien haltijoiden henkil\u00f6tietoja, jotka eiv\u00e4t ole julkisia tietoja. Koirarekisterin tietoja voidaan k\u00e4ytt\u00e4\u00e4 ja luovuttaa vain tietyill\u00e4 edellytyksill\u00e4. Koirarekisteri on tarkoitettu p\u00e4\u00e4osin viranomaisk\u00e4ytt\u00f6\u00f6n. Tietoihin voidaan antaa p\u00e4\u00e4sy my\u00f6s viranomaisen toimeksiannosta toimivalle yksityiselle organisaatiolle silt\u00e4 osin, kuin tiedot ovat v\u00e4ltt\u00e4m\u00e4tt\u00f6mi\u00e4 toimeksiannon hoitamiseksi. T\u00e4llaisia viranomaisen toimeksiannolla toimivia toimijoita ovat esimerkiksi ns. l\u00f6yt\u00f6el\u00e4intalot, jotka huolehtivat kuntien alueella irrallaan tavattujen ja talteen otettujen koirien tilap\u00e4isen hoidon j\u00e4rjest\u00e4misest\u00e4 kunnan kanssa tehtyyn sopimukseen perustuen.<\/p>\n\n\n\n<p><a href=\"https:\/\/www.ruokavirasto.fi\/elaimet\/elaintenpito-tunnistaminen-ja-rekisterointi\/elainten-merkinta-ja-rekisterointi\/koirat-kissat-ja-fretit\/koirarekisteri\/koiran-rekisterointi\/\">Koiran ilmoittaminen rekisteriin<\/a><\/p>\n\n\n\n<h3 class=\"wp-block-heading\"><a name=\"\u201dturvasirufi\u201d\"><\/a>Turvasiru.fi<\/h3>\n\n\n\n<p>El\u00e4intensuojeluty\u00f6t\u00e4 tukeva kaupallinen palvelu. Maksuton hakutoiminta 24\/7. T\u00e4nne voit itse lis\u00e4t\u00e4 lemmikin tiedot ostamalla aktivointikoodin Turvasiru-nettikaupasta.<\/p>\n\n\n\n<p><a href=\"https:\/\/turvasiru.fi\/Ohjeet.jsp?m=30\">Lemmikin rekister\u00f6iminen Turvasiru.fi -palveluun ja muut ohjeet<\/a><\/p>\n\n\n\n<h3 class=\"wp-block-heading\"><a name=\"\u201dsiruhakufi\u201d\"><\/a>Siruhaku.fi<\/h3>\n\n\n\n<p><a href=\"http:\/\/siruhaku.fi\">Siruhaku.fi<\/a>-palvelun tietokanta perustuu lemmikkej\u00e4 mikrosiruttavien el\u00e4inklinikoiden tietokantoihin. Sirunumerolla haettaessa palvelu etsii omistajan yhteystietoja automaattisesti Siruhaku.fi:n kanssa yhteisty\u00f6t\u00e4 tekevien el\u00e4inklinikoiden tietokannoista.<\/p>\n\n\n\n<p><strong>Huom!&nbsp;Petmeddata-palvelu on suljettu kev\u00e4\u00e4ll\u00e4 2024, mink\u00e4 my\u00f6t\u00e4 Petmeddatan ja Siruhaku.fi:n v\u00e4linen yhteys on p\u00e4\u00e4ttynyt.<\/strong> Jotta varmistat lemmikkisi sirutiedon l\u00f6ytymisen jatkossakin Siruhaku.fi -palvelusta, lemmikkisi tiedot on l\u00f6ydytt\u00e4v\u00e4 joltakin Siruhaku.fi:ss\u00e4 mukana olevalta klinikalta.<\/p>\n","protected":false},"excerpt":{"rendered":"<p>Urjalan El\u00e4insuojeluyhdistys lahjoittaa Urjalan el\u00e4inl\u00e4\u00e4k\u00e4rill\u00e4 muun k\u00e4ynnin tai toimenpiteen yhteydess\u00e4 kissoille ja koirille laitetun mikrosirun. Kissojen ja koirien tunnistusmerkint\u00e4 on t\u00e4rke\u00e4\u00e4 ennaltaehk\u00e4isev\u00e4\u00e4 el\u00e4insuojeluty\u00f6t\u00e4. Se auttaa erottelemaan toisistaan aidosti kodittomat el\u00e4imet ja ihmisen hoivasta karanneet tai eksyneet el\u00e4imet. L\u00f6yt\u00f6el\u00e4intalojen resurssit ovat rajalliset, mutta tunnistusmerkinn\u00e4n avulla resurssit voidaan kohdentaa aidosti apua tarvitseville el\u00e4imille. Lis\u00e4ksi lemmikit, joilla on [&hellip;]<\/p>\n","protected":false},"author":29,"featured_media":0,"parent":0,"menu_order":0,"comment_status":"closed","ping_status":"closed","template":"","meta":{"_acf_changed":false,"footnotes":""},"class_list":["post-236","page","type-page","status-publish","hentry"],"acf":[],"yoast_head":"<!-- This site is optimized with the Yoast SEO plugin v27.1.1 - https:\/\/yoast.com\/product\/yoast-seo-wordpress\/ -->\n<title>Mikrosiru tuo kadonneen kaverin takaisin - Urjalan el\u00e4insuojeluyhdistys<\/title>\n<meta name=\"robots\" content=\"index, follow, max-snippet:-1, max-image-preview:large, max-video-preview:-1\" \/>\n<link rel=\"canonical\" href=\"https:\/\/sey.fi\/urjala\/mikrosiru-tuo-kadonneen-kaverin-takaisin\/\" \/>\n<meta property=\"og:locale\" content=\"fi_FI\" \/>\n<meta property=\"og:type\" content=\"article\" \/>\n<meta property=\"og:title\" content=\"Mikrosiru tuo kadonneen kaverin takaisin - Urjalan el\u00e4insuojeluyhdistys\" \/>\n<meta property=\"og:description\" content=\"Urjalan El\u00e4insuojeluyhdistys lahjoittaa Urjalan el\u00e4inl\u00e4\u00e4k\u00e4rill\u00e4 muun k\u00e4ynnin tai toimenpiteen yhteydess\u00e4 kissoille ja koirille laitetun mikrosirun. Kissojen ja koirien tunnistusmerkint\u00e4 on t\u00e4rke\u00e4\u00e4 ennaltaehk\u00e4isev\u00e4\u00e4 el\u00e4insuojeluty\u00f6t\u00e4. Se auttaa erottelemaan toisistaan aidosti kodittomat el\u00e4imet ja ihmisen hoivasta karanneet tai eksyneet el\u00e4imet. L\u00f6yt\u00f6el\u00e4intalojen resurssit ovat rajalliset, mutta tunnistusmerkinn\u00e4n avulla resurssit voidaan kohdentaa aidosti apua tarvitseville el\u00e4imille. Lis\u00e4ksi lemmikit, joilla on [&hellip;]\" \/>\n<meta property=\"og:url\" content=\"https:\/\/sey.fi\/urjala\/mikrosiru-tuo-kadonneen-kaverin-takaisin\/\" \/>\n<meta property=\"og:site_name\" content=\"Urjalan el\u00e4insuojeluyhdistys\" \/>\n<meta property=\"article:modified_time\" content=\"2026-02-21T10:39:14+00:00\" \/>\n<meta name=\"twitter:card\" content=\"summary_large_image\" \/>\n<meta name=\"twitter:label1\" content=\"Arvioitu lukuaika\" \/>\n\t<meta name=\"twitter:data1\" content=\"2 minuuttia\" \/>\n<script type=\"application\/ld+json\" class=\"yoast-schema-graph\">{\"@context\":\"https:\/\/schema.org\",\"@graph\":[{\"@type\":\"WebPage\",\"@id\":\"https:\/\/sey.fi\/urjala\/mikrosiru-tuo-kadonneen-kaverin-takaisin\/\",\"url\":\"https:\/\/sey.fi\/urjala\/mikrosiru-tuo-kadonneen-kaverin-takaisin\/\",\"name\":\"Mikrosiru tuo kadonneen kaverin takaisin - Urjalan el\u00e4insuojeluyhdistys\",\"isPartOf\":{\"@id\":\"https:\/\/sey.fi\/urjala\/#website\"},\"datePublished\":\"2026-02-21T10:39:13+00:00\",\"dateModified\":\"2026-02-21T10:39:14+00:00\",\"breadcrumb\":{\"@id\":\"https:\/\/sey.fi\/urjala\/mikrosiru-tuo-kadonneen-kaverin-takaisin\/#breadcrumb\"},\"inLanguage\":\"fi\",\"potentialAction\":[{\"@type\":\"ReadAction\",\"target\":[\"https:\/\/sey.fi\/urjala\/mikrosiru-tuo-kadonneen-kaverin-takaisin\/\"]}]},{\"@type\":\"BreadcrumbList\",\"@id\":\"https:\/\/sey.fi\/urjala\/mikrosiru-tuo-kadonneen-kaverin-takaisin\/#breadcrumb\",\"itemListElement\":[{\"@type\":\"ListItem\",\"position\":1,\"name\":\"Home\",\"item\":\"https:\/\/sey.fi\/urjala\/\"},{\"@type\":\"ListItem\",\"position\":2,\"name\":\"Mikrosiru tuo kadonneen kaverin takaisin\"}]},{\"@type\":\"WebSite\",\"@id\":\"https:\/\/sey.fi\/urjala\/#website\",\"url\":\"https:\/\/sey.fi\/urjala\/\",\"name\":\"Urjalan el\u00e4insuojeluyhdistys\",\"description\":\"Uusi SEY J\u00e4senyhdistykset -sivusto\",\"potentialAction\":[{\"@type\":\"SearchAction\",\"target\":{\"@type\":\"EntryPoint\",\"urlTemplate\":\"https:\/\/sey.fi\/urjala\/?s={search_term_string}\"},\"query-input\":{\"@type\":\"PropertyValueSpecification\",\"valueRequired\":true,\"valueName\":\"search_term_string\"}}],\"inLanguage\":\"fi\"}]}<\/script>\n<!-- \/ Yoast SEO plugin. -->","yoast_head_json":{"title":"Mikrosiru tuo kadonneen kaverin takaisin - Urjalan el\u00e4insuojeluyhdistys","robots":{"index":"index","follow":"follow","max-snippet":"max-snippet:-1","max-image-preview":"max-image-preview:large","max-video-preview":"max-video-preview:-1"},"canonical":"https:\/\/sey.fi\/urjala\/mikrosiru-tuo-kadonneen-kaverin-takaisin\/","og_locale":"fi_FI","og_type":"article","og_title":"Mikrosiru tuo kadonneen kaverin takaisin - Urjalan el\u00e4insuojeluyhdistys","og_description":"Urjalan El\u00e4insuojeluyhdistys lahjoittaa Urjalan el\u00e4inl\u00e4\u00e4k\u00e4rill\u00e4 muun k\u00e4ynnin tai toimenpiteen yhteydess\u00e4 kissoille ja koirille laitetun mikrosirun. Kissojen ja koirien tunnistusmerkint\u00e4 on t\u00e4rke\u00e4\u00e4 ennaltaehk\u00e4isev\u00e4\u00e4 el\u00e4insuojeluty\u00f6t\u00e4. Se auttaa erottelemaan toisistaan aidosti kodittomat el\u00e4imet ja ihmisen hoivasta karanneet tai eksyneet el\u00e4imet. L\u00f6yt\u00f6el\u00e4intalojen resurssit ovat rajalliset, mutta tunnistusmerkinn\u00e4n avulla resurssit voidaan kohdentaa aidosti apua tarvitseville el\u00e4imille. Lis\u00e4ksi lemmikit, joilla on [&hellip;]","og_url":"https:\/\/sey.fi\/urjala\/mikrosiru-tuo-kadonneen-kaverin-takaisin\/","og_site_name":"Urjalan el\u00e4insuojeluyhdistys","article_modified_time":"2026-02-21T10:39:14+00:00","twitter_card":"summary_large_image","twitter_misc":{"Arvioitu lukuaika":"2 minuuttia"},"schema":{"@context":"https:\/\/schema.org","@graph":[{"@type":"WebPage","@id":"https:\/\/sey.fi\/urjala\/mikrosiru-tuo-kadonneen-kaverin-takaisin\/","url":"https:\/\/sey.fi\/urjala\/mikrosiru-tuo-kadonneen-kaverin-takaisin\/","name":"Mikrosiru tuo kadonneen kaverin takaisin - Urjalan el\u00e4insuojeluyhdistys","isPartOf":{"@id":"https:\/\/sey.fi\/urjala\/#website"},"datePublished":"2026-02-21T10:39:13+00:00","dateModified":"2026-02-21T10:39:14+00:00","breadcrumb":{"@id":"https:\/\/sey.fi\/urjala\/mikrosiru-tuo-kadonneen-kaverin-takaisin\/#breadcrumb"},"inLanguage":"fi","potentialAction":[{"@type":"ReadAction","target":["https:\/\/sey.fi\/urjala\/mikrosiru-tuo-kadonneen-kaverin-takaisin\/"]}]},{"@type":"BreadcrumbList","@id":"https:\/\/sey.fi\/urjala\/mikrosiru-tuo-kadonneen-kaverin-takaisin\/#breadcrumb","itemListElement":[{"@type":"ListItem","position":1,"name":"Home","item":"https:\/\/sey.fi\/urjala\/"},{"@type":"ListItem","position":2,"name":"Mikrosiru tuo kadonneen kaverin takaisin"}]},{"@type":"WebSite","@id":"https:\/\/sey.fi\/urjala\/#website","url":"https:\/\/sey.fi\/urjala\/","name":"Urjalan el\u00e4insuojeluyhdistys","description":"Uusi SEY J\u00e4senyhdistykset -sivusto","potentialAction":[{"@type":"SearchAction","target":{"@type":"EntryPoint","urlTemplate":"https:\/\/sey.fi\/urjala\/?s={search_term_string}"},"query-input":{"@type":"PropertyValueSpecification","valueRequired":true,"valueName":"search_term_string"}}],"inLanguage":"fi"}]}},"_links":{"self":[{"href":"https:\/\/sey.fi\/urjala\/wp-json\/wp\/v2\/pages\/236","targetHints":{"allow":["GET"]}}],"collection":[{"href":"https:\/\/sey.fi\/urjala\/wp-json\/wp\/v2\/pages"}],"about":[{"href":"https:\/\/sey.fi\/urjala\/wp-json\/wp\/v2\/types\/page"}],"author":[{"embeddable":true,"href":"https:\/\/sey.fi\/urjala\/wp-json\/wp\/v2\/users\/29"}],"replies":[{"embeddable":true,"href":"https:\/\/sey.fi\/urjala\/wp-json\/wp\/v2\/comments?post=236"}],"version-history":[{"count":5,"href":"https:\/\/sey.fi\/urjala\/wp-json\/wp\/v2\/pages\/236\/revisions"}],"predecessor-version":[{"id":241,"href":"https:\/\/sey.fi\/urjala\/wp-json\/wp\/v2\/pages\/236\/revisions\/241"}],"wp:attachment":[{"href":"https:\/\/sey.fi\/urjala\/wp-json\/wp\/v2\/media?parent=236"}],"curies":[{"name":"wp","href":"https:\/\/api.w.org\/{rel}","templated":true}]}}