{"id":282,"date":"2026-04-24T05:25:59","date_gmt":"2026-04-24T02:25:59","guid":{"rendered":"https:\/\/sey.fi\/urjala\/?page_id=282"},"modified":"2026-04-24T05:30:13","modified_gmt":"2026-04-24T02:30:13","slug":"apua-elaimelle","status":"publish","type":"page","link":"https:\/\/sey.fi\/urjala\/apua-elaimelle\/","title":{"rendered":"Apua el\u00e4imelle"},"content":{"rendered":"\n<h2 class=\"wp-block-heading\">Kiireelliset h\u00e4t\u00e4tapaukset<\/h2>\n\n\n\n<p>Soita numeroon 112, jos esimerkiksi<\/p>\n\n\n\n<ul class=\"wp-block-list\">\n<li>el\u00e4in kohtaa v\u00e4kivaltaa<\/li>\n\n\n\n<li>el\u00e4in on h\u00e4d\u00e4ss\u00e4 paikassa, josta se ei p\u00e4\u00e4se pois<\/li>\n\n\n\n<li>yleinen turvallisuus vaarantuu merkitt\u00e4v\u00e4sti, kuten hirvikolarissa.<\/li>\n<\/ul>\n\n\n\n<h2 class=\"wp-block-heading\">Yhdistyksen neuvontapuhelin<\/h2>\n\n\n\n<p>Kaipaatko neuvoja el\u00e4insuojeluasioissa tai apua tilanteen arviointiin?<\/p>\n\n\n\n<ul class=\"wp-block-list\">\n<li><strong>Puh. 040 324 0330<\/strong><\/li>\n\n\n\n<li>Parhaiten tavoitat meid\u00e4t iltaisin klo 16-20<\/li>\n\n\n\n<li><em>Vain puhelut, ei tekstiviestej\u00e4.<\/em><\/li>\n<\/ul>\n\n\n\n<p><a href=\"https:\/\/sey.fi\/elain-hadassa\/\">Auta el\u00e4int\u00e4 h\u00e4d\u00e4ss\u00e4<\/a> &#8211; SEY:n oppaasta saat my\u00f6s apua tilanteen arviointiin.<\/p>\n\n\n\n<h2 class=\"wp-block-heading\">Loukkujen lainaus<\/h2>\n\n\n\n<p>Urjalan El\u00e4insuojeluyhdistys lainaa supiloukkuja kodittomien tai karkuun p\u00e4\u00e4sseiden kissojen ja pienten lemmikkiel\u00e4inten tai loukkaantuneiden el\u00e4inten loukutukseen. Loukun lainauksesta tehd\u00e4\u00e4n sopimus ja maksetaan 40 euron pantti.<\/p>\n\n\n\n<p>Loukkuvastaava Sirpa Maunuksela, puh. 0400 870 104<br><a href=\"https:\/\/sey.fi\/wp-content\/uploads\/sites\/32\/2026\/02\/Urjalan-elainsuojeluyhdistys-Sopimus-loukun-lainauksesta.pdf\">Tutustu lainaussopimukseen t\u00e4st\u00e4<\/a><\/p>\n\n\n\n<h2 class=\"wp-block-heading\">Kissojen ja koirien tunnistusmerkinn\u00e4t<\/h2>\n\n\n<div class=\"wp-block-image\">\n<figure class=\"alignleft size-medium\"><img loading=\"lazy\" decoding=\"async\" width=\"225\" height=\"300\" src=\"https:\/\/sey.fi\/wp-content\/uploads\/sites\/32\/2020\/12\/20201008_175240-225x300.jpg\" alt=\"Mikrosirutus on helppo ja nopea toimenpide.\" class=\"wp-image-103\" srcset=\"https:\/\/sey.fi\/wp-content\/uploads\/sites\/32\/2020\/12\/20201008_175240-225x300.jpg 225w, https:\/\/sey.fi\/wp-content\/uploads\/sites\/32\/2020\/12\/20201008_175240-768x1024.jpg 768w, https:\/\/sey.fi\/wp-content\/uploads\/sites\/32\/2020\/12\/20201008_175240-1152x1536.jpg 1152w, https:\/\/sey.fi\/wp-content\/uploads\/sites\/32\/2020\/12\/20201008_175240-1536x2048.jpg 1536w, https:\/\/sey.fi\/wp-content\/uploads\/sites\/32\/2020\/12\/20201008_175240-scaled.jpg 1920w\" sizes=\"auto, (max-width: 225px) 100vw, 225px\" \/><figcaption class=\"wp-element-caption\">Mikrosirutus on helppo ja nopea toimenpide.<\/figcaption><\/figure><\/div>\n\n\n<p>Lahjoitamme Urjalan el\u00e4inl\u00e4\u00e4k\u00e4rill\u00e4 hoidossa k\u00e4yneille kissoille ja koirille mikrosirun. Lemmikin omistaja itse rekister\u00f6i sirutiedot.<\/p>\n\n\n\n<h2 class=\"wp-block-heading\">Kadonneet ja l\u00f6ytyneet lemmikit<\/h2>\n\n\n\n<p><strong>Jos el\u00e4in katoaa, kysele sit\u00e4 l\u00f6yt\u00f6el\u00e4inkodeista ja l\u00e4hiymp\u00e4rist\u00f6st\u00e4 heti.<\/strong> Lemmikin per\u00e4\u00e4n kannattaa kysell\u00e4 jopa kuukausia!<\/p>\n\n\n\n<p><strong>Urjalan ja Akaan l\u00f6yt\u00f6el\u00e4imet:<\/strong>\u00a0el\u00e4inhotelli Sinna p. 040\u00a08617482<\/p>\n\n\n\n<p><strong>Forssan, Humppilan, Jokioisten, Tammelan ja Yp\u00e4j\u00e4n l\u00f6yt\u00f6el\u00e4imet<\/strong>: L\u00f6yt\u00f6el\u00e4inkoti K\u00e4p\u00e4l\u00e4m\u00e4ki\u00a0046 878 9196<\/p>\n\n\n\n<h2 class=\"wp-block-heading\">El\u00e4inl\u00e4\u00e4k\u00e4rit<\/h2>\n\n\n\n<p>Urjalan ja Akaan kunnanel\u00e4inl\u00e4\u00e4k\u00e4rien vastaanotto toimii Urjalan entisess\u00e4 hammashoitolassa osoitteessa Sairaalantie 9, Urjala.<\/p>\n\n\n\n<p><a href=\"https:\/\/www.tampere.fi\/luonto-ja-ymparisto\/elaimet\/elainlaakaripalvelut#elainlaakarivastaanotot\">El\u00e4inl\u00e4\u00e4k\u00e4rivastaanottojen yhteystiedot<\/a><br><a href=\"https:\/\/www.tampere.fi\/luonto-ja-ymparisto\/elaimet\/elainlaakaripalvelut#elainlaakaripaivystys\">El\u00e4inl\u00e4\u00e4k\u00e4rip\u00e4ivystys<\/a><\/p>\n\n\n\n<h2 class=\"wp-block-heading\">El\u00e4insuojeluilmoitus<\/h2>\n\n\n\n<p>Tee el\u00e4insuojeluilmoitus, jos saat tiet\u00e4\u00e4 el\u00e4imen huonosta kohtelusta. Kiireellisiss\u00e4 tapauksissa ole suoraan yhteydess\u00e4 poliisiin.<\/p>\n\n\n\n<p><a href=\"https:\/\/www.tampere.fi\/luonto-ja-ymparisto\/elaimet\/elainlaakaripalvelut#valvontaelainlaakarit\">El\u00e4insuojeluilmoitus valvontael\u00e4inl\u00e4\u00e4k\u00e4rille<\/a><br><\/p>\n","protected":false},"excerpt":{"rendered":"<p>Kiireelliset h\u00e4t\u00e4tapaukset Soita numeroon 112, jos esimerkiksi Yhdistyksen neuvontapuhelin Kaipaatko neuvoja el\u00e4insuojeluasioissa tai apua tilanteen arviointiin? Auta el\u00e4int\u00e4 h\u00e4d\u00e4ss\u00e4 &#8211; SEY:n oppaasta saat my\u00f6s apua tilanteen arviointiin. Loukkujen lainaus Urjalan El\u00e4insuojeluyhdistys lainaa supiloukkuja kodittomien tai karkuun p\u00e4\u00e4sseiden kissojen ja pienten lemmikkiel\u00e4inten tai loukkaantuneiden el\u00e4inten loukutukseen. Loukun lainauksesta tehd\u00e4\u00e4n sopimus ja maksetaan 40 euron pantti. Loukkuvastaava [&hellip;]<\/p>\n","protected":false},"author":29,"featured_media":0,"parent":0,"menu_order":0,"comment_status":"closed","ping_status":"closed","template":"","meta":{"_acf_changed":false,"footnotes":""},"class_list":["post-282","page","type-page","status-publish","hentry"],"acf":[],"yoast_head":"<!-- This site is optimized with the Yoast SEO plugin v27.1.1 - https:\/\/yoast.com\/product\/yoast-seo-wordpress\/ -->\n<title>Apua el\u00e4imelle - Urjalan el\u00e4insuojeluyhdistys<\/title>\n<meta name=\"robots\" content=\"index, follow, max-snippet:-1, max-image-preview:large, max-video-preview:-1\" \/>\n<link rel=\"canonical\" href=\"https:\/\/sey.fi\/urjala\/apua-elaimelle\/\" \/>\n<meta property=\"og:locale\" content=\"fi_FI\" \/>\n<meta property=\"og:type\" content=\"article\" \/>\n<meta property=\"og:title\" content=\"Apua el\u00e4imelle - Urjalan el\u00e4insuojeluyhdistys\" \/>\n<meta property=\"og:description\" content=\"Kiireelliset h\u00e4t\u00e4tapaukset Soita numeroon 112, jos esimerkiksi Yhdistyksen neuvontapuhelin Kaipaatko neuvoja el\u00e4insuojeluasioissa tai apua tilanteen arviointiin? Auta el\u00e4int\u00e4 h\u00e4d\u00e4ss\u00e4 &#8211; SEY:n oppaasta saat my\u00f6s apua tilanteen arviointiin. Loukkujen lainaus Urjalan El\u00e4insuojeluyhdistys lainaa supiloukkuja kodittomien tai karkuun p\u00e4\u00e4sseiden kissojen ja pienten lemmikkiel\u00e4inten tai loukkaantuneiden el\u00e4inten loukutukseen. Loukun lainauksesta tehd\u00e4\u00e4n sopimus ja maksetaan 40 euron pantti. Loukkuvastaava [&hellip;]\" \/>\n<meta property=\"og:url\" content=\"https:\/\/sey.fi\/urjala\/apua-elaimelle\/\" \/>\n<meta property=\"og:site_name\" content=\"Urjalan el\u00e4insuojeluyhdistys\" \/>\n<meta property=\"article:modified_time\" content=\"2026-04-24T02:30:13+00:00\" \/>\n<meta property=\"og:image\" content=\"https:\/\/sey.fi\/wp-content\/uploads\/sites\/32\/2020\/12\/20201008_175240-scaled.jpg\" \/>\n\t<meta property=\"og:image:width\" content=\"1920\" \/>\n\t<meta property=\"og:image:height\" content=\"2560\" \/>\n\t<meta property=\"og:image:type\" content=\"image\/jpeg\" \/>\n<meta name=\"twitter:card\" content=\"summary_large_image\" \/>\n<meta name=\"twitter:label1\" content=\"Arvioitu lukuaika\" \/>\n\t<meta name=\"twitter:data1\" content=\"2 minuuttia\" \/>\n<script type=\"application\/ld+json\" class=\"yoast-schema-graph\">{\"@context\":\"https:\/\/schema.org\",\"@graph\":[{\"@type\":\"WebPage\",\"@id\":\"https:\/\/sey.fi\/urjala\/apua-elaimelle\/\",\"url\":\"https:\/\/sey.fi\/urjala\/apua-elaimelle\/\",\"name\":\"Apua el\u00e4imelle - Urjalan el\u00e4insuojeluyhdistys\",\"isPartOf\":{\"@id\":\"https:\/\/sey.fi\/urjala\/#website\"},\"primaryImageOfPage\":{\"@id\":\"https:\/\/sey.fi\/urjala\/apua-elaimelle\/#primaryimage\"},\"image\":{\"@id\":\"https:\/\/sey.fi\/urjala\/apua-elaimelle\/#primaryimage\"},\"thumbnailUrl\":\"https:\/\/sey.fi\/wp-content\/uploads\/sites\/32\/2020\/12\/20201008_175240-225x300.jpg\",\"datePublished\":\"2026-04-24T02:25:59+00:00\",\"dateModified\":\"2026-04-24T02:30:13+00:00\",\"breadcrumb\":{\"@id\":\"https:\/\/sey.fi\/urjala\/apua-elaimelle\/#breadcrumb\"},\"inLanguage\":\"fi\",\"potentialAction\":[{\"@type\":\"ReadAction\",\"target\":[\"https:\/\/sey.fi\/urjala\/apua-elaimelle\/\"]}]},{\"@type\":\"ImageObject\",\"inLanguage\":\"fi\",\"@id\":\"https:\/\/sey.fi\/urjala\/apua-elaimelle\/#primaryimage\",\"url\":\"https:\/\/sey.fi\/wp-content\/uploads\/sites\/32\/2020\/12\/20201008_175240-225x300.jpg\",\"contentUrl\":\"https:\/\/sey.fi\/wp-content\/uploads\/sites\/32\/2020\/12\/20201008_175240-225x300.jpg\"},{\"@type\":\"BreadcrumbList\",\"@id\":\"https:\/\/sey.fi\/urjala\/apua-elaimelle\/#breadcrumb\",\"itemListElement\":[{\"@type\":\"ListItem\",\"position\":1,\"name\":\"Home\",\"item\":\"https:\/\/sey.fi\/urjala\/\"},{\"@type\":\"ListItem\",\"position\":2,\"name\":\"Apua el\u00e4imelle\"}]},{\"@type\":\"WebSite\",\"@id\":\"https:\/\/sey.fi\/urjala\/#website\",\"url\":\"https:\/\/sey.fi\/urjala\/\",\"name\":\"Urjalan el\u00e4insuojeluyhdistys\",\"description\":\"Uusi SEY J\u00e4senyhdistykset -sivusto\",\"potentialAction\":[{\"@type\":\"SearchAction\",\"target\":{\"@type\":\"EntryPoint\",\"urlTemplate\":\"https:\/\/sey.fi\/urjala\/?s={search_term_string}\"},\"query-input\":{\"@type\":\"PropertyValueSpecification\",\"valueRequired\":true,\"valueName\":\"search_term_string\"}}],\"inLanguage\":\"fi\"}]}<\/script>\n<!-- \/ Yoast SEO plugin. -->","yoast_head_json":{"title":"Apua el\u00e4imelle - Urjalan el\u00e4insuojeluyhdistys","robots":{"index":"index","follow":"follow","max-snippet":"max-snippet:-1","max-image-preview":"max-image-preview:large","max-video-preview":"max-video-preview:-1"},"canonical":"https:\/\/sey.fi\/urjala\/apua-elaimelle\/","og_locale":"fi_FI","og_type":"article","og_title":"Apua el\u00e4imelle - Urjalan el\u00e4insuojeluyhdistys","og_description":"Kiireelliset h\u00e4t\u00e4tapaukset Soita numeroon 112, jos esimerkiksi Yhdistyksen neuvontapuhelin Kaipaatko neuvoja el\u00e4insuojeluasioissa tai apua tilanteen arviointiin? Auta el\u00e4int\u00e4 h\u00e4d\u00e4ss\u00e4 &#8211; SEY:n oppaasta saat my\u00f6s apua tilanteen arviointiin. Loukkujen lainaus Urjalan El\u00e4insuojeluyhdistys lainaa supiloukkuja kodittomien tai karkuun p\u00e4\u00e4sseiden kissojen ja pienten lemmikkiel\u00e4inten tai loukkaantuneiden el\u00e4inten loukutukseen. Loukun lainauksesta tehd\u00e4\u00e4n sopimus ja maksetaan 40 euron pantti. Loukkuvastaava [&hellip;]","og_url":"https:\/\/sey.fi\/urjala\/apua-elaimelle\/","og_site_name":"Urjalan el\u00e4insuojeluyhdistys","article_modified_time":"2026-04-24T02:30:13+00:00","og_image":[{"width":1920,"height":2560,"url":"https:\/\/sey.fi\/wp-content\/uploads\/sites\/32\/2020\/12\/20201008_175240-scaled.jpg","type":"image\/jpeg"}],"twitter_card":"summary_large_image","twitter_misc":{"Arvioitu lukuaika":"2 minuuttia"},"schema":{"@context":"https:\/\/schema.org","@graph":[{"@type":"WebPage","@id":"https:\/\/sey.fi\/urjala\/apua-elaimelle\/","url":"https:\/\/sey.fi\/urjala\/apua-elaimelle\/","name":"Apua el\u00e4imelle - Urjalan el\u00e4insuojeluyhdistys","isPartOf":{"@id":"https:\/\/sey.fi\/urjala\/#website"},"primaryImageOfPage":{"@id":"https:\/\/sey.fi\/urjala\/apua-elaimelle\/#primaryimage"},"image":{"@id":"https:\/\/sey.fi\/urjala\/apua-elaimelle\/#primaryimage"},"thumbnailUrl":"https:\/\/sey.fi\/wp-content\/uploads\/sites\/32\/2020\/12\/20201008_175240-225x300.jpg","datePublished":"2026-04-24T02:25:59+00:00","dateModified":"2026-04-24T02:30:13+00:00","breadcrumb":{"@id":"https:\/\/sey.fi\/urjala\/apua-elaimelle\/#breadcrumb"},"inLanguage":"fi","potentialAction":[{"@type":"ReadAction","target":["https:\/\/sey.fi\/urjala\/apua-elaimelle\/"]}]},{"@type":"ImageObject","inLanguage":"fi","@id":"https:\/\/sey.fi\/urjala\/apua-elaimelle\/#primaryimage","url":"https:\/\/sey.fi\/wp-content\/uploads\/sites\/32\/2020\/12\/20201008_175240-225x300.jpg","contentUrl":"https:\/\/sey.fi\/wp-content\/uploads\/sites\/32\/2020\/12\/20201008_175240-225x300.jpg"},{"@type":"BreadcrumbList","@id":"https:\/\/sey.fi\/urjala\/apua-elaimelle\/#breadcrumb","itemListElement":[{"@type":"ListItem","position":1,"name":"Home","item":"https:\/\/sey.fi\/urjala\/"},{"@type":"ListItem","position":2,"name":"Apua el\u00e4imelle"}]},{"@type":"WebSite","@id":"https:\/\/sey.fi\/urjala\/#website","url":"https:\/\/sey.fi\/urjala\/","name":"Urjalan el\u00e4insuojeluyhdistys","description":"Uusi SEY J\u00e4senyhdistykset -sivusto","potentialAction":[{"@type":"SearchAction","target":{"@type":"EntryPoint","urlTemplate":"https:\/\/sey.fi\/urjala\/?s={search_term_string}"},"query-input":{"@type":"PropertyValueSpecification","valueRequired":true,"valueName":"search_term_string"}}],"inLanguage":"fi"}]}},"_links":{"self":[{"href":"https:\/\/sey.fi\/urjala\/wp-json\/wp\/v2\/pages\/282","targetHints":{"allow":["GET"]}}],"collection":[{"href":"https:\/\/sey.fi\/urjala\/wp-json\/wp\/v2\/pages"}],"about":[{"href":"https:\/\/sey.fi\/urjala\/wp-json\/wp\/v2\/types\/page"}],"author":[{"embeddable":true,"href":"https:\/\/sey.fi\/urjala\/wp-json\/wp\/v2\/users\/29"}],"replies":[{"embeddable":true,"href":"https:\/\/sey.fi\/urjala\/wp-json\/wp\/v2\/comments?post=282"}],"version-history":[{"count":4,"href":"https:\/\/sey.fi\/urjala\/wp-json\/wp\/v2\/pages\/282\/revisions"}],"predecessor-version":[{"id":287,"href":"https:\/\/sey.fi\/urjala\/wp-json\/wp\/v2\/pages\/282\/revisions\/287"}],"wp:attachment":[{"href":"https:\/\/sey.fi\/urjala\/wp-json\/wp\/v2\/media?parent=282"}],"curies":[{"name":"wp","href":"https:\/\/api.w.org\/{rel}","templated":true}]}}