{"id":36,"date":"2019-11-22T16:29:45","date_gmt":"2019-11-22T14:29:45","guid":{"rendered":"http:\/\/srvr10.xetpoint.com\/~seyfi\/urjala\/?page_id=36"},"modified":"2026-04-22T22:06:09","modified_gmt":"2026-04-22T19:06:09","slug":"sijaiskotitoiminta","status":"publish","type":"page","link":"https:\/\/sey.fi\/urjala\/urjalan-elainsuojelu\/tue-toimintaa\/sijaiskotitoiminta\/","title":{"rendered":"Sijaiskotitoiminta"},"content":{"rendered":"\n<h2 class=\"wp-block-heading\">Etsimme sijaiskoteja&nbsp;kissoille<\/h2>\n\n\n\n<p>Urjalan el\u00e4insuojeluyhdistyksen sijaiskotikissat tulevat monesta eri paikasta. Jotkut tulevat l\u00f6yt\u00f6el\u00e4inkodista, osa yksityisten ihmisten luovuttamina, osa loukutetaan yhdistyksen toimesta ja toiset vain ilmaantuvat ihmisten nurkkiin. Kaikki ovat kuitenkin l\u00f6yt\u00f6el\u00e4inkodin tiedossa, jotta mahdollinen omistaja voi kissansa saada takaisin. Kissoista my\u00f6s ilmoitetaan Karkurit -sivustolla ja yhdistyksen facebook-sivuilla sek\u00e4 kotisivuilla. Valitettavan harva kuitenkin kotiinsa palautuu. Osa kissoista on yksinkertaisesti hyl\u00e4tty, eik\u00e4 niit\u00e4 haluta takaisin. Sijaiskotitoiminnan tarkoitus on tarjota kissalle v\u00e4liaikainen koti, kunnes se l\u00f6yt\u00e4\u00e4 lopullisen kodin. Ilman sijaiskoteja yhdistys ei voi kissoille majoitusta tarjota ja ihan kesyj\u00e4kin kissoja joudutaan lopettamaan.&nbsp;<\/p>\n\n\n\n<h3 class=\"wp-block-heading\">Mink\u00e4lainen koti sopii sijaiskodiksi?<\/h3>\n\n\n\n<p>Sijaiskodiksi sopii tavallinen el\u00e4inrakas henkil\u00f6, jolla toivotaan olevan jonkinlaista el\u00e4intenhoitokokemusta. Mik\u00e4\u00e4n erikoisasiantuntija ei tarvitse olla, koska apuna on el\u00e4insuojeluyhdistyksen vastuuhenkil\u00f6. Sijaiskodin pit\u00e4j\u00e4lt\u00e4 toivotaan k\u00e4rsiv\u00e4llisyytt\u00e4 ja aikaa olla el\u00e4inten kanssa.<br><br>Suositus on, ett\u00e4 sijaiskodissa ei ole muita kissoja, jottei tule tautien tartuntavaaraa. Harkinnan mukaan voidaan sijaiskodiksi ottaa my\u00f6s koti, jossa on kissoja. T\u00e4llaiseen kotiin sijoitetaan esim. karanteenissa ollut tai muutoin terveeksi todettu kissa. Kissojen tarttuvista taudeista voi lukea lis\u00e4\u00e4 internetist\u00e4 osoitteesta: http:\/\/www.kissaliitto.fi\/tarttuvat.php Yleisimpi\u00e4 vaivoja ulkoa l\u00f6ydytyill\u00e4 kissoilla ovat erilaiset loiset, hengitystie-infektiot ja vatsavaivat. N\u00e4ist\u00e4 useimmat saadaan hoidettua asianmukaisella hoidolla ja l\u00e4\u00e4kityksell\u00e4 melko nopeasti ja t\u00e4m\u00e4n j\u00e4lkeen hoitorutiinit muuttuvat helpommiksi. On my\u00f6s tapauksia, joilla ei ilmene mit\u00e4\u00e4n sairauksia. Eli l\u00e4ht\u00f6kohtaisesti ei tarvitse olettaa el\u00e4inten olevan sairaita!<\/p>\n\n\n\n<h3 class=\"wp-block-heading\">Sijaiskotikissojen hoito<\/h3>\n\n\n\n<p>Kissat madotetaan ja rokotetaan (ellei ole rokotukset voimassa) heti sen tultua yhdistyksen haltuun (pennut heti rokotusik\u00e4\u00e4n tultuaan). Aikuiset leikkaamattomat kissat leikkautetaan ennen luovutusta. Pennut luovutetaan leikkaamattomina, mutta yhdistys velvoittaa uuden omistajan leikkauttamaan pennun, kun pentu t\u00e4ytt\u00e4\u00e4 7kk. Yhdistys maksaa omistajalle leikkauskulut kuittia vastaan.<br>&nbsp;<br>Kissat ruokitaan kuivamuonalla, t\u00f6lkkiruoilla sek\u00e4 tuoreruoalla. Hiekkana kissoilla k\u00e4ytet\u00e4\u00e4n kaupan kissanhiekkaa. Hiekkalaatikoista ker\u00e4t\u00e4\u00e4n paakut ja ulosteet p\u00e4ivitt\u00e4in ja laatikot tyhjennet\u00e4\u00e4n ja pest\u00e4\u00e4n s\u00e4\u00e4nn\u00f6llisin v\u00e4liajoin.Sijaiskodille korvataan kuitteja vastaan el\u00e4inl\u00e4\u00e4k\u00e4rikulut, l\u00e4\u00e4kkeet, hiekan ja ruoan. Ruoka ja hiekka maksetaan edullisimman mukaan, jollei toisin sovita.<\/p>\n\n\n\n<p>T\u00e4rke\u00e4 osa hoitoa on kissojen opettaminen k\u00e4sittelyyn. Pentuja tulisi k\u00e4sitell\u00e4 mahdollisimman paljon, jotta ne tottuvat ihmisiin. Rutiinihoitotoimenpiteiden lis\u00e4ksi niiden kanssa tulisi leikki\u00e4 ja niit\u00e4 tulisi pidell\u00e4 mahdollisuuksien mukaan syliss\u00e4.<\/p>\n\n\n\n<p>Mik\u00e4li kissojen hoitaja joutuu jostain syyst\u00e4 j\u00e4tt\u00e4m\u00e4\u00e4n kissat pidemm\u00e4ksi aikaa yksin, tulee h\u00e4nen hankkia kissoille toinen hoitaja t\u00e4ksi ajaksi. Kissat voi j\u00e4tt\u00e4\u00e4 yksin korkeintaan vuorokaudeksi.<\/p>\n\n\n\n<p>Mik\u00e4li kissojen kunnossa tapahtuu muutoksia tai on syyt\u00e4 ep\u00e4ill\u00e4 sairautta, tulee sijaiskodin ilmoittaa siit\u00e4 viipym\u00e4tt\u00e4 el\u00e4insuojeluyhdistyksen vastuuhenkil\u00f6lle. Vastuuhenkil\u00f6 p\u00e4\u00e4tt\u00e4\u00e4 jatkohoidosta.<\/p>\n\n\n\n<h3 class=\"wp-block-heading\">Kissojen luovutus<\/h3>\n\n\n\n<p>El\u00e4insuojeluyhdistys hoitaa kissasta ilmoittelun ja haastattelee alustavasti ostajaehdokkaat. Sopivalle ostajalle annetaan sijaiskodin yhteystiedot ja n\u00e4m\u00e4 sopivat kesken\u00e4\u00e4n ajankohdan, milloin kissoja sopii tulla katsomaan. Mik\u00e4li kissan haluaa varata t\u00e4m\u00e4n j\u00e4lkeen, tulee ostajan ottaa yhteytt\u00e4 sijaiskotitoiminnan vastuuhenkil\u00f6\u00f6n. Kissoista tehd\u00e4\u00e4n el\u00e4insuojeluyhdistyksen kauppakirja. Allekirjoittanut sitoutuu sopimusehtoihin.<br>&nbsp;<br>Pennut rokotetaan 10-12 viikon i\u00e4ss\u00e4. Pentujen tehosterokotus saattaa j\u00e4\u00e4d\u00e4 ostajan vastuulle, jos pentu on luovutettu ennen tehosterokotuksen antamista. Tehosterokotus laitetaan 4 viikon kuluttua ensimm\u00e4isest\u00e4 rokotteesta. Ostotapahtuman j\u00e4lkeen ostaja vastaa kissan mahdollisista l\u00e4\u00e4k\u00e4ri- ym. kuluista.<\/p>\n\n\n\n<p>Pentujen luovutuksen j\u00e4lkeen emokissan olisi hyv\u00e4 saada olla viel\u00e4 viikon verran sijaiskodissa toipuakseen pentujen l\u00e4hd\u00f6st\u00e4. Emo voidaan&nbsp;rokottaa ja leikata&nbsp;jo ennen pentujen l\u00e4ht\u00f6\u00e4 (leikkaus, kun pennut ovat yli 4-6 viikkoa). Mik\u00e4li emon uusi koti lupautuu hoitamaan steriloinnin, voidaan kissa luovuttaa 1-2 viikkoa pentujen luovutuksen j\u00e4lkeen uuteen kotiin. Mik\u00e4li el\u00e4insuojeluyhdistys hoitaa emon steriloinnin, on t\u00e4m\u00e4 sijaiskodissa viel\u00e4 hiukan pidemp\u00e4\u00e4n. My\u00f6s emokissoille tulee laittaa tehosterokotus nelj\u00e4n viikon kuluttua.<\/p>\n\n\n\n<p>Mik\u00e4li uusi koti ei syyst\u00e4 tai toisesta pysty pit\u00e4m\u00e4\u00e4n kissaa, tulee h\u00e4nen ilmoittaa siit\u00e4 el\u00e4insuojeluyhdistykselle. Yhdess\u00e4 sovitaan t\u00e4ll\u00f6in, miten asiassa edet\u00e4\u00e4n. Yhdistys voi auttaa uuden kodin etsinn\u00e4ss\u00e4 tai mik\u00e4li muuta vaihtoehtoa ei l\u00f6ydy, kissalle pyrit\u00e4\u00e4n l\u00f6yt\u00e4m\u00e4\u00e4n sijaiskoti.<br>\u00a0<br>Jos olet kiinnostunut tulemaan mukaan sijaiskotitoimintaan, tarkempia tietoja saat soittamalla sijaiskotivastaavalle Tiuku Puro, puh. 041 481 0837.<\/p>\n","protected":false},"excerpt":{"rendered":"<p>Etsimme sijaiskoteja&nbsp;kissoille Urjalan el\u00e4insuojeluyhdistyksen sijaiskotikissat tulevat monesta eri paikasta. Jotkut tulevat l\u00f6yt\u00f6el\u00e4inkodista, osa yksityisten ihmisten luovuttamina, osa loukutetaan yhdistyksen toimesta ja toiset vain ilmaantuvat ihmisten nurkkiin. Kaikki ovat kuitenkin l\u00f6yt\u00f6el\u00e4inkodin tiedossa, jotta mahdollinen omistaja voi kissansa saada takaisin. Kissoista my\u00f6s ilmoitetaan Karkurit -sivustolla ja yhdistyksen facebook-sivuilla sek\u00e4 kotisivuilla. Valitettavan harva kuitenkin kotiinsa palautuu. Osa kissoista [&hellip;]<\/p>\n","protected":false},"author":8,"featured_media":0,"parent":32,"menu_order":0,"comment_status":"closed","ping_status":"closed","template":"","meta":{"_acf_changed":false,"footnotes":""},"class_list":["post-36","page","type-page","status-publish","hentry"],"acf":[],"yoast_head":"<!-- This site is optimized with the Yoast SEO plugin v27.1.1 - https:\/\/yoast.com\/product\/yoast-seo-wordpress\/ -->\n<title>Sijaiskotitoiminta - Urjalan el\u00e4insuojeluyhdistys<\/title>\n<meta name=\"robots\" content=\"index, follow, max-snippet:-1, max-image-preview:large, max-video-preview:-1\" \/>\n<link rel=\"canonical\" href=\"https:\/\/sey.fi\/urjala\/urjalan-elainsuojelu\/tue-toimintaa\/sijaiskotitoiminta\/\" \/>\n<meta property=\"og:locale\" content=\"fi_FI\" \/>\n<meta property=\"og:type\" content=\"article\" \/>\n<meta property=\"og:title\" content=\"Sijaiskotitoiminta - Urjalan el\u00e4insuojeluyhdistys\" \/>\n<meta property=\"og:description\" content=\"Etsimme sijaiskoteja&nbsp;kissoille Urjalan el\u00e4insuojeluyhdistyksen sijaiskotikissat tulevat monesta eri paikasta. Jotkut tulevat l\u00f6yt\u00f6el\u00e4inkodista, osa yksityisten ihmisten luovuttamina, osa loukutetaan yhdistyksen toimesta ja toiset vain ilmaantuvat ihmisten nurkkiin. Kaikki ovat kuitenkin l\u00f6yt\u00f6el\u00e4inkodin tiedossa, jotta mahdollinen omistaja voi kissansa saada takaisin. Kissoista my\u00f6s ilmoitetaan Karkurit -sivustolla ja yhdistyksen facebook-sivuilla sek\u00e4 kotisivuilla. Valitettavan harva kuitenkin kotiinsa palautuu. Osa kissoista [&hellip;]\" \/>\n<meta property=\"og:url\" content=\"https:\/\/sey.fi\/urjala\/urjalan-elainsuojelu\/tue-toimintaa\/sijaiskotitoiminta\/\" \/>\n<meta property=\"og:site_name\" content=\"Urjalan el\u00e4insuojeluyhdistys\" \/>\n<meta property=\"article:modified_time\" content=\"2026-04-22T19:06:09+00:00\" \/>\n<meta name=\"twitter:card\" content=\"summary_large_image\" \/>\n<meta name=\"twitter:label1\" content=\"Arvioitu lukuaika\" \/>\n\t<meta name=\"twitter:data1\" content=\"4 minuuttia\" \/>\n<script type=\"application\/ld+json\" class=\"yoast-schema-graph\">{\"@context\":\"https:\/\/schema.org\",\"@graph\":[{\"@type\":\"WebPage\",\"@id\":\"https:\/\/sey.fi\/urjala\/urjalan-elainsuojelu\/tue-toimintaa\/sijaiskotitoiminta\/\",\"url\":\"https:\/\/sey.fi\/urjala\/urjalan-elainsuojelu\/tue-toimintaa\/sijaiskotitoiminta\/\",\"name\":\"Sijaiskotitoiminta - Urjalan el\u00e4insuojeluyhdistys\",\"isPartOf\":{\"@id\":\"https:\/\/sey.fi\/urjala\/#website\"},\"datePublished\":\"2019-11-22T14:29:45+00:00\",\"dateModified\":\"2026-04-22T19:06:09+00:00\",\"breadcrumb\":{\"@id\":\"https:\/\/sey.fi\/urjala\/urjalan-elainsuojelu\/tue-toimintaa\/sijaiskotitoiminta\/#breadcrumb\"},\"inLanguage\":\"fi\",\"potentialAction\":[{\"@type\":\"ReadAction\",\"target\":[\"https:\/\/sey.fi\/urjala\/urjalan-elainsuojelu\/tue-toimintaa\/sijaiskotitoiminta\/\"]}]},{\"@type\":\"BreadcrumbList\",\"@id\":\"https:\/\/sey.fi\/urjala\/urjalan-elainsuojelu\/tue-toimintaa\/sijaiskotitoiminta\/#breadcrumb\",\"itemListElement\":[{\"@type\":\"ListItem\",\"position\":1,\"name\":\"Home\",\"item\":\"https:\/\/sey.fi\/urjala\/\"},{\"@type\":\"ListItem\",\"position\":2,\"name\":\"Urjalan El\u00e4insuojeluyhdistys\",\"item\":\"https:\/\/sey.fi\/urjala\/\"},{\"@type\":\"ListItem\",\"position\":3,\"name\":\"Tue toimintaa\",\"item\":\"https:\/\/sey.fi\/urjala\/urjalan-elainsuojelu\/tue-toimintaa\/\"},{\"@type\":\"ListItem\",\"position\":4,\"name\":\"Sijaiskotitoiminta\"}]},{\"@type\":\"WebSite\",\"@id\":\"https:\/\/sey.fi\/urjala\/#website\",\"url\":\"https:\/\/sey.fi\/urjala\/\",\"name\":\"Urjalan el\u00e4insuojeluyhdistys\",\"description\":\"Uusi SEY J\u00e4senyhdistykset -sivusto\",\"potentialAction\":[{\"@type\":\"SearchAction\",\"target\":{\"@type\":\"EntryPoint\",\"urlTemplate\":\"https:\/\/sey.fi\/urjala\/?s={search_term_string}\"},\"query-input\":{\"@type\":\"PropertyValueSpecification\",\"valueRequired\":true,\"valueName\":\"search_term_string\"}}],\"inLanguage\":\"fi\"}]}<\/script>\n<!-- \/ Yoast SEO plugin. -->","yoast_head_json":{"title":"Sijaiskotitoiminta - Urjalan el\u00e4insuojeluyhdistys","robots":{"index":"index","follow":"follow","max-snippet":"max-snippet:-1","max-image-preview":"max-image-preview:large","max-video-preview":"max-video-preview:-1"},"canonical":"https:\/\/sey.fi\/urjala\/urjalan-elainsuojelu\/tue-toimintaa\/sijaiskotitoiminta\/","og_locale":"fi_FI","og_type":"article","og_title":"Sijaiskotitoiminta - Urjalan el\u00e4insuojeluyhdistys","og_description":"Etsimme sijaiskoteja&nbsp;kissoille Urjalan el\u00e4insuojeluyhdistyksen sijaiskotikissat tulevat monesta eri paikasta. Jotkut tulevat l\u00f6yt\u00f6el\u00e4inkodista, osa yksityisten ihmisten luovuttamina, osa loukutetaan yhdistyksen toimesta ja toiset vain ilmaantuvat ihmisten nurkkiin. Kaikki ovat kuitenkin l\u00f6yt\u00f6el\u00e4inkodin tiedossa, jotta mahdollinen omistaja voi kissansa saada takaisin. Kissoista my\u00f6s ilmoitetaan Karkurit -sivustolla ja yhdistyksen facebook-sivuilla sek\u00e4 kotisivuilla. Valitettavan harva kuitenkin kotiinsa palautuu. Osa kissoista [&hellip;]","og_url":"https:\/\/sey.fi\/urjala\/urjalan-elainsuojelu\/tue-toimintaa\/sijaiskotitoiminta\/","og_site_name":"Urjalan el\u00e4insuojeluyhdistys","article_modified_time":"2026-04-22T19:06:09+00:00","twitter_card":"summary_large_image","twitter_misc":{"Arvioitu lukuaika":"4 minuuttia"},"schema":{"@context":"https:\/\/schema.org","@graph":[{"@type":"WebPage","@id":"https:\/\/sey.fi\/urjala\/urjalan-elainsuojelu\/tue-toimintaa\/sijaiskotitoiminta\/","url":"https:\/\/sey.fi\/urjala\/urjalan-elainsuojelu\/tue-toimintaa\/sijaiskotitoiminta\/","name":"Sijaiskotitoiminta - Urjalan el\u00e4insuojeluyhdistys","isPartOf":{"@id":"https:\/\/sey.fi\/urjala\/#website"},"datePublished":"2019-11-22T14:29:45+00:00","dateModified":"2026-04-22T19:06:09+00:00","breadcrumb":{"@id":"https:\/\/sey.fi\/urjala\/urjalan-elainsuojelu\/tue-toimintaa\/sijaiskotitoiminta\/#breadcrumb"},"inLanguage":"fi","potentialAction":[{"@type":"ReadAction","target":["https:\/\/sey.fi\/urjala\/urjalan-elainsuojelu\/tue-toimintaa\/sijaiskotitoiminta\/"]}]},{"@type":"BreadcrumbList","@id":"https:\/\/sey.fi\/urjala\/urjalan-elainsuojelu\/tue-toimintaa\/sijaiskotitoiminta\/#breadcrumb","itemListElement":[{"@type":"ListItem","position":1,"name":"Home","item":"https:\/\/sey.fi\/urjala\/"},{"@type":"ListItem","position":2,"name":"Urjalan El\u00e4insuojeluyhdistys","item":"https:\/\/sey.fi\/urjala\/"},{"@type":"ListItem","position":3,"name":"Tue toimintaa","item":"https:\/\/sey.fi\/urjala\/urjalan-elainsuojelu\/tue-toimintaa\/"},{"@type":"ListItem","position":4,"name":"Sijaiskotitoiminta"}]},{"@type":"WebSite","@id":"https:\/\/sey.fi\/urjala\/#website","url":"https:\/\/sey.fi\/urjala\/","name":"Urjalan el\u00e4insuojeluyhdistys","description":"Uusi SEY J\u00e4senyhdistykset -sivusto","potentialAction":[{"@type":"SearchAction","target":{"@type":"EntryPoint","urlTemplate":"https:\/\/sey.fi\/urjala\/?s={search_term_string}"},"query-input":{"@type":"PropertyValueSpecification","valueRequired":true,"valueName":"search_term_string"}}],"inLanguage":"fi"}]}},"_links":{"self":[{"href":"https:\/\/sey.fi\/urjala\/wp-json\/wp\/v2\/pages\/36","targetHints":{"allow":["GET"]}}],"collection":[{"href":"https:\/\/sey.fi\/urjala\/wp-json\/wp\/v2\/pages"}],"about":[{"href":"https:\/\/sey.fi\/urjala\/wp-json\/wp\/v2\/types\/page"}],"author":[{"embeddable":true,"href":"https:\/\/sey.fi\/urjala\/wp-json\/wp\/v2\/users\/8"}],"replies":[{"embeddable":true,"href":"https:\/\/sey.fi\/urjala\/wp-json\/wp\/v2\/comments?post=36"}],"version-history":[{"count":4,"href":"https:\/\/sey.fi\/urjala\/wp-json\/wp\/v2\/pages\/36\/revisions"}],"predecessor-version":[{"id":274,"href":"https:\/\/sey.fi\/urjala\/wp-json\/wp\/v2\/pages\/36\/revisions\/274"}],"up":[{"embeddable":true,"href":"https:\/\/sey.fi\/urjala\/wp-json\/wp\/v2\/pages\/32"}],"wp:attachment":[{"href":"https:\/\/sey.fi\/urjala\/wp-json\/wp\/v2\/media?parent=36"}],"curies":[{"name":"wp","href":"https:\/\/api.w.org\/{rel}","templated":true}]}}