{"id":38,"date":"2019-11-22T16:30:14","date_gmt":"2019-11-22T14:30:14","guid":{"rendered":"http:\/\/srvr10.xetpoint.com\/~seyfi\/urjala\/?page_id=38"},"modified":"2026-04-24T05:59:22","modified_gmt":"2026-04-24T02:59:22","slug":"kotia-etsivat","status":"publish","type":"page","link":"https:\/\/sey.fi\/urjala\/urjalan-elainsuojelu\/kotia-etsivat\/","title":{"rendered":"Kotia etsiv\u00e4t"},"content":{"rendered":"\n<p>Ilmoitamme kotia etsivist\u00e4 el\u00e4imist\u00e4 <a href=\"https:\/\/www.kodittomat.info\" id=\"https:\/\/www.kodittomat.info\">Kodittomat.info<\/a>-sivustolla.<\/p>\n\n\n<div class=\"wp-block-image\">\n<figure class=\"alignleft size-large is-resized\"><img loading=\"lazy\" decoding=\"async\" width=\"960\" height=\"756\" src=\"https:\/\/sey.fi\/wp-content\/uploads\/sites\/32\/2020\/12\/severi.jpg\" alt=\"\" class=\"wp-image-119\" style=\"width:344px;height:270px\" srcset=\"https:\/\/sey.fi\/wp-content\/uploads\/sites\/32\/2020\/12\/severi.jpg 960w, https:\/\/sey.fi\/wp-content\/uploads\/sites\/32\/2020\/12\/severi-300x236.jpg 300w, https:\/\/sey.fi\/wp-content\/uploads\/sites\/32\/2020\/12\/severi-768x605.jpg 768w\" sizes=\"auto, (max-width: 960px) 100vw, 960px\" \/><\/figure><\/div>\n\n\n<h2 class=\"wp-block-heading\">Kissojen hinnat<\/h2>\n\n\n\n<p>Aikuinen 200 \u20ac<br>Kissanpentu 250 \u20ac<br>Kaksi kissanpentua samaan kotiin 400 \u20ac<br>Kaksi aikuista kissaa samaan kotiin 350 \u20ac<\/p>\n\n\n\n<p>Luovutettavat kissat ovat aina loish\u00e4\u00e4dettyj\u00e4, rokotettuja, mikrosirutettuja, el\u00e4inl\u00e4\u00e4k\u00e4rin tarkistamia sek\u00e4 leikattuja. Kissanpentujen kohdalla voimme sopia my\u00f6s el\u00e4inl\u00e4\u00e4k\u00e4rin leikkaustodistuksen toimittamisesta yhdistyksemme sijaiskotivastaavalle.<\/p>\n\n\n\n<h2 class=\"wp-block-heading\">Rekister\u00f6itynyt el\u00e4inpit\u00e4j\u00e4<\/h2>\n\n\n\n<p>Urjalan el\u00e4insuojeluyhdistys on rekister\u00f6itynyt el\u00e4intenpit\u00e4j\u00e4-ja pitopaikkarekisteriin. Pitopaikkarekisterin asiakastunnuksemme&nbsp;on 25034190.<\/p>\n","protected":false},"excerpt":{"rendered":"<p>Ilmoitamme kotia etsivist\u00e4 el\u00e4imist\u00e4 Kodittomat.info-sivustolla. Kissojen hinnat Aikuinen 200 \u20acKissanpentu 250 \u20acKaksi kissanpentua samaan kotiin 400 \u20acKaksi aikuista kissaa samaan kotiin 350 \u20ac Luovutettavat kissat ovat aina loish\u00e4\u00e4dettyj\u00e4, rokotettuja, mikrosirutettuja, el\u00e4inl\u00e4\u00e4k\u00e4rin tarkistamia sek\u00e4 leikattuja. Kissanpentujen kohdalla voimme sopia my\u00f6s el\u00e4inl\u00e4\u00e4k\u00e4rin leikkaustodistuksen toimittamisesta yhdistyksemme sijaiskotivastaavalle. Rekister\u00f6itynyt el\u00e4inpit\u00e4j\u00e4 Urjalan el\u00e4insuojeluyhdistys on rekister\u00f6itynyt el\u00e4intenpit\u00e4j\u00e4-ja pitopaikkarekisteriin. Pitopaikkarekisterin asiakastunnuksemme&nbsp;on 25034190.<\/p>\n","protected":false},"author":8,"featured_media":0,"parent":2,"menu_order":0,"comment_status":"closed","ping_status":"closed","template":"","meta":{"_acf_changed":false,"footnotes":""},"class_list":["post-38","page","type-page","status-publish","hentry"],"acf":[],"yoast_head":"<!-- This site is optimized with the Yoast SEO plugin v27.1.1 - https:\/\/yoast.com\/product\/yoast-seo-wordpress\/ -->\n<title>Kotia etsiv\u00e4t - Urjalan el\u00e4insuojeluyhdistys<\/title>\n<meta name=\"robots\" content=\"index, follow, max-snippet:-1, max-image-preview:large, max-video-preview:-1\" \/>\n<link rel=\"canonical\" href=\"https:\/\/sey.fi\/urjala\/urjalan-elainsuojelu\/kotia-etsivat\/\" \/>\n<meta property=\"og:locale\" content=\"fi_FI\" \/>\n<meta property=\"og:type\" content=\"article\" \/>\n<meta property=\"og:title\" content=\"Kotia etsiv\u00e4t - Urjalan el\u00e4insuojeluyhdistys\" \/>\n<meta property=\"og:description\" content=\"Ilmoitamme kotia etsivist\u00e4 el\u00e4imist\u00e4 Kodittomat.info-sivustolla. Kissojen hinnat Aikuinen 200 \u20acKissanpentu 250 \u20acKaksi kissanpentua samaan kotiin 400 \u20acKaksi aikuista kissaa samaan kotiin 350 \u20ac Luovutettavat kissat ovat aina loish\u00e4\u00e4dettyj\u00e4, rokotettuja, mikrosirutettuja, el\u00e4inl\u00e4\u00e4k\u00e4rin tarkistamia sek\u00e4 leikattuja. Kissanpentujen kohdalla voimme sopia my\u00f6s el\u00e4inl\u00e4\u00e4k\u00e4rin leikkaustodistuksen toimittamisesta yhdistyksemme sijaiskotivastaavalle. Rekister\u00f6itynyt el\u00e4inpit\u00e4j\u00e4 Urjalan el\u00e4insuojeluyhdistys on rekister\u00f6itynyt el\u00e4intenpit\u00e4j\u00e4-ja pitopaikkarekisteriin. Pitopaikkarekisterin asiakastunnuksemme&nbsp;on 25034190.\" \/>\n<meta property=\"og:url\" content=\"https:\/\/sey.fi\/urjala\/urjalan-elainsuojelu\/kotia-etsivat\/\" \/>\n<meta property=\"og:site_name\" content=\"Urjalan el\u00e4insuojeluyhdistys\" \/>\n<meta property=\"article:modified_time\" content=\"2026-04-24T02:59:22+00:00\" \/>\n<meta property=\"og:image\" content=\"https:\/\/sey.fi\/wp-content\/uploads\/sites\/32\/2020\/12\/severi.jpg\" \/>\n\t<meta property=\"og:image:width\" content=\"960\" \/>\n\t<meta property=\"og:image:height\" content=\"756\" \/>\n\t<meta property=\"og:image:type\" content=\"image\/jpeg\" \/>\n<meta name=\"twitter:card\" content=\"summary_large_image\" \/>\n<meta name=\"twitter:label1\" content=\"Arvioitu lukuaika\" \/>\n\t<meta name=\"twitter:data1\" content=\"1 minuutti\" \/>\n<script type=\"application\/ld+json\" class=\"yoast-schema-graph\">{\"@context\":\"https:\/\/schema.org\",\"@graph\":[{\"@type\":\"WebPage\",\"@id\":\"https:\/\/sey.fi\/urjala\/urjalan-elainsuojelu\/kotia-etsivat\/\",\"url\":\"https:\/\/sey.fi\/urjala\/urjalan-elainsuojelu\/kotia-etsivat\/\",\"name\":\"Kotia etsiv\u00e4t - Urjalan el\u00e4insuojeluyhdistys\",\"isPartOf\":{\"@id\":\"https:\/\/sey.fi\/urjala\/#website\"},\"primaryImageOfPage\":{\"@id\":\"https:\/\/sey.fi\/urjala\/urjalan-elainsuojelu\/kotia-etsivat\/#primaryimage\"},\"image\":{\"@id\":\"https:\/\/sey.fi\/urjala\/urjalan-elainsuojelu\/kotia-etsivat\/#primaryimage\"},\"thumbnailUrl\":\"https:\/\/sey.fi\/wp-content\/uploads\/sites\/32\/2020\/12\/severi.jpg\",\"datePublished\":\"2019-11-22T14:30:14+00:00\",\"dateModified\":\"2026-04-24T02:59:22+00:00\",\"breadcrumb\":{\"@id\":\"https:\/\/sey.fi\/urjala\/urjalan-elainsuojelu\/kotia-etsivat\/#breadcrumb\"},\"inLanguage\":\"fi\",\"potentialAction\":[{\"@type\":\"ReadAction\",\"target\":[\"https:\/\/sey.fi\/urjala\/urjalan-elainsuojelu\/kotia-etsivat\/\"]}]},{\"@type\":\"ImageObject\",\"inLanguage\":\"fi\",\"@id\":\"https:\/\/sey.fi\/urjala\/urjalan-elainsuojelu\/kotia-etsivat\/#primaryimage\",\"url\":\"https:\/\/sey.fi\/wp-content\/uploads\/sites\/32\/2020\/12\/severi.jpg\",\"contentUrl\":\"https:\/\/sey.fi\/wp-content\/uploads\/sites\/32\/2020\/12\/severi.jpg\"},{\"@type\":\"BreadcrumbList\",\"@id\":\"https:\/\/sey.fi\/urjala\/urjalan-elainsuojelu\/kotia-etsivat\/#breadcrumb\",\"itemListElement\":[{\"@type\":\"ListItem\",\"position\":1,\"name\":\"Home\",\"item\":\"https:\/\/sey.fi\/urjala\/\"},{\"@type\":\"ListItem\",\"position\":2,\"name\":\"Urjalan El\u00e4insuojeluyhdistys\",\"item\":\"https:\/\/sey.fi\/urjala\/\"},{\"@type\":\"ListItem\",\"position\":3,\"name\":\"Kotia etsiv\u00e4t\"}]},{\"@type\":\"WebSite\",\"@id\":\"https:\/\/sey.fi\/urjala\/#website\",\"url\":\"https:\/\/sey.fi\/urjala\/\",\"name\":\"Urjalan el\u00e4insuojeluyhdistys\",\"description\":\"Uusi SEY J\u00e4senyhdistykset -sivusto\",\"potentialAction\":[{\"@type\":\"SearchAction\",\"target\":{\"@type\":\"EntryPoint\",\"urlTemplate\":\"https:\/\/sey.fi\/urjala\/?s={search_term_string}\"},\"query-input\":{\"@type\":\"PropertyValueSpecification\",\"valueRequired\":true,\"valueName\":\"search_term_string\"}}],\"inLanguage\":\"fi\"}]}<\/script>\n<!-- \/ Yoast SEO plugin. -->","yoast_head_json":{"title":"Kotia etsiv\u00e4t - Urjalan el\u00e4insuojeluyhdistys","robots":{"index":"index","follow":"follow","max-snippet":"max-snippet:-1","max-image-preview":"max-image-preview:large","max-video-preview":"max-video-preview:-1"},"canonical":"https:\/\/sey.fi\/urjala\/urjalan-elainsuojelu\/kotia-etsivat\/","og_locale":"fi_FI","og_type":"article","og_title":"Kotia etsiv\u00e4t - Urjalan el\u00e4insuojeluyhdistys","og_description":"Ilmoitamme kotia etsivist\u00e4 el\u00e4imist\u00e4 Kodittomat.info-sivustolla. Kissojen hinnat Aikuinen 200 \u20acKissanpentu 250 \u20acKaksi kissanpentua samaan kotiin 400 \u20acKaksi aikuista kissaa samaan kotiin 350 \u20ac Luovutettavat kissat ovat aina loish\u00e4\u00e4dettyj\u00e4, rokotettuja, mikrosirutettuja, el\u00e4inl\u00e4\u00e4k\u00e4rin tarkistamia sek\u00e4 leikattuja. Kissanpentujen kohdalla voimme sopia my\u00f6s el\u00e4inl\u00e4\u00e4k\u00e4rin leikkaustodistuksen toimittamisesta yhdistyksemme sijaiskotivastaavalle. Rekister\u00f6itynyt el\u00e4inpit\u00e4j\u00e4 Urjalan el\u00e4insuojeluyhdistys on rekister\u00f6itynyt el\u00e4intenpit\u00e4j\u00e4-ja pitopaikkarekisteriin. Pitopaikkarekisterin asiakastunnuksemme&nbsp;on 25034190.","og_url":"https:\/\/sey.fi\/urjala\/urjalan-elainsuojelu\/kotia-etsivat\/","og_site_name":"Urjalan el\u00e4insuojeluyhdistys","article_modified_time":"2026-04-24T02:59:22+00:00","og_image":[{"width":960,"height":756,"url":"https:\/\/sey.fi\/wp-content\/uploads\/sites\/32\/2020\/12\/severi.jpg","type":"image\/jpeg"}],"twitter_card":"summary_large_image","twitter_misc":{"Arvioitu lukuaika":"1 minuutti"},"schema":{"@context":"https:\/\/schema.org","@graph":[{"@type":"WebPage","@id":"https:\/\/sey.fi\/urjala\/urjalan-elainsuojelu\/kotia-etsivat\/","url":"https:\/\/sey.fi\/urjala\/urjalan-elainsuojelu\/kotia-etsivat\/","name":"Kotia etsiv\u00e4t - Urjalan el\u00e4insuojeluyhdistys","isPartOf":{"@id":"https:\/\/sey.fi\/urjala\/#website"},"primaryImageOfPage":{"@id":"https:\/\/sey.fi\/urjala\/urjalan-elainsuojelu\/kotia-etsivat\/#primaryimage"},"image":{"@id":"https:\/\/sey.fi\/urjala\/urjalan-elainsuojelu\/kotia-etsivat\/#primaryimage"},"thumbnailUrl":"https:\/\/sey.fi\/wp-content\/uploads\/sites\/32\/2020\/12\/severi.jpg","datePublished":"2019-11-22T14:30:14+00:00","dateModified":"2026-04-24T02:59:22+00:00","breadcrumb":{"@id":"https:\/\/sey.fi\/urjala\/urjalan-elainsuojelu\/kotia-etsivat\/#breadcrumb"},"inLanguage":"fi","potentialAction":[{"@type":"ReadAction","target":["https:\/\/sey.fi\/urjala\/urjalan-elainsuojelu\/kotia-etsivat\/"]}]},{"@type":"ImageObject","inLanguage":"fi","@id":"https:\/\/sey.fi\/urjala\/urjalan-elainsuojelu\/kotia-etsivat\/#primaryimage","url":"https:\/\/sey.fi\/wp-content\/uploads\/sites\/32\/2020\/12\/severi.jpg","contentUrl":"https:\/\/sey.fi\/wp-content\/uploads\/sites\/32\/2020\/12\/severi.jpg"},{"@type":"BreadcrumbList","@id":"https:\/\/sey.fi\/urjala\/urjalan-elainsuojelu\/kotia-etsivat\/#breadcrumb","itemListElement":[{"@type":"ListItem","position":1,"name":"Home","item":"https:\/\/sey.fi\/urjala\/"},{"@type":"ListItem","position":2,"name":"Urjalan El\u00e4insuojeluyhdistys","item":"https:\/\/sey.fi\/urjala\/"},{"@type":"ListItem","position":3,"name":"Kotia etsiv\u00e4t"}]},{"@type":"WebSite","@id":"https:\/\/sey.fi\/urjala\/#website","url":"https:\/\/sey.fi\/urjala\/","name":"Urjalan el\u00e4insuojeluyhdistys","description":"Uusi SEY J\u00e4senyhdistykset -sivusto","potentialAction":[{"@type":"SearchAction","target":{"@type":"EntryPoint","urlTemplate":"https:\/\/sey.fi\/urjala\/?s={search_term_string}"},"query-input":{"@type":"PropertyValueSpecification","valueRequired":true,"valueName":"search_term_string"}}],"inLanguage":"fi"}]}},"_links":{"self":[{"href":"https:\/\/sey.fi\/urjala\/wp-json\/wp\/v2\/pages\/38","targetHints":{"allow":["GET"]}}],"collection":[{"href":"https:\/\/sey.fi\/urjala\/wp-json\/wp\/v2\/pages"}],"about":[{"href":"https:\/\/sey.fi\/urjala\/wp-json\/wp\/v2\/types\/page"}],"author":[{"embeddable":true,"href":"https:\/\/sey.fi\/urjala\/wp-json\/wp\/v2\/users\/8"}],"replies":[{"embeddable":true,"href":"https:\/\/sey.fi\/urjala\/wp-json\/wp\/v2\/comments?post=38"}],"version-history":[{"count":8,"href":"https:\/\/sey.fi\/urjala\/wp-json\/wp\/v2\/pages\/38\/revisions"}],"predecessor-version":[{"id":297,"href":"https:\/\/sey.fi\/urjala\/wp-json\/wp\/v2\/pages\/38\/revisions\/297"}],"up":[{"embeddable":true,"href":"https:\/\/sey.fi\/urjala\/wp-json\/wp\/v2\/pages\/2"}],"wp:attachment":[{"href":"https:\/\/sey.fi\/urjala\/wp-json\/wp\/v2\/media?parent=38"}],"curies":[{"name":"wp","href":"https:\/\/api.w.org\/{rel}","templated":true}]}}